{"id":1214,"date":"2025-05-20T07:32:08","date_gmt":"2025-05-20T07:32:08","guid":{"rendered":"https:\/\/wisecnclaser.com\/product\/dnk-blue-shoes\/"},"modified":"2025-11-25T06:10:25","modified_gmt":"2025-11-25T06:10:25","slug":"dnk-blue-shoes","status":"publish","type":"product","link":"https:\/\/wisecnclaser.com\/pl\/produkt\/dnk-blue-shoes\/","title":{"rendered":"WS3030 5-osiowa maszyna CNC do ci\u0119cia pianki EPS gor\u0105cym drutem"},"content":{"rendered":"<p>Cechy 5-osiowej maszyny cnc do ci\u0119cia pianki gor\u0105cym drutem:<\/p>\n<p>1. Ta maszyna przyjmuje okr\u0105g\u0142e orbity, podw\u00f3jne rz\u0119dy i cztery kolumny blok\u00f3w kulkowych. Du\u017ca no\u015bno\u015b\u0107, p\u0142ynna praca, wysoka precyzja i d\u0142uga \u017cywotno\u015b\u0107. Importowana \u015bruba kulowa o wysokiej precyzji, dok\u0142adne ci\u0119cie.<\/p>\n<p>2. Ca\u0142a gruba kwadratowa konstrukcja rurowa i brak deformacji, konstrukcja stalowa i spawanie naukowe, og\u00f3lnie brak deformacji.<\/p>\n<p>3. Przyjmuje wysoce elastyczny, odporny na zginanie kabel. I importuj trwa\u0142e komponenty elektroniczne. Ca\u0142a konstrukcja elektroniczna maszyny spe\u0142nia europejsk\u0105 norm\u0119 CE Oddzielna skrzynka kontrolna z niezawodnym systemem ochrony bezpiecze\u0144stwa.<\/p>\n<p>4. \u0141atwy do opanowania system sterowania dsp<\/p>\n<p>5. potencja\u0142 silnika, osi\u0105gni\u0119cie sta\u0142ej pr\u0119dko\u015bci obr\u00f3bki, krzywe i liniowe synchroniczne, a krzywa jest bardziej doskona\u0142a.<\/p>\n<p>6. szybki silnik krokowy i nap\u0119dy, dzi\u0119ki czemu pozwala na sta\u0142\u0105 i stabiln\u0105 prac\u0119<\/p>\n<p><strong>Zastosowanie maszyny do ci\u0119cia gor\u0105cym drutem cnc pianki:<\/strong><\/p>\n<p>u\u017cywany do ci\u0119cia pianki EPS (polistyrenu ekspandowanego), mo\u017ce by\u0107 stosowany do kszta\u0142t\u00f3w architektonicznych, formowania koron, kolumn, makiet, kapilar, medalion\u00f3w. P\u0142yty warstwowe EPS i XPS do pokry\u0107 dachowych i konstrukcji. Opakowania i modelarze, nadz\u00f3r, UAV, RC, skrzyd\u0142a, rdzenie i p\u0142aty. Parki rozrywki. Lotnictwo i kosmonautyka, wydzia\u0142y architektury i mechaniki na uniwersytetach i uczelniach, znaki pomnikowe, znaki 3D, logo, litery, rekwizyty, prototypowanie, eksponaty muzealne, targi \u0141odzie, deski surfingowe, kajaki i deski do wios\u0142owania.<\/p>\n<p><strong>\u00a0<\/strong><\/p>\n<table border=\"1\">\n<tbody>\n<tr class=\"firstRow\">\n<td colspan=\"2\" valign=\"center\" width=\"662\"><strong>Parametry techniczne maszyny do ci\u0119cia pianki EPS na gor\u0105co WS3030:<\/strong><\/td>\n<\/tr>\n<tr>\n<td valign=\"top\" width=\"208\">Obszar ci\u0119cia<\/td>\n<td valign=\"top\" width=\"454\">D\u0142ugo\u015b\u0107 3000 mm*szeroko\u015b\u0107 3000 mm*wysoko\u015b\u0107 1300 mm<\/td>\n<\/tr>\n<tr>\n<td valign=\"top\" width=\"208\">Powierzchnia sto\u0142u<\/td>\n<td valign=\"top\" width=\"454\">St\u00f3\u0142 PVC<\/td>\n<\/tr>\n<tr>\n<td valign=\"top\" width=\"208\">Dok\u0142adno\u015b\u0107 pozycjonowania w ruchu<\/td>\n<td valign=\"top\" width=\"454\">\u00b10,03 mm<\/td>\n<\/tr>\n<tr>\n<td valign=\"top\" width=\"208\">Dok\u0142adno\u015b\u0107 pozycjonowania<\/td>\n<td valign=\"top\" width=\"454\">\u00b10,02 mm<\/td>\n<\/tr>\n<tr>\n<td valign=\"top\" width=\"208\">Robocza rozdzielczo\u015b\u0107 dpi<\/td>\n<td valign=\"top\" width=\"454\">\u00b10,04 mm<\/td>\n<\/tr>\n<tr>\n<td valign=\"top\" width=\"208\">Pr\u0119dko\u015b\u0107 obrotowa<\/td>\n<td valign=\"top\" width=\"454\">0-6000 mm\/min<\/td>\n<\/tr>\n<tr>\n<td valign=\"top\" width=\"208\">Struktura maszyny<\/td>\n<td valign=\"top\" width=\"454\">Gruba spawana stal<\/td>\n<\/tr>\n<tr>\n<td valign=\"top\" width=\"208\">Polecenie<\/td>\n<td valign=\"top\" width=\"454\">G-code*.u00*.mmg*.plt<\/td>\n<\/tr>\n<tr>\n<td valign=\"top\" width=\"208\">Napi\u0119cie robocze<\/td>\n<td valign=\"top\" width=\"454\">AC220V\/20HZ<\/td>\n<\/tr>\n<tr>\n<td valign=\"top\" width=\"208\">Waga z opakowaniem<\/td>\n<td valign=\"top\" width=\"454\">850KGS<\/td>\n<\/tr>\n<tr>\n<td valign=\"top\" width=\"208\">Rozmiar opakowania<\/td>\n<td valign=\"top\" width=\"454\">1.6*3.9*1.7M<\/td>\n<\/tr>\n<tr>\n<td valign=\"top\" width=\"208\">System kontroli<\/td>\n<td valign=\"top\" width=\"454\">Dsp offline lub Mach3<\/td>\n<\/tr>\n<tr>\n<td valign=\"top\" width=\"208\">Szyna prowadz\u0105ca<\/td>\n<td valign=\"top\" width=\"454\">Przewodnik po kwadratach<\/td>\n<\/tr>\n<tr>\n<td valign=\"top\" width=\"208\">Wilgotno\u015b\u0107<\/td>\n<td valign=\"top\" width=\"454\">10%-90% (bez kondensacji)<\/td>\n<\/tr>\n<tr>\n<td valign=\"top\" width=\"208\">Temperatura<\/td>\n<td valign=\"top\" width=\"454\">10-50\u2103<\/td>\n<\/tr>\n<tr>\n<td valign=\"top\" width=\"208\">Skrzynia bieg\u00f3w<\/td>\n<td valign=\"top\" width=\"454\">Ma\u0142a skrzynia bieg\u00f3w<\/td>\n<\/tr>\n<tr>\n<td valign=\"top\" width=\"208\">Transmisja<\/td>\n<td valign=\"top\" width=\"454\">\u015aruba kulowa<\/td>\n<\/tr>\n<tr>\n<td valign=\"top\" width=\"208\">Waga netto<\/td>\n<td valign=\"top\" width=\"454\">600KGS<\/td>\n<\/tr>\n<tr>\n<td valign=\"top\" width=\"208\">Regulator<\/td>\n<td valign=\"top\" width=\"454\">1000W<\/td>\n<\/tr>\n<tr>\n<td valign=\"top\" width=\"208\">Uwaga<\/td>\n<td valign=\"top\" width=\"454\">Ekonomiczny<\/td>\n<\/tr>\n<tr>\n<td valign=\"top\" width=\"208\">Ko\u0142o synchroniczne x,y<\/td>\n<td valign=\"top\" width=\"454\">5M,1:5<\/td>\n<\/tr>\n<tr>\n<td valign=\"top\" width=\"208\">Pasek synchroniczny<\/td>\n<td valign=\"top\" width=\"454\">5M-285<\/td>\n<\/tr>\n<tr>\n<td valign=\"top\" width=\"208\">Ko\u0142o synchroniczne Z<\/td>\n<td valign=\"top\" width=\"454\">Ko\u0142o 5M 20<\/td>\n<\/tr>\n<tr>\n<td valign=\"top\" width=\"208\">Ko\u0142o z\u0119bate<\/td>\n<td valign=\"top\" width=\"454\">YCAA670<\/td>\n<\/tr>\n<tr>\n<td valign=\"top\" width=\"208\">Wa\u0142ek z\u0119baty<\/td>\n<td valign=\"top\" width=\"454\">93<\/td>\n<\/tr>\n<tr>\n<td valign=\"top\" width=\"208\">Skrzynka kontrolna<\/td>\n<td valign=\"top\" width=\"454\">Oddzielnie<\/td>\n<\/tr>\n<tr>\n<td valign=\"top\" width=\"208\">Oprogramowanie<\/td>\n<td valign=\"top\" width=\"454\">CAXA CAD<\/td>\n<\/tr>\n<\/tbody>\n<\/table>\n<p>&nbsp;<\/p>\n<p>Wideo robocze z ci\u0119cia pianki 3D w 5 osiach \uff1a<\/p>\n<p>&nbsp;<\/p>\n<div class=\"ast-oembed-container\" style=\"height: 100%;\"><iframe title=\"Test ci\u0119cia pianki 3D dla francuskiego klienta, 5-osiowa przecinarka do pianki z gor\u0105cym drutem jest gotowa dla Francji\" width=\"500\" height=\"281\" src=\"https:\/\/www.youtube.com\/embed\/7o1RH20x04Q?feature=oembed\" frameborder=\"0\" allow=\"accelerometer; autoplay; clipboard-write; encrypted-media; gyroscope; picture-in-picture; web-share\" referrerpolicy=\"strict-origin-when-cross-origin\" allowfullscreen><\/iframe><\/div>","protected":false},"excerpt":{"rendered":"<p>Cechy maszyny do ci\u0119cia pianki gor\u0105cym drutem cnc:<\/p>\n<p>1. Ta maszyna przyjmuje okr\u0105g\u0142e orbity, podw\u00f3jne rz\u0119dy i cztery kolumny blok\u00f3w kulkowych. Du\u017ca no\u015bno\u015b\u0107, p\u0142ynna praca, wysoka precyzja i d\u0142uga \u017cywotno\u015b\u0107. Importowana \u015bruba kulowa o wysokiej precyzji, dok\u0142adne ci\u0119cie.<\/p>\n<p>2. Ca\u0142a gruba kwadratowa konstrukcja rurowa i brak deformacji, konstrukcja stalowa i spawanie naukowe, og\u00f3lnie brak deformacji.<\/p>\n<p>3. Przyjmuje wysoce elastyczny, odporny na zginanie kabel. I importuj trwa\u0142e komponenty elektroniczne. Ca\u0142a konstrukcja elektroniczna maszyny spe\u0142nia europejsk\u0105 norm\u0119 CE Oddzielna skrzynka kontrolna z niezawodnym systemem ochrony bezpiecze\u0144stwa.<\/p>\n<p>4. \u0141atwy do opanowania system sterowania dsp<\/p>\n<p>5. potencja\u0142 silnika, osi\u0105gni\u0119cie sta\u0142ej pr\u0119dko\u015bci obr\u00f3bki, krzywe i liniowe synchroniczne, a krzywa jest bardziej doskona\u0142a.<\/p>\n<p>6. szybki silnik krokowy i nap\u0119dy, dzi\u0119ki czemu pozwala na sta\u0142\u0105 i stabiln\u0105 prac\u0119<\/p>","protected":false},"featured_media":3469,"template":"","meta":{"_seopress_robots_primary_cat":"none","_seopress_titles_title":"","_seopress_titles_desc":"","_seopress_robots_index":"","_uag_custom_page_level_css":"","site-sidebar-layout":"default","site-content-layout":"default","ast-site-content-layout":"default","site-content-style":"default","site-sidebar-style":"default","ast-global-header-display":"","ast-banner-title-visibility":"","ast-main-header-display":"","ast-hfb-above-header-display":"","ast-hfb-below-header-display":"","ast-hfb-mobile-header-display":"","site-post-title":"","ast-breadcrumbs-content":"","ast-featured-img":"","footer-sml-layout":"","ast-disable-related-posts":"","theme-transparent-header-meta":"default","adv-header-id-meta":"","stick-header-meta":"default","header-above-stick-meta":"","header-main-stick-meta":"","header-below-stick-meta":"","astra-migrate-meta-layouts":"set","ast-page-background-enabled":"default","ast-page-background-meta":{"desktop":{"background-color":"","background-image":"","background-repeat":"repeat","background-position":"center center","background-size":"auto","background-attachment":"scroll","background-type":"","background-media":"","overlay-type":"","overlay-color":"","overlay-opacity":"","overlay-gradient":""},"tablet":{"background-color":"","background-image":"","background-repeat":"repeat","background-position":"center center","background-size":"auto","background-attachment":"scroll","background-type":"","background-media":"","overlay-type":"","overlay-color":"","overlay-opacity":"","overlay-gradient":""},"mobile":{"background-color":"","background-image":"","background-repeat":"repeat","background-position":"center center","background-size":"auto","background-attachment":"scroll","background-type":"","background-media":"","overlay-type":"","overlay-color":"","overlay-opacity":"","overlay-gradient":""}},"ast-content-background-meta":{"desktop":{"background-color":"var(--ast-global-color-5)","background-image":"","background-repeat":"repeat","background-position":"center center","background-size":"auto","background-attachment":"scroll","background-type":"","background-media":"","overlay-type":"","overlay-color":"","overlay-opacity":"","overlay-gradient":""},"tablet":{"background-color":"var(--ast-global-color-5)","background-image":"","background-repeat":"repeat","background-position":"center center","background-size":"auto","background-attachment":"scroll","background-type":"","background-media":"","overlay-type":"","overlay-color":"","overlay-opacity":"","overlay-gradient":""},"mobile":{"background-color":"var(--ast-global-color-5)","background-image":"","background-repeat":"repeat","background-position":"center center","background-size":"auto","background-attachment":"scroll","background-type":"","background-media":"","overlay-type":"","overlay-color":"","overlay-opacity":"","overlay-gradient":""}}},"product_brand":[],"product_cat":[43],"product_tag":[],"class_list":{"0":"post-1214","1":"product","2":"type-product","3":"status-publish","4":"has-post-thumbnail","6":"product_cat-foam","7":"desktop-align-left","8":"tablet-align-left","9":"mobile-align-left","10":"ast-product-gallery-layout-horizontal-slider","11":"ast-product-gallery-with-no-image","12":"ast-product-tabs-layout-horizontal","14":"first","15":"instock","16":"sale","17":"shipping-taxable","18":"purchasable","19":"product-type-simple"},"uagb_featured_image_src":{"full":["https:\/\/wisecnclaser.com\/wp-content\/uploads\/2025\/05\/54710b43dadfa936c16312bab27b8259.jpg",750,750,false],"thumbnail":["https:\/\/wisecnclaser.com\/wp-content\/uploads\/2025\/05\/54710b43dadfa936c16312bab27b8259-150x150.jpg",150,150,true],"medium":["https:\/\/wisecnclaser.com\/wp-content\/uploads\/2025\/05\/54710b43dadfa936c16312bab27b8259-300x300.jpg",300,300,true],"medium_large":["https:\/\/wisecnclaser.com\/wp-content\/uploads\/2025\/05\/54710b43dadfa936c16312bab27b8259.jpg",750,750,false],"large":["https:\/\/wisecnclaser.com\/wp-content\/uploads\/2025\/05\/54710b43dadfa936c16312bab27b8259.jpg",750,750,false],"1536x1536":["https:\/\/wisecnclaser.com\/wp-content\/uploads\/2025\/05\/54710b43dadfa936c16312bab27b8259.jpg",750,750,false],"2048x2048":["https:\/\/wisecnclaser.com\/wp-content\/uploads\/2025\/05\/54710b43dadfa936c16312bab27b8259.jpg",750,750,false],"trp-custom-language-flag":["https:\/\/wisecnclaser.com\/wp-content\/uploads\/2025\/05\/54710b43dadfa936c16312bab27b8259-12x12.jpg",12,12,true],"woocommerce_thumbnail":["https:\/\/wisecnclaser.com\/wp-content\/uploads\/2025\/05\/54710b43dadfa936c16312bab27b8259-300x300.jpg",300,300,true],"woocommerce_single":["https:\/\/wisecnclaser.com\/wp-content\/uploads\/2025\/05\/54710b43dadfa936c16312bab27b8259-600x600.jpg",600,600,true],"woocommerce_gallery_thumbnail":["https:\/\/wisecnclaser.com\/wp-content\/uploads\/2025\/05\/54710b43dadfa936c16312bab27b8259-100x100.jpg",100,100,true]},"uagb_author_info":{"display_name":"jinxing6611@gmail.com","author_link":"https:\/\/wisecnclaser.com\/pl\/author\/"},"uagb_comment_info":0,"uagb_excerpt":"Features of cnc hot wire foam cutting machine: 1. This machine adopts round orbit, double rows and four columns ball blocks. Large\u00a0bearing capacity, running smoothly, high precision and long life. Imported high precision\u00a0Ball screw, cutting accurate. 2. Whole thick Square tube structure and not deformation, Steel structure and scientific\u00a0welding, not deformation overall. 3. Adopts highly&hellip;","_links":{"self":[{"href":"https:\/\/wisecnclaser.com\/pl\/wp-json\/wp\/v2\/product\/1214","targetHints":{"allow":["GET"]}}],"collection":[{"href":"https:\/\/wisecnclaser.com\/pl\/wp-json\/wp\/v2\/product"}],"about":[{"href":"https:\/\/wisecnclaser.com\/pl\/wp-json\/wp\/v2\/types\/product"}],"wp:featuredmedia":[{"embeddable":true,"href":"https:\/\/wisecnclaser.com\/pl\/wp-json\/wp\/v2\/media\/3469"}],"wp:attachment":[{"href":"https:\/\/wisecnclaser.com\/pl\/wp-json\/wp\/v2\/media?parent=1214"}],"wp:term":[{"taxonomy":"product_brand","embeddable":true,"href":"https:\/\/wisecnclaser.com\/pl\/wp-json\/wp\/v2\/product_brand?post=1214"},{"taxonomy":"product_cat","embeddable":true,"href":"https:\/\/wisecnclaser.com\/pl\/wp-json\/wp\/v2\/product_cat?post=1214"},{"taxonomy":"product_tag","embeddable":true,"href":"https:\/\/wisecnclaser.com\/pl\/wp-json\/wp\/v2\/product_tag?post=1214"}],"curies":[{"name":"wp","href":"https:\/\/api.w.org\/{rel}","templated":true}]}}