{"id":1215,"date":"2025-05-20T07:32:08","date_gmt":"2025-05-20T07:32:08","guid":{"rendered":"https:\/\/wisecnclaser.com\/product\/dnk-black-shoes\/"},"modified":"2025-05-23T02:51:16","modified_gmt":"2025-05-23T02:51:16","slug":"dnk-black-shoes","status":"publish","type":"product","link":"https:\/\/wisecnclaser.com\/pl\/produkt\/dnk-black-shoes\/","title":{"rendered":"WS1625 Automatyczna maszyna do ci\u0119cia tekstyli\u00f3w na p\u0142asko"},"content":{"rendered":"<p><strong>Zastosowanie p\u0142askiej maszyny do ci\u0119cia tekstyli\u00f3w:<\/strong><\/p>\n<p>G\u0142\u00f3wnie do ci\u0119cia tekstyli\u00f3w domowych, takich jak sofa, zas\u0142ona, dywan. sk\u00f3ra, p\u0142\u00f3tno, odzie\u017c, ci\u0119cie PCV, mo\u017ce ci\u0105\u0107 materia\u0142 rolkowy<\/p>\n<p><strong>Materia\u0142y tn\u0105ce:<\/strong>\u00a0tkanina, baner, dzianina tkana, nadmuchiwane pcv, p\u0142\u00f3tno, poliester, tkanina elastyczna, tapicerka, odzie\u017c, sk\u00f3ra, flanela do strzy\u017cenia owiec, tkanina UV, w\u0142\u00f3kno w\u0119glowe, aramid, w\u0142\u00f3kno szklane, baner serpentynowy, tkaniny flagowe, tkaniny odporne na \u015bwiat\u0142o i inne rodzaje tekstyli\u00f3w<\/p>\n<table border=\"1\">\n<tbody>\n<tr class=\"firstRow\">\n<td colspan=\"2\" valign=\"center\" width=\"662\"><strong>Techniczne<\/strong><strong>\u00a0Parametr WS1625\u00a0<\/strong><strong>Auto<\/strong><strong>\u00a0Maszyna do ci\u0119cia p\u0142askiego tekstyli\u00f3w:<\/strong><\/td>\n<\/tr>\n<tr>\n<td valign=\"top\" width=\"158\">X rozmiar roboczy<\/td>\n<td valign=\"top\" width=\"504\">1600 mm<\/td>\n<\/tr>\n<tr>\n<td valign=\"top\" width=\"158\">Rozmiar roboczy Y<\/td>\n<td valign=\"top\" width=\"504\">2500 mm<\/td>\n<\/tr>\n<tr>\n<td valign=\"top\" width=\"158\">Rozmiar roboczy Z<\/td>\n<td valign=\"top\" width=\"504\">10 mm<\/td>\n<\/tr>\n<tr>\n<td valign=\"top\" width=\"158\">G\u0142owica tn\u0105ca<\/td>\n<td valign=\"top\" width=\"504\">g\u0142owica tn\u0105ca cnc z no\u017cem okr\u0105g\u0142ym<\/td>\n<\/tr>\n<tr>\n<td valign=\"top\" width=\"158\">Za\u0142adunek i roz\u0142adunek materia\u0142\u00f3w<\/td>\n<td valign=\"top\" width=\"504\">Ze sto\u0142em transportowym do automatycznego roz\u0142adunku materia\u0142\u00f3w tekstylnych i automatycznym podajnikiem do \u0142adowania rolek tkaniny<\/td>\n<\/tr>\n<tr>\n<td valign=\"top\" width=\"158\">St\u00f3\u0142 maszynowy<\/td>\n<td valign=\"top\" width=\"504\">Aluminiowy st\u00f3\u0142 ss\u0105cy z 9 strefami ssania<\/td>\n<\/tr>\n<tr>\n<td valign=\"top\" width=\"158\">Spos\u00f3b przesy\u0142ania danych<\/td>\n<td valign=\"top\" width=\"504\">Intel<\/td>\n<\/tr>\n<tr>\n<td valign=\"top\" width=\"158\">Pompa pr\u00f3\u017cniowa<\/td>\n<td valign=\"top\" width=\"504\">Pneumatyczna pompa pr\u00f3\u017cniowa o mocy 9 kW<\/td>\n<\/tr>\n<tr>\n<td valign=\"top\" width=\"158\">System nap\u0119dowy<\/td>\n<td valign=\"top\" width=\"504\">Tajwa\u0144ski sterownik serwomechanizmu delta i silnik<\/td>\n<\/tr>\n<tr>\n<td valign=\"top\" width=\"158\">System sterowania<\/td>\n<td valign=\"top\" width=\"504\">System kontroli RD<\/td>\n<\/tr>\n<tr>\n<td valign=\"top\" width=\"158\">System prowadzenia<\/td>\n<td valign=\"top\" width=\"504\">Tajwa\u0144ska szyna kwadratowa TBI<\/td>\n<\/tr>\n<tr>\n<td valign=\"top\" width=\"158\">Czujnik narz\u0119dzia<\/td>\n<td valign=\"top\" width=\"504\">Z czerwon\u0105 kropk\u0105<\/td>\n<\/tr>\n<tr>\n<td valign=\"top\" width=\"158\">Transmisja<\/td>\n<td valign=\"top\" width=\"504\">Z\u0119batka Y, stalowy pasek synchroniczny XZ<\/td>\n<\/tr>\n<tr>\n<td valign=\"top\" width=\"158\">Pr\u0119dko\u015b\u0107 ci\u0119cia<\/td>\n<td valign=\"top\" width=\"504\">30 m\/min<\/td>\n<\/tr>\n<tr>\n<td valign=\"top\" width=\"158\">Pr\u0119dko\u015b\u0107 jazdy<\/td>\n<td valign=\"top\" width=\"504\">50 m\/min<\/td>\n<\/tr>\n<tr>\n<td valign=\"center\" width=\"158\">Waga<\/td>\n<td valign=\"top\" width=\"504\">Oko\u0142o 1300 kg<\/td>\n<\/tr>\n<tr>\n<td valign=\"top\" width=\"158\">Rozmiar<\/td>\n<td valign=\"top\" width=\"504\">2250*3300*1650mm<\/td>\n<\/tr>\n<tr>\n<td valign=\"top\" width=\"158\">Moc<\/td>\n<td valign=\"top\" width=\"504\">380V 50HZ<\/td>\n<\/tr>\n<tr>\n<td valign=\"top\" width=\"158\">Oprogramowanie<\/td>\n<td valign=\"top\" width=\"504\">vcutworks, maszyna posiada to oprogramowanie, obs\u0142uguje pliki w formacie dxf, plt<\/td>\n<\/tr>\n<\/tbody>\n<\/table>\n<p><strong>\u00a0Cechy maszyny do ci\u0119cia no\u017cem wibracyjnym cnc z automatycznym podawaniem i sto\u0142em transportowym<\/strong><\/p>\n<p>1. maszyna do ci\u0119cia no\u017cem wibracyjnym s\u0142u\u017cy do ci\u0119cia tekstyli\u00f3w sofy i wn\u0119trza samochodu, maty poduszki siedzenia samochodowego, opakowania, elektroniki, stojaka wystawowego itp. Doskona\u0142a wydajno\u015b\u0107 produktu i obs\u0142uga posprzeda\u017cna zosta\u0142y zweryfikowane przez tysi\u0105ce klient\u00f3w w kraju i za granic\u0105.<\/p>\n<p>2. maszyna \u0142\u0105czy wszystkie funkcje w jednym, takie jak automatyczny uk\u0142ad, tworzenie linii, rysowanie, bigowanie, wykrawanie, ci\u0119cie p\u00f3\u0142no\u017cem, ci\u0119cie pe\u0142nym no\u017cem. Zmniejszenie koszt\u00f3w pracy i koszt\u00f3w materia\u0142\u00f3w; kompleksowa poprawa mo\u017cliwo\u015bci produkcji i zarz\u0105dzania.<\/p>\n<p>&nbsp;<\/p>\n<p>3. integracja tradycyjnego r\u0119cznego trybu pracy z wydajnym i dok\u0142adnym skomputeryzowanym projektem, kt\u00f3ry realizuje digitalizacj\u0119 i projektowanie graficzne, jest \u0142atwy do nauczenia i u\u017cytkowania oraz ma bogate funkcje i pot\u0119\u017cne funkcje, kt\u00f3re mog\u0105 skutecznie poprawi\u0107 wydajno\u015b\u0107 i dok\u0142adno\u015b\u0107 projektowania i produkcji.<\/p>","protected":false},"excerpt":{"rendered":"<p><strong>Zastosowanie p\u0142askiej maszyny do ci\u0119cia tekstyli\u00f3w:<\/strong><\/p>\n<p>G\u0142\u00f3wnie do ci\u0119cia tekstyli\u00f3w domowych, takich jak sofa, zas\u0142ona, dywan. sk\u00f3ra, p\u0142\u00f3tno, odzie\u017c, ci\u0119cie PCV, mo\u017ce ci\u0105\u0107 materia\u0142 rolkowy<\/p>\n<p><strong>Materia\u0142y tn\u0105ce:<\/strong>\u00a0tkanina, baner, dzianina tkana, nadmuchiwane pcv, p\u0142\u00f3tno, poliester, tkanina elastyczna, tapicerka, odzie\u017c, sk\u00f3ra, flanela do strzy\u017cenia owiec, tkanina UV, w\u0142\u00f3kno w\u0119glowe, aramid, w\u0142\u00f3kno szklane, baner serpentynowy, tkaniny flagowe, tkaniny odporne na \u015bwiat\u0142o i inne rodzaje tekstyli\u00f3w<\/p>","protected":false},"featured_media":3472,"template":"","meta":{"_seopress_robots_primary_cat":"none","_seopress_titles_title":"","_seopress_titles_desc":"","_seopress_robots_index":"","_uag_custom_page_level_css":"","site-sidebar-layout":"default","site-content-layout":"default","ast-site-content-layout":"default","site-content-style":"default","site-sidebar-style":"default","ast-global-header-display":"","ast-banner-title-visibility":"","ast-main-header-display":"","ast-hfb-above-header-display":"","ast-hfb-below-header-display":"","ast-hfb-mobile-header-display":"","site-post-title":"","ast-breadcrumbs-content":"","ast-featured-img":"","footer-sml-layout":"","ast-disable-related-posts":"","theme-transparent-header-meta":"default","adv-header-id-meta":"","stick-header-meta":"default","header-above-stick-meta":"","header-main-stick-meta":"","header-below-stick-meta":"","astra-migrate-meta-layouts":"set","ast-page-background-enabled":"default","ast-page-background-meta":{"desktop":{"background-color":"","background-image":"","background-repeat":"repeat","background-position":"center center","background-size":"auto","background-attachment":"scroll","background-type":"","background-media":"","overlay-type":"","overlay-color":"","overlay-opacity":"","overlay-gradient":""},"tablet":{"background-color":"","background-image":"","background-repeat":"repeat","background-position":"center center","background-size":"auto","background-attachment":"scroll","background-type":"","background-media":"","overlay-type":"","overlay-color":"","overlay-opacity":"","overlay-gradient":""},"mobile":{"background-color":"","background-image":"","background-repeat":"repeat","background-position":"center center","background-size":"auto","background-attachment":"scroll","background-type":"","background-media":"","overlay-type":"","overlay-color":"","overlay-opacity":"","overlay-gradient":""}},"ast-content-background-meta":{"desktop":{"background-color":"var(--ast-global-color-5)","background-image":"","background-repeat":"repeat","background-position":"center center","background-size":"auto","background-attachment":"scroll","background-type":"","background-media":"","overlay-type":"","overlay-color":"","overlay-opacity":"","overlay-gradient":""},"tablet":{"background-color":"var(--ast-global-color-5)","background-image":"","background-repeat":"repeat","background-position":"center center","background-size":"auto","background-attachment":"scroll","background-type":"","background-media":"","overlay-type":"","overlay-color":"","overlay-opacity":"","overlay-gradient":""},"mobile":{"background-color":"var(--ast-global-color-5)","background-image":"","background-repeat":"repeat","background-position":"center center","background-size":"auto","background-attachment":"scroll","background-type":"","background-media":"","overlay-type":"","overlay-color":"","overlay-opacity":"","overlay-gradient":""}}},"product_brand":[],"product_cat":[21],"product_tag":[],"class_list":{"0":"post-1215","1":"product","2":"type-product","3":"status-publish","4":"has-post-thumbnail","6":"product_cat-oscillating","7":"desktop-align-left","8":"tablet-align-left","9":"mobile-align-left","10":"ast-product-gallery-layout-horizontal-slider","11":"ast-product-tabs-layout-horizontal","13":"first","14":"instock","15":"featured","16":"shipping-taxable","17":"purchasable","18":"product-type-simple"},"uagb_featured_image_src":{"full":["https:\/\/wisecnclaser.com\/wp-content\/uploads\/2025\/05\/8b6d95ef34760ce91855ca1047664f3a.jpg",700,700,false],"thumbnail":["https:\/\/wisecnclaser.com\/wp-content\/uploads\/2025\/05\/8b6d95ef34760ce91855ca1047664f3a-150x150.jpg",150,150,true],"medium":["https:\/\/wisecnclaser.com\/wp-content\/uploads\/2025\/05\/8b6d95ef34760ce91855ca1047664f3a-300x300.jpg",300,300,true],"medium_large":["https:\/\/wisecnclaser.com\/wp-content\/uploads\/2025\/05\/8b6d95ef34760ce91855ca1047664f3a.jpg",700,700,false],"large":["https:\/\/wisecnclaser.com\/wp-content\/uploads\/2025\/05\/8b6d95ef34760ce91855ca1047664f3a.jpg",700,700,false],"1536x1536":["https:\/\/wisecnclaser.com\/wp-content\/uploads\/2025\/05\/8b6d95ef34760ce91855ca1047664f3a.jpg",700,700,false],"2048x2048":["https:\/\/wisecnclaser.com\/wp-content\/uploads\/2025\/05\/8b6d95ef34760ce91855ca1047664f3a.jpg",700,700,false],"trp-custom-language-flag":["https:\/\/wisecnclaser.com\/wp-content\/uploads\/2025\/05\/8b6d95ef34760ce91855ca1047664f3a-12x12.jpg",12,12,true],"woocommerce_thumbnail":["https:\/\/wisecnclaser.com\/wp-content\/uploads\/2025\/05\/8b6d95ef34760ce91855ca1047664f3a-300x300.jpg",300,300,true],"woocommerce_single":["https:\/\/wisecnclaser.com\/wp-content\/uploads\/2025\/05\/8b6d95ef34760ce91855ca1047664f3a-600x600.jpg",600,600,true],"woocommerce_gallery_thumbnail":["https:\/\/wisecnclaser.com\/wp-content\/uploads\/2025\/05\/8b6d95ef34760ce91855ca1047664f3a-100x100.jpg",100,100,true]},"uagb_author_info":{"display_name":"jinxing6611@gmail.com","author_link":"https:\/\/wisecnclaser.com\/pl\/author\/"},"uagb_comment_info":0,"uagb_excerpt":"Application of textile cutting flatbed machine: Mainly for home textile cutting such as sofa, curtain, carpet. leather, canvas, garment clothes, pvc cutting, can cut roll material Cutting Materials:\u00a0fabric, banner, woven knitted textile, inflatable pvc, canvas, polyester, elastic fabric, upholstery, garment, leather, sheep shearing flannel, UV textile, carbon fiber, aramid, glass fiber, streamer banner, flag fabrics,&hellip;","_links":{"self":[{"href":"https:\/\/wisecnclaser.com\/pl\/wp-json\/wp\/v2\/product\/1215","targetHints":{"allow":["GET"]}}],"collection":[{"href":"https:\/\/wisecnclaser.com\/pl\/wp-json\/wp\/v2\/product"}],"about":[{"href":"https:\/\/wisecnclaser.com\/pl\/wp-json\/wp\/v2\/types\/product"}],"wp:featuredmedia":[{"embeddable":true,"href":"https:\/\/wisecnclaser.com\/pl\/wp-json\/wp\/v2\/media\/3472"}],"wp:attachment":[{"href":"https:\/\/wisecnclaser.com\/pl\/wp-json\/wp\/v2\/media?parent=1215"}],"wp:term":[{"taxonomy":"product_brand","embeddable":true,"href":"https:\/\/wisecnclaser.com\/pl\/wp-json\/wp\/v2\/product_brand?post=1215"},{"taxonomy":"product_cat","embeddable":true,"href":"https:\/\/wisecnclaser.com\/pl\/wp-json\/wp\/v2\/product_cat?post=1215"},{"taxonomy":"product_tag","embeddable":true,"href":"https:\/\/wisecnclaser.com\/pl\/wp-json\/wp\/v2\/product_tag?post=1215"}],"curies":[{"name":"wp","href":"https:\/\/api.w.org\/{rel}","templated":true}]}}