{"id":3494,"date":"2025-05-22T13:50:01","date_gmt":"2025-05-22T13:50:01","guid":{"rendered":"https:\/\/wisecnclaser.com\/?post_type=product&#038;p=3494"},"modified":"2025-05-23T02:52:07","modified_gmt":"2025-05-23T02:52:07","slug":"ws1625-multi-heads-flatbed-cutter","status":"publish","type":"product","link":"https:\/\/wisecnclaser.com\/pl\/produkt\/ws1625-multi-heads-flatbed-cutter\/","title":{"rendered":"WS1625 Wielog\u0142owicowa przecinarka p\u0142aska"},"content":{"rendered":"<p><strong>Zastosowanie przecinarki p\u0142askiej:<\/strong><\/p>\n<p>G\u0142\u00f3wnie do ci\u0119cia r\u00f3\u017cnych materia\u0142\u00f3w i konstrukcji, takich jak g\u0142owica pneumatyczna do ci\u0119cia grubego materia\u0142u, ci\u0119cie v u\u017cywane do ci\u0119cia wzoru 15-45 stopni, wrzeciono u\u017cywane do ci\u0119cia twardego materia\u0142u, takiego jak pianka P3 i akryl 5 mm.<\/p>\n<p><strong>Materia\u0142y tn\u0105ce:<\/strong>\u00a0materia\u0142y kompozytowe, takie jak w\u0142\u00f3kno w\u0119glowe, w\u0142\u00f3kno szklane, mi\u0119kkie szk\u0142o \/ PCV, azbest, g\u0105bka z tworzywa sztucznego, lotniczy materia\u0142 kompozytowy, pianka izolacyjna, guma, pianka P3 \/ pianka z foli\u0105 aluminiow\u0105, eva<\/p>\n<p>&nbsp;<\/p>\n<table border=\"1\">\n<tbody>\n<tr class=\"firstRow\">\n<td colspan=\"2\" valign=\"center\" width=\"662\"><strong>Techniczne<\/strong><strong>\u00a0Parametr WS1625\u00a0<\/strong><strong>Mult<\/strong><strong>i G\u0142owice tn\u0105ce p\u0142askie:<\/strong><\/td>\n<\/tr>\n<tr>\n<td valign=\"top\" width=\"158\">X rozmiar roboczy<\/td>\n<td valign=\"top\" width=\"504\">1300 mm<\/td>\n<\/tr>\n<tr>\n<td valign=\"top\" width=\"158\">Rozmiar roboczy Y<\/td>\n<td valign=\"top\" width=\"504\">2500 mm<\/td>\n<\/tr>\n<tr>\n<td valign=\"top\" width=\"158\">Rozmiar roboczy Z<\/td>\n<td valign=\"top\" width=\"504\">10 mm<\/td>\n<\/tr>\n<tr>\n<td valign=\"top\" width=\"158\">G\u0142owica tn\u0105ca<\/td>\n<td valign=\"top\" width=\"504\">Oscylacyjna g\u0142owica tn\u0105ca cnc + narz\u0119dzia tn\u0105ce V + wrzeciono frezuj\u0105ce<\/td>\n<\/tr>\n<tr>\n<td valign=\"top\" width=\"158\">Spos\u00f3b wy\u015bwietlania<\/td>\n<td valign=\"top\" width=\"504\">Ekran dotykowy LED w j\u0119zyku angielskim<\/td>\n<\/tr>\n<tr>\n<td valign=\"top\" width=\"158\">St\u00f3\u0142 maszynowy<\/td>\n<td valign=\"top\" width=\"504\">Aluminiowy st\u00f3\u0142 ss\u0105cy z 9 strefami ssania<\/td>\n<\/tr>\n<tr>\n<td valign=\"top\" width=\"158\">Spos\u00f3b przesy\u0142ania danych<\/td>\n<td valign=\"top\" width=\"504\">Intel<\/td>\n<\/tr>\n<tr>\n<td valign=\"top\" width=\"158\">Pompa pr\u00f3\u017cniowa<\/td>\n<td valign=\"top\" width=\"504\">Pneumatyczna pompa pr\u00f3\u017cniowa o mocy 9 kW<\/td>\n<\/tr>\n<tr>\n<td valign=\"top\" width=\"158\">System nap\u0119dowy<\/td>\n<td valign=\"top\" width=\"504\">Tajwa\u0144ski sterownik serwomechanizmu delta i silnik<\/td>\n<\/tr>\n<tr>\n<td valign=\"top\" width=\"158\">System sterowania<\/td>\n<td valign=\"top\" width=\"504\">System kontroli RD<\/td>\n<\/tr>\n<tr>\n<td valign=\"top\" width=\"158\">System prowadzenia<\/td>\n<td valign=\"top\" width=\"504\">Tajwa\u0144ska szyna kwadratowa TBI<\/td>\n<\/tr>\n<tr>\n<td valign=\"top\" width=\"158\">Czujnik narz\u0119dzia<\/td>\n<td valign=\"top\" width=\"504\">Z czerwon\u0105 kropk\u0105<\/td>\n<\/tr>\n<tr>\n<td valign=\"top\" width=\"158\">Transmisja<\/td>\n<td valign=\"top\" width=\"504\">Z\u0119batka Y, stalowy pasek synchroniczny XZ<\/td>\n<\/tr>\n<tr>\n<td valign=\"top\" width=\"158\">Pr\u0119dko\u015b\u0107 ci\u0119cia<\/td>\n<td valign=\"top\" width=\"504\">30 m\/min<\/td>\n<\/tr>\n<tr>\n<td valign=\"top\" width=\"158\">Pr\u0119dko\u015b\u0107 jazdy<\/td>\n<td valign=\"top\" width=\"504\">50 m\/min<\/td>\n<\/tr>\n<tr>\n<td valign=\"center\" width=\"158\">Waga<\/td>\n<td valign=\"top\" width=\"504\">Oko\u0142o 1300 kg<\/td>\n<\/tr>\n<tr>\n<td valign=\"top\" width=\"158\">Rozmiar<\/td>\n<td valign=\"top\" width=\"504\">2250*3300*1650mm<\/td>\n<\/tr>\n<tr>\n<td valign=\"top\" width=\"158\">Moc<\/td>\n<td valign=\"top\" width=\"504\">380V 50HZ<\/td>\n<\/tr>\n<tr>\n<td valign=\"top\" width=\"158\">Oprogramowanie<\/td>\n<td valign=\"top\" width=\"504\">vcutworks, maszyna posiada to oprogramowanie, obs\u0142uguje pliki w formacie dxf, plt<\/td>\n<\/tr>\n<\/tbody>\n<\/table>","protected":false},"excerpt":{"rendered":"<p><strong>Zastosowanie przecinarki p\u0142askiej:<\/strong><\/p>\n<p>G\u0142\u00f3wnie do ci\u0119cia r\u00f3\u017cnych materia\u0142\u00f3w i konstrukcji, takich jak g\u0142owica pneumatyczna do ci\u0119cia grubego materia\u0142u, ci\u0119cie v u\u017cywane do ci\u0119cia wzoru 15-45 stopni, wrzeciono u\u017cywane do ci\u0119cia twardego materia\u0142u, takiego jak pianka P3 i akryl 5 mm.<\/p>\n<p><strong>Materia\u0142y tn\u0105ce:<\/strong>\u00a0materia\u0142y kompozytowe, takie jak w\u0142\u00f3kno w\u0119glowe, w\u0142\u00f3kno szklane, mi\u0119kkie szk\u0142o \/ PCV, azbest, g\u0105bka z tworzywa sztucznego, lotniczy materia\u0142 kompozytowy, pianka izolacyjna, guma, pianka P3 \/ pianka z foli\u0105 aluminiow\u0105, eva<\/p>","protected":false},"featured_media":3497,"template":"","meta":{"_seopress_robots_primary_cat":"","_seopress_titles_title":"","_seopress_titles_desc":"","_seopress_robots_index":"","_uag_custom_page_level_css":"","site-sidebar-layout":"default","site-content-layout":"","ast-site-content-layout":"default","site-content-style":"default","site-sidebar-style":"default","ast-global-header-display":"","ast-banner-title-visibility":"","ast-main-header-display":"","ast-hfb-above-header-display":"","ast-hfb-below-header-display":"","ast-hfb-mobile-header-display":"","site-post-title":"","ast-breadcrumbs-content":"","ast-featured-img":"","footer-sml-layout":"","ast-disable-related-posts":"","theme-transparent-header-meta":"default","adv-header-id-meta":"","stick-header-meta":"default","header-above-stick-meta":"","header-main-stick-meta":"","header-below-stick-meta":"","astra-migrate-meta-layouts":"set","ast-page-background-enabled":"default","ast-page-background-meta":{"desktop":{"background-color":"","background-image":"","background-repeat":"repeat","background-position":"center center","background-size":"auto","background-attachment":"scroll","background-type":"","background-media":"","overlay-type":"","overlay-color":"","overlay-opacity":"","overlay-gradient":""},"tablet":{"background-color":"","background-image":"","background-repeat":"repeat","background-position":"center center","background-size":"auto","background-attachment":"scroll","background-type":"","background-media":"","overlay-type":"","overlay-color":"","overlay-opacity":"","overlay-gradient":""},"mobile":{"background-color":"","background-image":"","background-repeat":"repeat","background-position":"center center","background-size":"auto","background-attachment":"scroll","background-type":"","background-media":"","overlay-type":"","overlay-color":"","overlay-opacity":"","overlay-gradient":""}},"ast-content-background-meta":{"desktop":{"background-color":"var(--ast-global-color-5)","background-image":"","background-repeat":"repeat","background-position":"center center","background-size":"auto","background-attachment":"scroll","background-type":"","background-media":"","overlay-type":"","overlay-color":"","overlay-opacity":"","overlay-gradient":""},"tablet":{"background-color":"var(--ast-global-color-5)","background-image":"","background-repeat":"repeat","background-position":"center center","background-size":"auto","background-attachment":"scroll","background-type":"","background-media":"","overlay-type":"","overlay-color":"","overlay-opacity":"","overlay-gradient":""},"mobile":{"background-color":"var(--ast-global-color-5)","background-image":"","background-repeat":"repeat","background-position":"center center","background-size":"auto","background-attachment":"scroll","background-type":"","background-media":"","overlay-type":"","overlay-color":"","overlay-opacity":"","overlay-gradient":""}}},"product_brand":[],"product_cat":[21],"product_tag":[],"class_list":{"0":"post-3494","1":"product","2":"type-product","3":"status-publish","4":"has-post-thumbnail","6":"product_cat-oscillating","7":"desktop-align-left","8":"tablet-align-left","9":"mobile-align-left","10":"ast-product-gallery-layout-horizontal-slider","11":"ast-product-gallery-with-no-image","12":"ast-product-tabs-layout-horizontal","14":"first","15":"instock","16":"featured","17":"shipping-taxable","18":"product-type-simple"},"uagb_featured_image_src":{"full":["https:\/\/wisecnclaser.com\/wp-content\/uploads\/2025\/05\/a1ae770beabe0fe869615dc9e382e1c8.jpg",800,800,false],"thumbnail":["https:\/\/wisecnclaser.com\/wp-content\/uploads\/2025\/05\/a1ae770beabe0fe869615dc9e382e1c8-150x150.jpg",150,150,true],"medium":["https:\/\/wisecnclaser.com\/wp-content\/uploads\/2025\/05\/a1ae770beabe0fe869615dc9e382e1c8-300x300.jpg",300,300,true],"medium_large":["https:\/\/wisecnclaser.com\/wp-content\/uploads\/2025\/05\/a1ae770beabe0fe869615dc9e382e1c8-768x768.jpg",768,768,true],"large":["https:\/\/wisecnclaser.com\/wp-content\/uploads\/2025\/05\/a1ae770beabe0fe869615dc9e382e1c8.jpg",800,800,false],"1536x1536":["https:\/\/wisecnclaser.com\/wp-content\/uploads\/2025\/05\/a1ae770beabe0fe869615dc9e382e1c8.jpg",800,800,false],"2048x2048":["https:\/\/wisecnclaser.com\/wp-content\/uploads\/2025\/05\/a1ae770beabe0fe869615dc9e382e1c8.jpg",800,800,false],"trp-custom-language-flag":["https:\/\/wisecnclaser.com\/wp-content\/uploads\/2025\/05\/a1ae770beabe0fe869615dc9e382e1c8-12x12.jpg",12,12,true],"woocommerce_thumbnail":["https:\/\/wisecnclaser.com\/wp-content\/uploads\/2025\/05\/a1ae770beabe0fe869615dc9e382e1c8-300x300.jpg",300,300,true],"woocommerce_single":["https:\/\/wisecnclaser.com\/wp-content\/uploads\/2025\/05\/a1ae770beabe0fe869615dc9e382e1c8-600x600.jpg",600,600,true],"woocommerce_gallery_thumbnail":["https:\/\/wisecnclaser.com\/wp-content\/uploads\/2025\/05\/a1ae770beabe0fe869615dc9e382e1c8-100x100.jpg",100,100,true]},"uagb_author_info":{"display_name":"jinxing6611@gmail.com","author_link":"https:\/\/wisecnclaser.com\/pl\/author\/"},"uagb_comment_info":0,"uagb_excerpt":"Application of flatbed cutter: Mainly for different material and design cuttings, such as pneumatic head cut thick material, v cut used to cut 15-45 degree pattern, spindle used to cut hard material such as P3 foam and 5mm acrylic Cutting Materials:\u00a0composite material such as carbon fiber, fiber glass, soft glass\/pvc, asbestos, plastic sponge, aviation composite&hellip;","_links":{"self":[{"href":"https:\/\/wisecnclaser.com\/pl\/wp-json\/wp\/v2\/product\/3494","targetHints":{"allow":["GET"]}}],"collection":[{"href":"https:\/\/wisecnclaser.com\/pl\/wp-json\/wp\/v2\/product"}],"about":[{"href":"https:\/\/wisecnclaser.com\/pl\/wp-json\/wp\/v2\/types\/product"}],"wp:featuredmedia":[{"embeddable":true,"href":"https:\/\/wisecnclaser.com\/pl\/wp-json\/wp\/v2\/media\/3497"}],"wp:attachment":[{"href":"https:\/\/wisecnclaser.com\/pl\/wp-json\/wp\/v2\/media?parent=3494"}],"wp:term":[{"taxonomy":"product_brand","embeddable":true,"href":"https:\/\/wisecnclaser.com\/pl\/wp-json\/wp\/v2\/product_brand?post=3494"},{"taxonomy":"product_cat","embeddable":true,"href":"https:\/\/wisecnclaser.com\/pl\/wp-json\/wp\/v2\/product_cat?post=3494"},{"taxonomy":"product_tag","embeddable":true,"href":"https:\/\/wisecnclaser.com\/pl\/wp-json\/wp\/v2\/product_tag?post=3494"}],"curies":[{"name":"wp","href":"https:\/\/api.w.org\/{rel}","templated":true}]}}