{"id":3509,"date":"2025-05-22T22:39:45","date_gmt":"2025-05-22T22:39:45","guid":{"rendered":"https:\/\/wisecnclaser.com\/?post_type=product&#038;p=3509"},"modified":"2025-05-22T22:39:45","modified_gmt":"2025-05-22T22:39:45","slug":"fiber-laser-metal-cutting-machine","status":"publish","type":"product","link":"https:\/\/wisecnclaser.com\/pl\/produkt\/fiber-laser-metal-cutting-machine\/","title":{"rendered":"Laserowa maszyna do ci\u0119cia metalu"},"content":{"rendered":"<p><strong>Odpowiednie materia\u0142y i bran\u017ce<\/strong><strong>y<\/strong><strong>:<\/strong><\/p>\n<p>Nadaje si\u0119 do precyzyjnego ci\u0119cia stali nierdzewnej, stali w\u0119glowej i niekt\u00f3rych innych materia\u0142\u00f3w metalowych, ma zastosowanie w technologii lotniczej, rakietach, samolotach, robotach, windach, parowcach i przemy\u015ble samochodowym oraz przemy\u015ble obr\u00f3bki cz\u0119\u015bci metalowych do blach, reklamy, naczy\u0144 kuchennych, narz\u0119dzi bitowych, sprz\u0119tu itp.<\/p>\n<p>&nbsp;<\/p>\n<table border=\"1\" width=\"662\">\n<tbody>\n<tr class=\"firstRow\">\n<td colspan=\"2\" valign=\"center\" width=\"662\"><strong>Opis i specyfikacja wycinarki laserowej:<\/strong><\/td>\n<\/tr>\n<tr>\n<td valign=\"top\" width=\"224\">Model<\/td>\n<td valign=\"top\" width=\"438\">FB3015<\/td>\n<\/tr>\n<tr>\n<td valign=\"center\" width=\"224\">Obszar roboczy<\/td>\n<td valign=\"center\" width=\"438\">1500mm*3000MM<\/td>\n<\/tr>\n<tr>\n<td valign=\"center\" width=\"224\">Transmisja<\/td>\n<td valign=\"center\" width=\"438\">Z\u0119batka - NIEMIECKA marka ATLANTA<\/td>\n<\/tr>\n<tr>\n<td valign=\"center\" width=\"224\">System nap\u0119dowy<\/td>\n<td valign=\"center\" width=\"438\">Japo\u0144ski serwomechanizm<\/td>\n<\/tr>\n<tr>\n<td valign=\"center\" width=\"224\">Moc lasera<\/td>\n<td valign=\"center\" width=\"438\">1 kW 1,5 kW 2 kW 3 kW 4 kW 6 kW Generator \u015bwiat\u0142owodowy raycus lub IPG<\/td>\n<\/tr>\n<tr>\n<td valign=\"center\" width=\"224\">System prowadz\u0105cy<\/td>\n<td valign=\"center\" width=\"438\">Tajwa\u0144ska szyna kwadratowa<\/td>\n<\/tr>\n<tr>\n<td valign=\"center\" width=\"224\">\u015aruba kulowa<\/td>\n<td valign=\"center\" width=\"438\">Tajwa\u0144ska marka TBI<\/td>\n<\/tr>\n<tr>\n<td valign=\"center\" width=\"224\">System sterowania<\/td>\n<td valign=\"center\" width=\"438\">Kontroler Cypcut<\/td>\n<\/tr>\n<tr>\n<td valign=\"center\" width=\"224\">Reduktor<\/td>\n<td valign=\"center\" width=\"438\">Marka Motovario<\/td>\n<\/tr>\n<tr>\n<td valign=\"center\" width=\"224\">Maksymalna pr\u0119dko\u015b\u0107 ruchu<\/td>\n<td valign=\"center\" width=\"438\">100 m\/min<\/td>\n<\/tr>\n<tr>\n<td valign=\"center\" width=\"224\">Maks. pr\u0119dko\u015b\u0107 ci\u0119cia<\/td>\n<td valign=\"center\" width=\"438\">30-40 m\/min<\/td>\n<\/tr>\n<tr>\n<td valign=\"center\" width=\"224\">Min. szeroko\u015b\u0107 linii ci\u0119cia<\/td>\n<td valign=\"center\" width=\"438\">0,02 mm<\/td>\n<\/tr>\n<tr>\n<td valign=\"center\" width=\"224\">Odpowiedni materia\u0142<\/td>\n<td valign=\"center\" width=\"438\">Stal nierdzewna, stal w\u0119glowa, aluminium, mied\u017a, p\u0142yta tytanowa, \u017celazo itp.<\/td>\n<\/tr>\n<tr>\n<td valign=\"center\" width=\"224\">Grubo\u015b\u0107 ci\u0119cia<\/td>\n<td valign=\"center\" width=\"438\">Stal nierdzewna 8 mm, stal w\u0119glowa 20 mm<\/td>\n<\/tr>\n<tr>\n<td valign=\"center\" width=\"224\">Powierzchnia pod\u0142ogi ca\u0142ej maszyny<\/td>\n<td valign=\"center\" width=\"438\">7\u00d72.2\u00d71.9m<\/td>\n<\/tr>\n<tr>\n<td valign=\"center\" width=\"224\">Waga maszyny<\/td>\n<td valign=\"center\" width=\"438\">3000 kg<\/td>\n<\/tr>\n<tr>\n<td valign=\"center\" width=\"224\">Moc robocza<\/td>\n<td valign=\"center\" width=\"438\">AC380V 3 fazy 50HZ<\/td>\n<\/tr>\n<tr>\n<td valign=\"center\" width=\"224\">Gwarancja<\/td>\n<td valign=\"center\" width=\"438\">2 lata<\/td>\n<\/tr>\n<\/tbody>\n<\/table>\n<p>&nbsp;<\/p>\n<p><strong>Zastosowanie:<\/strong><\/p>\n<p>Mo\u017ce ci\u0105\u0107 wiele rodzaj\u00f3w blach i rur (mo\u017cna stosowa\u0107 urz\u0105dzenie do ci\u0119cia rur oraz urz\u0105dzenie do ci\u0119cia rur). Nadaje si\u0119 g\u0142\u00f3wnie do szybkiego ci\u0119cia stali nierdzewnej, stali w\u0119glowej, stali ocynkowanej, blachy elektrolitycznej, blachy mosi\u0119\u017cnej, blachy aluminiowej, stali manganowej, r\u00f3\u017cnych blach stopowych, metali rzadkich i innych materia\u0142\u00f3w.<\/p>\n<p>Maszyna do ci\u0119cia laserem \u015bwiat\u0142owodowym ze zintegrowan\u0105 blach\u0105 i rurk\u0105 mo\u017ce ci\u0105\u0107 blach\u0119 i rurk\u0119 metalow\u0105. Oszcz\u0119dza ponad 50% miejsca i zapewnia wy\u017csz\u0105 wydajno\u015b\u0107 produkcji.<\/p>\n<p>&nbsp;<\/p>\n<p><strong>Zalety lasera \u015bwiat\u0142owodowego<\/strong><\/p>\n<p>1, Wysoka wydajno\u015b\u0107 konwersji elektrooptycznej, 300% bardziej wydajny ni\u017c laser CO2<\/p>\n<p>2, Niskie koszty eksploatacji i konserwacji, tylko 6% lasera CO2<\/p>\n<p>3, Wysoka pr\u0119dko\u015b\u0107 ci\u0119cia, 600% ~ 1000% szybciej ni\u017c laser CO2<\/p>\n<p>4, Ma\u0142y rozmiar, niewielka waga, mobilna pozycja robocza i minimalne zapotrzebowanie na miejsce<\/p>\n<p>&nbsp;<\/p>\n<p><strong>DLACZEGO warto wybra\u0107 nasz\u0105 maszyn\u0119 do ci\u0119cia laserem \u015bwiat\u0142owodowym?<\/strong><\/p>\n<p><strong><em>Stabilna o\u015b Z i system automatycznego ustawiania ostro\u015bci<\/em><\/strong><\/p>\n<p>G\u0142owica laserowa wyposa\u017cona w g\u0142owic\u0119 tn\u0105c\u0105 Raytools, zdolna do automatycznej regulacji ogniskowej, gwarantuje najlepsz\u0105 jako\u015b\u0107 ci\u0119cia, zapobiega z\u0142omowaniu materia\u0142u spowodowanemu zmian\u0105 ogniskowej, gdy metal nie jest p\u0142aski Ze wzgl\u0119du na bezdotykowe urz\u0105dzenie wykrywaj\u0105ce, gdy jest kontrolowane przez system, jest w stanie osi\u0105gn\u0105\u0107 stabiln\u0105 funkcj\u0119 p\u0142ywaj\u0105c\u0105 osi Z, eliminuj\u0105c negatywne skutki spowodowane niep\u0142askim materia\u0142em.<\/p>\n<p>&nbsp;<\/p>\n<p><strong><em>Pow\u0142oka maszyny \/ maszyna g\u0142\u00f3wna<\/em><\/strong><\/p>\n<p>Waga maszyny do ci\u0119cia na du\u017c\u0105 skal\u0119 wynosi 3,7 tony. Bierzemy pod uwag\u0119 koszty produkcji, stabilno\u015b\u0107 i jako\u015b\u0107 maszyny. Po seryjnym przeprojektowaniu decydujemy si\u0119 na ostateczny prosty, ale mocny projekt. Wyprodukowany przez profesjonalny sprz\u0119t wielkoskalowy z przemys\u0142u wojskowego i poddany obr\u00f3bce starzeniowej, mo\u017ce zagwarantowa\u0107 trwa\u0142o\u015b\u0107 do d\u0142ugotrwa\u0142ego u\u017cytkowania.<\/p>\n<p><strong><em>\u00a0<\/em><\/strong><\/p>\n<p><strong><em>Transmisja<\/em><\/strong><\/p>\n<p>Maszyna wyposa\u017cona w precyzyjny system \u015brub kulowych znanej marki, prowadnic\u0119 liniow\u0105 i system serwonap\u0119du silnika, mo\u017ce zagwarantowa\u0107 precyzj\u0119 przetwarzania. System transmisji mo\u017ce p\u0142ynnie wsp\u00f3\u0142pracowa\u0107 z systemem sterowania CNC.<\/p>\n<p><strong><em>\u00a0<\/em><\/strong><\/p>\n<p><strong><em>System sterowania<\/em><\/strong><\/p>\n<p>U\u017cywaj profesjonalnego IPC, optymalizacji systemu obliczania ci\u0119cia, \u0142atwego w u\u017cyciu ekranu dotykowego, profesjonalnego oprogramowania do ci\u0119cia, kt\u00f3re mo\u017ce projektowa\u0107 wszelkiego rodzaju grafik\u0119, tekst, obs\u0142ug\u0119 CAD, CorelDraw.<\/p>\n<p>&nbsp;<\/p>","protected":false},"excerpt":{"rendered":"<p><strong>Odpowiednie materia\u0142y i bran\u017ce<\/strong><strong>y<\/strong><strong>:<\/strong><\/p>\n<p>Nadaje si\u0119 do precyzyjnego ci\u0119cia stali nierdzewnej, stali w\u0119glowej i niekt\u00f3rych innych materia\u0142\u00f3w metalowych, ma zastosowanie w technologii lotniczej, rakietach, samolotach, robotach, windach, parowcach i przemy\u015ble samochodowym oraz przemy\u015ble obr\u00f3bki cz\u0119\u015bci metalowych do blach, reklamy, naczy\u0144 kuchennych, narz\u0119dzi bitowych, sprz\u0119tu itp.<\/p>","protected":false},"featured_media":3512,"template":"","meta":{"_seopress_robots_primary_cat":"","_seopress_titles_title":"","_seopress_titles_desc":"","_seopress_robots_index":"","_uag_custom_page_level_css":"","site-sidebar-layout":"default","site-content-layout":"","ast-site-content-layout":"default","site-content-style":"default","site-sidebar-style":"default","ast-global-header-display":"","ast-banner-title-visibility":"","ast-main-header-display":"","ast-hfb-above-header-display":"","ast-hfb-below-header-display":"","ast-hfb-mobile-header-display":"","site-post-title":"","ast-breadcrumbs-content":"","ast-featured-img":"","footer-sml-layout":"","ast-disable-related-posts":"","theme-transparent-header-meta":"default","adv-header-id-meta":"","stick-header-meta":"default","header-above-stick-meta":"","header-main-stick-meta":"","header-below-stick-meta":"","astra-migrate-meta-layouts":"set","ast-page-background-enabled":"default","ast-page-background-meta":{"desktop":{"background-color":"","background-image":"","background-repeat":"repeat","background-position":"center center","background-size":"auto","background-attachment":"scroll","background-type":"","background-media":"","overlay-type":"","overlay-color":"","overlay-opacity":"","overlay-gradient":""},"tablet":{"background-color":"","background-image":"","background-repeat":"repeat","background-position":"center center","background-size":"auto","background-attachment":"scroll","background-type":"","background-media":"","overlay-type":"","overlay-color":"","overlay-opacity":"","overlay-gradient":""},"mobile":{"background-color":"","background-image":"","background-repeat":"repeat","background-position":"center center","background-size":"auto","background-attachment":"scroll","background-type":"","background-media":"","overlay-type":"","overlay-color":"","overlay-opacity":"","overlay-gradient":""}},"ast-content-background-meta":{"desktop":{"background-color":"var(--ast-global-color-5)","background-image":"","background-repeat":"repeat","background-position":"center center","background-size":"auto","background-attachment":"scroll","background-type":"","background-media":"","overlay-type":"","overlay-color":"","overlay-opacity":"","overlay-gradient":""},"tablet":{"background-color":"var(--ast-global-color-5)","background-image":"","background-repeat":"repeat","background-position":"center center","background-size":"auto","background-attachment":"scroll","background-type":"","background-media":"","overlay-type":"","overlay-color":"","overlay-opacity":"","overlay-gradient":""},"mobile":{"background-color":"var(--ast-global-color-5)","background-image":"","background-repeat":"repeat","background-position":"center center","background-size":"auto","background-attachment":"scroll","background-type":"","background-media":"","overlay-type":"","overlay-color":"","overlay-opacity":"","overlay-gradient":""}}},"product_brand":[],"product_cat":[57],"product_tag":[],"class_list":{"0":"post-3509","1":"product","2":"type-product","3":"status-publish","4":"has-post-thumbnail","6":"product_cat-fiberlaser","7":"desktop-align-left","8":"tablet-align-left","9":"mobile-align-left","10":"ast-product-gallery-layout-horizontal-slider","11":"ast-product-gallery-with-no-image","12":"ast-product-tabs-layout-horizontal","14":"first","15":"instock","16":"shipping-taxable","17":"product-type-simple"},"uagb_featured_image_src":{"full":["https:\/\/wisecnclaser.com\/wp-content\/uploads\/2025\/05\/d52f9a22eccb0aae42b0c5f0abd2625c.png",600,600,false],"thumbnail":["https:\/\/wisecnclaser.com\/wp-content\/uploads\/2025\/05\/d52f9a22eccb0aae42b0c5f0abd2625c-150x150.png",150,150,true],"medium":["https:\/\/wisecnclaser.com\/wp-content\/uploads\/2025\/05\/d52f9a22eccb0aae42b0c5f0abd2625c-300x300.png",300,300,true],"medium_large":["https:\/\/wisecnclaser.com\/wp-content\/uploads\/2025\/05\/d52f9a22eccb0aae42b0c5f0abd2625c.png",600,600,false],"large":["https:\/\/wisecnclaser.com\/wp-content\/uploads\/2025\/05\/d52f9a22eccb0aae42b0c5f0abd2625c.png",600,600,false],"1536x1536":["https:\/\/wisecnclaser.com\/wp-content\/uploads\/2025\/05\/d52f9a22eccb0aae42b0c5f0abd2625c.png",600,600,false],"2048x2048":["https:\/\/wisecnclaser.com\/wp-content\/uploads\/2025\/05\/d52f9a22eccb0aae42b0c5f0abd2625c.png",600,600,false],"trp-custom-language-flag":["https:\/\/wisecnclaser.com\/wp-content\/uploads\/2025\/05\/d52f9a22eccb0aae42b0c5f0abd2625c-12x12.png",12,12,true],"woocommerce_thumbnail":["https:\/\/wisecnclaser.com\/wp-content\/uploads\/2025\/05\/d52f9a22eccb0aae42b0c5f0abd2625c-300x300.png",300,300,true],"woocommerce_single":["https:\/\/wisecnclaser.com\/wp-content\/uploads\/2025\/05\/d52f9a22eccb0aae42b0c5f0abd2625c.png",600,600,false],"woocommerce_gallery_thumbnail":["https:\/\/wisecnclaser.com\/wp-content\/uploads\/2025\/05\/d52f9a22eccb0aae42b0c5f0abd2625c-100x100.png",100,100,true]},"uagb_author_info":{"display_name":"jinxing6611@gmail.com","author_link":"https:\/\/wisecnclaser.com\/pl\/author\/"},"uagb_comment_info":0,"uagb_excerpt":"Applicable materials and industry: Suitable for stainless steel, carbon steel and some other metal materials precise cutting, applicable for aerospace technology, rocket, plane, robot, elevator, steamship and automobile manufacturing and metal parts processing industry for metal plate, advertisement, kitchen ware, bit tool, hardware etc","_links":{"self":[{"href":"https:\/\/wisecnclaser.com\/pl\/wp-json\/wp\/v2\/product\/3509","targetHints":{"allow":["GET"]}}],"collection":[{"href":"https:\/\/wisecnclaser.com\/pl\/wp-json\/wp\/v2\/product"}],"about":[{"href":"https:\/\/wisecnclaser.com\/pl\/wp-json\/wp\/v2\/types\/product"}],"wp:featuredmedia":[{"embeddable":true,"href":"https:\/\/wisecnclaser.com\/pl\/wp-json\/wp\/v2\/media\/3512"}],"wp:attachment":[{"href":"https:\/\/wisecnclaser.com\/pl\/wp-json\/wp\/v2\/media?parent=3509"}],"wp:term":[{"taxonomy":"product_brand","embeddable":true,"href":"https:\/\/wisecnclaser.com\/pl\/wp-json\/wp\/v2\/product_brand?post=3509"},{"taxonomy":"product_cat","embeddable":true,"href":"https:\/\/wisecnclaser.com\/pl\/wp-json\/wp\/v2\/product_cat?post=3509"},{"taxonomy":"product_tag","embeddable":true,"href":"https:\/\/wisecnclaser.com\/pl\/wp-json\/wp\/v2\/product_tag?post=3509"}],"curies":[{"name":"wp","href":"https:\/\/api.w.org\/{rel}","templated":true}]}}