{"id":3521,"date":"2025-05-22T22:44:33","date_gmt":"2025-05-22T22:44:33","guid":{"rendered":"https:\/\/wisecnclaser.com\/?post_type=product&#038;p=3521"},"modified":"2025-05-22T22:44:33","modified_gmt":"2025-05-22T22:44:33","slug":"portable-fiber-laser-marking-machine","status":"publish","type":"product","link":"https:\/\/wisecnclaser.com\/pl\/produkt\/portable-fiber-laser-marking-machine\/","title":{"rendered":"Przeno\u015bna maszyna do znakowania laserem \u015bwiat\u0142owodowym"},"content":{"rendered":"<p><strong>Opis przeno\u015bnej maszyny do znakowania laserem \u015bwiat\u0142owodowym:<\/strong><\/p>\n<p>Zastosowanie zaawansowanego modu\u0142u \u015bwiat\u0142owodowego, wysokiej jako\u015bci wi\u0105zka wyj\u015bciowa, odpowiednia do delikatnego znakowania, mo\u017ce dok\u0142adnie kontrolowa\u0107 rozmiar, g\u0142\u0119boko\u015b\u0107 i kszta\u0142t. Ma\u0142y rozmiar i du\u017ca pr\u0119dko\u015b\u0107 przetwarzania, niskie zu\u017cycie energii, d\u0142uga \u017cywotno\u015b\u0107, mo\u017cliwo\u015b\u0107 grawerowania wszystkich rodzaj\u00f3w materia\u0142\u00f3w metalowych i niemetalowych.<\/p>\n<p><strong>G\u0142\u00f3wne cechy maszyny do znakowania laserem \u015bwiat\u0142owodowym:<\/strong><\/p>\n<p>&nbsp;<\/p>\n<p>1. Wysokiej jako\u015bci \u015bcie\u017cka lasera odpowiednia do delikatnego znakowania. Osi\u0105gni\u0119cie granicy dyfrakcji. Eksport TEMOO podstawowego trybu poprzecznego. M2 bliski 1. K\u0105t rozbie\u017cno\u015bci wi\u0105zki to tylko 1\/4 k\u0105ta lasera diodowego. \u015arednica plamki nie przekracza 20 um.<br \/>\n2. Wysoka cz\u0119stotliwo\u015b\u0107 powtarzania impuls\u00f3w i stabilna moc zapewniaj\u0105 szybkie znakowanie laserowe. Wzrost mocy impulsu jest ni\u017cszy ni\u017c w przypadku 1%. \u0141atwa kontrola rozmiaru, grubo\u015bci i kszta\u0142tu plamki lasera.<br \/>\n3. Wysoka pr\u0119dko\u015b\u0107 2-3 razy wi\u0119ksza ni\u017c w przypadku tradycyjnej maszyny do znakowania z pomp\u0105 diodow\u0105.<br \/>\n4. Inteligentny rozmiar maszyny ch\u0142odzonej powietrzem!<br \/>\n5. D\u0142uga \u017cywotno\u015b\u0107. Bardzo niski pob\u00f3r mocy wynosz\u0105cy 0,5 kW. Konwersja wydajno\u015bci do ponad 30% (nie nadaje si\u0119 do znakowania kolorami stali nierdzewnej).<\/p>\n<p>&nbsp;<\/p>\n<table border=\"1\" width=\"662\">\n<tbody>\n<tr class=\"firstRow\">\n<td colspan=\"2\" valign=\"center\" width=\"662\"><strong>Opis i specyfikacja\u00a0<\/strong><strong>Przeno\u015bny<\/strong><strong>\u00a0Maszyna do znakowania laserem \u015bwiat\u0142owodowym:<\/strong><\/td>\n<\/tr>\n<tr>\n<td valign=\"top\" width=\"224\">Pozycja nr.<\/td>\n<td valign=\"top\" width=\"438\">WS20 WS30 WS50<\/td>\n<\/tr>\n<tr>\n<td valign=\"top\" width=\"224\">Moc lasera<\/td>\n<td valign=\"top\" width=\"438\">20W 30W 50W<\/td>\n<\/tr>\n<tr>\n<td valign=\"top\" width=\"224\">D\u0142ugo\u015b\u0107 fali lasera<\/td>\n<td valign=\"top\" width=\"438\">1064nm<\/td>\n<\/tr>\n<tr>\n<td valign=\"top\" width=\"224\">Zakres znakowania<\/td>\n<td valign=\"top\" width=\"438\">110mm\u00d7110mm<\/td>\n<\/tr>\n<tr>\n<td valign=\"top\" width=\"224\">Pr\u0119dko\u015b\u0107 znakowania<\/td>\n<td valign=\"top\" width=\"438\">\u22648000 mm\/s<\/td>\n<\/tr>\n<tr>\n<td valign=\"top\" width=\"224\">Minimalny znak<\/td>\n<td valign=\"top\" width=\"438\">0,2 mm<\/td>\n<\/tr>\n<tr>\n<td valign=\"top\" width=\"224\">Minimalna szeroko\u015b\u0107 linii<\/td>\n<td valign=\"top\" width=\"438\">0,015 mm<\/td>\n<\/tr>\n<tr>\n<td valign=\"top\" width=\"224\">Dok\u0142adno\u015b\u0107 powtarzania<\/td>\n<td valign=\"top\" width=\"438\">\u00b10,001 mm<\/td>\n<\/tr>\n<tr>\n<td valign=\"top\" width=\"224\">Stabilno\u015b\u0107 zasilania<\/td>\n<td valign=\"top\" width=\"438\">&lt;5%rms<\/td>\n<\/tr>\n<tr>\n<td valign=\"top\" width=\"224\">G\u0142\u0119boko\u015b\u0107 znakowania<\/td>\n<td valign=\"top\" width=\"438\">0,3 mm<\/td>\n<\/tr>\n<tr>\n<td valign=\"top\" width=\"224\">Jako\u015b\u0107 wi\u0105zki laserowej<\/td>\n<td valign=\"top\" width=\"438\">M2\uff1c1.2<\/td>\n<\/tr>\n<tr>\n<td valign=\"top\" width=\"224\">Cz\u0119stotliwo\u015b\u0107 powtarzania<\/td>\n<td valign=\"top\" width=\"438\">20KHz-80KHz<\/td>\n<\/tr>\n<tr>\n<td valign=\"top\" width=\"224\">Uk\u0142ad ch\u0142odzenia<\/td>\n<td valign=\"top\" width=\"438\">Ch\u0142odzenie powietrzem<\/td>\n<\/tr>\n<tr>\n<td valign=\"top\" width=\"224\">J\u0119zyk oprogramowania<\/td>\n<td valign=\"top\" width=\"438\">Angielski<\/td>\n<\/tr>\n<tr>\n<td valign=\"top\" width=\"224\">Zasilanie<\/td>\n<td valign=\"top\" width=\"438\">220V\/50Hz<\/td>\n<\/tr>\n<tr>\n<td valign=\"top\" width=\"224\">Format pomocniczy<\/td>\n<td valign=\"top\" width=\"438\">BMP, GIF, JPG, PCX, TGA, TIFF, PLT, CDR, DMG, DXF itp.<\/td>\n<\/tr>\n<tr>\n<td valign=\"top\" width=\"224\">Moc og\u00f3lna<\/td>\n<td valign=\"top\" width=\"438\">0,5 KW<\/td>\n<\/tr>\n<tr>\n<td valign=\"top\" width=\"224\">Wymiary maszyny<\/td>\n<td valign=\"top\" width=\"438\">50*52,5*21cm<\/td>\n<\/tr>\n<tr>\n<td valign=\"top\" width=\"224\">Waga netto<\/td>\n<td valign=\"top\" width=\"438\">46 KG<\/td>\n<\/tr>\n<\/tbody>\n<\/table>\n<p>&nbsp;<\/p>","protected":false},"excerpt":{"rendered":"<p>Opis przeno\u015bnej maszyny do znakowania laserem \u015bwiat\u0142owodowym:<\/p>\n<p>Zastosowanie zaawansowanego modu\u0142u \u015bwiat\u0142owodowego, wysokiej jako\u015bci wi\u0105zka wyj\u015bciowa, odpowiednia do delikatnego znakowania, mo\u017ce dok\u0142adnie kontrolowa\u0107 rozmiar, g\u0142\u0119boko\u015b\u0107 i kszta\u0142t. Ma\u0142y rozmiar i du\u017ca pr\u0119dko\u015b\u0107 przetwarzania, niskie zu\u017cycie energii, d\u0142uga \u017cywotno\u015b\u0107, mo\u017cliwo\u015b\u0107 grawerowania wszystkich rodzaj\u00f3w materia\u0142\u00f3w metalowych i niemetalowych.<\/p>","protected":false},"featured_media":3524,"template":"","meta":{"_seopress_robots_primary_cat":"","_seopress_titles_title":"","_seopress_titles_desc":"","_seopress_robots_index":"","_uag_custom_page_level_css":"","site-sidebar-layout":"default","site-content-layout":"","ast-site-content-layout":"default","site-content-style":"default","site-sidebar-style":"default","ast-global-header-display":"","ast-banner-title-visibility":"","ast-main-header-display":"","ast-hfb-above-header-display":"","ast-hfb-below-header-display":"","ast-hfb-mobile-header-display":"","site-post-title":"","ast-breadcrumbs-content":"","ast-featured-img":"","footer-sml-layout":"","ast-disable-related-posts":"","theme-transparent-header-meta":"default","adv-header-id-meta":"","stick-header-meta":"default","header-above-stick-meta":"","header-main-stick-meta":"","header-below-stick-meta":"","astra-migrate-meta-layouts":"set","ast-page-background-enabled":"default","ast-page-background-meta":{"desktop":{"background-color":"","background-image":"","background-repeat":"repeat","background-position":"center center","background-size":"auto","background-attachment":"scroll","background-type":"","background-media":"","overlay-type":"","overlay-color":"","overlay-opacity":"","overlay-gradient":""},"tablet":{"background-color":"","background-image":"","background-repeat":"repeat","background-position":"center center","background-size":"auto","background-attachment":"scroll","background-type":"","background-media":"","overlay-type":"","overlay-color":"","overlay-opacity":"","overlay-gradient":""},"mobile":{"background-color":"","background-image":"","background-repeat":"repeat","background-position":"center center","background-size":"auto","background-attachment":"scroll","background-type":"","background-media":"","overlay-type":"","overlay-color":"","overlay-opacity":"","overlay-gradient":""}},"ast-content-background-meta":{"desktop":{"background-color":"var(--ast-global-color-5)","background-image":"","background-repeat":"repeat","background-position":"center center","background-size":"auto","background-attachment":"scroll","background-type":"","background-media":"","overlay-type":"","overlay-color":"","overlay-opacity":"","overlay-gradient":""},"tablet":{"background-color":"var(--ast-global-color-5)","background-image":"","background-repeat":"repeat","background-position":"center center","background-size":"auto","background-attachment":"scroll","background-type":"","background-media":"","overlay-type":"","overlay-color":"","overlay-opacity":"","overlay-gradient":""},"mobile":{"background-color":"var(--ast-global-color-5)","background-image":"","background-repeat":"repeat","background-position":"center center","background-size":"auto","background-attachment":"scroll","background-type":"","background-media":"","overlay-type":"","overlay-color":"","overlay-opacity":"","overlay-gradient":""}}},"product_brand":[],"product_cat":[57],"product_tag":[],"class_list":{"0":"post-3521","1":"product","2":"type-product","3":"status-publish","4":"has-post-thumbnail","6":"product_cat-fiberlaser","7":"desktop-align-left","8":"tablet-align-left","9":"mobile-align-left","10":"ast-product-gallery-layout-horizontal-slider","11":"ast-product-gallery-with-no-image","12":"ast-product-tabs-layout-horizontal","14":"first","15":"instock","16":"shipping-taxable","17":"product-type-simple"},"uagb_featured_image_src":{"full":["https:\/\/wisecnclaser.com\/wp-content\/uploads\/2025\/05\/eca2713e226231e5c35e95dc9e6aadee.jpg",800,800,false],"thumbnail":["https:\/\/wisecnclaser.com\/wp-content\/uploads\/2025\/05\/eca2713e226231e5c35e95dc9e6aadee-150x150.jpg",150,150,true],"medium":["https:\/\/wisecnclaser.com\/wp-content\/uploads\/2025\/05\/eca2713e226231e5c35e95dc9e6aadee-300x300.jpg",300,300,true],"medium_large":["https:\/\/wisecnclaser.com\/wp-content\/uploads\/2025\/05\/eca2713e226231e5c35e95dc9e6aadee-768x768.jpg",768,768,true],"large":["https:\/\/wisecnclaser.com\/wp-content\/uploads\/2025\/05\/eca2713e226231e5c35e95dc9e6aadee.jpg",800,800,false],"1536x1536":["https:\/\/wisecnclaser.com\/wp-content\/uploads\/2025\/05\/eca2713e226231e5c35e95dc9e6aadee.jpg",800,800,false],"2048x2048":["https:\/\/wisecnclaser.com\/wp-content\/uploads\/2025\/05\/eca2713e226231e5c35e95dc9e6aadee.jpg",800,800,false],"trp-custom-language-flag":["https:\/\/wisecnclaser.com\/wp-content\/uploads\/2025\/05\/eca2713e226231e5c35e95dc9e6aadee-12x12.jpg",12,12,true],"woocommerce_thumbnail":["https:\/\/wisecnclaser.com\/wp-content\/uploads\/2025\/05\/eca2713e226231e5c35e95dc9e6aadee-300x300.jpg",300,300,true],"woocommerce_single":["https:\/\/wisecnclaser.com\/wp-content\/uploads\/2025\/05\/eca2713e226231e5c35e95dc9e6aadee-600x600.jpg",600,600,true],"woocommerce_gallery_thumbnail":["https:\/\/wisecnclaser.com\/wp-content\/uploads\/2025\/05\/eca2713e226231e5c35e95dc9e6aadee-100x100.jpg",100,100,true]},"uagb_author_info":{"display_name":"jinxing6611@gmail.com","author_link":"https:\/\/wisecnclaser.com\/pl\/author\/"},"uagb_comment_info":0,"uagb_excerpt":"Description of portable fiber laser marking machine: Application of advanced fiber module, high quality output beam, suitable for delicate marking, can control size, depth, and shape accurately. Small size and fast processing speed, low energy consumption, long service life, can engrave all kinds of metal and nonmetal materials.","_links":{"self":[{"href":"https:\/\/wisecnclaser.com\/pl\/wp-json\/wp\/v2\/product\/3521","targetHints":{"allow":["GET"]}}],"collection":[{"href":"https:\/\/wisecnclaser.com\/pl\/wp-json\/wp\/v2\/product"}],"about":[{"href":"https:\/\/wisecnclaser.com\/pl\/wp-json\/wp\/v2\/types\/product"}],"wp:featuredmedia":[{"embeddable":true,"href":"https:\/\/wisecnclaser.com\/pl\/wp-json\/wp\/v2\/media\/3524"}],"wp:attachment":[{"href":"https:\/\/wisecnclaser.com\/pl\/wp-json\/wp\/v2\/media?parent=3521"}],"wp:term":[{"taxonomy":"product_brand","embeddable":true,"href":"https:\/\/wisecnclaser.com\/pl\/wp-json\/wp\/v2\/product_brand?post=3521"},{"taxonomy":"product_cat","embeddable":true,"href":"https:\/\/wisecnclaser.com\/pl\/wp-json\/wp\/v2\/product_cat?post=3521"},{"taxonomy":"product_tag","embeddable":true,"href":"https:\/\/wisecnclaser.com\/pl\/wp-json\/wp\/v2\/product_tag?post=3521"}],"curies":[{"name":"wp","href":"https:\/\/api.w.org\/{rel}","templated":true}]}}