{"id":3549,"date":"2025-05-22T23:04:11","date_gmt":"2025-05-22T23:04:11","guid":{"rendered":"https:\/\/wisecnclaser.com\/?post_type=product&#038;p=3549"},"modified":"2025-05-22T23:04:11","modified_gmt":"2025-05-22T23:04:11","slug":"four-heads-atc-nesting-cnc-router","status":"publish","type":"product","link":"https:\/\/wisecnclaser.com\/pl\/produkt\/four-heads-atc-nesting-cnc-router\/","title":{"rendered":"Czterog\u0142owicowy ploter CNC do zagnie\u017cd\u017cania ATC"},"content":{"rendered":"<p>Czterog\u0142owicowa frezarka cnc do ci\u0119cia drewna nadaje si\u0119 do: mebli panelowych, szaf, mebli biurowych, mebli na zam\u00f3wienie. Szafy ubraniowe, biurka komputerowe, drewniane g\u0142o\u015bniki, drewniane przybory kuchenne i inne meble p\u0142ytowe ci\u0119cie p\u0142aszczyzn, frezowanie, fazowanie, wykrawanie, rze\u017abienie i inne przetwarzanie pomocnicze itp.<\/p>\n<p>Czterog\u0142owicowa frezarka g\u00f3rnowrzecionowa cnc to maszyna do ci\u0119cia drewna, kt\u00f3ra mo\u017ce automatycznie zmienia\u0107 narz\u0119dzia. Cztery wrzeciona s\u0105 zainstalowane obok siebie na suwnicy maszyny, pr\u0119dko\u015b\u0107 zmiany narz\u0119dzia jest du\u017ca, a zmiana narz\u0119dzia mo\u017ce zosta\u0107 zako\u0144czona w 8 sekund. Czteroprocesowa maszyna do ci\u0119cia szaf (maszyna do ci\u0119cia szaf) jest urz\u0105dzeniem dwufunkcyjnym. Mo\u017ce to by\u0107 frezarka cnc do niestandardowych mebli, a tak\u017ce frezarka cnc do rze\u017abienia i frezowania drzwi szaf.<\/p>\n<p>Cena czterog\u0142owicowej maszyny do ci\u0119cia drewna cnc jest stosunkowo ekonomiczna w por\u00f3wnaniu do innych modeli i jest to bardzo dobry wyb\u00f3r dla niekt\u00f3rych ma\u0142ych i \u015brednich firm produkuj\u0105cych meble panelowe, kt\u00f3re maj\u0105 niewielk\u0105 wielko\u015b\u0107 produkcji.<\/p>\n<p>&nbsp;<\/p>\n<table border=\"1\">\n<tbody>\n<tr class=\"firstRow\">\n<td colspan=\"2\" valign=\"center\" width=\"662\"><strong>Opis i specyfikacja<\/strong><strong>\u00a0czterog\u0142owicowy ploter CNC z pneumatyczn\u0105 wymian\u0105 narz\u0119dzi\u00a0<\/strong><strong>:<\/strong><\/td>\n<\/tr>\n<tr>\n<td valign=\"top\" width=\"259\">X Obszar roboczy<\/td>\n<td valign=\"top\" width=\"403\">1300 mm<\/td>\n<\/tr>\n<tr>\n<td valign=\"top\" width=\"259\">Y Obszar roboczy<\/td>\n<td valign=\"top\" width=\"403\">2500 mm<\/td>\n<\/tr>\n<tr>\n<td valign=\"top\" width=\"259\">Z Obszar roboczy<\/td>\n<td valign=\"top\" width=\"403\">200 mm<\/td>\n<\/tr>\n<tr>\n<td valign=\"top\" width=\"259\">St\u00f3\u0142 maszynowy<\/td>\n<td valign=\"top\" width=\"403\">St\u00f3\u0142 pr\u00f3\u017cniowy<\/td>\n<\/tr>\n<tr>\n<td valign=\"top\" width=\"259\">Dok\u0142adno\u015b\u0107 pozycjonowania w ruchu<\/td>\n<td valign=\"top\" width=\"403\">\u00b10,05 mm<\/td>\n<\/tr>\n<tr>\n<td valign=\"top\" width=\"259\">Dok\u0142adno\u015b\u0107 pozycjonowania<\/td>\n<td valign=\"top\" width=\"403\">\u00b10,05 mm<\/td>\n<\/tr>\n<tr>\n<td valign=\"top\" width=\"259\">Struktura X,Y,Z<\/td>\n<td valign=\"top\" width=\"403\">Ko\u0142o z\u0119bate XY, \u015bruba kulowa Z. Wszystkie osie wykorzystuj\u0105 prowadnic\u0119 kwadratow\u0105 tajwa\u0144skiej marki TBI<\/td>\n<\/tr>\n<tr>\n<td valign=\"top\" width=\"259\">Maks. Pr\u0119dko\u015b\u0107 robocza<\/td>\n<td valign=\"top\" width=\"403\">25000 mm\/min<\/td>\n<\/tr>\n<tr>\n<td valign=\"top\" width=\"259\">Wrzeciono<\/td>\n<td valign=\"top\" width=\"403\">Wrzeciono ch\u0142odz\u0105ce powietrzem 4,5 kW * 2 + wrzeciono ch\u0142odz\u0105ce powietrzem 6 kW * 2<\/td>\n<\/tr>\n<tr>\n<td valign=\"top\" width=\"259\">Pr\u0119dko\u015b\u0107 wrzeciona<\/td>\n<td valign=\"top\" width=\"403\">0-18000 obr.<\/td>\n<\/tr>\n<tr>\n<td valign=\"top\" width=\"259\">Silnik nap\u0119dowy<\/td>\n<td valign=\"top\" width=\"403\">Chi\u0144ski sterownik serwo i silnik<\/td>\n<\/tr>\n<tr>\n<td valign=\"top\" width=\"259\">Polecenie<\/td>\n<td valign=\"top\" width=\"403\">G-code*.u00*.mmg*.plt<\/td>\n<\/tr>\n<tr>\n<td valign=\"top\" width=\"259\">Napi\u0119cie robocze<\/td>\n<td valign=\"top\" width=\"403\">3PH AC380V\/50Hz<\/td>\n<\/tr>\n<tr>\n<td valign=\"top\" width=\"259\">System kontroli<\/td>\n<td valign=\"top\" width=\"403\">System sterowania z Tajwanu lub Szanghaju<\/td>\n<\/tr>\n<tr>\n<td valign=\"top\" width=\"259\">Szyna prowadz\u0105ca<\/td>\n<td valign=\"top\" width=\"403\">Tajwan Kwadratowa szyna o rozmiarze 25<\/td>\n<\/tr>\n<tr>\n<td valign=\"top\" width=\"259\">Szafa sterownicza<\/td>\n<td valign=\"top\" width=\"403\">Niezale\u017cny gabinet<\/td>\n<\/tr>\n<tr>\n<td rowspan=\"6\" valign=\"center\" width=\"259\">Urz\u0105dzenie pomocnicze<\/td>\n<td valign=\"top\" width=\"403\">Czujnik narz\u0119dzia<\/td>\n<\/tr>\n<tr>\n<td valign=\"top\" width=\"403\">Odpylacz o mocy 5,5 kW<\/td>\n<\/tr>\n<tr>\n<td valign=\"top\" width=\"403\">Wyskakuj\u0105ce sworznie - urz\u0105dzenie pozycjonuj\u0105ce cylinder<\/td>\n<\/tr>\n<tr>\n<td valign=\"top\" width=\"403\">Wodna pompa pr\u00f3\u017cniowa o mocy 7,5 kW<\/td>\n<\/tr>\n<tr>\n<td valign=\"top\" width=\"403\">Urz\u0105dzenie podaj\u0105ce materia\u0142<\/td>\n<\/tr>\n<tr>\n<td valign=\"top\" width=\"403\">Ko\u0142o zaciskowe do prasowania materia\u0142u<\/td>\n<\/tr>\n<\/tbody>\n<\/table>","protected":false},"excerpt":{"rendered":"<p>Czterog\u0142owicowa frezarka cnc do ci\u0119cia drewna nadaje si\u0119 do: mebli panelowych, szaf, mebli biurowych, mebli na zam\u00f3wienie. Szafy ubraniowe, biurka komputerowe, drewniane g\u0142o\u015bniki, drewniane przybory kuchenne i inne meble p\u0142ytowe ci\u0119cie p\u0142aszczyzn, frezowanie, fazowanie, wykrawanie, rze\u017abienie i inne przetwarzanie pomocnicze itp.<\/p>\n<p>Four heads nesting cnc router machine is a wood cutting machine that can actively change tools automatically. Four spindles are installed side by side on machine gantry, The tool change speed is fast, and the tool change can be completed in 8 seconds. The four-process wardrobe cutting machine (cabinet cutting machine) is a dual-purpose equipment. It can be nesting cnc router for custom furniture, and it can also be a cnc router for cabinet door carving and milling.<\/p>\n<p>Cena czterog\u0142owicowej maszyny do ci\u0119cia drewna cnc jest stosunkowo ekonomiczna w por\u00f3wnaniu do innych modeli i jest to bardzo dobry wyb\u00f3r dla niekt\u00f3rych ma\u0142ych i \u015brednich firm produkuj\u0105cych meble panelowe, kt\u00f3re maj\u0105 niewielk\u0105 wielko\u015b\u0107 produkcji.<\/p>","protected":false},"featured_media":3552,"template":"","meta":{"_seopress_robots_primary_cat":"","_seopress_titles_title":"","_seopress_titles_desc":"","_seopress_robots_index":"","_uag_custom_page_level_css":"","site-sidebar-layout":"default","site-content-layout":"","ast-site-content-layout":"default","site-content-style":"default","site-sidebar-style":"default","ast-global-header-display":"","ast-banner-title-visibility":"","ast-main-header-display":"","ast-hfb-above-header-display":"","ast-hfb-below-header-display":"","ast-hfb-mobile-header-display":"","site-post-title":"","ast-breadcrumbs-content":"","ast-featured-img":"","footer-sml-layout":"","ast-disable-related-posts":"","theme-transparent-header-meta":"default","adv-header-id-meta":"","stick-header-meta":"default","header-above-stick-meta":"","header-main-stick-meta":"","header-below-stick-meta":"","astra-migrate-meta-layouts":"set","ast-page-background-enabled":"default","ast-page-background-meta":{"desktop":{"background-color":"","background-image":"","background-repeat":"repeat","background-position":"center center","background-size":"auto","background-attachment":"scroll","background-type":"","background-media":"","overlay-type":"","overlay-color":"","overlay-opacity":"","overlay-gradient":""},"tablet":{"background-color":"","background-image":"","background-repeat":"repeat","background-position":"center center","background-size":"auto","background-attachment":"scroll","background-type":"","background-media":"","overlay-type":"","overlay-color":"","overlay-opacity":"","overlay-gradient":""},"mobile":{"background-color":"","background-image":"","background-repeat":"repeat","background-position":"center center","background-size":"auto","background-attachment":"scroll","background-type":"","background-media":"","overlay-type":"","overlay-color":"","overlay-opacity":"","overlay-gradient":""}},"ast-content-background-meta":{"desktop":{"background-color":"var(--ast-global-color-5)","background-image":"","background-repeat":"repeat","background-position":"center center","background-size":"auto","background-attachment":"scroll","background-type":"","background-media":"","overlay-type":"","overlay-color":"","overlay-opacity":"","overlay-gradient":""},"tablet":{"background-color":"var(--ast-global-color-5)","background-image":"","background-repeat":"repeat","background-position":"center center","background-size":"auto","background-attachment":"scroll","background-type":"","background-media":"","overlay-type":"","overlay-color":"","overlay-opacity":"","overlay-gradient":""},"mobile":{"background-color":"var(--ast-global-color-5)","background-image":"","background-repeat":"repeat","background-position":"center center","background-size":"auto","background-attachment":"scroll","background-type":"","background-media":"","overlay-type":"","overlay-color":"","overlay-opacity":"","overlay-gradient":""}}},"product_brand":[],"product_cat":[34],"product_tag":[],"class_list":{"0":"post-3549","1":"product","2":"type-product","3":"status-publish","4":"has-post-thumbnail","6":"product_cat-nesting","7":"desktop-align-left","8":"tablet-align-left","9":"mobile-align-left","10":"ast-product-gallery-layout-horizontal-slider","11":"ast-product-tabs-layout-horizontal","13":"first","14":"instock","15":"shipping-taxable","16":"product-type-simple"},"uagb_featured_image_src":{"full":["https:\/\/wisecnclaser.com\/wp-content\/uploads\/2025\/05\/dc9666ec36de9e9f1d816c309fb0cbe1.jpg",800,800,false],"thumbnail":["https:\/\/wisecnclaser.com\/wp-content\/uploads\/2025\/05\/dc9666ec36de9e9f1d816c309fb0cbe1-150x150.jpg",150,150,true],"medium":["https:\/\/wisecnclaser.com\/wp-content\/uploads\/2025\/05\/dc9666ec36de9e9f1d816c309fb0cbe1-300x300.jpg",300,300,true],"medium_large":["https:\/\/wisecnclaser.com\/wp-content\/uploads\/2025\/05\/dc9666ec36de9e9f1d816c309fb0cbe1-768x768.jpg",768,768,true],"large":["https:\/\/wisecnclaser.com\/wp-content\/uploads\/2025\/05\/dc9666ec36de9e9f1d816c309fb0cbe1.jpg",800,800,false],"1536x1536":["https:\/\/wisecnclaser.com\/wp-content\/uploads\/2025\/05\/dc9666ec36de9e9f1d816c309fb0cbe1.jpg",800,800,false],"2048x2048":["https:\/\/wisecnclaser.com\/wp-content\/uploads\/2025\/05\/dc9666ec36de9e9f1d816c309fb0cbe1.jpg",800,800,false],"trp-custom-language-flag":["https:\/\/wisecnclaser.com\/wp-content\/uploads\/2025\/05\/dc9666ec36de9e9f1d816c309fb0cbe1-12x12.jpg",12,12,true],"woocommerce_thumbnail":["https:\/\/wisecnclaser.com\/wp-content\/uploads\/2025\/05\/dc9666ec36de9e9f1d816c309fb0cbe1-300x300.jpg",300,300,true],"woocommerce_single":["https:\/\/wisecnclaser.com\/wp-content\/uploads\/2025\/05\/dc9666ec36de9e9f1d816c309fb0cbe1-600x600.jpg",600,600,true],"woocommerce_gallery_thumbnail":["https:\/\/wisecnclaser.com\/wp-content\/uploads\/2025\/05\/dc9666ec36de9e9f1d816c309fb0cbe1-100x100.jpg",100,100,true]},"uagb_author_info":{"display_name":"jinxing6611@gmail.com","author_link":"https:\/\/wisecnclaser.com\/pl\/author\/"},"uagb_comment_info":0,"uagb_excerpt":"The four heads wood cutting cnc router machine is suitable for: panel furniture, cabinet wardrobe, office furniture, custom furniture. Wardrobe cabinets, computer desks, wooden speakers, wooden kitchen utensils and other board furniture plane cutting, milling, beveling, punching, carving and other auxiliary processing, etc. Four heads nesting cnc router machine is a wood cutting machine that&hellip;","_links":{"self":[{"href":"https:\/\/wisecnclaser.com\/pl\/wp-json\/wp\/v2\/product\/3549","targetHints":{"allow":["GET"]}}],"collection":[{"href":"https:\/\/wisecnclaser.com\/pl\/wp-json\/wp\/v2\/product"}],"about":[{"href":"https:\/\/wisecnclaser.com\/pl\/wp-json\/wp\/v2\/types\/product"}],"wp:featuredmedia":[{"embeddable":true,"href":"https:\/\/wisecnclaser.com\/pl\/wp-json\/wp\/v2\/media\/3552"}],"wp:attachment":[{"href":"https:\/\/wisecnclaser.com\/pl\/wp-json\/wp\/v2\/media?parent=3549"}],"wp:term":[{"taxonomy":"product_brand","embeddable":true,"href":"https:\/\/wisecnclaser.com\/pl\/wp-json\/wp\/v2\/product_brand?post=3549"},{"taxonomy":"product_cat","embeddable":true,"href":"https:\/\/wisecnclaser.com\/pl\/wp-json\/wp\/v2\/product_cat?post=3549"},{"taxonomy":"product_tag","embeddable":true,"href":"https:\/\/wisecnclaser.com\/pl\/wp-json\/wp\/v2\/product_tag?post=3549"}],"curies":[{"name":"wp","href":"https:\/\/api.w.org\/{rel}","templated":true}]}}