{"id":3556,"date":"2025-05-22T23:06:21","date_gmt":"2025-05-22T23:06:21","guid":{"rendered":"https:\/\/wisecnclaser.com\/?post_type=product&#038;p=3556"},"modified":"2025-05-22T23:06:21","modified_gmt":"2025-05-22T23:06:21","slug":"linear-atc-nesting-cnc-router","status":"publish","type":"product","link":"https:\/\/wisecnclaser.com\/pl\/produkt\/linear-atc-nesting-cnc-router\/","title":{"rendered":"Liniowy ploter CNC do zagnie\u017cd\u017cania ATC"},"content":{"rendered":"<p><strong>Cechy:<\/strong><\/p>\n<p>1. Ca\u0142y korpus maszyny wykonany jest ze stali bez szwu, poddanej obr\u00f3bce starzeniowej, sztywnej, bez deformacji.<\/p>\n<p>2. Silnik serwo, wysoka precyzja i du\u017ca pr\u0119dko\u015b\u0107.<\/p>\n<p>3. Kwadratowa prowadnica szynowa Taiwan 25, p\u0142ynna praca, wysoka precyzja, d\u0142uga \u017cywotno\u015b\u0107.<\/p>\n<p>4. Wrzeciono ch\u0142odzone powietrzem HQD 9KW, d\u0142uga \u017cywotno\u015b\u0107, pr\u0119dko\u015b\u0107 do 18000 obr \/ min, rze\u017abiona g\u0142adka powierzchnia.<\/p>\n<p>5. Du\u017ca, wyposa\u017cona w oddzieln\u0105 szafk\u0119, podzielona obs\u0142uga klawiatury, podzielona obs\u0142uga klawiatury, prosta i wygodna, \u0142atwa do nauczenia.<\/p>\n<p>6. Dzi\u0119ki systemowi pr\u00f3\u017cniowemu, system pr\u00f3\u017cniowy mo\u017ce by\u0107 zasysany w procesie przetwarzania wi\u00f3r\u00f3w drzewnych i gruzu, aby utrzyma\u0107 st\u00f3\u0142 w czysto\u015bci i po\u015bredniej konserwacji sprz\u0119tu.<\/p>\n<p><strong>\u00a0<\/strong><\/p>\n<p><strong>Zastosowanie:<\/strong><\/p>\n<p>Nadaje si\u0119 do stolarki, drzwi drewnianych, mebli, szafek, form, mebli panelowych itp.<\/p>\n<p>&nbsp;<\/p>\n<table border=\"1\" width=\"662\">\n<tbody>\n<tr class=\"firstRow\">\n<td colspan=\"2\" valign=\"center\" width=\"662\"><strong>Opis i specyfikacja plotera CNC ATC:<\/strong><\/td>\n<\/tr>\n<tr>\n<td valign=\"top\" width=\"331\">Model<\/td>\n<td valign=\"top\" width=\"331\">WS1325H<\/td>\n<\/tr>\n<tr>\n<td valign=\"top\" width=\"331\">X Obszar roboczy<\/td>\n<td valign=\"top\" width=\"331\">1300 mm<\/td>\n<\/tr>\n<tr>\n<td valign=\"top\" width=\"331\">Y Obszar roboczy<\/td>\n<td valign=\"top\" width=\"331\">2500 mm<\/td>\n<\/tr>\n<tr>\n<td valign=\"top\" width=\"331\">Z Obszar roboczy<\/td>\n<td valign=\"top\" width=\"331\">200 mm<\/td>\n<\/tr>\n<tr>\n<td valign=\"top\" width=\"331\">St\u00f3\u0142 maszynowy<\/td>\n<td valign=\"top\" width=\"331\">st\u00f3\u0142 pr\u00f3\u017cniowy<\/td>\n<\/tr>\n<tr>\n<td valign=\"top\" width=\"331\">Dok\u0142adno\u015b\u0107 pozycjonowania w ruchu<\/td>\n<td valign=\"top\" width=\"331\">\u00b10,05 mm<\/td>\n<\/tr>\n<tr>\n<td valign=\"top\" width=\"331\">Dok\u0142adno\u015b\u0107 pozycjonowania<\/td>\n<td valign=\"top\" width=\"331\">\u00b10,05 mm<\/td>\n<\/tr>\n<tr>\n<td valign=\"top\" width=\"331\">Struktura X,Y,Z<\/td>\n<td valign=\"top\" width=\"331\">Ko\u0142o z\u0119bate XY, \u015bruba kulowa Z. Wszystkie osie wykorzystuj\u0105 prowadnic\u0119 kwadratow\u0105<\/td>\n<\/tr>\n<tr>\n<td valign=\"top\" width=\"331\">NARZ\u0118DZIA ATC<\/td>\n<td valign=\"top\" width=\"331\">12 NARZ\u0118DZI w linii<\/td>\n<\/tr>\n<tr>\n<td valign=\"top\" width=\"331\">Maks. Szybko\u015b\u0107 jazdy<\/td>\n<td valign=\"top\" width=\"331\">50000 mm\/min<\/td>\n<\/tr>\n<tr>\n<td valign=\"top\" width=\"331\">Maks. Pr\u0119dko\u015b\u0107 robocza<\/td>\n<td valign=\"top\" width=\"331\">25000 mm\/min<\/td>\n<\/tr>\n<tr>\n<td valign=\"top\" width=\"331\">Wrzeciono<\/td>\n<td valign=\"top\" width=\"331\">Wrzeciono 9KW HQD ATC<\/td>\n<\/tr>\n<tr>\n<td valign=\"top\" width=\"331\">Pr\u0119dko\u015b\u0107 wrzeciona<\/td>\n<td valign=\"top\" width=\"331\">0-18000 obr.<\/td>\n<\/tr>\n<tr>\n<td valign=\"top\" width=\"331\">Silnik nap\u0119dowy<\/td>\n<td valign=\"top\" width=\"331\">Chi\u0144skie serwo<\/td>\n<\/tr>\n<tr>\n<td valign=\"top\" width=\"331\">Polecenie<\/td>\n<td valign=\"top\" width=\"331\">G-code*.u00*.mmg*.plt<\/td>\n<\/tr>\n<tr>\n<td valign=\"top\" width=\"331\">Napi\u0119cie robocze<\/td>\n<td valign=\"top\" width=\"331\">3PH AC380V\/50Hz<\/td>\n<\/tr>\n<tr>\n<td valign=\"top\" width=\"331\">System kontroli<\/td>\n<td valign=\"top\" width=\"331\">Tajwan lub system sterowania Ncstudio<\/td>\n<\/tr>\n<tr>\n<td valign=\"top\" width=\"331\">Szyna prowadz\u0105ca<\/td>\n<td valign=\"top\" width=\"331\">Tajwan 25 szyna kwadratowa<\/td>\n<\/tr>\n<tr>\n<td valign=\"top\" width=\"331\">Szafa sterownicza<\/td>\n<td valign=\"top\" width=\"331\">szafka dotykowa z ekranem<\/td>\n<\/tr>\n<tr>\n<td valign=\"top\" width=\"331\">System smarowania<\/td>\n<td valign=\"top\" width=\"331\">Automatyczny system smarowania<\/td>\n<\/tr>\n<tr>\n<td valign=\"top\" width=\"331\">Urz\u0105dzenie pomocnicze<\/td>\n<td valign=\"top\" width=\"331\">Wyskakuj\u0105ce ko\u0142ki - do mocowania materia\u0142u we w\u0142a\u015bciwym miejscu, czujnik narz\u0119dzia do kalibracji tej samej wysoko\u015bci osi Z ka\u017cdego narz\u0119dzia, odpylacz 3 kW, pompa pr\u00f3\u017cniowa<\/td>\n<\/tr>\n<\/tbody>\n<\/table>\n<p>&nbsp;<\/p>\n<div style=\"width: 960px;\" class=\"wp-video\"><video class=\"wp-video-shortcode\" id=\"video-3556-1\" width=\"960\" height=\"544\" preload=\"metadata\" controls=\"controls\"><source type=\"video\/mp4\" src=\"https:\/\/wisecnclaser.com\/wp-content\/uploads\/2025\/05\/1618799247906342.mp4?_=1\" \/><a href=\"https:\/\/wisecnclaser.com\/wp-content\/uploads\/2025\/05\/1618799247906342.mp4\">https:\/\/wisecnclaser.com\/wp-content\/uploads\/2025\/05\/1618799247906342.mp4<\/a><\/video><\/div>","protected":false},"excerpt":{"rendered":"<p>This wood cutting milling machine is specially developed for the door milling and panel furniture cutting.<\/p>\n<p>The automatic tool changer is equipped with a tool magazine. The tool magazine is generally 12 tools and can be loaded with 12 different tools. Any complex pattern can be completed, Especially the cabinet doors have more patterns, which need more than four tools. It is suitable for panel furniture, cabinet doors, office furniture, custom furniture, door industry and other industries.<\/p>\n<p>Applicable board: multi-layer board, particle board, ecological board, density board, wave board and other boards.<\/p>","protected":false},"featured_media":3559,"template":"","meta":{"_seopress_robots_primary_cat":"","_seopress_titles_title":"","_seopress_titles_desc":"","_seopress_robots_index":"","_uag_custom_page_level_css":"","site-sidebar-layout":"default","site-content-layout":"","ast-site-content-layout":"default","site-content-style":"default","site-sidebar-style":"default","ast-global-header-display":"","ast-banner-title-visibility":"","ast-main-header-display":"","ast-hfb-above-header-display":"","ast-hfb-below-header-display":"","ast-hfb-mobile-header-display":"","site-post-title":"","ast-breadcrumbs-content":"","ast-featured-img":"","footer-sml-layout":"","ast-disable-related-posts":"","theme-transparent-header-meta":"default","adv-header-id-meta":"","stick-header-meta":"default","header-above-stick-meta":"","header-main-stick-meta":"","header-below-stick-meta":"","astra-migrate-meta-layouts":"set","ast-page-background-enabled":"default","ast-page-background-meta":{"desktop":{"background-color":"","background-image":"","background-repeat":"repeat","background-position":"center center","background-size":"auto","background-attachment":"scroll","background-type":"","background-media":"","overlay-type":"","overlay-color":"","overlay-opacity":"","overlay-gradient":""},"tablet":{"background-color":"","background-image":"","background-repeat":"repeat","background-position":"center center","background-size":"auto","background-attachment":"scroll","background-type":"","background-media":"","overlay-type":"","overlay-color":"","overlay-opacity":"","overlay-gradient":""},"mobile":{"background-color":"","background-image":"","background-repeat":"repeat","background-position":"center center","background-size":"auto","background-attachment":"scroll","background-type":"","background-media":"","overlay-type":"","overlay-color":"","overlay-opacity":"","overlay-gradient":""}},"ast-content-background-meta":{"desktop":{"background-color":"var(--ast-global-color-5)","background-image":"","background-repeat":"repeat","background-position":"center center","background-size":"auto","background-attachment":"scroll","background-type":"","background-media":"","overlay-type":"","overlay-color":"","overlay-opacity":"","overlay-gradient":""},"tablet":{"background-color":"var(--ast-global-color-5)","background-image":"","background-repeat":"repeat","background-position":"center center","background-size":"auto","background-attachment":"scroll","background-type":"","background-media":"","overlay-type":"","overlay-color":"","overlay-opacity":"","overlay-gradient":""},"mobile":{"background-color":"var(--ast-global-color-5)","background-image":"","background-repeat":"repeat","background-position":"center center","background-size":"auto","background-attachment":"scroll","background-type":"","background-media":"","overlay-type":"","overlay-color":"","overlay-opacity":"","overlay-gradient":""}}},"product_brand":[],"product_cat":[34],"product_tag":[],"class_list":{"0":"post-3556","1":"product","2":"type-product","3":"status-publish","4":"has-post-thumbnail","6":"product_cat-nesting","7":"desktop-align-left","8":"tablet-align-left","9":"mobile-align-left","10":"ast-product-gallery-layout-horizontal-slider","11":"ast-product-gallery-with-no-image","12":"ast-product-tabs-layout-horizontal","14":"first","15":"instock","16":"shipping-taxable","17":"product-type-simple"},"uagb_featured_image_src":{"full":["https:\/\/wisecnclaser.com\/wp-content\/uploads\/2025\/05\/4161c18925d2e856cbb344b5afdaf8f9.jpg",800,800,false],"thumbnail":["https:\/\/wisecnclaser.com\/wp-content\/uploads\/2025\/05\/4161c18925d2e856cbb344b5afdaf8f9-150x150.jpg",150,150,true],"medium":["https:\/\/wisecnclaser.com\/wp-content\/uploads\/2025\/05\/4161c18925d2e856cbb344b5afdaf8f9-300x300.jpg",300,300,true],"medium_large":["https:\/\/wisecnclaser.com\/wp-content\/uploads\/2025\/05\/4161c18925d2e856cbb344b5afdaf8f9-768x768.jpg",768,768,true],"large":["https:\/\/wisecnclaser.com\/wp-content\/uploads\/2025\/05\/4161c18925d2e856cbb344b5afdaf8f9.jpg",800,800,false],"1536x1536":["https:\/\/wisecnclaser.com\/wp-content\/uploads\/2025\/05\/4161c18925d2e856cbb344b5afdaf8f9.jpg",800,800,false],"2048x2048":["https:\/\/wisecnclaser.com\/wp-content\/uploads\/2025\/05\/4161c18925d2e856cbb344b5afdaf8f9.jpg",800,800,false],"trp-custom-language-flag":["https:\/\/wisecnclaser.com\/wp-content\/uploads\/2025\/05\/4161c18925d2e856cbb344b5afdaf8f9-12x12.jpg",12,12,true],"woocommerce_thumbnail":["https:\/\/wisecnclaser.com\/wp-content\/uploads\/2025\/05\/4161c18925d2e856cbb344b5afdaf8f9-300x300.jpg",300,300,true],"woocommerce_single":["https:\/\/wisecnclaser.com\/wp-content\/uploads\/2025\/05\/4161c18925d2e856cbb344b5afdaf8f9-600x600.jpg",600,600,true],"woocommerce_gallery_thumbnail":["https:\/\/wisecnclaser.com\/wp-content\/uploads\/2025\/05\/4161c18925d2e856cbb344b5afdaf8f9-100x100.jpg",100,100,true]},"uagb_author_info":{"display_name":"jinxing6611@gmail.com","author_link":"https:\/\/wisecnclaser.com\/pl\/author\/"},"uagb_comment_info":0,"uagb_excerpt":"This wood cutting milling machine is specially developed for the door milling and panel furniture cutting. The automatic tool changer is equipped with a tool magazine. The tool magazine is generally 12 tools and can be loaded with 12 different tools. Any complex pattern can be completed, Especially the cabinet doors have more patterns, which&hellip;","_links":{"self":[{"href":"https:\/\/wisecnclaser.com\/pl\/wp-json\/wp\/v2\/product\/3556","targetHints":{"allow":["GET"]}}],"collection":[{"href":"https:\/\/wisecnclaser.com\/pl\/wp-json\/wp\/v2\/product"}],"about":[{"href":"https:\/\/wisecnclaser.com\/pl\/wp-json\/wp\/v2\/types\/product"}],"wp:featuredmedia":[{"embeddable":true,"href":"https:\/\/wisecnclaser.com\/pl\/wp-json\/wp\/v2\/media\/3559"}],"wp:attachment":[{"href":"https:\/\/wisecnclaser.com\/pl\/wp-json\/wp\/v2\/media?parent=3556"}],"wp:term":[{"taxonomy":"product_brand","embeddable":true,"href":"https:\/\/wisecnclaser.com\/pl\/wp-json\/wp\/v2\/product_brand?post=3556"},{"taxonomy":"product_cat","embeddable":true,"href":"https:\/\/wisecnclaser.com\/pl\/wp-json\/wp\/v2\/product_cat?post=3556"},{"taxonomy":"product_tag","embeddable":true,"href":"https:\/\/wisecnclaser.com\/pl\/wp-json\/wp\/v2\/product_tag?post=3556"}],"curies":[{"name":"wp","href":"https:\/\/api.w.org\/{rel}","templated":true}]}}