{"id":3569,"date":"2025-05-22T23:11:23","date_gmt":"2025-05-22T23:11:23","guid":{"rendered":"https:\/\/wisecnclaser.com\/?post_type=product&#038;p=3569"},"modified":"2025-05-22T23:11:23","modified_gmt":"2025-05-22T23:11:23","slug":"advanced-sliding-table-saw-with-auto-lifting","status":"publish","type":"product","link":"https:\/\/wisecnclaser.com\/pl\/produkt\/advanced-sliding-table-saw-with-auto-lifting\/","title":{"rendered":"Zaawansowana przesuwna pi\u0142a sto\u0142owa z automatycznym podnoszeniem"},"content":{"rendered":"<p><strong>Cechy zaawansowanej pi\u0142y panelowej:<\/strong><\/p>\n<p>1. europejska blokada krok po kroku, dwuwarstwowa pogrubiona okr\u0105g\u0142a chromowana szyna prowadz\u0105ca, \u0142o\u017cysko wysokoci\u015bnieniowe, dok\u0142adniejsza p\u0142yta tn\u0105ca, poprawiaj\u0105 \u017cywotno\u015b\u0107 i dok\u0142adno\u015b\u0107 ca\u0142ej maszyny. Wysokowytrzyma\u0142a, dwuwarstwowa, poszerzona wewn\u0119trzna konstrukcja prowadnicy okr\u0105g\u0142ej typu push-pull poprawia stabilno\u015b\u0107 i precyzj\u0119 ca\u0142ej maszyny.<\/p>\n<p>2. Du\u017ca Europa zale\u017cy od w\u0142adcy, jest stabilna i nie zmienia si\u0119.<\/p>\n<p>Silnik z czystej miedzi o du\u017cej mocy, moc pi\u0142y g\u0142\u00f3wnej 5,5 kW, moc ma\u0142ej pi\u0142y 1,1 kW, du\u017ca moc i d\u0142uga \u017cywotno\u015b\u0107.<\/p>\n<p>3. Podw\u00f3jna konstrukcja brzeszczotu, wyra\u017any podzia\u0142 pracy, ma\u0142e ci\u0119cie i trasowanie, du\u017ce ci\u0119cie i otwieranie, eliminacja p\u0142yt, zadzior\u00f3w i odprysk\u00f3w.<\/p>\n<p>4. Nieodkszta\u0142cony \u017celiwny blat.<\/p>\n<p>5. Samoza\u0142adowcza olejarka, r\u0119czne nape\u0142nianie olejem, smarowanie wewn\u0119trznej struktury maszyny, \u0142atwa konserwacja.<\/p>\n<p><strong>Parametry techniczne:<\/strong><\/p>\n<table border=\"1\">\n<tbody>\n<tr class=\"firstRow\">\n<td valign=\"top\" width=\"280\">Wymiary sto\u0142u przesuwnego<\/td>\n<td valign=\"top\" width=\"362\">2800*375mm &amp; 3000*375mm &amp; 3200*375mm<\/td>\n<\/tr>\n<tr>\n<td valign=\"top\" width=\"280\">Maksymalna wydajno\u015b\u0107 ci\u0119cia<\/td>\n<td valign=\"top\" width=\"362\">2800 mm, 3000 mm i 3200 mm<\/td>\n<\/tr>\n<tr>\n<td valign=\"top\" width=\"280\">Maksymalna szeroko\u015b\u0107 ci\u0119cia (szeroko\u015b\u0107 ci\u0119cia mi\u0119dzy tarcz\u0105 pi\u0142y a prowadnic\u0105 wzd\u0142u\u017cn\u0105)<\/td>\n<td valign=\"top\" width=\"362\">1250 mm<\/td>\n<\/tr>\n<tr>\n<td valign=\"top\" width=\"280\">\u015arednica brzeszczotu<\/td>\n<td valign=\"top\" width=\"362\">300 mm<\/td>\n<\/tr>\n<tr>\n<td valign=\"top\" width=\"280\">Maksymalna grubo\u015b\u0107 ci\u0119cia<\/td>\n<td valign=\"top\" width=\"362\">75 mm<\/td>\n<\/tr>\n<tr>\n<td valign=\"top\" width=\"280\">Pr\u0119dko\u015b\u0107 g\u0142\u00f3wnego wrzeciona pi\u0142y<\/td>\n<td valign=\"top\" width=\"362\">4000\/6000\/min<\/td>\n<\/tr>\n<tr>\n<td valign=\"top\" width=\"280\">\u015arednica wrzeciona pi\u0142y g\u0142\u00f3wnej<\/td>\n<td valign=\"top\" width=\"362\">30 mm<\/td>\n<\/tr>\n<tr>\n<td valign=\"top\" width=\"280\"><strong>Moc pi\u0142y g\u0142\u00f3wnej<\/strong><\/td>\n<td valign=\"top\" width=\"362\"><strong>5,5 KW<\/strong><\/td>\n<\/tr>\n<tr>\n<td valign=\"top\" width=\"280\">\u015arednica brzeszczotu<\/td>\n<td valign=\"top\" width=\"362\">120 mm<\/td>\n<\/tr>\n<tr>\n<td valign=\"top\" width=\"280\">Pr\u0119dko\u015b\u0107 obrotowa brzeszczotu<\/td>\n<td valign=\"top\" width=\"362\">8000<\/td>\n<\/tr>\n<tr>\n<td valign=\"top\" width=\"280\">\u015arednica pi\u0142y wt\u00f3rnej<\/td>\n<td valign=\"top\" width=\"362\">120 mm<\/td>\n<\/tr>\n<tr>\n<td valign=\"top\" width=\"280\">Pr\u0119dko\u015b\u0107 drugiego wrzeciona pi\u0142y<\/td>\n<td valign=\"top\" width=\"362\">8000\/min<\/td>\n<\/tr>\n<tr>\n<td valign=\"top\" width=\"280\"><strong>silnik punktacji dodatkowej<\/strong><\/td>\n<td valign=\"top\" width=\"362\"><strong>1,1 KW<\/strong><\/td>\n<\/tr>\n<tr>\n<td valign=\"top\" width=\"280\">Przechylny brzeszczot<\/td>\n<td valign=\"top\" width=\"362\">0-45 stopni<\/td>\n<\/tr>\n<tr>\n<td valign=\"top\" width=\"280\">Waga netto<\/td>\n<td valign=\"top\" width=\"362\">650 kg<\/td>\n<\/tr>\n<tr>\n<td valign=\"top\" width=\"280\">Ca\u0142kowity rozmiar maszyny<\/td>\n<td valign=\"top\" width=\"362\">2800*2600*950mm<\/td>\n<\/tr>\n<tr>\n<td valign=\"top\" width=\"280\">Rozmiar opakowania maszyny<\/td>\n<td valign=\"top\" width=\"362\">2800*1100*950mm<\/td>\n<\/tr>\n<tr>\n<td valign=\"top\" width=\"280\">Moc<\/td>\n<td valign=\"top\" width=\"362\">380V\/220V<\/td>\n<\/tr>\n<tr>\n<td valign=\"top\" width=\"280\">Cz\u0119\u015bci pomocnicze lub akcesoria<\/td>\n<td valign=\"top\" width=\"362\">Maska ochronna, linijka k\u0105towa, pi\u0142a do ci\u0119cia 1 zestaw<\/td>\n<\/tr>\n<\/tbody>\n<\/table>\n<p>&nbsp;<\/p>","protected":false},"excerpt":{"rendered":"<p>Cechy zaawansowanej pi\u0142y panelowej:\u00a0<\/p>\n<p>1. europejska blokada krok po kroku, dwuwarstwowa pogrubiona okr\u0105g\u0142a chromowana szyna prowadz\u0105ca, \u0142o\u017cysko wysokoci\u015bnieniowe, dok\u0142adniejsza p\u0142yta tn\u0105ca, poprawiaj\u0105 \u017cywotno\u015b\u0107 i dok\u0142adno\u015b\u0107 ca\u0142ej maszyny. Wysokowytrzyma\u0142a, dwuwarstwowa, poszerzona wewn\u0119trzna konstrukcja prowadnicy okr\u0105g\u0142ej typu push-pull poprawia stabilno\u015b\u0107 i precyzj\u0119 ca\u0142ej maszyny.<\/p>\n<p>2. Du\u017ca Europa zale\u017cy od w\u0142adcy, jest stabilna i nie zmienia si\u0119.<\/p>\n<p>Silnik z czystej miedzi o du\u017cej mocy, moc pi\u0142y g\u0142\u00f3wnej 5,5 kW, moc ma\u0142ej pi\u0142y 1,1 kW, du\u017ca moc i d\u0142uga \u017cywotno\u015b\u0107.<\/p>\n<p>3. Podw\u00f3jna konstrukcja brzeszczotu, wyra\u017any podzia\u0142 pracy, ma\u0142e ci\u0119cie i trasowanie, du\u017ce ci\u0119cie i otwieranie, eliminacja p\u0142yt, zadzior\u00f3w i odprysk\u00f3w.<\/p>\n<p>4. Nieodkszta\u0142cony \u017celiwny blat.<\/p>\n<p>5. Samoza\u0142adowcza olejarka, r\u0119czne nape\u0142nianie olejem, smarowanie wewn\u0119trznej struktury maszyny, \u0142atwa konserwacja.<\/p>","protected":false},"featured_media":3572,"template":"","meta":{"_seopress_robots_primary_cat":"","_seopress_titles_title":"","_seopress_titles_desc":"","_seopress_robots_index":"","_uag_custom_page_level_css":"","site-sidebar-layout":"default","site-content-layout":"","ast-site-content-layout":"default","site-content-style":"default","site-sidebar-style":"default","ast-global-header-display":"","ast-banner-title-visibility":"","ast-main-header-display":"","ast-hfb-above-header-display":"","ast-hfb-below-header-display":"","ast-hfb-mobile-header-display":"","site-post-title":"","ast-breadcrumbs-content":"","ast-featured-img":"","footer-sml-layout":"","ast-disable-related-posts":"","theme-transparent-header-meta":"default","adv-header-id-meta":"","stick-header-meta":"default","header-above-stick-meta":"","header-main-stick-meta":"","header-below-stick-meta":"","astra-migrate-meta-layouts":"set","ast-page-background-enabled":"default","ast-page-background-meta":{"desktop":{"background-color":"","background-image":"","background-repeat":"repeat","background-position":"center center","background-size":"auto","background-attachment":"scroll","background-type":"","background-media":"","overlay-type":"","overlay-color":"","overlay-opacity":"","overlay-gradient":""},"tablet":{"background-color":"","background-image":"","background-repeat":"repeat","background-position":"center center","background-size":"auto","background-attachment":"scroll","background-type":"","background-media":"","overlay-type":"","overlay-color":"","overlay-opacity":"","overlay-gradient":""},"mobile":{"background-color":"","background-image":"","background-repeat":"repeat","background-position":"center center","background-size":"auto","background-attachment":"scroll","background-type":"","background-media":"","overlay-type":"","overlay-color":"","overlay-opacity":"","overlay-gradient":""}},"ast-content-background-meta":{"desktop":{"background-color":"var(--ast-global-color-5)","background-image":"","background-repeat":"repeat","background-position":"center center","background-size":"auto","background-attachment":"scroll","background-type":"","background-media":"","overlay-type":"","overlay-color":"","overlay-opacity":"","overlay-gradient":""},"tablet":{"background-color":"var(--ast-global-color-5)","background-image":"","background-repeat":"repeat","background-position":"center center","background-size":"auto","background-attachment":"scroll","background-type":"","background-media":"","overlay-type":"","overlay-color":"","overlay-opacity":"","overlay-gradient":""},"mobile":{"background-color":"var(--ast-global-color-5)","background-image":"","background-repeat":"repeat","background-position":"center center","background-size":"auto","background-attachment":"scroll","background-type":"","background-media":"","overlay-type":"","overlay-color":"","overlay-opacity":"","overlay-gradient":""}}},"product_brand":[],"product_cat":[39],"product_tag":[],"class_list":{"0":"post-3569","1":"product","2":"type-product","3":"status-publish","4":"has-post-thumbnail","6":"product_cat-cuttingsaw","7":"desktop-align-left","8":"tablet-align-left","9":"mobile-align-left","10":"ast-product-gallery-layout-horizontal-slider","11":"ast-product-gallery-with-no-image","12":"ast-product-tabs-layout-horizontal","14":"first","15":"instock","16":"shipping-taxable","17":"product-type-simple"},"uagb_featured_image_src":{"full":["https:\/\/wisecnclaser.com\/wp-content\/uploads\/2025\/05\/132c266c1f4e680efd22400ee3f1f6db.jpg",800,800,false],"thumbnail":["https:\/\/wisecnclaser.com\/wp-content\/uploads\/2025\/05\/132c266c1f4e680efd22400ee3f1f6db-150x150.jpg",150,150,true],"medium":["https:\/\/wisecnclaser.com\/wp-content\/uploads\/2025\/05\/132c266c1f4e680efd22400ee3f1f6db-300x300.jpg",300,300,true],"medium_large":["https:\/\/wisecnclaser.com\/wp-content\/uploads\/2025\/05\/132c266c1f4e680efd22400ee3f1f6db-768x768.jpg",768,768,true],"large":["https:\/\/wisecnclaser.com\/wp-content\/uploads\/2025\/05\/132c266c1f4e680efd22400ee3f1f6db.jpg",800,800,false],"1536x1536":["https:\/\/wisecnclaser.com\/wp-content\/uploads\/2025\/05\/132c266c1f4e680efd22400ee3f1f6db.jpg",800,800,false],"2048x2048":["https:\/\/wisecnclaser.com\/wp-content\/uploads\/2025\/05\/132c266c1f4e680efd22400ee3f1f6db.jpg",800,800,false],"trp-custom-language-flag":["https:\/\/wisecnclaser.com\/wp-content\/uploads\/2025\/05\/132c266c1f4e680efd22400ee3f1f6db-12x12.jpg",12,12,true],"woocommerce_thumbnail":["https:\/\/wisecnclaser.com\/wp-content\/uploads\/2025\/05\/132c266c1f4e680efd22400ee3f1f6db-300x300.jpg",300,300,true],"woocommerce_single":["https:\/\/wisecnclaser.com\/wp-content\/uploads\/2025\/05\/132c266c1f4e680efd22400ee3f1f6db-600x600.jpg",600,600,true],"woocommerce_gallery_thumbnail":["https:\/\/wisecnclaser.com\/wp-content\/uploads\/2025\/05\/132c266c1f4e680efd22400ee3f1f6db-100x100.jpg",100,100,true]},"uagb_author_info":{"display_name":"jinxing6611@gmail.com","author_link":"https:\/\/wisecnclaser.com\/pl\/author\/"},"uagb_comment_info":0,"uagb_excerpt":"Features of advanced panel saw:\u00a0 1.European step-by-step lock, double-layer thickened round bar chrome-plated guide rail, high pressure bearing, more accurate cutting plate, improve the life and accuracy of the whole machine. The high-strength extrusion push-pull double-layer widened inner round bar guide structure improves the stability and precision of the whole machine. 2. Big Europe depends&hellip;","_links":{"self":[{"href":"https:\/\/wisecnclaser.com\/pl\/wp-json\/wp\/v2\/product\/3569","targetHints":{"allow":["GET"]}}],"collection":[{"href":"https:\/\/wisecnclaser.com\/pl\/wp-json\/wp\/v2\/product"}],"about":[{"href":"https:\/\/wisecnclaser.com\/pl\/wp-json\/wp\/v2\/types\/product"}],"wp:featuredmedia":[{"embeddable":true,"href":"https:\/\/wisecnclaser.com\/pl\/wp-json\/wp\/v2\/media\/3572"}],"wp:attachment":[{"href":"https:\/\/wisecnclaser.com\/pl\/wp-json\/wp\/v2\/media?parent=3569"}],"wp:term":[{"taxonomy":"product_brand","embeddable":true,"href":"https:\/\/wisecnclaser.com\/pl\/wp-json\/wp\/v2\/product_brand?post=3569"},{"taxonomy":"product_cat","embeddable":true,"href":"https:\/\/wisecnclaser.com\/pl\/wp-json\/wp\/v2\/product_cat?post=3569"},{"taxonomy":"product_tag","embeddable":true,"href":"https:\/\/wisecnclaser.com\/pl\/wp-json\/wp\/v2\/product_tag?post=3569"}],"curies":[{"name":"wp","href":"https:\/\/api.w.org\/{rel}","templated":true}]}}