{"id":3577,"date":"2025-05-22T23:16:10","date_gmt":"2025-05-22T23:16:10","guid":{"rendered":"https:\/\/wisecnclaser.com\/?post_type=product&#038;p=3577"},"modified":"2025-05-22T23:16:10","modified_gmt":"2025-05-22T23:16:10","slug":"hot-selling-1325-cnc-router","status":"publish","type":"product","link":"https:\/\/wisecnclaser.com\/pl\/produkt\/hot-selling-1325-cnc-router\/","title":{"rendered":"Gor\u0105co sprzedaj\u0105cy si\u0119 ploter CNC 1325"},"content":{"rendered":"<table border=\"1\" width=\"662\">\n<tbody>\n<tr class=\"firstRow\">\n<td colspan=\"2\" valign=\"center\" width=\"662\"><strong>Opis i specyfikacja:<\/strong><\/td>\n<\/tr>\n<tr>\n<td valign=\"top\" width=\"331\">X Obszar roboczy<\/td>\n<td valign=\"top\" width=\"331\">1300 mm<\/td>\n<\/tr>\n<tr>\n<td valign=\"top\" width=\"331\">Y Obszar roboczy<\/td>\n<td valign=\"top\" width=\"331\">2500 mm<\/td>\n<\/tr>\n<tr>\n<td valign=\"top\" width=\"331\">Z Obszar roboczy<\/td>\n<td valign=\"top\" width=\"331\">200 mm<\/td>\n<\/tr>\n<tr>\n<td valign=\"top\" width=\"331\">St\u00f3\u0142 maszynowy<\/td>\n<td valign=\"top\" width=\"331\">Rowek T<\/td>\n<\/tr>\n<tr>\n<td valign=\"top\" width=\"331\">Dok\u0142adno\u015b\u0107 pozycjonowania w ruchu<\/td>\n<td valign=\"top\" width=\"331\">\u00b10,05 mm<\/td>\n<\/tr>\n<tr>\n<td valign=\"top\" width=\"331\">Dok\u0142adno\u015b\u0107 pozycjonowania<\/td>\n<td valign=\"top\" width=\"331\">\u00b10,02 mm<\/td>\n<\/tr>\n<tr>\n<td valign=\"top\" width=\"331\">Struktura X,Y,Z<\/td>\n<td valign=\"top\" width=\"331\">Ko\u0142o z\u0119bate XY \u015aruba kulowa Z<\/td>\n<\/tr>\n<tr>\n<td valign=\"top\" width=\"331\">Maks. Pob\u00f3r mocy (bez wrzeciona)<\/td>\n<td valign=\"top\" width=\"331\">0,8 KW<\/td>\n<\/tr>\n<tr>\n<td valign=\"top\" width=\"331\">Maks. Szybko\u015b\u0107 jazdy<\/td>\n<td valign=\"top\" width=\"331\">25000 mm\/min<\/td>\n<\/tr>\n<tr>\n<td valign=\"top\" width=\"331\">Maks. Pr\u0119dko\u015b\u0107 robocza<\/td>\n<td valign=\"top\" width=\"331\">15000 mm\/min<\/td>\n<\/tr>\n<tr>\n<td valign=\"top\" width=\"331\">Wrzeciono<\/td>\n<td valign=\"top\" width=\"331\">Wrzeciono ch\u0142odzone wod\u0105 o mocy 3 kW<\/td>\n<\/tr>\n<tr>\n<td valign=\"top\" width=\"331\">Pr\u0119dko\u015b\u0107 wrzeciona<\/td>\n<td valign=\"top\" width=\"331\">0-24000 obr.<\/td>\n<\/tr>\n<tr>\n<td valign=\"top\" width=\"331\">Silnik nap\u0119dowy<\/td>\n<td valign=\"top\" width=\"331\">Stepper<\/td>\n<\/tr>\n<tr>\n<td valign=\"top\" width=\"331\">Polecenie<\/td>\n<td valign=\"top\" width=\"331\">G-code*.u00*.mmg*.plt<\/td>\n<\/tr>\n<tr>\n<td valign=\"top\" width=\"331\">Napi\u0119cie robocze<\/td>\n<td valign=\"top\" width=\"331\">AC220V\/50HZ lub AC380V\/50HZ<\/td>\n<\/tr>\n<tr>\n<td valign=\"top\" width=\"331\">System kontroli<\/td>\n<td valign=\"top\" width=\"331\">Dsp offline<\/td>\n<\/tr>\n<tr>\n<td valign=\"top\" width=\"331\">Szafa sterownicza<\/td>\n<td valign=\"top\" width=\"331\">Niezale\u017cna skrzynka kontrolna<\/td>\n<\/tr>\n<\/tbody>\n<\/table>\n<p>Opis:  Gor\u0105ca sprzeda\u017c Jednog\u0142owicowa maszyna do grawerowania drewna 1325 frezarka cnc<\/p>\n<p>Nazwa produktu: router cnc<\/p>\n<p>Uk\u0142ad nap\u0119dowy: Stepper\/Servo<\/p>\n<p>Silnik mocy wrzeciona: 3,0 KW, 4,5 KW, 6 KW<\/p>\n<p>J\u0119zyk polece\u0144 G-code<\/p>\n<p>Skrzynia bieg\u00f3w: ko\u0142o z\u0119bate, z\u0119batka<\/p>\n<p>System sterowania: ncstudio\/dsp<\/p>\n<p>St\u00f3\u0142 maszyny: rowek teowy\/st\u00f3\u0142 pr\u00f3\u017cniowy<\/p>\n<p>Rama maszyny: wytrzyma\u0142a konstrukcja stalowa<\/p>\n<p>Gwarancja: 1 rok<\/p>\n<p>Kolor: niebieski i bia\u0142y\/niestandardowy<\/p>\n<p>Tryb ch\u0142odzenia wrzeciona: ch\u0142odzenie wod\u0105\/powietrzem<\/p>\n<p>Tuleja zaciskowa: ER11, ER16, ER20, ER25<\/p>\n<p>Zastosowanie:<\/p>\n<p>Stosowany g\u0142\u00f3wnie w przemy\u015ble mebli drewnianych, takich jak obr\u00f3bka drzwi drewnianych, drzwi szafek, drzwi artystycznych i rzemie\u015blniczych, ci\u0119cie MDF, ci\u0119cie p\u0142yt drewnianych, grawerowanie kolumn drewnianych i obr\u00f3bka innych materia\u0142\u00f3w niemetalowych itp.<\/p>\n<p>Funkcja:<\/p>\n<p>1. Importowana prosta szyna prowadz\u0105ca typu party, dwurz\u0119dowy czterorz\u0119dowy blok kulkowy, \u0142adowanie<\/p>\n<p>wydajno\u015b\u0107, p\u0142ynna praca, wysoka precyzja, d\u0142uga \u017cywotno\u015b\u0107 Importuj \u015brub\u0119 kulow\u0105 o wysokiej precyzji.<\/p>\n<p>2. Dopasowanie do wyboru \u0142o\u017cysk NSK importowanych z japo\u0144skiego szybkiego silnika ch\u0142odzonego wod\u0105. Wrzeciono ch\u0142odzone powietrzem o mocy 6 kW, wrzeciono g\u0142\u00f3wne o mocy 3,0 KW, du\u017ca moc, stabilna wydajno\u015b\u0107.<\/p>\n<p>3. Komputerowy system sterowania makrami on-line, przyjmuj\u0105cy unikalne inteligentne regu\u0142y bud\u017cetowe, w pe\u0142ni wykorzystuj\u0105cy potencja\u0142 silnika i osi\u0105gaj\u0105cy wysok\u0105 pr\u0119dko\u015b\u0107 przetwarzania, synchroniczny liniowy utw\u00f3r, doskonalsza krzywa.<\/p>\n<p>4. Kompatybilno\u015b\u0107 z oprogramowaniem i mo\u017ce by\u0107 kompatybilna z Type3 \/ Actcam \/ Castmate \/ Wentai i wieloma rodzajami oprogramowania do projektowania CAD \/ CAM.<\/p>\n<p>5. Sze\u015b\u0107 partycji adsorpcji pr\u00f3\u017cniowej mesa, mo\u017ce by\u0107 skuteczne w r\u00f3\u017cnych rozmiarach materia\u0142u adsorpcyjnego.<\/p>\n<p>6. Dzi\u0119ki zastosowaniu szybkiego silnika krokowego i nap\u0119du, o\u015b Y przyjmuje podw\u00f3jny nap\u0119d silnika, zapewnia szybk\u0105 prac\u0119 25 m \/ punkt powy\u017cej pr\u0119dko\u015bci pustej linii, z mocnym wrzecionem tn\u0105cym mo\u017ce poprawi\u0107 pr\u0119dko\u015b\u0107 rze\u017abienia.<\/p>","protected":false},"excerpt":{"rendered":"<p>Opis:  Gor\u0105ca sprzeda\u017c Jednog\u0142owicowa maszyna do grawerowania drewna 1325 frezarka cnc<\/p>\n<p>Nazwa produktu: router cnc<\/p>\n<p>Uk\u0142ad nap\u0119dowy: Stepper\/Servo<\/p>\n<p>Silnik mocy wrzeciona: 3,0 KW, 4,5 KW, 6 KW<\/p>\n<p>J\u0119zyk polece\u0144 G-code<\/p>\n<p>Skrzynia bieg\u00f3w: ko\u0142o z\u0119bate, z\u0119batka<\/p>\n<p>System sterowania: ncstudio\/dsp<\/p>\n<p>St\u00f3\u0142 maszyny: rowek teowy\/st\u00f3\u0142 pr\u00f3\u017cniowy<\/p>\n<p>Rama maszyny: wytrzyma\u0142a konstrukcja stalowa<\/p>\n<p>Gwarancja: 1 rok<\/p>\n<p>Kolor: niebieski i bia\u0142y\/niestandardowy<\/p>\n<p>Tryb ch\u0142odzenia wrzeciona: ch\u0142odzenie wod\u0105\/powietrzem<\/p>\n<p>Tuleja zaciskowa: ER11, ER16, ER20, ER25<\/p>","protected":false},"featured_media":3580,"template":"","meta":{"_seopress_robots_primary_cat":"","_seopress_titles_title":"","_seopress_titles_desc":"","_seopress_robots_index":"","_uag_custom_page_level_css":"","site-sidebar-layout":"default","site-content-layout":"","ast-site-content-layout":"default","site-content-style":"default","site-sidebar-style":"default","ast-global-header-display":"","ast-banner-title-visibility":"","ast-main-header-display":"","ast-hfb-above-header-display":"","ast-hfb-below-header-display":"","ast-hfb-mobile-header-display":"","site-post-title":"","ast-breadcrumbs-content":"","ast-featured-img":"","footer-sml-layout":"","ast-disable-related-posts":"","theme-transparent-header-meta":"default","adv-header-id-meta":"","stick-header-meta":"default","header-above-stick-meta":"","header-main-stick-meta":"","header-below-stick-meta":"","astra-migrate-meta-layouts":"set","ast-page-background-enabled":"default","ast-page-background-meta":{"desktop":{"background-color":"","background-image":"","background-repeat":"repeat","background-position":"center center","background-size":"auto","background-attachment":"scroll","background-type":"","background-media":"","overlay-type":"","overlay-color":"","overlay-opacity":"","overlay-gradient":""},"tablet":{"background-color":"","background-image":"","background-repeat":"repeat","background-position":"center center","background-size":"auto","background-attachment":"scroll","background-type":"","background-media":"","overlay-type":"","overlay-color":"","overlay-opacity":"","overlay-gradient":""},"mobile":{"background-color":"","background-image":"","background-repeat":"repeat","background-position":"center center","background-size":"auto","background-attachment":"scroll","background-type":"","background-media":"","overlay-type":"","overlay-color":"","overlay-opacity":"","overlay-gradient":""}},"ast-content-background-meta":{"desktop":{"background-color":"var(--ast-global-color-5)","background-image":"","background-repeat":"repeat","background-position":"center center","background-size":"auto","background-attachment":"scroll","background-type":"","background-media":"","overlay-type":"","overlay-color":"","overlay-opacity":"","overlay-gradient":""},"tablet":{"background-color":"var(--ast-global-color-5)","background-image":"","background-repeat":"repeat","background-position":"center center","background-size":"auto","background-attachment":"scroll","background-type":"","background-media":"","overlay-type":"","overlay-color":"","overlay-opacity":"","overlay-gradient":""},"mobile":{"background-color":"var(--ast-global-color-5)","background-image":"","background-repeat":"repeat","background-position":"center center","background-size":"auto","background-attachment":"scroll","background-type":"","background-media":"","overlay-type":"","overlay-color":"","overlay-opacity":"","overlay-gradient":""}}},"product_brand":[],"product_cat":[42],"product_tag":[],"class_list":{"0":"post-3577","1":"product","2":"type-product","3":"status-publish","4":"has-post-thumbnail","6":"product_cat-normal","7":"desktop-align-left","8":"tablet-align-left","9":"mobile-align-left","10":"ast-product-gallery-layout-horizontal-slider","11":"ast-product-gallery-with-no-image","12":"ast-product-tabs-layout-horizontal","14":"first","15":"instock","16":"shipping-taxable","17":"product-type-simple"},"uagb_featured_image_src":{"full":["https:\/\/wisecnclaser.com\/wp-content\/uploads\/2025\/05\/01cab26fb6b0fa27ea006a60b821cacb.png",800,800,false],"thumbnail":["https:\/\/wisecnclaser.com\/wp-content\/uploads\/2025\/05\/01cab26fb6b0fa27ea006a60b821cacb-150x150.png",150,150,true],"medium":["https:\/\/wisecnclaser.com\/wp-content\/uploads\/2025\/05\/01cab26fb6b0fa27ea006a60b821cacb-300x300.png",300,300,true],"medium_large":["https:\/\/wisecnclaser.com\/wp-content\/uploads\/2025\/05\/01cab26fb6b0fa27ea006a60b821cacb-768x768.png",768,768,true],"large":["https:\/\/wisecnclaser.com\/wp-content\/uploads\/2025\/05\/01cab26fb6b0fa27ea006a60b821cacb.png",800,800,false],"1536x1536":["https:\/\/wisecnclaser.com\/wp-content\/uploads\/2025\/05\/01cab26fb6b0fa27ea006a60b821cacb.png",800,800,false],"2048x2048":["https:\/\/wisecnclaser.com\/wp-content\/uploads\/2025\/05\/01cab26fb6b0fa27ea006a60b821cacb.png",800,800,false],"trp-custom-language-flag":["https:\/\/wisecnclaser.com\/wp-content\/uploads\/2025\/05\/01cab26fb6b0fa27ea006a60b821cacb-12x12.png",12,12,true],"woocommerce_thumbnail":["https:\/\/wisecnclaser.com\/wp-content\/uploads\/2025\/05\/01cab26fb6b0fa27ea006a60b821cacb-300x300.png",300,300,true],"woocommerce_single":["https:\/\/wisecnclaser.com\/wp-content\/uploads\/2025\/05\/01cab26fb6b0fa27ea006a60b821cacb-600x600.png",600,600,true],"woocommerce_gallery_thumbnail":["https:\/\/wisecnclaser.com\/wp-content\/uploads\/2025\/05\/01cab26fb6b0fa27ea006a60b821cacb-100x100.png",100,100,true]},"uagb_author_info":{"display_name":"jinxing6611@gmail.com","author_link":"https:\/\/wisecnclaser.com\/pl\/author\/"},"uagb_comment_info":0,"uagb_excerpt":"Description:\u00a0 Hot sales Single head wood engraving machine 1325 cnc router machine Product Name:\u00a0 cnc router Driving system:\u00a0Stepper\/Servo Spindle Power Motor: 3.0KW,4.5KW,6KW Command Language\u00a0 G-code Transmission:gear and wheel, rack pinion Control system:ncstudio\/dsp Machine table:T-slot\/Vacuum table Machine frame: heavy duty steel structure Warranty: 1 year Color: blue and white\/customized Spindle cooling mode: water cooling\/air cooling Collet:&hellip;","_links":{"self":[{"href":"https:\/\/wisecnclaser.com\/pl\/wp-json\/wp\/v2\/product\/3577","targetHints":{"allow":["GET"]}}],"collection":[{"href":"https:\/\/wisecnclaser.com\/pl\/wp-json\/wp\/v2\/product"}],"about":[{"href":"https:\/\/wisecnclaser.com\/pl\/wp-json\/wp\/v2\/types\/product"}],"wp:featuredmedia":[{"embeddable":true,"href":"https:\/\/wisecnclaser.com\/pl\/wp-json\/wp\/v2\/media\/3580"}],"wp:attachment":[{"href":"https:\/\/wisecnclaser.com\/pl\/wp-json\/wp\/v2\/media?parent=3577"}],"wp:term":[{"taxonomy":"product_brand","embeddable":true,"href":"https:\/\/wisecnclaser.com\/pl\/wp-json\/wp\/v2\/product_brand?post=3577"},{"taxonomy":"product_cat","embeddable":true,"href":"https:\/\/wisecnclaser.com\/pl\/wp-json\/wp\/v2\/product_cat?post=3577"},{"taxonomy":"product_tag","embeddable":true,"href":"https:\/\/wisecnclaser.com\/pl\/wp-json\/wp\/v2\/product_tag?post=3577"}],"curies":[{"name":"wp","href":"https:\/\/api.w.org\/{rel}","templated":true}]}}