{"id":3594,"date":"2025-05-22T23:25:24","date_gmt":"2025-05-22T23:25:24","guid":{"rendered":"https:\/\/wisecnclaser.com\/?post_type=product&#038;p=3594"},"modified":"2025-05-23T02:49:52","modified_gmt":"2025-05-23T02:49:52","slug":"mfz360d-automatic-edge-banding-machine","status":"publish","type":"product","link":"https:\/\/wisecnclaser.com\/pl\/produkt\/mfz360d-automatic-edge-banding-machine\/","title":{"rendered":"Automatyczna okleiniarka MFZ360D"},"content":{"rendered":"<p><strong>Cechy automatycznej okleiniarki MFZ360D:<\/strong><\/p>\n<p>Automatyczna okleiniarka do kraw\u0119dzi to sprz\u0119t do automatycznego oklejania kraw\u0119dzi mebli panelowych, oszcz\u0119dzaj\u0105cy prac\u0119 i czas, doskona\u0142e oklejanie kraw\u0119dzi i zaawansowany<\/p>\n<p>Konfiguracja i rozs\u0105dna konstrukcja zmniejszaj\u0105 trudno\u015b\u0107 pracy, zmniejszaj\u0105 zale\u017cno\u015b\u0107 od wykwalifikowanych pracownik\u00f3w i znacznie poprawiaj\u0105 jako\u015b\u0107 produktu.<\/p>\n<p>Maszyna jest szeroko stosowana w szafach, garderobach, niestandardowych meblach panelowych i innych bran\u017cach.<\/p>\n<p><strong>\u00a0<\/strong><\/p>\n<p><strong>Parametry techniczne:<\/strong><\/p>\n<table border=\"1\" width=\"662\">\n<tbody>\n<tr class=\"firstRow\">\n<td colspan=\"2\" valign=\"center\" width=\"662\"><strong>Opis i specyfikacja automatycznej szlifierki kraw\u0119dziowej:<\/strong><\/td>\n<\/tr>\n<tr>\n<td valign=\"top\" width=\"331\">Model<\/td>\n<td valign=\"top\" width=\"331\">MFZ360D<\/td>\n<\/tr>\n<tr>\n<td valign=\"top\" width=\"331\">Moc silnika<\/td>\n<td valign=\"top\" width=\"331\">10,44 kW<\/td>\n<\/tr>\n<tr>\n<td valign=\"top\" width=\"331\">Ca\u0142kowity rozmiar<\/td>\n<td valign=\"top\" width=\"331\">4700\u00d71100\u00d71600 mm<\/td>\n<\/tr>\n<tr>\n<td valign=\"top\" width=\"331\">Pr\u0119dko\u015b\u0107 posuwu<\/td>\n<td valign=\"top\" width=\"331\">12-20 m\/min<\/td>\n<\/tr>\n<tr>\n<td valign=\"top\" width=\"331\">Grubo\u015b\u0107 panelu<\/td>\n<td valign=\"top\" width=\"331\">9-60 mm<\/td>\n<\/tr>\n<tr>\n<td valign=\"top\" width=\"331\">Grubo\u015b\u0107 kraw\u0119dzi<\/td>\n<td valign=\"top\" width=\"331\">0,4-3 mm<\/td>\n<\/tr>\n<tr>\n<td valign=\"top\" width=\"331\">Szeroko\u015b\u0107 panelu<\/td>\n<td valign=\"top\" width=\"331\">\u226540 mm<\/td>\n<\/tr>\n<tr>\n<td valign=\"top\" width=\"331\">Ci\u015bnienie robocze<\/td>\n<td valign=\"top\" width=\"331\">6 kg<\/td>\n<\/tr>\n<tr>\n<td valign=\"top\" width=\"331\">Waga<\/td>\n<td valign=\"top\" width=\"331\">1900 kg<\/td>\n<\/tr>\n<tr>\n<td valign=\"top\" width=\"331\"><strong>Urz\u0105dzenie maszynowe<\/strong><\/td>\n<td valign=\"top\" width=\"331\">&nbsp;<\/p>\n<p>PLC TAIWAN DELTA<\/p>\n<p>INVERTER AISET<\/p>\n<p>CZ\u0118\u015aCI ELEKTRYCZNE FRANCESCHNEIDER<\/p>\n<p>MIERNIK KONTROLUJ\u0104CY TEMPERATUR\u0118: KOREA AUTONICS<\/p>\n<p>WY\u0141\u0104CZNIK KRA\u0143COWY KOREA HONEYWELL<\/p>\n<p>SILNIK PRZENO\u015aNIKA HAOLI<\/p>\n<p>SILNIK PRZYCINANIA CC<\/p>\n<p>KONWERTER WANXIN<\/p>\n<p>ELEKTRONOWY ZAW\u00d3R MAGNETYCZNY AIRTAC<\/p>\n<p>Rolling guide CSK<\/p>\n<p>CYLINDER GEASUN<\/p>\n<p>&nbsp;<\/td>\n<\/tr>\n<\/tbody>\n<\/table>\n<p>&nbsp;<\/p>\n<p><strong>Funkcje:<\/strong><\/p>\n<table border=\"1\">\n<tbody>\n<tr class=\"firstRow\">\n<td valign=\"top\" width=\"278\">Frezowanie wst\u0119pne<\/td>\n<td valign=\"top\" width=\"509\">\/<\/td>\n<\/tr>\n<tr>\n<td valign=\"top\" width=\"278\">Klejenie<\/td>\n<td valign=\"top\" width=\"519\">\u25cf<\/td>\n<\/tr>\n<tr>\n<td valign=\"top\" width=\"278\">Przycinanie ko\u0144c\u00f3wek<\/td>\n<td valign=\"top\" width=\"519\">\u25cf<\/td>\n<\/tr>\n<tr>\n<td valign=\"top\" width=\"278\">Zgrubne przycinanie<\/td>\n<td valign=\"top\" width=\"519\">\u25cf<\/td>\n<\/tr>\n<tr>\n<td valign=\"top\" width=\"278\">Precyzyjne przycinanie<\/td>\n<td valign=\"top\" width=\"519\">\u25cf<\/td>\n<\/tr>\n<tr>\n<td valign=\"top\" width=\"278\">Jednostka profiluj\u0105ca<\/td>\n<td valign=\"top\" width=\"519\">\/<\/td>\n<\/tr>\n<tr>\n<td valign=\"top\" width=\"278\">Skrobanie<\/td>\n<td valign=\"top\" width=\"519\">\u25cf<\/td>\n<\/tr>\n<tr>\n<td valign=\"top\" width=\"278\">Polerowanie<\/td>\n<td valign=\"top\" width=\"519\">\u25cf<\/td>\n<\/tr>\n<tr>\n<td valign=\"top\" width=\"278\">Rowkowanie<\/td>\n<td valign=\"top\" width=\"519\">\/<\/td>\n<\/tr>\n<\/tbody>\n<\/table>\n<p>&nbsp;<\/p>","protected":false},"excerpt":{"rendered":"<p>Cechy automatycznej okleiniarki MFZ360D:<\/p>\n<p>Automatyczna okleiniarka do kraw\u0119dzi to sprz\u0119t do automatycznego oklejania kraw\u0119dzi mebli panelowych, oszcz\u0119dzaj\u0105cy prac\u0119 i czas, doskona\u0142e oklejanie kraw\u0119dzi i zaawansowany<\/p>\n<p>Konfiguracja i rozs\u0105dna konstrukcja zmniejszaj\u0105 trudno\u015b\u0107 pracy, zmniejszaj\u0105 zale\u017cno\u015b\u0107 od wykwalifikowanych pracownik\u00f3w i znacznie poprawiaj\u0105 jako\u015b\u0107 produktu.<\/p>\n<p>Maszyna jest szeroko stosowana w szafach, garderobach, niestandardowych meblach panelowych i innych bran\u017cach.<\/p>","protected":false},"featured_media":3597,"template":"","meta":{"_seopress_robots_primary_cat":"","_seopress_titles_title":"","_seopress_titles_desc":"","_seopress_robots_index":"","_uag_custom_page_level_css":"","site-sidebar-layout":"default","site-content-layout":"","ast-site-content-layout":"default","site-content-style":"default","site-sidebar-style":"default","ast-global-header-display":"","ast-banner-title-visibility":"","ast-main-header-display":"","ast-hfb-above-header-display":"","ast-hfb-below-header-display":"","ast-hfb-mobile-header-display":"","site-post-title":"","ast-breadcrumbs-content":"","ast-featured-img":"","footer-sml-layout":"","ast-disable-related-posts":"","theme-transparent-header-meta":"default","adv-header-id-meta":"","stick-header-meta":"default","header-above-stick-meta":"","header-main-stick-meta":"","header-below-stick-meta":"","astra-migrate-meta-layouts":"set","ast-page-background-enabled":"default","ast-page-background-meta":{"desktop":{"background-color":"","background-image":"","background-repeat":"repeat","background-position":"center center","background-size":"auto","background-attachment":"scroll","background-type":"","background-media":"","overlay-type":"","overlay-color":"","overlay-opacity":"","overlay-gradient":""},"tablet":{"background-color":"","background-image":"","background-repeat":"repeat","background-position":"center center","background-size":"auto","background-attachment":"scroll","background-type":"","background-media":"","overlay-type":"","overlay-color":"","overlay-opacity":"","overlay-gradient":""},"mobile":{"background-color":"","background-image":"","background-repeat":"repeat","background-position":"center center","background-size":"auto","background-attachment":"scroll","background-type":"","background-media":"","overlay-type":"","overlay-color":"","overlay-opacity":"","overlay-gradient":""}},"ast-content-background-meta":{"desktop":{"background-color":"var(--ast-global-color-5)","background-image":"","background-repeat":"repeat","background-position":"center center","background-size":"auto","background-attachment":"scroll","background-type":"","background-media":"","overlay-type":"","overlay-color":"","overlay-opacity":"","overlay-gradient":""},"tablet":{"background-color":"var(--ast-global-color-5)","background-image":"","background-repeat":"repeat","background-position":"center center","background-size":"auto","background-attachment":"scroll","background-type":"","background-media":"","overlay-type":"","overlay-color":"","overlay-opacity":"","overlay-gradient":""},"mobile":{"background-color":"var(--ast-global-color-5)","background-image":"","background-repeat":"repeat","background-position":"center center","background-size":"auto","background-attachment":"scroll","background-type":"","background-media":"","overlay-type":"","overlay-color":"","overlay-opacity":"","overlay-gradient":""}}},"product_brand":[],"product_cat":[35],"product_tag":[],"class_list":{"0":"post-3594","1":"product","2":"type-product","3":"status-publish","4":"has-post-thumbnail","6":"product_cat-banding","7":"desktop-align-left","8":"tablet-align-left","9":"mobile-align-left","10":"ast-product-gallery-layout-horizontal-slider","11":"ast-product-gallery-with-no-image","12":"ast-product-tabs-layout-horizontal","14":"first","15":"instock","16":"featured","17":"shipping-taxable","18":"product-type-simple"},"uagb_featured_image_src":{"full":["https:\/\/wisecnclaser.com\/wp-content\/uploads\/2025\/05\/0c516e517e6729a6066d62453b6d07dd.jpg",800,800,false],"thumbnail":["https:\/\/wisecnclaser.com\/wp-content\/uploads\/2025\/05\/0c516e517e6729a6066d62453b6d07dd-150x150.jpg",150,150,true],"medium":["https:\/\/wisecnclaser.com\/wp-content\/uploads\/2025\/05\/0c516e517e6729a6066d62453b6d07dd-300x300.jpg",300,300,true],"medium_large":["https:\/\/wisecnclaser.com\/wp-content\/uploads\/2025\/05\/0c516e517e6729a6066d62453b6d07dd-768x768.jpg",768,768,true],"large":["https:\/\/wisecnclaser.com\/wp-content\/uploads\/2025\/05\/0c516e517e6729a6066d62453b6d07dd.jpg",800,800,false],"1536x1536":["https:\/\/wisecnclaser.com\/wp-content\/uploads\/2025\/05\/0c516e517e6729a6066d62453b6d07dd.jpg",800,800,false],"2048x2048":["https:\/\/wisecnclaser.com\/wp-content\/uploads\/2025\/05\/0c516e517e6729a6066d62453b6d07dd.jpg",800,800,false],"trp-custom-language-flag":["https:\/\/wisecnclaser.com\/wp-content\/uploads\/2025\/05\/0c516e517e6729a6066d62453b6d07dd-12x12.jpg",12,12,true],"woocommerce_thumbnail":["https:\/\/wisecnclaser.com\/wp-content\/uploads\/2025\/05\/0c516e517e6729a6066d62453b6d07dd-300x300.jpg",300,300,true],"woocommerce_single":["https:\/\/wisecnclaser.com\/wp-content\/uploads\/2025\/05\/0c516e517e6729a6066d62453b6d07dd-600x600.jpg",600,600,true],"woocommerce_gallery_thumbnail":["https:\/\/wisecnclaser.com\/wp-content\/uploads\/2025\/05\/0c516e517e6729a6066d62453b6d07dd-100x100.jpg",100,100,true]},"uagb_author_info":{"display_name":"jinxing6611@gmail.com","author_link":"https:\/\/wisecnclaser.com\/pl\/author\/"},"uagb_comment_info":0,"uagb_excerpt":"Features of MFZ360D Automatic Edge Banding Machine: The automatic edge banding machine is a processing equipment for automatic edge banding of panel furniture, saving labor and time, perfect edge banding, and advanced The configuration and reasonable design reduce the difficulty of work, reduce the dependence on skilled workers, and greatly improve the quality of the&hellip;","_links":{"self":[{"href":"https:\/\/wisecnclaser.com\/pl\/wp-json\/wp\/v2\/product\/3594","targetHints":{"allow":["GET"]}}],"collection":[{"href":"https:\/\/wisecnclaser.com\/pl\/wp-json\/wp\/v2\/product"}],"about":[{"href":"https:\/\/wisecnclaser.com\/pl\/wp-json\/wp\/v2\/types\/product"}],"wp:featuredmedia":[{"embeddable":true,"href":"https:\/\/wisecnclaser.com\/pl\/wp-json\/wp\/v2\/media\/3597"}],"wp:attachment":[{"href":"https:\/\/wisecnclaser.com\/pl\/wp-json\/wp\/v2\/media?parent=3594"}],"wp:term":[{"taxonomy":"product_brand","embeddable":true,"href":"https:\/\/wisecnclaser.com\/pl\/wp-json\/wp\/v2\/product_brand?post=3594"},{"taxonomy":"product_cat","embeddable":true,"href":"https:\/\/wisecnclaser.com\/pl\/wp-json\/wp\/v2\/product_cat?post=3594"},{"taxonomy":"product_tag","embeddable":true,"href":"https:\/\/wisecnclaser.com\/pl\/wp-json\/wp\/v2\/product_tag?post=3594"}],"curies":[{"name":"wp","href":"https:\/\/api.w.org\/{rel}","templated":true}]}}