{"id":3618,"date":"2025-05-23T00:22:21","date_gmt":"2025-05-23T00:22:21","guid":{"rendered":"https:\/\/wisecnclaser.com\/?post_type=product&#038;p=3618"},"modified":"2025-05-23T00:22:22","modified_gmt":"2025-05-23T00:22:22","slug":"nesting-software","status":"publish","type":"product","link":"https:\/\/wisecnclaser.com\/pl\/produkt\/nesting-software\/","title":{"rendered":"Oprogramowanie do zagnie\u017cd\u017cania"},"content":{"rendered":"<p>W pe\u0142ni angloj\u0119zyczne oprogramowanie do projektowania mebli - szybka wersja 4.0<\/p>\n<p>1. Obcy rysowany r\u0119cznie R\u0119czne rysowanie specjalnych kszta\u0142t\u00f3w mo\u017ce by\u0107 wykonywane wed\u0142ug w\u0142asnego uznania, bez u\u017cycia skomplikowanych edytor\u00f3w kszta\u0142t\u00f3w specjalnych lub formu\u0142 kodu. Specjalne kszta\u0142ty, kt\u00f3re s\u0105 rysowane przez operatora wed\u0142ug w\u0142asnego uznania, mog\u0105 by\u0107 zapisane jako sparametryzowany modu\u0142 w lokalnej bazie danych, a parametry p\u0142yty mog\u0105 by\u0107 obliczane automatycznie i mog\u0105 by\u0107 wywo\u0142ywane bezpo\u015brednio, wygodnie i natychmiast nast\u0119pnym razem<\/p>\n<p>2. Modelowanie odwrotne Modelowanie odwrotne umo\u017cliwia zapisywanie i bezpo\u015brednie wywo\u0142ywanie jednym klikni\u0119ciem. Szafka zbudowana z p\u0142yt mo\u017ce by\u0107 zapisana jako modu\u0142 w bazie danych za pomoc\u0105 jednego klawisza, co naprawd\u0119 realizuje proces modu\u0142u od zera do istnienia i od z\u0142o\u017cono\u015bci do prostoty. Podczas nast\u0119pnego wywo\u0142ywania, rozmiar, grubo\u015b\u0107 p\u0142yty, skalowanie itp. mo\u017cna zmodyfikowa\u0107 za pomoc\u0105 jednego klawisza, a rysunek mo\u017cna szybko uko\u0144czy\u0107<\/p>\n<p>3. Funkcja instalacji kodu QR Mo\u017cna wygenerowa\u0107 wybuchowy widok szafy, w kt\u00f3rym zespo\u0142y i struktury wewn\u0119trzne s\u0105 wyra\u017ane na pierwszy rzut oka, co mo\u017ce zmniejszy\u0107 poziom b\u0142\u0119d\u00f3w i jest wygodne podczas instalacji. Wygenerowany dwuwymiarowy kod mo\u017cna zeskanowa\u0107 za pomoc\u0105 telefonu kom\u00f3rkowego w celu wygenerowania widoku wybuchowego. Schemat instalacji telefonu kom\u00f3rkowego odpowiada etykiecie z kodem kreskowym jeden po drugim, naprawd\u0119 realizuj\u0105c \"schemat bez schemat\u00f3w\".<\/p>\n<p>4. Sze\u015bciostronne rysowanie Inicjatywa prawdziwego tr\u00f3jwymiarowego sze\u015bciostronnego rysowania i rysowania wielostronnego mo\u017ce by\u0107 u\u017cywana do rysowania szatni w kszta\u0142cie litery L i szafki w kszta\u0142cie litery U. Mo\u017cna wybiera\u0107 r\u00f3\u017cne widoki, a p\u0142yty, elementy szuflad itp. mo\u017cna dodawa\u0107 wed\u0142ug w\u0142asnego uznania. R\u00f3\u017cne widoki mo\u017cna przekszta\u0142ci\u0107 w formalne rysunki, rozwi\u0105zuj\u0105c g\u0142\u00f3wny problem w bran\u017cy i dostosowuj\u0105c ca\u0142y dom do potrzeb klienta<\/p>\n<p>5. Aktualizacja dwurdzeniowej bazy danych w czasie rzeczywistym Chmurowe i lokalne dwurdzeniowe bazy danych s\u0105 stale rozbudowywane, a baza danych w chmurze jest aktualizowana w czasie rzeczywistym, podczas gdy lokalna baza danych jest stale zapisywana. Dzi\u0119ki temu baza danych b\u0119dzie coraz wi\u0119ksza, umo\u017cliwiaj\u0105c projektantom znalezienie wszystkich szafek i wdro\u017cenie ca\u0142ego rzemios\u0142a<\/p>\n<p>6. Import i eksport komponent\u00f3w CAD Komponenty CAD mog\u0105 by\u0107 importowane i automatycznie dostosowywane do przestrzeni. Zaimportowane komponenty mog\u0105 by\u0107 zapisane jako modu\u0142 i przes\u0142ane do lokalnej bazy danych, a ich rozmiar, skalowanie itp. mog\u0105 by\u0107 automatycznie modyfikowane podczas nast\u0119pnego wywo\u0142ania. Ponadto mo\u017cna importowa\u0107 p\u0142yty CAD o specjalnych kszta\u0142tach, importowa\u0107 i eksportowa\u0107 p\u0142aszczyzny CAD, rysunki tr\u00f3jwymiarowe itp. za pomoc\u0105 jednego przycisku<\/p>\n<p>7. Kombinacja rozmiar\u00f3w szafki mo\u017ce by\u0107 wywo\u0142ywana, po\u0142o\u017cenie p\u0142yt mo\u017ce by\u0107 przesuwane, a p\u0142yty w przestrzeni mog\u0105 by\u0107 automatycznie skalowane w g\u00f3r\u0119 lub w d\u00f3\u0142. Po narysowaniu rozmiar przestrzeni mo\u017cna dowolnie modyfikowa\u0107. Pozwoli to unikn\u0105\u0107 cz\u0119stego usuwania, modyfikowania i obliczania w projekcie i sprawi, \u017ce projekt b\u0119dzie elastyczny<\/p>\n<p>8. Fazowanie jednym kluczem Dost\u0119pne jest fazowanie jednym kluczem standardowej obudowy. Fazowanie i szafka w kszta\u0142cie schod\u00f3w mog\u0105 by\u0107 formowane jednocze\u015bnie. Obudowa, po\u0142o\u017cenie otwor\u00f3w i k\u0105t fazowania mog\u0105 by\u0107 generowane automatycznie, a p\u0142yty fazuj\u0105ce mog\u0105 by\u0107 obliczane automatycznie.<\/p>\n<p>9. Combination Corner Cut Konwencjonalne szafki mog\u0105 by\u0107 bezpo\u015brednio wywo\u0142ywane do automatycznego fazowania, typ i g\u0142\u0119boko\u015b\u0107 fazowania mo\u017cna dowolnie wybiera\u0107, fazowanie poziome i pionowe mo\u017cna dowolnie \u0142\u0105czy\u0107, a wiele proces\u00f3w fazowania mo\u017cna dowolnie wybiera\u0107. Jest bardziej funkcjonalny i dostosowuje si\u0119 do r\u00f3\u017cnych typ\u00f3w dom\u00f3w. Dowolna kombinacja fazowania g\u00f3rnego i dolnego lub lewego i prawego zaoszcz\u0119dzi ci k\u0142opot\u00f3w z fazowaniem szafek.<\/p>\n<p>10. Generowanie skrzynki na wino za pomoc\u0105 jednego klucza Podczas generowania skrzynki na wino za pomoc\u0105 jednego klucza, cztery rodzaje skrzynek na wino (takie jak poziome-pionowe, p\u00f3\u0142k\u0105tne i pe\u0142nok\u0105tne) mog\u0105 by\u0107 generowane za pomoc\u0105 jednego klucza w wybranym obszarze. Opasanie kraw\u0119dzi, margines wyci\u0119cia, rozmiar i tak dalej skrzynki na wino mo\u017cna dowolnie regulowa\u0107, a prze\u015bwit skrzynki na wino mo\u017cna obliczy\u0107 w czasie rzeczywistym<\/p>\n<p>11. Regulacja parametr\u00f3w R\u00f3\u017cnorodne akcesoria, takie jak szyna przesuwna, uchwyt, zawias i rura szyny mog\u0105 by\u0107 dodawane automatycznie za pomoc\u0105 jednego przycisku. Po\u0142o\u017cenie otwor\u00f3w na akcesoriach mo\u017ce by\u0107 generowane automatycznie i mo\u017ce by\u0107 regulowane w zale\u017cno\u015bci od potrzeb<\/p>\n<p>12. Eksport raport\u00f3w jednym klikni\u0119ciem Oprogramowanie mo\u017ce generowa\u0107\u2460Rozmiar p\u0142yty i informacje o otworach\u2461Zestawienie materia\u0142\u00f3w\u2462Lista cz\u0119\u015bci\u2463Lista sprz\u0119tu\u2464Lista pi\u0142 elektronicznych\u2465Wycena\u2466Rysunki instalacyjne\u2467Rysunek CAD<\/p>\n<p>13. Super renderowanie Super renderowanie 3D, niestandardowy typ domu, panoramiczny i wielokierunkowy roaming sceny wewn\u0119trznej 720 stopni oraz dodany efekt o\u015bwietlenia naprawd\u0119 przywraca kolor mebli i poprawia si\u0142\u0119 sprzeda\u017cy sklep\u00f3w terminalowych<\/p>\n<p>&nbsp;<\/p>\n<p>Oprogramowanie do produkcji mebli drewnianych z serii Speed (produkcja)<\/p>\n<p>1. Niewidoczne z\u0142\u0105cze Obs\u0142uguje r\u00f3\u017cne niewidoczne z\u0142\u0105cza, tworz\u0105c ekskluzywn\u0105 zintegrowan\u0105 szafk\u0119, zast\u0119puj\u0105c tradycyjny sprz\u0119t, niewidoczny ze wszystkich stron, bezszwowa mozaika, solidna i trwa\u0142a, prosta instalacja. 1 z\u0142\u0105cze Lamello\u2461U\u2462Mod-eez<\/p>\n<p>2. Wysoki stopie\u0144 wykorzystania materia\u0142\u00f3w Automatyczne obliczanie sk\u0142adu, oddzielne sk\u0142adanie wed\u0142ug r\u00f3\u017cnych grubo\u015bci i r\u00f3\u017cnych kolor\u00f3w paneli, produkcja wielu zam\u00f3wie\u0144 jest wygodna i szybka, stopie\u0144 wykorzystania mo\u017ce wynosi\u0107 nawet 95%. Mo\u017cna go regulowa\u0107 r\u0119cznie po automatycznym obliczeniu, aby zapewni\u0107 maksymalne wykorzystanie materia\u0142\u00f3w. Lepsze metody przetwarzania, p\u0142ynniejszy proces obliczeniowy, oszcz\u0119dno\u015b\u0107 materia\u0142\u00f3w i czasu.<\/p>\n<p>3. Kszta\u0142towanie zagnie\u017cd\u017conego sk\u0142adu p\u0142yty inteligentnie optymalizuje efekt uk\u0142adu, jest rozs\u0105dne i wydajne. Optymalna \u015bcie\u017cka ci\u0119cia i wiercenia, wsp\u00f3lne kraw\u0119dzie mo\u017cna ustawi\u0107 w celu przyspieszenia ci\u0119cia, unikni\u0119cia powtarzaj\u0105cych si\u0119 przej\u015b\u0107 i pustego programu, podwojenia wydajno\u015bci ci\u0119cia. Pusta przestrze\u0144 ze \u015bci\u0119tymi naro\u017cnikami i sk\u0142adem \u0142ukowym, oszcz\u0119dno\u015b\u0107 miejsca, redukcja p\u0142yty tokarskiej, skr\u00f3cenie czasu obr\u00f3bki i znaczna poprawa stopnia wykorzystania p\u0142yty.<\/p>\n<p>4. Du\u017ca tablica jest automatycznie umieszczana w lewym g\u00f3rnym rogu Dopasuj sekwencj\u0119 przetwarzania, Automatyczne obliczanie uk\u0142adu, inteligentne przetwarzanie, unikaj bie\u017c\u0105cej tablicy.<\/p>\n<p>5. Generowanie kodu G Po optymalizacji mo\u017ce bezpo\u015brednio generowa\u0107 r\u00f3\u017cne typy dokument\u00f3w niezb\u0119dnych do obr\u00f3bki sprz\u0119tu i p\u0142ynnego \u0142\u0105czenia r\u00f3\u017cnych typ\u00f3w sprz\u0119tu, takich jak pi\u0142a elektroniczna, automatyczna maszyna do etykietowania, centrum obr\u00f3bcze, PTP i wiertarka pi\u0119ciostronna itp.<\/p>\n<p>6. Papier etykietowy mo\u017ce wizualnie wy\u015bwietla\u0107 informacje potrzebne do produkcji i obr\u00f3bki, takie jak szczeg\u00f3\u0142owe informacje o zam\u00f3wieniu, rysunek uk\u0142adu, informacje o p\u0142ycie i kierunku otwor\u00f3w bocznych itp.<\/p>\n<p>7. Wst\u0119pne uruchomienie narz\u0119dzia, liczb\u0119 wierszy mo\u017cna ustawi\u0107 z wyprzedzeniem dla wst\u0119pnego uruchomienia, osi\u0105gn\u0105\u0107 pr\u0119dko\u015b\u0107 z wyprzedzeniem, poprawi\u0107 wydajno\u015b\u0107 produkcji.<\/p>\n<p>8. Wykrywanie kolizji p\u0142yt U\u017cyj wykrywania kolizji, wykrywania nak\u0142adania si\u0119 p\u0142yt i ma\u0142ych odst\u0119p\u00f3w mi\u0119dzy p\u0142ytami itp. w celu unikni\u0119cia b\u0142\u0119d\u00f3w przetwarzania.<\/p>\n<p>9. Ujednolicone zarz\u0105dzanie materia\u0142ami zapasowymi, priorytetowe wykorzystanie, zapobieganie marnotrawstwu i oszcz\u0119dno\u015b\u0107 koszt\u00f3w. Inteligentne zarz\u0105dzanie materia\u0142ami, aktualizacja zapas\u00f3w w czasie rzeczywistym<\/p>","protected":false},"excerpt":{"rendered":"<p>W pe\u0142ni angloj\u0119zyczne oprogramowanie do projektowania mebli - szybka wersja 4.0<\/p>\n<p>1. Obcy rysowany r\u0119cznie R\u0119czne rysowanie specjalnych kszta\u0142t\u00f3w mo\u017ce by\u0107 wykonywane wed\u0142ug w\u0142asnego uznania, bez u\u017cycia skomplikowanych edytor\u00f3w kszta\u0142t\u00f3w specjalnych lub formu\u0142 kodu. Specjalne kszta\u0142ty, kt\u00f3re s\u0105 rysowane przez operatora wed\u0142ug w\u0142asnego uznania, mog\u0105 by\u0107 zapisane jako sparametryzowany modu\u0142 w lokalnej bazie danych, a parametry p\u0142yty mog\u0105 by\u0107 obliczane automatycznie i mog\u0105 by\u0107 wywo\u0142ywane bezpo\u015brednio, wygodnie i natychmiast nast\u0119pnym razem<\/p>\n<p>2. Modelowanie odwrotne Modelowanie odwrotne umo\u017cliwia zapisywanie i bezpo\u015brednie wywo\u0142ywanie jednym klikni\u0119ciem. Szafka zbudowana z p\u0142yt mo\u017ce by\u0107 zapisana jako modu\u0142 w bazie danych za pomoc\u0105 jednego klawisza, co naprawd\u0119 realizuje proces modu\u0142u od zera do istnienia i od z\u0142o\u017cono\u015bci do prostoty. Podczas nast\u0119pnego wywo\u0142ywania, rozmiar, grubo\u015b\u0107 p\u0142yty, skalowanie itp. mo\u017cna zmodyfikowa\u0107 za pomoc\u0105 jednego klawisza, a rysunek mo\u017cna szybko uko\u0144czy\u0107<\/p>\n<p>3. Funkcja instalacji kodu QR Mo\u017cna wygenerowa\u0107 wybuchowy widok szafy, w kt\u00f3rym zespo\u0142y i struktury wewn\u0119trzne s\u0105 wyra\u017ane na pierwszy rzut oka, co mo\u017ce zmniejszy\u0107 poziom b\u0142\u0119d\u00f3w i jest wygodne podczas instalacji. Wygenerowany dwuwymiarowy kod mo\u017cna zeskanowa\u0107 za pomoc\u0105 telefonu kom\u00f3rkowego w celu wygenerowania widoku wybuchowego. Schemat instalacji telefonu kom\u00f3rkowego odpowiada etykiecie z kodem kreskowym jeden po drugim, naprawd\u0119 realizuj\u0105c \"schemat bez schemat\u00f3w\".<\/p>\n<p>4. Sze\u015bciostronne rysowanie Inicjatywa prawdziwego tr\u00f3jwymiarowego sze\u015bciostronnego rysowania i rysowania wielostronnego mo\u017ce by\u0107 u\u017cywana do rysowania szatni w kszta\u0142cie litery L i szafki w kszta\u0142cie litery U. Mo\u017cna wybiera\u0107 r\u00f3\u017cne widoki, a p\u0142yty, elementy szuflad itp. mo\u017cna dodawa\u0107 wed\u0142ug w\u0142asnego uznania. R\u00f3\u017cne widoki mo\u017cna przekszta\u0142ci\u0107 w formalne rysunki, rozwi\u0105zuj\u0105c g\u0142\u00f3wny problem w bran\u017cy i dostosowuj\u0105c ca\u0142y dom do potrzeb klienta<\/p>\n<p>5. Aktualizacja dwurdzeniowej bazy danych w czasie rzeczywistym Chmurowe i lokalne dwurdzeniowe bazy danych s\u0105 stale rozbudowywane, a baza danych w chmurze jest aktualizowana w czasie rzeczywistym, podczas gdy lokalna baza danych jest stale zapisywana. Dzi\u0119ki temu baza danych b\u0119dzie coraz wi\u0119ksza, umo\u017cliwiaj\u0105c projektantom znalezienie wszystkich szafek i wdro\u017cenie ca\u0142ego rzemios\u0142a<\/p>\n<p>6. Import i eksport komponent\u00f3w CAD Komponenty CAD mog\u0105 by\u0107 importowane i automatycznie dostosowywane do przestrzeni. Zaimportowane komponenty mog\u0105 by\u0107 zapisane jako modu\u0142 i przes\u0142ane do lokalnej bazy danych, a ich rozmiar, skalowanie itp. mog\u0105 by\u0107 automatycznie modyfikowane podczas nast\u0119pnego wywo\u0142ania. Ponadto mo\u017cna importowa\u0107 p\u0142yty CAD o specjalnych kszta\u0142tach, importowa\u0107 i eksportowa\u0107 p\u0142aszczyzny CAD, rysunki tr\u00f3jwymiarowe itp. za pomoc\u0105 jednego przycisku<\/p>","protected":false},"featured_media":3621,"template":"","meta":{"_seopress_robots_primary_cat":"","_seopress_titles_title":"","_seopress_titles_desc":"","_seopress_robots_index":"","_uag_custom_page_level_css":"","site-sidebar-layout":"default","site-content-layout":"","ast-site-content-layout":"default","site-content-style":"default","site-sidebar-style":"default","ast-global-header-display":"","ast-banner-title-visibility":"","ast-main-header-display":"","ast-hfb-above-header-display":"","ast-hfb-below-header-display":"","ast-hfb-mobile-header-display":"","site-post-title":"","ast-breadcrumbs-content":"","ast-featured-img":"","footer-sml-layout":"","ast-disable-related-posts":"","theme-transparent-header-meta":"default","adv-header-id-meta":"","stick-header-meta":"default","header-above-stick-meta":"","header-main-stick-meta":"","header-below-stick-meta":"","astra-migrate-meta-layouts":"set","ast-page-background-enabled":"default","ast-page-background-meta":{"desktop":{"background-color":"","background-image":"","background-repeat":"repeat","background-position":"center center","background-size":"auto","background-attachment":"scroll","background-type":"","background-media":"","overlay-type":"","overlay-color":"","overlay-opacity":"","overlay-gradient":""},"tablet":{"background-color":"","background-image":"","background-repeat":"repeat","background-position":"center center","background-size":"auto","background-attachment":"scroll","background-type":"","background-media":"","overlay-type":"","overlay-color":"","overlay-opacity":"","overlay-gradient":""},"mobile":{"background-color":"","background-image":"","background-repeat":"repeat","background-position":"center center","background-size":"auto","background-attachment":"scroll","background-type":"","background-media":"","overlay-type":"","overlay-color":"","overlay-opacity":"","overlay-gradient":""}},"ast-content-background-meta":{"desktop":{"background-color":"var(--ast-global-color-5)","background-image":"","background-repeat":"repeat","background-position":"center center","background-size":"auto","background-attachment":"scroll","background-type":"","background-media":"","overlay-type":"","overlay-color":"","overlay-opacity":"","overlay-gradient":""},"tablet":{"background-color":"var(--ast-global-color-5)","background-image":"","background-repeat":"repeat","background-position":"center center","background-size":"auto","background-attachment":"scroll","background-type":"","background-media":"","overlay-type":"","overlay-color":"","overlay-opacity":"","overlay-gradient":""},"mobile":{"background-color":"var(--ast-global-color-5)","background-image":"","background-repeat":"repeat","background-position":"center center","background-size":"auto","background-attachment":"scroll","background-type":"","background-media":"","overlay-type":"","overlay-color":"","overlay-opacity":"","overlay-gradient":""}}},"product_brand":[],"product_cat":[56],"product_tag":[],"class_list":{"0":"post-3618","1":"product","2":"type-product","3":"status-publish","4":"has-post-thumbnail","6":"product_cat-nestings","7":"desktop-align-left","8":"tablet-align-left","9":"mobile-align-left","10":"ast-product-gallery-layout-horizontal-slider","11":"ast-product-gallery-with-no-image","12":"ast-product-tabs-layout-horizontal","14":"first","15":"instock","16":"shipping-taxable","17":"product-type-simple"},"uagb_featured_image_src":{"full":["https:\/\/wisecnclaser.com\/wp-content\/uploads\/2025\/05\/5c334ffccd4741cd55d803fd1f1f8abf.png",800,800,false],"thumbnail":["https:\/\/wisecnclaser.com\/wp-content\/uploads\/2025\/05\/5c334ffccd4741cd55d803fd1f1f8abf-150x150.png",150,150,true],"medium":["https:\/\/wisecnclaser.com\/wp-content\/uploads\/2025\/05\/5c334ffccd4741cd55d803fd1f1f8abf-300x300.png",300,300,true],"medium_large":["https:\/\/wisecnclaser.com\/wp-content\/uploads\/2025\/05\/5c334ffccd4741cd55d803fd1f1f8abf-768x768.png",768,768,true],"large":["https:\/\/wisecnclaser.com\/wp-content\/uploads\/2025\/05\/5c334ffccd4741cd55d803fd1f1f8abf.png",800,800,false],"1536x1536":["https:\/\/wisecnclaser.com\/wp-content\/uploads\/2025\/05\/5c334ffccd4741cd55d803fd1f1f8abf.png",800,800,false],"2048x2048":["https:\/\/wisecnclaser.com\/wp-content\/uploads\/2025\/05\/5c334ffccd4741cd55d803fd1f1f8abf.png",800,800,false],"trp-custom-language-flag":["https:\/\/wisecnclaser.com\/wp-content\/uploads\/2025\/05\/5c334ffccd4741cd55d803fd1f1f8abf-12x12.png",12,12,true],"woocommerce_thumbnail":["https:\/\/wisecnclaser.com\/wp-content\/uploads\/2025\/05\/5c334ffccd4741cd55d803fd1f1f8abf-300x300.png",300,300,true],"woocommerce_single":["https:\/\/wisecnclaser.com\/wp-content\/uploads\/2025\/05\/5c334ffccd4741cd55d803fd1f1f8abf-600x600.png",600,600,true],"woocommerce_gallery_thumbnail":["https:\/\/wisecnclaser.com\/wp-content\/uploads\/2025\/05\/5c334ffccd4741cd55d803fd1f1f8abf-100x100.png",100,100,true]},"uagb_author_info":{"display_name":"jinxing6611@gmail.com","author_link":"https:\/\/wisecnclaser.com\/pl\/author\/"},"uagb_comment_info":0,"uagb_excerpt":"Fully English language Furniture\u00a0Design Software\u2014High Speed 4.0 Version 1.\u00a0Alien drawn by hand drawing special shapes by hand can be done at discretion without use of any complex special shape editors or code formulas. The special shapes that are drawn by the operator at his own discretion can be saved as a parameterized module to the&hellip;","_links":{"self":[{"href":"https:\/\/wisecnclaser.com\/pl\/wp-json\/wp\/v2\/product\/3618","targetHints":{"allow":["GET"]}}],"collection":[{"href":"https:\/\/wisecnclaser.com\/pl\/wp-json\/wp\/v2\/product"}],"about":[{"href":"https:\/\/wisecnclaser.com\/pl\/wp-json\/wp\/v2\/types\/product"}],"wp:featuredmedia":[{"embeddable":true,"href":"https:\/\/wisecnclaser.com\/pl\/wp-json\/wp\/v2\/media\/3621"}],"wp:attachment":[{"href":"https:\/\/wisecnclaser.com\/pl\/wp-json\/wp\/v2\/media?parent=3618"}],"wp:term":[{"taxonomy":"product_brand","embeddable":true,"href":"https:\/\/wisecnclaser.com\/pl\/wp-json\/wp\/v2\/product_brand?post=3618"},{"taxonomy":"product_cat","embeddable":true,"href":"https:\/\/wisecnclaser.com\/pl\/wp-json\/wp\/v2\/product_cat?post=3618"},{"taxonomy":"product_tag","embeddable":true,"href":"https:\/\/wisecnclaser.com\/pl\/wp-json\/wp\/v2\/product_tag?post=3618"}],"curies":[{"name":"wp","href":"https:\/\/api.w.org\/{rel}","templated":true}]}}