{"id":3627,"date":"2025-05-23T00:27:13","date_gmt":"2025-05-23T00:27:13","guid":{"rendered":"https:\/\/wisecnclaser.com\/?post_type=product&#038;p=3627"},"modified":"2025-05-23T00:27:13","modified_gmt":"2025-05-23T00:27:13","slug":"metal-channel-letter-bending-machine","status":"publish","type":"product","link":"https:\/\/wisecnclaser.com\/pl\/produkt\/metal-channel-letter-bending-machine\/","title":{"rendered":"Metalowa maszyna do gi\u0119cia list\u00f3w"},"content":{"rendered":"<p>Zalety gi\u0119tarki do list\u00f3w:<\/p>\n<p>1. niezale\u017cny podw\u00f3jny system szczelinowania, rzeczywista realizacja r\u00f3\u017cnych rodzaj\u00f3w materia\u0142\u00f3w swobodnie przetwarzanych.<\/p>\n<p>2. automatyczna regulacja g\u0142\u0119boko\u015bci skrawania zar\u00f3wno dla strugarek, jak i frezarek do rowk\u00f3w, \u0142atwa w obs\u0142udze<\/p>\n<p>3. strugarka jest wykonana z twardego stopu wyko\u0144czonego, ci\u0119cie stabilne i g\u0142adkie, ziarno ostrza z wieloma ko\u0144c\u00f3wkami mo\u017ce by\u0107 u\u017cywane oddzielnie, bezobs\u0142ugowe i bezp\u0142atne szlifowanie, niskie koszty. Automatyczna regulacja ostrza samolotu, bezp\u0142atna regulacja g\u0142\u0119boko\u015bci rowkowania.<\/p>\n<p>4. precyzyjny frez mo\u017ce obraca\u0107 si\u0119 dooko\u0142a, automatycznie identyfikowa\u0107 k\u0105t, przetwarzaj\u0105c r\u00f3\u017cne profile aluminiowe.<\/p>\n<p>5. \u015aruba rolkowa i podw\u00f3jne pozycjonowanie szyny do przenoszenia, mocniejsze, bardziej stabilne ci\u0119cie. Jednoetapowy system prze\u0142\u0105czania dla dwubiegunowego naprzemiennego gi\u0119cia dla cewki metalowej i opatentowany system gi\u0119cia wyt\u0142aczanego dla profilu aluminiowego, prze\u0142\u0105czanie swobodnie, bez konieczno\u015bci ponownej regulacji przy zmianie materia\u0142\u00f3w.<\/p>\n<p>6. system sterowania serwomechanizmem o du\u017cej mocy, wysoka precyzja, du\u017ca pr\u0119dko\u015b\u0107, wysoki moment obrotowy, poprawa wydajno\u015bci pracy.<\/p>\n<p>7. z systemem kontroli d\u0142ugo\u015bci w p\u0119tli zamkni\u0119tej, precyzyjna kontrola oprogramowania d\u0142ugo\u015bci, b\u0142\u0105d \u2264 0,1 mm.<\/p>\n<p>8. niezale\u017cny stojak na materia\u0142y, aby zapewni\u0107 stabilno\u015b\u0107 podawania sprz\u0119tu.<\/p>\n<p>9. pe\u0142ne chromowanie maszyny, odporne na zu\u017cycie i korozj\u0119<\/p>\n<p>10. oprogramowanie mo\u017ce swobodnie prze\u0142\u0105cza\u0107 si\u0119 mi\u0119dzy dwoma systemami szczelinowania, prosty interfejs, \u0142atwy do nauczenia i obs\u0142ugi.<\/p>\n<p>&nbsp;<\/p>\n<p>Parametry techniczne:<\/p>\n<table border=\"0\">\n<tbody>\n<tr class=\"firstRow\">\n<td width=\"232\">\u00a0 Wysoko\u015b\u0107 materia\u0142u<\/td>\n<td width=\"419\">10-130 mm<\/td>\n<\/tr>\n<tr>\n<td width=\"232\">Odpowiednie materia\u0142y<\/td>\n<td width=\"419\">Stal nierdzewna, blacha ocynkowana, \u017celazo, aluminium, mied\u017a i inne<\/p>\n<p>Metalowa cewka;<\/p>\n<p>kraw\u0119d\u017a aluminiowa, profil aluminiowy lub inny profil o specjalnym kszta\u0142cie<\/td>\n<\/tr>\n<tr>\n<td width=\"232\">Obs\u0142ugiwany format pliku<\/td>\n<td width=\"419\">dxf\u3001ai\u3001plt<\/td>\n<\/tr>\n<tr>\n<td width=\"232\">Minimalny promie\u0144 gi\u0119cia<\/td>\n<td width=\"419\">R=3 MM<\/td>\n<\/tr>\n<tr>\n<td width=\"232\">Grubo\u015b\u0107 materia\u0142u<\/td>\n<td width=\"419\">0,3-1,2 mm<\/td>\n<\/tr>\n<tr>\n<td width=\"232\">Moc szczytowa<\/td>\n<td width=\"419\">2000W<\/td>\n<\/tr>\n<tr>\n<td width=\"232\">Dok\u0142adno\u015b\u0107 d\u0142ugo\u015bci<\/td>\n<td width=\"419\">0,1 mm\/metr<\/td>\n<\/tr>\n<tr>\n<td width=\"232\">Moment obrotowy podawania<\/td>\n<td width=\"419\">&gt;45 Nm<\/td>\n<\/tr>\n<tr>\n<td width=\"232\">Szczyt momentu obrotowego strugarki szczelinowej<\/td>\n<td width=\"419\">&gt;100 Nm<\/td>\n<\/tr>\n<tr>\n<td width=\"232\">\u00a0Szczytowy moment obrotowy gi\u0119cia \u0142uku<\/td>\n<td width=\"419\">&gt;100 Nm<\/td>\n<\/tr>\n<tr>\n<td width=\"232\">Wymiary<\/td>\n<td width=\"419\">1900*900*1600<\/td>\n<\/tr>\n<tr>\n<td width=\"232\">Obr\u00f3bka powierzchni przedmiotu obrabianego<\/td>\n<td width=\"419\">pe\u0142ne chromowanie<\/td>\n<\/tr>\n<tr>\n<td width=\"232\">N.Weight<\/td>\n<td width=\"419\">530 kg<\/td>\n<\/tr>\n<tr>\n<td width=\"232\">Moc<\/td>\n<td width=\"419\">AC220V<\/td>\n<\/tr>\n<tr>\n<td width=\"232\">Ci\u015bnienie robocze<\/td>\n<td width=\"419\">0,3-0,6 mpa<\/td>\n<\/tr>\n<\/tbody>\n<\/table>","protected":false},"excerpt":{"rendered":"<p>Zalety gi\u0119tarki do list\u00f3w:<\/p>\n<p>1. niezale\u017cny podw\u00f3jny system szczelinowania, rzeczywista realizacja r\u00f3\u017cnych rodzaj\u00f3w materia\u0142\u00f3w swobodnie przetwarzanych.<\/p>\n<p>2. automatyczna regulacja g\u0142\u0119boko\u015bci skrawania zar\u00f3wno dla strugarek, jak i frezarek do rowk\u00f3w, \u0142atwa w obs\u0142udze<\/p>\n<p>3. strugarka jest wykonana z twardego stopu wyko\u0144czonego, ci\u0119cie stabilne i g\u0142adkie, ziarno ostrza z wieloma ko\u0144c\u00f3wkami mo\u017ce by\u0107 u\u017cywane oddzielnie, bezobs\u0142ugowe i bezp\u0142atne szlifowanie, niskie koszty. Automatyczna regulacja ostrza samolotu, bezp\u0142atna regulacja g\u0142\u0119boko\u015bci rowkowania.<\/p>\n<p>4. precyzyjny frez mo\u017ce obraca\u0107 si\u0119 dooko\u0142a, automatycznie identyfikowa\u0107 k\u0105t, przetwarzaj\u0105c r\u00f3\u017cne profile aluminiowe.<\/p>\n<p>5. \u015aruba rolkowa i podw\u00f3jne pozycjonowanie szyny do przenoszenia, mocniejsze, bardziej stabilne ci\u0119cie. Jednoetapowy system prze\u0142\u0105czania dla dwubiegunowego naprzemiennego gi\u0119cia dla cewki metalowej i opatentowany system gi\u0119cia wyt\u0142aczanego dla profilu aluminiowego, prze\u0142\u0105czanie swobodnie, bez konieczno\u015bci ponownej regulacji przy zmianie materia\u0142\u00f3w.<\/p>\n<p>6. system sterowania serwomechanizmem o du\u017cej mocy, wysoka precyzja, du\u017ca pr\u0119dko\u015b\u0107, wysoki moment obrotowy, poprawa wydajno\u015bci pracy.<\/p>\n<p>7. z systemem kontroli d\u0142ugo\u015bci w p\u0119tli zamkni\u0119tej, precyzyjna kontrola oprogramowania d\u0142ugo\u015bci, b\u0142\u0105d \u2264 0,1 mm.<\/p>\n<p>8. niezale\u017cny stojak na materia\u0142y, aby zapewni\u0107 stabilno\u015b\u0107 podawania sprz\u0119tu.<\/p>\n<p>9. pe\u0142ne chromowanie maszyny, odporne na zu\u017cycie i korozj\u0119<\/p>\n<p>10. oprogramowanie mo\u017ce swobodnie prze\u0142\u0105cza\u0107 si\u0119 mi\u0119dzy dwoma systemami szczelinowania, prosty interfejs, \u0142atwy do nauczenia i obs\u0142ugi.<\/p>","protected":false},"featured_media":3630,"template":"","meta":{"_seopress_robots_primary_cat":"","_seopress_titles_title":"","_seopress_titles_desc":"","_seopress_robots_index":"","_uag_custom_page_level_css":"","site-sidebar-layout":"default","site-content-layout":"","ast-site-content-layout":"default","site-content-style":"default","site-sidebar-style":"default","ast-global-header-display":"","ast-banner-title-visibility":"","ast-main-header-display":"","ast-hfb-above-header-display":"","ast-hfb-below-header-display":"","ast-hfb-mobile-header-display":"","site-post-title":"","ast-breadcrumbs-content":"","ast-featured-img":"","footer-sml-layout":"","ast-disable-related-posts":"","theme-transparent-header-meta":"default","adv-header-id-meta":"","stick-header-meta":"default","header-above-stick-meta":"","header-main-stick-meta":"","header-below-stick-meta":"","astra-migrate-meta-layouts":"set","ast-page-background-enabled":"default","ast-page-background-meta":{"desktop":{"background-color":"","background-image":"","background-repeat":"repeat","background-position":"center center","background-size":"auto","background-attachment":"scroll","background-type":"","background-media":"","overlay-type":"","overlay-color":"","overlay-opacity":"","overlay-gradient":""},"tablet":{"background-color":"","background-image":"","background-repeat":"repeat","background-position":"center center","background-size":"auto","background-attachment":"scroll","background-type":"","background-media":"","overlay-type":"","overlay-color":"","overlay-opacity":"","overlay-gradient":""},"mobile":{"background-color":"","background-image":"","background-repeat":"repeat","background-position":"center center","background-size":"auto","background-attachment":"scroll","background-type":"","background-media":"","overlay-type":"","overlay-color":"","overlay-opacity":"","overlay-gradient":""}},"ast-content-background-meta":{"desktop":{"background-color":"var(--ast-global-color-5)","background-image":"","background-repeat":"repeat","background-position":"center center","background-size":"auto","background-attachment":"scroll","background-type":"","background-media":"","overlay-type":"","overlay-color":"","overlay-opacity":"","overlay-gradient":""},"tablet":{"background-color":"var(--ast-global-color-5)","background-image":"","background-repeat":"repeat","background-position":"center center","background-size":"auto","background-attachment":"scroll","background-type":"","background-media":"","overlay-type":"","overlay-color":"","overlay-opacity":"","overlay-gradient":""},"mobile":{"background-color":"var(--ast-global-color-5)","background-image":"","background-repeat":"repeat","background-position":"center center","background-size":"auto","background-attachment":"scroll","background-type":"","background-media":"","overlay-type":"","overlay-color":"","overlay-opacity":"","overlay-gradient":""}}},"product_brand":[],"product_cat":[62],"product_tag":[],"class_list":{"0":"post-3627","1":"product","2":"type-product","3":"status-publish","4":"has-post-thumbnail","6":"product_cat-letter","7":"desktop-align-left","8":"tablet-align-left","9":"mobile-align-left","10":"ast-product-gallery-layout-horizontal-slider","11":"ast-product-gallery-with-no-image","12":"ast-product-tabs-layout-horizontal","14":"first","15":"instock","16":"shipping-taxable","17":"product-type-simple"},"uagb_featured_image_src":{"full":["https:\/\/wisecnclaser.com\/wp-content\/uploads\/2025\/05\/5f8de839b037ccdc38dd83d6cf5e39f9.jpg",800,533,false],"thumbnail":["https:\/\/wisecnclaser.com\/wp-content\/uploads\/2025\/05\/5f8de839b037ccdc38dd83d6cf5e39f9-150x150.jpg",150,150,true],"medium":["https:\/\/wisecnclaser.com\/wp-content\/uploads\/2025\/05\/5f8de839b037ccdc38dd83d6cf5e39f9-300x200.jpg",300,200,true],"medium_large":["https:\/\/wisecnclaser.com\/wp-content\/uploads\/2025\/05\/5f8de839b037ccdc38dd83d6cf5e39f9-768x512.jpg",768,512,true],"large":["https:\/\/wisecnclaser.com\/wp-content\/uploads\/2025\/05\/5f8de839b037ccdc38dd83d6cf5e39f9.jpg",800,533,false],"1536x1536":["https:\/\/wisecnclaser.com\/wp-content\/uploads\/2025\/05\/5f8de839b037ccdc38dd83d6cf5e39f9.jpg",800,533,false],"2048x2048":["https:\/\/wisecnclaser.com\/wp-content\/uploads\/2025\/05\/5f8de839b037ccdc38dd83d6cf5e39f9.jpg",800,533,false],"trp-custom-language-flag":["https:\/\/wisecnclaser.com\/wp-content\/uploads\/2025\/05\/5f8de839b037ccdc38dd83d6cf5e39f9-18x12.jpg",18,12,true],"woocommerce_thumbnail":["https:\/\/wisecnclaser.com\/wp-content\/uploads\/2025\/05\/5f8de839b037ccdc38dd83d6cf5e39f9-300x300.jpg",300,300,true],"woocommerce_single":["https:\/\/wisecnclaser.com\/wp-content\/uploads\/2025\/05\/5f8de839b037ccdc38dd83d6cf5e39f9-600x400.jpg",600,400,true],"woocommerce_gallery_thumbnail":["https:\/\/wisecnclaser.com\/wp-content\/uploads\/2025\/05\/5f8de839b037ccdc38dd83d6cf5e39f9-100x100.jpg",100,100,true]},"uagb_author_info":{"display_name":"jinxing6611@gmail.com","author_link":"https:\/\/wisecnclaser.com\/pl\/author\/"},"uagb_comment_info":0,"uagb_excerpt":"Letter Bending Machine Advantages: 1.Independent double slotting system, the real realization of different types of materials freely processing. 2.Automatic adjustment of cutting depth for both planer and milling cutter slotting, easy to operate 3.The planer is made with hard alloy finished , cutting stable and smooth , blade grain with a number of tips can&hellip;","_links":{"self":[{"href":"https:\/\/wisecnclaser.com\/pl\/wp-json\/wp\/v2\/product\/3627","targetHints":{"allow":["GET"]}}],"collection":[{"href":"https:\/\/wisecnclaser.com\/pl\/wp-json\/wp\/v2\/product"}],"about":[{"href":"https:\/\/wisecnclaser.com\/pl\/wp-json\/wp\/v2\/types\/product"}],"wp:featuredmedia":[{"embeddable":true,"href":"https:\/\/wisecnclaser.com\/pl\/wp-json\/wp\/v2\/media\/3630"}],"wp:attachment":[{"href":"https:\/\/wisecnclaser.com\/pl\/wp-json\/wp\/v2\/media?parent=3627"}],"wp:term":[{"taxonomy":"product_brand","embeddable":true,"href":"https:\/\/wisecnclaser.com\/pl\/wp-json\/wp\/v2\/product_brand?post=3627"},{"taxonomy":"product_cat","embeddable":true,"href":"https:\/\/wisecnclaser.com\/pl\/wp-json\/wp\/v2\/product_cat?post=3627"},{"taxonomy":"product_tag","embeddable":true,"href":"https:\/\/wisecnclaser.com\/pl\/wp-json\/wp\/v2\/product_tag?post=3627"}],"curies":[{"name":"wp","href":"https:\/\/api.w.org\/{rel}","templated":true}]}}