{"id":3631,"date":"2025-05-23T00:31:03","date_gmt":"2025-05-23T00:31:03","guid":{"rendered":"https:\/\/wisecnclaser.com\/?post_type=product&#038;p=3631"},"modified":"2025-05-23T00:31:03","modified_gmt":"2025-05-23T00:31:03","slug":"wise48-heavy-duty-atc-cnc-router","status":"publish","type":"product","link":"https:\/\/wisecnclaser.com\/pl\/produkt\/wise48-heavy-duty-atc-cnc-router\/","title":{"rendered":"Wytrzyma\u0142y ploter ATC CNC WISE48"},"content":{"rendered":"<p>Cechy:<\/p>\n<p>1. ca\u0142y korpus maszyny wykonany jest ze stali 8MM bez szwu spawalniczego odpuszczania starzenia, sztywny, bez deformacji.<\/p>\n<p>2. silnik serwo, wysoka precyzja i du\u017ca pr\u0119dko\u015b\u0107.<\/p>\n<p>3. Tajwa\u0144ska 30-kwadratowa prowadnica szynowa, p\u0142ynna praca, bardziej stabilna wysoka precyzja, d\u0142uga \u017cywotno\u015b\u0107.<\/p>\n<p>4. Wrzeciono ATC o mocy 9 kW ch\u0142odzone powietrzem, d\u0142uga \u017cywotno\u015b\u0107, pr\u0119dko\u015b\u0107 do 18000 obr\/min, rze\u017abiona g\u0142adka powierzchnia.<\/p>\n<p>5. Du\u017ca wyposa\u017cona w oddzieln\u0105 szafk\u0119, obs\u0142uga ekranu dotykowego, prosta i wygodna, \u0142atwa do nauczenia.<\/p>\n<p>6. Z dwuwarstwowym sto\u0142em pr\u00f3\u017cniowym, ci\u0119cie krzy\u017cowe na stole pr\u00f3\u017cniowym, lepszy efekt ssania. System pr\u00f3\u017cniowy mo\u017ce by\u0107 zasysany w procesie przetwarzania wi\u00f3r\u00f3w drzewnych i gruzu, aby utrzyma\u0107 st\u00f3\u0142 w czysto\u015bci i po\u015bredniej konserwacji sprz\u0119tu.<\/p>\n<p>7.12 narz\u0119dzia liniowe ATC, serwonap\u0119dy<\/p>\n<p>8. u\u017cywany do ci\u0119cia drewna, grawerowania, frezowania, wycinania otwor\u00f3w, stosowany w meblach panelowych, szafkach ubraniowych i zaawansowanej produkcji drzwi szafek<\/p>\n<p>&nbsp;<\/p>\n<p>Zastosowanie:<\/p>\n<p>Nadaje si\u0119 do stolarki, drzwi drewnianych, mebli, szafek, form, mebli panelowych itp.<\/p>\n<p>&nbsp;<\/p>\n<table border=\"1\" width=\"666\">\n<tbody>\n<tr class=\"firstRow\">\n<td colspan=\"2\" width=\"662\">Opis i specyfikacja wytrzyma\u0142ego plotera CNC ATC:<\/td>\n<\/tr>\n<tr>\n<td valign=\"top\" width=\"217\">Model<\/td>\n<td valign=\"top\" width=\"446\">WISE48<\/td>\n<\/tr>\n<tr>\n<td valign=\"top\" width=\"217\">X Obszar roboczy<\/td>\n<td valign=\"top\" width=\"446\">1300 mm<\/td>\n<\/tr>\n<tr>\n<td valign=\"top\" width=\"217\">Y Obszar roboczy<\/td>\n<td valign=\"top\" width=\"446\">2500 mm<\/td>\n<\/tr>\n<tr>\n<td valign=\"top\" width=\"217\">Z Obszar roboczy<\/td>\n<td valign=\"top\" width=\"446\">300 mm<\/td>\n<\/tr>\n<tr>\n<td valign=\"top\" width=\"217\">St\u00f3\u0142 maszynowy<\/td>\n<td valign=\"top\" width=\"446\">Dwuwarstwowy st\u00f3\u0142 pr\u00f3\u017cniowy<\/td>\n<\/tr>\n<tr>\n<td valign=\"top\" width=\"217\">Dok\u0142adno\u015b\u0107 pozycjonowania w ruchu<\/td>\n<td valign=\"top\" width=\"446\">\u00b10,05 mm<\/td>\n<\/tr>\n<tr>\n<td valign=\"top\" width=\"217\">Dok\u0142adno\u015b\u0107 pozycjonowania<\/td>\n<td valign=\"top\" width=\"446\">\u00b10,05 mm<\/td>\n<\/tr>\n<tr>\n<td valign=\"top\" width=\"217\">Struktura X,Y,Z<\/td>\n<td valign=\"top\" width=\"446\">Ko\u0142o z\u0119bate XY Taiwan 2.0M, \u015bruba kulowa Z Taiwan. Wszystkie osie wykorzystuj\u0105 prowadnic\u0119 kwadratow\u0105<\/td>\n<\/tr>\n<tr>\n<td valign=\"top\" width=\"217\">NARZ\u0118DZIA ATC<\/td>\n<td valign=\"top\" width=\"446\">12 NARZ\u0118DZI w linii<\/td>\n<\/tr>\n<tr>\n<td valign=\"top\" width=\"217\">Maks. Szybko\u015b\u0107 jazdy<\/td>\n<td valign=\"top\" width=\"446\">50000 mm\/min<\/td>\n<\/tr>\n<tr>\n<td valign=\"top\" width=\"217\">Maks. Pr\u0119dko\u015b\u0107 robocza<\/td>\n<td valign=\"top\" width=\"446\">25000 mm\/min<\/td>\n<\/tr>\n<tr>\n<td valign=\"top\" width=\"217\">Wrzeciono<\/td>\n<td valign=\"top\" width=\"446\">Wrzeciono ATC 9KW<\/td>\n<\/tr>\n<tr>\n<td valign=\"top\" width=\"217\">Pr\u0119dko\u015b\u0107 wrzeciona<\/td>\n<td valign=\"top\" width=\"446\">0-18000 obr.<\/td>\n<\/tr>\n<tr>\n<td valign=\"top\" width=\"217\">Silnik nap\u0119dowy<\/td>\n<td valign=\"top\" width=\"446\">Chi\u0144skie serwo<\/td>\n<\/tr>\n<tr>\n<td valign=\"top\" width=\"217\">Polecenie<\/td>\n<td valign=\"top\" width=\"446\">G-code*.u00*.mmg*.plt<\/td>\n<\/tr>\n<tr>\n<td valign=\"top\" width=\"217\">Napi\u0119cie robocze<\/td>\n<td valign=\"top\" width=\"446\">3PH AC380V\/50Hz<\/td>\n<\/tr>\n<tr>\n<td valign=\"top\" width=\"217\">System kontroli<\/td>\n<td valign=\"top\" width=\"446\">Tajwa\u0144ski system kontroli LNC<\/td>\n<\/tr>\n<tr>\n<td valign=\"top\" width=\"217\">Szyna prowadz\u0105ca<\/td>\n<td valign=\"top\" width=\"446\">Tajwan 30 szyna kwadratowa<\/td>\n<\/tr>\n<tr>\n<td valign=\"top\" width=\"217\">Szafa sterownicza<\/td>\n<td valign=\"top\" width=\"446\">szafka dotykowa z ekranem<\/td>\n<\/tr>\n<tr>\n<td valign=\"top\" width=\"217\">System smarowania<\/td>\n<td valign=\"top\" width=\"446\">Automatyczny system smarowania<\/td>\n<\/tr>\n<tr>\n<td valign=\"top\" width=\"217\">Urz\u0105dzenie pomocnicze<\/td>\n<td valign=\"top\" width=\"446\">Wyskakuj\u0105ce ko\u0142ki - do mocowania materia\u0142u we w\u0142a\u015bciwym miejscu, czujnik narz\u0119dzia do kalibracji tej samej wysoko\u015bci osi Z ka\u017cdego narz\u0119dzia, odpylacz 5,5 kW, pompa pr\u00f3\u017cniowa 7,5 kW<\/td>\n<\/tr>\n<\/tbody>\n<\/table>","protected":false},"excerpt":{"rendered":"<p>tool magazine of 12 tools linear atc cnc router\u00a0can move with the gantry, which can not only change different tool heads at any time according to the processing requirements, but also has a fast tool change speed and high processing efficiency.<\/p>\n<p>One machine can basically cut 70-90 sheets wood panel a day, and the processing efficiency is very high. The board utilization rate is as high as 98%, which greatly reduces the cost of raw materials.<\/p>\n<p>Application:Panel furniture, cabinet wardrobe, office furniture, custom furniture, computer desks,\u00a0 wooden speakers, wooden kitchen utensils and other board furniture flat cutting, milling, beveling, punching, carving and other auxiliary processing<\/p>","protected":false},"featured_media":3634,"template":"","meta":{"_seopress_robots_primary_cat":"","_seopress_titles_title":"","_seopress_titles_desc":"","_seopress_robots_index":"","_uag_custom_page_level_css":"","site-sidebar-layout":"default","site-content-layout":"","ast-site-content-layout":"default","site-content-style":"default","site-sidebar-style":"default","ast-global-header-display":"","ast-banner-title-visibility":"","ast-main-header-display":"","ast-hfb-above-header-display":"","ast-hfb-below-header-display":"","ast-hfb-mobile-header-display":"","site-post-title":"","ast-breadcrumbs-content":"","ast-featured-img":"","footer-sml-layout":"","ast-disable-related-posts":"","theme-transparent-header-meta":"default","adv-header-id-meta":"","stick-header-meta":"default","header-above-stick-meta":"","header-main-stick-meta":"","header-below-stick-meta":"","astra-migrate-meta-layouts":"set","ast-page-background-enabled":"default","ast-page-background-meta":{"desktop":{"background-color":"","background-image":"","background-repeat":"repeat","background-position":"center center","background-size":"auto","background-attachment":"scroll","background-type":"","background-media":"","overlay-type":"","overlay-color":"","overlay-opacity":"","overlay-gradient":""},"tablet":{"background-color":"","background-image":"","background-repeat":"repeat","background-position":"center center","background-size":"auto","background-attachment":"scroll","background-type":"","background-media":"","overlay-type":"","overlay-color":"","overlay-opacity":"","overlay-gradient":""},"mobile":{"background-color":"","background-image":"","background-repeat":"repeat","background-position":"center center","background-size":"auto","background-attachment":"scroll","background-type":"","background-media":"","overlay-type":"","overlay-color":"","overlay-opacity":"","overlay-gradient":""}},"ast-content-background-meta":{"desktop":{"background-color":"var(--ast-global-color-5)","background-image":"","background-repeat":"repeat","background-position":"center center","background-size":"auto","background-attachment":"scroll","background-type":"","background-media":"","overlay-type":"","overlay-color":"","overlay-opacity":"","overlay-gradient":""},"tablet":{"background-color":"var(--ast-global-color-5)","background-image":"","background-repeat":"repeat","background-position":"center center","background-size":"auto","background-attachment":"scroll","background-type":"","background-media":"","overlay-type":"","overlay-color":"","overlay-opacity":"","overlay-gradient":""},"mobile":{"background-color":"var(--ast-global-color-5)","background-image":"","background-repeat":"repeat","background-position":"center center","background-size":"auto","background-attachment":"scroll","background-type":"","background-media":"","overlay-type":"","overlay-color":"","overlay-opacity":"","overlay-gradient":""}}},"product_brand":[],"product_cat":[34],"product_tag":[],"class_list":{"0":"post-3631","1":"product","2":"type-product","3":"status-publish","4":"has-post-thumbnail","6":"product_cat-nesting","7":"desktop-align-left","8":"tablet-align-left","9":"mobile-align-left","10":"ast-product-gallery-layout-horizontal-slider","11":"ast-product-tabs-layout-horizontal","13":"first","14":"instock","15":"shipping-taxable","16":"product-type-simple"},"uagb_featured_image_src":{"full":["https:\/\/wisecnclaser.com\/wp-content\/uploads\/2025\/05\/36752d094c7c1891c401876f4adde1b7.png",800,800,false],"thumbnail":["https:\/\/wisecnclaser.com\/wp-content\/uploads\/2025\/05\/36752d094c7c1891c401876f4adde1b7-150x150.png",150,150,true],"medium":["https:\/\/wisecnclaser.com\/wp-content\/uploads\/2025\/05\/36752d094c7c1891c401876f4adde1b7-300x300.png",300,300,true],"medium_large":["https:\/\/wisecnclaser.com\/wp-content\/uploads\/2025\/05\/36752d094c7c1891c401876f4adde1b7-768x768.png",768,768,true],"large":["https:\/\/wisecnclaser.com\/wp-content\/uploads\/2025\/05\/36752d094c7c1891c401876f4adde1b7.png",800,800,false],"1536x1536":["https:\/\/wisecnclaser.com\/wp-content\/uploads\/2025\/05\/36752d094c7c1891c401876f4adde1b7.png",800,800,false],"2048x2048":["https:\/\/wisecnclaser.com\/wp-content\/uploads\/2025\/05\/36752d094c7c1891c401876f4adde1b7.png",800,800,false],"trp-custom-language-flag":["https:\/\/wisecnclaser.com\/wp-content\/uploads\/2025\/05\/36752d094c7c1891c401876f4adde1b7-12x12.png",12,12,true],"woocommerce_thumbnail":["https:\/\/wisecnclaser.com\/wp-content\/uploads\/2025\/05\/36752d094c7c1891c401876f4adde1b7-300x300.png",300,300,true],"woocommerce_single":["https:\/\/wisecnclaser.com\/wp-content\/uploads\/2025\/05\/36752d094c7c1891c401876f4adde1b7-600x600.png",600,600,true],"woocommerce_gallery_thumbnail":["https:\/\/wisecnclaser.com\/wp-content\/uploads\/2025\/05\/36752d094c7c1891c401876f4adde1b7-100x100.png",100,100,true]},"uagb_author_info":{"display_name":"jinxing6611@gmail.com","author_link":"https:\/\/wisecnclaser.com\/pl\/author\/"},"uagb_comment_info":0,"uagb_excerpt":"tool magazine of 12 tools linear atc cnc router\u00a0can move with the gantry, which can not only change different tool heads at any time according to the processing requirements, but also has a fast tool change speed and high processing efficiency. One machine can basically cut 70-90 sheets wood panel a day, and the processing&hellip;","_links":{"self":[{"href":"https:\/\/wisecnclaser.com\/pl\/wp-json\/wp\/v2\/product\/3631","targetHints":{"allow":["GET"]}}],"collection":[{"href":"https:\/\/wisecnclaser.com\/pl\/wp-json\/wp\/v2\/product"}],"about":[{"href":"https:\/\/wisecnclaser.com\/pl\/wp-json\/wp\/v2\/types\/product"}],"wp:featuredmedia":[{"embeddable":true,"href":"https:\/\/wisecnclaser.com\/pl\/wp-json\/wp\/v2\/media\/3634"}],"wp:attachment":[{"href":"https:\/\/wisecnclaser.com\/pl\/wp-json\/wp\/v2\/media?parent=3631"}],"wp:term":[{"taxonomy":"product_brand","embeddable":true,"href":"https:\/\/wisecnclaser.com\/pl\/wp-json\/wp\/v2\/product_brand?post=3631"},{"taxonomy":"product_cat","embeddable":true,"href":"https:\/\/wisecnclaser.com\/pl\/wp-json\/wp\/v2\/product_cat?post=3631"},{"taxonomy":"product_tag","embeddable":true,"href":"https:\/\/wisecnclaser.com\/pl\/wp-json\/wp\/v2\/product_tag?post=3631"}],"curies":[{"name":"wp","href":"https:\/\/api.w.org\/{rel}","templated":true}]}}