{"id":3659,"date":"2025-05-23T00:57:22","date_gmt":"2025-05-23T00:57:22","guid":{"rendered":"https:\/\/wisecnclaser.com\/?post_type=product&#038;p=3659"},"modified":"2025-05-23T00:57:23","modified_gmt":"2025-05-23T00:57:23","slug":"handheld-laser-welding-machine","status":"publish","type":"product","link":"https:\/\/wisecnclaser.com\/pl\/produkt\/handheld-laser-welding-machine\/","title":{"rendered":"R\u0119czna spawarka laserowa"},"content":{"rendered":"<p><b>WPROWADZENIE<\/b><\/p>\n<p>\u00d8 Spawanie laserowe to rodzaj metody przetwarzania, kt\u00f3ra wykorzystuje wi\u0105zk\u0119 laserow\u0105 o wysokiej g\u0119sto\u015bci energii jako \u017ar\u00f3d\u0142o ciep\u0142a do spawania materia\u0142\u00f3w.<\/p>\n<p>\u00d8 W ostatnich latach, ze wzgl\u0119du na ci\u0105g\u0142y rozw\u00f3j i post\u0119p materia\u0142\u00f3w, technologii i proces\u00f3w, laser by\u0142 szeroko stosowany w spawaniu i lutowaniu tworzyw sztucznych, metali itp. i b\u0119dzie nadal zast\u0119powa\u0142 tradycyjne metody spawania, takie jak spawanie \u0142ukiem argonowym w przemy\u015ble samochodowym, czujnik\u00f3w, elektronicznym i innych.<\/p>\n<p>\u00d8 R\u0119czna spawarka laserowa z r\u0119czn\u0105 g\u0142owic\u0105 spawalnicz\u0105, podobna do spawania \u0142ukiem argonowym, elastyczna i prosta w obs\u0142udze, odpowiednia do ma\u0142ych i du\u017cych zam\u00f3wie\u0144 seryjnych o niskich wymaganiach dotycz\u0105cych sp\u00f3jno\u015bci produktu.<\/p>\n<p>\u00d8 Mo\u017ce by\u0107 szeroko stosowany w skomplikowanym i nieregularnym procesie spawania szafek, kuchni i \u0142azienek, wind schodowych, p\u00f3\u0142ek, piekarnik\u00f3w, drzwi ze stali nierdzewnej i por\u0119czy okiennych, skrzynek rozdzielczych, dom\u00f3w ze stali nierdzewnej i innych ga\u0142\u0119zi przemys\u0142u.<\/p>\n<p><b>CECHY I ZALETY<\/b><\/p>\n<p>\u00d8 Pr\u0119dko\u015b\u0107 spawania jest du\u017ca, 2-3 razy wi\u0119ksza ni\u017c w przypadku spawania tradycyjnego.<\/p>\n<p>\u00d8 Materia\u0142y spawalnicze s\u0105 ta\u0144sze, maj\u0105 d\u0142ug\u0105 \u017cywotno\u015b\u0107, s\u0105 bezpieczniejsze i chroni\u0105 \u015brodowisko.<\/p>\n<p>\u00d8 G\u0142adka i pi\u0119kna spoina, bez wt\u00f3rnej obr\u00f3bki, oszcz\u0119dzaj\u0105ca czas i koszty<\/p>\n<p>\u00d8 Spawany element roboczy ma niewielki wp\u0142yw termiczny i nie ulega deformacji<\/p>\n<p>\u00d8 Obracaj\u0105c g\u0142owic\u0119 lasera, wi\u0105zk\u0119 mo\u017cna regulowa\u0107 w zakresie 0,5-6 mm, co rekompensuje wad\u0119 ma\u0142ej plamki spawania laserowego, rozszerza zakres tolerancji i szeroko\u015b\u0107 spoiny obrabianych cz\u0119\u015bci oraz zapewnia lepsze formowanie spoiny.<\/p>\n<p><strong>SZCZEG\u00d3\u0141Y PARAMETR\u00d3W<\/strong><\/p>\n<table width=\"666\">\n<tbody>\n<tr>\n<td width=\"254\">PRZEDMIOTY<\/td>\n<td colspan=\"3\" width=\"439\">PARAMETR<\/td>\n<\/tr>\n<tr>\n<td width=\"254\">Model<\/td>\n<td width=\"124\">WS-1000<\/td>\n<td width=\"141\">WS-1500<\/td>\n<td width=\"174\">WS-2000<\/td>\n<\/tr>\n<tr>\n<td width=\"254\">Moc lasera<\/td>\n<td width=\"124\">1000W<\/td>\n<td width=\"141\">1500W<\/td>\n<td width=\"174\">2000W<\/td>\n<\/tr>\n<tr>\n<td width=\"254\">Napi\u0119cie robocze<\/td>\n<td width=\"124\">220V<\/td>\n<td width=\"141\">220V<\/td>\n<td width=\"174\">220V\/380V<\/td>\n<\/tr>\n<tr>\n<td width=\"254\">D\u0142ugo\u015b\u0107 fali lasera<\/td>\n<td colspan=\"3\" width=\"439\">1080nm<\/td>\n<\/tr>\n<tr>\n<td width=\"254\">Typ przewodzenia<\/td>\n<td colspan=\"3\" width=\"439\">Laser \u015bwiat\u0142owodowy<\/td>\n<\/tr>\n<tr>\n<td width=\"254\">Zakres pr\u0119dko\u015bci spawania<\/td>\n<td colspan=\"3\" width=\"439\">0~120 mm\/s<\/td>\n<\/tr>\n<tr>\n<td width=\"254\">Agregat wody lodowej<\/td>\n<td colspan=\"3\" width=\"439\">Przemys\u0142owy zbiornik wody o sta\u0142ej temperaturze<\/td>\n<\/tr>\n<tr>\n<td width=\"254\">Zakres temperatur \u015brodowiska pracy<\/td>\n<td colspan=\"3\" width=\"439\">10~40 \u2103<\/td>\n<\/tr>\n<tr>\n<td width=\"254\">Zakres wilgotno\u015bci \u015brodowiska pracy<\/td>\n<td colspan=\"3\" width=\"439\">&lt; 70% Brak kondensacji<\/td>\n<\/tr>\n<tr>\n<td width=\"254\">Zdolno\u015b\u0107 spawania<\/td>\n<td width=\"124\">Stal nierdzewna 4 mm<\/p>\n<p>Stal w\u0119glowa 4 mm<\/p>\n<p>Aluminium 2 mm<\/td>\n<td width=\"141\">Stal nierdzewna 5 mm<\/p>\n<p>stal w\u0119glowa 5 mm<\/p>\n<p>aluminium 3 mm<\/td>\n<td width=\"174\">Stal nierdzewna 6 mm<\/p>\n<p>Stal w\u0119glowa 6 mm<\/p>\n<p>Aluminium 4 mm<\/td>\n<\/tr>\n<tr>\n<td width=\"254\">Wymagania dotycz\u0105ce spoin spawalniczych<\/td>\n<td colspan=\"3\" width=\"439\">\u22640,5 mm<\/td>\n<\/tr>\n<\/tbody>\n<\/table>\n<p><b>\u00a0<\/b><\/p>\n<p><b>POR\u00d3WNANIE: SPAWANIE LASEROWE I TRADYCYJNE<\/b><\/p>\n<table width=\"666\">\n<tbody>\n<tr>\n<td width=\"260\"><b>POZYCJE POR\u00d3WNAWCZE<\/b><\/td>\n<td width=\"200\"><b>SPAWANIE TRADYCYJNE<\/b><\/td>\n<td width=\"230\"><b>SPAWANIE LASEROWE<\/b><\/td>\n<\/tr>\n<tr>\n<td width=\"260\">Dop\u0142yw ciep\u0142a do obrabianego przedmiotu<\/td>\n<td width=\"200\">Bardzo wysoki<\/td>\n<td width=\"230\">Niski<\/td>\n<\/tr>\n<tr>\n<td width=\"260\">Odkszta\u0142cenie i podci\u0119cie przedmiotu obrabianego<\/td>\n<td width=\"200\">Du\u017cy<\/td>\n<td width=\"230\">Ma\u0142y<\/td>\n<\/tr>\n<tr>\n<td width=\"260\">Wytrzyma\u0142o\u015b\u0107 wi\u0105zania z metalem nieszlachetnym<\/td>\n<td width=\"200\">Zwykle<\/td>\n<td width=\"230\">Bardzo \u0142adny<\/td>\n<\/tr>\n<tr>\n<td width=\"260\">Leczenie uzupe\u0142niaj\u0105ce<\/td>\n<td width=\"200\">Polski<\/td>\n<td width=\"230\">Brak szlifowania lub niewielkie szlifowanie<\/td>\n<\/tr>\n<tr>\n<td width=\"260\">Pr\u0119dko\u015b\u0107 spawania<\/td>\n<td width=\"200\">Zwykle<\/td>\n<td width=\"230\">Ponad 2 razy wi\u0119cej ni\u017c w przypadku spawania \u0142ukiem argonowym<\/td>\n<\/tr>\n<tr>\n<td width=\"260\">Odpowiednie materia\u0142y<\/td>\n<td width=\"200\">Stal nierdzewna, stal w\u0119glowa, blacha ocynkowana<\/td>\n<td width=\"230\">Stal nierdzewna, stal w\u0119glowa, blacha ocynkowana<\/td>\n<\/tr>\n<tr>\n<td width=\"260\">Materia\u0142y eksploatacyjne<\/td>\n<td width=\"200\">Wiele materia\u0142\u00f3w eksploatacyjnych<\/td>\n<td width=\"230\">Mniej materia\u0142\u00f3w eksploatacyjnych<\/td>\n<\/tr>\n<tr>\n<td width=\"260\">Trudno\u015bci w dzia\u0142aniu<\/td>\n<td width=\"200\">Kompleks<\/td>\n<td width=\"230\">Prosty<\/td>\n<\/tr>\n<tr>\n<td width=\"260\">Bezpiecze\u0144stwo operatora<\/td>\n<td width=\"200\">Niebezpieczne<\/td>\n<td width=\"230\">Bezpieczny<\/td>\n<\/tr>\n<tr>\n<td width=\"260\">Wp\u0142yw na \u015brodowisko<\/td>\n<td width=\"200\">Nie dotyczy \u015brodowiska<\/td>\n<td width=\"230\">\u015arodowisko<\/td>\n<\/tr>\n<tr>\n<td width=\"260\">Odporno\u015b\u0107 na b\u0142\u0119dy spawania<\/td>\n<td width=\"200\">Dobry<\/td>\n<td width=\"230\">Dobry<\/td>\n<\/tr>\n<tr>\n<td width=\"260\">Spawanie wahad\u0142owe<\/td>\n<td width=\"200\">-<\/td>\n<td width=\"230\">Tak<\/td>\n<\/tr>\n<tr>\n<td width=\"260\">Szeroko\u015b\u0107 plamki jest regulowana<\/td>\n<td width=\"200\">-<\/td>\n<td width=\"230\">Tak<\/td>\n<\/tr>\n<tr>\n<td width=\"260\">Por\u00f3wnanie jako\u015bci spawania<\/td>\n<td width=\"200\">Z\u0142y<\/td>\n<td width=\"230\">Bardzo dobry<\/td>\n<\/tr>\n<\/tbody>\n<\/table>","protected":false},"excerpt":{"rendered":"<p><b>WPROWADZENIE<\/b><\/p>\n<p>\u00d8 Spawanie laserowe to rodzaj metody przetwarzania, kt\u00f3ra wykorzystuje wi\u0105zk\u0119 laserow\u0105 o wysokiej g\u0119sto\u015bci energii jako \u017ar\u00f3d\u0142o ciep\u0142a do spawania materia\u0142\u00f3w.<\/p>\n<p>\u00d8 W ostatnich latach, ze wzgl\u0119du na ci\u0105g\u0142y rozw\u00f3j i post\u0119p materia\u0142\u00f3w, technologii i proces\u00f3w, laser by\u0142 szeroko stosowany w spawaniu i lutowaniu tworzyw sztucznych, metali itp. i b\u0119dzie nadal zast\u0119powa\u0142 tradycyjne metody spawania, takie jak spawanie \u0142ukiem argonowym w przemy\u015ble samochodowym, czujnik\u00f3w, elektronicznym i innych.<\/p>\n<p>\u00d8 R\u0119czna spawarka laserowa z r\u0119czn\u0105 g\u0142owic\u0105 spawalnicz\u0105, podobna do spawania \u0142ukiem argonowym, elastyczna i prosta w obs\u0142udze, odpowiednia do ma\u0142ych i du\u017cych zam\u00f3wie\u0144 seryjnych o niskich wymaganiach dotycz\u0105cych sp\u00f3jno\u015bci produktu.<\/p>\n<p>\u00d8 Mo\u017ce by\u0107 szeroko stosowany w skomplikowanym i nieregularnym procesie spawania szafek, kuchni i \u0142azienek, wind schodowych, p\u00f3\u0142ek, piekarnik\u00f3w, drzwi ze stali nierdzewnej i por\u0119czy okiennych, skrzynek rozdzielczych, dom\u00f3w ze stali nierdzewnej i innych ga\u0142\u0119zi przemys\u0142u.<\/p>","protected":false},"featured_media":3662,"template":"","meta":{"_seopress_robots_primary_cat":"","_seopress_titles_title":"","_seopress_titles_desc":"","_seopress_robots_index":"","_uag_custom_page_level_css":"","site-sidebar-layout":"default","site-content-layout":"","ast-site-content-layout":"default","site-content-style":"default","site-sidebar-style":"default","ast-global-header-display":"","ast-banner-title-visibility":"","ast-main-header-display":"","ast-hfb-above-header-display":"","ast-hfb-below-header-display":"","ast-hfb-mobile-header-display":"","site-post-title":"","ast-breadcrumbs-content":"","ast-featured-img":"","footer-sml-layout":"","ast-disable-related-posts":"","theme-transparent-header-meta":"default","adv-header-id-meta":"","stick-header-meta":"default","header-above-stick-meta":"","header-main-stick-meta":"","header-below-stick-meta":"","astra-migrate-meta-layouts":"set","ast-page-background-enabled":"default","ast-page-background-meta":{"desktop":{"background-color":"","background-image":"","background-repeat":"repeat","background-position":"center center","background-size":"auto","background-attachment":"scroll","background-type":"","background-media":"","overlay-type":"","overlay-color":"","overlay-opacity":"","overlay-gradient":""},"tablet":{"background-color":"","background-image":"","background-repeat":"repeat","background-position":"center center","background-size":"auto","background-attachment":"scroll","background-type":"","background-media":"","overlay-type":"","overlay-color":"","overlay-opacity":"","overlay-gradient":""},"mobile":{"background-color":"","background-image":"","background-repeat":"repeat","background-position":"center center","background-size":"auto","background-attachment":"scroll","background-type":"","background-media":"","overlay-type":"","overlay-color":"","overlay-opacity":"","overlay-gradient":""}},"ast-content-background-meta":{"desktop":{"background-color":"var(--ast-global-color-5)","background-image":"","background-repeat":"repeat","background-position":"center center","background-size":"auto","background-attachment":"scroll","background-type":"","background-media":"","overlay-type":"","overlay-color":"","overlay-opacity":"","overlay-gradient":""},"tablet":{"background-color":"var(--ast-global-color-5)","background-image":"","background-repeat":"repeat","background-position":"center center","background-size":"auto","background-attachment":"scroll","background-type":"","background-media":"","overlay-type":"","overlay-color":"","overlay-opacity":"","overlay-gradient":""},"mobile":{"background-color":"var(--ast-global-color-5)","background-image":"","background-repeat":"repeat","background-position":"center center","background-size":"auto","background-attachment":"scroll","background-type":"","background-media":"","overlay-type":"","overlay-color":"","overlay-opacity":"","overlay-gradient":""}}},"product_brand":[],"product_cat":[61],"product_tag":[],"class_list":{"0":"post-3659","1":"product","2":"type-product","3":"status-publish","4":"has-post-thumbnail","6":"product_cat-handheld","7":"desktop-align-left","8":"tablet-align-left","9":"mobile-align-left","10":"ast-product-gallery-layout-horizontal-slider","11":"ast-product-gallery-with-no-image","12":"ast-product-tabs-layout-horizontal","14":"first","15":"instock","16":"shipping-taxable","17":"product-type-simple"},"uagb_featured_image_src":{"full":["https:\/\/wisecnclaser.com\/wp-content\/uploads\/2025\/05\/3ce9e574f8d1ce165d0fbd8ee94018cd.png",800,800,false],"thumbnail":["https:\/\/wisecnclaser.com\/wp-content\/uploads\/2025\/05\/3ce9e574f8d1ce165d0fbd8ee94018cd-150x150.png",150,150,true],"medium":["https:\/\/wisecnclaser.com\/wp-content\/uploads\/2025\/05\/3ce9e574f8d1ce165d0fbd8ee94018cd-300x300.png",300,300,true],"medium_large":["https:\/\/wisecnclaser.com\/wp-content\/uploads\/2025\/05\/3ce9e574f8d1ce165d0fbd8ee94018cd-768x768.png",768,768,true],"large":["https:\/\/wisecnclaser.com\/wp-content\/uploads\/2025\/05\/3ce9e574f8d1ce165d0fbd8ee94018cd.png",800,800,false],"1536x1536":["https:\/\/wisecnclaser.com\/wp-content\/uploads\/2025\/05\/3ce9e574f8d1ce165d0fbd8ee94018cd.png",800,800,false],"2048x2048":["https:\/\/wisecnclaser.com\/wp-content\/uploads\/2025\/05\/3ce9e574f8d1ce165d0fbd8ee94018cd.png",800,800,false],"trp-custom-language-flag":["https:\/\/wisecnclaser.com\/wp-content\/uploads\/2025\/05\/3ce9e574f8d1ce165d0fbd8ee94018cd-12x12.png",12,12,true],"woocommerce_thumbnail":["https:\/\/wisecnclaser.com\/wp-content\/uploads\/2025\/05\/3ce9e574f8d1ce165d0fbd8ee94018cd-300x300.png",300,300,true],"woocommerce_single":["https:\/\/wisecnclaser.com\/wp-content\/uploads\/2025\/05\/3ce9e574f8d1ce165d0fbd8ee94018cd-600x600.png",600,600,true],"woocommerce_gallery_thumbnail":["https:\/\/wisecnclaser.com\/wp-content\/uploads\/2025\/05\/3ce9e574f8d1ce165d0fbd8ee94018cd-100x100.png",100,100,true]},"uagb_author_info":{"display_name":"jinxing6611@gmail.com","author_link":"https:\/\/wisecnclaser.com\/pl\/author\/"},"uagb_comment_info":0,"uagb_excerpt":"INTRODUCTION \u00d8\u00a0\u00a0Laser welding is a kind of processing method which uses high energy density laser beam as heat source to weld materials. \u00d8\u00a0\u00a0In recent years, due to the continuous development and progress of materials, technology and process, laser has been widely used in the welding and brazing of plastics, metals, etc., and will continue to&hellip;","_links":{"self":[{"href":"https:\/\/wisecnclaser.com\/pl\/wp-json\/wp\/v2\/product\/3659","targetHints":{"allow":["GET"]}}],"collection":[{"href":"https:\/\/wisecnclaser.com\/pl\/wp-json\/wp\/v2\/product"}],"about":[{"href":"https:\/\/wisecnclaser.com\/pl\/wp-json\/wp\/v2\/types\/product"}],"wp:featuredmedia":[{"embeddable":true,"href":"https:\/\/wisecnclaser.com\/pl\/wp-json\/wp\/v2\/media\/3662"}],"wp:attachment":[{"href":"https:\/\/wisecnclaser.com\/pl\/wp-json\/wp\/v2\/media?parent=3659"}],"wp:term":[{"taxonomy":"product_brand","embeddable":true,"href":"https:\/\/wisecnclaser.com\/pl\/wp-json\/wp\/v2\/product_brand?post=3659"},{"taxonomy":"product_cat","embeddable":true,"href":"https:\/\/wisecnclaser.com\/pl\/wp-json\/wp\/v2\/product_cat?post=3659"},{"taxonomy":"product_tag","embeddable":true,"href":"https:\/\/wisecnclaser.com\/pl\/wp-json\/wp\/v2\/product_tag?post=3659"}],"curies":[{"name":"wp","href":"https:\/\/api.w.org\/{rel}","templated":true}]}}