{"id":3667,"date":"2025-05-23T01:09:22","date_gmt":"2025-05-23T01:09:22","guid":{"rendered":"https:\/\/wisecnclaser.com\/?post_type=product&#038;p=3667"},"modified":"2025-05-23T01:09:22","modified_gmt":"2025-05-23T01:09:22","slug":"cnc-pneumatic-knife-cutting-machine","status":"publish","type":"product","link":"https:\/\/wisecnclaser.com\/pl\/produkt\/cnc-pneumatic-knife-cutting-machine\/","title":{"rendered":"Pneumatyczna maszyna CNC do ci\u0119cia no\u017cem"},"content":{"rendered":"<p>Zastosowanie: Pneumatyczna maszyna do ci\u0119cia no\u017cem CNC jest u\u017cywana g\u0142\u00f3wnie do ci\u0119cia grubych materia\u0142\u00f3w, takich jak EVA, pianka PE, gumowa uszczelka, arkusz azbestu itp.<\/p>\n<p><strong>\u00a0Opis i specyfikacja pneumatycznego no\u017ca cnc do ci\u0119cia grubej pianki eva pe:<\/strong><\/p>\n<table border=\"1\">\n<tbody>\n<tr class=\"firstRow\">\n<td colspan=\"2\" width=\"662\"><\/td>\n<\/tr>\n<tr>\n<td valign=\"top\" width=\"158\">X rozmiar roboczy<\/td>\n<td valign=\"top\" width=\"504\">1600 mm<\/td>\n<\/tr>\n<tr>\n<td valign=\"top\" width=\"158\">Rozmiar roboczy Y<\/td>\n<td valign=\"top\" width=\"504\">2500 mm<\/td>\n<\/tr>\n<tr>\n<td valign=\"top\" width=\"158\">Rozmiar roboczy Z<\/td>\n<td valign=\"top\" width=\"504\">80mm max mo\u017ce ci\u0105\u0107 50-80mm max pianki pe<\/td>\n<\/tr>\n<tr>\n<td valign=\"top\" width=\"158\">G\u0142owica tn\u0105ca<\/td>\n<td valign=\"top\" width=\"504\">pneumatyczna g\u0142owica tn\u0105ca cnc<\/td>\n<\/tr>\n<tr>\n<td valign=\"top\" width=\"158\">Spos\u00f3b wy\u015bwietlania<\/td>\n<td valign=\"top\" width=\"504\">Ekran dotykowy LED w j\u0119zyku angielskim<\/td>\n<\/tr>\n<tr>\n<td valign=\"top\" width=\"158\">St\u00f3\u0142 maszynowy<\/td>\n<td valign=\"top\" width=\"504\">Aluminiowy st\u00f3\u0142 ss\u0105cy z 9 strefami ssania<\/td>\n<\/tr>\n<tr>\n<td valign=\"top\" width=\"158\">Spos\u00f3b przesy\u0142ania danych<\/td>\n<td valign=\"top\" width=\"504\">Intel<\/td>\n<\/tr>\n<tr>\n<td valign=\"top\" width=\"158\">Pompa pr\u00f3\u017cniowa<\/td>\n<td valign=\"top\" width=\"504\">Pneumatyczna pompa pr\u00f3\u017cniowa o mocy 9 kW<\/td>\n<\/tr>\n<tr>\n<td valign=\"top\" width=\"158\">System nap\u0119dowy<\/td>\n<td valign=\"top\" width=\"504\">Tajwa\u0144ski sterownik serwomechanizmu delta i silnik<\/td>\n<\/tr>\n<tr>\n<td valign=\"top\" width=\"158\">System sterowania<\/td>\n<td valign=\"top\" width=\"504\">System kontroli RD<\/td>\n<\/tr>\n<tr>\n<td valign=\"top\" width=\"158\">System prowadzenia<\/td>\n<td valign=\"top\" width=\"504\">Tajwa\u0144ska szyna kwadratowa TBI<\/td>\n<\/tr>\n<tr>\n<td valign=\"top\" width=\"158\">Czujnik narz\u0119dzia<\/td>\n<td valign=\"top\" width=\"504\">Z czerwon\u0105 kropk\u0105<\/td>\n<\/tr>\n<tr>\n<td valign=\"top\" width=\"158\">Transmisja<\/td>\n<td valign=\"top\" width=\"504\">Z\u0119batka Y, stalowy pasek synchroniczny XZ<\/td>\n<\/tr>\n<tr>\n<td valign=\"top\" width=\"158\">Pr\u0119dko\u015b\u0107 ci\u0119cia<\/td>\n<td valign=\"top\" width=\"504\">30 m\/min<\/td>\n<\/tr>\n<tr>\n<td valign=\"top\" width=\"158\">Pr\u0119dko\u015b\u0107 jazdy<\/td>\n<td valign=\"top\" width=\"504\">50 m\/min<\/td>\n<\/tr>\n<tr>\n<td width=\"158\">Waga<\/td>\n<td valign=\"top\" width=\"504\">Oko\u0142o 600 kg<\/td>\n<\/tr>\n<tr>\n<td valign=\"top\" width=\"158\">Rozmiar<\/td>\n<td valign=\"top\" width=\"504\">2250*3300*1650mm<\/td>\n<\/tr>\n<tr>\n<td valign=\"top\" width=\"158\">Moc<\/td>\n<td valign=\"top\" width=\"504\">380V 50HZ<\/td>\n<\/tr>\n<tr>\n<td valign=\"top\" width=\"158\">Oprogramowanie<\/td>\n<td valign=\"top\" width=\"504\">vcutworks, maszyna posiada to oprogramowanie, obs\u0142uguje pliki w formacie dxf, plt<\/td>\n<\/tr>\n<\/tbody>\n<\/table>\n<div style=\"width: 960px;\" class=\"wp-video\"><video class=\"wp-video-shortcode\" id=\"video-3667-1\" width=\"960\" height=\"540\" preload=\"metadata\" controls=\"controls\"><source type=\"video\/mp4\" src=\"https:\/\/wisecnclaser.com\/wp-content\/uploads\/2025\/05\/1625187921256970.mp4?_=1\" \/><a href=\"https:\/\/wisecnclaser.com\/wp-content\/uploads\/2025\/05\/1625187921256970.mp4\">https:\/\/wisecnclaser.com\/wp-content\/uploads\/2025\/05\/1625187921256970.mp4<\/a><\/video><\/div>","protected":false},"excerpt":{"rendered":"<p>Pneumatyczny n\u00f3\u017c tn\u0105cy. U\u017cywany do ci\u0119cia materia\u0142\u00f3w z<strong>\u00a0grubo\u015b\u0107 wi\u0119ksza ni\u017c 10 mm, nap\u0119dzana pneumatycznie, mo\u017ce ci\u0105\u0107 piank\u0119 pe o maksymalnej grubo\u015bci 50-80 mm<\/strong><\/p>\n<p><strong>Cz\u0119stotliwo\u015b\u0107 wibracji 24000<\/strong><\/p>","protected":false},"featured_media":3671,"template":"","meta":{"_seopress_robots_primary_cat":"","_seopress_titles_title":"","_seopress_titles_desc":"","_seopress_robots_index":"","_uag_custom_page_level_css":"","site-sidebar-layout":"default","site-content-layout":"","ast-site-content-layout":"default","site-content-style":"default","site-sidebar-style":"default","ast-global-header-display":"","ast-banner-title-visibility":"","ast-main-header-display":"","ast-hfb-above-header-display":"","ast-hfb-below-header-display":"","ast-hfb-mobile-header-display":"","site-post-title":"","ast-breadcrumbs-content":"","ast-featured-img":"","footer-sml-layout":"","ast-disable-related-posts":"","theme-transparent-header-meta":"default","adv-header-id-meta":"","stick-header-meta":"default","header-above-stick-meta":"","header-main-stick-meta":"","header-below-stick-meta":"","astra-migrate-meta-layouts":"set","ast-page-background-enabled":"default","ast-page-background-meta":{"desktop":{"background-color":"","background-image":"","background-repeat":"repeat","background-position":"center center","background-size":"auto","background-attachment":"scroll","background-type":"","background-media":"","overlay-type":"","overlay-color":"","overlay-opacity":"","overlay-gradient":""},"tablet":{"background-color":"","background-image":"","background-repeat":"repeat","background-position":"center center","background-size":"auto","background-attachment":"scroll","background-type":"","background-media":"","overlay-type":"","overlay-color":"","overlay-opacity":"","overlay-gradient":""},"mobile":{"background-color":"","background-image":"","background-repeat":"repeat","background-position":"center center","background-size":"auto","background-attachment":"scroll","background-type":"","background-media":"","overlay-type":"","overlay-color":"","overlay-opacity":"","overlay-gradient":""}},"ast-content-background-meta":{"desktop":{"background-color":"var(--ast-global-color-5)","background-image":"","background-repeat":"repeat","background-position":"center center","background-size":"auto","background-attachment":"scroll","background-type":"","background-media":"","overlay-type":"","overlay-color":"","overlay-opacity":"","overlay-gradient":""},"tablet":{"background-color":"var(--ast-global-color-5)","background-image":"","background-repeat":"repeat","background-position":"center center","background-size":"auto","background-attachment":"scroll","background-type":"","background-media":"","overlay-type":"","overlay-color":"","overlay-opacity":"","overlay-gradient":""},"mobile":{"background-color":"var(--ast-global-color-5)","background-image":"","background-repeat":"repeat","background-position":"center center","background-size":"auto","background-attachment":"scroll","background-type":"","background-media":"","overlay-type":"","overlay-color":"","overlay-opacity":"","overlay-gradient":""}}},"product_brand":[],"product_cat":[21],"product_tag":[],"class_list":{"0":"post-3667","1":"product","2":"type-product","3":"status-publish","4":"has-post-thumbnail","6":"product_cat-oscillating","7":"desktop-align-left","8":"tablet-align-left","9":"mobile-align-left","10":"ast-product-gallery-layout-horizontal-slider","11":"ast-product-gallery-with-no-image","12":"ast-product-tabs-layout-horizontal","14":"first","15":"instock","16":"shipping-taxable","17":"product-type-simple"},"uagb_featured_image_src":{"full":["https:\/\/wisecnclaser.com\/wp-content\/uploads\/2025\/05\/20b09ef79ee54f7d9fdfb04134e4e7c1.jpg",800,800,false],"thumbnail":["https:\/\/wisecnclaser.com\/wp-content\/uploads\/2025\/05\/20b09ef79ee54f7d9fdfb04134e4e7c1-150x150.jpg",150,150,true],"medium":["https:\/\/wisecnclaser.com\/wp-content\/uploads\/2025\/05\/20b09ef79ee54f7d9fdfb04134e4e7c1-300x300.jpg",300,300,true],"medium_large":["https:\/\/wisecnclaser.com\/wp-content\/uploads\/2025\/05\/20b09ef79ee54f7d9fdfb04134e4e7c1-768x768.jpg",768,768,true],"large":["https:\/\/wisecnclaser.com\/wp-content\/uploads\/2025\/05\/20b09ef79ee54f7d9fdfb04134e4e7c1.jpg",800,800,false],"1536x1536":["https:\/\/wisecnclaser.com\/wp-content\/uploads\/2025\/05\/20b09ef79ee54f7d9fdfb04134e4e7c1.jpg",800,800,false],"2048x2048":["https:\/\/wisecnclaser.com\/wp-content\/uploads\/2025\/05\/20b09ef79ee54f7d9fdfb04134e4e7c1.jpg",800,800,false],"trp-custom-language-flag":["https:\/\/wisecnclaser.com\/wp-content\/uploads\/2025\/05\/20b09ef79ee54f7d9fdfb04134e4e7c1-12x12.jpg",12,12,true],"woocommerce_thumbnail":["https:\/\/wisecnclaser.com\/wp-content\/uploads\/2025\/05\/20b09ef79ee54f7d9fdfb04134e4e7c1-300x300.jpg",300,300,true],"woocommerce_single":["https:\/\/wisecnclaser.com\/wp-content\/uploads\/2025\/05\/20b09ef79ee54f7d9fdfb04134e4e7c1-600x600.jpg",600,600,true],"woocommerce_gallery_thumbnail":["https:\/\/wisecnclaser.com\/wp-content\/uploads\/2025\/05\/20b09ef79ee54f7d9fdfb04134e4e7c1-100x100.jpg",100,100,true]},"uagb_author_info":{"display_name":"jinxing6611@gmail.com","author_link":"https:\/\/wisecnclaser.com\/pl\/author\/"},"uagb_comment_info":0,"uagb_excerpt":"Pneumatic cutting knife. Used for cutting material with\u00a0thickness more than 10mm, driven by pneumatic, can cut 50-80mm max pe foam 24000 vibrating frequency","_links":{"self":[{"href":"https:\/\/wisecnclaser.com\/pl\/wp-json\/wp\/v2\/product\/3667","targetHints":{"allow":["GET"]}}],"collection":[{"href":"https:\/\/wisecnclaser.com\/pl\/wp-json\/wp\/v2\/product"}],"about":[{"href":"https:\/\/wisecnclaser.com\/pl\/wp-json\/wp\/v2\/types\/product"}],"wp:featuredmedia":[{"embeddable":true,"href":"https:\/\/wisecnclaser.com\/pl\/wp-json\/wp\/v2\/media\/3671"}],"wp:attachment":[{"href":"https:\/\/wisecnclaser.com\/pl\/wp-json\/wp\/v2\/media?parent=3667"}],"wp:term":[{"taxonomy":"product_brand","embeddable":true,"href":"https:\/\/wisecnclaser.com\/pl\/wp-json\/wp\/v2\/product_brand?post=3667"},{"taxonomy":"product_cat","embeddable":true,"href":"https:\/\/wisecnclaser.com\/pl\/wp-json\/wp\/v2\/product_cat?post=3667"},{"taxonomy":"product_tag","embeddable":true,"href":"https:\/\/wisecnclaser.com\/pl\/wp-json\/wp\/v2\/product_tag?post=3667"}],"curies":[{"name":"wp","href":"https:\/\/api.w.org\/{rel}","templated":true}]}}