{"id":3672,"date":"2025-05-23T01:11:50","date_gmt":"2025-05-23T01:11:50","guid":{"rendered":"https:\/\/wisecnclaser.com\/?post_type=product&#038;p=3672"},"modified":"2025-05-23T01:11:50","modified_gmt":"2025-05-23T01:11:50","slug":"ws1612-flatbed-cardboard-cutter-plotter","status":"publish","type":"product","link":"https:\/\/wisecnclaser.com\/pl\/produkt\/ws1612-flatbed-cardboard-cutter-plotter\/","title":{"rendered":"WS1612 P\u0142aski ploter tn\u0105cy do kartonu"},"content":{"rendered":"<p><strong>Zastosowanie:<\/strong><\/p>\n<p>WYKORZYSTYWANY do produkcji pr\u00f3bek karton\u00f3w, ci\u0119cia i sk\u0142adania karton\u00f3w z tektury falistej, produkcji znak\u00f3w i grafiki.<\/p>\n<table class=\"has-title hight-light-first-column all magic-19\" width=\"NaN\">\n<tbody>\n<tr class=\"firstRow\">\n<td colspan=\"5\" rowspan=\"1\">\n<div class=\"magic-20\">Parametry techniczne p\u0142askiego plotera tn\u0105cego do kartonu<\/div>\n<\/td>\n<\/tr>\n<tr>\n<td colspan=\"1\" rowspan=\"1\">\n<div class=\"magic-25\">Model<\/div>\n<\/td>\n<td colspan=\"4\" rowspan=\"1\">\n<div class=\"magic-26\">WS1612<\/div>\n<\/td>\n<\/tr>\n<tr>\n<td colspan=\"1\" rowspan=\"1\">\n<div class=\"magic-23\">Rozmiar roboczy<\/div>\n<\/td>\n<td colspan=\"4\" rowspan=\"1\">\n<div class=\"magic-26\">1550*1200 mm<\/div>\n<\/td>\n<\/tr>\n<tr>\n<td colspan=\"1\" rowspan=\"1\">\n<div class=\"magic-23\">Wysoko\u015b\u0107 ci\u0119cia<\/div>\n<\/td>\n<td colspan=\"4\" rowspan=\"1\">\n<div class=\"magic-26\">Maksymalnie 10 mm za pomoc\u0105 no\u017ca wibracyjnego (w przypadku ci\u0119cia grubego materia\u0142u mo\u017cna u\u017cy\u0107 narz\u0119dzia vcut do ci\u0119cia pod k\u0105tem 45 stopni w sk\u0142adanym naro\u017cniku)<\/div>\n<\/td>\n<\/tr>\n<tr>\n<td colspan=\"1\" rowspan=\"1\">\n<div class=\"magic-23\">G\u0142owica tn\u0105ca<\/div>\n<\/td>\n<td colspan=\"4\" rowspan=\"1\">\n<div class=\"magic-26\">N\u00f3\u017c oscylacyjny + k\u00f3\u0142ko biguj\u0105ce (mo\u017cna doda\u0107 narz\u0119dzia v-cut do ci\u0119cia grubego kartonu i ccd do ci\u0119cia drukowanych obraz\u00f3w)<\/div>\n<\/td>\n<\/tr>\n<tr>\n<td colspan=\"1\" rowspan=\"1\">\n<div class=\"magic-23\">St\u00f3\u0142 maszynowy<\/div>\n<\/td>\n<td colspan=\"4\" rowspan=\"1\">\n<div class=\"magic-26\">Aluminiowy st\u00f3\u0142 ss\u0105cy z 9 strefami ssania<\/div>\n<\/td>\n<\/tr>\n<tr>\n<td colspan=\"1\" rowspan=\"1\">\n<div class=\"magic-23\">Pompa pr\u00f3\u017cniowa<\/div>\n<\/td>\n<td colspan=\"4\" rowspan=\"1\">\n<div class=\"magic-26\">Ch\u0142odzona powietrzem pompa pr\u00f3\u017cniowa 9 kW<\/div>\n<\/td>\n<\/tr>\n<tr>\n<td colspan=\"1\" rowspan=\"1\">\n<div class=\"magic-23\">System nap\u0119dowy<\/div>\n<\/td>\n<td colspan=\"4\" rowspan=\"1\">\n<div class=\"magic-26\">Tajwa\u0144ski serwomotor delta i sterownik<\/div>\n<\/td>\n<\/tr>\n<tr>\n<td colspan=\"1\" rowspan=\"1\">\n<div class=\"magic-23\">System sterowania<\/div>\n<\/td>\n<td colspan=\"4\" rowspan=\"1\">\n<div class=\"magic-26\">Kontroler Ruida<\/div>\n<\/td>\n<\/tr>\n<tr>\n<td colspan=\"1\" rowspan=\"1\">\n<div class=\"magic-23\">Oprogramowanie<\/div>\n<\/td>\n<td colspan=\"4\" rowspan=\"1\">\n<div class=\"magic-26\">Vcutworks<\/div>\n<\/td>\n<\/tr>\n<tr>\n<td colspan=\"1\" rowspan=\"1\">\n<div class=\"magic-23\">Transmisja<\/div>\n<\/td>\n<td colspan=\"4\" rowspan=\"1\">\n<div class=\"magic-26\">Z\u0119batka \u015brubowa<\/div>\n<\/td>\n<\/tr>\n<tr>\n<td colspan=\"1\" rowspan=\"1\">\n<div class=\"magic-23\">Pr\u0119dko\u015b\u0107 ci\u0119cia<\/div>\n<\/td>\n<td colspan=\"4\" rowspan=\"1\">\n<div class=\"magic-26\">30 m\/min<\/div>\n<\/td>\n<\/tr>\n<tr>\n<td colspan=\"1\" rowspan=\"1\">\n<div class=\"magic-23\">Pr\u0119dko\u015b\u0107 jazdy<\/div>\n<\/td>\n<td colspan=\"4\" rowspan=\"1\">\n<div class=\"magic-26\">50 m\/min<\/div>\n<\/td>\n<\/tr>\n<tr>\n<td colspan=\"1\" rowspan=\"1\">\n<div class=\"magic-23\">Moc robocza<\/div>\n<\/td>\n<td colspan=\"4\" rowspan=\"1\">\n<div class=\"magic-26\">380V 3 fazy 50HZ<\/div>\n<\/td>\n<\/tr>\n<tr>\n<td colspan=\"1\" rowspan=\"1\">\n<div class=\"magic-23\">Waga maszyny<\/div>\n<\/td>\n<td colspan=\"4\" rowspan=\"1\">\n<div class=\"magic-26\">800 kg<\/div>\n<\/td>\n<\/tr>\n<tr>\n<td colspan=\"1\" rowspan=\"1\">\n<div class=\"magic-23\">Wy\u0142\u0105cznik bezpiecze\u0144stwa<\/div>\n<\/td>\n<td colspan=\"4\" rowspan=\"1\">\n<div class=\"magic-26\">z czterema czujnikami bezpiecze\u0144stwa gwarantuj\u0105cymi bezpiecze\u0144stwo operatora<\/div>\n<\/td>\n<\/tr>\n<\/tbody>\n<\/table>\n<div style=\"width: 640px;\" class=\"wp-video\"><video class=\"wp-video-shortcode\" id=\"video-3672-1\" width=\"640\" height=\"368\" preload=\"metadata\" controls=\"controls\"><source type=\"video\/mp4\" src=\"https:\/\/wisecnclaser.com\/wp-content\/uploads\/2025\/05\/1625189228148691.mp4?_=1\" \/><a href=\"https:\/\/wisecnclaser.com\/wp-content\/uploads\/2025\/05\/1625189228148691.mp4\">https:\/\/wisecnclaser.com\/wp-content\/uploads\/2025\/05\/1625189228148691.mp4<\/a><\/video><\/div>","protected":false},"excerpt":{"rendered":"<h3 class=\"magic-2\">Platforma p\u0142aska Karton tekturowy Pude\u0142ko faliste Papier Automatyczna maszyna do ci\u0119cia bigowania na sprzeda\u017c<\/h3>\n<div class=\"magic-4\">\n<div class=\"magic-5\">\n<div class=\"magic-6\">Maszyna do ci\u0119cia no\u017cem oscylacyjnym CNC z tarcz\u0105 biguj\u0105c\u0105 jest u\u017cywana do pakowania, produkcji karton\u00f3w, wy\u015bwietlaczy, stojak\u00f3w itp.<\/p>\n<div>W przypadku ci\u0119cia materia\u0142\u00f3w o du\u017cej wytrzyma\u0142o\u015bci i bardzo grubej tektury falistej, mo\u017cna u\u017cy\u0107 narz\u0119dzia do ci\u0119cia pod k\u0105tem 45 stopni.<\/div>\n<div>Je\u015bli chcesz wyci\u0105\u0107 wydrukowany karton, mo\u017cesz doda\u0107 kamer\u0119 ccd. Wycina ona uk\u0142ad drukowanego obrazu na kartonie.<\/div>\n<div>Zastosowanie:<br \/>\nG\u0142\u00f3wnie do produkcji pude\u0142 kartonowych, opakowa\u0144 kartonowych, do przetwarzania tektury falistej o podw\u00f3jnych i potr\u00f3jnych \u015bciankach, stosowanych do produkcji pude\u0142 kartonowych<\/div>\n<div>\nMateria\u0142y do ci\u0119cia: tektura falista, tektura papierowa, tektura falista z tworzywa sztucznego, tektura o strukturze plastra miodu, karta papierowa<\/div>\n<\/div>\n<\/div>\n<\/div>","protected":false},"featured_media":3675,"template":"","meta":{"_seopress_robots_primary_cat":"","_seopress_titles_title":"","_seopress_titles_desc":"","_seopress_robots_index":"","_uag_custom_page_level_css":"","site-sidebar-layout":"default","site-content-layout":"","ast-site-content-layout":"default","site-content-style":"default","site-sidebar-style":"default","ast-global-header-display":"","ast-banner-title-visibility":"","ast-main-header-display":"","ast-hfb-above-header-display":"","ast-hfb-below-header-display":"","ast-hfb-mobile-header-display":"","site-post-title":"","ast-breadcrumbs-content":"","ast-featured-img":"","footer-sml-layout":"","ast-disable-related-posts":"","theme-transparent-header-meta":"default","adv-header-id-meta":"","stick-header-meta":"default","header-above-stick-meta":"","header-main-stick-meta":"","header-below-stick-meta":"","astra-migrate-meta-layouts":"set","ast-page-background-enabled":"default","ast-page-background-meta":{"desktop":{"background-color":"","background-image":"","background-repeat":"repeat","background-position":"center center","background-size":"auto","background-attachment":"scroll","background-type":"","background-media":"","overlay-type":"","overlay-color":"","overlay-opacity":"","overlay-gradient":""},"tablet":{"background-color":"","background-image":"","background-repeat":"repeat","background-position":"center center","background-size":"auto","background-attachment":"scroll","background-type":"","background-media":"","overlay-type":"","overlay-color":"","overlay-opacity":"","overlay-gradient":""},"mobile":{"background-color":"","background-image":"","background-repeat":"repeat","background-position":"center center","background-size":"auto","background-attachment":"scroll","background-type":"","background-media":"","overlay-type":"","overlay-color":"","overlay-opacity":"","overlay-gradient":""}},"ast-content-background-meta":{"desktop":{"background-color":"var(--ast-global-color-5)","background-image":"","background-repeat":"repeat","background-position":"center center","background-size":"auto","background-attachment":"scroll","background-type":"","background-media":"","overlay-type":"","overlay-color":"","overlay-opacity":"","overlay-gradient":""},"tablet":{"background-color":"var(--ast-global-color-5)","background-image":"","background-repeat":"repeat","background-position":"center center","background-size":"auto","background-attachment":"scroll","background-type":"","background-media":"","overlay-type":"","overlay-color":"","overlay-opacity":"","overlay-gradient":""},"mobile":{"background-color":"var(--ast-global-color-5)","background-image":"","background-repeat":"repeat","background-position":"center center","background-size":"auto","background-attachment":"scroll","background-type":"","background-media":"","overlay-type":"","overlay-color":"","overlay-opacity":"","overlay-gradient":""}}},"product_brand":[],"product_cat":[21],"product_tag":[],"class_list":{"0":"post-3672","1":"product","2":"type-product","3":"status-publish","4":"has-post-thumbnail","6":"product_cat-oscillating","7":"desktop-align-left","8":"tablet-align-left","9":"mobile-align-left","10":"ast-product-gallery-layout-horizontal-slider","11":"ast-product-gallery-with-no-image","12":"ast-product-tabs-layout-horizontal","14":"first","15":"instock","16":"shipping-taxable","17":"product-type-simple"},"uagb_featured_image_src":{"full":["https:\/\/wisecnclaser.com\/wp-content\/uploads\/2025\/05\/5033a6054c5a613761f1a5f8abca5073.jpg",750,750,false],"thumbnail":["https:\/\/wisecnclaser.com\/wp-content\/uploads\/2025\/05\/5033a6054c5a613761f1a5f8abca5073-150x150.jpg",150,150,true],"medium":["https:\/\/wisecnclaser.com\/wp-content\/uploads\/2025\/05\/5033a6054c5a613761f1a5f8abca5073-300x300.jpg",300,300,true],"medium_large":["https:\/\/wisecnclaser.com\/wp-content\/uploads\/2025\/05\/5033a6054c5a613761f1a5f8abca5073.jpg",750,750,false],"large":["https:\/\/wisecnclaser.com\/wp-content\/uploads\/2025\/05\/5033a6054c5a613761f1a5f8abca5073.jpg",750,750,false],"1536x1536":["https:\/\/wisecnclaser.com\/wp-content\/uploads\/2025\/05\/5033a6054c5a613761f1a5f8abca5073.jpg",750,750,false],"2048x2048":["https:\/\/wisecnclaser.com\/wp-content\/uploads\/2025\/05\/5033a6054c5a613761f1a5f8abca5073.jpg",750,750,false],"trp-custom-language-flag":["https:\/\/wisecnclaser.com\/wp-content\/uploads\/2025\/05\/5033a6054c5a613761f1a5f8abca5073-12x12.jpg",12,12,true],"woocommerce_thumbnail":["https:\/\/wisecnclaser.com\/wp-content\/uploads\/2025\/05\/5033a6054c5a613761f1a5f8abca5073-300x300.jpg",300,300,true],"woocommerce_single":["https:\/\/wisecnclaser.com\/wp-content\/uploads\/2025\/05\/5033a6054c5a613761f1a5f8abca5073-600x600.jpg",600,600,true],"woocommerce_gallery_thumbnail":["https:\/\/wisecnclaser.com\/wp-content\/uploads\/2025\/05\/5033a6054c5a613761f1a5f8abca5073-100x100.jpg",100,100,true]},"uagb_author_info":{"display_name":"jinxing6611@gmail.com","author_link":"https:\/\/wisecnclaser.com\/pl\/author\/"},"uagb_comment_info":0,"uagb_excerpt":"Platform Flatbed Cardboard Carton Corrugated Box Paper Automatic Cutting Creasing Machine for Sale CNC oscillating knife cutting machine with creasing wheel is used for packaging, carton box making, display, stands etc. If cutting material is heavy duty and very thick corrugated cardboard, can use v cut tool to cut 45 degree angle. if want to&hellip;","_links":{"self":[{"href":"https:\/\/wisecnclaser.com\/pl\/wp-json\/wp\/v2\/product\/3672","targetHints":{"allow":["GET"]}}],"collection":[{"href":"https:\/\/wisecnclaser.com\/pl\/wp-json\/wp\/v2\/product"}],"about":[{"href":"https:\/\/wisecnclaser.com\/pl\/wp-json\/wp\/v2\/types\/product"}],"wp:featuredmedia":[{"embeddable":true,"href":"https:\/\/wisecnclaser.com\/pl\/wp-json\/wp\/v2\/media\/3675"}],"wp:attachment":[{"href":"https:\/\/wisecnclaser.com\/pl\/wp-json\/wp\/v2\/media?parent=3672"}],"wp:term":[{"taxonomy":"product_brand","embeddable":true,"href":"https:\/\/wisecnclaser.com\/pl\/wp-json\/wp\/v2\/product_brand?post=3672"},{"taxonomy":"product_cat","embeddable":true,"href":"https:\/\/wisecnclaser.com\/pl\/wp-json\/wp\/v2\/product_cat?post=3672"},{"taxonomy":"product_tag","embeddable":true,"href":"https:\/\/wisecnclaser.com\/pl\/wp-json\/wp\/v2\/product_tag?post=3672"}],"curies":[{"name":"wp","href":"https:\/\/api.w.org\/{rel}","templated":true}]}}