{"id":3687,"date":"2025-05-23T01:20:07","date_gmt":"2025-05-23T01:20:07","guid":{"rendered":"https:\/\/wisecnclaser.com\/?post_type=product&#038;p=3687"},"modified":"2025-05-23T01:20:07","modified_gmt":"2025-05-23T01:20:07","slug":"ws1325-ccd-cnc-router-with-vibrating-knife-tool","status":"publish","type":"product","link":"https:\/\/wisecnclaser.com\/pl\/produkt\/ws1325-ccd-cnc-router-with-vibrating-knife-tool\/","title":{"rendered":"WS1325 Frezarka CNC CCD z no\u017cem wibracyjnym"},"content":{"rendered":"<table border=\"1\">\n<tbody>\n<tr class=\"firstRow\" style=\";height: 38px;\">\n<td style=\"border-width: 1px; border-style: solid; border-color: #9bbb59 #666666 #666666 #9bbb59; border-image: initial; background: white; padding: 5px; word-break: break-all;\" colspan=\"2\" width=\"662\">\n<p style=\"line-height: 16px;\"><span style=\"font-family: arial, helvetica, sans-serif; font-size: 16px;\"><strong><span style=\"font-family: arial, helvetica, sans-serif; color: green;\">Opis i specyfikacja frezarki CNC WS1325 CCD z no\u017cem wibracyjnym:<\/span><\/strong><\/span><\/p>\n<\/td>\n<\/tr>\n<tr>\n<td style=\"border-left: 1px solid #9bbb59; border-image: initial; border-top: none; background: #d7e3bc; border-bottom: 1px solid #666666; border-right: 1px solid #666666; padding: 5px;\" valign=\"top\" width=\"287\">\n<p style=\"line-height: 16px;\"><span style=\"color: black; font-family: arial, helvetica, sans-serif; font-size: 16px;\">X Obszar roboczy<\/span><\/p>\n<\/td>\n<td style=\"border-top: none; border-left: none; background: #d7e3bc; border-bottom: 1px solid #666666; border-right: 1px solid #666666; padding: 5px;\" valign=\"top\" width=\"375\">\n<p style=\"line-height: 16px;\"><span style=\"color: black; font-family: arial, helvetica, sans-serif; font-size: 16px;\">1300 mm<\/span><\/p>\n<\/td>\n<\/tr>\n<tr>\n<td style=\"border-left: 1px solid #9bbb59; border-image: initial; border-top: none; background: white; border-bottom: 1px solid #666666; border-right: 1px solid #666666; padding: 5px;\" valign=\"top\" width=\"287\">\n<p style=\"line-height: 16px;\"><span style=\"color: black; font-family: arial, helvetica, sans-serif; font-size: 16px;\">Y Obszar roboczy<\/span><\/p>\n<\/td>\n<td style=\"border-top: none; border-left: none; background: white; border-bottom: 1px solid #666666; border-right: 1px solid #666666; padding: 5px;\" valign=\"top\" width=\"375\">\n<p style=\"line-height: 16px;\"><span style=\"color: black; font-family: arial, helvetica, sans-serif; font-size: 16px;\">2500 mm <\/span><\/p>\n<\/td>\n<\/tr>\n<tr>\n<td style=\"border-left: 1px solid #9bbb59; border-image: initial; border-top: none; background: #d7e3bc; border-bottom: 1px solid #666666; border-right: 1px solid #666666; padding: 5px;\" valign=\"top\" width=\"287\">\n<p style=\"line-height: 16px;\"><span style=\"color: black; font-family: arial, helvetica, sans-serif; font-size: 16px;\">Z Obszar roboczy<\/span><\/p>\n<\/td>\n<td style=\"border-top: none; border-left: none; background: #d7e3bc; border-bottom: 1px solid #666666; border-right: 1px solid #666666; padding: 5px;\" valign=\"top\" width=\"375\">\n<p style=\"line-height: 16px;\"><span style=\"color: black; font-family: arial, helvetica, sans-serif; font-size: 16px;\">200 mm <\/span><\/p>\n<\/td>\n<\/tr>\n<tr>\n<td style=\"border-left: 1px solid #9bbb59; border-image: initial; border-top: none; background: white; border-bottom: 1px solid #666666; border-right: 1px solid #666666; padding: 5px;\" valign=\"top\" width=\"287\">\n<p style=\"line-height: 16px;\"><span style=\"font-family: arial, helvetica, sans-serif; font-size: 16px;\">St\u00f3\u0142 maszynowy<\/span><\/p>\n<\/td>\n<td style=\"border-top: none; border-left: none; background: white; border-bottom: 1px solid #666666; border-right: 1px solid #666666; padding: 5px;\" valign=\"top\" width=\"375\">\n<p style=\"line-height: 16px;\"><span style=\"font-family: arial, helvetica, sans-serif; font-size: 16px;\">St\u00f3\u0142 podci\u015bnieniowy + gniazdo T<\/span><\/p>\n<\/td>\n<\/tr>\n<tr>\n<td style=\"border-left: 1px solid #9bbb59; border-image: initial; border-top: none; background: #d7e3bc; border-bottom: 1px solid #666666; border-right: 1px solid #666666; padding: 5px;\" valign=\"top\" width=\"287\">\n<p style=\"line-height: 16px;\"><span style=\"color: black; font-family: arial, helvetica, sans-serif; font-size: 16px;\">Dok\u0142adno\u015b\u0107 pozycjonowania w ruchu<\/span><\/p>\n<\/td>\n<td style=\"border-top: none; border-left: none; background: #d7e3bc; border-bottom: 1px solid #666666; border-right: 1px solid #666666; padding: 5px;\" valign=\"top\" width=\"375\">\n<p style=\"line-height: 16px;\"><span style=\"color: black; font-family: arial, helvetica, sans-serif; font-size: 16px;\">\u00b10,05 mm<\/span><\/p>\n<\/td>\n<\/tr>\n<tr>\n<td style=\"border-left: 1px solid #9bbb59; border-image: initial; border-top: none; background: white; border-bottom: 1px solid #666666; border-right: 1px solid #666666; padding: 5px;\" valign=\"top\" width=\"287\">\n<p style=\"line-height: 16px;\"><span style=\"color: black; font-family: arial, helvetica, sans-serif; font-size: 16px;\">Dok\u0142adno\u015b\u0107 pozycjonowania<\/span><\/p>\n<\/td>\n<td style=\"border-top: none; border-left: none; background: white; border-bottom: 1px solid #666666; border-right: 1px solid #666666; padding: 5px;\" valign=\"top\" width=\"375\">\n<p style=\"line-height: 16px;\"><span style=\"color: black; font-family: arial, helvetica, sans-serif; font-size: 16px;\">\u00b10,02 mm<\/span><\/p>\n<\/td>\n<\/tr>\n<tr>\n<td style=\"border-left: 1px solid #9bbb59; border-image: initial; border-top: none; background: white; border-bottom: 1px solid #666666; border-right: 1px solid #666666; padding: 5px;\" valign=\"top\" width=\"287\">\n<p style=\"line-height: 16px;\"><span style=\"color: black; font-family: arial, helvetica, sans-serif; font-size: 16px;\">Struktura X,Y,Z<\/span><\/p>\n<\/td>\n<td style=\"border-top: none; border-left: none; background: white; border-bottom: 1px solid #666666; border-right: 1px solid #666666; padding: 5px;\" valign=\"top\" width=\"375\">\n<p style=\"line-height: 16px;\"><span style=\"color: black; font-family: arial, helvetica, sans-serif; font-size: 16px;\">Ko\u0142o z\u0119bate XY \u015aruba kulowa Z<\/span><\/p>\n<\/td>\n<\/tr>\n<tr>\n<td style=\"border-left: 1px solid #9bbb59; border-image: initial; border-top: none; background: #d7e3bc; border-bottom: 1px solid #666666; border-right: 1px solid #666666; padding: 5px;\" valign=\"top\" width=\"287\">\n<p style=\"line-height: 16px;\"><span style=\"color: black; font-family: arial, helvetica, sans-serif; font-size: 16px;\">Maks. Pob\u00f3r mocy (bez wrzeciona)<\/span><\/p>\n<\/td>\n<td style=\"border-top: none; border-left: none; background: #d7e3bc; border-bottom: 1px solid #666666; border-right: 1px solid #666666; padding: 5px;\" valign=\"top\" width=\"375\">\n<p style=\"line-height: 16px;\"><span style=\"color: black; font-family: arial, helvetica, sans-serif; font-size: 16px;\">0,8 KW<\/span><\/p>\n<\/td>\n<\/tr>\n<tr>\n<td style=\"border-left: 1px solid #9bbb59; border-image: initial; border-top: none; background: white; border-bottom: 1px solid #666666; border-right: 1px solid #666666; padding: 5px;\" valign=\"top\" width=\"287\">\n<p style=\"line-height: 16px;\"><span style=\"color: black; font-family: arial, helvetica, sans-serif; font-size: 16px;\">Maks. Szybko\u015b\u0107 jazdy<\/span><\/p>\n<\/td>\n<td style=\"border-top: none; border-left: none; background: white; border-bottom: 1px solid #666666; border-right: 1px solid #666666; padding: 5px;\" valign=\"top\" width=\"375\">\n<p style=\"line-height: 16px;\"><span style=\"color: black; font-family: arial, helvetica, sans-serif; font-size: 16px;\">20000 mm\/min<\/span><\/p>\n<\/td>\n<\/tr>\n<tr>\n<td style=\"border-left: 1px solid #9bbb59; border-image: initial; border-top: none; background: #d7e3bc; border-bottom: 1px solid #666666; border-right: 1px solid #666666; padding: 5px;\" valign=\"top\" width=\"287\">\n<p style=\"line-height: 16px;\"><span style=\"font-family: arial, helvetica, sans-serif; font-size: 16px;\">Maks. Pr\u0119dko\u015b\u0107 robocza<\/span><\/p>\n<\/td>\n<td style=\"border-top: none; border-left: none; background: #d7e3bc; border-bottom: 1px solid #666666; border-right: 1px solid #666666; padding: 5px;\" valign=\"top\" width=\"375\"><span style=\"font-family: arial, helvetica, sans-serif; font-size: 16px;\">15000 mm\/min<\/span><\/td>\n<\/tr>\n<tr>\n<td style=\"border-left: 1px solid #9bbb59; border-image: initial; border-top: none; background: white; border-bottom: 1px solid #666666; border-right: 1px solid #666666; padding: 5px;\" valign=\"top\" width=\"287\">\n<p style=\"line-height: 16px;\"><span style=\"font-family: arial, helvetica, sans-serif; font-size: 16px;\">Machine Head<\/span><\/p>\n<\/td>\n<td style=\"border-top: none; border-left: none; background: white; border-bottom: 1px solid #666666; border-right: 1px solid #666666; padding: 5px;\" valign=\"top\" width=\"375\">\n<p style=\"line-height: 16px;\"><span style=\"font-family: arial, helvetica, sans-serif; font-size: 16px;\">Wrzeciono + n\u00f3\u017c oscylacyjny + kamera CCD<\/span><\/p>\n<\/td>\n<\/tr>\n<tr>\n<td style=\"border-left: 1px solid #9bbb59; border-image: initial; border-top: none; background: white; border-bottom: 1px solid #666666; border-right: 1px solid #666666; padding: 5px;\" valign=\"top\" width=\"287\">\n<p style=\"line-height: 16px;\"><span style=\"font-family: arial, helvetica, sans-serif; font-size: 16px;\">Wrzeciono<\/span><\/p>\n<\/td>\n<td style=\"border-top: none; border-left: none; background: white; border-bottom: 1px solid #666666; border-right: 1px solid #666666; padding: 5px;\" valign=\"top\" width=\"375\">\n<p style=\"line-height: 16px;\"><span style=\"font-family: arial, helvetica, sans-serif; font-size: 16px;\">Wrzeciono ch\u0142odzone wod\u0105 o mocy 3 kW<\/span><\/p>\n<\/td>\n<\/tr>\n<tr>\n<td style=\"border-left: 1px solid #9bbb59; border-image: initial; border-top: none; background: #d7e3bc; border-bottom: 1px solid #666666; border-right: 1px solid #666666; padding: 5px;\" valign=\"top\" width=\"287\">\n<p style=\"line-height: 16px;\"><span style=\"color: black; font-family: arial, helvetica, sans-serif; font-size: 16px;\">Pr\u0119dko\u015b\u0107 wrzeciona<\/span><\/p>\n<\/td>\n<td style=\"border-top: none; border-left: none; background: #d7e3bc; border-bottom: 1px solid #666666; border-right: 1px solid #666666; padding: 5px;\" valign=\"top\" width=\"375\">\n<p style=\"line-height: 16px;\"><span style=\"color: black; font-family: arial, helvetica, sans-serif; font-size: 16px;\">0-24000 obr.<\/span><\/p>\n<\/td>\n<\/tr>\n<tr>\n<td style=\"border-left: 1px solid #9bbb59; border-image: initial; border-top: none; background: white; border-bottom: 1px solid #666666; border-right: 1px solid #666666; padding: 5px;\" valign=\"top\" width=\"287\">\n<p style=\"line-height: 16px;\"><span style=\"font-family: arial, helvetica, sans-serif; font-size: 16px;\">Silnik nap\u0119dowy<\/span><\/p>\n<\/td>\n<td style=\"border-top: none; border-left: none; background: white; border-bottom: 1px solid #666666; border-right: 1px solid #666666; padding: 5px;\" valign=\"top\" width=\"375\">\n<p style=\"line-height: 16px;\"><span style=\"font-family: arial, helvetica, sans-serif; font-size: 16px;\">Chi\u0144ski serwomechanizm hybrydowy z zamkni\u0119t\u0105 p\u0119tl\u0105 - model 2206 marki LEADSHINE BRAND<\/span><\/p>\n<\/td>\n<\/tr>\n<tr>\n<td style=\"border-left: 1px solid #9bbb59; border-image: initial; border-top: none; background: #d7e3bc; border-bottom: 1px solid #666666; border-right: 1px solid #666666; padding: 5px;\" valign=\"top\" width=\"287\">\n<p style=\"text-align: left; line-height: 16px;\"><span style=\"color: black; font-family: arial, helvetica, sans-serif; font-size: 16px;\">Szyna prowadz\u0105ca<\/span><\/p>\n<\/td>\n<td style=\"border-top: none; border-left: none; background: #d7e3bc; border-bottom: 1px solid #666666; border-right: 1px solid #666666; padding: 5px;\" valign=\"top\" width=\"375\">\n<p style=\"text-align: left; line-height: 16px;\"><span style=\"color: black; font-family: arial, helvetica, sans-serif; font-size: 16px;\">Szyna kwadratowa Hiwin 20<\/span><\/p>\n<\/td>\n<\/tr>\n<tr>\n<td style=\"border-left: 1px solid #9bbb59; border-image: initial; border-top: none; background: white; border-bottom: 1px solid #666666; border-right: 1px solid #666666; padding: 5px;\" valign=\"top\" width=\"287\">\n<p style=\"text-align: left; line-height: 16px;\"><span style=\"color: black; font-family: arial, helvetica, sans-serif; font-size: 16px;\">Napi\u0119cie robocze<\/span><\/p>\n<\/td>\n<td style=\"border-top: none; border-left: none; background: white; border-bottom: 1px solid #666666; border-right: 1px solid #666666; padding: 5px;\" valign=\"top\" width=\"375\">\n<p style=\"text-align: left; line-height: 16px;\"><span style=\"color: black; font-family: arial, helvetica, sans-serif; font-size: 16px;\">A380V\/50Hz-60HZ 3-fazowy<\/span><\/p>\n<\/td>\n<\/tr>\n<tr>\n<td style=\"border-left: 1px solid #9bbb59; border-image: initial; border-top: none; background: #d7e3bc; border-bottom: 1px solid #666666; border-right: 1px solid #666666; padding: 5px;\" valign=\"top\" width=\"287\">\n<p style=\"text-align: left; line-height: 16px;\"><span style=\"font-family: arial, helvetica, sans-serif; font-size: 16px;\">System kontroli<\/span><\/p>\n<\/td>\n<td style=\"border-top: none; border-left: none; background: #d7e3bc; border-bottom: 1px solid #666666; border-right: 1px solid #666666; padding: 5px;\" valign=\"top\" width=\"375\">\n<p style=\"text-align: left; line-height: 16px;\"><span style=\"font-family: arial, helvetica, sans-serif; font-size: 16px;\">Kontroler Xingduowei z kamer\u0105 CCD<\/span><\/p>\n<\/td>\n<\/tr>\n<tr>\n<td style=\"border-left: 1px solid #9bbb59; border-image: initial; border-top: none; background: white; border-bottom: 1px solid #666666; border-right: 1px solid #666666; padding: 5px;\" valign=\"top\" width=\"287\">\n<p style=\"text-align: left; line-height: 16px;\"><span style=\"color: black; font-family: arial, helvetica, sans-serif; font-size: 16px;\">Szafa sterownicza<\/span><\/p>\n<\/td>\n<td style=\"border-top: none; border-left: none; background: white; border-bottom: 1px solid #666666; border-right: 1px solid #666666; padding: 5px;\" valign=\"top\" width=\"375\">\n<p style=\"text-align: left; line-height: 16px;\"><span style=\"color: black; font-family: arial, helvetica, sans-serif; font-size: 16px;\">Niezale\u017cna skrzynka kontrolna<\/span><\/p>\n<\/td>\n<\/tr>\n<tr>\n<td style=\"border-left: 1px solid #9bbb59; border-image: initial; border-top: none; background: #d7e3bc; border-bottom: 1px solid #666666; border-right: 1px solid #666666; padding: 5px;\" valign=\"top\" width=\"287\">\n<p style=\"text-align: left; line-height: 16px;\"><span style=\"color: black; font-family: arial, helvetica, sans-serif; font-size: 16px;\">Urz\u0105dzenie pomocnicze<\/span><\/p>\n<\/td>\n<td style=\"border-top: none; border-left: none; background: #d7e3bc; border-bottom: 1px solid #666666; border-right: 1px solid #666666; padding: 5px;\" valign=\"top\" width=\"375\">\n<p style=\"text-align: left; line-height: 16px;\"><span style=\"color: black; font-family: arial, helvetica, sans-serif; font-size: 16px;\">5.5KW Pompa pr\u00f3\u017cniowa 380V, uk\u0142ad smarowania<\/span><\/p>\n<p style=\"text-align: left; line-height: 16px;\"><span style=\"color: black; font-family: arial, helvetica, sans-serif; font-size: 16px;\">Dywan u\u017cywany do ci\u0119cia no\u017cem oscylacyjnym<\/span><\/p>\n<p style=\"text-align: left; line-height: 16px;\"><span style=\"color: black; font-family: arial, helvetica, sans-serif; font-size: 16px;\">Podw\u00f3jny odpylacz o mocy 3 kW<\/span><\/p>\n<p style=\"text-align: left; line-height: 16px;\"><span style=\"color: black; font-family: arial, helvetica, sans-serif; font-size: 16px;\">Pompa wodna<\/span><\/p>\n<p style=\"text-align: left; line-height: 16px;\"><span style=\"color: black; font-family: arial, helvetica, sans-serif; font-size: 16px;\">Falownik Fuling<\/span><\/p>\n<\/td>\n<\/tr>\n<\/tbody>\n<\/table>\n<p style=\"text-align: left; line-height: 36px; background: #F8F9FA;\"><span style=\"font-family: Arial, sans-serif; color: #202124; font-size: 16px;\">Charakterystyka dzia\u0142ania:<\/span><\/p>\n<p style=\"text-align: left; line-height: 36px; background: #F8F9FA;\"><span style=\"font-family: Arial, sans-serif; color: #202124; font-size: 16px;\">1. Inteligentna maszyna do ci\u0119cia patrolowego kraw\u0119dzi przyjmuje tryb sterowania kontrolera ruchu Xingduowei, kt\u00f3ry nie tylko ma funkcje tradycyjnego ci\u0119cia p\u0142aszczyzny, wyt\u0142aczania 3D itp., ale tak\u017ce nadaje si\u0119 do maszyny do ci\u0119cia patrolowego znak\u00f3w identyfikacyjnych i konturu obrazu atramentowego; mo\u017ce przetwarza\u0107 p\u0142yty KT i PVC. P\u0142yty akrylowe i inne p\u0142yty o \u015bredniej twardo\u015bci, ci\u0119cie no\u017cem wibracyjnym p\u0142yt KT, pcv, rozwi\u0105zanie problemu mechanicznych zadzior\u00f3w ci\u0119cia wrzeciona.<\/span><\/p>\n<p style=\"text-align: left; line-height: 36px; background: #F8F9FA;\"><span style=\"font-family: Arial, sans-serif; color: #202124; font-size: 16px;\">2. Inteligentna maszyna do patrolowania bocznego ma silne w\u0142a\u015bciwo\u015bci przeciwzak\u0142\u00f3ceniowe, du\u017c\u0105 szybko\u015b\u0107 rozpoznawania i wysok\u0105 wydajno\u015b\u0107. Nadaje si\u0119 do znak\u00f3w towarowych, zdj\u0119\u0107 i innych okazji, kt\u00f3re wymagaj\u0105 inteligentnego rozpoznawania i ci\u0119cia. Szybko\u015b\u0107 rozpoznawania i ci\u0119cia jest du\u017ca, a obs\u0142uga prosta i wygodna. Rozwi\u0105zuje problem odpad\u00f3w spowodowanych tradycyjnym r\u0119cznym pozycjonowaniem, kt\u00f3re jest czasoch\u0142onne i pracoch\u0142onne oraz spowodowane odchyleniem p\u0142yty;<\/span><\/p>\n<p style=\"text-align: left; line-height: 36px; background: #F8F9FA;\"><span style=\"font-family: Arial, sans-serif; color: #202124; font-size: 16px;\">3. Potrafi rozpoznawa\u0107 i wycina\u0107 grafik\u0119 o du\u017cej powierzchni, a jedna osoba mo\u017ce obs\u0142ugiwa\u0107 wiele urz\u0105dze\u0144 jednocze\u015bnie, co pozwala zaoszcz\u0119dzi\u0107 du\u017co pracy, energii elektrycznej i miejsca, a tak\u017ce jest bardzo wszechstronne i op\u0142acalne;<\/span><\/p>\n<p style=\"text-align: left; line-height: 36px; background: #F8F9FA;\"><span style=\"font-family: Arial, sans-serif; color: #202124; font-size: 16px;\">4. Automatyczne rozpoznawanie kraw\u0119dzi, brak konieczno\u015bci wyprowadzania \u015bcie\u017cki grawerowania, ci\u0119cie szablon\u00f3w, ci\u0119cie puzzli, du\u017ca zdolno\u015b\u0107 rozpoznawania, du\u017ca pr\u0119dko\u015b\u0107 pozycjonowania i wysoka dok\u0142adno\u015b\u0107 pozycjonowania;<\/span><\/p>\n<p style=\"text-align: left; line-height: 36px; background: #F8F9FA;\"><span style=\"font-family: Arial, sans-serif; color: #202124; font-size: 16px;\">5. Obs\u0142uga wielu metod pozycjonowania, takich jak dopasowywanie cech, pozycjonowanie dwupunktowe, pozycjonowanie wielu szablon\u00f3w i ekstrakcja kontur\u00f3w;<\/span><\/p>\n<p style=\"text-align: left; line-height: 36px; background: #F8F9FA;\"><span style=\"font-family: Arial, sans-serif; color: #202124; font-size: 16px;\">6. Edycja graficzna, sk\u0142ad, kontrola i wyj\u015bcie s\u0105 zako\u0144czone w jednym miejscu;<\/span><\/p>\n<p style=\"text-align: left; line-height: 36px; background: #F8F9FA;\"><span style=\"font-family: Arial, sans-serif; color: #202124; font-size: 16px;\">7. Obs\u0142uga wielu format\u00f3w danych \u017ar\u00f3d\u0142owych: BMP, AL, PLT, DXF, DST itp.<\/span><\/p>\n<p>&nbsp;<\/p>","protected":false},"excerpt":{"rendered":"<p>Multi Functions of ccd cnc router with oscillating knife:<\/p>\n<ol class=\"list-paddingleft-2\">\n<li>ccd camera, can scan printed image layout with fast speed. The material sheet should be marked by marking dots<\/li>\n<li>spindle used to cut thick and hard material such as wood, acrylic, thick PVC expanded sheet, MDF sheet etc.<\/li>\n<li>Oscillating Knife can cut thin and soft material such as vinyl car sticker, thin kt board and pvc expanded sheet etc.<\/li>\n<\/ol>","protected":false},"featured_media":3690,"template":"","meta":{"_seopress_robots_primary_cat":"","_seopress_titles_title":"","_seopress_titles_desc":"","_seopress_robots_index":"","_uag_custom_page_level_css":"","site-sidebar-layout":"default","site-content-layout":"","ast-site-content-layout":"default","site-content-style":"default","site-sidebar-style":"default","ast-global-header-display":"","ast-banner-title-visibility":"","ast-main-header-display":"","ast-hfb-above-header-display":"","ast-hfb-below-header-display":"","ast-hfb-mobile-header-display":"","site-post-title":"","ast-breadcrumbs-content":"","ast-featured-img":"","footer-sml-layout":"","ast-disable-related-posts":"","theme-transparent-header-meta":"default","adv-header-id-meta":"","stick-header-meta":"default","header-above-stick-meta":"","header-main-stick-meta":"","header-below-stick-meta":"","astra-migrate-meta-layouts":"set","ast-page-background-enabled":"default","ast-page-background-meta":{"desktop":{"background-color":"","background-image":"","background-repeat":"repeat","background-position":"center center","background-size":"auto","background-attachment":"scroll","background-type":"","background-media":"","overlay-type":"","overlay-color":"","overlay-opacity":"","overlay-gradient":""},"tablet":{"background-color":"","background-image":"","background-repeat":"repeat","background-position":"center center","background-size":"auto","background-attachment":"scroll","background-type":"","background-media":"","overlay-type":"","overlay-color":"","overlay-opacity":"","overlay-gradient":""},"mobile":{"background-color":"","background-image":"","background-repeat":"repeat","background-position":"center center","background-size":"auto","background-attachment":"scroll","background-type":"","background-media":"","overlay-type":"","overlay-color":"","overlay-opacity":"","overlay-gradient":""}},"ast-content-background-meta":{"desktop":{"background-color":"var(--ast-global-color-5)","background-image":"","background-repeat":"repeat","background-position":"center center","background-size":"auto","background-attachment":"scroll","background-type":"","background-media":"","overlay-type":"","overlay-color":"","overlay-opacity":"","overlay-gradient":""},"tablet":{"background-color":"var(--ast-global-color-5)","background-image":"","background-repeat":"repeat","background-position":"center center","background-size":"auto","background-attachment":"scroll","background-type":"","background-media":"","overlay-type":"","overlay-color":"","overlay-opacity":"","overlay-gradient":""},"mobile":{"background-color":"var(--ast-global-color-5)","background-image":"","background-repeat":"repeat","background-position":"center center","background-size":"auto","background-attachment":"scroll","background-type":"","background-media":"","overlay-type":"","overlay-color":"","overlay-opacity":"","overlay-gradient":""}}},"product_brand":[],"product_cat":[42],"product_tag":[],"class_list":{"0":"post-3687","1":"product","2":"type-product","3":"status-publish","4":"has-post-thumbnail","6":"product_cat-normal","7":"desktop-align-left","8":"tablet-align-left","9":"mobile-align-left","10":"ast-product-gallery-layout-horizontal-slider","11":"ast-product-gallery-with-no-image","12":"ast-product-tabs-layout-horizontal","14":"first","15":"instock","16":"shipping-taxable","17":"product-type-simple"},"uagb_featured_image_src":{"full":["https:\/\/wisecnclaser.com\/wp-content\/uploads\/2025\/05\/c387fa03be9db1de9a00a7ee3d459962.jpg",800,600,false],"thumbnail":["https:\/\/wisecnclaser.com\/wp-content\/uploads\/2025\/05\/c387fa03be9db1de9a00a7ee3d459962-150x150.jpg",150,150,true],"medium":["https:\/\/wisecnclaser.com\/wp-content\/uploads\/2025\/05\/c387fa03be9db1de9a00a7ee3d459962-300x225.jpg",300,225,true],"medium_large":["https:\/\/wisecnclaser.com\/wp-content\/uploads\/2025\/05\/c387fa03be9db1de9a00a7ee3d459962-768x576.jpg",768,576,true],"large":["https:\/\/wisecnclaser.com\/wp-content\/uploads\/2025\/05\/c387fa03be9db1de9a00a7ee3d459962.jpg",800,600,false],"1536x1536":["https:\/\/wisecnclaser.com\/wp-content\/uploads\/2025\/05\/c387fa03be9db1de9a00a7ee3d459962.jpg",800,600,false],"2048x2048":["https:\/\/wisecnclaser.com\/wp-content\/uploads\/2025\/05\/c387fa03be9db1de9a00a7ee3d459962.jpg",800,600,false],"trp-custom-language-flag":["https:\/\/wisecnclaser.com\/wp-content\/uploads\/2025\/05\/c387fa03be9db1de9a00a7ee3d459962-16x12.jpg",16,12,true],"woocommerce_thumbnail":["https:\/\/wisecnclaser.com\/wp-content\/uploads\/2025\/05\/c387fa03be9db1de9a00a7ee3d459962-300x300.jpg",300,300,true],"woocommerce_single":["https:\/\/wisecnclaser.com\/wp-content\/uploads\/2025\/05\/c387fa03be9db1de9a00a7ee3d459962-600x450.jpg",600,450,true],"woocommerce_gallery_thumbnail":["https:\/\/wisecnclaser.com\/wp-content\/uploads\/2025\/05\/c387fa03be9db1de9a00a7ee3d459962-100x100.jpg",100,100,true]},"uagb_author_info":{"display_name":"jinxing6611@gmail.com","author_link":"https:\/\/wisecnclaser.com\/pl\/author\/"},"uagb_comment_info":0,"uagb_excerpt":"Multi Functions of ccd cnc router with oscillating knife: ccd camera, can scan printed image layout with fast speed. The material sheet should be marked by marking dots spindle used to cut thick and hard material such as wood, acrylic, thick PVC expanded sheet, MDF sheet etc. Oscillating Knife can cut thin and soft material&hellip;","_links":{"self":[{"href":"https:\/\/wisecnclaser.com\/pl\/wp-json\/wp\/v2\/product\/3687","targetHints":{"allow":["GET"]}}],"collection":[{"href":"https:\/\/wisecnclaser.com\/pl\/wp-json\/wp\/v2\/product"}],"about":[{"href":"https:\/\/wisecnclaser.com\/pl\/wp-json\/wp\/v2\/types\/product"}],"wp:featuredmedia":[{"embeddable":true,"href":"https:\/\/wisecnclaser.com\/pl\/wp-json\/wp\/v2\/media\/3690"}],"wp:attachment":[{"href":"https:\/\/wisecnclaser.com\/pl\/wp-json\/wp\/v2\/media?parent=3687"}],"wp:term":[{"taxonomy":"product_brand","embeddable":true,"href":"https:\/\/wisecnclaser.com\/pl\/wp-json\/wp\/v2\/product_brand?post=3687"},{"taxonomy":"product_cat","embeddable":true,"href":"https:\/\/wisecnclaser.com\/pl\/wp-json\/wp\/v2\/product_cat?post=3687"},{"taxonomy":"product_tag","embeddable":true,"href":"https:\/\/wisecnclaser.com\/pl\/wp-json\/wp\/v2\/product_tag?post=3687"}],"curies":[{"name":"wp","href":"https:\/\/api.w.org\/{rel}","templated":true}]}}