{"id":3691,"date":"2025-05-23T01:31:12","date_gmt":"2025-05-23T01:31:12","guid":{"rendered":"https:\/\/wisecnclaser.com\/?post_type=product&#038;p=3691"},"modified":"2026-01-26T08:08:23","modified_gmt":"2026-01-26T08:08:23","slug":"ws3300-standard-cnc-beam-saw","status":"publish","type":"product","link":"https:\/\/wisecnclaser.com\/pl\/produkt\/ws3300-standard-cnc-beam-saw\/","title":{"rendered":"WS3300 Standardowa pi\u0142a CNC do belek"},"content":{"rendered":"<p><strong>Cechy:<\/strong><\/p>\n<p>Elektroniczna pi\u0142a tn\u0105ca \u0142adowana od przodu nadaje si\u0119 do precyzyjnego ci\u0119cia p\u0142yt, takich jak panele drewnopochodne, panele aluminiowe, pleksi i \u015brednie panele z w\u0142\u00f3kna szklanego, MDF, p\u0142yty wi\u00f3rowe, p\u0142yty ABS, p\u0142yty PCV, lite drewno itp., kt\u00f3re s\u0105 szeroko stosowane w fabrykach gospodarstwa domowego, fabrykach urz\u0105dze\u0144 elektrycznych, fabrykach odzie\u017cy, fabrykach zabawek, fabrykach sprz\u0119tu itp.<\/p>\n<p>1. P\u0142ywaj\u0105ce na powietrzu blaty mog\u0105 zmniejszy\u0107 pracoch\u0142onno\u015b\u0107 pracownik\u00f3w i zapobiec zarysowaniom dolnej p\u0142yty.<\/p>\n<p>2. Wysokiej jako\u015bci system przek\u0142adni z\u0119batkowej zapewnia szybkie przetwarzanie i p\u0142ynny ruch. 3. G\u0142\u00f3wny silnik pi\u0142y jest nap\u0119dzany paskiem wielorowkowym, co zapewnia dok\u0142adno\u015b\u0107 i stabilno\u015b\u0107 ci\u0119cia. 4. Skok pi\u0142y mo\u017ce by\u0107 automatycznie regulowany w zale\u017cno\u015bci od d\u0142ugo\u015bci ci\u0119cia, co skraca czas przejazdu i poprawia wydajno\u015b\u0107 pracy.<\/p>\n<p>5. Brzeszczot jest \u0142atwy w monta\u017cu i demonta\u017cu<\/p>\n<p>6. Pi\u0142a g\u0142\u00f3wna i pi\u0142a szczelinowa s\u0105 podnoszone i opuszczane niezale\u017cnie za pomoc\u0105 prowadnic liniowych. System ten gwarantuje dok\u0142adno\u015b\u0107 obr\u00f3bki i wytrzyma\u0142o\u015b\u0107 strukturaln\u0105 oraz zapewnia wysok\u0105 jako\u015b\u0107 ci\u0119cia<\/p>\n<p>&nbsp;<\/p>\n<p><strong>Parametry techniczne:<\/strong><\/p>\n<table border=\"1\">\n<tbody>\n<tr class=\"firstRow\">\n<td colspan=\"2\" width=\"662\"><strong>Opis i specyfikacja:<\/strong><\/td>\n<\/tr>\n<tr>\n<td valign=\"top\" width=\"331\">Maksymalna d\u0142ugo\u015b\u0107 ci\u0119cia<\/td>\n<td valign=\"top\" width=\"331\">3300 mm<\/td>\n<\/tr>\n<tr>\n<td valign=\"top\" width=\"331\">Maksymalna szeroko\u015b\u0107 ci\u0119cia<\/td>\n<td valign=\"top\" width=\"331\">3300 mm<\/td>\n<\/tr>\n<tr>\n<td valign=\"top\" width=\"331\">Maksymalna wysoko\u015b\u0107 ci\u0119cia<\/td>\n<td valign=\"top\" width=\"331\">120 mm<\/td>\n<\/tr>\n<tr>\n<td valign=\"top\" width=\"331\">Maksymalna wysoko\u015b\u0107 pi\u0142y<\/td>\n<td valign=\"top\" width=\"331\">125 mm<\/td>\n<\/tr>\n<tr>\n<td valign=\"top\" width=\"331\">Minimalny rozmiar ci\u0119cia panelu<\/td>\n<td valign=\"top\" width=\"331\">50*50mm<\/td>\n<\/tr>\n<tr>\n<td valign=\"top\" width=\"331\">Moc silnika pi\u0142y g\u0142\u00f3wnej<\/td>\n<td valign=\"top\" width=\"331\">15kw<\/td>\n<\/tr>\n<tr>\n<td valign=\"top\" width=\"331\">\u015arednica pi\u0142y g\u0142\u00f3wnej<\/td>\n<td valign=\"top\" width=\"331\">450 mm<\/td>\n<\/tr>\n<tr>\n<td valign=\"top\" width=\"331\">\u015arednica wa\u0142u pi\u0142uj\u0105cego<\/td>\n<td valign=\"top\" width=\"331\">75 mm<\/td>\n<\/tr>\n<tr>\n<td valign=\"top\" width=\"331\">Pr\u0119dko\u015b\u0107 obrotowa wrzeciona<\/td>\n<td valign=\"top\" width=\"331\">4000 obr.<\/td>\n<\/tr>\n<tr>\n<td valign=\"top\" width=\"331\">Ma\u0142a moc silnika pi\u0142y<\/td>\n<td valign=\"top\" width=\"331\">2,2 kW<\/td>\n<\/tr>\n<tr>\n<td valign=\"top\" width=\"331\">Mniejsza \u015brednica pi\u0142y<\/td>\n<td valign=\"top\" width=\"331\">200 mm<\/td>\n<\/tr>\n<tr>\n<td valign=\"top\" width=\"331\">Mniejsza \u015brednica wa\u0142u pi\u0142y<\/td>\n<td valign=\"top\" width=\"331\">50 mm<\/td>\n<\/tr>\n<tr>\n<td valign=\"top\" width=\"331\">Mniejsza pr\u0119dko\u015b\u0107 obrotowa wa\u0142u pi\u0142y<\/td>\n<td valign=\"top\" width=\"331\">6000 obr.<\/td>\n<\/tr>\n<tr>\n<td valign=\"top\" width=\"331\">Materia\u0142 Silnik nap\u0119dzaj\u0105cy system pchaj\u0105cy<\/td>\n<td valign=\"top\" width=\"331\">1,8 kW<\/td>\n<\/tr>\n<tr>\n<td valign=\"top\" width=\"331\">Materia\u0142 Pr\u0119dko\u015b\u0107 popychania systemu<\/td>\n<td valign=\"top\" width=\"331\">5-100 m\/min<\/td>\n<\/tr>\n<tr>\n<td valign=\"top\" width=\"331\">Pr\u0119dko\u015b\u0107 ci\u0105gni\u0119cia systemu popychania materia\u0142u<\/td>\n<td valign=\"top\" width=\"331\">5-100 m\/min<\/td>\n<\/tr>\n<tr>\n<td valign=\"top\" width=\"331\">Wysokoci\u015bnieniowy silnik dmuchawy<\/td>\n<td valign=\"top\" width=\"331\">5HP\/3KW<\/td>\n<\/tr>\n<tr>\n<td valign=\"top\" width=\"331\">Silnik przesuwu bocznego<\/td>\n<td valign=\"top\" width=\"331\">90w<\/td>\n<\/tr>\n<tr>\n<td valign=\"top\" width=\"331\">Silnik nap\u0119du podstawy pi\u0142y<\/td>\n<td valign=\"top\" width=\"331\">3,4 kW<\/td>\n<\/tr>\n<tr>\n<td valign=\"top\" width=\"331\">Pr\u0119dko\u015b\u0107 do przodu<\/td>\n<td valign=\"top\" width=\"331\">0-120 m\/min<\/td>\n<\/tr>\n<tr>\n<td valign=\"top\" width=\"331\">Pr\u0119dko\u015b\u0107 powrotu<\/td>\n<td valign=\"top\" width=\"331\">120 m\/min<\/td>\n<\/tr>\n<tr>\n<td valign=\"top\" width=\"331\">Wysoko\u015b\u0107 sto\u0142u maszyny nad ziemi\u0105<\/td>\n<td valign=\"top\" width=\"331\">970 mm<\/td>\n<\/tr>\n<tr>\n<td valign=\"top\" width=\"331\">Zacisk<\/td>\n<td valign=\"top\" width=\"331\">8 grup<\/td>\n<\/tr>\n<tr>\n<td valign=\"top\" width=\"331\">Wymiary maszyny<\/td>\n<td valign=\"top\" width=\"331\">6950*7400*2000mm<\/td>\n<\/tr>\n<tr>\n<td valign=\"top\" width=\"331\">Waga maszyny<\/td>\n<td valign=\"top\" width=\"331\">5800 kg<\/td>\n<\/tr>\n<tr>\n<td valign=\"top\" width=\"331\">Oprogramowanie<\/td>\n<td valign=\"top\" width=\"331\">Pi\u0142a automatyczna<\/td>\n<\/tr>\n<\/tbody>\n<\/table>\n<div style=\"width: 654px;\" class=\"wp-video\"><video class=\"wp-video-shortcode\" id=\"video-3691-1\" width=\"654\" height=\"368\" preload=\"metadata\" controls=\"controls\"><source type=\"video\/mp4\" src=\"https:\/\/wisecnclaser.com\/wp-content\/uploads\/2025\/05\/1643180959780656.mp4?_=1\" \/><a href=\"https:\/\/wisecnclaser.com\/wp-content\/uploads\/2025\/05\/1643180959780656.mp4\">https:\/\/wisecnclaser.com\/wp-content\/uploads\/2025\/05\/1643180959780656.mp4<\/a><\/video><\/div>","protected":false},"excerpt":{"rendered":"<p>Electronic sizing saw (CNC Beam Saw), also known as computer panel saw, is an upgraded product of hand-push sliding table panel saw and reciprocating saw. It only needs 1-2 operators. The electronic cutting saw has high cutting accuracy, efficient panel cutting, novice operation, labor-saving, fool-type cutting, man-machine integrated operation, input the data to be cut on the touch screen or PC, and start the board by itself. Precision machining.<\/p>","protected":false},"featured_media":4377,"template":"","meta":{"_seopress_robots_primary_cat":"none","_seopress_titles_title":"","_seopress_titles_desc":"","_seopress_robots_index":"","_uag_custom_page_level_css":"","site-sidebar-layout":"default","site-content-layout":"","ast-site-content-layout":"default","site-content-style":"default","site-sidebar-style":"default","ast-global-header-display":"","ast-banner-title-visibility":"","ast-main-header-display":"","ast-hfb-above-header-display":"","ast-hfb-below-header-display":"","ast-hfb-mobile-header-display":"","site-post-title":"","ast-breadcrumbs-content":"","ast-featured-img":"","footer-sml-layout":"","ast-disable-related-posts":"","theme-transparent-header-meta":"default","adv-header-id-meta":"","stick-header-meta":"default","header-above-stick-meta":"","header-main-stick-meta":"","header-below-stick-meta":"","astra-migrate-meta-layouts":"set","ast-page-background-enabled":"default","ast-page-background-meta":{"desktop":{"background-color":"","background-image":"","background-repeat":"repeat","background-position":"center center","background-size":"auto","background-attachment":"scroll","background-type":"","background-media":"","overlay-type":"","overlay-color":"","overlay-opacity":"","overlay-gradient":""},"tablet":{"background-color":"","background-image":"","background-repeat":"repeat","background-position":"center center","background-size":"auto","background-attachment":"scroll","background-type":"","background-media":"","overlay-type":"","overlay-color":"","overlay-opacity":"","overlay-gradient":""},"mobile":{"background-color":"","background-image":"","background-repeat":"repeat","background-position":"center center","background-size":"auto","background-attachment":"scroll","background-type":"","background-media":"","overlay-type":"","overlay-color":"","overlay-opacity":"","overlay-gradient":""}},"ast-content-background-meta":{"desktop":{"background-color":"var(--ast-global-color-5)","background-image":"","background-repeat":"repeat","background-position":"center center","background-size":"auto","background-attachment":"scroll","background-type":"","background-media":"","overlay-type":"","overlay-color":"","overlay-opacity":"","overlay-gradient":""},"tablet":{"background-color":"var(--ast-global-color-5)","background-image":"","background-repeat":"repeat","background-position":"center center","background-size":"auto","background-attachment":"scroll","background-type":"","background-media":"","overlay-type":"","overlay-color":"","overlay-opacity":"","overlay-gradient":""},"mobile":{"background-color":"var(--ast-global-color-5)","background-image":"","background-repeat":"repeat","background-position":"center center","background-size":"auto","background-attachment":"scroll","background-type":"","background-media":"","overlay-type":"","overlay-color":"","overlay-opacity":"","overlay-gradient":""}}},"product_brand":[],"product_cat":[39],"product_tag":[95,93,178],"class_list":{"0":"post-3691","1":"product","2":"type-product","3":"status-publish","4":"has-post-thumbnail","6":"product_cat-cuttingsaw","7":"product_tag-beam-saw-machine","8":"product_tag-cnc-beam-saw","9":"product_tag-computer-panel-saw","10":"desktop-align-left","11":"tablet-align-left","12":"mobile-align-left","13":"ast-product-gallery-layout-horizontal-slider","14":"ast-product-gallery-with-no-image","15":"ast-product-tabs-layout-horizontal","17":"first","18":"instock","19":"featured","20":"shipping-taxable","21":"product-type-simple"},"uagb_featured_image_src":{"full":["https:\/\/wisecnclaser.com\/wp-content\/uploads\/2025\/05\/3300\u6807\u914d-\u524d\u4e0a\u6599-\u4e0d\u542b\u4fa7\u9760.png",800,800,false],"thumbnail":["https:\/\/wisecnclaser.com\/wp-content\/uploads\/2025\/05\/3300\u6807\u914d-\u524d\u4e0a\u6599-\u4e0d\u542b\u4fa7\u9760-150x150.png",150,150,true],"medium":["https:\/\/wisecnclaser.com\/wp-content\/uploads\/2025\/05\/3300\u6807\u914d-\u524d\u4e0a\u6599-\u4e0d\u542b\u4fa7\u9760-300x300.png",300,300,true],"medium_large":["https:\/\/wisecnclaser.com\/wp-content\/uploads\/2025\/05\/3300\u6807\u914d-\u524d\u4e0a\u6599-\u4e0d\u542b\u4fa7\u9760-768x768.png",768,768,true],"large":["https:\/\/wisecnclaser.com\/wp-content\/uploads\/2025\/05\/3300\u6807\u914d-\u524d\u4e0a\u6599-\u4e0d\u542b\u4fa7\u9760.png",800,800,false],"1536x1536":["https:\/\/wisecnclaser.com\/wp-content\/uploads\/2025\/05\/3300\u6807\u914d-\u524d\u4e0a\u6599-\u4e0d\u542b\u4fa7\u9760.png",800,800,false],"2048x2048":["https:\/\/wisecnclaser.com\/wp-content\/uploads\/2025\/05\/3300\u6807\u914d-\u524d\u4e0a\u6599-\u4e0d\u542b\u4fa7\u9760.png",800,800,false],"trp-custom-language-flag":["https:\/\/wisecnclaser.com\/wp-content\/uploads\/2025\/05\/3300\u6807\u914d-\u524d\u4e0a\u6599-\u4e0d\u542b\u4fa7\u9760-12x12.png",12,12,true],"woocommerce_thumbnail":["https:\/\/wisecnclaser.com\/wp-content\/uploads\/2025\/05\/3300\u6807\u914d-\u524d\u4e0a\u6599-\u4e0d\u542b\u4fa7\u9760-300x300.png",300,300,true],"woocommerce_single":["https:\/\/wisecnclaser.com\/wp-content\/uploads\/2025\/05\/3300\u6807\u914d-\u524d\u4e0a\u6599-\u4e0d\u542b\u4fa7\u9760-600x600.png",600,600,true],"woocommerce_gallery_thumbnail":["https:\/\/wisecnclaser.com\/wp-content\/uploads\/2025\/05\/3300\u6807\u914d-\u524d\u4e0a\u6599-\u4e0d\u542b\u4fa7\u9760-100x100.png",100,100,true]},"uagb_author_info":{"display_name":"jinxing6611@gmail.com","author_link":"https:\/\/wisecnclaser.com\/pl\/author\/"},"uagb_comment_info":0,"uagb_excerpt":"Electronic sizing saw (CNC Beam Saw), also known as computer panel saw, is an upgraded product of hand-push sliding table panel saw and reciprocating saw. It only needs 1-2 operators. The electronic cutting saw has high cutting accuracy, efficient panel cutting, novice operation, labor-saving, fool-type cutting, man-machine integrated operation, input the data to be cut&hellip;","_links":{"self":[{"href":"https:\/\/wisecnclaser.com\/pl\/wp-json\/wp\/v2\/product\/3691","targetHints":{"allow":["GET"]}}],"collection":[{"href":"https:\/\/wisecnclaser.com\/pl\/wp-json\/wp\/v2\/product"}],"about":[{"href":"https:\/\/wisecnclaser.com\/pl\/wp-json\/wp\/v2\/types\/product"}],"wp:featuredmedia":[{"embeddable":true,"href":"https:\/\/wisecnclaser.com\/pl\/wp-json\/wp\/v2\/media\/4377"}],"wp:attachment":[{"href":"https:\/\/wisecnclaser.com\/pl\/wp-json\/wp\/v2\/media?parent=3691"}],"wp:term":[{"taxonomy":"product_brand","embeddable":true,"href":"https:\/\/wisecnclaser.com\/pl\/wp-json\/wp\/v2\/product_brand?post=3691"},{"taxonomy":"product_cat","embeddable":true,"href":"https:\/\/wisecnclaser.com\/pl\/wp-json\/wp\/v2\/product_cat?post=3691"},{"taxonomy":"product_tag","embeddable":true,"href":"https:\/\/wisecnclaser.com\/pl\/wp-json\/wp\/v2\/product_tag?post=3691"}],"curies":[{"name":"wp","href":"https:\/\/api.w.org\/{rel}","templated":true}]}}