{"id":3696,"date":"2025-05-23T01:33:40","date_gmt":"2025-05-23T01:33:40","guid":{"rendered":"https:\/\/wisecnclaser.com\/?post_type=product&#038;p=3696"},"modified":"2026-03-11T03:42:51","modified_gmt":"2026-03-11T03:42:51","slug":"5-axis-cnc-foam-carving-machine","status":"publish","type":"product","link":"https:\/\/wisecnclaser.com\/pl\/produkt\/5-axis-cnc-foam-carving-machine\/","title":{"rendered":"5-osiowa maszyna cnc do ci\u0119cia pianki 3d"},"content":{"rendered":"<p><strong>G\u0141\u00d3WNE CZ\u0118\u015aCI 5-OSIOWEJ MASZYNY CNC DO RZE\u0179BIENIA W PIANCE 3D<\/strong><\/p>\n<p>1. System sterowania: Pi\u0119cioosiowy system sterowania Taiyuan<\/p>\n<p>2. Uk\u0142ad nap\u0119dowy: chi\u0144ski silnik serwo i nap\u0119d pomocniczy<\/p>\n<p>3. Reduktor nap\u0119du: precyzyjny reduktor planetarny<\/p>\n<p>4. Szyna no\u015bna: Tajwa\u0144ska szyna kwadratowa 30# o wysokiej precyzji<\/p>\n<p>5. \u015aruba osi Z: Tajwa\u0144ska konstrukcja kulowa TBI<\/p>\n<p>6. Przek\u0142adnia z\u0119bata: precyzyjna przek\u0142adnia \u015brubowa 1,5 m<\/p>\n<p>7. Przetwornica cz\u0119stotliwo\u015bci: Przetwornica cz\u0119stotliwo\u015bci Fuling 7,5 kW<\/p>\n<p>8. Silnik wrzeciona: Wrzeciono ch\u0142odzone powietrzem CHINA 6KW<\/p>\n<p>9. Szafka elektryczna: pionowa klasyczna niezale\u017cna szafka<\/p>\n<p>10. Linia silnika: linia kodowania oryginalnego silnika serwo<\/p>\n<p>11. Kabel transmisyjny: CNC specjalny ekranowany kabel o wysokiej elastyczno\u015bci<\/p>\n<p>12. Ochrona: O\u015b XYZ py\u0142oszczelna<\/p>\n<p>13. Uk\u0142ad wtrysku oleju: elektryczny wtrysk oleju typu ilo\u015bciowego<\/p>\n<p>14. G\u0142\u00f3wne urz\u0105dzenia elektryczne: znane marki krajowe<\/p>\n<p>15. Akcesoria: specjalne narz\u0119dzia do rze\u017abienia w piance<\/p>\n<p>&nbsp;<\/p>\n<p><strong>ZASTOSOWANIE 5-osiowej maszyny do rze\u017abienia w piance cnc<\/strong><\/p>\n<p>Piankowy pos\u0105g 3D lub rze\u017aba z pianki<\/p>\n<table border=\"1\">\n<tbody>\n<tr class=\"firstRow\">\n<td width=\"195\">Nazwa<\/td>\n<td width=\"435\">5-osiowa maszyna do rze\u017abienia w piance<\/td>\n<\/tr>\n<tr>\n<td width=\"195\">Wysoko\u015b\u0107 robocza (o\u015b x)<\/td>\n<td width=\"435\">2500 mm<\/td>\n<\/tr>\n<tr>\n<td width=\"195\">\u015arednica robocza (o\u015b y)<\/td>\n<td width=\"435\">1500 mm<\/td>\n<\/tr>\n<tr>\n<td width=\"195\">Tabela ruchoma<\/td>\n<td width=\"435\">1500 mm<\/td>\n<\/tr>\n<tr>\n<td width=\"195\">\u015arednica obrotu<\/td>\n<td width=\"435\">1500 mm<\/td>\n<\/tr>\n<tr>\n<td width=\"195\">Pr\u0119dko\u015b\u0107 obrotowa<\/td>\n<td width=\"435\">3000-18000 obr.<\/td>\n<\/tr>\n<tr>\n<td width=\"195\">Pr\u0119dko\u015b\u0107 podawania<\/td>\n<td width=\"435\">1-6000 mm\/min<\/td>\n<\/tr>\n<tr>\n<td width=\"195\">Szybka pr\u0119dko\u015b\u0107 posuwu \uff08XYZ\uff09<\/td>\n<td width=\"435\">6000 mm\/min<\/td>\n<\/tr>\n<tr>\n<td width=\"195\">System dpi<\/td>\n<td width=\"435\">\u00b10.001<\/td>\n<\/tr>\n<tr>\n<td width=\"195\">Obs\u0142ugiwane polecenia<\/td>\n<td width=\"435\">Kod G<\/td>\n<\/tr>\n<tr>\n<td width=\"195\">System nap\u0119dowy<\/td>\n<td width=\"435\">Sterownik serwo i silnik<\/td>\n<\/tr>\n<tr>\n<td width=\"195\">Rama maszyny<\/td>\n<td width=\"435\">Wytrzyma\u0142a spawana rama stalowa<\/td>\n<\/tr>\n<tr>\n<td width=\"195\">Moc robocza<\/td>\n<td width=\"435\">AC380V 3 fazy 50HZ<\/td>\n<\/tr>\n<\/tbody>\n<\/table>\n<p>5-osiowa maszyna do rze\u017abienia w piance 3D Filmy robocze:<\/p>\n<div class=\"ast-oembed-container\" style=\"height: 100%;\"><iframe title=\"5-osiowa maszyna do rze\u017abienia w piance 3d, 5-osiowa frezarka cnc do rze\u017ab z pianki, frezarka cnc do pianki 3d\" width=\"500\" height=\"281\" src=\"https:\/\/www.youtube.com\/embed\/Uj26JZEQQCY?feature=oembed\" frameborder=\"0\" allow=\"accelerometer; autoplay; clipboard-write; encrypted-media; gyroscope; picture-in-picture; web-share\" referrerpolicy=\"strict-origin-when-cross-origin\" allowfullscreen><\/iframe><\/div>","protected":false},"excerpt":{"rendered":"<p>MAIN PARTS OF 5 AXIS CNC 3D FOAM CARVING MACHINE 1. Control system: Taiyuan five-axis control system 2. Drive system: china servo motor and supporting drive 3. Drive reducer: precision planetary reducer 4. Support rail: Taiwan high precision 30# square rail 5. Z-axis screw: Taiwan TBI ball structure 6. Transmission rack: high precision 1.5m helical [&hellip;]<\/p>\n","protected":false},"featured_media":3699,"template":"","meta":{"_seopress_robots_primary_cat":"none","_seopress_titles_title":"","_seopress_titles_desc":"","_seopress_robots_index":"","_uag_custom_page_level_css":"","site-sidebar-layout":"default","site-content-layout":"","ast-site-content-layout":"default","site-content-style":"default","site-sidebar-style":"default","ast-global-header-display":"","ast-banner-title-visibility":"","ast-main-header-display":"","ast-hfb-above-header-display":"","ast-hfb-below-header-display":"","ast-hfb-mobile-header-display":"","site-post-title":"","ast-breadcrumbs-content":"","ast-featured-img":"","footer-sml-layout":"","ast-disable-related-posts":"","theme-transparent-header-meta":"default","adv-header-id-meta":"","stick-header-meta":"default","header-above-stick-meta":"","header-main-stick-meta":"","header-below-stick-meta":"","astra-migrate-meta-layouts":"set","ast-page-background-enabled":"default","ast-page-background-meta":{"desktop":{"background-color":"","background-image":"","background-repeat":"repeat","background-position":"center center","background-size":"auto","background-attachment":"scroll","background-type":"","background-media":"","overlay-type":"","overlay-color":"","overlay-opacity":"","overlay-gradient":""},"tablet":{"background-color":"","background-image":"","background-repeat":"repeat","background-position":"center center","background-size":"auto","background-attachment":"scroll","background-type":"","background-media":"","overlay-type":"","overlay-color":"","overlay-opacity":"","overlay-gradient":""},"mobile":{"background-color":"","background-image":"","background-repeat":"repeat","background-position":"center center","background-size":"auto","background-attachment":"scroll","background-type":"","background-media":"","overlay-type":"","overlay-color":"","overlay-opacity":"","overlay-gradient":""}},"ast-content-background-meta":{"desktop":{"background-color":"var(--ast-global-color-5)","background-image":"","background-repeat":"repeat","background-position":"center center","background-size":"auto","background-attachment":"scroll","background-type":"","background-media":"","overlay-type":"","overlay-color":"","overlay-opacity":"","overlay-gradient":""},"tablet":{"background-color":"var(--ast-global-color-5)","background-image":"","background-repeat":"repeat","background-position":"center center","background-size":"auto","background-attachment":"scroll","background-type":"","background-media":"","overlay-type":"","overlay-color":"","overlay-opacity":"","overlay-gradient":""},"mobile":{"background-color":"var(--ast-global-color-5)","background-image":"","background-repeat":"repeat","background-position":"center center","background-size":"auto","background-attachment":"scroll","background-type":"","background-media":"","overlay-type":"","overlay-color":"","overlay-opacity":"","overlay-gradient":""}}},"product_brand":[],"product_cat":[43],"product_tag":[],"class_list":{"0":"post-3696","1":"product","2":"type-product","3":"status-publish","4":"has-post-thumbnail","6":"product_cat-foam","7":"desktop-align-left","8":"tablet-align-left","9":"mobile-align-left","10":"ast-product-gallery-layout-horizontal-slider","11":"ast-product-gallery-with-no-image","12":"ast-product-tabs-layout-horizontal","14":"first","15":"instock","16":"featured","17":"shipping-taxable","18":"product-type-simple"},"uagb_featured_image_src":{"full":["https:\/\/wisecnclaser.com\/wp-content\/uploads\/2025\/05\/3f43e563345327845a650b685be9bca0.png",571,800,false],"thumbnail":["https:\/\/wisecnclaser.com\/wp-content\/uploads\/2025\/05\/3f43e563345327845a650b685be9bca0-150x150.png",150,150,true],"medium":["https:\/\/wisecnclaser.com\/wp-content\/uploads\/2025\/05\/3f43e563345327845a650b685be9bca0-214x300.png",214,300,true],"medium_large":["https:\/\/wisecnclaser.com\/wp-content\/uploads\/2025\/05\/3f43e563345327845a650b685be9bca0.png",571,800,false],"large":["https:\/\/wisecnclaser.com\/wp-content\/uploads\/2025\/05\/3f43e563345327845a650b685be9bca0.png",571,800,false],"1536x1536":["https:\/\/wisecnclaser.com\/wp-content\/uploads\/2025\/05\/3f43e563345327845a650b685be9bca0.png",571,800,false],"2048x2048":["https:\/\/wisecnclaser.com\/wp-content\/uploads\/2025\/05\/3f43e563345327845a650b685be9bca0.png",571,800,false],"trp-custom-language-flag":["https:\/\/wisecnclaser.com\/wp-content\/uploads\/2025\/05\/3f43e563345327845a650b685be9bca0-9x12.png",9,12,true],"woocommerce_thumbnail":["https:\/\/wisecnclaser.com\/wp-content\/uploads\/2025\/05\/3f43e563345327845a650b685be9bca0-300x300.png",300,300,true],"woocommerce_single":["https:\/\/wisecnclaser.com\/wp-content\/uploads\/2025\/05\/3f43e563345327845a650b685be9bca0.png",571,800,false],"woocommerce_gallery_thumbnail":["https:\/\/wisecnclaser.com\/wp-content\/uploads\/2025\/05\/3f43e563345327845a650b685be9bca0-100x100.png",100,100,true]},"uagb_author_info":{"display_name":"jinxing6611@gmail.com","author_link":"https:\/\/wisecnclaser.com\/pl\/author\/"},"uagb_comment_info":0,"uagb_excerpt":"MAIN PARTS OF 5 AXIS CNC 3D FOAM CARVING MACHINE 1. Control system: Taiyuan five-axis control system 2. Drive system: china servo motor and supporting drive 3. Drive reducer: precision planetary reducer 4. Support rail: Taiwan high precision 30# square rail 5. Z-axis screw: Taiwan TBI ball structure 6. Transmission rack: high precision 1.5m helical&hellip;","_links":{"self":[{"href":"https:\/\/wisecnclaser.com\/pl\/wp-json\/wp\/v2\/product\/3696","targetHints":{"allow":["GET"]}}],"collection":[{"href":"https:\/\/wisecnclaser.com\/pl\/wp-json\/wp\/v2\/product"}],"about":[{"href":"https:\/\/wisecnclaser.com\/pl\/wp-json\/wp\/v2\/types\/product"}],"wp:featuredmedia":[{"embeddable":true,"href":"https:\/\/wisecnclaser.com\/pl\/wp-json\/wp\/v2\/media\/3699"}],"wp:attachment":[{"href":"https:\/\/wisecnclaser.com\/pl\/wp-json\/wp\/v2\/media?parent=3696"}],"wp:term":[{"taxonomy":"product_brand","embeddable":true,"href":"https:\/\/wisecnclaser.com\/pl\/wp-json\/wp\/v2\/product_brand?post=3696"},{"taxonomy":"product_cat","embeddable":true,"href":"https:\/\/wisecnclaser.com\/pl\/wp-json\/wp\/v2\/product_cat?post=3696"},{"taxonomy":"product_tag","embeddable":true,"href":"https:\/\/wisecnclaser.com\/pl\/wp-json\/wp\/v2\/product_tag?post=3696"}],"curies":[{"name":"wp","href":"https:\/\/api.w.org\/{rel}","templated":true}]}}