{"id":3700,"date":"2025-05-23T01:35:17","date_gmt":"2025-05-23T01:35:17","guid":{"rendered":"https:\/\/wisecnclaser.com\/?post_type=product&#038;p=3700"},"modified":"2025-05-23T02:53:06","modified_gmt":"2025-05-23T02:53:06","slug":"ws1390s-co2-laser-metal-nonmetal-cutting-machine","status":"publish","type":"product","link":"https:\/\/wisecnclaser.com\/pl\/produkt\/ws1390s-co2-laser-metal-nonmetal-cutting-machine\/","title":{"rendered":"WS1390S Maszyna do ci\u0119cia laserem CO2 metali niemetalowych"},"content":{"rendered":"<table border=\"1\">\n<tbody>\n<tr class=\"firstRow\">\n<td colspan=\"2\" width=\"662\"><strong>Opis i specyfikacja wycinarki laserowej co2 do ci\u0119cia metali niemetalowych:<\/strong><\/td>\n<\/tr>\n<tr>\n<td valign=\"top\" width=\"331\">Typ lasera<\/td>\n<td valign=\"top\" width=\"331\">Uszczelnienie CO<sub>2<\/sub>\u00a0\u00a0 tuba laserowa - marka Reci<\/td>\n<\/tr>\n<tr>\n<td valign=\"top\" width=\"331\">Moc lasera<\/td>\n<td valign=\"top\" width=\"331\">150W tuba lasera reci W6<\/td>\n<\/tr>\n<tr>\n<td valign=\"top\" width=\"331\">Obszar ci\u0119cia<\/td>\n<td valign=\"top\" width=\"331\">1300*900mm<\/td>\n<\/tr>\n<tr>\n<td valign=\"top\" width=\"331\">Resetowanie dok\u0142adno\u015bci pozycji<\/td>\n<td valign=\"top\" width=\"331\">+\/-0,05 mm<\/td>\n<\/tr>\n<tr>\n<td valign=\"top\" width=\"331\">Napi\u0119cie robocze<\/td>\n<td valign=\"top\" width=\"331\">AC110-220V +\/-10%.50-60HZ, 40A<\/td>\n<\/tr>\n<tr>\n<td valign=\"top\" width=\"331\">Moc<\/td>\n<td valign=\"top\" width=\"331\">maks. 2000 W<\/td>\n<\/tr>\n<tr>\n<td valign=\"top\" width=\"331\">Temperatura pracy<\/td>\n<td valign=\"top\" width=\"331\">0-45 stopni<\/td>\n<\/tr>\n<tr>\n<td valign=\"top\" width=\"331\">Wilgotno\u015b\u0107 robocza<\/td>\n<td valign=\"top\" width=\"331\">5-95%<\/td>\n<\/tr>\n<tr>\n<td valign=\"top\" width=\"331\">Minimalny charakter kszta\u0142towania<\/td>\n<td valign=\"top\" width=\"331\">Angielski 5*5mm<\/td>\n<\/tr>\n<tr>\n<td valign=\"top\" width=\"331\">Obs\u0142ugiwany format graficzny<\/td>\n<td valign=\"top\" width=\"331\">BMP, PLT, DST, DXF i AI<\/td>\n<\/tr>\n<tr>\n<td valign=\"top\" width=\"331\">System nap\u0119dowy<\/td>\n<td valign=\"top\" width=\"331\">Stepper<\/td>\n<\/tr>\n<tr>\n<td valign=\"top\" width=\"331\">Materia\u0142 tn\u0105cy<\/td>\n<td valign=\"top\" width=\"331\">Metal i niemetal<\/td>\n<\/tr>\n<tr>\n<td valign=\"top\" width=\"331\">Grubo\u015b\u0107 ci\u0119cia<\/td>\n<td valign=\"top\" width=\"331\">20 mm akryl, maks. 1,5 mm stal w\u0119glowa, maks. 1,2 mm stal nierdzewna<\/td>\n<\/tr>\n<tr>\n<td valign=\"top\" width=\"331\">Lens&amp;Mirror<\/td>\n<td valign=\"top\" width=\"331\">Z 3 obiektywami zainstalowanymi w urz\u0105dzeniu<\/td>\n<\/tr>\n<tr>\n<td valign=\"top\" width=\"331\">Tryb ch\u0142odzenia<\/td>\n<td valign=\"top\" width=\"331\">System ch\u0142odzenia i ochrony przed wod\u0105<\/td>\n<\/tr>\n<tr>\n<td valign=\"top\" width=\"331\">Wyposa\u017cenie dodatkowe<\/td>\n<td valign=\"top\" width=\"331\">Wentylator wyci\u0105gowy, rura wydechowa powietrza, spr\u0119\u017carka powietrza<\/td>\n<\/tr>\n<tr>\n<td valign=\"top\" width=\"331\">System sterowania<\/td>\n<td valign=\"top\" width=\"331\">Leetro 6585<\/td>\n<\/tr>\n<tr>\n<td valign=\"top\" width=\"331\">Kompatybilne oprogramowanie<\/td>\n<td valign=\"top\" width=\"331\">Coreldraw auto CAD photoshop<\/td>\n<\/tr>\n<tr>\n<td valign=\"top\" width=\"331\">Rozmiar ca\u0142ego urz\u0105dzenia<\/td>\n<td valign=\"top\" width=\"331\">2120*1715*1250mm<\/td>\n<\/tr>\n<tr>\n<td valign=\"top\" width=\"331\">Waga maszyny<\/td>\n<td valign=\"top\" width=\"331\">500 kg<\/td>\n<\/tr>\n<\/tbody>\n<\/table>\n<p><strong>Zastosowanie:<\/strong><\/p>\n<p>Stosowany g\u0142\u00f3wnie w przemy\u015ble reklamowym, przemy\u015ble ci\u0119cia metali, przemy\u015ble artystycznym i rzemie\u015blniczym itp.<\/p>\n<p><strong>Odpowiedni materia\u0142:<\/strong>\u00a0Akryl, drewno, szk\u0142o organiczne, sk\u00f3ra, kryszta\u0142, bambus, elektronika, stal nierdzewna, stal w\u0119glowa itp.<\/p>\n<table border=\"1\">\n<tbody>\n<tr class=\"firstRow\">\n<td colspan=\"8\" width=\"663\"><strong>Odpowiedni materia\u0142<\/strong><\/td>\n<\/tr>\n<tr>\n<td colspan=\"4\" width=\"346\"><strong>Moc lasera<\/strong><\/td>\n<td colspan=\"4\" width=\"317\"><strong>150W<\/strong><\/td>\n<\/tr>\n<tr>\n<td width=\"138\">Materia\u0142<\/td>\n<td colspan=\"2\" width=\"138\">Akryl<\/td>\n<td colspan=\"2\" width=\"138\">MDF<\/td>\n<td colspan=\"2\" width=\"138\">Stal nierdzewna<\/td>\n<td width=\"109\">Stal w\u0119glowa<\/td>\n<\/tr>\n<tr>\n<td width=\"138\">Grubo\u015b\u0107 ci\u0119cia<\/td>\n<td colspan=\"2\" width=\"138\">30 mm<\/td>\n<td colspan=\"2\" width=\"138\">10 mm<\/td>\n<td colspan=\"2\" width=\"138\">1,5 mm<\/td>\n<td width=\"109\">1,5 mm<\/td>\n<\/tr>\n<tr>\n<td colspan=\"8\" width=\"663\"><strong>150W Pr\u0119dko\u015b\u0107 ci\u0119cia:<\/strong><\/td>\n<\/tr>\n<tr>\n<td colspan=\"2\" width=\"231\">Materia\u0142<\/td>\n<td colspan=\"4\" width=\"231\">Grubo\u015b\u0107 ci\u0119cia<\/td>\n<td colspan=\"2\" width=\"202\">Pr\u0119dko\u015b\u0107 ci\u0119cia (mm\/min)<\/td>\n<\/tr>\n<tr>\n<td colspan=\"2\" width=\"231\">Stal nierdzewna<\/td>\n<td colspan=\"4\" width=\"231\">0,5 mm<\/td>\n<td colspan=\"2\" width=\"202\">2700<\/td>\n<\/tr>\n<tr>\n<td colspan=\"2\" width=\"231\"><\/td>\n<td colspan=\"4\" width=\"231\">1 mm<\/td>\n<td colspan=\"2\" width=\"202\">1800<\/td>\n<\/tr>\n<tr>\n<td colspan=\"2\" width=\"231\"><\/td>\n<td colspan=\"4\" width=\"231\">1,5 mm<\/td>\n<td colspan=\"2\" width=\"202\">1000-1200<\/td>\n<\/tr>\n<tr>\n<td colspan=\"2\" width=\"231\">Stal w\u0119glowa<\/td>\n<td colspan=\"4\" width=\"231\">0,5 mm<\/td>\n<td colspan=\"2\" width=\"202\">3000<\/td>\n<\/tr>\n<tr>\n<td colspan=\"2\" width=\"231\"><\/td>\n<td colspan=\"4\" width=\"231\">1 mm<\/td>\n<td colspan=\"2\" width=\"202\">1800<\/td>\n<\/tr>\n<tr>\n<td colspan=\"2\" width=\"231\"><\/td>\n<td colspan=\"4\" width=\"231\">1,5 mm<\/td>\n<td colspan=\"2\" width=\"202\">1000-1200<\/td>\n<\/tr>\n<tr>\n<td colspan=\"2\" width=\"231\">Akryl<\/td>\n<td colspan=\"4\" width=\"231\">10 mm<\/td>\n<td colspan=\"2\" width=\"202\">300<\/td>\n<\/tr>\n<tr>\n<td colspan=\"2\" width=\"231\"><\/td>\n<td colspan=\"4\" width=\"231\">20 mm<\/td>\n<td colspan=\"2\" width=\"202\">90-120<\/td>\n<\/tr>\n<tr>\n<td colspan=\"2\" valign=\"top\" width=\"231\">MDF<\/td>\n<td colspan=\"4\" valign=\"top\" width=\"231\">10 mm<\/td>\n<td colspan=\"2\" valign=\"top\" width=\"202\">300-400<\/td>\n<\/tr>\n<\/tbody>\n<\/table>","protected":false},"excerpt":{"rendered":"<p>simple co2 laser metal nonmetal cutting machine<\/p>\n<p>simple cutting head<\/p>\n<p>stepper driver<\/p>\n<p>belt transmission<\/p>\n<p>Agregat wody lodowej CW5000<\/p>","protected":false},"featured_media":3703,"template":"","meta":{"_seopress_robots_primary_cat":"","_seopress_titles_title":"","_seopress_titles_desc":"","_seopress_robots_index":"","_uag_custom_page_level_css":"","site-sidebar-layout":"default","site-content-layout":"","ast-site-content-layout":"default","site-content-style":"default","site-sidebar-style":"default","ast-global-header-display":"","ast-banner-title-visibility":"","ast-main-header-display":"","ast-hfb-above-header-display":"","ast-hfb-below-header-display":"","ast-hfb-mobile-header-display":"","site-post-title":"","ast-breadcrumbs-content":"","ast-featured-img":"","footer-sml-layout":"","ast-disable-related-posts":"","theme-transparent-header-meta":"default","adv-header-id-meta":"","stick-header-meta":"default","header-above-stick-meta":"","header-main-stick-meta":"","header-below-stick-meta":"","astra-migrate-meta-layouts":"set","ast-page-background-enabled":"default","ast-page-background-meta":{"desktop":{"background-color":"","background-image":"","background-repeat":"repeat","background-position":"center center","background-size":"auto","background-attachment":"scroll","background-type":"","background-media":"","overlay-type":"","overlay-color":"","overlay-opacity":"","overlay-gradient":""},"tablet":{"background-color":"","background-image":"","background-repeat":"repeat","background-position":"center center","background-size":"auto","background-attachment":"scroll","background-type":"","background-media":"","overlay-type":"","overlay-color":"","overlay-opacity":"","overlay-gradient":""},"mobile":{"background-color":"","background-image":"","background-repeat":"repeat","background-position":"center center","background-size":"auto","background-attachment":"scroll","background-type":"","background-media":"","overlay-type":"","overlay-color":"","overlay-opacity":"","overlay-gradient":""}},"ast-content-background-meta":{"desktop":{"background-color":"var(--ast-global-color-5)","background-image":"","background-repeat":"repeat","background-position":"center center","background-size":"auto","background-attachment":"scroll","background-type":"","background-media":"","overlay-type":"","overlay-color":"","overlay-opacity":"","overlay-gradient":""},"tablet":{"background-color":"var(--ast-global-color-5)","background-image":"","background-repeat":"repeat","background-position":"center center","background-size":"auto","background-attachment":"scroll","background-type":"","background-media":"","overlay-type":"","overlay-color":"","overlay-opacity":"","overlay-gradient":""},"mobile":{"background-color":"var(--ast-global-color-5)","background-image":"","background-repeat":"repeat","background-position":"center center","background-size":"auto","background-attachment":"scroll","background-type":"","background-media":"","overlay-type":"","overlay-color":"","overlay-opacity":"","overlay-gradient":""}}},"product_brand":[],"product_cat":[32],"product_tag":[],"class_list":{"0":"post-3700","1":"product","2":"type-product","3":"status-publish","4":"has-post-thumbnail","6":"product_cat-lasercutting","7":"desktop-align-left","8":"tablet-align-left","9":"mobile-align-left","10":"ast-product-gallery-layout-horizontal-slider","11":"ast-product-gallery-with-no-image","12":"ast-product-tabs-layout-horizontal","14":"first","15":"instock","16":"featured","17":"shipping-taxable","18":"product-type-simple"},"uagb_featured_image_src":{"full":["https:\/\/wisecnclaser.com\/wp-content\/uploads\/2025\/05\/324e65d3f20ae9a3f91f16fb0549833f.jpg",274,292,false],"thumbnail":["https:\/\/wisecnclaser.com\/wp-content\/uploads\/2025\/05\/324e65d3f20ae9a3f91f16fb0549833f-150x150.jpg",150,150,true],"medium":["https:\/\/wisecnclaser.com\/wp-content\/uploads\/2025\/05\/324e65d3f20ae9a3f91f16fb0549833f.jpg",274,292,false],"medium_large":["https:\/\/wisecnclaser.com\/wp-content\/uploads\/2025\/05\/324e65d3f20ae9a3f91f16fb0549833f.jpg",274,292,false],"large":["https:\/\/wisecnclaser.com\/wp-content\/uploads\/2025\/05\/324e65d3f20ae9a3f91f16fb0549833f.jpg",274,292,false],"1536x1536":["https:\/\/wisecnclaser.com\/wp-content\/uploads\/2025\/05\/324e65d3f20ae9a3f91f16fb0549833f.jpg",274,292,false],"2048x2048":["https:\/\/wisecnclaser.com\/wp-content\/uploads\/2025\/05\/324e65d3f20ae9a3f91f16fb0549833f.jpg",274,292,false],"trp-custom-language-flag":["https:\/\/wisecnclaser.com\/wp-content\/uploads\/2025\/05\/324e65d3f20ae9a3f91f16fb0549833f-11x12.jpg",11,12,true],"woocommerce_thumbnail":["https:\/\/wisecnclaser.com\/wp-content\/uploads\/2025\/05\/324e65d3f20ae9a3f91f16fb0549833f.jpg",274,292,false],"woocommerce_single":["https:\/\/wisecnclaser.com\/wp-content\/uploads\/2025\/05\/324e65d3f20ae9a3f91f16fb0549833f.jpg",274,292,false],"woocommerce_gallery_thumbnail":["https:\/\/wisecnclaser.com\/wp-content\/uploads\/2025\/05\/324e65d3f20ae9a3f91f16fb0549833f-100x100.jpg",100,100,true]},"uagb_author_info":{"display_name":"jinxing6611@gmail.com","author_link":"https:\/\/wisecnclaser.com\/pl\/author\/"},"uagb_comment_info":0,"uagb_excerpt":"simple co2 laser metal nonmetal cutting machine simple cutting head stepper driver belt transmission CW5000 water chiller","_links":{"self":[{"href":"https:\/\/wisecnclaser.com\/pl\/wp-json\/wp\/v2\/product\/3700","targetHints":{"allow":["GET"]}}],"collection":[{"href":"https:\/\/wisecnclaser.com\/pl\/wp-json\/wp\/v2\/product"}],"about":[{"href":"https:\/\/wisecnclaser.com\/pl\/wp-json\/wp\/v2\/types\/product"}],"wp:featuredmedia":[{"embeddable":true,"href":"https:\/\/wisecnclaser.com\/pl\/wp-json\/wp\/v2\/media\/3703"}],"wp:attachment":[{"href":"https:\/\/wisecnclaser.com\/pl\/wp-json\/wp\/v2\/media?parent=3700"}],"wp:term":[{"taxonomy":"product_brand","embeddable":true,"href":"https:\/\/wisecnclaser.com\/pl\/wp-json\/wp\/v2\/product_brand?post=3700"},{"taxonomy":"product_cat","embeddable":true,"href":"https:\/\/wisecnclaser.com\/pl\/wp-json\/wp\/v2\/product_cat?post=3700"},{"taxonomy":"product_tag","embeddable":true,"href":"https:\/\/wisecnclaser.com\/pl\/wp-json\/wp\/v2\/product_tag?post=3700"}],"curies":[{"name":"wp","href":"https:\/\/api.w.org\/{rel}","templated":true}]}}