{"id":3727,"date":"2025-05-23T02:34:49","date_gmt":"2025-05-23T02:34:49","guid":{"rendered":"https:\/\/wisecnclaser.com\/?post_type=product&#038;p=3727"},"modified":"2026-01-26T08:12:02","modified_gmt":"2026-01-26T08:12:02","slug":"ws3300-cnc-beam-saw-with-side-aligner","status":"publish","type":"product","link":"https:\/\/wisecnclaser.com\/pl\/produkt\/ws3300-cnc-beam-saw-with-side-aligner\/","title":{"rendered":"WS3300 Pi\u0142a CNC do belek z wyr\u00f3wnaniem bocznym"},"content":{"rendered":"<p>Sprz\u0119t jest sterowany przez komputer przemys\u0142owy, z przyjaznym interfejsem dialogowym cz\u0142owiek-komputer i \u0142atw\u0105 obs\u0142ug\u0105. Je\u015bli zainstalowane jest oprogramowanie do optymalizacji, lista materia\u0142\u00f3w mo\u017ce by\u0107 bezpo\u015brednio importowana w celu optymalizacji ci\u0119cia materia\u0142u. Urz\u0105dzenie jest wyposa\u017cone w urz\u0105dzenie alarmowe, kt\u00f3re automatycznie zatrzymuje maszyn\u0119 w przypadku wyst\u0105pienia usterki, a tak\u017ce posiada funkcj\u0119 automatycznego wykrywania usterek, co u\u0142atwia sprawdzenie przyczyny usterki.<\/p>\n<p>G\u0142\u00f3wna pi\u0142a w strukturze przek\u0142adni wykorzystuje tajwa\u0144skie pasy wielorowkowe Samsung, a ma\u0142e pasy klinowe wykorzystuj\u0105 pasy importowane. W maszynie zastosowano wysoce precyzyjn\u0105 przek\u0142adni\u0119 niemieck\u0105\/SLM i przek\u0142adni\u0119 z\u0119batkow\u0105; urz\u0105dzenia elektryczne, elementy prze\u0142\u0105czaj\u0105ce i kluczowe komponenty s\u0105 produktami mi\u0119dzynarodowych marek, aby zapewni\u0107 dok\u0142adno\u015b\u0107 i niezawodno\u015b\u0107 produkt\u00f3w; g\u0142\u00f3wna maszyna ma du\u017c\u0105 pr\u0119dko\u015b\u0107 ci\u0119cia i mo\u017ce osi\u0105gn\u0105\u0107 bezstopniow\u0105 regulacj\u0119 w zale\u017cno\u015bci od grubo\u015bci deski do ci\u0119cia.<\/p>\n<p>Zoptymalizowany opis oprogramowania (opcjonalny) zachowuje elastyczno\u015b\u0107 losowego r\u0119cznego uk\u0142adu danych ci\u0119cia tradycyjnych pi\u0142 elektronicznych i rozszerza funkcje inteligentnego importu danych, bezprzewodowego zdalnego sterowania uruchamianiem i zatrzymywaniem operacji, zdalnego monitorowania itp. oraz dodaje praktyczne funkcje, takie jak projektowanie zam\u00f3wie\u0144, optymalizacja podzia\u0142u zam\u00f3wie\u0144, zarz\u0105dzanie pozosta\u0142ym materia\u0142em, optymalizacja uk\u0142adu, drukowanie kod\u00f3w kreskowych itp. Jednocze\u015bnie jest on otwarty na wszystkie porty oprogramowania, takie jak Yuan Fang, Hua Guang, CV, 1010, Wei Lun, Hai Xun, Sanweijia, Yunxi, Shangchuan i inne oprogramowanie projektowe, a tak\u017ce obs\u0142uguje r\u0119cznie tworzon\u0105 list\u0119 materia\u0142\u00f3w Microsoft Excel, z pot\u0119\u017cn\u0105 funkcj\u0105 programowania zoptymalizowanego uk\u0142adu i mo\u017ce konstruowa\u0107 rzeczywiste operacje w celu symulacji rzeczywistych problem\u00f3w. Gdy pracownicy obs\u0142uguj\u0105 sprz\u0119t, musz\u0105 jedynie umie\u015bci\u0107 obrabiany przedmiot zgodnie z podpowiedziami na interfejsie komputera, a dane dotycz\u0105ce rozmiaru ci\u0119cia s\u0105 od\u015bwie\u017cane przez komputer w spos\u00f3b inteligentny (skanowanie kodu), realizuj\u0105c operacj\u0119 jednym klikni\u0119ciem. Og\u00f3lnie rzecz bior\u0105c, do rozpocz\u0119cia pracy wymagane s\u0105 tylko 2 godziny szkolenia.<\/p>\n<p>&nbsp;<\/p>\n<table border=\"1\">\n<tbody>\n<tr class=\"firstRow\">\n<td colspan=\"2\" valign=\"top\" width=\"622\"><strong>WS3300<\/strong><strong>\u00a0Pi\u0142a do belek CNC z wyr\u00f3wnaniem bocznym<\/strong><\/td>\n<\/tr>\n<tr>\n<td valign=\"top\" width=\"311\">Komputer<\/td>\n<td valign=\"top\" width=\"311\">\u00a0 \u00a0 \u00a0 \u00a0 \u00a0 \u00a0 \u00a0 \u00a0 \u00a0W zestawie<\/td>\n<\/tr>\n<tr>\n<td valign=\"top\" width=\"311\">D\u0142ugo\u015b\u0107\/szeroko\u015b\u0107 ci\u0119cia<\/td>\n<td valign=\"top\" width=\"311\">3300 mm<\/td>\n<\/tr>\n<tr>\n<td valign=\"top\" width=\"311\">Grubo\u015b\u0107 ci\u0119cia<\/td>\n<td valign=\"top\" width=\"311\">100 mm<\/td>\n<\/tr>\n<tr>\n<td valign=\"top\" width=\"311\">\u015arednica g\u0142\u00f3wnej pi\u0142y tn\u0105cej<\/td>\n<td valign=\"top\" width=\"311\">\u0424400mm<\/td>\n<\/tr>\n<tr>\n<td valign=\"top\" width=\"311\">\u015arednica wa\u0142u pi\u0142y g\u0142\u00f3wnej<\/td>\n<td valign=\"top\" width=\"311\">\u042480mm<\/td>\n<\/tr>\n<tr>\n<td valign=\"top\" width=\"311\">Pr\u0119dko\u015b\u0107 obrotowa wa\u0142u pi\u0142y g\u0142\u00f3wnej<\/td>\n<td valign=\"top\" width=\"311\">4800 obr.<\/td>\n<\/tr>\n<tr>\n<td valign=\"top\" width=\"311\">\u015arednica tarczy pi\u0142y szczelinowej<\/td>\n<td valign=\"top\" width=\"311\">180 mm<\/td>\n<\/tr>\n<tr>\n<td valign=\"top\" width=\"311\">\u015arednica wa\u0142u pi\u0142y szczelinowej<\/td>\n<td valign=\"top\" width=\"311\">\u042445mm<\/td>\n<\/tr>\n<tr>\n<td valign=\"top\" width=\"311\">Pr\u0119dko\u015b\u0107 obrotowa wa\u0142u pi\u0142y szczelinowej<\/td>\n<td valign=\"top\" width=\"311\">6900 obr.<\/td>\n<\/tr>\n<tr>\n<td valign=\"top\" width=\"311\">Podstawowa pr\u0119dko\u015b\u0107 pi\u0142y do przodu<\/td>\n<td valign=\"top\" width=\"311\">100 m\/min<\/td>\n<\/tr>\n<tr>\n<td valign=\"top\" width=\"311\">Pr\u0119dko\u015b\u0107 wsteczna podstawy pi\u0142y<\/td>\n<td valign=\"top\" width=\"311\">120 m\/min<\/td>\n<\/tr>\n<tr>\n<td valign=\"top\" width=\"311\">G\u0142\u00f3wny silnik pi\u0142y tn\u0105cej<\/td>\n<td valign=\"top\" width=\"311\">16,5 kW<\/td>\n<\/tr>\n<tr>\n<td valign=\"top\" width=\"311\">Silnik pi\u0142y szczelinowej<\/td>\n<td valign=\"top\" width=\"311\">2,2 kW<\/td>\n<\/tr>\n<tr>\n<td valign=\"top\" width=\"311\">Silnik nap\u0119dowy podstawy pi\u0142y<\/td>\n<td valign=\"top\" width=\"311\">1,8 kW (serwo)<\/td>\n<\/tr>\n<tr>\n<td valign=\"top\" width=\"311\">Silnik automatycznego podawania<\/td>\n<td valign=\"top\" width=\"311\">1,8 kW (serwo\uff09<\/td>\n<\/tr>\n<tr>\n<td valign=\"top\" width=\"311\">Silnik wyr\u00f3wnania bocznego<\/td>\n<td valign=\"top\" width=\"311\">0,55 kW<\/td>\n<\/tr>\n<tr>\n<td valign=\"top\" width=\"311\">Silnik pompy pr\u00f3\u017cniowej<\/td>\n<td valign=\"top\" width=\"311\">4kw<\/td>\n<\/tr>\n<tr>\n<td valign=\"top\" width=\"311\">Ca\u0142kowita moc<\/td>\n<td valign=\"top\" width=\"311\">26,5 kW<\/td>\n<\/tr>\n<tr>\n<td valign=\"top\" width=\"311\">Automatyczna pr\u0119dko\u015b\u0107 podawania<\/td>\n<td valign=\"top\" width=\"311\">100 m\/min<\/td>\n<\/tr>\n<tr>\n<td valign=\"top\" width=\"311\">Ci\u015bnienie powietrza<\/td>\n<td valign=\"top\" width=\"311\">5-7 kg\/cm\u00b2<\/td>\n<\/tr>\n<tr>\n<td valign=\"top\" width=\"311\">Wysoko\u015b\u0107 p\u0142ywaj\u0105cego sto\u0142u<\/td>\n<td valign=\"top\" width=\"311\">950 mm<\/td>\n<\/tr>\n<tr>\n<td valign=\"top\" width=\"311\">Ca\u0142kowity rozmiar maszyny \uff08L * W * H\uff09<\/td>\n<td valign=\"top\" width=\"311\">5900*5800*1850mm<\/td>\n<\/tr>\n<\/tbody>\n<\/table>\n<div style=\"width: 1280px;\" class=\"wp-video\"><video class=\"wp-video-shortcode\" id=\"video-3727-1\" width=\"1280\" height=\"720\" preload=\"metadata\" controls=\"controls\"><source type=\"video\/mp4\" src=\"https:\/\/wisecnclaser.com\/wp-content\/uploads\/2025\/05\/1722321154464007.mp4?_=1\" \/><a href=\"https:\/\/wisecnclaser.com\/wp-content\/uploads\/2025\/05\/1722321154464007.mp4\">https:\/\/wisecnclaser.com\/wp-content\/uploads\/2025\/05\/1722321154464007.mp4<\/a><\/video><\/div>","protected":false},"excerpt":{"rendered":"<p>Sprz\u0119t jest sterowany przez komputer przemys\u0142owy, z przyjaznym interfejsem dialogowym cz\u0142owiek-komputer i \u0142atw\u0105 obs\u0142ug\u0105. Je\u015bli zainstalowane jest oprogramowanie do optymalizacji, lista materia\u0142\u00f3w mo\u017ce by\u0107 bezpo\u015brednio importowana w celu optymalizacji ci\u0119cia materia\u0142u. Urz\u0105dzenie jest wyposa\u017cone w urz\u0105dzenie alarmowe, kt\u00f3re automatycznie zatrzymuje maszyn\u0119 w przypadku wyst\u0105pienia usterki, a tak\u017ce posiada funkcj\u0119 automatycznego wykrywania usterek, co u\u0142atwia sprawdzenie przyczyny usterki.<\/p>","protected":false},"featured_media":4378,"template":"","meta":{"_seopress_robots_primary_cat":"none","_seopress_titles_title":"","_seopress_titles_desc":"","_seopress_robots_index":"","_uag_custom_page_level_css":"","site-sidebar-layout":"default","site-content-layout":"","ast-site-content-layout":"default","site-content-style":"default","site-sidebar-style":"default","ast-global-header-display":"","ast-banner-title-visibility":"","ast-main-header-display":"","ast-hfb-above-header-display":"","ast-hfb-below-header-display":"","ast-hfb-mobile-header-display":"","site-post-title":"","ast-breadcrumbs-content":"","ast-featured-img":"","footer-sml-layout":"","ast-disable-related-posts":"","theme-transparent-header-meta":"default","adv-header-id-meta":"","stick-header-meta":"default","header-above-stick-meta":"","header-main-stick-meta":"","header-below-stick-meta":"","astra-migrate-meta-layouts":"set","ast-page-background-enabled":"default","ast-page-background-meta":{"desktop":{"background-color":"","background-image":"","background-repeat":"repeat","background-position":"center center","background-size":"auto","background-attachment":"scroll","background-type":"","background-media":"","overlay-type":"","overlay-color":"","overlay-opacity":"","overlay-gradient":""},"tablet":{"background-color":"","background-image":"","background-repeat":"repeat","background-position":"center center","background-size":"auto","background-attachment":"scroll","background-type":"","background-media":"","overlay-type":"","overlay-color":"","overlay-opacity":"","overlay-gradient":""},"mobile":{"background-color":"","background-image":"","background-repeat":"repeat","background-position":"center center","background-size":"auto","background-attachment":"scroll","background-type":"","background-media":"","overlay-type":"","overlay-color":"","overlay-opacity":"","overlay-gradient":""}},"ast-content-background-meta":{"desktop":{"background-color":"var(--ast-global-color-5)","background-image":"","background-repeat":"repeat","background-position":"center center","background-size":"auto","background-attachment":"scroll","background-type":"","background-media":"","overlay-type":"","overlay-color":"","overlay-opacity":"","overlay-gradient":""},"tablet":{"background-color":"var(--ast-global-color-5)","background-image":"","background-repeat":"repeat","background-position":"center center","background-size":"auto","background-attachment":"scroll","background-type":"","background-media":"","overlay-type":"","overlay-color":"","overlay-opacity":"","overlay-gradient":""},"mobile":{"background-color":"var(--ast-global-color-5)","background-image":"","background-repeat":"repeat","background-position":"center center","background-size":"auto","background-attachment":"scroll","background-type":"","background-media":"","overlay-type":"","overlay-color":"","overlay-opacity":"","overlay-gradient":""}}},"product_brand":[],"product_cat":[39],"product_tag":[],"class_list":{"0":"post-3727","1":"product","2":"type-product","3":"status-publish","4":"has-post-thumbnail","6":"product_cat-cuttingsaw","7":"desktop-align-left","8":"tablet-align-left","9":"mobile-align-left","10":"ast-product-gallery-layout-horizontal-slider","11":"ast-product-gallery-with-no-image","12":"ast-product-tabs-layout-horizontal","14":"first","15":"instock","16":"shipping-taxable","17":"product-type-simple"},"uagb_featured_image_src":{"full":["https:\/\/wisecnclaser.com\/wp-content\/uploads\/2025\/05\/3300\u6807\u914d-\u524d\u4e0a\u6599\u542b\u4fa7\u9760.png",1082,1086,false],"thumbnail":["https:\/\/wisecnclaser.com\/wp-content\/uploads\/2025\/05\/3300\u6807\u914d-\u524d\u4e0a\u6599\u542b\u4fa7\u9760-150x150.png",150,150,true],"medium":["https:\/\/wisecnclaser.com\/wp-content\/uploads\/2025\/05\/3300\u6807\u914d-\u524d\u4e0a\u6599\u542b\u4fa7\u9760-300x300.png",300,300,true],"medium_large":["https:\/\/wisecnclaser.com\/wp-content\/uploads\/2025\/05\/3300\u6807\u914d-\u524d\u4e0a\u6599\u542b\u4fa7\u9760-768x771.png",768,771,true],"large":["https:\/\/wisecnclaser.com\/wp-content\/uploads\/2025\/05\/3300\u6807\u914d-\u524d\u4e0a\u6599\u542b\u4fa7\u9760-1020x1024.png",1020,1024,true],"1536x1536":["https:\/\/wisecnclaser.com\/wp-content\/uploads\/2025\/05\/3300\u6807\u914d-\u524d\u4e0a\u6599\u542b\u4fa7\u9760.png",1082,1086,false],"2048x2048":["https:\/\/wisecnclaser.com\/wp-content\/uploads\/2025\/05\/3300\u6807\u914d-\u524d\u4e0a\u6599\u542b\u4fa7\u9760.png",1082,1086,false],"trp-custom-language-flag":["https:\/\/wisecnclaser.com\/wp-content\/uploads\/2025\/05\/3300\u6807\u914d-\u524d\u4e0a\u6599\u542b\u4fa7\u9760-12x12.png",12,12,true],"woocommerce_thumbnail":["https:\/\/wisecnclaser.com\/wp-content\/uploads\/2025\/05\/3300\u6807\u914d-\u524d\u4e0a\u6599\u542b\u4fa7\u9760-300x300.png",300,300,true],"woocommerce_single":["https:\/\/wisecnclaser.com\/wp-content\/uploads\/2025\/05\/3300\u6807\u914d-\u524d\u4e0a\u6599\u542b\u4fa7\u9760-600x602.png",600,602,true],"woocommerce_gallery_thumbnail":["https:\/\/wisecnclaser.com\/wp-content\/uploads\/2025\/05\/3300\u6807\u914d-\u524d\u4e0a\u6599\u542b\u4fa7\u9760-100x100.png",100,100,true]},"uagb_author_info":{"display_name":"jinxing6611@gmail.com","author_link":"https:\/\/wisecnclaser.com\/pl\/author\/"},"uagb_comment_info":0,"uagb_excerpt":"The equipment is controlled by an industrial computer, with a friendly human-computer dialogue interface and easy operation. If the optimization software is installed, the material list can be directly imported to optimize the material cutting. It is equipped with a fault alarm device, which automatically stops the machine when a fault occurs, and has an&hellip;","_links":{"self":[{"href":"https:\/\/wisecnclaser.com\/pl\/wp-json\/wp\/v2\/product\/3727","targetHints":{"allow":["GET"]}}],"collection":[{"href":"https:\/\/wisecnclaser.com\/pl\/wp-json\/wp\/v2\/product"}],"about":[{"href":"https:\/\/wisecnclaser.com\/pl\/wp-json\/wp\/v2\/types\/product"}],"wp:featuredmedia":[{"embeddable":true,"href":"https:\/\/wisecnclaser.com\/pl\/wp-json\/wp\/v2\/media\/4378"}],"wp:attachment":[{"href":"https:\/\/wisecnclaser.com\/pl\/wp-json\/wp\/v2\/media?parent=3727"}],"wp:term":[{"taxonomy":"product_brand","embeddable":true,"href":"https:\/\/wisecnclaser.com\/pl\/wp-json\/wp\/v2\/product_brand?post=3727"},{"taxonomy":"product_cat","embeddable":true,"href":"https:\/\/wisecnclaser.com\/pl\/wp-json\/wp\/v2\/product_cat?post=3727"},{"taxonomy":"product_tag","embeddable":true,"href":"https:\/\/wisecnclaser.com\/pl\/wp-json\/wp\/v2\/product_tag?post=3727"}],"curies":[{"name":"wp","href":"https:\/\/api.w.org\/{rel}","templated":true}]}}