{"id":3745,"date":"2025-05-23T02:41:40","date_gmt":"2025-05-23T02:41:40","guid":{"rendered":"https:\/\/wisecnclaser.com\/?post_type=product&#038;p=3745"},"modified":"2025-07-16T02:17:35","modified_gmt":"2025-07-16T02:17:35","slug":"ws3300-back-feeding-cnc-beam-saw","status":"publish","type":"product","link":"https:\/\/wisecnclaser.com\/pl\/produkt\/ws3300-back-feeding-cnc-beam-saw\/","title":{"rendered":"WS3300 Automatyczna pi\u0142a do ci\u0119cia paneli drewnianych CNC z podawaniem wstecznym"},"content":{"rendered":"<p>G\u0142\u00f3wna pi\u0142a w strukturze przek\u0142adni wykorzystuje tajwa\u0144skie pasy wielorowkowe Samsung, a ma\u0142e pasy klinowe wykorzystuj\u0105 pasy importowane. W maszynie zastosowano wysoce precyzyjn\u0105 przek\u0142adni\u0119 niemieck\u0105\/SLM i przek\u0142adni\u0119 z\u0119batkow\u0105; urz\u0105dzenia elektryczne, elementy prze\u0142\u0105czaj\u0105ce i kluczowe komponenty s\u0105 produktami mi\u0119dzynarodowych marek, aby zapewni\u0107 dok\u0142adno\u015b\u0107 i niezawodno\u015b\u0107 produkt\u00f3w; g\u0142\u00f3wna maszyna ma du\u017c\u0105 pr\u0119dko\u015b\u0107 ci\u0119cia i mo\u017ce osi\u0105gn\u0105\u0107 bezstopniow\u0105 regulacj\u0119 w zale\u017cno\u015bci od grubo\u015bci deski do ci\u0119cia.<\/p>\n<p>Zoptymalizowany opis oprogramowania (opcjonalny) zachowuje elastyczno\u015b\u0107 losowego r\u0119cznego uk\u0142adu danych ci\u0119cia tradycyjnych pi\u0142 elektronicznych i rozszerza funkcje inteligentnego importu danych, bezprzewodowego zdalnego sterowania uruchamianiem i zatrzymywaniem operacji, zdalnego monitorowania itp. oraz dodaje praktyczne funkcje, takie jak projektowanie zam\u00f3wie\u0144, optymalizacja podzia\u0142u zam\u00f3wie\u0144, zarz\u0105dzanie pozosta\u0142ym materia\u0142em, optymalizacja uk\u0142adu, drukowanie kod\u00f3w kreskowych itp. Jednocze\u015bnie jest on otwarty na wszystkie porty oprogramowania, takie jak Yuan Fang, Hua Guang, CV, 1010, Wei Lun, Hai Xun, Sanweijia, Yunxi, Shangchuan i inne oprogramowanie projektowe, a tak\u017ce obs\u0142uguje r\u0119cznie tworzon\u0105 list\u0119 materia\u0142\u00f3w Microsoft Excel, z pot\u0119\u017cn\u0105 funkcj\u0105 programowania zoptymalizowanego uk\u0142adu i mo\u017ce konstruowa\u0107 rzeczywiste operacje w celu symulacji rzeczywistych problem\u00f3w. Gdy pracownicy obs\u0142uguj\u0105 sprz\u0119t, musz\u0105 jedynie umie\u015bci\u0107 obrabiany przedmiot zgodnie z podpowiedziami na interfejsie komputera, a dane dotycz\u0105ce rozmiaru ci\u0119cia s\u0105 od\u015bwie\u017cane przez komputer w spos\u00f3b inteligentny (skanowanie kodu), realizuj\u0105c operacj\u0119 jednym klikni\u0119ciem. Og\u00f3lnie rzecz bior\u0105c, do rozpocz\u0119cia pracy wymagane s\u0105 tylko 2 godziny szkolenia.<\/p>\n<p>&nbsp;<\/p>\n<table border=\"1\">\n<tbody>\n<tr class=\"firstRow\">\n<td colspan=\"2\" valign=\"top\" width=\"622\">WS3300 Pi\u0142a CNC z posuwem wstecznym<\/td>\n<\/tr>\n<tr>\n<td valign=\"top\" width=\"311\">Komputer<\/td>\n<td valign=\"top\" width=\"311\">\u00a0 \u00a0 \u00a0 \u00a0 \u00a0 \u00a0 \u00a0 \u00a0 \u00a0W zestawie<\/td>\n<\/tr>\n<tr>\n<td valign=\"top\" width=\"311\">D\u0142ugo\u015b\u0107\/szeroko\u015b\u0107 ci\u0119cia<\/td>\n<td valign=\"top\" width=\"311\">3300 mm<\/td>\n<\/tr>\n<tr>\n<td valign=\"top\" width=\"311\">Grubo\u015b\u0107 ci\u0119cia<\/td>\n<td valign=\"top\" width=\"311\">100 mm<\/td>\n<\/tr>\n<tr>\n<td valign=\"top\" width=\"311\">\u015arednica g\u0142\u00f3wnej pi\u0142y tn\u0105cej<\/td>\n<td valign=\"top\" width=\"311\">\u0424400mm<\/td>\n<\/tr>\n<tr>\n<td valign=\"top\" width=\"311\">\u015arednica wa\u0142u pi\u0142y g\u0142\u00f3wnej<\/td>\n<td valign=\"top\" width=\"311\">\u042480mm<\/td>\n<\/tr>\n<tr>\n<td valign=\"top\" width=\"311\">Pr\u0119dko\u015b\u0107 obrotowa wa\u0142u pi\u0142y g\u0142\u00f3wnej<\/td>\n<td valign=\"top\" width=\"311\">4800 obr.<\/td>\n<\/tr>\n<tr>\n<td valign=\"top\" width=\"311\">\u015arednica tarczy pi\u0142y szczelinowej<\/td>\n<td valign=\"top\" width=\"311\">180 mm<\/td>\n<\/tr>\n<tr>\n<td valign=\"top\" width=\"311\">\u015arednica wa\u0142u pi\u0142y szczelinowej<\/td>\n<td valign=\"top\" width=\"311\">\u042445mm<\/td>\n<\/tr>\n<tr>\n<td valign=\"top\" width=\"311\">Pr\u0119dko\u015b\u0107 obrotowa wa\u0142u pi\u0142y szczelinowej<\/td>\n<td valign=\"top\" width=\"311\">6900 obr.<\/td>\n<\/tr>\n<tr>\n<td valign=\"top\" width=\"311\">Podstawowa pr\u0119dko\u015b\u0107 pi\u0142y do przodu<\/td>\n<td valign=\"top\" width=\"311\">100 m\/min<\/td>\n<\/tr>\n<tr>\n<td valign=\"top\" width=\"311\">Pr\u0119dko\u015b\u0107 wsteczna podstawy pi\u0142y<\/td>\n<td valign=\"top\" width=\"311\">120 m\/min<\/td>\n<\/tr>\n<tr>\n<td valign=\"top\" width=\"311\">G\u0142\u00f3wny silnik pi\u0142y tn\u0105cej<\/td>\n<td valign=\"top\" width=\"311\">16,5 kW<\/td>\n<\/tr>\n<tr>\n<td valign=\"top\" width=\"311\">Silnik pi\u0142y szczelinowej<\/td>\n<td valign=\"top\" width=\"311\">2,2 kW<\/td>\n<\/tr>\n<tr>\n<td valign=\"top\" width=\"311\">Silnik nap\u0119dowy podstawy pi\u0142y<\/td>\n<td valign=\"top\" width=\"311\">1,8 kW (serwo)<\/td>\n<\/tr>\n<tr>\n<td valign=\"top\" width=\"311\">Silnik automatycznego podawania<\/td>\n<td valign=\"top\" width=\"311\">1,8 kW (serwo\uff09<\/td>\n<\/tr>\n<tr>\n<td valign=\"top\" width=\"311\">Rodzaj karmienia<\/td>\n<td valign=\"top\" width=\"311\">karmienie zwrotne<\/td>\n<\/tr>\n<tr>\n<td valign=\"top\" width=\"311\">Silnik pompy pr\u00f3\u017cniowej<\/td>\n<td valign=\"top\" width=\"311\">4kw<\/td>\n<\/tr>\n<tr>\n<td valign=\"top\" width=\"311\">Ca\u0142kowita moc<\/td>\n<td valign=\"top\" width=\"311\">26,5 kW<\/td>\n<\/tr>\n<tr>\n<td valign=\"top\" width=\"311\">Automatyczna pr\u0119dko\u015b\u0107 podawania<\/td>\n<td valign=\"top\" width=\"311\">100 m\/min<\/td>\n<\/tr>\n<tr>\n<td valign=\"top\" width=\"311\">Ci\u015bnienie powietrza<\/td>\n<td valign=\"top\" width=\"311\">5-7 kg\/cm\u00b2<\/td>\n<\/tr>\n<tr>\n<td valign=\"top\" width=\"311\">Wysoko\u015b\u0107 p\u0142ywaj\u0105cego sto\u0142u<\/td>\n<td valign=\"top\" width=\"311\">950 mm<\/td>\n<\/tr>\n<tr>\n<td valign=\"top\" width=\"311\">Ca\u0142kowity rozmiar maszyny \uff08L * W * H\uff09<\/td>\n<td valign=\"top\" width=\"311\">5900*5800*1850m<\/td>\n<\/tr>\n<\/tbody>\n<\/table>\n<p>Automatyczna pi\u0142a CNC do belek: rewolucja w precyzji i wydajno\u015bci ci\u0119cia paneli drewnianych<\/p>\n<p>W wymagaj\u0105cym \u015bwiecie produkcji mebli, szafek i architektonicznej obr\u00f3bki drewna, wydajna i precyzyjna obr\u00f3bka du\u017cych paneli drewnianych (takich jak MDF, p\u0142yty wi\u00f3rowe, sklejka i p\u0142yty z litego drewna) ma kluczowe znaczenie. Z pomoc\u0105 przychodzi automatyczna pi\u0142a belkowa CNC - niekwestionowana pot\u0119ga w dziedzinie obr\u00f3bki, ci\u0119cia i optymalizacji paneli. Ta zaawansowana przemys\u0142owa maszyna do ci\u0119cia drewna sta\u0142a si\u0119 podstaw\u0105 nowoczesnych linii produkcyjnych, wyznaczaj\u0105c nowe standardy szybko\u015bci, dok\u0142adno\u015bci i wykorzystania materia\u0142u.<\/p>\n<p>&nbsp;<\/p>\n<p>Co to jest automatyczna pi\u0142a CNC?<\/p>\n<p>Pilarka belkowa posiada solidn\u0105, poziomo zamontowan\u0105 belk\u0119 tn\u0105c\u0105 (cz\u0119sto nazywan\u0105 \"mostem\"), kt\u00f3ra przemieszcza si\u0119 wzd\u0142u\u017c maszyny. Na tej belce zamontowana jest jedna lub wi\u0119cej pi\u0142 tarczowych o du\u017cej mocy, zdolnych do wykonywania pionowych ci\u0119\u0107 na ca\u0142ej grubo\u015bci panelu. Aspekty automatyczne i CNC podnosz\u0105 rang\u0119 tej podstawowej koncepcji:<\/p>\n<ol>\n<li>\u00a0Sterowanie CNC: Sterowana przez zaawansowane oprogramowanie komputerowe, pi\u0142a CNC do belek interpretuje plany ci\u0119cia (cz\u0119sto generowane przez oprogramowanie do nestingu). Precyzyjnie steruje ruchem belki (o\u015b X), pozycjonowaniem w\u00f3zka pi\u0142y wzd\u0142u\u017c belki (o\u015b Y), pionowym skokiem ci\u0119cia (o\u015b Z), a cz\u0119sto tak\u017ce obrotem tarcz tn\u0105cych. Zapewnia to wysok\u0105 precyzj\u0119 dzia\u0142ania pi\u0142y belkowej, umo\u017cliwiaj\u0105c ci\u0119cie z dok\u0142adno\u015bci\u0105 do u\u0142amk\u00f3w milimetra.<\/li>\n<li>\u00a0Automatyzacja: Prawdziwie automatyczne systemy pi\u0142 belkowych integruj\u0105 obs\u0142ug\u0119 materia\u0142\u00f3w. Zazwyczaj obejmuje to:<\/li>\n<\/ol>\n<p>* Automatyczny za\u0142adunek: Podno\u015bniki pr\u00f3\u017cniowe, przeno\u015bniki ta\u015bmowe lub ramiona robot\u00f3w podaj\u0105 panele na st\u00f3\u0142 tn\u0105cy maszyny.<\/p>\n<p>* Automatyczne pozycjonowanie: Nap\u0119dzane serwomechanizmem trzpienie pozycjonuj\u0105ce, popychacze lub pasy dok\u0142adnie lokalizuj\u0105 panel zgodnie z programem.<\/p>\n<p>* Automatyczne ci\u0119cie: CNC wykonuje ca\u0142\u0105 sekwencj\u0119 ci\u0119cia, w tym opcjonalne nacinanie w celu ci\u0119cia bez wi\u00f3r\u00f3w (szczeg\u00f3lnie wa\u017cne w przypadku melaminy i paneli fornirowanych).<\/p>\n<p>* Automatyczny roz\u0142adunek: Poci\u0119te cz\u0119\u015bci s\u0105 automatycznie sortowane i uk\u0142adane w stosy, cz\u0119sto przy u\u017cyciu pas\u00f3w, ramion lub system\u00f3w wahad\u0142owych, oddzielaj\u0105c cz\u0119\u015bci u\u017cytkowe od szkieletu.<\/p>\n<p>&nbsp;<\/p>\n<p>Kluczowe zalety nowoczesnej maszyny do ci\u0119cia paneli:<\/p>\n<p>* Niezr\u00f3wnana precyzja i jako\u015b\u0107: Precyzyjna technologia ci\u0119cia belk\u0105 gwarantuje sp\u00f3jne, prostopad\u0142e i czyste ci\u0119cia niezb\u0119dne do perfekcyjnej stolarki i bezproblemowego monta\u017cu. Zintegrowane ostrza nacinaj\u0105ce praktycznie eliminuj\u0105 odpryski na obu powierzchniach laminowanych materia\u0142\u00f3w.<\/p>\n<p>* Wyj\u0105tkowa wydajno\u015b\u0107 i szybko\u015b\u0107: Automatyzacja drastycznie skraca czas obs\u0142ugi r\u0119cznej. Automatyczna pi\u0142a belkowa mo\u017ce przetwarza\u0107 wiele paneli po kolei przy minimalnej interwencji operatora, znacznie zwi\u0119kszaj\u0105c przepustowo\u015b\u0107 w por\u00f3wnaniu z pi\u0142ami r\u0119cznymi lub p\u00f3\u0142automatycznymi.<\/p>\n<p>* Optymalne wykorzystanie materia\u0142u: Zintegrowane oprogramowanie do nestingu maksymalizuje wydajno\u015b\u0107 poprzez inteligentne rozmieszczanie cz\u0119\u015bci na ka\u017cdym panelu w celu zminimalizowania odpad\u00f3w. Precyzja pi\u0142y CNC gwarantuje, \u017ce ka\u017cde ci\u0119cie jest dok\u0142adne, co dodatkowo zmniejsza straty materia\u0142u spowodowane b\u0142\u0119dami.<\/p>\n<p>* Redukcja koszt\u00f3w pracy i zm\u0119czenia operatora: Automatyzacja wykonuje ci\u0119\u017ckie i powtarzalne zadania. Operatorzy przede wszystkim zarz\u0105dzaj\u0105 oprogramowaniem, monitoruj\u0105 proces i przeprowadzaj\u0105 kontrole jako\u015bci, co prowadzi do bezpieczniejszego i mniej wymagaj\u0105cego fizycznie \u015brodowiska pracy.<\/p>\n<p>* Zwi\u0119kszone bezpiecze\u0144stwo: Zamkni\u0119te obszary ci\u0119cia, automatyczne mocowanie i ograniczona r\u0119czna obs\u0142uga paneli znacznie zmniejszaj\u0105 ryzyko wypadk\u00f3w zwi\u0105zanych z du\u017cymi, ci\u0119\u017ckimi panelami i pot\u0119\u017cnymi brzeszczotami.<\/p>\n<p>* Elastyczno\u015b\u0107 produkcji: \u0141atwe prze\u0142\u0105czanie mi\u0119dzy r\u00f3\u017cnymi typami paneli, grubo\u015bciami i zadaniami ci\u0119cia za pomoc\u0105 szybkich zmian programu, dzi\u0119ki czemu maszyna jest idealna zar\u00f3wno do produkcji seryjnej o du\u017cej obj\u0119to\u015bci, jak i mniejszych, niestandardowych zam\u00f3wie\u0144.<\/p>\n<p>&nbsp;<\/p>\n<p>Najlepszy w sklepie: Moc i wytrzyma\u0142o\u015b\u0107<\/p>\n<p>Okre\u015blenie \"najlepsza pilarka do belek\" to nie tylko chwyt marketingowy. Odzwierciedla ono nieod\u0142\u0105czne cechy tych maszyn:<\/p>\n<p>&nbsp;<\/p>\n<p>* Solidna konstrukcja: Zbudowany z wytrzyma\u0142ych stalowych ram i komponent\u00f3w, aby wytrzyma\u0107 ci\u0105g\u0142e u\u017cytkowanie przemys\u0142owe i si\u0142y zwi\u0105zane z ci\u0119ciem g\u0119stych materia\u0142\u00f3w.<\/p>\n<p>* Ci\u0119cie z du\u017c\u0105 moc\u0105: Wyposa\u017cone w pot\u0119\u017cne silniki g\u0142\u00f3wne (cz\u0119sto o mocy ponad 20 KM) i silniki punktowe o wysokim momencie obrotowym, kt\u00f3re z \u0142atwo\u015bci\u0105 przecinaj\u0105 najtwardsze drewno li\u015bciaste i najgrubsze panele in\u017cynieryjne.<\/p>\n<p>* Ogromna wydajno\u015b\u0107: Zaprojektowany do obs\u0142ugi pe\u0142nowymiarowych paneli (2800 * 2800 mm, 3300 * 3300 mm, 3800 * 3800 mm lub wi\u0119kszych) bez wysi\u0142ku, co czyni je prawdziwymi przemys\u0142owymi maszynami do ci\u0119cia drewna.<\/p>\n<p>* Niezr\u00f3wnana wydajno\u015b\u0107: Zaprojektowany do ci\u0105g\u0142ej pracy w wymagaj\u0105cych \u015brodowiskach produkcyjnych, maksymalizuj\u0105c czas sprawno\u015bci i produktywno\u015b\u0107.<\/p>\n<p>&nbsp;<\/p>\n<p>Wnioski<\/p>\n<p>Automatyczna pi\u0142a belkowa CNC to znacznie wi\u0119cej ni\u017c tylko maszyna do ci\u0119cia paneli; to kompleksowe rozwi\u0105zanie do nowoczesnej obr\u00f3bki paneli drewnianych. \u0141\u0105cz\u0105c wysok\u0105 precyzj\u0119 ci\u0119cia belki z zaawansowan\u0105 automatyzacj\u0105 i moc\u0105 najlepszej pi\u0142y belkowej, ta przemys\u0142owa maszyna do ci\u0119cia drewna zapewnia niezr\u00f3wnany poziom produktywno\u015bci, oszcz\u0119dno\u015bci materia\u0142u, jako\u015bci i bezpiecze\u0144stwa. Dla ka\u017cdej powa\u017cnej firmy zajmuj\u0105cej si\u0119 obr\u00f3bk\u0105 drewna, koncentruj\u0105cej si\u0119 na przetwarzaniu paneli, inwestycja w automatyczn\u0105 pi\u0142\u0119 panelow\u0105 to nie tylko modernizacja - to strategiczny imperatyw utrzymania konkurencyjno\u015bci, wydajno\u015bci i rentowno\u015bci na dzisiejszym rynku. Stanowi ona inteligentn\u0105 ewolucj\u0119 pilarki panelowej, umacniaj\u0105c jej pozycj\u0119 jako kamienia w\u0119gielnego wydajnego rozkroju paneli.<\/p>\n<div style=\"width: 1280px;\" class=\"wp-video\"><video class=\"wp-video-shortcode\" id=\"video-3745-1\" width=\"1280\" height=\"720\" preload=\"metadata\" controls=\"controls\"><source type=\"video\/mp4\" src=\"https:\/\/wisecnclaser.com\/wp-content\/uploads\/2025\/05\/1722322237481315.mp4?_=1\" \/><a href=\"https:\/\/wisecnclaser.com\/wp-content\/uploads\/2025\/05\/1722322237481315.mp4\">https:\/\/wisecnclaser.com\/wp-content\/uploads\/2025\/05\/1722322237481315.mp4<\/a><\/video><\/div>","protected":false},"excerpt":{"rendered":"<p>Sprz\u0119t jest sterowany przez komputer przemys\u0142owy, z przyjaznym interfejsem dialogowym cz\u0142owiek-komputer i \u0142atw\u0105 obs\u0142ug\u0105. Je\u015bli zainstalowane jest oprogramowanie do optymalizacji, lista materia\u0142\u00f3w mo\u017ce by\u0107 bezpo\u015brednio importowana w celu optymalizacji ci\u0119cia materia\u0142u. Urz\u0105dzenie jest wyposa\u017cone w urz\u0105dzenie alarmowe, kt\u00f3re automatycznie zatrzymuje maszyn\u0119 w przypadku wyst\u0105pienia usterki, a tak\u017ce posiada funkcj\u0119 automatycznego wykrywania usterek, co u\u0142atwia sprawdzenie przyczyny usterki.<\/p>","protected":false},"featured_media":3748,"template":"","meta":{"_seopress_robots_primary_cat":"none","_seopress_titles_title":"","_seopress_titles_desc":"","_seopress_robots_index":"","_uag_custom_page_level_css":"","site-sidebar-layout":"default","site-content-layout":"","ast-site-content-layout":"default","site-content-style":"default","site-sidebar-style":"default","ast-global-header-display":"","ast-banner-title-visibility":"","ast-main-header-display":"","ast-hfb-above-header-display":"","ast-hfb-below-header-display":"","ast-hfb-mobile-header-display":"","site-post-title":"","ast-breadcrumbs-content":"","ast-featured-img":"","footer-sml-layout":"","ast-disable-related-posts":"","theme-transparent-header-meta":"default","adv-header-id-meta":"","stick-header-meta":"default","header-above-stick-meta":"","header-main-stick-meta":"","header-below-stick-meta":"","astra-migrate-meta-layouts":"set","ast-page-background-enabled":"default","ast-page-background-meta":{"desktop":{"background-color":"","background-image":"","background-repeat":"repeat","background-position":"center center","background-size":"auto","background-attachment":"scroll","background-type":"","background-media":"","overlay-type":"","overlay-color":"","overlay-opacity":"","overlay-gradient":""},"tablet":{"background-color":"","background-image":"","background-repeat":"repeat","background-position":"center center","background-size":"auto","background-attachment":"scroll","background-type":"","background-media":"","overlay-type":"","overlay-color":"","overlay-opacity":"","overlay-gradient":""},"mobile":{"background-color":"","background-image":"","background-repeat":"repeat","background-position":"center center","background-size":"auto","background-attachment":"scroll","background-type":"","background-media":"","overlay-type":"","overlay-color":"","overlay-opacity":"","overlay-gradient":""}},"ast-content-background-meta":{"desktop":{"background-color":"var(--ast-global-color-5)","background-image":"","background-repeat":"repeat","background-position":"center center","background-size":"auto","background-attachment":"scroll","background-type":"","background-media":"","overlay-type":"","overlay-color":"","overlay-opacity":"","overlay-gradient":""},"tablet":{"background-color":"var(--ast-global-color-5)","background-image":"","background-repeat":"repeat","background-position":"center center","background-size":"auto","background-attachment":"scroll","background-type":"","background-media":"","overlay-type":"","overlay-color":"","overlay-opacity":"","overlay-gradient":""},"mobile":{"background-color":"var(--ast-global-color-5)","background-image":"","background-repeat":"repeat","background-position":"center center","background-size":"auto","background-attachment":"scroll","background-type":"","background-media":"","overlay-type":"","overlay-color":"","overlay-opacity":"","overlay-gradient":""}}},"product_brand":[],"product_cat":[39],"product_tag":[93,100,101,91,99,102,97],"class_list":{"0":"post-3745","1":"product","2":"type-product","3":"status-publish","4":"has-post-thumbnail","6":"product_cat-cuttingsaw","7":"product_tag-cnc-beam-saw","8":"product_tag-computer-beam-saw","9":"product_tag-electric-cutting-saw","10":"product_tag-wood-cutting-saw","11":"product_tag-wood-panel-cutting-machine","12":"product_tag-wood-saw","13":"product_tag-woodworking-beam-saw","14":"desktop-align-left","15":"tablet-align-left","16":"mobile-align-left","17":"ast-product-gallery-layout-horizontal-slider","18":"ast-product-gallery-with-no-image","19":"ast-product-tabs-layout-horizontal","21":"first","22":"instock","23":"shipping-taxable","24":"product-type-simple"},"uagb_featured_image_src":{"full":["https:\/\/wisecnclaser.com\/wp-content\/uploads\/2025\/05\/d7fd0b00f508266910b70f28170c15c1.jpg",1648,1080,false],"thumbnail":["https:\/\/wisecnclaser.com\/wp-content\/uploads\/2025\/05\/d7fd0b00f508266910b70f28170c15c1-150x150.jpg",150,150,true],"medium":["https:\/\/wisecnclaser.com\/wp-content\/uploads\/2025\/05\/d7fd0b00f508266910b70f28170c15c1-300x197.jpg",300,197,true],"medium_large":["https:\/\/wisecnclaser.com\/wp-content\/uploads\/2025\/05\/d7fd0b00f508266910b70f28170c15c1-768x503.jpg",768,503,true],"large":["https:\/\/wisecnclaser.com\/wp-content\/uploads\/2025\/05\/d7fd0b00f508266910b70f28170c15c1-1024x671.jpg",1024,671,true],"1536x1536":["https:\/\/wisecnclaser.com\/wp-content\/uploads\/2025\/05\/d7fd0b00f508266910b70f28170c15c1-1536x1007.jpg",1536,1007,true],"2048x2048":["https:\/\/wisecnclaser.com\/wp-content\/uploads\/2025\/05\/d7fd0b00f508266910b70f28170c15c1.jpg",1648,1080,false],"trp-custom-language-flag":["https:\/\/wisecnclaser.com\/wp-content\/uploads\/2025\/05\/d7fd0b00f508266910b70f28170c15c1-18x12.jpg",18,12,true],"woocommerce_thumbnail":["https:\/\/wisecnclaser.com\/wp-content\/uploads\/2025\/05\/d7fd0b00f508266910b70f28170c15c1-300x300.jpg",300,300,true],"woocommerce_single":["https:\/\/wisecnclaser.com\/wp-content\/uploads\/2025\/05\/d7fd0b00f508266910b70f28170c15c1-600x393.jpg",600,393,true],"woocommerce_gallery_thumbnail":["https:\/\/wisecnclaser.com\/wp-content\/uploads\/2025\/05\/d7fd0b00f508266910b70f28170c15c1-100x100.jpg",100,100,true]},"uagb_author_info":{"display_name":"jinxing6611@gmail.com","author_link":"https:\/\/wisecnclaser.com\/pl\/author\/"},"uagb_comment_info":0,"uagb_excerpt":"The equipment is controlled by an industrial computer, with a friendly human-computer dialogue interface and easy operation. If the optimization software is installed, the material list can be directly imported to optimize the material cutting. It is equipped with a fault alarm device, which automatically stops the machine when a fault occurs, and has an&hellip;","_links":{"self":[{"href":"https:\/\/wisecnclaser.com\/pl\/wp-json\/wp\/v2\/product\/3745","targetHints":{"allow":["GET"]}}],"collection":[{"href":"https:\/\/wisecnclaser.com\/pl\/wp-json\/wp\/v2\/product"}],"about":[{"href":"https:\/\/wisecnclaser.com\/pl\/wp-json\/wp\/v2\/types\/product"}],"wp:featuredmedia":[{"embeddable":true,"href":"https:\/\/wisecnclaser.com\/pl\/wp-json\/wp\/v2\/media\/3748"}],"wp:attachment":[{"href":"https:\/\/wisecnclaser.com\/pl\/wp-json\/wp\/v2\/media?parent=3745"}],"wp:term":[{"taxonomy":"product_brand","embeddable":true,"href":"https:\/\/wisecnclaser.com\/pl\/wp-json\/wp\/v2\/product_brand?post=3745"},{"taxonomy":"product_cat","embeddable":true,"href":"https:\/\/wisecnclaser.com\/pl\/wp-json\/wp\/v2\/product_cat?post=3745"},{"taxonomy":"product_tag","embeddable":true,"href":"https:\/\/wisecnclaser.com\/pl\/wp-json\/wp\/v2\/product_tag?post=3745"}],"curies":[{"name":"wp","href":"https:\/\/api.w.org\/{rel}","templated":true}]}}