{"id":3759,"date":"2025-05-23T02:45:14","date_gmt":"2025-05-23T02:45:14","guid":{"rendered":"https:\/\/wisecnclaser.com\/?post_type=product&#038;p=3759"},"modified":"2025-06-23T07:03:32","modified_gmt":"2025-06-23T07:03:32","slug":"economic-linear-atc-cnc-router","status":"publish","type":"product","link":"https:\/\/wisecnclaser.com\/pl\/produkt\/economic-linear-atc-cnc-router\/","title":{"rendered":"Ekonomiczny liniowy automatyczny zmieniacz narz\u0119dzi ploter CNC"},"content":{"rendered":"<h2>Zrewolucjonizuj frezowanie CNC<\/h2>\n<p>Przedstawiamy ploter CNC z ekonomiczn\u0105 liniow\u0105 automatyczn\u0105 zmieniark\u0105 narz\u0119dzi - najnowocze\u015bniejsze rozwi\u0105zanie zaprojektowane w celu usprawnienia proces\u00f3w frezowania. Dzi\u0119ki zaawansowanym mo\u017cliwo\u015bciom automatyzacji, ten zmieniacz narz\u0119dzi zwi\u0119ksza wydajno\u015b\u0107 i precyzj\u0119 w r\u00f3\u017cnych zastosowaniach, co czyni go idealnym wyborem zar\u00f3wno dla hobbyst\u00f3w, jak i profesjonalist\u00f3w.<\/p>\n<h2>Niezr\u00f3wnana wydajno\u015b\u0107 i precyzja<\/h2>\n<p>Ekonomiczna liniowa automatyczna zmieniarka narz\u0119dzi ogranicza przestoje dzi\u0119ki szybkiej wymianie narz\u0119dzi, umo\u017cliwiaj\u0105c wykonywanie wielu zada\u0144 bez ci\u0105g\u0142ej interwencji r\u0119cznej. Funkcja ta nie tylko oszcz\u0119dza czas, ale tak\u017ce minimalizuje ryzyko b\u0142\u0119du, zapewniaj\u0105c precyzj\u0119 ka\u017cdego ci\u0119cia. Zaprojektowany z wysokiej jako\u015bci materia\u0142\u00f3w, nasz ploter CNC zapewnia trwa\u0142o\u015b\u0107 i niezawodno\u015b\u0107, gotow\u0105 sprosta\u0107 wymaganiom ka\u017cdego projektu.<\/p>\n<h2>Elastyczna konstrukcja i przyjazny dla u\u017cytkownika interfejs<\/h2>\n<p>Nasz ploter CNC zosta\u0142 zaprojektowany z my\u015bl\u0105 o wszechstronno\u015bci. Oferuje kompatybilno\u015b\u0107 z r\u00f3\u017cnymi typami narz\u0119dzi, umo\u017cliwiaj\u0105c p\u0142ynne przechodzenie mi\u0119dzy r\u00f3\u017cnymi zadaniami ci\u0119cia i frezowania. Przyjazny dla u\u017cytkownika interfejs sprawia, \u017ce urz\u0105dzenie jest \u0142atwe w programowaniu i obs\u0142udze, nawet dla tych, kt\u00f3rzy dopiero zaczynaj\u0105 przygod\u0119 z frezowaniem CNC. Dodatkowo, kompaktowa konstrukcja zapewnia wygodne dopasowanie do ka\u017cdej przestrzeni roboczej, maksymalizuj\u0105c obszar produkcyjny bez po\u015bwi\u0119cania wydajno\u015bci.<\/p>\n<p>Niezale\u017cnie od tego, czy pracujesz nad skomplikowanymi projektami, projektami niestandardowymi, czy produkcj\u0105 na du\u017c\u0105 skal\u0119, ploter CNC z ekonomicznym liniowym automatycznym zmieniaczem narz\u0119dzi jest idealnym rozwi\u0105zaniem. Poznaj nowy poziom wydajno\u015bci i kreatywno\u015bci w procesach obr\u00f3bki ju\u017c dzi\u015b!<\/p>\n<table>\n<tbody>\n<tr>\n<td colspan=\"2\" width=\"1343\"><strong><b>Cechy: <\/b><\/strong><\/p>\n<p>1. ca\u0142y korpus maszyny jest wykonany ze stali bez szwu spawanie odpuszczanie starzenie leczenie, sztywne, bez deformacji.<\/p>\n<p>2. silnik serwo, wysoka precyzja i du\u017ca pr\u0119dko\u015b\u0107.<\/p>\n<p>3. Tajwan 25 kwadratowa prowadnica szynowa, p\u0142ynna praca, bardziej stabilna wysoka precyzja, d\u0142uga \u017cywotno\u015b\u0107.<\/p>\n<p>4. Wrzeciono ATC o mocy 9 kW ch\u0142odzone powietrzem, d\u0142uga \u017cywotno\u015b\u0107, pr\u0119dko\u015b\u0107 do 24000 obr\/min, rze\u017abiona g\u0142adka powierzchnia.<\/p>\n<p>5. Du\u017cy, wyposa\u017cony w oddzieln\u0105 szafk\u0119,<\/p>\n<p>6. 8 liniowych narz\u0119dzi ATC, serwonap\u0119d<\/p>\n<p>7. u\u017cywany do ci\u0119cia drewna, grawerowania, frezowania, wycinania otwor\u00f3w, stosowany w meblach panelowych, szafkach ubraniowych i zaawansowanej produkcji drzwi szafek<\/p>\n<p>&nbsp;<\/p>\n<p>Zastosowanie plotera ATC CNC do obr\u00f3bki drewna:<\/p>\n<p>Nadaje si\u0119 do stolarki, drzwi drewnianych, mebli, szafek, form itp.<\/td>\n<\/tr>\n<tr>\n<td width=\"414\">X OBSZAR ROBOCZY<\/td>\n<td width=\"929\">1300 mm<\/td>\n<\/tr>\n<tr>\n<td width=\"414\">OBSZAR ROBOCZY<\/td>\n<td width=\"929\">2500 mm<\/td>\n<\/tr>\n<tr>\n<td width=\"414\">OBSZAR ROBOCZY<\/td>\n<td width=\"929\">200 mm<\/td>\n<\/tr>\n<tr>\n<td width=\"414\">ST\u00d3\u0141 MASZYNOWY<\/td>\n<td width=\"929\">Pr\u00f3\u017cniowy st\u00f3\u0142 adsorpcyjny<\/td>\n<\/tr>\n<tr>\n<td width=\"414\">KOD POLECENIA<\/td>\n<td width=\"929\">Kod G<\/td>\n<\/tr>\n<tr>\n<td width=\"414\">STRUKTURA OSI XYZ<\/td>\n<td width=\"929\">Tajwa\u0144ska szyna X\/Y, dzi\u0119ki kt\u00f3rej maszyna pracuje bardziej stabilnie; Szyna \u015brubowa Z<\/td>\n<\/tr>\n<tr>\n<td width=\"414\">MOC ODPYLACZA<\/td>\n<td width=\"929\">Podw\u00f3jne worki 3 kW<\/td>\n<\/tr>\n<tr>\n<td width=\"414\">MOC<\/td>\n<td width=\"929\">AC380V 3 FAZY \/ 50Hz<\/td>\n<\/tr>\n<tr>\n<td width=\"414\">SPINDLE<\/td>\n<td width=\"929\">Wrzeciono ATC ch\u0142odzone powietrzem o mocy 9 kW, CHI\u0143SKA MARKA<\/td>\n<\/tr>\n<tr>\n<td width=\"414\">CA\u0141KOWITA MOC ROBOCZA<\/td>\n<td width=\"929\">26KW<\/td>\n<\/tr>\n<tr>\n<td width=\"414\">PR\u0118DKO\u015a\u0106 OBROTOWA WRZECIONA<\/td>\n<td width=\"929\">18000 obr\/min<\/td>\n<\/tr>\n<tr>\n<td width=\"414\">INVERTER<\/td>\n<td width=\"929\">Falownik 11 kW<\/td>\n<\/tr>\n<tr>\n<td width=\"414\">SILNIK NAP\u0118DOWY<\/td>\n<td width=\"929\">Chi\u0144ski serwomotor hybrydowy<\/td>\n<\/tr>\n<tr>\n<td width=\"414\">SYSTEM OPERACYJNY<\/td>\n<td width=\"929\">Kontroler NK105 G3<\/td>\n<\/tr>\n<tr>\n<td width=\"414\">MOC POMPY PR\u00d3\u017bNIOWEJ<\/td>\n<td width=\"929\">Wodna pompa pr\u00f3\u017cniowa o mocy 7,5 kW<\/td>\n<\/tr>\n<tr>\n<td width=\"414\">SZYNA LINIOWA<\/td>\n<td width=\"929\">Tajwa\u0144ska szyna kwadratowa, bardziej stabilna<\/td>\n<\/tr>\n<tr>\n<td width=\"414\">REDUCER<\/td>\n<td width=\"929\">Japo\u0144ska marka shimpoo<\/td>\n<\/tr>\n<tr>\n<td width=\"414\">\u015aRUBA KULOWA<\/td>\n<td width=\"929\">Tajwa\u0144ska marka<\/td>\n<\/tr>\n<tr>\n<td width=\"414\">WAGA<\/td>\n<td width=\"929\">2000KGS<\/td>\n<\/tr>\n<tr>\n<td width=\"414\">INNE CZ\u0118\u015aCI POMOCNICZE<\/td>\n<td width=\"929\">3+4 wyskakuj\u0105ce sworznie\/pozycja cylindra,<\/p>\n<p>Automatyczny system smarowania<\/p>\n<p>Czujnik narz\u0119dzia<\/p>\n<p>Oprogramowanie<\/p>\n<p>Skrzynka narz\u0119dziowa 1<\/p>\n<p>Uchwyt narz\u0119dziowy 8 szt.<\/p>\n<p>Zbierz 8 sztuk<\/p>\n<p>Klucze 4<\/td>\n<\/tr>\n<\/tbody>\n<\/table>","protected":false},"excerpt":{"rendered":"<p>Revolutionize Your CNC Routing Introducing the Economic Linear Automatic Tool Changer CNC Router \u2013 a cutting-edge solution designed to streamline your routing processes. With its advanced automation capabilities, this tool changer enhances efficiency and precision in various applications, making it an ideal choice for both hobbyists and professionals alike. Unmatched Efficiency and Precision The Economic [&hellip;]<\/p>\n","protected":false},"featured_media":3762,"template":"","meta":{"_seopress_robots_primary_cat":"none","_seopress_titles_title":"","_seopress_titles_desc":"","_seopress_robots_index":"","_uag_custom_page_level_css":"","site-sidebar-layout":"default","site-content-layout":"","ast-site-content-layout":"default","site-content-style":"default","site-sidebar-style":"default","ast-global-header-display":"","ast-banner-title-visibility":"","ast-main-header-display":"","ast-hfb-above-header-display":"","ast-hfb-below-header-display":"","ast-hfb-mobile-header-display":"","site-post-title":"","ast-breadcrumbs-content":"","ast-featured-img":"","footer-sml-layout":"","ast-disable-related-posts":"","theme-transparent-header-meta":"default","adv-header-id-meta":"","stick-header-meta":"default","header-above-stick-meta":"","header-main-stick-meta":"","header-below-stick-meta":"","astra-migrate-meta-layouts":"set","ast-page-background-enabled":"default","ast-page-background-meta":{"desktop":{"background-color":"","background-image":"","background-repeat":"repeat","background-position":"center center","background-size":"auto","background-attachment":"scroll","background-type":"","background-media":"","overlay-type":"","overlay-color":"","overlay-opacity":"","overlay-gradient":""},"tablet":{"background-color":"","background-image":"","background-repeat":"repeat","background-position":"center center","background-size":"auto","background-attachment":"scroll","background-type":"","background-media":"","overlay-type":"","overlay-color":"","overlay-opacity":"","overlay-gradient":""},"mobile":{"background-color":"","background-image":"","background-repeat":"repeat","background-position":"center center","background-size":"auto","background-attachment":"scroll","background-type":"","background-media":"","overlay-type":"","overlay-color":"","overlay-opacity":"","overlay-gradient":""}},"ast-content-background-meta":{"desktop":{"background-color":"var(--ast-global-color-5)","background-image":"","background-repeat":"repeat","background-position":"center center","background-size":"auto","background-attachment":"scroll","background-type":"","background-media":"","overlay-type":"","overlay-color":"","overlay-opacity":"","overlay-gradient":""},"tablet":{"background-color":"var(--ast-global-color-5)","background-image":"","background-repeat":"repeat","background-position":"center center","background-size":"auto","background-attachment":"scroll","background-type":"","background-media":"","overlay-type":"","overlay-color":"","overlay-opacity":"","overlay-gradient":""},"mobile":{"background-color":"var(--ast-global-color-5)","background-image":"","background-repeat":"repeat","background-position":"center center","background-size":"auto","background-attachment":"scroll","background-type":"","background-media":"","overlay-type":"","overlay-color":"","overlay-opacity":"","overlay-gradient":""}}},"product_brand":[],"product_cat":[34],"product_tag":[],"class_list":{"0":"post-3759","1":"product","2":"type-product","3":"status-publish","4":"has-post-thumbnail","6":"product_cat-nesting","7":"desktop-align-left","8":"tablet-align-left","9":"mobile-align-left","10":"ast-product-gallery-layout-horizontal-slider","11":"ast-product-gallery-with-no-image","12":"ast-product-tabs-layout-horizontal","14":"first","15":"instock","16":"featured","17":"shipping-taxable","18":"product-type-simple"},"uagb_featured_image_src":{"full":["https:\/\/wisecnclaser.com\/wp-content\/uploads\/2025\/05\/8d23397dcfe1e2b053ea7e237579653c.png",1084,1080,false],"thumbnail":["https:\/\/wisecnclaser.com\/wp-content\/uploads\/2025\/05\/8d23397dcfe1e2b053ea7e237579653c-150x150.png",150,150,true],"medium":["https:\/\/wisecnclaser.com\/wp-content\/uploads\/2025\/05\/8d23397dcfe1e2b053ea7e237579653c-300x300.png",300,300,true],"medium_large":["https:\/\/wisecnclaser.com\/wp-content\/uploads\/2025\/05\/8d23397dcfe1e2b053ea7e237579653c-768x765.png",768,765,true],"large":["https:\/\/wisecnclaser.com\/wp-content\/uploads\/2025\/05\/8d23397dcfe1e2b053ea7e237579653c-1024x1020.png",1024,1020,true],"1536x1536":["https:\/\/wisecnclaser.com\/wp-content\/uploads\/2025\/05\/8d23397dcfe1e2b053ea7e237579653c.png",1084,1080,false],"2048x2048":["https:\/\/wisecnclaser.com\/wp-content\/uploads\/2025\/05\/8d23397dcfe1e2b053ea7e237579653c.png",1084,1080,false],"trp-custom-language-flag":["https:\/\/wisecnclaser.com\/wp-content\/uploads\/2025\/05\/8d23397dcfe1e2b053ea7e237579653c-12x12.png",12,12,true],"woocommerce_thumbnail":["https:\/\/wisecnclaser.com\/wp-content\/uploads\/2025\/05\/8d23397dcfe1e2b053ea7e237579653c-300x300.png",300,300,true],"woocommerce_single":["https:\/\/wisecnclaser.com\/wp-content\/uploads\/2025\/05\/8d23397dcfe1e2b053ea7e237579653c-600x598.png",600,598,true],"woocommerce_gallery_thumbnail":["https:\/\/wisecnclaser.com\/wp-content\/uploads\/2025\/05\/8d23397dcfe1e2b053ea7e237579653c-100x100.png",100,100,true]},"uagb_author_info":{"display_name":"jinxing6611@gmail.com","author_link":"https:\/\/wisecnclaser.com\/pl\/author\/"},"uagb_comment_info":0,"uagb_excerpt":"Revolutionize Your CNC Routing Introducing the Economic Linear Automatic Tool Changer CNC Router \u2013 a cutting-edge solution designed to streamline your routing processes. With its advanced automation capabilities, this tool changer enhances efficiency and precision in various applications, making it an ideal choice for both hobbyists and professionals alike. Unmatched Efficiency and Precision The Economic&hellip;","_links":{"self":[{"href":"https:\/\/wisecnclaser.com\/pl\/wp-json\/wp\/v2\/product\/3759","targetHints":{"allow":["GET"]}}],"collection":[{"href":"https:\/\/wisecnclaser.com\/pl\/wp-json\/wp\/v2\/product"}],"about":[{"href":"https:\/\/wisecnclaser.com\/pl\/wp-json\/wp\/v2\/types\/product"}],"wp:featuredmedia":[{"embeddable":true,"href":"https:\/\/wisecnclaser.com\/pl\/wp-json\/wp\/v2\/media\/3762"}],"wp:attachment":[{"href":"https:\/\/wisecnclaser.com\/pl\/wp-json\/wp\/v2\/media?parent=3759"}],"wp:term":[{"taxonomy":"product_brand","embeddable":true,"href":"https:\/\/wisecnclaser.com\/pl\/wp-json\/wp\/v2\/product_brand?post=3759"},{"taxonomy":"product_cat","embeddable":true,"href":"https:\/\/wisecnclaser.com\/pl\/wp-json\/wp\/v2\/product_cat?post=3759"},{"taxonomy":"product_tag","embeddable":true,"href":"https:\/\/wisecnclaser.com\/pl\/wp-json\/wp\/v2\/product_tag?post=3759"}],"curies":[{"name":"wp","href":"https:\/\/api.w.org\/{rel}","templated":true}]}}