{"id":3767,"date":"2025-05-23T02:47:19","date_gmt":"2025-05-23T02:47:19","guid":{"rendered":"https:\/\/wisecnclaser.com\/?post_type=product&#038;p=3767"},"modified":"2026-04-09T06:34:06","modified_gmt":"2026-04-09T06:34:06","slug":"usa-quality-linear-atc-cnc-router","status":"publish","type":"product","link":"https:\/\/wisecnclaser.com\/pl\/produkt\/usa-quality-linear-atc-cnc-router\/","title":{"rendered":"Wysokiej jako\u015bci ploter liniowy ATC CNC z USA"},"content":{"rendered":"<table>\n<tbody>\n<tr class=\"firstRow\">\n<td colspan=\"2\" valign=\"center\" width=\"672\">Ploter CNC ATC: Wielofunkcyjny system CNC z automatycznym zmieniaczem narz\u0119dzi do precyzyjnego ci\u0119cia drewna, akrylu i aluminium.<\/p>\n<p><strong>Cechy:<\/strong><\/p>\n<p>1. ca\u0142y korpus maszyny wykonany jest ze stali 8MM bez szwu spawalniczego odpuszczania starzenia, sztywny, bez deformacji.<\/p>\n<p>2. silnik serwo, wysoka precyzja i du\u017ca pr\u0119dko\u015b\u0107.<\/p>\n<p>3. Tajwa\u0144ska kwadratowa prowadnica szynowa, p\u0142ynna praca, bardziej stabilna wysoka precyzja, d\u0142uga \u017cywotno\u015b\u0107.<\/p>\n<p>4. Wrzeciono ATC o mocy 9 kW ch\u0142odzone powietrzem, d\u0142uga \u017cywotno\u015b\u0107, pr\u0119dko\u015b\u0107 do 18000 obr\/min, rze\u017abiona g\u0142adka powierzchnia.<\/p>\n<p>5. Du\u017ca wyposa\u017cona w oddzieln\u0105 szafk\u0119, obs\u0142uga ekranu dotykowego, prosta i wygodna, \u0142atwa do nauczenia.<\/p>\n<p>6. System pr\u00f3\u017cniowy mo\u017ce by\u0107 zasysany w procesie przetwarzania wi\u00f3r\u00f3w drzewnych i gruzu, aby utrzyma\u0107 st\u00f3\u0142 w czysto\u015bci i po\u015brednio konserwowa\u0107 sprz\u0119t.<\/p>\n<p>7.8 Liniowe narz\u0119dzia ATC<\/p>\n<p>8. u\u017cywany do ci\u0119cia drewna, grawerowania, frezowania, wycinania otwor\u00f3w, stosowany w meblach panelowych, szafkach ubraniowych i zaawansowanej produkcji drzwi szafek<\/p>\n<p>&nbsp;<\/p>\n<p>Liniowy ATC CNC ROUTER Zastosowanie:<\/p>\n<p>Nadaje si\u0119 do stolarki, drzwi drewnianych, mebli, szafek, form itp.<\/td>\n<\/tr>\n<tr>\n<td valign=\"top\" width=\"207\">X OBSZAR ROBOCZY<\/td>\n<td valign=\"top\" width=\"465\">1300mm 1500MM<\/td>\n<\/tr>\n<tr>\n<td valign=\"top\" width=\"207\">OBSZAR ROBOCZY<\/td>\n<td valign=\"top\" width=\"465\">2500mm 3000MM<\/td>\n<\/tr>\n<tr>\n<td valign=\"top\" width=\"207\">OBSZAR ROBOCZY<\/td>\n<td valign=\"top\" width=\"465\">200 mm<\/td>\n<\/tr>\n<tr>\n<td valign=\"top\" width=\"207\">ST\u00d3\u0141 MASZYNOWY<\/td>\n<td valign=\"top\" width=\"465\">Pr\u00f3\u017cniowy st\u00f3\u0142 adsorpcyjny - dwuwarstwowy st\u00f3\u0142 pr\u00f3\u017cniowy z krzy\u017cem, lepszy efekt ssania ni\u017c zwyk\u0142y st\u00f3\u0142 pr\u00f3\u017cniowy<\/td>\n<\/tr>\n<tr>\n<td valign=\"top\" width=\"207\">KOD POLECENIA<\/td>\n<td valign=\"top\" width=\"465\">Kod G<\/td>\n<\/tr>\n<tr>\n<td valign=\"top\" width=\"207\">STRUKTURA OSI XYZ<\/td>\n<td valign=\"top\" width=\"465\">Tajwa\u0144ska szyna X\/Y, dzi\u0119ki kt\u00f3rej maszyna pracuje bardziej stabilnie; Szyna \u015brubowa Z<\/td>\n<\/tr>\n<tr>\n<td valign=\"top\" width=\"207\">MOC ODPYLACZA<\/td>\n<td valign=\"top\" width=\"465\">3 podw\u00f3jne torby<\/td>\n<\/tr>\n<tr>\n<td valign=\"top\" width=\"207\">MOC<\/td>\n<td valign=\"top\" width=\"465\">AC220V 1PHASE \/ 50Hz<\/td>\n<\/tr>\n<tr>\n<td valign=\"top\" width=\"207\">SPINDLE<\/td>\n<td valign=\"top\" width=\"465\">Wrzeciono ATC o mocy 9 kW ch\u0142odzone powietrzem<\/td>\n<\/tr>\n<tr>\n<td valign=\"top\" width=\"207\">CA\u0141KOWITA MOC ROBOCZA<\/td>\n<td valign=\"top\" width=\"465\">26KW<\/td>\n<\/tr>\n<tr>\n<td valign=\"top\" width=\"207\">PR\u0118DKO\u015a\u0106 OBROTOWA WRZECIONA<\/td>\n<td valign=\"top\" width=\"465\">18000 obr\/min<\/td>\n<\/tr>\n<tr>\n<td valign=\"top\" width=\"207\">INVERTER<\/td>\n<td valign=\"top\" width=\"465\">Falownik 11 kW<\/td>\n<\/tr>\n<tr>\n<td valign=\"top\" width=\"207\">SILNIK NAP\u0118DOWY<\/td>\n<td valign=\"top\" width=\"465\">Chi\u0144ski silnik serwo<\/td>\n<\/tr>\n<tr>\n<td valign=\"top\" width=\"207\">SYSTEM OPERACYJNY<\/td>\n<td valign=\"top\" width=\"465\">Tajwa\u0144ski system sterowania z ekranem dotykowym LNC<\/td>\n<\/tr>\n<tr>\n<td valign=\"top\" width=\"207\">MOC POMPY PR\u00d3\u017bNIOWEJ<\/td>\n<td valign=\"top\" width=\"465\">Pneumatyczna pompa pr\u00f3\u017cniowa o mocy 2,2 kW *2 sztuki 220 V, jednofazowa 60 Hz<\/td>\n<\/tr>\n<tr>\n<td valign=\"center\" width=\"207\">SZYNA LINIOWA<\/td>\n<td valign=\"top\" width=\"465\">Tajwa\u0144ska szyna kwadratowa, bardziej stabilna<\/td>\n<\/tr>\n<tr>\n<td valign=\"center\" width=\"207\">REDUCER<\/td>\n<td valign=\"top\" width=\"465\">Japo\u0144ska marka shimpoo<\/td>\n<\/tr>\n<tr>\n<td valign=\"center\" width=\"207\">\u015aRUBA KULOWA<\/td>\n<td valign=\"top\" width=\"465\">Tajwan TBI<\/td>\n<\/tr>\n<tr>\n<td valign=\"center\" width=\"207\">WAGA<\/td>\n<td valign=\"top\" width=\"465\">2900KGS<\/td>\n<\/tr>\n<tr>\n<td valign=\"center\" width=\"207\">INNE CZ\u0118\u015aCI POMOCNICZE<\/td>\n<td valign=\"top\" width=\"465\">wyskakuj\u0105ce sworznie\/pozycja cylindra,<\/p>\n<p>Automatyczny system smarowania<\/p>\n<p>Czujnik narz\u0119dzia<\/p>\n<p>Oprogramowanie<\/p>\n<p>Skrzynka narz\u0119dziowa 1<\/p>\n<p>Uchwyt narz\u0119dziowy 8 szt.<\/p>\n<p>Zbierz 8 sztuk<\/p>\n<p>Klucze 4<\/td>\n<\/tr>\n<\/tbody>\n<\/table>","protected":false},"excerpt":{"rendered":"<p>ATC CNC Router: Multi-functional CNC system with automatic tool changer for precision cutting in wood, acrylic, and aluminum. Features: 1.The whole machine body is made from 8MM steel seamless welding tempering aging treatment, rigid, no deformation. 2.Servo motor, high precision and high speed. 3. Taiwan square rail guide, smooth operation,\u00a0more\u00a0stable high precision, long life. 4.\u00a09KW [&hellip;]<\/p>\n","protected":false},"featured_media":3770,"template":"","meta":{"_seopress_robots_primary_cat":"none","_seopress_titles_title":"","_seopress_titles_desc":"","_seopress_robots_index":"","_uag_custom_page_level_css":"","site-sidebar-layout":"default","site-content-layout":"","ast-site-content-layout":"default","site-content-style":"default","site-sidebar-style":"default","ast-global-header-display":"","ast-banner-title-visibility":"","ast-main-header-display":"","ast-hfb-above-header-display":"","ast-hfb-below-header-display":"","ast-hfb-mobile-header-display":"","site-post-title":"","ast-breadcrumbs-content":"","ast-featured-img":"","footer-sml-layout":"","ast-disable-related-posts":"","theme-transparent-header-meta":"default","adv-header-id-meta":"","stick-header-meta":"default","header-above-stick-meta":"","header-main-stick-meta":"","header-below-stick-meta":"","astra-migrate-meta-layouts":"set","ast-page-background-enabled":"default","ast-page-background-meta":{"desktop":{"background-color":"","background-image":"","background-repeat":"repeat","background-position":"center center","background-size":"auto","background-attachment":"scroll","background-type":"","background-media":"","overlay-type":"","overlay-color":"","overlay-opacity":"","overlay-gradient":""},"tablet":{"background-color":"","background-image":"","background-repeat":"repeat","background-position":"center center","background-size":"auto","background-attachment":"scroll","background-type":"","background-media":"","overlay-type":"","overlay-color":"","overlay-opacity":"","overlay-gradient":""},"mobile":{"background-color":"","background-image":"","background-repeat":"repeat","background-position":"center center","background-size":"auto","background-attachment":"scroll","background-type":"","background-media":"","overlay-type":"","overlay-color":"","overlay-opacity":"","overlay-gradient":""}},"ast-content-background-meta":{"desktop":{"background-color":"var(--ast-global-color-5)","background-image":"","background-repeat":"repeat","background-position":"center center","background-size":"auto","background-attachment":"scroll","background-type":"","background-media":"","overlay-type":"","overlay-color":"","overlay-opacity":"","overlay-gradient":""},"tablet":{"background-color":"var(--ast-global-color-5)","background-image":"","background-repeat":"repeat","background-position":"center center","background-size":"auto","background-attachment":"scroll","background-type":"","background-media":"","overlay-type":"","overlay-color":"","overlay-opacity":"","overlay-gradient":""},"mobile":{"background-color":"var(--ast-global-color-5)","background-image":"","background-repeat":"repeat","background-position":"center center","background-size":"auto","background-attachment":"scroll","background-type":"","background-media":"","overlay-type":"","overlay-color":"","overlay-opacity":"","overlay-gradient":""}}},"product_brand":[],"product_cat":[65,34],"product_tag":[79,80,81,82],"class_list":{"0":"post-3767","1":"product","2":"type-product","3":"status-publish","4":"has-post-thumbnail","6":"product_cat-atccnc","7":"product_cat-nesting","8":"product_tag-4-axis-atc-cnc-router","9":"product_tag-4-axis-cnc-router","10":"product_tag-510-atc-cnc-router","11":"product_tag-atc-cnc-router-4-axis","12":"desktop-align-left","13":"tablet-align-left","14":"mobile-align-left","15":"ast-product-gallery-layout-horizontal-slider","16":"ast-product-gallery-with-no-image","17":"ast-product-tabs-layout-horizontal","19":"first","20":"instock","21":"featured","22":"shipping-taxable","23":"product-type-simple"},"uagb_featured_image_src":{"full":["https:\/\/wisecnclaser.com\/wp-content\/uploads\/2025\/05\/3d05f7882eba273135b702ee388916ef.png",1082,1078,false],"thumbnail":["https:\/\/wisecnclaser.com\/wp-content\/uploads\/2025\/05\/3d05f7882eba273135b702ee388916ef-150x150.png",150,150,true],"medium":["https:\/\/wisecnclaser.com\/wp-content\/uploads\/2025\/05\/3d05f7882eba273135b702ee388916ef-300x300.png",300,300,true],"medium_large":["https:\/\/wisecnclaser.com\/wp-content\/uploads\/2025\/05\/3d05f7882eba273135b702ee388916ef-768x765.png",768,765,true],"large":["https:\/\/wisecnclaser.com\/wp-content\/uploads\/2025\/05\/3d05f7882eba273135b702ee388916ef-1024x1020.png",1024,1020,true],"1536x1536":["https:\/\/wisecnclaser.com\/wp-content\/uploads\/2025\/05\/3d05f7882eba273135b702ee388916ef.png",1082,1078,false],"2048x2048":["https:\/\/wisecnclaser.com\/wp-content\/uploads\/2025\/05\/3d05f7882eba273135b702ee388916ef.png",1082,1078,false],"trp-custom-language-flag":["https:\/\/wisecnclaser.com\/wp-content\/uploads\/2025\/05\/3d05f7882eba273135b702ee388916ef-12x12.png",12,12,true],"woocommerce_thumbnail":["https:\/\/wisecnclaser.com\/wp-content\/uploads\/2025\/05\/3d05f7882eba273135b702ee388916ef-300x300.png",300,300,true],"woocommerce_single":["https:\/\/wisecnclaser.com\/wp-content\/uploads\/2025\/05\/3d05f7882eba273135b702ee388916ef-600x598.png",600,598,true],"woocommerce_gallery_thumbnail":["https:\/\/wisecnclaser.com\/wp-content\/uploads\/2025\/05\/3d05f7882eba273135b702ee388916ef-100x100.png",100,100,true]},"uagb_author_info":{"display_name":"jinxing6611@gmail.com","author_link":"https:\/\/wisecnclaser.com\/pl\/author\/"},"uagb_comment_info":0,"uagb_excerpt":"ATC CNC Router: Multi-functional CNC system with automatic tool changer for precision cutting in wood, acrylic, and aluminum. Features: 1.The whole machine body is made from 8MM steel seamless welding tempering aging treatment, rigid, no deformation. 2.Servo motor, high precision and high speed. 3. Taiwan square rail guide, smooth operation,\u00a0more\u00a0stable high precision, long life. 4.\u00a09KW&hellip;","_links":{"self":[{"href":"https:\/\/wisecnclaser.com\/pl\/wp-json\/wp\/v2\/product\/3767","targetHints":{"allow":["GET"]}}],"collection":[{"href":"https:\/\/wisecnclaser.com\/pl\/wp-json\/wp\/v2\/product"}],"about":[{"href":"https:\/\/wisecnclaser.com\/pl\/wp-json\/wp\/v2\/types\/product"}],"wp:featuredmedia":[{"embeddable":true,"href":"https:\/\/wisecnclaser.com\/pl\/wp-json\/wp\/v2\/media\/3770"}],"wp:attachment":[{"href":"https:\/\/wisecnclaser.com\/pl\/wp-json\/wp\/v2\/media?parent=3767"}],"wp:term":[{"taxonomy":"product_brand","embeddable":true,"href":"https:\/\/wisecnclaser.com\/pl\/wp-json\/wp\/v2\/product_brand?post=3767"},{"taxonomy":"product_cat","embeddable":true,"href":"https:\/\/wisecnclaser.com\/pl\/wp-json\/wp\/v2\/product_cat?post=3767"},{"taxonomy":"product_tag","embeddable":true,"href":"https:\/\/wisecnclaser.com\/pl\/wp-json\/wp\/v2\/product_tag?post=3767"}],"curies":[{"name":"wp","href":"https:\/\/api.w.org\/{rel}","templated":true}]}}