{"id":4051,"date":"2025-06-25T02:02:27","date_gmt":"2025-06-25T02:02:27","guid":{"rendered":"https:\/\/wisecnclaser.com\/?post_type=product&#038;p=4051"},"modified":"2025-06-25T02:02:27","modified_gmt":"2025-06-25T02:02:27","slug":"high-precision-atc-cnc-router-for-complex-designs","status":"publish","type":"product","link":"https:\/\/wisecnclaser.com\/pl\/produkt\/high-precision-atc-cnc-router-for-complex-designs\/","title":{"rendered":"Precyzyjny ploter CNC ATC do z\u0142o\u017conych projekt\u00f3w"},"content":{"rendered":"<p><strong>Odblokuj niezr\u00f3wnane mo\u017cliwo\u015bci w zakresie skomplikowanej obr\u00f3bki drewna i produkcji przemys\u0142owej<\/strong><\/p>\n<p>Poznaj ploter CNC ATC nowej generacji zaprojektowany z my\u015bl\u0105 o doskona\u0142o\u015bci w z\u0142o\u017conych projektach 3D. Nasz system klasy przemys\u0142owej \u0142\u0105czy dok\u0142adno\u015b\u0107 na poziomie mikron\u00f3w z technologi\u0105 automatycznej wymiany narz\u0119dzi, zapewniaj\u0105c bezb\u0142\u0119dne rezultaty w przypadku drewna, kompozyt\u00f3w i metali.<\/p>\n<p>&nbsp;<\/p>\n<p><strong>G\u0142\u00f3wne zalety:<\/strong><\/p>\n<p>Prawdziwa pot\u0119ga produkcyjna: Jako dedykowany produkcyjny ploter ATC CNC przetwarza aluminium, tworzywa sztuczne i kompozyty z pr\u0119dko\u015bci\u0105 produkcyjn\u0105 (powtarzalno\u015b\u0107 0,01 mm).<\/p>\n<p>Precyzja w obr\u00f3bce drewna: Najlepsza frezarka CNC ATC do obr\u00f3bki drewna do skomplikowanych rze\u017ab, stolarki i element\u00f3w architektonicznych z precyzyjnym wrzecionem 24K obr.<\/p>\n<p>Kompleksowe mistrzostwo w projektowaniu: Wykonywanie wieloetapowych projekt\u00f3w bez nadzoru dzi\u0119ki automatycznej zmianie narz\u0119dzi (ponad 12 narz\u0119dzi); idealne do form, prototyp\u00f3w i artystycznych geometrii<\/p>\n<p>Bezkompromisowa wydajno\u015b\u0107: Wytrzyma\u0142a stalowa rama; Gotowo\u015b\u0107 do pracy w 5 osiach; Wbudowana kalibracja narz\u0119dzi;<\/p>\n<p>70% Szybsza produkcja: Eliminacja r\u0119cznej wymiany narz\u0119dzi i pracy w trybie \"light-out<\/p>\n<p>&nbsp;<\/p>\n<p><strong>Wiod\u0105ce w bran\u017cy specyfikacje:<\/strong><\/p>\n<p>+\/-0,01 mm Dok\u0142adno\u015b\u0107 pozycjonowania<\/p>\n<p>12-stanowiskowa automatyczna zmieniarka narz\u0119dzi (ATC)<\/p>\n<p>Wrzeciono HSD o mocy 9 kW (24 000 obr.\/min) lub wrzeciono HQD<\/p>\n<p>Sztywny st\u00f3\u0142 podci\u015bnieniowy + zaawansowana kontrola zapylenia<\/p>\n<p>Standardowy obszar roboczy 1300x2500 mm<\/p>\n<p>&nbsp;<\/p>\n<p><strong>Idealny dla:<\/strong><\/p>\n<p>- Wysokiej klasy producenci szafek i mebli (obr\u00f3bka drewna ATC CNC router)<\/p>\n<p>- Produkcja komponent\u00f3w lotniczych i motoryzacyjnych (produkcja ploter\u00f3w ATC CNC)<\/p>\n<p>- Studia oznakowania | Laboratoria prototypowania | Producenci metali na zam\u00f3wienie<\/p>\n<p>&nbsp;<\/p>\n<p><strong>Parametry techniczne plotera CNC 4*8 ATC:<\/strong><\/p>\n<table>\n<tbody>\n<tr>\n<td width=\"414\">X Y Z OBSZAR ROBOCZY<\/td>\n<td width=\"941\">1300mm*2500mm*200mm<\/td>\n<\/tr>\n<tr>\n<td width=\"414\">STRUKTURA BLATU<\/td>\n<td width=\"941\">Pr\u00f3\u017cniowy st\u00f3\u0142 adsorpcyjny<\/td>\n<\/tr>\n<tr>\n<td width=\"414\">KOD POLECENIA<\/td>\n<td width=\"941\">Kod G<\/td>\n<\/tr>\n<tr>\n<td width=\"414\">STRUKTURA OSI XYZ<\/td>\n<td width=\"941\">Szyna rackowa X\/Y; Szyna \u015brubowa Z<\/td>\n<\/tr>\n<tr>\n<td width=\"414\">MOC WEJ\u015aCIOWA<\/td>\n<td width=\"941\">11KW<\/td>\n<\/tr>\n<tr>\n<td width=\"414\">MOC<\/td>\n<td width=\"941\">AC380V \/ 50Hz<\/td>\n<\/tr>\n<tr>\n<td width=\"414\">SPINDLE<\/td>\n<td width=\"941\">Wrzeciono ch\u0142odzone powietrzem HQD 9kw \/ wrzeciono ch\u0142odzone powietrzem HQD 9kw<\/td>\n<\/tr>\n<tr>\n<td width=\"414\">PR\u0118DKO\u015a\u0106 OBROTOWA WRZECIONA<\/td>\n<td width=\"941\">18000 obr\/min \/ 24000 obr\/min<\/td>\n<\/tr>\n<tr>\n<td width=\"414\">INVERTER<\/td>\n<td width=\"941\">Falownik 11 kW<\/td>\n<\/tr>\n<tr>\n<td width=\"414\">SILNIK NAP\u0118DOWY<\/td>\n<td width=\"941\">Silnik serwo 750 W<\/td>\n<\/tr>\n<tr>\n<td width=\"414\">SYSTEM STEROWANIA<\/td>\n<td width=\"941\">Tajwan LNC<\/td>\n<\/tr>\n<tr>\n<td width=\"414\">POMPA PR\u00d3\u017bNIOWA<\/td>\n<td width=\"941\">Pompa powietrza 7,5 kW<\/td>\n<\/tr>\n<tr>\n<td width=\"414\">SZYNA LINIOWA<\/td>\n<td width=\"941\">Tajwan 25<\/td>\n<\/tr>\n<tr>\n<td width=\"414\">WAGA<\/td>\n<td width=\"941\">2500KGS<\/td>\n<\/tr>\n<tr>\n<td width=\"414\">ROZMIAR<\/td>\n<td width=\"941\">L3500mm*W2200*H2100<\/td>\n<\/tr>\n<\/tbody>\n<\/table>","protected":false},"excerpt":{"rendered":"<p>Unlock Unmatched Capability for Intricate Woodworking &amp; Industrial Manufacturing Meet the next generation ATC CNC Router engineered for perfection in complex 3D designs. Our industrial-grade system combines micron-level accuracy with automated tool-changing technology ; delivering flawless results across wood, composites, and metals. &nbsp; Key Advantages: True Manufacturing Powerhouse: As a dedicated manufacturing ATC CNC router, [&hellip;]<\/p>\n","protected":false},"featured_media":4054,"template":"","meta":{"_seopress_robots_primary_cat":"none","_seopress_titles_title":"%%post_title%% %%sitetitle%%","_seopress_titles_desc":"","_seopress_robots_index":"","_uag_custom_page_level_css":"","site-sidebar-layout":"default","site-content-layout":"","ast-site-content-layout":"default","site-content-style":"default","site-sidebar-style":"default","ast-global-header-display":"","ast-banner-title-visibility":"","ast-main-header-display":"","ast-hfb-above-header-display":"","ast-hfb-below-header-display":"","ast-hfb-mobile-header-display":"","site-post-title":"","ast-breadcrumbs-content":"","ast-featured-img":"","footer-sml-layout":"","ast-disable-related-posts":"","theme-transparent-header-meta":"default","adv-header-id-meta":"","stick-header-meta":"default","header-above-stick-meta":"","header-main-stick-meta":"","header-below-stick-meta":"","astra-migrate-meta-layouts":"set","ast-page-background-enabled":"default","ast-page-background-meta":{"desktop":{"background-color":"","background-image":"","background-repeat":"repeat","background-position":"center center","background-size":"auto","background-attachment":"scroll","background-type":"","background-media":"","overlay-type":"","overlay-color":"","overlay-opacity":"","overlay-gradient":""},"tablet":{"background-color":"","background-image":"","background-repeat":"repeat","background-position":"center center","background-size":"auto","background-attachment":"scroll","background-type":"","background-media":"","overlay-type":"","overlay-color":"","overlay-opacity":"","overlay-gradient":""},"mobile":{"background-color":"","background-image":"","background-repeat":"repeat","background-position":"center center","background-size":"auto","background-attachment":"scroll","background-type":"","background-media":"","overlay-type":"","overlay-color":"","overlay-opacity":"","overlay-gradient":""}},"ast-content-background-meta":{"desktop":{"background-color":"var(--ast-global-color-5)","background-image":"","background-repeat":"repeat","background-position":"center center","background-size":"auto","background-attachment":"scroll","background-type":"","background-media":"","overlay-type":"","overlay-color":"","overlay-opacity":"","overlay-gradient":""},"tablet":{"background-color":"var(--ast-global-color-5)","background-image":"","background-repeat":"repeat","background-position":"center center","background-size":"auto","background-attachment":"scroll","background-type":"","background-media":"","overlay-type":"","overlay-color":"","overlay-opacity":"","overlay-gradient":""},"mobile":{"background-color":"var(--ast-global-color-5)","background-image":"","background-repeat":"repeat","background-position":"center center","background-size":"auto","background-attachment":"scroll","background-type":"","background-media":"","overlay-type":"","overlay-color":"","overlay-opacity":"","overlay-gradient":""}}},"product_brand":[],"product_cat":[65],"product_tag":[72,71,70,73],"class_list":{"0":"post-4051","1":"product","2":"type-product","3":"status-publish","4":"has-post-thumbnail","6":"product_cat-atccnc","7":"product_tag-48-atc-cnc-router","8":"product_tag-atc-cnc-router","9":"product_tag-cnc-router","10":"product_tag-linear-atc-cnc-router","11":"desktop-align-left","12":"tablet-align-left","13":"mobile-align-left","14":"ast-product-gallery-layout-horizontal-slider","15":"ast-product-gallery-with-no-image","16":"ast-product-tabs-layout-horizontal","18":"first","19":"instock","20":"shipping-taxable","21":"product-type-simple"},"uagb_featured_image_src":{"full":["https:\/\/wisecnclaser.com\/wp-content\/uploads\/2025\/06\/\u5fae\u4fe1\u56fe\u7247_20240626151355.jpg",1706,1280,false],"thumbnail":["https:\/\/wisecnclaser.com\/wp-content\/uploads\/2025\/06\/\u5fae\u4fe1\u56fe\u7247_20240626151355-150x150.jpg",150,150,true],"medium":["https:\/\/wisecnclaser.com\/wp-content\/uploads\/2025\/06\/\u5fae\u4fe1\u56fe\u7247_20240626151355-300x225.jpg",300,225,true],"medium_large":["https:\/\/wisecnclaser.com\/wp-content\/uploads\/2025\/06\/\u5fae\u4fe1\u56fe\u7247_20240626151355-768x576.jpg",768,576,true],"large":["https:\/\/wisecnclaser.com\/wp-content\/uploads\/2025\/06\/\u5fae\u4fe1\u56fe\u7247_20240626151355-1024x768.jpg",1024,768,true],"1536x1536":["https:\/\/wisecnclaser.com\/wp-content\/uploads\/2025\/06\/\u5fae\u4fe1\u56fe\u7247_20240626151355-1536x1152.jpg",1536,1152,true],"2048x2048":["https:\/\/wisecnclaser.com\/wp-content\/uploads\/2025\/06\/\u5fae\u4fe1\u56fe\u7247_20240626151355.jpg",1706,1280,false],"trp-custom-language-flag":["https:\/\/wisecnclaser.com\/wp-content\/uploads\/2025\/06\/\u5fae\u4fe1\u56fe\u7247_20240626151355-16x12.jpg",16,12,true],"woocommerce_thumbnail":["https:\/\/wisecnclaser.com\/wp-content\/uploads\/2025\/06\/\u5fae\u4fe1\u56fe\u7247_20240626151355-300x300.jpg",300,300,true],"woocommerce_single":["https:\/\/wisecnclaser.com\/wp-content\/uploads\/2025\/06\/\u5fae\u4fe1\u56fe\u7247_20240626151355-600x450.jpg",600,450,true],"woocommerce_gallery_thumbnail":["https:\/\/wisecnclaser.com\/wp-content\/uploads\/2025\/06\/\u5fae\u4fe1\u56fe\u7247_20240626151355-100x100.jpg",100,100,true]},"uagb_author_info":{"display_name":"jinxing6611@gmail.com","author_link":"https:\/\/wisecnclaser.com\/pl\/author\/"},"uagb_comment_info":0,"uagb_excerpt":"Unlock Unmatched Capability for Intricate Woodworking &amp; Industrial Manufacturing Meet the next generation ATC CNC Router engineered for perfection in complex 3D designs. Our industrial-grade system combines micron-level accuracy with automated tool-changing technology ; delivering flawless results across wood, composites, and metals. &nbsp; Key Advantages: True Manufacturing Powerhouse: As a dedicated manufacturing ATC CNC router,&hellip;","_links":{"self":[{"href":"https:\/\/wisecnclaser.com\/pl\/wp-json\/wp\/v2\/product\/4051","targetHints":{"allow":["GET"]}}],"collection":[{"href":"https:\/\/wisecnclaser.com\/pl\/wp-json\/wp\/v2\/product"}],"about":[{"href":"https:\/\/wisecnclaser.com\/pl\/wp-json\/wp\/v2\/types\/product"}],"wp:featuredmedia":[{"embeddable":true,"href":"https:\/\/wisecnclaser.com\/pl\/wp-json\/wp\/v2\/media\/4054"}],"wp:attachment":[{"href":"https:\/\/wisecnclaser.com\/pl\/wp-json\/wp\/v2\/media?parent=4051"}],"wp:term":[{"taxonomy":"product_brand","embeddable":true,"href":"https:\/\/wisecnclaser.com\/pl\/wp-json\/wp\/v2\/product_brand?post=4051"},{"taxonomy":"product_cat","embeddable":true,"href":"https:\/\/wisecnclaser.com\/pl\/wp-json\/wp\/v2\/product_cat?post=4051"},{"taxonomy":"product_tag","embeddable":true,"href":"https:\/\/wisecnclaser.com\/pl\/wp-json\/wp\/v2\/product_tag?post=4051"}],"curies":[{"name":"wp","href":"https:\/\/api.w.org\/{rel}","templated":true}]}}