{"id":4078,"date":"2025-07-10T03:24:45","date_gmt":"2025-07-10T03:24:45","guid":{"rendered":"https:\/\/wisecnclaser.com\/?post_type=product&#038;p=4078"},"modified":"2025-11-19T01:46:01","modified_gmt":"2025-11-19T01:46:01","slug":"ws1322-low-cost-cnc-foam-cutter-for-startups","status":"publish","type":"product","link":"https:\/\/wisecnclaser.com\/pl\/produkt\/ws1322-low-cost-cnc-foam-cutter-for-startups\/","title":{"rendered":"WS1322 Tania wycinarka CNC do pianki dla startup\u00f3w"},"content":{"rendered":"<p>Niedrogie ci\u0119cie pianki CNC dla startup\u00f3w Lean<\/p>\n<p>&nbsp;<\/p>\n<p>Masz do\u015b\u0107 outsourcingu prototyp\u00f3w? Precyzyjne ci\u0119cie pianki we w\u0142asnym zakresie, bez konieczno\u015bci ponoszenia koszt\u00f3w przemys\u0142owych. Wycinarka do styropianu z gor\u0105cym drutem WS1322 zapewnia profesjonalne mo\u017cliwo\u015bci CNC w przyst\u0119pnej cenie.<\/p>\n<p>&nbsp;<\/p>\n<p>Dlaczego startupy uwielbiaj\u0105 przecinark\u0119 do gor\u0105cego drutu WS1322?<\/p>\n<p>&nbsp;<\/p>\n<p>Radykalnie przyst\u0119pna cena:\u2153 koszt\u00f3w system\u00f3w przemys\u0142owych. Zwrot z inwestycji w ci\u0105gu tygodni, a nie lat.<\/p>\n<p>Konstrukcja zapewniaj\u0105ca oszcz\u0119dno\u015b\u0107 miejsca: Pasuje do gara\u017cy, ma\u0142ych warsztat\u00f3w lub przestrzeni dla tw\u00f3rc\u00f3w (obszar roboczy 1300 * 2200 mm).<\/p>\n<p>Szybkie prototypowanie: Zamie\u0144 pliki CAD (DXF, SVG) w fizyczne cz\u0119\u015bci EPS\/XPS\/pianka poliuretanowa w ci\u0105gu kilku godzin.<\/p>\n<p>Prostota typu \"pod\u0142\u0105cz i wytnij\": Intuicyjne oprogramowanie + automatyczna kalibracja - nie wymaga specjalistycznej wiedzy CNC.<\/p>\n<p>Precyzja drutu na gor\u0105co:Tw\u00f3rz g\u0142adkie, z\u0142o\u017cone kszta\u0142ty dla samolot\u00f3w RC, opakowa\u0144, modeli architektonicznych i wy\u015bwietlaczy.<\/p>\n<p>Wsparcie gotowe do uruchomienia: Dedykowane samouczki, czat na \u017cywo i modu\u0142owe aktualizacje.<\/p>\n<p>&nbsp;<\/p>\n<p>Idealne dla:<\/p>\n<p>Prototypowanie produkt\u00f3w<\/p>\n<p>Modele architektoniczne<\/p>\n<p>Komponenty do dron\u00f3w i RC<\/p>\n<p>Niestandardowe wk\u0142adki do opakowa\u0144<\/p>\n<p>Produkcja wystaw i ekspozytor\u00f3w<\/p>\n<p>Piankowa litera i piankowy rekwizyt<\/p>\n<p>&nbsp;<\/p>\n<p>Parametr techniczny 5-osiowej maszyny do ci\u0119cia pianki 3D WS1322:<\/p>\n<table>\n<tbody>\n<tr>\n<td colspan=\"2\" width=\"1182\">5-osiowa maszyna do ci\u0119cia pianki gor\u0105cym drutem<\/td>\n<\/tr>\n<tr>\n<td width=\"218\">Pozycja<\/td>\n<td width=\"963\">Parametr techniczny<\/td>\n<\/tr>\n<tr>\n<td width=\"218\">Oprogramowanie<\/td>\n<td width=\"963\">Profesjonalne oprogramowanie CAD<\/td>\n<\/tr>\n<tr>\n<td width=\"218\">System jazdy<\/td>\n<td width=\"963\">Silnik krokowy model 86 + sterownik 860H<\/td>\n<\/tr>\n<tr>\n<td width=\"218\">Moc robocza<\/td>\n<td width=\"963\">220V\/380V<\/td>\n<\/tr>\n<tr>\n<td width=\"218\">Kierowca<\/td>\n<td width=\"963\">Chi\u0144ska marka\/kailida<\/td>\n<\/tr>\n<tr>\n<td width=\"218\">Stycznik AC<\/td>\n<td width=\"963\">Delixi\/Chint<\/td>\n<\/tr>\n<tr>\n<td width=\"218\">Przeka\u017anik<\/td>\n<td width=\"963\">Delixi\/Chint<\/td>\n<\/tr>\n<tr>\n<td width=\"218\">Prze\u0142\u0105czniki<\/td>\n<td width=\"963\">Delixi\/Chint<\/td>\n<\/tr>\n<tr>\n<td width=\"218\">Kabel elektryczny<\/td>\n<td width=\"963\">Zastosuj wysoce elastyczny ekranowany kabel i wysokowytrzyma\u0142e okablowanie klasy przemys\u0142owej.<\/td>\n<\/tr>\n<tr>\n<td width=\"218\">Gantry<\/td>\n<td width=\"963\">Para suwnic pionowych bez os\u0142ony pionowej do ci\u0119cia pojedynczego drutu<\/td>\n<\/tr>\n<tr>\n<td width=\"218\">St\u00f3\u0142 obrotowy<\/td>\n<td width=\"963\">do ci\u0119cia 3D<\/td>\n<\/tr>\n<tr>\n<td width=\"218\">Kontroler<\/td>\n<td width=\"963\">\u00a0kontroler usb cnc<\/td>\n<\/tr>\n<tr>\n<td width=\"218\">Kontrola<\/td>\n<td width=\"963\">Zale\u017cne sterowanie elektryczne<\/td>\n<\/tr>\n<tr>\n<td width=\"218\">Transmisja<\/td>\n<td width=\"963\">Przek\u0142adnia \u015brubowa<\/td>\n<\/tr>\n<tr>\n<td width=\"218\">Rama maszyny<\/td>\n<td width=\"963\">Spawana rama stalowa<\/td>\n<\/tr>\n<\/tbody>\n<\/table>\n<p>&nbsp;<\/p>\n<table>\n<tbody>\n<tr>\n<td width=\"218\">Transformator maszynowy<\/td>\n<td width=\"963\">Profesjonalny transformator do ci\u0119cia pianki gor\u0105cym drutem<\/td>\n<\/tr>\n<tr>\n<td width=\"218\">Korpus ramy<\/td>\n<td width=\"963\">Spawana rama stalowa<\/td>\n<\/tr>\n<\/tbody>\n<\/table>\n<p>Przesta\u0144 czeka\u0107. Zacznij tworzy\u0107.<\/p>\n<p>Wycinarka do styropianu z gor\u0105cym drutem WS1322: Skr\u00f3t od koncepcji do fizycznego prototypu.<\/p>\n<p>&nbsp;<\/p>\n<p><strong><b>5<\/b><\/strong><strong><b>\u00a0Parametr maszyny do ci\u0119cia pianki gor\u0105cym drutem osiowym<\/b><\/strong><\/p>\n<p>Efektywny rozmiar ci\u0119cia: 22ppmm*1300*1250mm (d\u0142ugo\u015b\u0107*szeroko\u015b\u0107*wysoko\u015b\u0107)<\/p>\n<p>Rozmiar roboczy osi X: 1300 mm<\/p>\n<p>Rozmiar roboczy osi Y: 2200 mm<\/p>\n<p>Precyzja ci\u0119cia: +\/-0,2 mm (zale\u017cy od materia\u0142u gor\u0105cego drutu, \u015brodowiska i wilgotno\u015bci pianki itp.)<\/p>\n<p>Konstrukcja sto\u0142u roboczego: spawana gruba rura stalowa (\u22652,0 mm)<\/p>\n<p>Moc robocza: AC220 50HZ\/ AC380V<\/p>\n<p>Gantry: szersze i grubsze aluminium \uff08\u22652,0 mm\uff09<\/p>\n<p>&nbsp;<\/p>\n<p><strong><b>G\u0142\u00f3wny<\/b><\/strong><strong><b> Cz\u0119\u015bci zamienne do podstawowej przecinarki do pianki:<\/b><\/strong><\/p>\n<p>System prowadz\u0105cy: Liniowa szyna okr\u0105g\u0142a SBR<\/p>\n<p>Przek\u0142adnia \u015brubowa: precyzyjna \u015bruba kulowa TBI<\/p>\n<p>Silnik nap\u0119dowy: szybki silnik krokowy<\/p>\n<p>Szafa sterownicza: nowa szafa przystosowana do eksportu<\/p>\n<p>St\u00f3\u0142 roboczy: 18 mm p\u0142yta MDF o wysokiej g\u0119sto\u015bci<\/p>\n<p>Kontroler: nowy kontroler przemys\u0142owy<\/p>\n<p>System ogrzewania: Moc 3kw<\/p>\n<p>Kable: wysoce elastyczny i trwa\u0142y kabel ekranowany<\/p>\n<div class=\"ast-oembed-container\" style=\"height: 100%;\"><iframe title=\"Maszyna do ci\u0119cia pianki cnc z gor\u0105cym drutem, wycinarka cnc do pianki 2d 3d 4d eps, wycinarka cnc do pianki, 5-osiowa maszyna do pianki\" width=\"500\" height=\"281\" src=\"https:\/\/www.youtube.com\/embed\/9-fhBUUosA8?feature=oembed\" frameborder=\"0\" allow=\"accelerometer; autoplay; clipboard-write; encrypted-media; gyroscope; picture-in-picture; web-share\" referrerpolicy=\"strict-origin-when-cross-origin\" allowfullscreen><\/iframe><\/div>","protected":false},"excerpt":{"rendered":"<p>Affordable CNC Foam Cutting for Lean Startups &nbsp; Tired of outsourcing prototypes? Bring precision foam cutting in-house without industrial price tags. The WS1322 hot wire polystyrene foam cutter delivers professional CNC capabilities at a startup-friendly price. &nbsp; Why Startups Love WS1322 hot wire cutter? &nbsp; Radically Affordable:\u2153 the cost of industrial systems. ROI in weeks, [&hellip;]<\/p>\n","protected":false},"featured_media":4010,"template":"","meta":{"_seopress_robots_primary_cat":"none","_seopress_titles_title":"%%post_title%% %%sitetitle%%","_seopress_titles_desc":"","_seopress_robots_index":"","_uag_custom_page_level_css":"","site-sidebar-layout":"default","site-content-layout":"","ast-site-content-layout":"default","site-content-style":"default","site-sidebar-style":"default","ast-global-header-display":"","ast-banner-title-visibility":"","ast-main-header-display":"","ast-hfb-above-header-display":"","ast-hfb-below-header-display":"","ast-hfb-mobile-header-display":"","site-post-title":"","ast-breadcrumbs-content":"","ast-featured-img":"","footer-sml-layout":"","ast-disable-related-posts":"","theme-transparent-header-meta":"default","adv-header-id-meta":"","stick-header-meta":"default","header-above-stick-meta":"","header-main-stick-meta":"","header-below-stick-meta":"","astra-migrate-meta-layouts":"set","ast-page-background-enabled":"default","ast-page-background-meta":{"desktop":{"background-color":"","background-image":"","background-repeat":"repeat","background-position":"center center","background-size":"auto","background-attachment":"scroll","background-type":"","background-media":"","overlay-type":"","overlay-color":"","overlay-opacity":"","overlay-gradient":""},"tablet":{"background-color":"","background-image":"","background-repeat":"repeat","background-position":"center center","background-size":"auto","background-attachment":"scroll","background-type":"","background-media":"","overlay-type":"","overlay-color":"","overlay-opacity":"","overlay-gradient":""},"mobile":{"background-color":"","background-image":"","background-repeat":"repeat","background-position":"center center","background-size":"auto","background-attachment":"scroll","background-type":"","background-media":"","overlay-type":"","overlay-color":"","overlay-opacity":"","overlay-gradient":""}},"ast-content-background-meta":{"desktop":{"background-color":"var(--ast-global-color-5)","background-image":"","background-repeat":"repeat","background-position":"center center","background-size":"auto","background-attachment":"scroll","background-type":"","background-media":"","overlay-type":"","overlay-color":"","overlay-opacity":"","overlay-gradient":""},"tablet":{"background-color":"var(--ast-global-color-5)","background-image":"","background-repeat":"repeat","background-position":"center center","background-size":"auto","background-attachment":"scroll","background-type":"","background-media":"","overlay-type":"","overlay-color":"","overlay-opacity":"","overlay-gradient":""},"mobile":{"background-color":"var(--ast-global-color-5)","background-image":"","background-repeat":"repeat","background-position":"center center","background-size":"auto","background-attachment":"scroll","background-type":"","background-media":"","overlay-type":"","overlay-color":"","overlay-opacity":"","overlay-gradient":""}}},"product_brand":[],"product_cat":[43],"product_tag":[90,86,89,87,88],"class_list":{"0":"post-4078","1":"product","2":"type-product","3":"status-publish","4":"has-post-thumbnail","6":"product_cat-foam","7":"product_tag-3d-cnc-foam-cutter","8":"product_tag-3d-foam-cutting-machine","9":"product_tag-3d-hot-wire-foam-cutter","10":"product_tag-5-axis-foam-cutting-machine","11":"product_tag-hot-wire-foam-cutting-machine","12":"desktop-align-left","13":"tablet-align-left","14":"mobile-align-left","15":"ast-product-gallery-layout-horizontal-slider","16":"ast-product-gallery-with-no-image","17":"ast-product-tabs-layout-horizontal","19":"first","20":"instock","21":"featured","22":"shipping-taxable","23":"product-type-simple"},"uagb_featured_image_src":{"full":["https:\/\/wisecnclaser.com\/wp-content\/uploads\/2025\/05\/5-axis-foam-cutter.png",1080,1080,false],"thumbnail":["https:\/\/wisecnclaser.com\/wp-content\/uploads\/2025\/05\/5-axis-foam-cutter-150x150.png",150,150,true],"medium":["https:\/\/wisecnclaser.com\/wp-content\/uploads\/2025\/05\/5-axis-foam-cutter-300x300.png",300,300,true],"medium_large":["https:\/\/wisecnclaser.com\/wp-content\/uploads\/2025\/05\/5-axis-foam-cutter-768x768.png",768,768,true],"large":["https:\/\/wisecnclaser.com\/wp-content\/uploads\/2025\/05\/5-axis-foam-cutter-1024x1024.png",1024,1024,true],"1536x1536":["https:\/\/wisecnclaser.com\/wp-content\/uploads\/2025\/05\/5-axis-foam-cutter.png",1080,1080,false],"2048x2048":["https:\/\/wisecnclaser.com\/wp-content\/uploads\/2025\/05\/5-axis-foam-cutter.png",1080,1080,false],"trp-custom-language-flag":["https:\/\/wisecnclaser.com\/wp-content\/uploads\/2025\/05\/5-axis-foam-cutter-12x12.png",12,12,true],"woocommerce_thumbnail":["https:\/\/wisecnclaser.com\/wp-content\/uploads\/2025\/05\/5-axis-foam-cutter-300x300.png",300,300,true],"woocommerce_single":["https:\/\/wisecnclaser.com\/wp-content\/uploads\/2025\/05\/5-axis-foam-cutter-600x600.png",600,600,true],"woocommerce_gallery_thumbnail":["https:\/\/wisecnclaser.com\/wp-content\/uploads\/2025\/05\/5-axis-foam-cutter-100x100.png",100,100,true]},"uagb_author_info":{"display_name":"jinxing6611@gmail.com","author_link":"https:\/\/wisecnclaser.com\/pl\/author\/"},"uagb_comment_info":0,"uagb_excerpt":"Affordable CNC Foam Cutting for Lean Startups &nbsp; Tired of outsourcing prototypes? Bring precision foam cutting in-house without industrial price tags. The WS1322 hot wire polystyrene foam cutter delivers professional CNC capabilities at a startup-friendly price. &nbsp; Why Startups Love WS1322 hot wire cutter? &nbsp; Radically Affordable:\u2153 the cost of industrial systems. ROI in weeks,&hellip;","_links":{"self":[{"href":"https:\/\/wisecnclaser.com\/pl\/wp-json\/wp\/v2\/product\/4078","targetHints":{"allow":["GET"]}}],"collection":[{"href":"https:\/\/wisecnclaser.com\/pl\/wp-json\/wp\/v2\/product"}],"about":[{"href":"https:\/\/wisecnclaser.com\/pl\/wp-json\/wp\/v2\/types\/product"}],"wp:featuredmedia":[{"embeddable":true,"href":"https:\/\/wisecnclaser.com\/pl\/wp-json\/wp\/v2\/media\/4010"}],"wp:attachment":[{"href":"https:\/\/wisecnclaser.com\/pl\/wp-json\/wp\/v2\/media?parent=4078"}],"wp:term":[{"taxonomy":"product_brand","embeddable":true,"href":"https:\/\/wisecnclaser.com\/pl\/wp-json\/wp\/v2\/product_brand?post=4078"},{"taxonomy":"product_cat","embeddable":true,"href":"https:\/\/wisecnclaser.com\/pl\/wp-json\/wp\/v2\/product_cat?post=4078"},{"taxonomy":"product_tag","embeddable":true,"href":"https:\/\/wisecnclaser.com\/pl\/wp-json\/wp\/v2\/product_tag?post=4078"}],"curies":[{"name":"wp","href":"https:\/\/api.w.org\/{rel}","templated":true}]}}