{"id":4158,"date":"2025-09-05T01:00:22","date_gmt":"2025-09-05T01:00:22","guid":{"rendered":"https:\/\/wisecnclaser.com\/?post_type=product&#038;p=4158"},"modified":"2025-09-05T01:00:23","modified_gmt":"2025-09-05T01:00:23","slug":"plasma-cutting-machine","status":"publish","type":"product","link":"https:\/\/wisecnclaser.com\/pl\/produkt\/plasma-cutting-machine\/","title":{"rendered":"Maszyna do ci\u0119cia plazmowego typu Gantry do ci\u0119cia grubej stali metalowej"},"content":{"rendered":"<h2>Wysokowydajne rozwi\u0105zanie do ci\u0119cia metalu<\/h2>\n<p>Do\u015bwiadcz niezr\u00f3wnanej precyzji i wydajno\u015bci dzi\u0119ki naszej przecinarce plazmowej typu Gantry, zaprojektowanej do ci\u0119cia grubych metali i produkcji stali. Niezale\u017cnie od tego, czy zajmujesz si\u0119 projektami przemys\u0142owymi, czy specjalistycznymi zadaniami, ta maszyna jest wyposa\u017cona tak, aby zapewni\u0107 doskona\u0142e wyniki.<\/p>\n<p>Wyposa\u017cona w g\u0142owic\u0119 do ci\u0119cia plazmowego 200A, zapewnia precyzyjne ci\u0119cie metali o grubo\u015bci do 20 mm. W przypadku wi\u0119kszych wymaga\u0144, zintegrowana g\u0142owica do ci\u0119cia p\u0142omieniowego bez trudu przecina metale o grubo\u015bci do 300 mm, co czyni j\u0105 niezb\u0119dnym narz\u0119dziem do r\u00f3\u017cnorodnych zastosowa\u0144 w przemy\u015ble wytw\u00f3rczym i przetw\u00f3rstwie metali.<\/p>\n<h2>Zaawansowane funkcje zapewniaj\u0105ce maksymaln\u0105 wydajno\u015b\u0107<\/h2>\n<p>Ta bramowa przecinarka plazmowa wyr\u00f3\u017cnia si\u0119 solidn\u0105 konstrukcj\u0105 i zaawansowan\u0105 funkcjonalno\u015bci\u0105. Konstrukcja bramowa zapewnia stabilno\u015b\u0107 i dok\u0142adno\u015b\u0107, umo\u017cliwiaj\u0105c precyzyjne ci\u0119cie nawet najgrubszych blach. W po\u0142\u0105czeniu z podw\u00f3jnymi opcjami ci\u0119cia - pot\u0119\u017cn\u0105 g\u0142owic\u0105 plazmow\u0105 i regulowanymi narz\u0119dziami do ci\u0119cia p\u0142omieniowego - mo\u017cna dostosowa\u0107 proces do materia\u0142\u00f3w i specyfikacji projektu.<\/p>\n<p>\u0141atwy w obs\u0142udze interfejs usprawnia operacje, skracaj\u0105c czas konfiguracji i zwi\u0119kszaj\u0105c produktywno\u015b\u0107. Maszyna zosta\u0142a zaprojektowana tak, aby spe\u0142nia\u0107 rygorystyczne standardy produkcyjne, zachowuj\u0105c jednocze\u015bnie przyjazne dla u\u017cytkownika elementy steruj\u0105ce, zapewniaj\u0105c optymaln\u0105 wydajno\u015b\u0107 zar\u00f3wno do\u015bwiadczonym profesjonalistom, jak i nowicjuszom.<\/p>\n<h2>Idealny do zastosowa\u0144 przemys\u0142owych i ci\u0119\u017ckich<\/h2>\n<p>Zar\u00f3wno w warsztatach produkcji stali, jak i w du\u017cych zak\u0142adach przemys\u0142owych, ta przecinarka oferuje wszechstronno\u015b\u0107 i niezawodno\u015b\u0107. Jest to doskona\u0142y wyb\u00f3r do tworzenia komponent\u00f3w, konstrukcji i trudnych projekt\u00f3w wymagaj\u0105cych precyzji i trwa\u0142o\u015bci.<\/p>\n<p>Zainwestuj w rozwi\u0105zanie stworzone z my\u015bl\u0105 o \u0142atwej obr\u00f3bce najtwardszych materia\u0142\u00f3w. Dzi\u0119ki mo\u017cliwo\u015bciom ci\u0119cia w zakresie od 20 mm do 300 mm, maszyna ta zosta\u0142a zaprojektowana z my\u015bl\u0105 o oszcz\u0119dno\u015bci czasu i zasob\u00f3w przy jednoczesnym zapewnieniu dok\u0142adnych wynik\u00f3w.<\/p>\n<p>Ulepsz swoje operacje ci\u0119cia metalu ju\u017c dzi\u015b dzi\u0119ki przecinarce plazmowej typu Gantry - najlepszemu wyborowi do ci\u0119cia grubego metalu i doskona\u0142ej produkcji stali.<\/p>\n<p>Parametry techniczne wielkogabarytowej bramowej maszyny do ci\u0119cia plazmowego:<\/p>\n<table>\n<tbody>\n<tr>\n<td colspan=\"2\" width=\"1324\"><strong>Opis i specyfikacja:<\/strong><\/td>\n<\/tr>\n<tr>\n<td width=\"662\">Model<\/td>\n<td width=\"662\">WS2060<\/td>\n<\/tr>\n<tr>\n<td width=\"662\">Rozmiar roboczy<\/td>\n<td width=\"662\">2000*6000 mm<\/td>\n<\/tr>\n<tr>\n<td width=\"662\">Korpus maszyny<\/td>\n<td width=\"662\">Wytrzyma\u0142a konstrukcja Kwadratowa rura ze zbiornikiem na wod\u0119<\/td>\n<\/tr>\n<tr>\n<td width=\"662\">Zasilanie<\/td>\n<td width=\"662\">Moc 200 A (ci\u0119cie metalu poni\u017cej 20 mm), ci\u0119cie p\u0142omieniowe metalu poni\u017cej 300 mm<\/td>\n<\/tr>\n<tr>\n<td width=\"662\">Grubo\u015b\u0107 ci\u0119cia<\/td>\n<td width=\"662\">300 mm maks<\/td>\n<\/tr>\n<tr>\n<td width=\"662\">Dok\u0142adno\u015b\u0107 ci\u0119cia<\/td>\n<td width=\"662\">\u00b10,5 mm<\/td>\n<\/tr>\n<tr>\n<td width=\"662\">Dok\u0142adno\u015b\u0107 zmiany po\u0142o\u017cenia<\/td>\n<td width=\"662\">\u00b10,05 mm<\/td>\n<\/tr>\n<tr>\n<td width=\"662\">Pr\u0119dko\u015b\u0107 jazdy<\/td>\n<td width=\"662\">15 m\/min<\/td>\n<\/tr>\n<tr>\n<td width=\"662\">pr\u0119dko\u015b\u0107 ci\u0119cia<\/td>\n<td width=\"662\">8 m\/min<\/td>\n<\/tr>\n<tr>\n<td width=\"662\">Kontroler wysoko\u015bci palnika<\/td>\n<td width=\"662\">Kontrola marki startowej - kontrola napi\u0119cia \u0142uku<\/td>\n<\/tr>\n<tr>\n<td width=\"662\">Moc brutto<\/td>\n<td width=\"662\">8,5-10,5 KW<\/td>\n<\/tr>\n<tr>\n<td width=\"662\">System sterowania<\/td>\n<td width=\"662\">System sterowania rozruchem specjalnie dla plazmy<\/td>\n<\/tr>\n<tr>\n<td width=\"662\">Silnik<\/td>\n<td width=\"662\">Stepper<\/td>\n<\/tr>\n<tr>\n<td width=\"662\"><a href=\"app:ds:consumable\">Materia\u0142y eksploatacyjne<\/a>\u00a0<a href=\"app:ds:items\">pozycje<\/a><\/td>\n<td width=\"662\">Najlepsza chi\u0144ska marka (polar i jet) 20 zestaw\u00f3w<\/td>\n<\/tr>\n<tr>\n<td width=\"662\">Tryb transmisji<\/td>\n<td width=\"662\">Tajwan Kwadratowa szyna prowadz\u0105ca TBI i ko\u0142o z\u0119bate dla osi XY<\/td>\n<\/tr>\n<tr>\n<td width=\"662\">Tryb wprowadzania pliku<\/td>\n<td width=\"662\">USB<\/td>\n<\/tr>\n<tr>\n<td width=\"662\">Oprogramowanie<\/td>\n<td width=\"662\">Ucancam V9<\/td>\n<\/tr>\n<\/tbody>\n<\/table>\n<p>Zdj\u0119cia maszyny:<\/p>\n<p><img alt=\"\" fetchpriority=\"high\" decoding=\"async\" class=\"alignnone size-full wp-image-4162\" src=\"https:\/\/wisecnclaser.com\/wp-content\/uploads\/2025\/09\/0.jpg\" width=\"800\" height=\"800\" srcset=\"https:\/\/wisecnclaser.com\/wp-content\/uploads\/2025\/09\/0.jpg 800w, https:\/\/wisecnclaser.com\/wp-content\/uploads\/2025\/09\/0-300x300.jpg 300w, https:\/\/wisecnclaser.com\/wp-content\/uploads\/2025\/09\/0-150x150.jpg 150w, https:\/\/wisecnclaser.com\/wp-content\/uploads\/2025\/09\/0-768x768.jpg 768w, https:\/\/wisecnclaser.com\/wp-content\/uploads\/2025\/09\/0-12x12.jpg 12w, https:\/\/wisecnclaser.com\/wp-content\/uploads\/2025\/09\/0-600x600.jpg 600w, https:\/\/wisecnclaser.com\/wp-content\/uploads\/2025\/09\/0-100x100.jpg 100w\" sizes=\"(max-width: 800px) 100vw, 800px\" \/><\/p>\n<p>Ci\u0119cie pr\u00f3bek:<\/p>\n<p><img alt=\"\" decoding=\"async\" class=\"alignnone size-full wp-image-4163\" src=\"https:\/\/wisecnclaser.com\/wp-content\/uploads\/2025\/09\/\u672a\u547d\u540d.jpg\" width=\"800\" height=\"800\" srcset=\"https:\/\/wisecnclaser.com\/wp-content\/uploads\/2025\/09\/\u672a\u547d\u540d.jpg 800w, https:\/\/wisecnclaser.com\/wp-content\/uploads\/2025\/09\/\u672a\u547d\u540d-300x300.jpg 300w, https:\/\/wisecnclaser.com\/wp-content\/uploads\/2025\/09\/\u672a\u547d\u540d-150x150.jpg 150w, https:\/\/wisecnclaser.com\/wp-content\/uploads\/2025\/09\/\u672a\u547d\u540d-768x768.jpg 768w, https:\/\/wisecnclaser.com\/wp-content\/uploads\/2025\/09\/\u672a\u547d\u540d-12x12.jpg 12w, https:\/\/wisecnclaser.com\/wp-content\/uploads\/2025\/09\/\u672a\u547d\u540d-600x600.jpg 600w, https:\/\/wisecnclaser.com\/wp-content\/uploads\/2025\/09\/\u672a\u547d\u540d-100x100.jpg 100w\" sizes=\"(max-width: 800px) 100vw, 800px\" \/><\/p>","protected":false},"excerpt":{"rendered":"<p>Maszyna do ci\u0119cia plazmowego typu Gantry do ci\u0119cia grubych metali, z g\u0142owic\u0105 do ci\u0119cia plazmowego 200A i jedn\u0105 g\u0142owic\u0105 do ci\u0119cia p\u0142omieniowego, 200A mo\u017ce ci\u0105\u0107 metal o maksymalnej grubo\u015bci 20 mm, g\u0142owica do ci\u0119cia p\u0142omieniowego mo\u017ce ci\u0105\u0107 maksymalnie 300 mm, ta maszyna jest u\u017cywana g\u0142\u00f3wnie do ci\u0119cia grubych metali i produkcji stali metalowej.<\/p>","protected":false},"featured_media":4161,"template":"","meta":{"_seopress_robots_primary_cat":"","_seopress_titles_title":"%%post_title%%","_seopress_titles_desc":"","_seopress_robots_index":"","_uag_custom_page_level_css":"","site-sidebar-layout":"default","site-content-layout":"","ast-site-content-layout":"default","site-content-style":"default","site-sidebar-style":"default","ast-global-header-display":"","ast-banner-title-visibility":"","ast-main-header-display":"","ast-hfb-above-header-display":"","ast-hfb-below-header-display":"","ast-hfb-mobile-header-display":"","site-post-title":"","ast-breadcrumbs-content":"","ast-featured-img":"","footer-sml-layout":"","ast-disable-related-posts":"","theme-transparent-header-meta":"default","adv-header-id-meta":"","stick-header-meta":"default","header-above-stick-meta":"","header-main-stick-meta":"","header-below-stick-meta":"","astra-migrate-meta-layouts":"set","ast-page-background-enabled":"default","ast-page-background-meta":{"desktop":{"background-color":"","background-image":"","background-repeat":"repeat","background-position":"center center","background-size":"auto","background-attachment":"scroll","background-type":"","background-media":"","overlay-type":"","overlay-color":"","overlay-opacity":"","overlay-gradient":""},"tablet":{"background-color":"","background-image":"","background-repeat":"repeat","background-position":"center center","background-size":"auto","background-attachment":"scroll","background-type":"","background-media":"","overlay-type":"","overlay-color":"","overlay-opacity":"","overlay-gradient":""},"mobile":{"background-color":"","background-image":"","background-repeat":"repeat","background-position":"center center","background-size":"auto","background-attachment":"scroll","background-type":"","background-media":"","overlay-type":"","overlay-color":"","overlay-opacity":"","overlay-gradient":""}},"ast-content-background-meta":{"desktop":{"background-color":"var(--ast-global-color-5)","background-image":"","background-repeat":"repeat","background-position":"center center","background-size":"auto","background-attachment":"scroll","background-type":"","background-media":"","overlay-type":"","overlay-color":"","overlay-opacity":"","overlay-gradient":""},"tablet":{"background-color":"var(--ast-global-color-5)","background-image":"","background-repeat":"repeat","background-position":"center center","background-size":"auto","background-attachment":"scroll","background-type":"","background-media":"","overlay-type":"","overlay-color":"","overlay-opacity":"","overlay-gradient":""},"mobile":{"background-color":"var(--ast-global-color-5)","background-image":"","background-repeat":"repeat","background-position":"center center","background-size":"auto","background-attachment":"scroll","background-type":"","background-media":"","overlay-type":"","overlay-color":"","overlay-opacity":"","overlay-gradient":""}}},"product_brand":[],"product_cat":[59],"product_tag":[133,128,131,126,130,136,124,123,122,132,129,135,127,134,125],"class_list":{"0":"post-4158","1":"product","2":"type-product","3":"status-publish","4":"has-post-thumbnail","6":"product_cat-plasma","7":"product_tag-2060-plasma-cutting-machine","8":"product_tag-carbon-steel-cutting-machine","9":"product_tag-china-plasma-cutting-machine","10":"product_tag-metal-cutting-machine","11":"product_tag-metal-machine-factory","12":"product_tag-metal-plasma-cutter","13":"product_tag-metal-plasma-cutting-machine","14":"product_tag-plasma-cutter","15":"product_tag-plasma-cutting-machine","16":"product_tag-plasma-cutting-machine-factory","17":"product_tag-stainless-steel-cutting-machine","18":"product_tag-steel-cutter","19":"product_tag-steel-cutting-machine","20":"product_tag-steel-fabrication-machine","21":"product_tag-steel-plasma-cutting-machine","22":"desktop-align-left","23":"tablet-align-left","24":"mobile-align-left","25":"ast-product-gallery-layout-horizontal-slider","26":"ast-product-gallery-with-no-image","27":"ast-product-tabs-layout-horizontal","29":"first","30":"instock","31":"shipping-taxable","32":"product-type-simple"},"uagb_featured_image_src":{"full":["https:\/\/wisecnclaser.com\/wp-content\/uploads\/2025\/09\/\u5fae\u4fe1\u56fe\u7247_20250904094659_11_155.png",751,492,false],"thumbnail":["https:\/\/wisecnclaser.com\/wp-content\/uploads\/2025\/09\/\u5fae\u4fe1\u56fe\u7247_20250904094659_11_155-150x150.png",150,150,true],"medium":["https:\/\/wisecnclaser.com\/wp-content\/uploads\/2025\/09\/\u5fae\u4fe1\u56fe\u7247_20250904094659_11_155-300x197.png",300,197,true],"medium_large":["https:\/\/wisecnclaser.com\/wp-content\/uploads\/2025\/09\/\u5fae\u4fe1\u56fe\u7247_20250904094659_11_155.png",751,492,false],"large":["https:\/\/wisecnclaser.com\/wp-content\/uploads\/2025\/09\/\u5fae\u4fe1\u56fe\u7247_20250904094659_11_155.png",751,492,false],"1536x1536":["https:\/\/wisecnclaser.com\/wp-content\/uploads\/2025\/09\/\u5fae\u4fe1\u56fe\u7247_20250904094659_11_155.png",751,492,false],"2048x2048":["https:\/\/wisecnclaser.com\/wp-content\/uploads\/2025\/09\/\u5fae\u4fe1\u56fe\u7247_20250904094659_11_155.png",751,492,false],"trp-custom-language-flag":["https:\/\/wisecnclaser.com\/wp-content\/uploads\/2025\/09\/\u5fae\u4fe1\u56fe\u7247_20250904094659_11_155-18x12.png",18,12,true],"woocommerce_thumbnail":["https:\/\/wisecnclaser.com\/wp-content\/uploads\/2025\/09\/\u5fae\u4fe1\u56fe\u7247_20250904094659_11_155-300x300.png",300,300,true],"woocommerce_single":["https:\/\/wisecnclaser.com\/wp-content\/uploads\/2025\/09\/\u5fae\u4fe1\u56fe\u7247_20250904094659_11_155-600x393.png",600,393,true],"woocommerce_gallery_thumbnail":["https:\/\/wisecnclaser.com\/wp-content\/uploads\/2025\/09\/\u5fae\u4fe1\u56fe\u7247_20250904094659_11_155-100x100.png",100,100,true]},"uagb_author_info":{"display_name":"jinxing6611@gmail.com","author_link":"https:\/\/wisecnclaser.com\/pl\/author\/"},"uagb_comment_info":0,"uagb_excerpt":"Gantry Type Plasma Cutting Machine for Thick Metal Cutting, with 200A plasma cutting head and one flame cutting head, 200A can cut 20mm max metal, flame cutting head can cut 300mm max, this machine is mainly used for thick metal cutting and metal steel fabrication.","_links":{"self":[{"href":"https:\/\/wisecnclaser.com\/pl\/wp-json\/wp\/v2\/product\/4158","targetHints":{"allow":["GET"]}}],"collection":[{"href":"https:\/\/wisecnclaser.com\/pl\/wp-json\/wp\/v2\/product"}],"about":[{"href":"https:\/\/wisecnclaser.com\/pl\/wp-json\/wp\/v2\/types\/product"}],"wp:featuredmedia":[{"embeddable":true,"href":"https:\/\/wisecnclaser.com\/pl\/wp-json\/wp\/v2\/media\/4161"}],"wp:attachment":[{"href":"https:\/\/wisecnclaser.com\/pl\/wp-json\/wp\/v2\/media?parent=4158"}],"wp:term":[{"taxonomy":"product_brand","embeddable":true,"href":"https:\/\/wisecnclaser.com\/pl\/wp-json\/wp\/v2\/product_brand?post=4158"},{"taxonomy":"product_cat","embeddable":true,"href":"https:\/\/wisecnclaser.com\/pl\/wp-json\/wp\/v2\/product_cat?post=4158"},{"taxonomy":"product_tag","embeddable":true,"href":"https:\/\/wisecnclaser.com\/pl\/wp-json\/wp\/v2\/product_tag?post=4158"}],"curies":[{"name":"wp","href":"https:\/\/api.w.org\/{rel}","templated":true}]}}