{"id":4165,"date":"2025-09-09T01:43:27","date_gmt":"2025-09-09T01:43:27","guid":{"rendered":"https:\/\/wisecnclaser.com\/?post_type=product&#038;p=4165"},"modified":"2025-09-09T01:43:27","modified_gmt":"2025-09-09T01:43:27","slug":"ws48-atc-cnc-router-solution-for-sign-making-industry","status":"publish","type":"product","link":"https:\/\/wisecnclaser.com\/pl\/produkt\/ws48-atc-cnc-router-solution-for-sign-making-industry\/","title":{"rendered":"Rozwi\u0105zanie WS48 ATC CNC Router dla bran\u017cy produkcji szyld\u00f3w"},"content":{"rendered":"<p><strong>Najlepsze rozwi\u0105zanie plotera ATC CNC dla nowoczesnej bran\u017cy produkcji znak\u00f3w<\/strong><\/p>\n<p>Bran\u017ca produkcji znak\u00f3w to dynamiczna dziedzina, w kt\u00f3rej kreatywno\u015b\u0107 spotyka si\u0119 z precyzj\u0105 i napi\u0119tymi terminami. Aby pozosta\u0107 konkurencyjnym, sklepy potrzebuj\u0105 technologii, kt\u00f3ra jest nie tylko wszechstronna i dok\u0142adna, ale tak\u017ce niezwykle wydajna. To w\u0142a\u015bnie tutaj ploter CNC z automatyczn\u0105 wymian\u0105 narz\u0119dzi (ATC) sta\u0142 si\u0119 prze\u0142omem, rewolucjonizuj\u0105c spos\u00f3b projektowania i produkcji znak\u00f3w.<\/p>\n<p><strong>Wyzwanie: Z\u0142o\u017cono\u015b\u0107 i ograniczenia czasowe<\/strong><\/p>\n<p>Tradycyjne wytwarzanie znak\u00f3w cz\u0119sto wymaga\u0142o r\u0119cznej pracy przy r\u00f3\u017cnych procesach: frezowaniu, wierceniu, grawerowaniu i rowkowaniu. Prze\u0142\u0105czanie si\u0119 mi\u0119dzy tymi operacjami wymaga\u0142o r\u0119cznej zmiany bit\u00f3w, co by\u0142o czasoch\u0142onne, podatne na b\u0142\u0119dy ludzkie i ogranicza\u0142o z\u0142o\u017cono\u015b\u0107 projekt\u00f3w, kt\u00f3re mo\u017cna by\u0142o z zyskiem realizowa\u0107.<\/p>\n<p><strong>Rozwi\u0105zanie: Automatyzacja za pomoc\u0105 maszyny CNC ATC<\/strong><\/p>\n<p>Maszyna ATC CNC zosta\u0142a specjalnie zaprojektowana, aby pokona\u0107 te przeszkody. Zintegrowany automatyczny zmieniacz narz\u0119dzi umo\u017cliwia frezarce wymian\u0119 wierte\u0142 tn\u0105cych z fabrycznie za\u0142adowanej karuzeli bez interwencji operatora, w oparciu o cyfrowy program projektowy.<\/p>\n<p>Dla sklepu z szyldami oznacza to, \u017ce pojedynczy ploter CNC z ATC mo\u017ce p\u0142ynnie wykona\u0107 kompletne zadanie: mo\u017ce zacz\u0105\u0107 od zgrubnego przej\u015bcia przy u\u017cyciu frezu trzpieniowego o du\u017cej \u015brednicy, automatycznie prze\u0142\u0105czy\u0107 si\u0119 na drobny frez kulowy do szczeg\u00f3\u0142owego rze\u017abienia 3D, nast\u0119pnie zmieni\u0107 na wiert\u0142o V do precyzyjnego grawerowania tekstu, a na koniec u\u017cy\u0107 wiert\u0142a do otwor\u00f3w monta\u017cowych - wszystko w jednym nieprzerwanym cyklu.<\/p>\n<p><strong>Kluczowe zalety plotera do drewna ATC do tworzenia znak\u00f3w:<\/strong><\/p>\n<p>1. Niezr\u00f3wnana produktywno\u015b\u0107 i wydajno\u015b\u0107: Najwa\u017cniejsz\u0105 korzy\u015bci\u0105 jest radykalne skr\u00f3cenie czasu przestoj\u00f3w. Nie ma potrzeby zatrzymywania maszyny, lokalizowania nast\u0119pnego bitu i r\u0119cznej kalibracji. Pozwala to na produkcj\u0119 przy wy\u0142\u0105czonym \u015bwietle, wykonywanie z\u0142o\u017conych zada\u0144 w nocy i znaczne zwi\u0119kszenie wydajno\u015bci.<\/p>\n<p>2. Z\u0142o\u017cone mo\u017cliwo\u015bci projektowania: Frezarka do drewna ATC zwi\u0119ksza mo\u017cliwo\u015bci projektant\u00f3w. Nie s\u0105 oni ju\u017c ograniczeni praktycznym limitem liczby typ\u00f3w narz\u0119dzi w jednym projekcie. Skomplikowane znaki \u0142\u0105cz\u0105ce wypuk\u0142e litery, teksturowane t\u0142a i z\u0142o\u017cone kontury staj\u0105 si\u0119 nie tylko mo\u017cliwe, ale tak\u017ce wydajne w produkcji.<\/p>\n<p>3. Najwy\u017csza sp\u00f3jno\u015b\u0107 i dok\u0142adno\u015b\u0107: Ka\u017cda zmiana narz\u0119dzia jest wykonywana z robotyczn\u0105 precyzj\u0105. Eliminuje to niewielkie r\u00f3\u017cnice, kt\u00f3re mog\u0105 wyst\u0105pi\u0107 przy r\u0119cznych zmianach, zapewniaj\u0105c, \u017ce ka\u017cdy znak w serii produkcyjnej jest absolutnie identyczny, z doskona\u0142\u0105 rejestracj\u0105 mi\u0119dzy r\u00f3\u017cnymi operacjami obr\u00f3bki.<\/p>\n<p>4. Zmniejszone koszty pracy i bariery umiej\u0119tno\u015bci: Podczas gdy wykwalifikowany operator jest nadal niezb\u0119dny do programowania i nadzoru, maszyna obs\u0142uguje z\u0142o\u017cone zmiany narz\u0119dzi. Pozwala to zoptymalizowa\u0107 prac\u0119, umo\u017cliwiaj\u0105c jednemu operatorowi zarz\u0105dzanie wieloma maszynami i zmniejszaj\u0105c potrzeb\u0119 r\u0119cznej interwencji przy ka\u017cdym zadaniu.<\/p>\n<p><strong>Dlaczego warto wybra\u0107 chi\u0144ski ploter ATC CNC?<\/strong><\/p>\n<p>Globalny krajobraz produkcyjny uleg\u0142 zmianie, a Chiny sta\u0142y si\u0119 liderem w dziedzinie maszyn CNC. Pozyskiwanie chi\u0144skiego routera CNC ATC oferuje wyra\u017ane korzy\u015bci dla firm zajmuj\u0105cych si\u0119 znakowaniem:<\/p>\n<p>Doskona\u0142a propozycja warto\u015bci: Chi\u0144scy producenci zapewniaj\u0105 atrakcyjn\u0105 r\u00f3wnowag\u0119 mi\u0119dzy zaawansowanymi funkcjami, solidn\u0105 konstrukcj\u0105 i konkurencyjnymi cenami, oferuj\u0105c znacznie szybszy zwrot z inwestycji.<br \/>\nZaawansowana technologia: Wiele wiod\u0105cych chi\u0144skich marek CNC inwestuje znaczne \u015brodki w badania i rozw\u00f3j, wykorzystuj\u0105c wysokowydajne wrzeciona, zaawansowane sterowniki (cz\u0119sto z przyjaznym dla u\u017cytkownika oprogramowaniem) i niezawodne mechanizmy ATC, kt\u00f3re rywalizuj\u0105, a cz\u0119sto przewy\u017cszaj\u0105 dro\u017csze odpowiedniki.<br \/>\nDostosowanie i wsparcie: Renomowani dostawcy cz\u0119sto oferuj\u0105 modele o r\u00f3\u017cnych rozmiarach i konfiguracjach dostosowanych do konkretnych potrzeb bran\u017cowych, w tym bran\u017cy produkcji znak\u00f3w. Wielu z nich zapewnia r\u00f3wnie\u017c kompleksowe wsparcie posprzeda\u017cowe, szkolenia i \u0142atwo dost\u0119pne cz\u0119\u015bci zamienne na ca\u0142ym \u015bwiecie.<\/p>\n<p><strong>Wyb\u00f3r odpowiedniego plotera CNC z ATC<\/strong><\/p>\n<p>Inwestuj\u0105c w ploter CNC z ATC dla swojej firmy zajmuj\u0105cej si\u0119 znakami, nale\u017cy wzi\u0105\u0107 pod uwag\u0119:<\/p>\n<p>Rozmiar sto\u0142u roboczego: Upewnij si\u0119, \u017ce poradzi sobie z typowymi arkuszami materia\u0142\u00f3w (np. 4\u2032 x 8\u2032, 5\u2032 x 10\u2032).<br \/>\nPojemno\u015b\u0107 narz\u0119dzia: Karuzela z 6-12 narz\u0119dziami jest cz\u0119sto wystarczaj\u0105ca do wi\u0119kszo\u015bci prac zwi\u0105zanych ze znakami, ale wi\u0119ksze pojemno\u015bci s\u0105 dost\u0119pne dla bardzo z\u0142o\u017conych projekt\u00f3w.<br \/>\nMoc wrzeciona: Mocne wrzeciono (np. od 7,5 kW do 15 kW) zapewnia czyste ci\u0119cie r\u00f3\u017cnych materia\u0142\u00f3w, od akrylu i aluminiowych paneli kompozytowych (ACM) po twarde drewno.<br \/>\nSystem sterowania i oprogramowanie: Przyjazny dla u\u017cytkownika kontroler, kt\u00f3ry p\u0142ynnie wsp\u00f3\u0142pracuje z popularnym oprogramowaniem do projektowania (takim jak AutoCAD i Aspire) ma kluczowe znaczenie dla p\u0142ynnego przep\u0142ywu pracy.<\/p>\n<p><strong>Wnioski<\/strong><\/p>\n<p>Dla nowoczesnej bran\u017cy produkcji znak\u00f3w, ploter ATC CNC nie jest ju\u017c luksusem; jest strategiczn\u0105 konieczno\u015bci\u0105 dla wzrostu, rentowno\u015bci i przewagi konkurencyjnej. Przekszta\u0142ca produkcj\u0119 z serii r\u0119cznych krok\u00f3w w usprawniony, zautomatyzowany proces, kt\u00f3ry odblokowuje nowe kreatywne i komercyjne mo\u017cliwo\u015bci. Inwestuj\u0105c w wysokiej jako\u015bci maszyn\u0119 ATC CNC - zw\u0142aszcza w atrakcyjny cenowo chi\u0144ski ploter ATC CNC - producenci znak\u00f3w mog\u0105 podnie\u015b\u0107 poziom swojego rzemios\u0142a, z \u0142atwo\u015bci\u0105 dotrzymywa\u0107 wymagaj\u0105cych termin\u00f3w i zaj\u0105\u0107 dominuj\u0105c\u0105 pozycj\u0119 na rynku.<\/p>\n<p><strong>Oto nasza gor\u0105ca sprzeda\u017c przemys\u0142owa automatyczna frezarka cnc do drewna z wymian\u0105 narz\u0119dzi dla przemys\u0142u znakowego:<\/strong><\/p>\n<table>\n<tbody>\n<tr>\n<td width=\"414\">X OBSZAR ROBOCZY<\/td>\n<td width=\"929\">1300 mm<\/td>\n<\/tr>\n<tr>\n<td width=\"414\">OBSZAR ROBOCZY<\/td>\n<td width=\"929\">2500 mm<\/td>\n<\/tr>\n<tr>\n<td width=\"414\">OBSZAR ROBOCZY<\/td>\n<td width=\"929\">200 mm<\/td>\n<\/tr>\n<tr>\n<td width=\"414\">ST\u00d3\u0141 MASZYNOWY<\/td>\n<td width=\"929\">Pr\u00f3\u017cniowy st\u00f3\u0142 adsorpcyjny<\/td>\n<\/tr>\n<tr>\n<td width=\"414\">KOD POLECENIA<\/td>\n<td width=\"929\">Kod G<\/td>\n<\/tr>\n<tr>\n<td width=\"414\">STRUKTURA OSI XYZ<\/td>\n<td width=\"929\">Tajwa\u0144ska szyna X\/Y, dzi\u0119ki kt\u00f3rej maszyna pracuje bardziej stabilnie; Szyna \u015brubowa Z<\/td>\n<\/tr>\n<tr>\n<td width=\"414\">MOC ODPYLACZA<\/td>\n<td width=\"929\">Podw\u00f3jne worki 3 kW<\/td>\n<\/tr>\n<tr>\n<td width=\"414\">MOC<\/td>\n<td width=\"929\">AC380V 3 FAZY \/ 50Hz<\/td>\n<\/tr>\n<tr>\n<td width=\"414\">SPINDLE<\/td>\n<td width=\"929\">Wrzeciono ATC ch\u0142odzone powietrzem o mocy 9 kW, CHI\u0143SKA MARKA<\/td>\n<\/tr>\n<tr>\n<td width=\"414\">CA\u0141KOWITA MOC ROBOCZA<\/td>\n<td width=\"929\">26KW<\/td>\n<\/tr>\n<tr>\n<td width=\"414\">PR\u0118DKO\u015a\u0106 OBROTOWA WRZECIONA<\/td>\n<td width=\"929\">18000 obr\/min<\/td>\n<\/tr>\n<tr>\n<td width=\"414\">INVERTER<\/td>\n<td width=\"929\">Falownik 11 kW<\/td>\n<\/tr>\n<tr>\n<td width=\"414\">SILNIK NAP\u0118DOWY<\/td>\n<td width=\"929\">Chi\u0144ski serwomotor hybrydowy<\/td>\n<\/tr>\n<tr>\n<td width=\"414\">SYSTEM OPERACYJNY<\/td>\n<td width=\"929\">Kontroler NK105 G3<\/td>\n<\/tr>\n<tr>\n<td width=\"414\">MOC POMPY PR\u00d3\u017bNIOWEJ<\/td>\n<td width=\"929\">Wodna pompa pr\u00f3\u017cniowa o mocy 7,5 kW<\/td>\n<\/tr>\n<tr>\n<td width=\"414\">SZYNA LINIOWA<\/td>\n<td width=\"929\">Tajwa\u0144ska szyna kwadratowa, bardziej stabilna<\/td>\n<\/tr>\n<tr>\n<td width=\"414\">REDUCER<\/td>\n<td width=\"929\">Japo\u0144ska marka shimpoo<\/td>\n<\/tr>\n<tr>\n<td width=\"414\">\u015aRUBA KULOWA<\/td>\n<td width=\"929\">Tajwa\u0144ska marka<\/td>\n<\/tr>\n<tr>\n<td width=\"414\">WAGA<\/td>\n<td width=\"929\">2000KGS<\/td>\n<\/tr>\n<tr>\n<td width=\"414\">INNE CZ\u0118\u015aCI POMOCNICZE<\/td>\n<td width=\"929\">3+4 wyskakuj\u0105ce sworznie\/pozycja cylindra,<\/p>\n<p>Automatyczny system smarowania<\/p>\n<p>Czujnik narz\u0119dzia<\/p>\n<p>Oprogramowanie<\/p>\n<p>Skrzynka narz\u0119dziowa 1<\/p>\n<p>Uchwyt narz\u0119dziowy 8 szt.<\/p>\n<p>Zbierz 8 sztuk<\/p>\n<p>Klucze 4<\/td>\n<\/tr>\n<\/tbody>\n<\/table>","protected":false},"excerpt":{"rendered":"<p>An ATC CNC Router Solution for the Sign Making Industry can perform precise processing on various sign materials such as acrylic and metal, and produce various exquisite signboards, meeting the requirements of the sign &#8211; making industry for diversified and high &#8211; precision processing.<\/p>\n<p>&nbsp;<\/p>","protected":false},"featured_media":4169,"template":"","meta":{"_seopress_robots_primary_cat":"","_seopress_titles_title":"","_seopress_titles_desc":"","_seopress_robots_index":"","_uag_custom_page_level_css":"","site-sidebar-layout":"default","site-content-layout":"","ast-site-content-layout":"default","site-content-style":"default","site-sidebar-style":"default","ast-global-header-display":"","ast-banner-title-visibility":"","ast-main-header-display":"","ast-hfb-above-header-display":"","ast-hfb-below-header-display":"","ast-hfb-mobile-header-display":"","site-post-title":"","ast-breadcrumbs-content":"","ast-featured-img":"","footer-sml-layout":"","ast-disable-related-posts":"","theme-transparent-header-meta":"default","adv-header-id-meta":"","stick-header-meta":"default","header-above-stick-meta":"","header-main-stick-meta":"","header-below-stick-meta":"","astra-migrate-meta-layouts":"set","ast-page-background-enabled":"default","ast-page-background-meta":{"desktop":{"background-color":"","background-image":"","background-repeat":"repeat","background-position":"center center","background-size":"auto","background-attachment":"scroll","background-type":"","background-media":"","overlay-type":"","overlay-color":"","overlay-opacity":"","overlay-gradient":""},"tablet":{"background-color":"","background-image":"","background-repeat":"repeat","background-position":"center center","background-size":"auto","background-attachment":"scroll","background-type":"","background-media":"","overlay-type":"","overlay-color":"","overlay-opacity":"","overlay-gradient":""},"mobile":{"background-color":"","background-image":"","background-repeat":"repeat","background-position":"center center","background-size":"auto","background-attachment":"scroll","background-type":"","background-media":"","overlay-type":"","overlay-color":"","overlay-opacity":"","overlay-gradient":""}},"ast-content-background-meta":{"desktop":{"background-color":"var(--ast-global-color-5)","background-image":"","background-repeat":"repeat","background-position":"center center","background-size":"auto","background-attachment":"scroll","background-type":"","background-media":"","overlay-type":"","overlay-color":"","overlay-opacity":"","overlay-gradient":""},"tablet":{"background-color":"var(--ast-global-color-5)","background-image":"","background-repeat":"repeat","background-position":"center center","background-size":"auto","background-attachment":"scroll","background-type":"","background-media":"","overlay-type":"","overlay-color":"","overlay-opacity":"","overlay-gradient":""},"mobile":{"background-color":"var(--ast-global-color-5)","background-image":"","background-repeat":"repeat","background-position":"center center","background-size":"auto","background-attachment":"scroll","background-type":"","background-media":"","overlay-type":"","overlay-color":"","overlay-opacity":"","overlay-gradient":""}}},"product_brand":[],"product_cat":[65],"product_tag":[142,143,138,146,145,144,137,103,139,140,141],"class_list":{"0":"post-4165","1":"product","2":"type-product","3":"status-publish","4":"has-post-thumbnail","6":"product_cat-atccnc","7":"product_tag-1325-atc-cnc-router","8":"product_tag-1530-atc-cnc-router","9":"product_tag-atc-cnc-machine","10":"product_tag-atc-cnc-router-for-sale","11":"product_tag-atc-cnc-router-price","12":"product_tag-atc-cnc-routing-machine","13":"product_tag-atc-wood-router","14":"product_tag-automatic-tool-changing-cnc-router","15":"product_tag-china-atc-cnc-router","16":"product_tag-cnc-router-with-atc","17":"product_tag-industrial-atc-cnc-router","18":"desktop-align-left","19":"tablet-align-left","20":"mobile-align-left","21":"ast-product-gallery-layout-horizontal-slider","22":"ast-product-gallery-with-no-image","23":"ast-product-tabs-layout-horizontal","25":"first","26":"instock","27":"shipping-taxable","28":"product-type-simple"},"uagb_featured_image_src":{"full":["https:\/\/wisecnclaser.com\/wp-content\/uploads\/2025\/09\/\u8fc8\u5409\u514b\u540e\u7f6eNK105\u6362\u5200\u673a.png",1084,1080,false],"thumbnail":["https:\/\/wisecnclaser.com\/wp-content\/uploads\/2025\/09\/\u8fc8\u5409\u514b\u540e\u7f6eNK105\u6362\u5200\u673a-150x150.png",150,150,true],"medium":["https:\/\/wisecnclaser.com\/wp-content\/uploads\/2025\/09\/\u8fc8\u5409\u514b\u540e\u7f6eNK105\u6362\u5200\u673a-300x300.png",300,300,true],"medium_large":["https:\/\/wisecnclaser.com\/wp-content\/uploads\/2025\/09\/\u8fc8\u5409\u514b\u540e\u7f6eNK105\u6362\u5200\u673a-768x765.png",768,765,true],"large":["https:\/\/wisecnclaser.com\/wp-content\/uploads\/2025\/09\/\u8fc8\u5409\u514b\u540e\u7f6eNK105\u6362\u5200\u673a-1024x1020.png",1024,1020,true],"1536x1536":["https:\/\/wisecnclaser.com\/wp-content\/uploads\/2025\/09\/\u8fc8\u5409\u514b\u540e\u7f6eNK105\u6362\u5200\u673a.png",1084,1080,false],"2048x2048":["https:\/\/wisecnclaser.com\/wp-content\/uploads\/2025\/09\/\u8fc8\u5409\u514b\u540e\u7f6eNK105\u6362\u5200\u673a.png",1084,1080,false],"trp-custom-language-flag":["https:\/\/wisecnclaser.com\/wp-content\/uploads\/2025\/09\/\u8fc8\u5409\u514b\u540e\u7f6eNK105\u6362\u5200\u673a-12x12.png",12,12,true],"woocommerce_thumbnail":["https:\/\/wisecnclaser.com\/wp-content\/uploads\/2025\/09\/\u8fc8\u5409\u514b\u540e\u7f6eNK105\u6362\u5200\u673a-300x300.png",300,300,true],"woocommerce_single":["https:\/\/wisecnclaser.com\/wp-content\/uploads\/2025\/09\/\u8fc8\u5409\u514b\u540e\u7f6eNK105\u6362\u5200\u673a-600x598.png",600,598,true],"woocommerce_gallery_thumbnail":["https:\/\/wisecnclaser.com\/wp-content\/uploads\/2025\/09\/\u8fc8\u5409\u514b\u540e\u7f6eNK105\u6362\u5200\u673a-100x100.png",100,100,true]},"uagb_author_info":{"display_name":"jinxing6611@gmail.com","author_link":"https:\/\/wisecnclaser.com\/pl\/author\/"},"uagb_comment_info":0,"uagb_excerpt":"An ATC CNC Router Solution for the Sign Making Industry can perform precise processing on various sign materials such as acrylic and metal, and produce various exquisite signboards, meeting the requirements of the sign - making industry for diversified and high - precision processing. &nbsp;","_links":{"self":[{"href":"https:\/\/wisecnclaser.com\/pl\/wp-json\/wp\/v2\/product\/4165","targetHints":{"allow":["GET"]}}],"collection":[{"href":"https:\/\/wisecnclaser.com\/pl\/wp-json\/wp\/v2\/product"}],"about":[{"href":"https:\/\/wisecnclaser.com\/pl\/wp-json\/wp\/v2\/types\/product"}],"wp:featuredmedia":[{"embeddable":true,"href":"https:\/\/wisecnclaser.com\/pl\/wp-json\/wp\/v2\/media\/4169"}],"wp:attachment":[{"href":"https:\/\/wisecnclaser.com\/pl\/wp-json\/wp\/v2\/media?parent=4165"}],"wp:term":[{"taxonomy":"product_brand","embeddable":true,"href":"https:\/\/wisecnclaser.com\/pl\/wp-json\/wp\/v2\/product_brand?post=4165"},{"taxonomy":"product_cat","embeddable":true,"href":"https:\/\/wisecnclaser.com\/pl\/wp-json\/wp\/v2\/product_cat?post=4165"},{"taxonomy":"product_tag","embeddable":true,"href":"https:\/\/wisecnclaser.com\/pl\/wp-json\/wp\/v2\/product_tag?post=4165"}],"curies":[{"name":"wp","href":"https:\/\/api.w.org\/{rel}","templated":true}]}}