{"id":4181,"date":"2025-09-18T03:06:04","date_gmt":"2025-09-18T03:06:04","guid":{"rendered":"https:\/\/wisecnclaser.com\/?post_type=product&#038;p=4181"},"modified":"2025-09-19T00:57:57","modified_gmt":"2025-09-19T00:57:57","slug":"ws1625-computer-controlled-automatic-cnc-fabric-cutting-machine-for-apparel","status":"publish","type":"product","link":"https:\/\/wisecnclaser.com\/pl\/produkt\/ws1625-computer-controlled-automatic-cnc-fabric-cutting-machine-for-apparel\/","title":{"rendered":"WS1625 Sterowana komputerowo automatyczna maszyna do ci\u0119cia tkanin CNC do odzie\u017cy"},"content":{"rendered":"<p><strong>WS1625 Obrotowy n\u00f3\u017c CNC do ci\u0119cia tekstyli\u00f3w - precyzja, automatyzacja i wszechstronno\u015b\u0107 w nowoczesnej produkcji tekstyli\u00f3w<\/strong><\/p>\n<p>W szybko zmieniaj\u0105cym si\u0119 \u015bwiecie produkcji odzie\u017cy wydajno\u015b\u0107 i precyzja to nie tylko zalety - to konieczno\u015b\u0107. Sterowana komputerowo automatyczna maszyna do ci\u0119cia tkanin CNC WS1625 zosta\u0142a zaprojektowana, aby sprosta\u0107 tym wymaganiom, oferuj\u0105c kompleksowe i zautomatyzowane rozwi\u0105zanie do ci\u0119cia zaprojektowane w celu usprawnienia procesu produkcyjnego od rolki do gotowych cz\u0119\u015bci.<\/p>\n<p>Ta zaawansowana maszyna jest idealnym partnerem dla fabryk odzie\u017cy, producent\u00f3w tekstyli\u00f3w i firm tapicerskich, kt\u00f3re chc\u0105 przyspieszy\u0107 produkcj\u0119, zminimalizowa\u0107 straty materia\u0142u i osi\u0105gn\u0105\u0107 niezr\u00f3wnan\u0105 sp\u00f3jno\u015b\u0107 ci\u0119cia.<\/p>\n<p><strong>Niezr\u00f3wnana wszechstronno\u015b\u0107: Obcinarka rotacyjna i ploter w jednym systemie<\/strong><\/p>\n<p>Kluczow\u0105 cech\u0105 modelu WS1625 jest jego wielofunkcyjno\u015b\u0107. Urz\u0105dzenie jest wyposa\u017cone zar\u00f3wno w obcinark\u0119 rotacyjn\u0105, jak i pi\u00f3ro plotera, co pozwala na wykonywanie szerokiego zakresu zada\u0144 za pomoc\u0105 jednej konfiguracji.<\/p>\n<p>Obcinarka rotacyjna: Idealny do czystego, szybkiego i dok\u0142adnego ci\u0119cia jednowarstwowych lub wielowarstwowych (3-5 warstw) rolek tkanin. Bez trudu radzi sobie z szerok\u0105 gam\u0105 materia\u0142\u00f3w, od delikatnych jedwabi i elastycznych dzianin po g\u0119ste d\u017cinsy i grube p\u0142\u00f3tna.<br \/>\nPloter Pen: To narz\u0119dzie dodaje kluczow\u0105 warstw\u0119 funkcjonalno\u015bci, wykonuj\u0105c precyzyjne oznaczenia bezpo\u015brednio na materiale. Jest idealny do oznaczania punkt\u00f3w wiercenia, naci\u0119\u0107, rzutek, punkt\u00f3w wyr\u00f3wnania, a nawet drukowania prostych etykiet i logo. Eliminuje to b\u0142\u0119dy r\u0119cznego znakowania i zapewnia idealne dopasowanie komponent\u00f3w na etapie monta\u017cu.<\/p>\n<p><strong>Kompletny zautomatyzowany przep\u0142yw pracy: Od rolki do gotowych element\u00f3w<\/strong><\/p>\n<p>WS1625 to co\u015b wi\u0119cej ni\u017c tylko krajarka; to zintegrowana kom\u00f3rka produkcyjna. Jego zdolno\u015b\u0107 do bezpo\u015bredniego ci\u0119cia rolek tkanin jest znacznie zwi\u0119kszona dzi\u0119ki w\u0142\u0105czeniu automatycznego rozrzutnika tkanin i systemu wyr\u00f3wnywania (system odwijania i wyr\u00f3wnywania).<\/p>\n<p>Rozrzutnik (system odwijania i wyr\u00f3wnywania) w spos\u00f3b ci\u0105g\u0142y podaje materia\u0142 na st\u00f3\u0142 tn\u0105cy, zapewniaj\u0105c p\u0142ynny i sp\u00f3jny przep\u0142yw. Zintegrowany system wyr\u00f3wnywania automatycznie koryguje wszelkie przesuni\u0119cia boczne (bias), gwarantuj\u0105c, \u017ce ziarno tkaniny jest idealnie proste przez ca\u0142y proces ci\u0119cia. Ta kluczowa funkcja zapobiega zniekszta\u0142ceniom materia\u0142u i zapewnia, \u017ce ka\u017cdy wyci\u0119ty element jest dok\u0142adny, co prowadzi do wy\u017cszej jako\u015bci produktu ko\u0144cowego i znacznego zmniejszenia ilo\u015bci odpad\u00f3w materia\u0142owych.<\/p>\n<p><strong>Pot\u0119\u017cna wydajno\u015b\u0107 u podstaw: Kontroler RuiDa i serwomechanizmy Delta<\/strong><\/p>\n<p>Doskona\u0142a wydajno\u015b\u0107 WS1625 wynika z wysokiej jako\u015bci komponent\u00f3w:<\/p>\n<p><strong><em>System sterowania i oprogramowanie RuiDa<\/em>:<\/strong> Znane w bran\u017cy z przyjaznego dla u\u017cytkownika interfejsu, stabilno\u015bci i pot\u0119\u017cnych mo\u017cliwo\u015bci przetwarzania. Oprogramowanie pozwala na \u0142atwy import projekt\u00f3w (w formatach takich jak DXF, AI, PLT), wydajne zagnie\u017cd\u017canie w celu maksymalizacji wykorzystania materia\u0142u oraz precyzyjn\u0105 kontrol\u0119 nad narz\u0119dziami do ci\u0119cia i znakowania. Jego intuicyjny charakter skraca czas szkolenia i zwi\u0119ksza produktywno\u015b\u0107 operatora.<br \/>\n<em><strong>Taiwan Delta Servo Motors:<\/strong> <\/em>Zapewniaj\u0105 one maszynie wyj\u0105tkow\u0105 dok\u0142adno\u015b\u0107, wysok\u0105 pr\u0119dko\u015b\u0107 i niezawodn\u0105 moc. Serwomechanizmy Delta zapewniaj\u0105 p\u0142ynny ruch, minimalne wibracje i dok\u0142adne pozycjonowanie, co ma kluczowe znaczenie dla uzyskania czystych ci\u0119\u0107 i ostrych detali, partia po partii.<\/p>\n<p><strong>Dlaczego warto wybra\u0107 maszyn\u0119 do ci\u0119cia tkanin CNC WS1625?<\/strong><\/p>\n<p><em><strong>Zwi\u0119kszona produktywno\u015b\u0107:<\/strong> <\/em>Automatyzacja ca\u0142ego procesu ci\u0119cia i znakowania, znacznie przewy\u017cszaj\u0105ca metody r\u0119czne.<br \/>\n<em><strong>Najwy\u017csza dok\u0142adno\u015b\u0107 i jako\u015b\u0107:<\/strong><\/em>Uzyskaj sp\u00f3jne, precyzyjne ci\u0119cia za ka\u017cdym razem, poprawiaj\u0105c jako\u015b\u0107 gotowej odzie\u017cy.<br \/>\n<em><strong>Ogromne oszcz\u0119dno\u015bci materia\u0142owe:<\/strong><\/em> Zaawansowane oprogramowanie do nestingu i eliminacja b\u0142\u0119d\u00f3w r\u0119cznych prowadz\u0105 do bezpo\u015bredniej redukcji odpad\u00f3w tkanin, zwi\u0119kszaj\u0105c rentowno\u015b\u0107.<br \/>\n<strong><em>Ni\u017csze koszty pracy:<\/em><\/strong> Jeden operator mo\u017ce zarz\u0105dza\u0107 ca\u0142ym procesem ci\u0119cia, uwalniaj\u0105c wykwalifikowan\u0105 si\u0142\u0119 robocz\u0105 do innych zada\u0144.<br \/>\n<em><strong>Elastyczno\u015b\u0107:<\/strong> <\/em>Szybko prze\u0142\u0105cza si\u0119 mi\u0119dzy r\u00f3\u017cnymi wzorami ci\u0119cia i zadaniami, dzi\u0119ki czemu idealnie nadaje si\u0119 zar\u00f3wno do du\u017cych serii, jak i kr\u00f3tkich, niestandardowych zam\u00f3wie\u0144.<\/p>\n<p>Zmodernizuj swoj\u0105 lini\u0119 produkcyjn\u0105 odzie\u017cy dzi\u0119ki inteligentnej automatyzacji WS1625. Skontaktuj si\u0119 z nami ju\u017c dzi\u015b, aby poprosi\u0107 o wycen\u0119 i zobaczy\u0107, jak to rozwi\u0105zanie mo\u017ce zmieni\u0107 Tw\u00f3j biznes.<\/p>\n<p><strong>Parametr techniczny WS1625 przeno\u015bnika sto\u0142owego CNC Okr\u0105g\u0142y n\u00f3\u017c Maszyna do ci\u0119cia tkanin tekstylnych:<\/strong><\/p>\n<table>\n<tbody>\n<tr>\n<td colspan=\"2\" width=\"1324\"><strong>Opis i specyfikacja<\/strong><\/td>\n<\/tr>\n<tr>\n<td width=\"354\">X rozmiar roboczy<\/td>\n<td width=\"970\">1600 mm<\/td>\n<\/tr>\n<tr>\n<td width=\"354\">Rozmiar roboczy Y<\/td>\n<td width=\"970\">2500 mm<\/td>\n<\/tr>\n<tr>\n<td width=\"354\">Rozmiar roboczy Z<\/td>\n<td width=\"970\">1-5 mm<\/td>\n<\/tr>\n<tr>\n<td width=\"354\">G\u0142owica tn\u0105ca<\/td>\n<td width=\"970\">Okr\u0105g\u0142e obrotowe narz\u0119dzia do ci\u0119cia tekstyli\u00f3w + pisak do znakowania<\/td>\n<\/tr>\n<tr>\n<td width=\"354\">Spos\u00f3b wy\u015bwietlania<\/td>\n<td width=\"970\">Ekran dotykowy LED w j\u0119zyku angielskim<\/td>\n<\/tr>\n<tr>\n<td width=\"354\">\u0141\u00f3\u017cko maszyny<\/td>\n<td width=\"970\">Gruby aluminiowy mieszek dla lepszego ssania<\/td>\n<\/tr>\n<tr>\n<td width=\"354\">St\u00f3\u0142 maszynowy<\/td>\n<td width=\"970\">tabela przenoszenia<\/td>\n<\/tr>\n<tr>\n<td width=\"354\">Urz\u0105dzenie do rozwijania i wyr\u00f3wnywania<\/td>\n<td width=\"970\">z<\/td>\n<\/tr>\n<tr>\n<td width=\"354\">Pompa pr\u00f3\u017cniowa<\/td>\n<td width=\"970\">Pneumatyczna pompa pr\u00f3\u017cniowa o mocy 9 kW<\/td>\n<\/tr>\n<tr>\n<td width=\"354\">System nap\u0119dowy<\/td>\n<td width=\"970\">Tajwa\u0144ski sterownik serwomechanizmu delta i silnik<\/td>\n<\/tr>\n<tr>\n<td width=\"354\">System sterowania<\/td>\n<td width=\"970\">System kontroli RD<\/td>\n<\/tr>\n<tr>\n<td width=\"354\">System prowadzenia<\/td>\n<td width=\"970\">Tajwa\u0144ska szyna kwadratowa TBI<\/td>\n<\/tr>\n<tr>\n<td width=\"354\">Czujnik narz\u0119dzia<\/td>\n<td width=\"970\">Z czerwon\u0105 kropk\u0105<\/td>\n<\/tr>\n<tr>\n<td width=\"354\">Transmisja<\/td>\n<td width=\"970\">Z\u0119batka Y, stalowy pasek synchroniczny XZ<\/td>\n<\/tr>\n<tr>\n<td width=\"354\">Pr\u0119dko\u015b\u0107 ci\u0119cia<\/td>\n<td width=\"970\">30 m\/min<\/td>\n<\/tr>\n<tr>\n<td width=\"354\">Pr\u0119dko\u015b\u0107 jazdy<\/td>\n<td width=\"970\">50 m\/min<\/td>\n<\/tr>\n<tr>\n<td width=\"354\">Waga<\/td>\n<td width=\"970\">Oko\u0142o 600 kg<\/td>\n<\/tr>\n<tr>\n<td width=\"354\">Rozmiar maszyny<\/td>\n<td width=\"970\">3200*2250*1650mm<\/td>\n<\/tr>\n<tr>\n<td width=\"354\">Moc<\/td>\n<td width=\"970\">380V 3 fazy 50HZ<\/td>\n<\/tr>\n<tr>\n<td width=\"354\">Oprogramowanie<\/td>\n<td width=\"970\">Oprogramowanie Vcutworks<\/td>\n<\/tr>\n<\/tbody>\n<\/table>\n<p><strong><em><u><b><i>Odpowiedni materia\u0142: <\/i><\/b><\/u><\/em><\/strong>flanela do strzy\u017cenia owiec, tkanina UV, w\u0142\u00f3kno w\u0119glowe, w\u0142\u00f3kno szklane, baner serpentynowy, tkaniny flagowe, tkanina na sofy, tkanina zas\u0142onowa, mi\u0119kka elastyczna tkanina, lycra, tafta poliestrowa, sztuczna sk\u00f3ra, pcv, tworzywa sztuczne, takie jak pleksi, tkaniny odporne na \u015bwiat\u0142o i inne rodzaje tekstyli\u00f3w, stosowane w przemy\u015ble odzie\u017cowym lub meblarskim.<\/p>\n<p><strong>Zdj\u0119cia maszyny:<\/strong><\/p>\n<p><img alt=\"\" fetchpriority=\"high\" decoding=\"async\" class=\"alignnone size-full wp-image-4184\" src=\"https:\/\/wisecnclaser.com\/wp-content\/uploads\/2025\/09\/\u5706\u5200\u5e26\u7ea0\u504f\u753b\u7ebf\u7b14\u62fc\u56fe.jpg\" width=\"1200\" height=\"1200\" srcset=\"https:\/\/wisecnclaser.com\/wp-content\/uploads\/2025\/09\/\u5706\u5200\u5e26\u7ea0\u504f\u753b\u7ebf\u7b14\u62fc\u56fe.jpg 1200w, https:\/\/wisecnclaser.com\/wp-content\/uploads\/2025\/09\/\u5706\u5200\u5e26\u7ea0\u504f\u753b\u7ebf\u7b14\u62fc\u56fe-300x300.jpg 300w, https:\/\/wisecnclaser.com\/wp-content\/uploads\/2025\/09\/\u5706\u5200\u5e26\u7ea0\u504f\u753b\u7ebf\u7b14\u62fc\u56fe-1024x1024.jpg 1024w, https:\/\/wisecnclaser.com\/wp-content\/uploads\/2025\/09\/\u5706\u5200\u5e26\u7ea0\u504f\u753b\u7ebf\u7b14\u62fc\u56fe-150x150.jpg 150w, https:\/\/wisecnclaser.com\/wp-content\/uploads\/2025\/09\/\u5706\u5200\u5e26\u7ea0\u504f\u753b\u7ebf\u7b14\u62fc\u56fe-768x768.jpg 768w, https:\/\/wisecnclaser.com\/wp-content\/uploads\/2025\/09\/\u5706\u5200\u5e26\u7ea0\u504f\u753b\u7ebf\u7b14\u62fc\u56fe-12x12.jpg 12w, https:\/\/wisecnclaser.com\/wp-content\/uploads\/2025\/09\/\u5706\u5200\u5e26\u7ea0\u504f\u753b\u7ebf\u7b14\u62fc\u56fe-600x600.jpg 600w, https:\/\/wisecnclaser.com\/wp-content\/uploads\/2025\/09\/\u5706\u5200\u5e26\u7ea0\u504f\u753b\u7ebf\u7b14\u62fc\u56fe-100x100.jpg 100w\" sizes=\"(max-width: 1200px) 100vw, 1200px\" \/><\/p>","protected":false},"excerpt":{"rendered":"<p>WS1625 CNC Rotary Knife Textile Cutter-Precision, Automation, and Versatility for Modern Textile Manufacturing In the fast-paced world of apparel manufacturing, efficiency and precision are not just advantages\u2014they are necessities. The WS1625 Computer Controlled Automatic CNC Fabric Cutting Machine is engineered to meet these demands head-on, offering a comprehensive and automated cutting solution designed to streamline [&hellip;]<\/p>\n","protected":false},"featured_media":4185,"template":"","meta":{"_seopress_robots_primary_cat":"none","_seopress_titles_title":"","_seopress_titles_desc":"","_seopress_robots_index":"","_uag_custom_page_level_css":"","site-sidebar-layout":"default","site-content-layout":"","ast-site-content-layout":"default","site-content-style":"default","site-sidebar-style":"default","ast-global-header-display":"","ast-banner-title-visibility":"","ast-main-header-display":"","ast-hfb-above-header-display":"","ast-hfb-below-header-display":"","ast-hfb-mobile-header-display":"","site-post-title":"","ast-breadcrumbs-content":"","ast-featured-img":"","footer-sml-layout":"","ast-disable-related-posts":"","theme-transparent-header-meta":"default","adv-header-id-meta":"","stick-header-meta":"default","header-above-stick-meta":"","header-main-stick-meta":"","header-below-stick-meta":"","astra-migrate-meta-layouts":"set","ast-page-background-enabled":"default","ast-page-background-meta":{"desktop":{"background-color":"","background-image":"","background-repeat":"repeat","background-position":"center center","background-size":"auto","background-attachment":"scroll","background-type":"","background-media":"","overlay-type":"","overlay-color":"","overlay-opacity":"","overlay-gradient":""},"tablet":{"background-color":"","background-image":"","background-repeat":"repeat","background-position":"center center","background-size":"auto","background-attachment":"scroll","background-type":"","background-media":"","overlay-type":"","overlay-color":"","overlay-opacity":"","overlay-gradient":""},"mobile":{"background-color":"","background-image":"","background-repeat":"repeat","background-position":"center center","background-size":"auto","background-attachment":"scroll","background-type":"","background-media":"","overlay-type":"","overlay-color":"","overlay-opacity":"","overlay-gradient":""}},"ast-content-background-meta":{"desktop":{"background-color":"var(--ast-global-color-5)","background-image":"","background-repeat":"repeat","background-position":"center center","background-size":"auto","background-attachment":"scroll","background-type":"","background-media":"","overlay-type":"","overlay-color":"","overlay-opacity":"","overlay-gradient":""},"tablet":{"background-color":"var(--ast-global-color-5)","background-image":"","background-repeat":"repeat","background-position":"center center","background-size":"auto","background-attachment":"scroll","background-type":"","background-media":"","overlay-type":"","overlay-color":"","overlay-opacity":"","overlay-gradient":""},"mobile":{"background-color":"var(--ast-global-color-5)","background-image":"","background-repeat":"repeat","background-position":"center center","background-size":"auto","background-attachment":"scroll","background-type":"","background-media":"","overlay-type":"","overlay-color":"","overlay-opacity":"","overlay-gradient":""}}},"product_brand":[],"product_cat":[21],"product_tag":[156,159,167,154,158,165,162,163,164,161,160,166,157,155],"class_list":{"0":"post-4181","1":"product","2":"type-product","3":"status-publish","4":"has-post-thumbnail","6":"product_cat-oscillating","7":"product_tag-automated-textile-cutting-machine","8":"product_tag-automatic-textile-cutting-line-with-roll-loading-system","9":"product_tag-cnc-cloth-cutting-machine","10":"product_tag-cnc-fabric-cutter","11":"product_tag-cnc-fabric-cutter-with-automatic-spreader","12":"product_tag-cnc-fabric-cutting-machine","13":"product_tag-cnc-knife-cutting-machine-for-apparel","14":"product_tag-cnc-knife-fabric-cutter","15":"product_tag-cnc-knife-textile-cutter","16":"product_tag-cnc-rotary-knife-fabric-cutting-machine","17":"product_tag-cnc-round-knife-textile-cutting-machine","18":"product_tag-cnc-textile-cutting-machine","19":"product_tag-computer-controlled-cloth-cutter","20":"product_tag-digital-cutter-for-apparel","21":"desktop-align-left","22":"tablet-align-left","23":"mobile-align-left","24":"ast-product-gallery-layout-horizontal-slider","25":"ast-product-gallery-with-no-image","26":"ast-product-tabs-layout-horizontal","28":"first","29":"instock","30":"shipping-taxable","31":"product-type-simple"},"uagb_featured_image_src":{"full":["https:\/\/wisecnclaser.com\/wp-content\/uploads\/2025\/09\/QQ20250915-104132.jpg",804,800,false],"thumbnail":["https:\/\/wisecnclaser.com\/wp-content\/uploads\/2025\/09\/QQ20250915-104132-150x150.jpg",150,150,true],"medium":["https:\/\/wisecnclaser.com\/wp-content\/uploads\/2025\/09\/QQ20250915-104132-300x300.jpg",300,300,true],"medium_large":["https:\/\/wisecnclaser.com\/wp-content\/uploads\/2025\/09\/QQ20250915-104132-768x764.jpg",768,764,true],"large":["https:\/\/wisecnclaser.com\/wp-content\/uploads\/2025\/09\/QQ20250915-104132.jpg",804,800,false],"1536x1536":["https:\/\/wisecnclaser.com\/wp-content\/uploads\/2025\/09\/QQ20250915-104132.jpg",804,800,false],"2048x2048":["https:\/\/wisecnclaser.com\/wp-content\/uploads\/2025\/09\/QQ20250915-104132.jpg",804,800,false],"trp-custom-language-flag":["https:\/\/wisecnclaser.com\/wp-content\/uploads\/2025\/09\/QQ20250915-104132-12x12.jpg",12,12,true],"woocommerce_thumbnail":["https:\/\/wisecnclaser.com\/wp-content\/uploads\/2025\/09\/QQ20250915-104132-300x300.jpg",300,300,true],"woocommerce_single":["https:\/\/wisecnclaser.com\/wp-content\/uploads\/2025\/09\/QQ20250915-104132-600x597.jpg",600,597,true],"woocommerce_gallery_thumbnail":["https:\/\/wisecnclaser.com\/wp-content\/uploads\/2025\/09\/QQ20250915-104132-100x100.jpg",100,100,true]},"uagb_author_info":{"display_name":"jinxing6611@gmail.com","author_link":"https:\/\/wisecnclaser.com\/pl\/author\/"},"uagb_comment_info":0,"uagb_excerpt":"WS1625 CNC Rotary Knife Textile Cutter-Precision, Automation, and Versatility for Modern Textile Manufacturing In the fast-paced world of apparel manufacturing, efficiency and precision are not just advantages\u2014they are necessities. The WS1625 Computer Controlled Automatic CNC Fabric Cutting Machine is engineered to meet these demands head-on, offering a comprehensive and automated cutting solution designed to streamline&hellip;","_links":{"self":[{"href":"https:\/\/wisecnclaser.com\/pl\/wp-json\/wp\/v2\/product\/4181","targetHints":{"allow":["GET"]}}],"collection":[{"href":"https:\/\/wisecnclaser.com\/pl\/wp-json\/wp\/v2\/product"}],"about":[{"href":"https:\/\/wisecnclaser.com\/pl\/wp-json\/wp\/v2\/types\/product"}],"wp:featuredmedia":[{"embeddable":true,"href":"https:\/\/wisecnclaser.com\/pl\/wp-json\/wp\/v2\/media\/4185"}],"wp:attachment":[{"href":"https:\/\/wisecnclaser.com\/pl\/wp-json\/wp\/v2\/media?parent=4181"}],"wp:term":[{"taxonomy":"product_brand","embeddable":true,"href":"https:\/\/wisecnclaser.com\/pl\/wp-json\/wp\/v2\/product_brand?post=4181"},{"taxonomy":"product_cat","embeddable":true,"href":"https:\/\/wisecnclaser.com\/pl\/wp-json\/wp\/v2\/product_cat?post=4181"},{"taxonomy":"product_tag","embeddable":true,"href":"https:\/\/wisecnclaser.com\/pl\/wp-json\/wp\/v2\/product_tag?post=4181"}],"curies":[{"name":"wp","href":"https:\/\/api.w.org\/{rel}","templated":true}]}}