{"id":4193,"date":"2025-09-30T06:23:32","date_gmt":"2025-09-30T06:23:32","guid":{"rendered":"https:\/\/wisecnclaser.com\/?post_type=product&#038;p=4193"},"modified":"2025-09-22T06:51:10","modified_gmt":"2025-09-22T06:51:10","slug":"ws2800-cnc-woodworking-automatic-computer-panel-beam-saw","status":"publish","type":"product","link":"https:\/\/wisecnclaser.com\/pl\/produkt\/ws2800-cnc-woodworking-automatic-computer-panel-beam-saw\/","title":{"rendered":"WS2800 Automatyczna komputerowa pi\u0142a panelowa CNC do obr\u00f3bki drewna"},"content":{"rendered":"<p>1. Pi\u0142a panelowa CNC WS2800 Przegl\u0105d sprz\u0119tu:<br \/>\nMaszyna ta nadaje si\u0119 do ci\u0119cia i obr\u00f3bki p\u0142yt wi\u00f3rowych, p\u0142yt wielowarstwowych, p\u0142yt pil\u015bniowych o \u015bredniej g\u0119sto\u015bci, p\u0142yt pil\u015bniowych o du\u017cej g\u0119sto\u015bci, p\u0142yt wi\u00f3rowych, p\u0142yt PCV, p\u0142yt ze sztucznego kamienia, p\u0142yt z krzemianu wapnia do zewn\u0119trznych paneli \u015bciennych, kartonu i aluminiowego plastra miodu. Zar\u00f3wno g\u0142\u00f3wna pi\u0142a, jak i podajnik s\u0105 prowadzone przez prowadnice liniowe, co zapewnia doskona\u0142\u0105 precyzj\u0119. Dok\u0142adno\u015b\u0107 pozycjonowania jest niezale\u017cna od otaczaj\u0105cego \u015brodowiska i p\u00f3l magnetycznych, dzi\u0119ki czemu jest bezpieczna i stabilna, nie wymaga konserwacji ani regulacji. Py\u0142 z pi\u0142y jest precyzyjnie zbierany, osi\u0105gaj\u0105c wska\u017anik zbierania py\u0142u bliski 100%, w przeciwie\u0144stwie do tradycyjnego zbierania py\u0142u typu otwartego.<\/p>\n<p>Rami\u0119 robota mo\u017ce osi\u0105gn\u0105\u0107 minimaln\u0105 pr\u0119dko\u015b\u0107 ci\u0119cia 30*45 mm. Pr\u0119dko\u015b\u0107 ci\u0119cia kontrolowana jest przez silnik serwo, dzi\u0119ki czemu mo\u017cliwe jest ci\u0119cie CNC z podw\u00f3jnym serwomechanizmem, co zapewnia doskona\u0142\u0105 stabilno\u015b\u0107 ci\u0119cia. Posiada r\u00f3wnie\u017c system wykrywania usterek online, automatycznie wy\u0142\u0105czaj\u0105cy maszyn\u0119 w przypadku wyst\u0105pienia usterki oraz automatyczne wykrywanie usterek w celu szybkiego rozwi\u0105zywania problem\u00f3w. Wizualne monitorowanie stanu ci\u0119cia pozwala na ci\u0105g\u0142e monitorowanie wizualne, a inteligentne oprogramowanie do optymalizacji ci\u0119cia oszcz\u0119dza czas, materia\u0142y i prac\u0119. Charakteryzuje si\u0119 automatyzacj\u0105, wysok\u0105 wydajno\u015bci\u0105, precyzj\u0105 i estetyk\u0105. Jest szeroko stosowany przez producent\u00f3w mebli panelowych zar\u00f3wno w kraju, jak i za granic\u0105, i mo\u017ce pochwali\u0107 si\u0119 wysok\u0105 wydajno\u015bci\u0105.<\/p>\n<p>&nbsp;<\/p>\n<p>Automatyczna pilarka komputerowa WS2800 posiada r\u00f3wnie\u017c nast\u0119puj\u0105ce funkcje:<br \/>\n\u2460. Komponenty elektryczne wykorzystuj\u0105 renomowane mi\u0119dzynarodowe i krajowe marki, takie jak Taiwan Yonghong System, INVT Servo and Inverter, Schneider Electric i Taiwan Airtek Pneumatic Solenoid Valves, zapewniaj\u0105c stabiln\u0105 prac\u0119.<br \/>\n\u2461. Precyzyjna rama jest skrupulatnie obrobiona maszynowo w celu zapewnienia wysokiej dok\u0142adno\u015bci i niezawodno\u015bci. Nie jest wymagana elektroniczna kompensacja pozycjonowania skali, a na dok\u0142adno\u015b\u0107 nie ma wp\u0142ywu otaczaj\u0105ce \u015brodowisko i pola magnetyczne. Jest bezpieczny i stabilny, zapewniaj\u0105c dok\u0142adno\u015b\u0107 ci\u0119cia bez konieczno\u015bci konserwacji.<br \/>\n\u2462. Zastosowano wysokiej jako\u015bci elastyczne kable robotyczne, kt\u00f3re znacznie wyd\u0142u\u017caj\u0105 \u017cywotno\u015b\u0107.<br \/>\n\u2463. Po spawaniu rama jest poddawana podw\u00f3jnemu starzeniu elektromagnetycznemu i wy\u017carzaniu, co zapewnia trwa\u0142\u0105, nieodkszta\u0142caln\u0105 ram\u0119.<\/p>\n<p>&nbsp;<\/p>\n<p>2. Pi\u0142a panelowa do obr\u00f3bki drewna Sprz\u0119t Proces dzia\u0142ania:<br \/>\nOperator umieszcza surowiec do obr\u00f3bki na stole roboczym skomputeryzowanej pilarki panelowej lub korzysta z automatycznego urz\u0105dzenia za\u0142adowczego.<br \/>\nWprowad\u017a wymagane wymiary - Za\u0142aduj - Naci\u015bnij przycisk, aby poinstruowa\u0107 zacisk do zaci\u015bni\u0119cia materia\u0142u - Rozpocznij prac\u0119 automatyczn\u0105 - Naci\u015bnij przycisk, aby poinstruowa\u0107 zacisk do zaci\u015bni\u0119cia materia\u0142u.<br \/>\nWej\u015bcie w tryb automatyczny - Automatyczne pozycjonowanie - Automatyczne wyr\u00f3wnywanie kraw\u0119dzi - Automatyczne ci\u0119cie - Automatyczny wy\u0142adunek materia\u0142u - Automatyczne skanowanie kodu - R\u0119czne nanoszenie kodu - Automatyczne ci\u0119cie ko\u0144czy wszystkie operacje ci\u0119cia<\/p>\n<p>3. Konfiguracja funkcjonalna:<br \/>\n\u2460. Serwomechanizm INVT i precyzyjna przek\u0142adnia z\u0119bata Taiwan KH.<br \/>\n\u2461. Prowadnice pi\u0142y g\u0142\u00f3wnej wykorzystuj\u0105 prowadnice okr\u0105g\u0142e, kt\u00f3re nie posiadaj\u0105 rowk\u00f3w, s\u0105 odporne na py\u0142, \u0142atwe w czyszczeniu i proste w konserwacji.<\/p>\n<p>\u2462. Zar\u00f3wno st\u00f3\u0142 za\u0142adowczy, jak i st\u00f3\u0142 do ci\u0119cia wykorzystuj\u0105 pneumatyczne p\u0142ywaki, dzi\u0119ki czemu przesuwanie materia\u0142u jest \u0142atwiejsze i mniej pracoch\u0142onne, a tak\u017ce zapobiega zarysowaniom powierzchni obrabianego przedmiotu. \u2463. Pi\u0142y g\u0142\u00f3wne i pomocnicze wykorzystuj\u0105 niezale\u017cne systemy sterowania podnoszeniem, automatycznie wykrywaj\u0105ce wysoko\u015b\u0107 i szeroko\u015b\u0107 brzeszczotu w zale\u017cno\u015bci od grubo\u015bci materia\u0142u, umo\u017cliwiaj\u0105c automatyczne pozycjonowanie skoku ci\u0119cia brzeszczotu, redukuj\u0105c straty czasu i poprawiaj\u0105c wydajno\u015b\u0107 pracy.<br \/>\n\u2464. System sterowania charakteryzuje si\u0119 prostym interfejsem i \u0142atw\u0105 obs\u0142ug\u0105, z instrukcjami obs\u0142ugi i przewodnikami rozwi\u0105zywania problem\u00f3w. Umo\u017cliwia edycj\u0119 i zarz\u0105dzanie planami ci\u0119cia, zadaniami i symulacj\u0105 ci\u0119cia. Jest kompatybilny z r\u00f3\u017cnym oprogramowaniem do optymalizacji ci\u0119cia, oprogramowaniem do zarz\u0105dzania kodami kreskowymi i oprogramowaniem do automatyzacji fabryki.<br \/>\n\u2465. Elastyczny blok mocuj\u0105cy manipulatora z podw\u00f3jnym zaciskiem jest pokryty gum\u0105, co zapewnia odporno\u015b\u0107 na nacisk i zu\u017cycie.<br \/>\n\u2466. Manipulator wykorzystuje sterowanie serwomotorem i precyzyjny reduktor \u015blimakowy, osi\u0105gaj\u0105c dok\u0142adno\u015b\u0107 pozycjonowania \u00b10,1 mm.<br \/>\n\u2467. Du\u017ca i ma\u0142a g\u0142owica pi\u0142y s\u0105 ustawione pionowo, z jedn\u0105 g\u0142owic\u0105 zamontowan\u0105 w przeciwnym kierunku, co zapewnia g\u0142adkie, p\u0142askie ci\u0119cie bez odprysk\u00f3w i rozszczepie\u0144.<\/p>\n<p><strong>Parametry techniczne pi\u0142y komputerowej WS2800 do paneli drewnianych:<\/strong><\/p>\n<table>\n<tbody>\n<tr>\n<td width=\"340\">Komputer i sterownik PLC<\/td>\n<td width=\"813\">w zestawie<\/td>\n<\/tr>\n<tr>\n<td width=\"340\">Drukarka<\/td>\n<td width=\"813\">Opcjonalnie<\/td>\n<\/tr>\n<tr>\n<td width=\"340\">Zoptymalizowane oprogramowanie<\/td>\n<td width=\"813\">Opcjonalnie<\/td>\n<\/tr>\n<tr>\n<td width=\"340\">Side Aligner<\/td>\n<td width=\"813\">Opcjonalnie<\/td>\n<\/tr>\n<tr>\n<td width=\"340\">D\u0142ugo\u015b\u0107\/szeroko\u015b\u0107 ci\u0119cia<\/td>\n<td width=\"813\">2800 mm<\/td>\n<\/tr>\n<tr>\n<td width=\"340\">Maksymalna wysoko\u015b\u0107 ci\u0119cia<\/td>\n<td width=\"813\">120 mm<\/td>\n<\/tr>\n<tr>\n<td width=\"340\">\u015arednica tarczy g\u0142\u00f3wnej<\/td>\n<td width=\"813\">\u03a6400-450mm<\/td>\n<\/tr>\n<tr>\n<td width=\"340\">\u015arednica wrzeciona tarczy g\u0142\u00f3wnej<\/td>\n<td width=\"813\">\u03a675mm<\/td>\n<\/tr>\n<tr>\n<td width=\"340\">Mniejsza \u015brednica tarczy<\/td>\n<td width=\"813\">\u03a6200mm<\/td>\n<\/tr>\n<tr>\n<td width=\"340\">\u015arednica wrzeciona tarczy ma\u0142ej<\/td>\n<td width=\"813\">\u03a650mm<\/td>\n<\/tr>\n<tr>\n<td width=\"340\">Pr\u0119dko\u015b\u0107 obrotowa tarczy g\u0142\u00f3wnej\/pr\u0119dko\u015b\u0107 regulacji falownika<\/td>\n<td width=\"813\">4100 obr\/min<\/td>\n<\/tr>\n<tr>\n<td width=\"340\">Mniejsza pr\u0119dko\u015b\u0107 obrotowa tarczy\/pr\u0119dko\u015b\u0107 regulacji falownika<\/td>\n<td width=\"813\">6100 obr\/min<\/td>\n<\/tr>\n<tr>\n<td width=\"340\">Pr\u0119dko\u015b\u0107 przesuwu w\u00f3zka pi\u0142y<\/td>\n<td width=\"813\">100 m\/min (z regulacj\u0105)<\/td>\n<\/tr>\n<tr>\n<td width=\"340\">pr\u0119dko\u015b\u0107 wsteczna w\u00f3zka pi\u0142y<\/td>\n<td width=\"813\">120 m\/min (z regulacj\u0105)<\/td>\n<\/tr>\n<tr>\n<td width=\"340\">Silnik tarczy g\u0142\u00f3wnej<\/td>\n<td width=\"813\">18,5 kW<\/td>\n<\/tr>\n<tr>\n<td width=\"340\">Ma\u0142y silnik tarczowy<\/td>\n<td width=\"813\">2,2 kW<\/td>\n<\/tr>\n<tr>\n<td width=\"340\">Silnik nap\u0119dowy w\u00f3zka pi\u0142y<\/td>\n<td width=\"813\">2,0 kW \uff08Serwomechanizm INVT\uff09<\/td>\n<\/tr>\n<tr>\n<td width=\"340\">Silnik podaj\u0105cy do ustalania pozycji<\/td>\n<td width=\"813\">2,0 kW \uff08Serwomechanizm INVT\uff09<\/td>\n<\/tr>\n<tr>\n<td width=\"340\">Wysokoci\u015bnieniowa pompa powietrza<\/td>\n<td width=\"813\">4 kW + 2,2 kW<\/td>\n<\/tr>\n<tr>\n<td width=\"340\">Ca\u0142kowita moc<\/td>\n<td width=\"813\">31kw<\/td>\n<\/tr>\n<tr>\n<td width=\"340\">Automatyczna pr\u0119dko\u015b\u0107 podawania<\/td>\n<td width=\"813\">100\/min\uff08dostosowane\uff09<\/td>\n<\/tr>\n<tr>\n<td width=\"340\">Wymagane ci\u015bnienie<\/td>\n<td width=\"813\">5-8 kg\/cm\u00b2<\/td>\n<\/tr>\n<tr>\n<td width=\"340\">Wysoko\u015b\u0107 sto\u0142u roboczego<\/td>\n<td width=\"813\">950 mm<\/td>\n<\/tr>\n<tr>\n<td width=\"340\">Zaciski mechaniczne<\/td>\n<td width=\"813\">12-15 sztuk<\/td>\n<\/tr>\n<tr>\n<td width=\"340\">Ca\u0142kowity rozmiar maszyny<\/td>\n<td width=\"813\">5100*6300*1900 mm<\/td>\n<\/tr>\n<\/tbody>\n<\/table>","protected":false},"excerpt":{"rendered":"<p>1. WS2800 CNC Beam Panel Saw Equipment Overview: This machine is suitable for sawing and processing particle board, multilayer board, medium-density fiberboard, density fiberboard, particleboard, PVC board, artificial stone board, calcium silicate board for exterior wall panels, cardboard, and aluminum honeycomb. Both the main saw and feeder are guided by linear guides, ensuring superior precision. [&hellip;]<\/p>\n","protected":false},"featured_media":4196,"template":"","meta":{"_seopress_robots_primary_cat":"","_seopress_titles_title":"%%post_title%%","_seopress_titles_desc":"","_seopress_robots_index":"","_uag_custom_page_level_css":"","site-sidebar-layout":"default","site-content-layout":"","ast-site-content-layout":"default","site-content-style":"default","site-sidebar-style":"default","ast-global-header-display":"","ast-banner-title-visibility":"","ast-main-header-display":"","ast-hfb-above-header-display":"","ast-hfb-below-header-display":"","ast-hfb-mobile-header-display":"","site-post-title":"","ast-breadcrumbs-content":"","ast-featured-img":"","footer-sml-layout":"","ast-disable-related-posts":"","theme-transparent-header-meta":"default","adv-header-id-meta":"","stick-header-meta":"default","header-above-stick-meta":"","header-main-stick-meta":"","header-below-stick-meta":"","astra-migrate-meta-layouts":"set","ast-page-background-enabled":"default","ast-page-background-meta":{"desktop":{"background-color":"","background-image":"","background-repeat":"repeat","background-position":"center center","background-size":"auto","background-attachment":"scroll","background-type":"","background-media":"","overlay-type":"","overlay-color":"","overlay-opacity":"","overlay-gradient":""},"tablet":{"background-color":"","background-image":"","background-repeat":"repeat","background-position":"center center","background-size":"auto","background-attachment":"scroll","background-type":"","background-media":"","overlay-type":"","overlay-color":"","overlay-opacity":"","overlay-gradient":""},"mobile":{"background-color":"","background-image":"","background-repeat":"repeat","background-position":"center center","background-size":"auto","background-attachment":"scroll","background-type":"","background-media":"","overlay-type":"","overlay-color":"","overlay-opacity":"","overlay-gradient":""}},"ast-content-background-meta":{"desktop":{"background-color":"var(--ast-global-color-5)","background-image":"","background-repeat":"repeat","background-position":"center center","background-size":"auto","background-attachment":"scroll","background-type":"","background-media":"","overlay-type":"","overlay-color":"","overlay-opacity":"","overlay-gradient":""},"tablet":{"background-color":"var(--ast-global-color-5)","background-image":"","background-repeat":"repeat","background-position":"center center","background-size":"auto","background-attachment":"scroll","background-type":"","background-media":"","overlay-type":"","overlay-color":"","overlay-opacity":"","overlay-gradient":""},"mobile":{"background-color":"var(--ast-global-color-5)","background-image":"","background-repeat":"repeat","background-position":"center center","background-size":"auto","background-attachment":"scroll","background-type":"","background-media":"","overlay-type":"","overlay-color":"","overlay-opacity":"","overlay-gradient":""}}},"product_brand":[],"product_cat":[39],"product_tag":[180,179,168,170,182,183,176,169,178,101,171,172,174,173,181,177,175],"class_list":{"0":"post-4193","1":"product","2":"type-product","3":"status-publish","4":"has-post-thumbnail","6":"product_cat-cuttingsaw","7":"product_tag-auto-beam-saw-machine","8":"product_tag-automatic-cnc-beam-saw-machine","9":"product_tag-automatic-computer-panel-saw","10":"product_tag-beam-panel-saw","11":"product_tag-beam-saw-uk","12":"product_tag-best-cnc-beam-saw","13":"product_tag-cnc-computer-beam-panel-saw","14":"product_tag-cnc-panel-saw","15":"product_tag-computer-panel-saw","16":"product_tag-electric-cutting-saw","17":"product_tag-horizontal-beam-saw","18":"product_tag-panel-beam-saw","19":"product_tag-pressure-beam-saw","20":"product_tag-vertical-panel-saw","21":"product_tag-wodworking-panel-beam-saw","22":"product_tag-wood-panel-computer-saw-machine","23":"product_tag-woodworking-computer-panel-saw","24":"desktop-align-left","25":"tablet-align-left","26":"mobile-align-left","27":"ast-product-gallery-layout-horizontal-slider","28":"ast-product-gallery-with-no-image","29":"ast-product-tabs-layout-horizontal","31":"first","32":"instock","33":"shipping-taxable","34":"product-type-simple"},"uagb_featured_image_src":{"full":["https:\/\/wisecnclaser.com\/wp-content\/uploads\/2025\/09\/KH828.png",806,802,false],"thumbnail":["https:\/\/wisecnclaser.com\/wp-content\/uploads\/2025\/09\/KH828-150x150.png",150,150,true],"medium":["https:\/\/wisecnclaser.com\/wp-content\/uploads\/2025\/09\/KH828-300x300.png",300,300,true],"medium_large":["https:\/\/wisecnclaser.com\/wp-content\/uploads\/2025\/09\/KH828-768x764.png",768,764,true],"large":["https:\/\/wisecnclaser.com\/wp-content\/uploads\/2025\/09\/KH828.png",806,802,false],"1536x1536":["https:\/\/wisecnclaser.com\/wp-content\/uploads\/2025\/09\/KH828.png",806,802,false],"2048x2048":["https:\/\/wisecnclaser.com\/wp-content\/uploads\/2025\/09\/KH828.png",806,802,false],"trp-custom-language-flag":["https:\/\/wisecnclaser.com\/wp-content\/uploads\/2025\/09\/KH828-12x12.png",12,12,true],"woocommerce_thumbnail":["https:\/\/wisecnclaser.com\/wp-content\/uploads\/2025\/09\/KH828-300x300.png",300,300,true],"woocommerce_single":["https:\/\/wisecnclaser.com\/wp-content\/uploads\/2025\/09\/KH828-600x597.png",600,597,true],"woocommerce_gallery_thumbnail":["https:\/\/wisecnclaser.com\/wp-content\/uploads\/2025\/09\/KH828-100x100.png",100,100,true]},"uagb_author_info":{"display_name":"jinxing6611@gmail.com","author_link":"https:\/\/wisecnclaser.com\/pl\/author\/"},"uagb_comment_info":0,"uagb_excerpt":"1. WS2800 CNC Beam Panel Saw Equipment Overview: This machine is suitable for sawing and processing particle board, multilayer board, medium-density fiberboard, density fiberboard, particleboard, PVC board, artificial stone board, calcium silicate board for exterior wall panels, cardboard, and aluminum honeycomb. Both the main saw and feeder are guided by linear guides, ensuring superior precision.&hellip;","_links":{"self":[{"href":"https:\/\/wisecnclaser.com\/pl\/wp-json\/wp\/v2\/product\/4193","targetHints":{"allow":["GET"]}}],"collection":[{"href":"https:\/\/wisecnclaser.com\/pl\/wp-json\/wp\/v2\/product"}],"about":[{"href":"https:\/\/wisecnclaser.com\/pl\/wp-json\/wp\/v2\/types\/product"}],"wp:featuredmedia":[{"embeddable":true,"href":"https:\/\/wisecnclaser.com\/pl\/wp-json\/wp\/v2\/media\/4196"}],"wp:attachment":[{"href":"https:\/\/wisecnclaser.com\/pl\/wp-json\/wp\/v2\/media?parent=4193"}],"wp:term":[{"taxonomy":"product_brand","embeddable":true,"href":"https:\/\/wisecnclaser.com\/pl\/wp-json\/wp\/v2\/product_brand?post=4193"},{"taxonomy":"product_cat","embeddable":true,"href":"https:\/\/wisecnclaser.com\/pl\/wp-json\/wp\/v2\/product_cat?post=4193"},{"taxonomy":"product_tag","embeddable":true,"href":"https:\/\/wisecnclaser.com\/pl\/wp-json\/wp\/v2\/product_tag?post=4193"}],"curies":[{"name":"wp","href":"https:\/\/api.w.org\/{rel}","templated":true}]}}