{"id":4302,"date":"2026-01-12T05:55:40","date_gmt":"2026-01-12T05:55:40","guid":{"rendered":"https:\/\/wisecnclaser.com\/?post_type=product&#038;p=4302"},"modified":"2026-01-12T05:55:41","modified_gmt":"2026-01-12T05:55:41","slug":"ws4500-automatic-computer-cnc-panel-saw-your-best-cnc-wood-cutting-saw-for-automated-panel-processing","status":"publish","type":"product","link":"https:\/\/wisecnclaser.com\/pl\/produkt\/ws4500-automatic-computer-cnc-panel-saw-your-best-cnc-wood-cutting-saw-for-automated-panel-processing\/","title":{"rendered":"WS4500 Automatyczna komputerowa pi\u0142a panelowa CNC - najlepsza pi\u0142a CNC do ci\u0119cia drewna do zautomatyzowanej obr\u00f3bki paneli"},"content":{"rendered":"<p>Komputerowa pi\u0142a panelowa WS4500: Odkryj precyzj\u0119 i wydajno\u015b\u0107 ci\u0119cia paneli<\/p>\n<p>&nbsp;<\/p>\n<p>Komputerowa pilarka panelowa z serii 4500 to szczytowe osi\u0105gni\u0119cie technologii automatycznego ci\u0119cia dla profesjonalist\u00f3w zajmuj\u0105cych si\u0119 obr\u00f3bk\u0105 drewna. Zaprojektowana z my\u015bl\u0105 o produkcji wielkoseryjnej, ta pilarka panelowa \u0142\u0105czy solidn\u0105 konstrukcj\u0119 z inteligentnym oprogramowaniem, zapewniaj\u0105c bezb\u0142\u0119dne, powtarzalne ci\u0119cia materia\u0142\u00f3w panelowych, takich jak sklejka, MDF, p\u0142yty wi\u00f3rowe i laminaty. Je\u015bli wymagasz dok\u0142adno\u015bci mierzonej w u\u0142amkach milimetra i wydajno\u015bci, kt\u00f3ra skraca czas produkcji, seria 4500 zosta\u0142a zaprojektowana dla Ciebie.<\/p>\n<p>&nbsp;<\/p>\n<p>Dlaczego seria 4500 jest uwa\u017cana za najlepsz\u0105 pi\u0142\u0119 CNC do ci\u0119cia drewna?<\/p>\n<p>&nbsp;<\/p>\n<ol>\n<li>\u00a0Niezr\u00f3wnana precyzja ci\u0119cia i czyste wyko\u0144czenie: Nasz zaawansowany system serwonap\u0119du i sztywny mechanizm prowadz\u0105cy zapewniaj\u0105, \u017ce ka\u017cde ci\u0119cie jest idealnie prostopad\u0142e i pozbawione wi\u00f3r\u00f3w. Automatyczne sterowanie pi\u0142\u0105 wi\u0105zk\u0105 komputerow\u0105 eliminuje b\u0142\u0119dy ludzkie, gwarantuj\u0105c sp\u00f3jne wymiary cz\u0119\u015bci partia po partii, minimalizuj\u0105c straty materia\u0142u i przer\u00f3bki.<\/li>\n<\/ol>\n<p>&nbsp;<\/p>\n<ol start=\"2\">\n<li>\u00a0W pe\u0142ni zautomatyzowana, szybka praca: Od automatycznego za\u0142adunku i pozycjonowania po zoptymalizowane ci\u0119cie i sortowanie, seria 4500 usprawnia ca\u0142y przep\u0142yw pracy. Ta automatyczna komputerowa przecinarka belkowa jest wyposa\u017cona w inteligentne oprogramowanie do ci\u0119cia, kt\u00f3re zagnie\u017cd\u017ca cz\u0119\u015bci, aby zmaksymalizowa\u0107 wydajno\u015b\u0107 z ka\u017cdego arkusza, znacznie zwi\u0119kszaj\u0105c przepustowo\u015b\u0107 i rentowno\u015b\u0107.<\/li>\n<\/ol>\n<p>&nbsp;<\/p>\n<ol start=\"3\">\n<li>\u00a0Solidna i niezawodna konstrukcja pi\u0142y do belek: Zbudowana z wytrzyma\u0142ej stalowej ramy i precyzyjnych komponent\u00f3w, pilarka 4500 zosta\u0142a zaprojektowana do ca\u0142odobowej pracy w warunkach przemys\u0142owych. Zapewnia d\u0142ugoterminow\u0105 stabilno\u015b\u0107 i trwa\u0142o\u015b\u0107, stanowi\u0105c niezawodny szkielet linii produkcyjnej.<\/li>\n<\/ol>\n<p>&nbsp;<\/p>\n<ol start=\"4\">\n<li>Przyjazne dla u\u017cytkownika sterowanie komputerowe: Intuicyjny interfejs dotykowy sprawia, \u017ce z\u0142o\u017cone programy ci\u0119cia s\u0105 \u0142atwe do skonfigurowania i wykonania. Operatorzy mog\u0105 z \u0142atwo\u015bci\u0105 zarz\u0105dza\u0107 zam\u00f3wieniami, wizualizowa\u0107 wzory ci\u0119cia i monitorowa\u0107 stan maszyny, dzi\u0119ki czemu panel komputerowy pi\u0142y jest przyst\u0119pny, a jednocze\u015bnie wydajny.<\/li>\n<\/ol>\n<p>Idealne zastosowania:<\/p>\n<p>Produkcja szafek i toaletek: Wydajna produkcja precyzyjnych bok\u00f3w szafek, drzwi i p\u00f3\u0142ek.<\/p>\n<p>Meble na zam\u00f3wienie i zabudowy: Obs\u0142uga z\u0142o\u017conych list ci\u0119\u0107 dla projekt\u00f3w mieszkaniowych i komercyjnych.<\/p>\n<p>Wyposa\u017cenie biur i sklep\u00f3w: Idealne ci\u0119cie w przypadku modu\u0142\u00f3w ekspozycyjnych i system\u00f3w \u015bcianek dzia\u0142owych.<\/p>\n<p>Oznakowanie i komponenty przemys\u0142owe: Niezawodna obr\u00f3bka szerokiej gamy materia\u0142\u00f3w arkuszowych.<\/p>\n<p>&nbsp;<\/p>\n<p>Najwa\u017cniejsze informacje techniczne:<\/p>\n<p>Model: Automatyczna komputerowa pi\u0142a panelowa serii 4500<\/p>\n<p>Wydajno\u015b\u0107 ci\u0119cia: Wysokowydajna szeroko\u015b\u0107 i d\u0142ugo\u015b\u0107 ci\u0119cia dostosowana do standardowych i ponadwymiarowych paneli.<\/p>\n<p>Uk\u0142ad nap\u0119dowy: precyzyjne serwomotory i \u015bruby kulowe.<\/p>\n<p>System sterowania: komputer przemys\u0142owy ze zoptymalizowanym oprogramowaniem do ci\u0119cia i nestingu.<\/p>\n<p>Funkcje bezpiecze\u0144stwa: Kompleksowe zabezpieczenia, wy\u0142\u0105czniki awaryjne i czujniki bezpiecze\u0144stwa.<\/p>\n<p>&nbsp;<\/p>\n<p>Parametry techniczne pi\u0142y do ci\u0119cia drewna CNC:<\/p>\n<table>\n<tbody>\n<tr>\n<td width=\"769\">Maksymalna d\u0142ugo\u015b\u0107 ci\u0119cia<\/td>\n<td width=\"475\">4500 mm<\/td>\n<\/tr>\n<tr>\n<td width=\"769\">Maksymalna wysoko\u015b\u0107 ci\u0119cia<\/td>\n<td width=\"475\">100 mm<\/td>\n<\/tr>\n<tr>\n<td width=\"769\">Min. rozmiar ci\u0119cia<\/td>\n<td width=\"475\">100*100mm<\/td>\n<\/tr>\n<tr>\n<td width=\"769\">Moc silnika pi\u0142y g\u0142\u00f3wnej<\/td>\n<td width=\"475\">16,5 kW<\/td>\n<\/tr>\n<tr>\n<td width=\"769\">\u015arednica tarczy pi\u0142y g\u0142\u00f3wnej<\/td>\n<td width=\"475\">400 mm<\/td>\n<\/tr>\n<tr>\n<td width=\"769\">\u015arednica wrzeciona g\u0142\u00f3wnego<\/td>\n<td width=\"475\">75 mm<\/td>\n<\/tr>\n<tr>\n<td width=\"769\">Pr\u0119dko\u015b\u0107 g\u0142\u00f3wnego brzeszczotu<\/td>\n<td width=\"475\">4000 obr\/min<\/td>\n<\/tr>\n<tr>\n<td width=\"769\">Moc silnika pi\u0142y punktowej<\/td>\n<td width=\"475\">2,2 kW<\/td>\n<\/tr>\n<tr>\n<td width=\"769\">\u015arednica pi\u0142y tarczowej<\/td>\n<td width=\"475\">180 mm<\/td>\n<\/tr>\n<tr>\n<td width=\"769\">\u015arednica wrzeciona punktuj\u0105cego<\/td>\n<td width=\"475\">50 mm<\/td>\n<\/tr>\n<tr>\n<td width=\"769\">Pr\u0119dko\u015b\u0107 pi\u0142y punktowej<\/td>\n<td width=\"475\">6000 obr\/min<\/td>\n<\/tr>\n<tr>\n<td width=\"769\">Silnik nap\u0119dowy uk\u0142adu popychacza<\/td>\n<td width=\"475\">2,4 kW<\/td>\n<\/tr>\n<tr>\n<td width=\"769\">Wysokoci\u015bnieniowy silnik dmuchawy<\/td>\n<td width=\"475\">3kw<\/td>\n<\/tr>\n<tr>\n<td width=\"769\">robocze ci\u015bnienie powietrza<\/td>\n<td width=\"475\">6-7kg\/c\u33a1<\/td>\n<\/tr>\n<tr>\n<td width=\"769\">silnik nap\u0119du w\u00f3zka pi\u0142y<\/td>\n<td width=\"475\">3,8 kW<\/td>\n<\/tr>\n<tr>\n<td width=\"769\">Moc silnika bocznego<\/td>\n<td width=\"475\">90W<\/td>\n<\/tr>\n<tr>\n<td width=\"769\">chwytaki<\/td>\n<td width=\"475\">12<\/td>\n<\/tr>\n<tr>\n<td width=\"769\">Napi\u0119cie<\/td>\n<td width=\"475\">380V, 50HZ, 3 fazy<\/td>\n<\/tr>\n<tr>\n<td width=\"769\">Rozmiar maszyny<\/td>\n<td width=\"475\">6900*4600*2180mm<\/td>\n<\/tr>\n<tr>\n<td width=\"769\">waga<\/td>\n<td width=\"475\">6.2T<\/td>\n<\/tr>\n<\/tbody>\n<\/table>\n<p>&nbsp;<\/p>\n<p>Ulepsz swoj\u0105 produkcj\u0119 ju\u017c dzi\u015b<\/p>\n<p>Koniec z kompromisami w zakresie szybko\u015bci, dok\u0142adno\u015bci lub wydajno\u015bci materia\u0142u. Komputerowa pilarka panelowa z serii 4500 to kompletne rozwi\u0105zanie dla warsztat\u00f3w i fabryk, kt\u00f3re chc\u0105 pewnie skalowa\u0107 swoj\u0105 dzia\u0142alno\u015b\u0107.<\/p>\n<p>&nbsp;<\/p>\n<p>Popro\u015b o wycen\u0119, szczeg\u00f3\u0142owe specyfikacje lub zaplanuj wirtualn\u0105 prezentacj\u0119 ju\u017c dzi\u015b!<\/p>\n<div class=\"ast-oembed-container\" style=\"height: 100%;\"><iframe title=\"Pi\u0142a wi\u0105zkowa cnc, pi\u0142a elektryczna, skomputeryzowana pi\u0142a wi\u0105zkowa cnc, pi\u0142a do ci\u0119cia drewna, jinan wise cnc laser machin\" width=\"500\" height=\"281\" src=\"https:\/\/www.youtube.com\/embed\/F3wZ9P1rqRY?feature=oembed\" frameborder=\"0\" allow=\"accelerometer; autoplay; clipboard-write; encrypted-media; gyroscope; picture-in-picture; web-share\" referrerpolicy=\"strict-origin-when-cross-origin\" allowfullscreen><\/iframe><\/div>","protected":false},"excerpt":{"rendered":"<p>Explore the 4500 Series automatic computer beam saw. Designed as the ultimate beam saw machine for cabinets, furniture, and fixtures, it delivers unmatched precision, speed, and reliability for modern wood\u00a0shops.<\/p>","protected":false},"featured_media":4305,"template":"","meta":{"_seopress_robots_primary_cat":"","_seopress_titles_title":"","_seopress_titles_desc":"","_seopress_robots_index":"","_uag_custom_page_level_css":"","site-sidebar-layout":"default","site-content-layout":"","ast-site-content-layout":"default","site-content-style":"default","site-sidebar-style":"default","ast-global-header-display":"","ast-banner-title-visibility":"","ast-main-header-display":"","ast-hfb-above-header-display":"","ast-hfb-below-header-display":"","ast-hfb-mobile-header-display":"","site-post-title":"","ast-breadcrumbs-content":"","ast-featured-img":"","footer-sml-layout":"","ast-disable-related-posts":"","theme-transparent-header-meta":"default","adv-header-id-meta":"","stick-header-meta":"default","header-above-stick-meta":"","header-main-stick-meta":"","header-below-stick-meta":"","astra-migrate-meta-layouts":"set","ast-page-background-enabled":"default","ast-page-background-meta":{"desktop":{"background-color":"","background-image":"","background-repeat":"repeat","background-position":"center center","background-size":"auto","background-attachment":"scroll","background-type":"","background-media":"","overlay-type":"","overlay-color":"","overlay-opacity":"","overlay-gradient":""},"tablet":{"background-color":"","background-image":"","background-repeat":"repeat","background-position":"center center","background-size":"auto","background-attachment":"scroll","background-type":"","background-media":"","overlay-type":"","overlay-color":"","overlay-opacity":"","overlay-gradient":""},"mobile":{"background-color":"","background-image":"","background-repeat":"repeat","background-position":"center center","background-size":"auto","background-attachment":"scroll","background-type":"","background-media":"","overlay-type":"","overlay-color":"","overlay-opacity":"","overlay-gradient":""}},"ast-content-background-meta":{"desktop":{"background-color":"var(--ast-global-color-5)","background-image":"","background-repeat":"repeat","background-position":"center center","background-size":"auto","background-attachment":"scroll","background-type":"","background-media":"","overlay-type":"","overlay-color":"","overlay-opacity":"","overlay-gradient":""},"tablet":{"background-color":"var(--ast-global-color-5)","background-image":"","background-repeat":"repeat","background-position":"center center","background-size":"auto","background-attachment":"scroll","background-type":"","background-media":"","overlay-type":"","overlay-color":"","overlay-opacity":"","overlay-gradient":""},"mobile":{"background-color":"var(--ast-global-color-5)","background-image":"","background-repeat":"repeat","background-position":"center center","background-size":"auto","background-attachment":"scroll","background-type":"","background-media":"","overlay-type":"","overlay-color":"","overlay-opacity":"","overlay-gradient":""}}},"product_brand":[],"product_cat":[39],"product_tag":[231,230,95,229,235,232,178,236,237,234,233],"class_list":{"0":"post-4302","1":"product","2":"type-product","3":"status-publish","4":"has-post-thumbnail","6":"product_cat-cuttingsaw","7":"product_tag-automated-panel-saw","8":"product_tag-automatic-computer-beam-saw","9":"product_tag-beam-saw-machine","10":"product_tag-best-cnc-wood-cutting-saw","11":"product_tag-cabinet-production-saw","12":"product_tag-cnc-beamsaw","13":"product_tag-computer-panel-saw","14":"product_tag-high-precision-cutting","15":"product_tag-industrial-panel-saw","16":"product_tag-panel-processing","17":"product_tag-woodworking-machinery","18":"desktop-align-left","19":"tablet-align-left","20":"mobile-align-left","21":"ast-product-gallery-layout-horizontal-slider","22":"ast-product-gallery-with-no-image","23":"ast-product-tabs-layout-horizontal","25":"first","26":"instock","27":"shipping-taxable","28":"product-type-simple"},"uagb_featured_image_src":{"full":["https:\/\/wisecnclaser.com\/wp-content\/uploads\/2026\/01\/4500.png",1082,1082,false],"thumbnail":["https:\/\/wisecnclaser.com\/wp-content\/uploads\/2026\/01\/4500-150x150.png",150,150,true],"medium":["https:\/\/wisecnclaser.com\/wp-content\/uploads\/2026\/01\/4500-300x300.png",300,300,true],"medium_large":["https:\/\/wisecnclaser.com\/wp-content\/uploads\/2026\/01\/4500-768x768.png",768,768,true],"large":["https:\/\/wisecnclaser.com\/wp-content\/uploads\/2026\/01\/4500-1024x1024.png",1024,1024,true],"1536x1536":["https:\/\/wisecnclaser.com\/wp-content\/uploads\/2026\/01\/4500.png",1082,1082,false],"2048x2048":["https:\/\/wisecnclaser.com\/wp-content\/uploads\/2026\/01\/4500.png",1082,1082,false],"trp-custom-language-flag":["https:\/\/wisecnclaser.com\/wp-content\/uploads\/2026\/01\/4500-12x12.png",12,12,true],"woocommerce_thumbnail":["https:\/\/wisecnclaser.com\/wp-content\/uploads\/2026\/01\/4500-300x300.png",300,300,true],"woocommerce_single":["https:\/\/wisecnclaser.com\/wp-content\/uploads\/2026\/01\/4500-600x600.png",600,600,true],"woocommerce_gallery_thumbnail":["https:\/\/wisecnclaser.com\/wp-content\/uploads\/2026\/01\/4500-100x100.png",100,100,true]},"uagb_author_info":{"display_name":"jinxing6611@gmail.com","author_link":"https:\/\/wisecnclaser.com\/pl\/author\/"},"uagb_comment_info":0,"uagb_excerpt":"Explore the 4500 Series automatic computer beam saw. Designed as the ultimate beam saw machine for cabinets, furniture, and fixtures, it delivers unmatched precision, speed, and reliability for modern wood\u00a0shops.","_links":{"self":[{"href":"https:\/\/wisecnclaser.com\/pl\/wp-json\/wp\/v2\/product\/4302","targetHints":{"allow":["GET"]}}],"collection":[{"href":"https:\/\/wisecnclaser.com\/pl\/wp-json\/wp\/v2\/product"}],"about":[{"href":"https:\/\/wisecnclaser.com\/pl\/wp-json\/wp\/v2\/types\/product"}],"wp:featuredmedia":[{"embeddable":true,"href":"https:\/\/wisecnclaser.com\/pl\/wp-json\/wp\/v2\/media\/4305"}],"wp:attachment":[{"href":"https:\/\/wisecnclaser.com\/pl\/wp-json\/wp\/v2\/media?parent=4302"}],"wp:term":[{"taxonomy":"product_brand","embeddable":true,"href":"https:\/\/wisecnclaser.com\/pl\/wp-json\/wp\/v2\/product_brand?post=4302"},{"taxonomy":"product_cat","embeddable":true,"href":"https:\/\/wisecnclaser.com\/pl\/wp-json\/wp\/v2\/product_cat?post=4302"},{"taxonomy":"product_tag","embeddable":true,"href":"https:\/\/wisecnclaser.com\/pl\/wp-json\/wp\/v2\/product_tag?post=4302"}],"curies":[{"name":"wp","href":"https:\/\/api.w.org\/{rel}","templated":true}]}}