{"id":4422,"date":"2026-03-20T01:22:14","date_gmt":"2026-03-20T01:22:14","guid":{"rendered":"https:\/\/wisecnclaser.com\/?post_type=product&#038;p=4422"},"modified":"2026-03-20T01:35:24","modified_gmt":"2026-03-20T01:35:24","slug":"3kw-6kw-fiber-laser-cutting-machine","status":"publish","type":"product","link":"https:\/\/wisecnclaser.com\/pl\/produkt\/3kw-6kw-fiber-laser-cutting-machine\/","title":{"rendered":"Wysokiej jako\u015bci maszyna do ci\u0119cia laserem \u015bwiat\u0142owodowym 3KW 6KW 3015\/4020\/6025"},"content":{"rendered":"<p><strong>Precyzja \u0142\u0105czy si\u0119 z moc\u0105: Unowocze\u015bnij proces produkcji element\u00f3w metalowych<\/strong><br \/>\nSzukasz niezawodnej, wysokowydajnej wycinarki laserowej \u015bwiat\u0142owodowej, kt\u00f3ra zwi\u0119kszy wydajno\u015b\u0107 Twojej produkcji? Nasza najnowsza maszyna do ci\u0119cia laserem \u015bwiat\u0142owodowym z pojedynczym sto\u0142em zosta\u0142a zaprojektowana z my\u015bl\u0105 o precyzyjnym ci\u0119ciu szerokiej gamy materia\u0142\u00f3w metalowych, oferuj\u0105c elastyczno\u015b\u0107 zar\u00f3wno pod wzgl\u0119dem mocy, jak i wielko\u015bci ci\u0119cia, aby sprosta\u0107 r\u00f3\u017cnorodnym potrzebom przemys\u0142owym.<\/p>\n<p>Zaprojektowana z my\u015bl\u0105 o ma\u0142ych i \u015brednich przedsi\u0119biorstwach wchodz\u0105cych na rynek automatyzacji, maszyna ta \u0142\u0105czy w sobie solidn\u0105 konstrukcj\u0119 mechaniczn\u0105 z najwy\u017cszej klasy globalnymi komponentami, zapewniaj\u0105c d\u0142ugoterminow\u0105 stabilno\u015b\u0107 i minimalne przestoje.<\/p>\n<p><em><strong>Kluczowe specyfikacje techniczne<\/strong><\/em><\/p>\n<p>Oferujemy konfiguracje, kt\u00f3re mo\u017cna dopasowa\u0107 do indywidualnych potrzeb:<\/p>\n<p>- Wymiary ci\u0119cia (opcjonalnie):<br \/>\n- 3000 x 1500 mm (idealny do standardowych blach)<br \/>\n- 4000 x 2000 mm (idealny do wi\u0119kszych paneli)<br \/>\n- 6000 x 2500 mm (zaprojektowany dla bardzo d\u0142ugich element\u00f3w)<br \/>\n- Moc lasera (opcjonalnie):<br \/>\n- 3kW: Wydajne ci\u0119cie stali mi\u0119kkiej, stali nierdzewnej i aluminium o umiarkowanej grubo\u015bci.<br \/>\n- 6 kW: Wysoka pr\u0119dko\u015b\u0107 ci\u0119cia i mo\u017cliwo\u015b\u0107 \u0142atwej obs\u0142ugi grubszych p\u0142yt.<br \/>\n- Konstrukcja maszyny: Wytrzyma\u0142a rama spawana z p\u0142yt. Konstrukcja ta jest poddawana obr\u00f3bce odpr\u0119\u017caj\u0105cej, aby zapewni\u0107 d\u0142ugotrwa\u0142\u0105 sztywno\u015b\u0107 i precyzj\u0119, zapobiegaj\u0105c odkszta\u0142ceniom nawet podczas pracy z du\u017c\u0105 pr\u0119dko\u015bci\u0105.<\/p>\n<figure id=\"attachment_4426\" aria-describedby=\"caption-attachment-4426\" style=\"width: 1200px\" class=\"wp-caption alignnone\"><img fetchpriority=\"high\" decoding=\"async\" class=\"size-full wp-image-4426\" src=\"https:\/\/wisecnclaser.com\/wp-content\/uploads\/2026\/03\/6kw-fiber-laser-cutter.jpg\" alt=\"high quality 3kw 6kw fiber laser cutting machine 3015\/4020\/602\" width=\"1200\" height=\"1200\" srcset=\"https:\/\/wisecnclaser.com\/wp-content\/uploads\/2026\/03\/6kw-fiber-laser-cutter.jpg 1200w, https:\/\/wisecnclaser.com\/wp-content\/uploads\/2026\/03\/6kw-fiber-laser-cutter-300x300.jpg 300w, https:\/\/wisecnclaser.com\/wp-content\/uploads\/2026\/03\/6kw-fiber-laser-cutter-1024x1024.jpg 1024w, https:\/\/wisecnclaser.com\/wp-content\/uploads\/2026\/03\/6kw-fiber-laser-cutter-150x150.jpg 150w, https:\/\/wisecnclaser.com\/wp-content\/uploads\/2026\/03\/6kw-fiber-laser-cutter-768x768.jpg 768w, https:\/\/wisecnclaser.com\/wp-content\/uploads\/2026\/03\/6kw-fiber-laser-cutter-12x12.jpg 12w, https:\/\/wisecnclaser.com\/wp-content\/uploads\/2026\/03\/6kw-fiber-laser-cutter-600x600.jpg 600w, https:\/\/wisecnclaser.com\/wp-content\/uploads\/2026\/03\/6kw-fiber-laser-cutter-100x100.jpg 100w\" sizes=\"(max-width: 1200px) 100vw, 1200px\" \/><figcaption id=\"caption-attachment-4426\" class=\"wp-caption-text\">wysokiej jako\u015bci maszyna do ci\u0119cia laserem \u015bwiat\u0142owodowym 3kw 6kw 3015\/4020\/602<\/figcaption><\/figure>\n<p><em><strong>Podstawowe komponenty: Zbudowane przy u\u017cyciu \u015bwiatowej klasy marek<\/strong><\/em><\/p>\n<p>Wierzymy, \u017ce jako\u015b\u0107 maszyny zale\u017cy od jako\u015bci jej cz\u0119\u015bci. Oto konfiguracja premium tego modelu:<\/p>\n<p>- \u0179r\u00f3d\u0142o lasera (opcjonalnie): Raycus, MaxPhotonics lub IPG. Wszyscy s\u0105 liderami rynku znanymi z wysokiego wsp\u00f3\u0142czynnika konwersji elektrooptycznej i stabilnej jako\u015bci wi\u0105zki.<br \/>\n- System sterowania i g\u0142owica tn\u0105ca: Cyplite (Bristol). Ciesz si\u0119 intuicyjnym interfejsem u\u017cytkownika dzi\u0119ki standardowemu w bran\u017cy systemowi sterowania Cyplite, w po\u0142\u0105czeniu z wysokowydajn\u0105 g\u0142owic\u0105 tn\u0105c\u0105 Cyplite zapewniaj\u0105c\u0105 precyzyjn\u0105 kontrol\u0119 ostro\u015bci.<br \/>\n- Silnik serwo i nap\u0119d: Inovance. Serwomotory o wysokiej reakcji zapewniaj\u0105 szybkie przyspieszenie i precyzyjne pozycjonowanie.<br \/>\n- Silnik i skrzynia bieg\u00f3w:<br \/>\n- Silnik: silnik Cypcut.<br \/>\n- Przek\u0142adnia: reduktor Techmag. Takie po\u0142\u0105czenie zapewnia p\u0142ynn\u0105 transmisj\u0119 i wysok\u0105 dynamik\u0119.<br \/>\n- Stojak i szyna prowadz\u0105ca (opcjonalnie): YYH\/PEK. Precyzyjnie szlifowane stojaki i szyny gwarantuj\u0105 wysok\u0105 dok\u0142adno\u015b\u0107 pozycjonowania i d\u0142ugoterminow\u0105 trwa\u0142o\u015b\u0107.<br \/>\n- Agregat ch\u0142odniczy: agregat ch\u0142odniczy marki Hanli lub Tongfei. Inteligentna kontrola temperatury zapewnia, \u017ce \u017ar\u00f3d\u0142o lasera dzia\u0142a w optymalnej temperaturze 24\/7, wyd\u0142u\u017caj\u0105c \u017cywotno\u015b\u0107 rezonatora.<br \/>\n- Komponenty elektryczne: Honeywell. Najwy\u017cszej klasy cz\u0119\u015bci elektryczne zapewniaj\u0105 bezpiecze\u0144stwo i stabilno\u015b\u0107 obwodu sterowania.<\/p>\n<figure id=\"attachment_4427\" aria-describedby=\"caption-attachment-4427\" style=\"width: 1200px\" class=\"wp-caption alignnone\"><img decoding=\"async\" class=\"size-full wp-image-4427\" src=\"https:\/\/wisecnclaser.com\/wp-content\/uploads\/2026\/03\/fiber-laser-cutting-machine-parts.jpg\" alt=\"high quality 3kw 6kw fiber laser cutting machine 3015\/4020\/602\" width=\"1200\" height=\"1200\" srcset=\"https:\/\/wisecnclaser.com\/wp-content\/uploads\/2026\/03\/fiber-laser-cutting-machine-parts.jpg 1200w, https:\/\/wisecnclaser.com\/wp-content\/uploads\/2026\/03\/fiber-laser-cutting-machine-parts-300x300.jpg 300w, https:\/\/wisecnclaser.com\/wp-content\/uploads\/2026\/03\/fiber-laser-cutting-machine-parts-1024x1024.jpg 1024w, https:\/\/wisecnclaser.com\/wp-content\/uploads\/2026\/03\/fiber-laser-cutting-machine-parts-150x150.jpg 150w, https:\/\/wisecnclaser.com\/wp-content\/uploads\/2026\/03\/fiber-laser-cutting-machine-parts-768x768.jpg 768w, https:\/\/wisecnclaser.com\/wp-content\/uploads\/2026\/03\/fiber-laser-cutting-machine-parts-12x12.jpg 12w, https:\/\/wisecnclaser.com\/wp-content\/uploads\/2026\/03\/fiber-laser-cutting-machine-parts-600x600.jpg 600w, https:\/\/wisecnclaser.com\/wp-content\/uploads\/2026\/03\/fiber-laser-cutting-machine-parts-100x100.jpg 100w\" sizes=\"(max-width: 1200px) 100vw, 1200px\" \/><figcaption id=\"caption-attachment-4427\" class=\"wp-caption-text\">wysokiej jako\u015bci maszyna do ci\u0119cia laserem \u015bwiat\u0142owodowym 3kw 6kw 3015\/4020\/6025<\/figcaption><\/figure>\n<p><em><strong>Parametr techniczny wycinarki laserowej do metalu 3kw 6kw:<\/strong><\/em><\/p>\n<table>\n<tbody>\n<tr>\n<td width=\"635\"><strong><b>Model<\/b><\/strong><\/td>\n<td width=\"635\">WS3015\/WS4020\/WS6025<\/td>\n<\/tr>\n<tr>\n<td width=\"635\"><strong><b>Obszar roboczy<\/b><\/strong><\/td>\n<td width=\"635\">3000mm*1500mm\/2000*4000mm\/2500*6000mm<\/td>\n<\/tr>\n<tr>\n<td width=\"635\"><strong><b>Typ lasera<\/b><\/strong><\/td>\n<td width=\"635\">Generator lasera \u015bwiat\u0142owodowego<\/td>\n<\/tr>\n<tr>\n<td width=\"635\"><strong><b>Laser<\/b><\/strong><strong><b>\u00a0<\/b><\/strong><strong><b>Moc<\/b><\/strong><\/td>\n<td width=\"635\">3000W\/6000W Raycus \/ MAX<\/td>\n<\/tr>\n<tr>\n<td width=\"635\"><strong><b>System transmisji<\/b><\/strong><\/td>\n<td width=\"635\">Konstrukcja bramowa z podw\u00f3jnym nap\u0119dem<\/td>\n<\/tr>\n<tr>\n<td width=\"635\"><strong><b>System smarowania<\/b><\/strong><\/td>\n<td width=\"635\">W pe\u0142ni automatyczny<\/td>\n<\/tr>\n<tr>\n<td width=\"635\"><strong><b>Pr\u0119dko\u015b\u0107 maksymalna<\/b><\/strong><\/td>\n<td width=\"635\">140 m\/min<\/td>\n<\/tr>\n<tr>\n<td width=\"635\"><strong><b>Maksymalna pr\u0119dko\u015b\u0107 przyspieszania<\/b><\/strong><\/td>\n<td width=\"635\">1.0G<\/td>\n<\/tr>\n<tr>\n<td width=\"635\"><strong><b>Maszyna<\/b><\/strong><strong><b>\u00a0<\/b><\/strong><strong><b>Cia\u0142o<\/b><\/strong><\/td>\n<td width=\"635\">Rura spawana<\/td>\n<\/tr>\n<tr>\n<td width=\"635\">&nbsp;<\/p>\n<p><strong><b>Korpus maszyny<\/b><\/strong><strong><b>\u00a0<\/b><\/strong><strong><b>Produkt<\/b><\/strong><strong><b>\u00a0<\/b><\/strong><strong><b>Proces<\/b><\/strong><\/td>\n<td width=\"635\">Frezowanie bramowe<\/p>\n<p>Odstresowanie<\/p>\n<p>Wy\u0142\u0105czanie<\/td>\n<\/tr>\n<tr>\n<td width=\"635\"><strong><b>Dok\u0142adno\u015b\u0107 pozycji<\/b><\/strong><\/td>\n<td width=\"635\">\u00b10,03 mm\/1000 mm<\/td>\n<\/tr>\n<tr>\n<td width=\"635\"><strong><b>Dok\u0142adno\u015b\u0107 zmiany po\u0142o\u017cenia<\/b><\/strong><\/td>\n<td width=\"635\">\u00b10,02 mm\/1000 mm<\/td>\n<\/tr>\n<tr>\n<td width=\"635\"><strong><b>Obs\u0142ugiwany format graficzny<\/b><\/strong><\/td>\n<td width=\"635\">CAD, DXF itp<\/td>\n<\/tr>\n<tr>\n<td width=\"635\"><strong><b>Napi\u0119cie<\/b><\/strong><\/td>\n<td width=\"635\">380V\u00b110% tr\u00f3jfazowy<\/td>\n<\/tr>\n<tr>\n<td width=\"635\"><strong><b>Praca<\/b><\/strong><strong><b>\u00a0<\/b><\/strong><strong><b>\u015arodowisko<\/b><\/strong><\/td>\n<td width=\"635\">Temperatura: 0-40 \u2103, wilgotno\u015b\u0107: \u226480%, brak kondensacji<\/td>\n<\/tr>\n<tr>\n<td width=\"635\"><strong><b>Rozmiar maszyny<\/b><\/strong><\/td>\n<td width=\"635\">4873*2645*1765mm<\/td>\n<\/tr>\n<tr>\n<td width=\"635\"><strong><b>Rozmiar opakowania<\/b><\/strong><\/td>\n<td width=\"635\">5000*2290*1850mm<\/td>\n<\/tr>\n<tr>\n<td width=\"635\"><strong><b>Waga maszyny<\/b><\/strong><\/td>\n<td width=\"635\">1800 kg<\/td>\n<\/tr>\n<tr>\n<td width=\"635\"><strong><b>Waga opakowania<\/b><\/strong><\/td>\n<td width=\"635\">1900 kg<\/td>\n<\/tr>\n<\/tbody>\n<\/table>\n<p><em><strong>G\u0142\u00f3wna konfiguracja maszyny do ci\u0119cia stali laserem \u015bwiat\u0142owodowym:<\/strong><\/em><\/p>\n<table>\n<tbody>\n<tr>\n<td colspan=\"2\" width=\"1271\"><strong><b>Konfiguracja standardowa<\/b><\/strong><\/td>\n<\/tr>\n<tr>\n<td width=\"540\"><strong><b>Model<\/b><\/strong><\/td>\n<td width=\"730\">WS3015\/WS4020\/WS6025<\/td>\n<\/tr>\n<tr>\n<td width=\"540\"><strong><b>\u0179r\u00f3d\u0142o lasera<\/b><\/strong><\/td>\n<td width=\"730\">Raycus\/Max\/IPG<\/td>\n<\/tr>\n<tr>\n<td width=\"540\"><strong><b>System kontrolera<\/b><\/strong><\/td>\n<td width=\"730\">Cyplite<\/td>\n<\/tr>\n<tr>\n<td width=\"540\"><strong><b>Laser<\/b><\/strong><strong><b>\u00a0<\/b><\/strong><strong><b>g\u0142owa<\/b><\/strong><\/td>\n<td width=\"730\">Cypcut<\/td>\n<\/tr>\n<tr>\n<td width=\"540\"><strong><b>Sterownik osi X i<\/b><\/strong><strong><b>\u00a0<\/b><\/strong><strong><b>Silnik<\/b><\/strong><\/td>\n<td width=\"730\">Serwomechanizm 1,3 kW<\/td>\n<\/tr>\n<tr>\n<td width=\"540\"><strong><b>O\u015b Y<\/b><\/strong><strong><b>\u00a0<\/b><\/strong><strong><b>Kierowca i<\/b><\/strong><strong><b>\u00a0<\/b><\/strong><strong><b>Silnik<\/b><\/strong><\/td>\n<td width=\"730\">Serwomechanizm 1,8 kW*2<\/td>\n<\/tr>\n<tr>\n<td width=\"540\"><strong><b>O\u015b Z<\/b><\/strong><strong><b>\u00a0<\/b><\/strong><strong><b>Kierowca i<\/b><\/strong><strong><b>\u00a0<\/b><\/strong><strong><b>Silnik<\/b><\/strong><\/td>\n<td width=\"730\">Serwomechanizm 400 W<\/td>\n<\/tr>\n<tr>\n<td width=\"540\"><strong><b>Reduktor<\/b><\/strong><\/td>\n<td width=\"730\">Techmag<\/td>\n<\/tr>\n<tr>\n<td width=\"540\"><strong><b>Podzespo\u0142y elektroniczne<\/b><\/strong><\/td>\n<td width=\"730\">Honeywell<\/td>\n<\/tr>\n<tr>\n<td width=\"540\"><strong><b>Przewodnik<\/b><\/strong><strong><b>\u00a0<\/b><\/strong><strong><b>Kolej<\/b><\/strong><\/td>\n<td width=\"730\">Tajwan HIWIN<\/td>\n<\/tr>\n<tr>\n<td width=\"540\"><strong><b>Szlifowanie<\/b><\/strong><strong><b>\u00a0<\/b><\/strong><strong><b>Stela\u017c<\/b><\/strong><\/td>\n<td width=\"730\">Tajwan YYC<\/td>\n<\/tr>\n<tr>\n<td width=\"540\"><strong><b>Zaw\u00f3r proporcjonalny<\/b><\/strong><\/td>\n<td width=\"730\">Japonia SMC<\/td>\n<\/tr>\n<tr>\n<td width=\"540\"><strong><b>Komputer<\/b><\/strong><\/td>\n<td width=\"730\">Model standardowy<\/td>\n<\/tr>\n<tr>\n<td width=\"540\"><strong><b>Belka<\/b><\/strong><\/td>\n<td width=\"730\">Aluminium lotnicze<\/td>\n<\/tr>\n<tr>\n<td width=\"540\"><strong><b>Agregat wody lodowej<\/b><\/strong><\/td>\n<td width=\"730\">Marka Hanli lub Tongfei<\/td>\n<\/tr>\n<\/tbody>\n<\/table>\n<p><em><strong>Dlaczego warto wybra\u0107 t\u0119 pojedyncz\u0105 maszyn\u0119 sto\u0142ow\u0105?<\/strong><\/em><\/p>\n<p>- Op\u0142acalno\u015b\u0107: Konstrukcja z pojedynczym sto\u0142em tn\u0105cym zapewnia ni\u017csz\u0105 inwestycj\u0119 pocz\u0105tkow\u0105 przy zachowaniu wysokiej wydajno\u015bci.<br \/>\n- \u0141atwo\u015b\u0107 obs\u0142ugi: System Cyplite jest przyjazny dla u\u017cytkownika, u\u0142atwiaj\u0105c operatorom nauk\u0119 i wykonywanie z\u0142o\u017conych wzor\u00f3w ci\u0119cia.<br \/>\n- Niskie koszty utrzymania: Dzi\u0119ki wysokiej jako\u015bci komponentom YYH\/PEK, Honeywell i Inovance, potrzeba cz\u0119stych napraw jest znacznie ograniczona.<br \/>\n- Wszechstronno\u015b\u0107: Mo\u017cliwo\u015b\u0107 ci\u0119cia stali mi\u0119kkiej, stali nierdzewnej, aluminium, mosi\u0105dzu i blach powlekanych.<\/p>\n<p><em><strong>Obowi\u0105zuj\u0105ce bran\u017ce<\/strong><\/em><\/p>\n<p>- Produkcja blach<br \/>\n- Produkcja cz\u0119\u015bci samochodowych<br \/>\n- Przybory kuchenne i produkcja szafek<br \/>\n- Produkcja urz\u0105dze\u0144 mechanicznych<br \/>\n- Metalowe r\u0119kodzie\u0142o i dekoracje<\/p>\n<figure id=\"attachment_4428\" aria-describedby=\"caption-attachment-4428\" style=\"width: 1200px\" class=\"wp-caption alignnone\"><img decoding=\"async\" class=\"size-full wp-image-4428\" src=\"https:\/\/wisecnclaser.com\/wp-content\/uploads\/2026\/03\/fiber-laser-cutting-machine-sample.jpg\" alt=\"high quality 3kw 6kw fiber laser cutting machine 3015\/4020\/602\" width=\"1200\" height=\"1200\" srcset=\"https:\/\/wisecnclaser.com\/wp-content\/uploads\/2026\/03\/fiber-laser-cutting-machine-sample.jpg 1200w, https:\/\/wisecnclaser.com\/wp-content\/uploads\/2026\/03\/fiber-laser-cutting-machine-sample-300x300.jpg 300w, https:\/\/wisecnclaser.com\/wp-content\/uploads\/2026\/03\/fiber-laser-cutting-machine-sample-1024x1024.jpg 1024w, https:\/\/wisecnclaser.com\/wp-content\/uploads\/2026\/03\/fiber-laser-cutting-machine-sample-150x150.jpg 150w, https:\/\/wisecnclaser.com\/wp-content\/uploads\/2026\/03\/fiber-laser-cutting-machine-sample-768x768.jpg 768w, https:\/\/wisecnclaser.com\/wp-content\/uploads\/2026\/03\/fiber-laser-cutting-machine-sample-12x12.jpg 12w, https:\/\/wisecnclaser.com\/wp-content\/uploads\/2026\/03\/fiber-laser-cutting-machine-sample-600x600.jpg 600w, https:\/\/wisecnclaser.com\/wp-content\/uploads\/2026\/03\/fiber-laser-cutting-machine-sample-100x100.jpg 100w\" sizes=\"(max-width: 1200px) 100vw, 1200px\" \/><figcaption id=\"caption-attachment-4428\" class=\"wp-caption-text\">wysokiej jako\u015bci maszyna do ci\u0119cia laserem \u015bwiat\u0142owodowym 3kw 6kw 3015\/4020\/602<\/figcaption><\/figure>\n<p>Skontaktuj si\u0119 z nami ju\u017c dzi\u015b<\/p>\n<p>Chcesz przenie\u015b\u0107 swoj\u0105 produkcj\u0119 na wy\u017cszy poziom? Skontaktuj si\u0119 z nami, aby uzyska\u0107 wycen\u0119 lub pr\u00f3bk\u0119 ci\u0119cia. Mo\u017cemy dostosowa\u0107 rozmiar i moc maszyny dok\u0142adnie do Twoich potrzeb.<\/p>\n<div class=\"ast-oembed-container\" style=\"height: 100%;\"><iframe title=\"500 W 1 kW 1,5 kW 2 kW 4 kW 6 kW Maszyna do ci\u0119cia laserem \u015bwiat\u0142owodowym do ci\u0119cia stali 1TP5 Ci\u0119cie metalu\" width=\"500\" height=\"281\" src=\"https:\/\/www.youtube.com\/embed\/Q7vFYb4ZY-g?list=PLJBn_KpzvnkChgbqJsm1C1jhUTSqF0Pfp\" frameborder=\"0\" allow=\"accelerometer; autoplay; clipboard-write; encrypted-media; gyroscope; picture-in-picture; web-share\" referrerpolicy=\"strict-origin-when-cross-origin\" allowfullscreen><\/iframe><\/div>","protected":false},"excerpt":{"rendered":"<p>Laser cutting is the best cutting method in all kinds of cutting technology mastered by people nowadays.<\/p>\n<p>Contactless cutting, small\u00a0thermal\u00a0deformation;<\/p>\n<p>Showing a low-carbon, environmentally friendly way;<\/p>\n<p>Automatically cutting is easy to achieve, improving machining efficiency;<\/p>\n<p>&nbsp;<\/p>","protected":false},"featured_media":4425,"template":"","meta":{"_seopress_robots_primary_cat":"none","_seopress_titles_title":"","_seopress_titles_desc":"","_seopress_robots_index":"","_uag_custom_page_level_css":"","site-sidebar-layout":"default","site-content-layout":"","ast-site-content-layout":"default","site-content-style":"default","site-sidebar-style":"default","ast-global-header-display":"","ast-banner-title-visibility":"","ast-main-header-display":"","ast-hfb-above-header-display":"","ast-hfb-below-header-display":"","ast-hfb-mobile-header-display":"","site-post-title":"","ast-breadcrumbs-content":"","ast-featured-img":"","footer-sml-layout":"","ast-disable-related-posts":"","theme-transparent-header-meta":"default","adv-header-id-meta":"","stick-header-meta":"default","header-above-stick-meta":"","header-main-stick-meta":"","header-below-stick-meta":"","astra-migrate-meta-layouts":"set","ast-page-background-enabled":"default","ast-page-background-meta":{"desktop":{"background-color":"","background-image":"","background-repeat":"repeat","background-position":"center center","background-size":"auto","background-attachment":"scroll","background-type":"","background-media":"","overlay-type":"","overlay-color":"","overlay-opacity":"","overlay-gradient":""},"tablet":{"background-color":"","background-image":"","background-repeat":"repeat","background-position":"center center","background-size":"auto","background-attachment":"scroll","background-type":"","background-media":"","overlay-type":"","overlay-color":"","overlay-opacity":"","overlay-gradient":""},"mobile":{"background-color":"","background-image":"","background-repeat":"repeat","background-position":"center center","background-size":"auto","background-attachment":"scroll","background-type":"","background-media":"","overlay-type":"","overlay-color":"","overlay-opacity":"","overlay-gradient":""}},"ast-content-background-meta":{"desktop":{"background-color":"var(--ast-global-color-5)","background-image":"","background-repeat":"repeat","background-position":"center center","background-size":"auto","background-attachment":"scroll","background-type":"","background-media":"","overlay-type":"","overlay-color":"","overlay-opacity":"","overlay-gradient":""},"tablet":{"background-color":"var(--ast-global-color-5)","background-image":"","background-repeat":"repeat","background-position":"center center","background-size":"auto","background-attachment":"scroll","background-type":"","background-media":"","overlay-type":"","overlay-color":"","overlay-opacity":"","overlay-gradient":""},"mobile":{"background-color":"var(--ast-global-color-5)","background-image":"","background-repeat":"repeat","background-position":"center center","background-size":"auto","background-attachment":"scroll","background-type":"","background-media":"","overlay-type":"","overlay-color":"","overlay-opacity":"","overlay-gradient":""}}},"product_brand":[],"product_cat":[57],"product_tag":[279,274,277,276,273,278,275],"class_list":{"0":"post-4422","1":"product","2":"type-product","3":"status-publish","4":"has-post-thumbnail","6":"product_cat-fiberlaser","7":"product_tag-3kw-fiber-laser-steel-cutting-machine","8":"product_tag-6kw-laser-cutter","9":"product_tag-6kw-raycus-laser-cutter","10":"product_tag-cypcut-control-system","11":"product_tag-fiber-laser-cutting-machine","12":"product_tag-fiber-laser-metal-cutting-machine","13":"product_tag-metal-laser-cutter","14":"desktop-align-left","15":"tablet-align-left","16":"mobile-align-left","17":"ast-product-gallery-layout-horizontal-slider","18":"ast-product-gallery-with-no-image","19":"ast-product-tabs-layout-horizontal","21":"first","22":"instock","23":"shipping-taxable","24":"product-type-simple"},"uagb_featured_image_src":{"full":["https:\/\/wisecnclaser.com\/wp-content\/uploads\/2026\/03\/3015-fiber-laser-cutting-machine.jpg",1080,1076,false],"thumbnail":["https:\/\/wisecnclaser.com\/wp-content\/uploads\/2026\/03\/3015-fiber-laser-cutting-machine-150x150.jpg",150,150,true],"medium":["https:\/\/wisecnclaser.com\/wp-content\/uploads\/2026\/03\/3015-fiber-laser-cutting-machine-300x300.jpg",300,300,true],"medium_large":["https:\/\/wisecnclaser.com\/wp-content\/uploads\/2026\/03\/3015-fiber-laser-cutting-machine-768x765.jpg",768,765,true],"large":["https:\/\/wisecnclaser.com\/wp-content\/uploads\/2026\/03\/3015-fiber-laser-cutting-machine-1024x1020.jpg",1024,1020,true],"1536x1536":["https:\/\/wisecnclaser.com\/wp-content\/uploads\/2026\/03\/3015-fiber-laser-cutting-machine.jpg",1080,1076,false],"2048x2048":["https:\/\/wisecnclaser.com\/wp-content\/uploads\/2026\/03\/3015-fiber-laser-cutting-machine.jpg",1080,1076,false],"trp-custom-language-flag":["https:\/\/wisecnclaser.com\/wp-content\/uploads\/2026\/03\/3015-fiber-laser-cutting-machine-12x12.jpg",12,12,true],"woocommerce_thumbnail":["https:\/\/wisecnclaser.com\/wp-content\/uploads\/2026\/03\/3015-fiber-laser-cutting-machine-300x300.jpg",300,300,true],"woocommerce_single":["https:\/\/wisecnclaser.com\/wp-content\/uploads\/2026\/03\/3015-fiber-laser-cutting-machine-600x598.jpg",600,598,true],"woocommerce_gallery_thumbnail":["https:\/\/wisecnclaser.com\/wp-content\/uploads\/2026\/03\/3015-fiber-laser-cutting-machine-100x100.jpg",100,100,true]},"uagb_author_info":{"display_name":"jinxing6611@gmail.com","author_link":"https:\/\/wisecnclaser.com\/pl\/author\/"},"uagb_comment_info":0,"uagb_excerpt":"Laser cutting is the best cutting method in all kinds of cutting technology mastered by people nowadays. Contactless cutting, small\u00a0thermal\u00a0deformation; Showing a low-carbon, environmentally friendly way; Automatically cutting is easy to achieve, improving machining efficiency; &nbsp;","_links":{"self":[{"href":"https:\/\/wisecnclaser.com\/pl\/wp-json\/wp\/v2\/product\/4422","targetHints":{"allow":["GET"]}}],"collection":[{"href":"https:\/\/wisecnclaser.com\/pl\/wp-json\/wp\/v2\/product"}],"about":[{"href":"https:\/\/wisecnclaser.com\/pl\/wp-json\/wp\/v2\/types\/product"}],"wp:featuredmedia":[{"embeddable":true,"href":"https:\/\/wisecnclaser.com\/pl\/wp-json\/wp\/v2\/media\/4425"}],"wp:attachment":[{"href":"https:\/\/wisecnclaser.com\/pl\/wp-json\/wp\/v2\/media?parent=4422"}],"wp:term":[{"taxonomy":"product_brand","embeddable":true,"href":"https:\/\/wisecnclaser.com\/pl\/wp-json\/wp\/v2\/product_brand?post=4422"},{"taxonomy":"product_cat","embeddable":true,"href":"https:\/\/wisecnclaser.com\/pl\/wp-json\/wp\/v2\/product_cat?post=4422"},{"taxonomy":"product_tag","embeddable":true,"href":"https:\/\/wisecnclaser.com\/pl\/wp-json\/wp\/v2\/product_tag?post=4422"}],"curies":[{"name":"wp","href":"https:\/\/api.w.org\/{rel}","templated":true}]}}