{"id":4446,"date":"2026-04-20T06:53:08","date_gmt":"2026-04-20T06:53:08","guid":{"rendered":"https:\/\/wisecnclaser.com\/?post_type=product&#038;p=4446"},"modified":"2026-04-20T06:53:08","modified_gmt":"2026-04-20T06:53:08","slug":"full-enclosure-fiber-laser-metal-cutting-machine-with-exchange-table-3015-4020-6020-6025","status":"publish","type":"product","link":"https:\/\/wisecnclaser.com\/pl\/produkt\/full-enclosure-fiber-laser-metal-cutting-machine-with-exchange-table-3015-4020-6020-6025\/","title":{"rendered":"Full Enclosure Fiber Laser Metal Cutting Machine With Exchange Table 3015 4020 6020 6025"},"content":{"rendered":"<p>Laser cutting is the\u00a0best cutting\u00a0method\u00a0in\u00a0all\u00a0kinds of cutting technology\u00a0mastered\u00a0by\u00a0people\u00a0nowadays. Compared with traditional cutting, the advantages of laser cutting\u00a0lie\u00a0in:<\/p>\n<p>Contactless cutting, small thermal deformation;<\/p>\n<p>Showing a low-carbon, environmentally friendly way;<\/p>\n<p>Automatically cutting is easy to achieve, improving machining efficiency;<\/p>\n<p>Fiber laser wavelength is 1.07-1.08\u03bcm, is \u00a01\/10 of the wavelength of CO2 laser, is more conducive to be absorbed by metal materials, cutting carbon steel, stainless steel and aluminum alloy speed is not only faster, but also can cut aluminum coated zinc plate, and pure aluminum, brass, copper and other high reflection non-ferrous metals; Optical fiber transmission, full flight optical path, especially suitable for cutting all kinds of complex parts; Powerful numerical control system and nesting software to solve many technological problems, further improve the cutting accuracy, perforation speed, simple and convenient operation. The laser\u00a0is\u00a0directly transmitted to\u00a0the\u00a0cutting\u00a0head of the machine by the laser through the\u00a0optical fiber. The\u00a0mechanical structure\u00a0is\u00a0simple,\u00a0the\u00a0optical\u00a0path is constant, the\u00a0basic\u00a0maintenance is free, and the\u00a0cutting\u00a0performance\u00a0is\u00a0stable. The\u00a0\u00a0fiber laser uses the\u00a0rare element Ytterbium as the\u00a0luminescent\u00a0material, without\u00a0high\u00a0purity\u00a0helium,\u00a0nitrogen, carbon dioxide and their consumption.\u00a0Electricity to light\u00a0conversion\u00a0rate\u00a0up to\u00a030%,\u00a0more\u00a0low-carbon, economic.<\/p>\n<figure id=\"attachment_4450\" aria-describedby=\"caption-attachment-4450\" style=\"width: 1200px\" class=\"wp-caption alignnone\"><img fetchpriority=\"high\" decoding=\"async\" class=\"size-full wp-image-4450\" src=\"https:\/\/wisecnclaser.com\/wp-content\/uploads\/2026\/04\/\u5927\u5305\u56f4\u56fe\u7247.jpg\" alt=\"full enclosure fiber laser metal cutting machine with exchange table 3015 4020 6020 6025\" width=\"1200\" height=\"1200\" srcset=\"https:\/\/wisecnclaser.com\/wp-content\/uploads\/2026\/04\/\u5927\u5305\u56f4\u56fe\u7247.jpg 1200w, https:\/\/wisecnclaser.com\/wp-content\/uploads\/2026\/04\/\u5927\u5305\u56f4\u56fe\u7247-300x300.jpg 300w, https:\/\/wisecnclaser.com\/wp-content\/uploads\/2026\/04\/\u5927\u5305\u56f4\u56fe\u7247-1024x1024.jpg 1024w, https:\/\/wisecnclaser.com\/wp-content\/uploads\/2026\/04\/\u5927\u5305\u56f4\u56fe\u7247-150x150.jpg 150w, https:\/\/wisecnclaser.com\/wp-content\/uploads\/2026\/04\/\u5927\u5305\u56f4\u56fe\u7247-768x768.jpg 768w, https:\/\/wisecnclaser.com\/wp-content\/uploads\/2026\/04\/\u5927\u5305\u56f4\u56fe\u7247-12x12.jpg 12w, https:\/\/wisecnclaser.com\/wp-content\/uploads\/2026\/04\/\u5927\u5305\u56f4\u56fe\u7247-600x600.jpg 600w, https:\/\/wisecnclaser.com\/wp-content\/uploads\/2026\/04\/\u5927\u5305\u56f4\u56fe\u7247-100x100.jpg 100w\" sizes=\"(max-width: 1200px) 100vw, 1200px\" \/><figcaption id=\"caption-attachment-4450\" class=\"wp-caption-text\">full enclosure fiber laser metal cutting machine with exchange table 3015 4020 6020 6025<\/figcaption><\/figure>\n<p><strong>Applicable Material of Fiber Laser Steel Cutting Machine<\/strong><\/p>\n<p>This\u00a0machine can be applied to cutting a wide variety\u00a0of metal\u00a0sheets,\u00a0mainly\u00a0including\u00a0stainless\u00a0steel, carbon steel, manganese steel, galvanized sheet, various\u00a0alloy\u00a0plates,\u00a0rare\u00a0metal\u00a0and other\u00a0metal materials.<\/p>\n<p><strong>Applicable Industry of 3kw 6kw fiber laser cutting machine:<\/strong><\/p>\n<p>This\u00a0machine\u00a0is widely\u00a0used in engineering\u00a0machinery, aerospace, electronics,\u00a0panel\u00a0beating,\u00a0metallurgical equipment, automobile,\u00a0household appliances, advertising\u00a0decoration\u00a0and\u00a0other\u00a0industries.<\/p>\n<p><strong>Features of Full Enclosure Fiber Laser Cutting Machine with Exchange Table:<\/strong><\/p>\n<p>1. Safety &amp; Eco-friendly: Fully enclosed casing prevents dust and laser radiation, meeting safety standards.<br \/>\n2. High Efficiency with Shuttle Table: Dual alternating pallets reduce idle time, maximizing throughput.<br \/>\n3. Precision &amp; Stability: Integrated welded frame and enclosure minimize thermal distortion and vibration.<br \/>\n4. Smart Fume Extraction: Zoned vacuum system rapidly removes smoke and dust, ensuring clean operation.<br \/>\n5. Easy Maintenance: Modular design allows quick access for servicing, reducing downtime.<\/p>\n<table>\n<tbody>\n<tr>\n<td colspan=\"5\" width=\"1793\"><strong><b>Metal Cutting Fiber Laser Cutter Configuration<\/b><\/strong><\/td>\n<\/tr>\n<tr>\n<td width=\"253\"><strong>Pozycja<\/strong><\/td>\n<td width=\"335\"><strong><b>Brand<\/b><\/strong><\/td>\n<td width=\"287\"><strong><b>Brand Place<\/b><\/strong><\/td>\n<td colspan=\"2\" width=\"916\"><strong><b>Spec<\/b><\/strong><\/td>\n<\/tr>\n<tr>\n<td width=\"253\">Fiber Laser Source<\/td>\n<td width=\"335\">Raycus<\/td>\n<td width=\"287\">Wuhan<\/td>\n<td colspan=\"2\" width=\"916\">Power: 3kw 6kw<\/td>\n<\/tr>\n<tr>\n<td width=\"253\">System<\/td>\n<td width=\"335\">Cypcut United Cable<\/td>\n<td width=\"287\">Shanghai<\/td>\n<td colspan=\"2\" width=\"916\">Model: 2000E\/4000E<\/td>\n<\/tr>\n<tr>\n<td width=\"253\">Fiber Laser Head<\/td>\n<td width=\"335\">Cypcut<\/td>\n<td width=\"287\">Shanghai<\/td>\n<td colspan=\"2\" width=\"916\">Model:310\/421<\/td>\n<\/tr>\n<tr>\n<td width=\"253\">Frame<\/td>\n<td width=\"335\">Sheet Metal Welding Bed<\/td>\n<td width=\"287\">Jinan<\/td>\n<td colspan=\"2\" width=\"916\">Our Own frame<\/td>\n<\/tr>\n<tr>\n<td width=\"253\">Belka<\/td>\n<td width=\"335\">Integrated Aviation Aluminum Beam<\/td>\n<td width=\"287\">Jinan<\/td>\n<td colspan=\"2\" width=\"916\">Integrated Aluminum Crossbeam<\/td>\n<\/tr>\n<tr>\n<td width=\"253\">&nbsp;<\/p>\n<p>&nbsp;<\/p>\n<p>&nbsp;<\/p>\n<p>Servo Driver<\/td>\n<td width=\"335\">Cypcut S9<\/td>\n<td width=\"287\">&nbsp;<\/p>\n<p>&nbsp;<\/p>\n<p>&nbsp;<\/p>\n<p>Shanghai<\/td>\n<td width=\"171\">15\u00a0Series<\/td>\n<td width=\"745\">Y1-Y2-1.1KW X-1.1KW \u00a0\u00a0\u00a0\u00a0Z-400W\u00a0with brake<\/td>\n<\/tr>\n<tr>\n<td width=\"253\"><\/td>\n<td width=\"335\"><\/td>\n<td width=\"287\"><\/td>\n<td width=\"171\">20\u00a0Series<\/td>\n<td width=\"745\">Y1-Y2-1.7KW X-1.1KW \u00a0\u00a0\u00a0\u00a0Z-400W\u00a0with brake<\/td>\n<\/tr>\n<tr>\n<td width=\"253\"><\/td>\n<td width=\"335\"><\/td>\n<td width=\"287\"><\/td>\n<td width=\"171\">25\u00a0Series<\/td>\n<td width=\"745\">Y1-Y2-2.4KW X-1.7KW \u00a0\u00a0\u00a0\u00a0Z-400W\u00a0with brake<\/td>\n<\/tr>\n<tr>\n<td width=\"253\">Reduktor<\/td>\n<td width=\"335\">Techmach<\/td>\n<td width=\"287\">Shanghai<\/td>\n<td colspan=\"2\" width=\"916\">Flange type<\/td>\n<\/tr>\n<tr>\n<td width=\"253\">Szyna prowadz\u0105ca<\/td>\n<td width=\"335\">PEK\/FULEX<\/td>\n<td width=\"287\">Italy\/German<\/td>\n<td colspan=\"2\" width=\"916\">Y\u00a0Axis\uff1a30mm\uff0cX\u00a0Axis\uff1a20mm<\/td>\n<\/tr>\n<tr>\n<td width=\"253\">Rack Pinion<\/td>\n<td width=\"335\">PEK\/Yibolun<\/td>\n<td width=\"287\">Italy\/Taiwan<\/td>\n<td colspan=\"2\" width=\"916\">2M<\/td>\n<\/tr>\n<tr>\n<td width=\"253\">Electric Parts<\/td>\n<td width=\"335\">Honeywell\/CHNT<\/td>\n<td width=\"287\">USA\/China<\/td>\n<td colspan=\"2\" width=\"916\">Industrial level<\/td>\n<\/tr>\n<tr>\n<td width=\"253\">Pneumatic Device<\/td>\n<td width=\"335\">&nbsp;<\/p>\n<p>Inovance<\/td>\n<td width=\"287\">&nbsp;<\/p>\n<p>Shenzhen<\/td>\n<td colspan=\"2\" width=\"916\">With 2 airway\uff1aHigh pressure\uff08Air+Nitrogen\uff09+Low pressure\uff08Oxygen with proportional valve\uff09<\/p>\n<p>Dual-channel filtration and double low-pressure alarm<\/td>\n<\/tr>\n<tr>\n<td width=\"253\">Agregat wody lodowej<\/td>\n<td width=\"335\">Tongfei\/Hanli<\/td>\n<td width=\"287\">Sanhe\/Wuhan<\/td>\n<td colspan=\"2\" width=\"916\">Power: 3kw 6kw<\/td>\n<\/tr>\n<tr>\n<td width=\"253\">Uwaga<\/td>\n<td colspan=\"4\" width=\"1539\">1 year warranty for whole machine, 2 years for fiber laser source and fiber laser head\uff0cOptional parts:voltage stablizer, air compressor, independent control cabinet, air conditioner, Zoned smoke extraction<\/td>\n<\/tr>\n<\/tbody>\n<\/table>\n<figure id=\"attachment_4451\" aria-describedby=\"caption-attachment-4451\" style=\"width: 1200px\" class=\"wp-caption alignnone\"><img decoding=\"async\" class=\"size-full wp-image-4451\" src=\"https:\/\/wisecnclaser.com\/wp-content\/uploads\/2026\/04\/\u5927\u5305\u56f4\u56fe\u72471.jpg\" alt=\"full enclosure fiber laser metal cutting machine with exchange table 3015 4020 6020 6025\" width=\"1200\" height=\"1200\" srcset=\"https:\/\/wisecnclaser.com\/wp-content\/uploads\/2026\/04\/\u5927\u5305\u56f4\u56fe\u72471.jpg 1200w, https:\/\/wisecnclaser.com\/wp-content\/uploads\/2026\/04\/\u5927\u5305\u56f4\u56fe\u72471-300x300.jpg 300w, https:\/\/wisecnclaser.com\/wp-content\/uploads\/2026\/04\/\u5927\u5305\u56f4\u56fe\u72471-1024x1024.jpg 1024w, https:\/\/wisecnclaser.com\/wp-content\/uploads\/2026\/04\/\u5927\u5305\u56f4\u56fe\u72471-150x150.jpg 150w, https:\/\/wisecnclaser.com\/wp-content\/uploads\/2026\/04\/\u5927\u5305\u56f4\u56fe\u72471-768x768.jpg 768w, https:\/\/wisecnclaser.com\/wp-content\/uploads\/2026\/04\/\u5927\u5305\u56f4\u56fe\u72471-12x12.jpg 12w, https:\/\/wisecnclaser.com\/wp-content\/uploads\/2026\/04\/\u5927\u5305\u56f4\u56fe\u72471-600x600.jpg 600w, https:\/\/wisecnclaser.com\/wp-content\/uploads\/2026\/04\/\u5927\u5305\u56f4\u56fe\u72471-100x100.jpg 100w\" sizes=\"(max-width: 1200px) 100vw, 1200px\" \/><figcaption id=\"caption-attachment-4451\" class=\"wp-caption-text\">full enclosure fiber laser metal cutting machine with exchange table 3015 4020 6020 6025<\/figcaption><\/figure>\n<p><strong><b>Technical Specificati<\/b><\/strong><strong><b>on of Double worktable fiber laser cutting machine<\/b><\/strong><\/p>\n<table>\n<tbody>\n<tr>\n<td width=\"635\"><strong><b>Model<\/b><\/strong><\/td>\n<td width=\"635\">WS3015 WS4020 WS6020 WS6025<\/td>\n<\/tr>\n<tr>\n<td width=\"635\"><strong><b>Obszar roboczy<\/b><\/strong><\/td>\n<td width=\"635\">3000mm*1500mm, 4000*2000mm, 6000*2000mm, 6000*2500mm<\/td>\n<\/tr>\n<tr>\n<td width=\"635\"><strong><b>Typ lasera<\/b><\/strong><\/td>\n<td width=\"635\">Generator lasera \u015bwiat\u0142owodowego<\/td>\n<\/tr>\n<tr>\n<td width=\"635\"><strong><b>Laser<\/b><\/strong><strong><b>\u00a0<\/b><\/strong><strong><b>Moc<\/b><\/strong><\/td>\n<td width=\"635\">3000W 6000w RaycusCE \/ MAX<\/td>\n<\/tr>\n<tr>\n<td width=\"635\"><strong><b>System transmisji<\/b><\/strong><\/td>\n<td width=\"635\">Konstrukcja bramowa z podw\u00f3jnym nap\u0119dem<\/td>\n<\/tr>\n<tr>\n<td width=\"635\"><strong><b>System smarowania<\/b><\/strong><\/td>\n<td width=\"635\">W pe\u0142ni automatyczny<\/td>\n<\/tr>\n<tr>\n<td width=\"635\"><strong><b>Pr\u0119dko\u015b\u0107 maksymalna<\/b><\/strong><\/td>\n<td width=\"635\">140 m\/min<\/td>\n<\/tr>\n<tr>\n<td width=\"635\"><strong><b>Maksymalna pr\u0119dko\u015b\u0107 przyspieszania<\/b><\/strong><\/td>\n<td width=\"635\">1.0G<\/td>\n<\/tr>\n<tr>\n<td width=\"635\"><strong><b>Maszyna<\/b><\/strong><strong><b>\u00a0<\/b><\/strong><strong><b>Cia\u0142o<\/b><\/strong><\/td>\n<td width=\"635\">Rura spawana<\/td>\n<\/tr>\n<tr>\n<td width=\"635\">&nbsp;<\/p>\n<p><strong><b>Korpus maszyny<\/b><\/strong><strong><b>\u00a0<\/b><\/strong><strong><b>Produkt<\/b><\/strong><strong><b>\u00a0<\/b><\/strong><strong><b>Proces<\/b><\/strong><\/td>\n<td width=\"635\">Frezowanie bramowe<\/p>\n<p>Odstresowanie<\/p>\n<p>Wy\u0142\u0105czanie<\/td>\n<\/tr>\n<tr>\n<td width=\"635\"><strong><b>Dok\u0142adno\u015b\u0107 pozycji<\/b><\/strong><\/td>\n<td width=\"635\">\u00b10,03 mm\/1000 mm<\/td>\n<\/tr>\n<tr>\n<td width=\"635\"><strong><b>Dok\u0142adno\u015b\u0107 zmiany po\u0142o\u017cenia<\/b><\/strong><\/td>\n<td width=\"635\">\u00b10,02 mm\/1000 mm<\/td>\n<\/tr>\n<tr>\n<td width=\"635\"><strong><b>Obs\u0142ugiwany format graficzny<\/b><\/strong><\/td>\n<td width=\"635\">CAD, DXF itp<\/td>\n<\/tr>\n<tr>\n<td width=\"635\"><strong><b>Napi\u0119cie<\/b><\/strong><\/td>\n<td width=\"635\">380V\u00b110% tr\u00f3jfazowy<\/td>\n<\/tr>\n<tr>\n<td width=\"635\"><strong><b>Praca<\/b><\/strong><strong><b>\u00a0<\/b><\/strong><strong><b>\u015arodowisko<\/b><\/strong><\/td>\n<td width=\"635\">Temperatura: 0-40 \u2103, wilgotno\u015b\u0107: \u226480%, brak kondensacji<\/td>\n<\/tr>\n<tr>\n<td width=\"635\"><strong><b>Rozmiar maszyny<\/b><\/strong><\/td>\n<td width=\"635\">4873*2645*1765mm<\/td>\n<\/tr>\n<tr>\n<td width=\"635\"><strong><b>Rozmiar opakowania<\/b><\/strong><\/td>\n<td width=\"635\">5000*2290*1850mm<\/td>\n<\/tr>\n<tr>\n<td width=\"635\"><strong><b>Waga maszyny<\/b><\/strong><\/td>\n<td width=\"635\">1800 kg<\/td>\n<\/tr>\n<tr>\n<td width=\"635\"><strong><b>Waga opakowania<\/b><\/strong><\/td>\n<td width=\"635\">1900 kg<\/td>\n<\/tr>\n<\/tbody>\n<\/table>\n<figure id=\"attachment_4452\" aria-describedby=\"caption-attachment-4452\" style=\"width: 1200px\" class=\"wp-caption alignnone\"><img decoding=\"async\" class=\"size-full wp-image-4452\" src=\"https:\/\/wisecnclaser.com\/wp-content\/uploads\/2026\/04\/\u5149\u7ea4\u673a\u914d\u4ef6.jpg\" alt=\"full enclosure fiber laser metal cutting machine with exchange table 3015 4020 6020 6025\" width=\"1200\" height=\"1200\" srcset=\"https:\/\/wisecnclaser.com\/wp-content\/uploads\/2026\/04\/\u5149\u7ea4\u673a\u914d\u4ef6.jpg 1200w, https:\/\/wisecnclaser.com\/wp-content\/uploads\/2026\/04\/\u5149\u7ea4\u673a\u914d\u4ef6-300x300.jpg 300w, https:\/\/wisecnclaser.com\/wp-content\/uploads\/2026\/04\/\u5149\u7ea4\u673a\u914d\u4ef6-1024x1024.jpg 1024w, https:\/\/wisecnclaser.com\/wp-content\/uploads\/2026\/04\/\u5149\u7ea4\u673a\u914d\u4ef6-150x150.jpg 150w, https:\/\/wisecnclaser.com\/wp-content\/uploads\/2026\/04\/\u5149\u7ea4\u673a\u914d\u4ef6-768x768.jpg 768w, https:\/\/wisecnclaser.com\/wp-content\/uploads\/2026\/04\/\u5149\u7ea4\u673a\u914d\u4ef6-12x12.jpg 12w, https:\/\/wisecnclaser.com\/wp-content\/uploads\/2026\/04\/\u5149\u7ea4\u673a\u914d\u4ef6-600x600.jpg 600w, https:\/\/wisecnclaser.com\/wp-content\/uploads\/2026\/04\/\u5149\u7ea4\u673a\u914d\u4ef6-100x100.jpg 100w\" sizes=\"(max-width: 1200px) 100vw, 1200px\" \/><figcaption id=\"caption-attachment-4452\" class=\"wp-caption-text\">full enclosure fiber laser metal cutting machine with exchange table 3015 4020 6020 6025<\/figcaption><\/figure>\n<div class=\"ast-oembed-container\" style=\"height: 100%;\"><iframe title=\"full enclosure fiber laser cutting machine with exchange table, 6020 fiber laser cutting machine\" width=\"500\" height=\"281\" src=\"https:\/\/www.youtube.com\/embed\/qjON_hr4HJY?feature=oembed\" frameborder=\"0\" allow=\"accelerometer; autoplay; clipboard-write; encrypted-media; gyroscope; picture-in-picture; web-share\" referrerpolicy=\"strict-origin-when-cross-origin\" allowfullscreen><\/iframe><\/div>","protected":false},"excerpt":{"rendered":"<p><strong>Applicable Material of Fiber Laser Steel Cutting Machine<\/strong><\/p>\n<p>This\u00a0machine can be applied to cutting a wide variety\u00a0of metal\u00a0sheets,\u00a0mainly\u00a0including\u00a0stainless\u00a0steel, carbon steel, manganese steel, galvanized sheet, various\u00a0alloy\u00a0plates,\u00a0rare\u00a0metal\u00a0and other\u00a0metal materials.<\/p>\n<p><strong>Applicable Industry of 3kw 6kw fiber laser cutting machine:<\/strong><\/p>\n<p>This\u00a0machine\u00a0is widely\u00a0used in engineering\u00a0machinery, aerospace, electronics,\u00a0panel\u00a0beating,\u00a0metallurgical equipment, automobile,\u00a0household appliances, advertising\u00a0decoration\u00a0and\u00a0other\u00a0industries.<\/p>","protected":false},"featured_media":4449,"template":"","meta":{"_seopress_robots_primary_cat":"none","_seopress_titles_title":"","_seopress_titles_desc":"","_seopress_robots_index":"","_uag_custom_page_level_css":"","site-sidebar-layout":"default","site-content-layout":"","ast-site-content-layout":"default","site-content-style":"default","site-sidebar-style":"default","ast-global-header-display":"","ast-banner-title-visibility":"","ast-main-header-display":"","ast-hfb-above-header-display":"","ast-hfb-below-header-display":"","ast-hfb-mobile-header-display":"","site-post-title":"","ast-breadcrumbs-content":"","ast-featured-img":"","footer-sml-layout":"","ast-disable-related-posts":"","theme-transparent-header-meta":"default","adv-header-id-meta":"","stick-header-meta":"default","header-above-stick-meta":"","header-main-stick-meta":"","header-below-stick-meta":"","astra-migrate-meta-layouts":"set","ast-page-background-enabled":"default","ast-page-background-meta":{"desktop":{"background-color":"","background-image":"","background-repeat":"repeat","background-position":"center center","background-size":"auto","background-attachment":"scroll","background-type":"","background-media":"","overlay-type":"","overlay-color":"","overlay-opacity":"","overlay-gradient":""},"tablet":{"background-color":"","background-image":"","background-repeat":"repeat","background-position":"center center","background-size":"auto","background-attachment":"scroll","background-type":"","background-media":"","overlay-type":"","overlay-color":"","overlay-opacity":"","overlay-gradient":""},"mobile":{"background-color":"","background-image":"","background-repeat":"repeat","background-position":"center center","background-size":"auto","background-attachment":"scroll","background-type":"","background-media":"","overlay-type":"","overlay-color":"","overlay-opacity":"","overlay-gradient":""}},"ast-content-background-meta":{"desktop":{"background-color":"var(--ast-global-color-5)","background-image":"","background-repeat":"repeat","background-position":"center center","background-size":"auto","background-attachment":"scroll","background-type":"","background-media":"","overlay-type":"","overlay-color":"","overlay-opacity":"","overlay-gradient":""},"tablet":{"background-color":"var(--ast-global-color-5)","background-image":"","background-repeat":"repeat","background-position":"center center","background-size":"auto","background-attachment":"scroll","background-type":"","background-media":"","overlay-type":"","overlay-color":"","overlay-opacity":"","overlay-gradient":""},"mobile":{"background-color":"var(--ast-global-color-5)","background-image":"","background-repeat":"repeat","background-position":"center center","background-size":"auto","background-attachment":"scroll","background-type":"","background-media":"","overlay-type":"","overlay-color":"","overlay-opacity":"","overlay-gradient":""}}},"product_brand":[],"product_cat":[57],"product_tag":[285,286,287,288,281,282,283,284],"class_list":{"0":"post-4446","1":"product","2":"type-product","3":"status-publish","4":"has-post-thumbnail","6":"product_cat-fiberlaser","7":"product_tag-3015-fiber-laser-cutting-machine","8":"product_tag-4020-fiber-laser-cutting-machine","9":"product_tag-6020-fiber-laser-cutting-machine","10":"product_tag-6025-fiber-laser-cutting-machine","11":"product_tag-fiber-laser-cutting-machine-3kw","12":"product_tag-fiber-laser-cutting-machine-6kw","13":"product_tag-fiber-laser-cutting-machine-with-full-cover","14":"product_tag-full-enclosure-fiber-laser-cutting-machine","15":"desktop-align-left","16":"tablet-align-left","17":"mobile-align-left","18":"ast-product-gallery-layout-horizontal-slider","19":"ast-product-gallery-with-no-image","20":"ast-product-tabs-layout-horizontal","22":"first","23":"instock","24":"shipping-taxable","25":"product-type-simple"},"uagb_featured_image_src":{"full":["https:\/\/wisecnclaser.com\/wp-content\/uploads\/2026\/04\/\u5927\u5305\u56f4.png",1078,1074,false],"thumbnail":["https:\/\/wisecnclaser.com\/wp-content\/uploads\/2026\/04\/\u5927\u5305\u56f4-150x150.png",150,150,true],"medium":["https:\/\/wisecnclaser.com\/wp-content\/uploads\/2026\/04\/\u5927\u5305\u56f4-300x300.png",300,300,true],"medium_large":["https:\/\/wisecnclaser.com\/wp-content\/uploads\/2026\/04\/\u5927\u5305\u56f4-768x765.png",768,765,true],"large":["https:\/\/wisecnclaser.com\/wp-content\/uploads\/2026\/04\/\u5927\u5305\u56f4-1024x1020.png",1024,1020,true],"1536x1536":["https:\/\/wisecnclaser.com\/wp-content\/uploads\/2026\/04\/\u5927\u5305\u56f4.png",1078,1074,false],"2048x2048":["https:\/\/wisecnclaser.com\/wp-content\/uploads\/2026\/04\/\u5927\u5305\u56f4.png",1078,1074,false],"trp-custom-language-flag":["https:\/\/wisecnclaser.com\/wp-content\/uploads\/2026\/04\/\u5927\u5305\u56f4-12x12.png",12,12,true],"woocommerce_thumbnail":["https:\/\/wisecnclaser.com\/wp-content\/uploads\/2026\/04\/\u5927\u5305\u56f4-300x300.png",300,300,true],"woocommerce_single":["https:\/\/wisecnclaser.com\/wp-content\/uploads\/2026\/04\/\u5927\u5305\u56f4-600x598.png",600,598,true],"woocommerce_gallery_thumbnail":["https:\/\/wisecnclaser.com\/wp-content\/uploads\/2026\/04\/\u5927\u5305\u56f4-100x100.png",100,100,true]},"uagb_author_info":{"display_name":"jinxing6611@gmail.com","author_link":"https:\/\/wisecnclaser.com\/pl\/author\/"},"uagb_comment_info":0,"uagb_excerpt":"Applicable Material of Fiber Laser Steel Cutting Machine This\u00a0machine can be applied to cutting a wide variety\u00a0of metal\u00a0sheets,\u00a0mainly\u00a0including\u00a0stainless\u00a0steel, carbon steel, manganese steel, galvanized sheet, various\u00a0alloy\u00a0plates,\u00a0rare\u00a0metal\u00a0and other\u00a0metal materials. Applicable Industry of 3kw 6kw fiber laser cutting machine: This\u00a0machine\u00a0is widely\u00a0used in engineering\u00a0machinery, aerospace, electronics,\u00a0panel\u00a0beating,\u00a0metallurgical equipment, automobile,\u00a0household appliances, advertising\u00a0decoration\u00a0and\u00a0other\u00a0industries.","_links":{"self":[{"href":"https:\/\/wisecnclaser.com\/pl\/wp-json\/wp\/v2\/product\/4446","targetHints":{"allow":["GET"]}}],"collection":[{"href":"https:\/\/wisecnclaser.com\/pl\/wp-json\/wp\/v2\/product"}],"about":[{"href":"https:\/\/wisecnclaser.com\/pl\/wp-json\/wp\/v2\/types\/product"}],"wp:featuredmedia":[{"embeddable":true,"href":"https:\/\/wisecnclaser.com\/pl\/wp-json\/wp\/v2\/media\/4449"}],"wp:attachment":[{"href":"https:\/\/wisecnclaser.com\/pl\/wp-json\/wp\/v2\/media?parent=4446"}],"wp:term":[{"taxonomy":"product_brand","embeddable":true,"href":"https:\/\/wisecnclaser.com\/pl\/wp-json\/wp\/v2\/product_brand?post=4446"},{"taxonomy":"product_cat","embeddable":true,"href":"https:\/\/wisecnclaser.com\/pl\/wp-json\/wp\/v2\/product_cat?post=4446"},{"taxonomy":"product_tag","embeddable":true,"href":"https:\/\/wisecnclaser.com\/pl\/wp-json\/wp\/v2\/product_tag?post=4446"}],"curies":[{"name":"wp","href":"https:\/\/api.w.org\/{rel}","templated":true}]}}