{"id":1195,"date":"2025-05-20T07:32:07","date_gmt":"2025-05-20T07:32:07","guid":{"rendered":"https:\/\/wisecnclaser.com\/product\/dnk-purple-tshirt\/"},"modified":"2025-05-22T12:41:34","modified_gmt":"2025-05-22T12:41:34","slug":"dnk-purple-tshirt","status":"publish","type":"product","link":"https:\/\/wisecnclaser.com\/pt\/produto\/dnk-purple-tshirt\/","title":{"rendered":"M\u00e1quina de corte a laser CO2 WS1325"},"content":{"rendered":"<p><strong>Carater\u00edsticas:<\/strong><\/p>\n<p>A \u00e1rea de trabalho de 1300\u00d72500mm pode satisfazer as exig\u00eancias de grava\u00e7\u00e3o e corte em grande escala em vestu\u00e1rio e tecido, couro, madeira, acr\u00edlico e ind\u00fastria de papel.<\/p>\n<p><strong>Materiais aplic\u00e1veis:\u00a0<\/strong>madeira, bambu, jade, m\u00e1rmore, vidro org\u00e2nico, cristal, pl\u00e1stico, vestu\u00e1rio, papel, couro, borracha, cer\u00e2mica, vidro e outros materiais n\u00e3o met\u00e1licos.<\/p>\n<p><strong>Sectores aplic\u00e1veis:\u00a0<\/strong>publicidade, artes e of\u00edcios, couro, brinquedos, vestu\u00e1rio, modelagem, constru\u00e7\u00e3o de estofos, bordados e recortes computorizados, ind\u00fastria de embalagens e papel<\/p>\n<p><strong>T\u00e9cnica\u00a0<\/strong><strong>Especifica\u00e7\u00e3o<\/strong><strong>:<\/strong><\/p>\n<table>\n<tbody>\n<tr class=\"firstRow\">\n<td valign=\"top\" width=\"284\">Tipo de laser<\/td>\n<td valign=\"top\" width=\"284\">CO selado<sub>2<\/sub>\u00a0tubo laser<\/td>\n<\/tr>\n<tr>\n<td valign=\"top\" width=\"284\">Tipo de modelo<\/td>\n<td valign=\"top\" width=\"284\">WS1325<\/td>\n<\/tr>\n<tr>\n<td valign=\"top\" width=\"284\">Pot\u00eancia laser<\/td>\n<td valign=\"top\" width=\"284\">80W 100W 130W 150W<\/td>\n<\/tr>\n<tr>\n<td valign=\"top\" width=\"284\">\u00c1rea de corte<\/td>\n<td valign=\"top\" width=\"284\">1300*2500mm 1500*3000mm opcional<\/td>\n<\/tr>\n<tr>\n<td valign=\"top\" width=\"284\">Velocidade de grava\u00e7\u00e3o<\/td>\n<td valign=\"top\" width=\"284\">0-24.000mm\/min<\/td>\n<\/tr>\n<tr>\n<td valign=\"top\" width=\"284\">Reposi\u00e7\u00e3o da precis\u00e3o<\/td>\n<td valign=\"top\" width=\"284\">\u00b10,1mm<\/td>\n<\/tr>\n<tr>\n<td valign=\"top\" width=\"284\">Tens\u00e3o de funcionamento<\/td>\n<td valign=\"top\" width=\"284\">AC110-220V \u00b110%,50-60HZ<\/td>\n<\/tr>\n<tr>\n<td valign=\"top\" width=\"284\">Pot\u00eancia<\/td>\n<td valign=\"top\" width=\"284\">M\u00e1ximo de 1500W<\/td>\n<\/tr>\n<tr>\n<td valign=\"top\" width=\"284\">Temperatura de funcionamento<\/td>\n<td valign=\"top\" width=\"284\">0-45 graus<\/td>\n<\/tr>\n<tr>\n<td valign=\"top\" width=\"284\">Humidade de funcionamento<\/td>\n<td valign=\"top\" width=\"284\">5-95%<\/td>\n<\/tr>\n<tr>\n<td valign=\"top\" width=\"284\">Car\u00e1cter modelar m\u00ednimo<\/td>\n<td valign=\"top\" width=\"284\">Ingl\u00eas 1*1mm<\/td>\n<\/tr>\n<tr>\n<td valign=\"top\" width=\"284\">Formato gr\u00e1fico suportado<\/td>\n<td valign=\"top\" width=\"284\">BMP, PLT, DST, DXF e AI<\/td>\n<\/tr>\n<tr>\n<td valign=\"top\" width=\"284\">Sistema de condu\u00e7\u00e3o<\/td>\n<td valign=\"top\" width=\"284\">Passo a passo<\/td>\n<\/tr>\n<tr>\n<td valign=\"top\" width=\"284\">Modo de arrefecimento<\/td>\n<td valign=\"top\" width=\"284\">Sistema de arrefecimento e prote\u00e7\u00e3o da \u00e1gua<\/td>\n<\/tr>\n<tr>\n<td valign=\"top\" width=\"284\">Equipamento auxiliar<\/td>\n<td valign=\"top\" width=\"284\">Ventilador de escape, tubo de escape de ar, compressor de ar, bomba de \u00e1gua<\/td>\n<\/tr>\n<tr>\n<td valign=\"top\" width=\"284\">Software<\/td>\n<td valign=\"top\" width=\"284\">Corte a laser 5.3<\/td>\n<\/tr>\n<tr>\n<td valign=\"top\" width=\"284\">Software compat\u00edvel<\/td>\n<td valign=\"top\" width=\"284\">Coreldraw AutoCAD Photoshop<\/td>\n<\/tr>\n<tr>\n<td valign=\"top\" width=\"284\">Sistema de controlo<\/td>\n<td valign=\"top\" width=\"284\">CONTROLO DSP<\/td>\n<\/tr>\n<tr>\n<td valign=\"top\" width=\"284\">Tamanho da m\u00e1quina inteira<\/td>\n<td valign=\"top\" width=\"284\">3.000\u00d71.600 x 990mm<\/td>\n<\/tr>\n<tr>\n<td valign=\"top\" width=\"284\">Peso total com embalagem<\/td>\n<td valign=\"top\" width=\"284\">600 kg<\/td>\n<\/tr>\n<\/tbody>\n<\/table>\n<p>&nbsp;<\/p>","protected":false},"excerpt":{"rendered":"<p><strong>Carater\u00edsticas:<\/strong><\/p>\n<p>A \u00e1rea de trabalho de 1300\u00d72500mm pode satisfazer as exig\u00eancias de grava\u00e7\u00e3o e corte em grande escala em vestu\u00e1rio e tecido, couro, madeira, acr\u00edlico e ind\u00fastria de papel.<\/p>\n<p><strong>Materiais aplic\u00e1veis:\u00a0<\/strong>madeira, bambu, jade, m\u00e1rmore, vidro org\u00e2nico, cristal, pl\u00e1stico, vestu\u00e1rio, papel, couro, borracha, cer\u00e2mica, vidro e outros materiais n\u00e3o met\u00e1licos.<\/p>\n<p><strong>Sectores aplic\u00e1veis:\u00a0<\/strong>publicidade, artes e of\u00edcios, couro, brinquedos, vestu\u00e1rio, modelagem, constru\u00e7\u00e3o de estofos, bordados e recortes computorizados, ind\u00fastria de embalagens e papel<\/p>","protected":false},"featured_media":3436,"template":"","meta":{"_seopress_robots_primary_cat":"none","_seopress_titles_title":"","_seopress_titles_desc":"","_seopress_robots_index":"","_uag_custom_page_level_css":"","site-sidebar-layout":"default","site-content-layout":"default","ast-site-content-layout":"default","site-content-style":"default","site-sidebar-style":"default","ast-global-header-display":"","ast-banner-title-visibility":"","ast-main-header-display":"","ast-hfb-above-header-display":"","ast-hfb-below-header-display":"","ast-hfb-mobile-header-display":"","site-post-title":"","ast-breadcrumbs-content":"","ast-featured-img":"","footer-sml-layout":"","ast-disable-related-posts":"","theme-transparent-header-meta":"default","adv-header-id-meta":"","stick-header-meta":"default","header-above-stick-meta":"","header-main-stick-meta":"","header-below-stick-meta":"","astra-migrate-meta-layouts":"set","ast-page-background-enabled":"default","ast-page-background-meta":{"desktop":{"background-color":"","background-image":"","background-repeat":"repeat","background-position":"center center","background-size":"auto","background-attachment":"scroll","background-type":"","background-media":"","overlay-type":"","overlay-color":"","overlay-opacity":"","overlay-gradient":""},"tablet":{"background-color":"","background-image":"","background-repeat":"repeat","background-position":"center center","background-size":"auto","background-attachment":"scroll","background-type":"","background-media":"","overlay-type":"","overlay-color":"","overlay-opacity":"","overlay-gradient":""},"mobile":{"background-color":"","background-image":"","background-repeat":"repeat","background-position":"center center","background-size":"auto","background-attachment":"scroll","background-type":"","background-media":"","overlay-type":"","overlay-color":"","overlay-opacity":"","overlay-gradient":""}},"ast-content-background-meta":{"desktop":{"background-color":"var(--ast-global-color-5)","background-image":"","background-repeat":"repeat","background-position":"center center","background-size":"auto","background-attachment":"scroll","background-type":"","background-media":"","overlay-type":"","overlay-color":"","overlay-opacity":"","overlay-gradient":""},"tablet":{"background-color":"var(--ast-global-color-5)","background-image":"","background-repeat":"repeat","background-position":"center center","background-size":"auto","background-attachment":"scroll","background-type":"","background-media":"","overlay-type":"","overlay-color":"","overlay-opacity":"","overlay-gradient":""},"mobile":{"background-color":"var(--ast-global-color-5)","background-image":"","background-repeat":"repeat","background-position":"center center","background-size":"auto","background-attachment":"scroll","background-type":"","background-media":"","overlay-type":"","overlay-color":"","overlay-opacity":"","overlay-gradient":""}}},"product_brand":[],"product_cat":[32],"product_tag":[],"class_list":{"0":"post-1195","1":"product","2":"type-product","3":"status-publish","4":"has-post-thumbnail","6":"product_cat-lasercutting","7":"desktop-align-left","8":"tablet-align-left","9":"mobile-align-left","10":"ast-product-gallery-layout-horizontal-slider","11":"ast-product-gallery-with-no-image","12":"ast-product-tabs-layout-horizontal","14":"first","15":"instock","16":"shipping-taxable","17":"purchasable","18":"product-type-simple"},"uagb_featured_image_src":{"full":["https:\/\/wisecnclaser.com\/wp-content\/uploads\/2025\/05\/2f018a8729135d343b892bd3eb6a05ba.jpg",800,800,false],"thumbnail":["https:\/\/wisecnclaser.com\/wp-content\/uploads\/2025\/05\/2f018a8729135d343b892bd3eb6a05ba-150x150.jpg",150,150,true],"medium":["https:\/\/wisecnclaser.com\/wp-content\/uploads\/2025\/05\/2f018a8729135d343b892bd3eb6a05ba-300x300.jpg",300,300,true],"medium_large":["https:\/\/wisecnclaser.com\/wp-content\/uploads\/2025\/05\/2f018a8729135d343b892bd3eb6a05ba-768x768.jpg",768,768,true],"large":["https:\/\/wisecnclaser.com\/wp-content\/uploads\/2025\/05\/2f018a8729135d343b892bd3eb6a05ba.jpg",800,800,false],"1536x1536":["https:\/\/wisecnclaser.com\/wp-content\/uploads\/2025\/05\/2f018a8729135d343b892bd3eb6a05ba.jpg",800,800,false],"2048x2048":["https:\/\/wisecnclaser.com\/wp-content\/uploads\/2025\/05\/2f018a8729135d343b892bd3eb6a05ba.jpg",800,800,false],"trp-custom-language-flag":["https:\/\/wisecnclaser.com\/wp-content\/uploads\/2025\/05\/2f018a8729135d343b892bd3eb6a05ba-12x12.jpg",12,12,true],"woocommerce_thumbnail":["https:\/\/wisecnclaser.com\/wp-content\/uploads\/2025\/05\/2f018a8729135d343b892bd3eb6a05ba-300x300.jpg",300,300,true],"woocommerce_single":["https:\/\/wisecnclaser.com\/wp-content\/uploads\/2025\/05\/2f018a8729135d343b892bd3eb6a05ba-600x600.jpg",600,600,true],"woocommerce_gallery_thumbnail":["https:\/\/wisecnclaser.com\/wp-content\/uploads\/2025\/05\/2f018a8729135d343b892bd3eb6a05ba-100x100.jpg",100,100,true]},"uagb_author_info":{"display_name":"jinxing6611@gmail.com","author_link":"https:\/\/wisecnclaser.com\/pt\/author\/"},"uagb_comment_info":0,"uagb_excerpt":"Features: The working area of 1300\u00d72500mm can meet the demands of engraving and cutting on large scale garments and cloth, leather, wood, arylic and paper industry. Applicable materials:\u00a0wood, bamboo, jade, marble, organic glass, crystal, plastic, garments, paper, leather, rubber, ceramic, glass and other nonmetal materials. Applicable industries:\u00a0advertisement, arts and crafts, leather, toys, garments, model ,&hellip;","_links":{"self":[{"href":"https:\/\/wisecnclaser.com\/pt\/wp-json\/wp\/v2\/product\/1195","targetHints":{"allow":["GET"]}}],"collection":[{"href":"https:\/\/wisecnclaser.com\/pt\/wp-json\/wp\/v2\/product"}],"about":[{"href":"https:\/\/wisecnclaser.com\/pt\/wp-json\/wp\/v2\/types\/product"}],"wp:featuredmedia":[{"embeddable":true,"href":"https:\/\/wisecnclaser.com\/pt\/wp-json\/wp\/v2\/media\/3436"}],"wp:attachment":[{"href":"https:\/\/wisecnclaser.com\/pt\/wp-json\/wp\/v2\/media?parent=1195"}],"wp:term":[{"taxonomy":"product_brand","embeddable":true,"href":"https:\/\/wisecnclaser.com\/pt\/wp-json\/wp\/v2\/product_brand?post=1195"},{"taxonomy":"product_cat","embeddable":true,"href":"https:\/\/wisecnclaser.com\/pt\/wp-json\/wp\/v2\/product_cat?post=1195"},{"taxonomy":"product_tag","embeddable":true,"href":"https:\/\/wisecnclaser.com\/pt\/wp-json\/wp\/v2\/product_tag?post=1195"}],"curies":[{"name":"wp","href":"https:\/\/api.w.org\/{rel}","templated":true}]}}