{"id":1196,"date":"2025-05-20T07:32:07","date_gmt":"2025-05-20T07:32:07","guid":{"rendered":"https:\/\/wisecnclaser.com\/product\/dnk-blue-tshirt\/"},"modified":"2025-05-23T02:48:45","modified_gmt":"2025-05-23T02:48:45","slug":"dnk-blue-tshirt","status":"publish","type":"product","link":"https:\/\/wisecnclaser.com\/pt\/produto\/dnk-blue-tshirt\/","title":{"rendered":"M\u00e1quina de pedra com fuso e ferramenta de moagem"},"content":{"rendered":"<p><strong>Aplica\u00e7\u00e3o da m\u00e1quina de bancada de pedra:<\/strong><\/p>\n<p>Decora\u00e7\u00e3o interior e exterior, casa de banho, mesa de cozinha e lavat\u00f3rio, decora\u00e7\u00e3o em pedra de alta qualidade.<\/p>\n<p><strong>Fun\u00e7\u00f5es:\u00a0<\/strong>retifica\u00e7\u00e3o de arestas, grava\u00e7\u00e3o em pedra.<\/p>\n<p><strong>Carater\u00edsticas<\/strong><strong>:<\/strong><\/p>\n<p>A cabe\u00e7a esquerda \u00e9 com ferramentas de moagem, usadas para polir a aresta de corte de pedra, precisa de mudar as ferramentas de moagem manualmente.<\/p>\n<p>A cabe\u00e7a direita \u00e9 um mandril independente, utilizado para gravar em pedra, m\u00e1rmore, granito.<\/p>\n<p>&nbsp;<\/p>\n<table width=\"662\">\n<tbody>\n<tr class=\"firstRow\">\n<td colspan=\"2\" valign=\"center\" width=\"662\"><strong>Par\u00e2metro t\u00e9cnico de WS3015<\/strong><strong>G<\/strong><strong>\u00a0M\u00e1quina de pedra com ferramenta de moagem e fuso<\/strong><\/td>\n<\/tr>\n<tr>\n<td valign=\"top\" width=\"207\">Modelo<\/td>\n<td valign=\"top\" width=\"455\">WS3015G<\/td>\n<\/tr>\n<tr>\n<td valign=\"top\" width=\"207\">X Zona de trabalho<\/td>\n<td valign=\"top\" width=\"455\">3000mm<\/td>\n<\/tr>\n<tr>\n<td valign=\"top\" width=\"207\">\u00c1rea de trabalho Y<\/td>\n<td valign=\"top\" width=\"455\">1500mm<\/td>\n<\/tr>\n<tr>\n<td valign=\"top\" width=\"207\">Zona de trabalho Z<\/td>\n<td valign=\"top\" width=\"455\">400mm<\/td>\n<\/tr>\n<tr>\n<td valign=\"top\" width=\"207\">Carril de guia<\/td>\n<td valign=\"top\" width=\"455\">Calha quadrada 30 da marca Taiwan<\/td>\n<\/tr>\n<tr>\n<td valign=\"top\" width=\"207\">Encomenda de grava\u00e7\u00e3o<\/td>\n<td valign=\"top\" width=\"455\">C\u00f3digo G<\/td>\n<\/tr>\n<tr>\n<td valign=\"top\" width=\"207\">Precis\u00e3o de posicionamento repetido<\/td>\n<td valign=\"top\" width=\"455\">\u00b1<a title=\"m\u00e1quina de pedra\" href=\"https:\/\/wisecnclaser.com\/pt\/qitawujin\/\" target=\"_blank\" rel=\"noopener\">0,05 mm<\/a>\u00a0de m\u00e1quina de bancada de pedra<\/td>\n<\/tr>\n<tr>\n<td valign=\"top\" width=\"207\">Mesa de trabalho<\/td>\n<td valign=\"top\" width=\"455\">Tabela de ranhuras T<\/td>\n<\/tr>\n<tr>\n<td valign=\"top\" width=\"207\">Motor de acionamento<\/td>\n<td valign=\"top\" width=\"455\">Condu\u00e7\u00e3o servo chinesa<\/td>\n<\/tr>\n<tr>\n<td valign=\"top\" width=\"207\">Sistema de controlo<\/td>\n<td valign=\"top\" width=\"455\">Ncstudio<\/td>\n<\/tr>\n<tr>\n<td valign=\"top\" width=\"207\">Pot\u00eancia do eixo de grava\u00e7\u00e3o<\/td>\n<td valign=\"top\" width=\"455\">Eixo de refrigera\u00e7\u00e3o a \u00e1gua de 5,5kw ER32<\/td>\n<\/tr>\n<tr>\n<td valign=\"top\" width=\"207\">Pot\u00eancia da ferramenta de retifica\u00e7\u00e3o<\/td>\n<td valign=\"top\" width=\"455\">5,5kw<\/td>\n<\/tr>\n<tr>\n<td valign=\"top\" width=\"207\">Bomba de v\u00e1cuo<\/td>\n<td valign=\"top\" width=\"455\">Bomba de v\u00e1cuo tipo \u00e1gua de 5,5kw<\/td>\n<\/tr>\n<tr>\n<td valign=\"top\" width=\"207\">Tens\u00e3o de funcionamento<\/td>\n<td valign=\"top\" width=\"455\">380V\/50HZ<\/td>\n<\/tr>\n<tr>\n<td valign=\"top\" width=\"207\">Tamanho da m\u00e1quina<\/td>\n<td valign=\"top\" width=\"455\">5800*2200*2000mm<\/td>\n<\/tr>\n<tr>\n<td valign=\"top\" width=\"207\">Peso da m\u00e1quina<\/td>\n<td valign=\"top\" width=\"455\">3000 kg<\/td>\n<\/tr>\n<\/tbody>\n<\/table>\n<p>&nbsp;<\/p>","protected":false},"excerpt":{"rendered":"<p><strong>Aplica\u00e7\u00e3o da m\u00e1quina de bancada de pedra:<\/strong><\/p>\n<p>Decora\u00e7\u00e3o interior e exterior, casa de banho, mesa de cozinha e lavat\u00f3rio, decora\u00e7\u00e3o em pedra de alta qualidade.<\/p>\n<p><strong>Fun\u00e7\u00f5es:\u00a0<\/strong>retifica\u00e7\u00e3o de arestas, grava\u00e7\u00e3o em pedra.<\/p>\n<p><strong>Carater\u00edsticas<\/strong><strong>:<\/strong><\/p>\n<p>A cabe\u00e7a esquerda \u00e9 com ferramentas de moagem, usadas para polir a aresta de corte de pedra, precisa de mudar as ferramentas de moagem manualmente.<\/p>\n<p>A cabe\u00e7a direita \u00e9 um mandril independente, utilizado para gravar em pedra, m\u00e1rmore, granito.<\/p>","protected":false},"featured_media":3434,"template":"","meta":{"_seopress_robots_primary_cat":"none","_seopress_titles_title":"","_seopress_titles_desc":"","_seopress_robots_index":"","_uag_custom_page_level_css":"","site-sidebar-layout":"default","site-content-layout":"default","ast-site-content-layout":"default","site-content-style":"default","site-sidebar-style":"default","ast-global-header-display":"","ast-banner-title-visibility":"","ast-main-header-display":"","ast-hfb-above-header-display":"","ast-hfb-below-header-display":"","ast-hfb-mobile-header-display":"","site-post-title":"","ast-breadcrumbs-content":"","ast-featured-img":"","footer-sml-layout":"","ast-disable-related-posts":"","theme-transparent-header-meta":"default","adv-header-id-meta":"","stick-header-meta":"default","header-above-stick-meta":"","header-main-stick-meta":"","header-below-stick-meta":"","astra-migrate-meta-layouts":"set","ast-page-background-enabled":"default","ast-page-background-meta":{"desktop":{"background-color":"","background-image":"","background-repeat":"repeat","background-position":"center center","background-size":"auto","background-attachment":"scroll","background-type":"","background-media":"","overlay-type":"","overlay-color":"","overlay-opacity":"","overlay-gradient":""},"tablet":{"background-color":"","background-image":"","background-repeat":"repeat","background-position":"center center","background-size":"auto","background-attachment":"scroll","background-type":"","background-media":"","overlay-type":"","overlay-color":"","overlay-opacity":"","overlay-gradient":""},"mobile":{"background-color":"","background-image":"","background-repeat":"repeat","background-position":"center center","background-size":"auto","background-attachment":"scroll","background-type":"","background-media":"","overlay-type":"","overlay-color":"","overlay-opacity":"","overlay-gradient":""}},"ast-content-background-meta":{"desktop":{"background-color":"var(--ast-global-color-5)","background-image":"","background-repeat":"repeat","background-position":"center center","background-size":"auto","background-attachment":"scroll","background-type":"","background-media":"","overlay-type":"","overlay-color":"","overlay-opacity":"","overlay-gradient":""},"tablet":{"background-color":"var(--ast-global-color-5)","background-image":"","background-repeat":"repeat","background-position":"center center","background-size":"auto","background-attachment":"scroll","background-type":"","background-media":"","overlay-type":"","overlay-color":"","overlay-opacity":"","overlay-gradient":""},"mobile":{"background-color":"var(--ast-global-color-5)","background-image":"","background-repeat":"repeat","background-position":"center center","background-size":"auto","background-attachment":"scroll","background-type":"","background-media":"","overlay-type":"","overlay-color":"","overlay-opacity":"","overlay-gradient":""}}},"product_brand":[],"product_cat":[33],"product_tag":[],"class_list":{"0":"post-1196","1":"product","2":"type-product","3":"status-publish","4":"has-post-thumbnail","6":"product_cat-stone","7":"desktop-align-left","8":"tablet-align-left","9":"mobile-align-left","10":"ast-product-gallery-layout-horizontal-slider","11":"ast-product-gallery-with-no-image","12":"ast-product-tabs-layout-horizontal","14":"first","15":"instock","16":"shipping-taxable","17":"purchasable","18":"product-type-simple"},"uagb_featured_image_src":{"full":["https:\/\/wisecnclaser.com\/wp-content\/uploads\/2025\/05\/272a2385489c69ae90f86f8efd1ad1b1.jpg",800,800,false],"thumbnail":["https:\/\/wisecnclaser.com\/wp-content\/uploads\/2025\/05\/272a2385489c69ae90f86f8efd1ad1b1-150x150.jpg",150,150,true],"medium":["https:\/\/wisecnclaser.com\/wp-content\/uploads\/2025\/05\/272a2385489c69ae90f86f8efd1ad1b1-300x300.jpg",300,300,true],"medium_large":["https:\/\/wisecnclaser.com\/wp-content\/uploads\/2025\/05\/272a2385489c69ae90f86f8efd1ad1b1-768x768.jpg",768,768,true],"large":["https:\/\/wisecnclaser.com\/wp-content\/uploads\/2025\/05\/272a2385489c69ae90f86f8efd1ad1b1.jpg",800,800,false],"1536x1536":["https:\/\/wisecnclaser.com\/wp-content\/uploads\/2025\/05\/272a2385489c69ae90f86f8efd1ad1b1.jpg",800,800,false],"2048x2048":["https:\/\/wisecnclaser.com\/wp-content\/uploads\/2025\/05\/272a2385489c69ae90f86f8efd1ad1b1.jpg",800,800,false],"trp-custom-language-flag":["https:\/\/wisecnclaser.com\/wp-content\/uploads\/2025\/05\/272a2385489c69ae90f86f8efd1ad1b1-12x12.jpg",12,12,true],"woocommerce_thumbnail":["https:\/\/wisecnclaser.com\/wp-content\/uploads\/2025\/05\/272a2385489c69ae90f86f8efd1ad1b1-300x300.jpg",300,300,true],"woocommerce_single":["https:\/\/wisecnclaser.com\/wp-content\/uploads\/2025\/05\/272a2385489c69ae90f86f8efd1ad1b1-600x600.jpg",600,600,true],"woocommerce_gallery_thumbnail":["https:\/\/wisecnclaser.com\/wp-content\/uploads\/2025\/05\/272a2385489c69ae90f86f8efd1ad1b1-100x100.jpg",100,100,true]},"uagb_author_info":{"display_name":"jinxing6611@gmail.com","author_link":"https:\/\/wisecnclaser.com\/pt\/author\/"},"uagb_comment_info":0,"uagb_excerpt":"Application of stone countertop machine: Indoor and outdoor decoration, stage basin bathroom, kitchen table and washing basin, high-grade stone decoration. Functions:\u00a0edge grinding, stone\u00a0engraving. Features: Left Head is With\u00a0Grinding tools, used to polish stone cutting edge, need change grinding tools manually. Right head is independent spindle, used to engrave on stone, marble, granite.","_links":{"self":[{"href":"https:\/\/wisecnclaser.com\/pt\/wp-json\/wp\/v2\/product\/1196","targetHints":{"allow":["GET"]}}],"collection":[{"href":"https:\/\/wisecnclaser.com\/pt\/wp-json\/wp\/v2\/product"}],"about":[{"href":"https:\/\/wisecnclaser.com\/pt\/wp-json\/wp\/v2\/types\/product"}],"wp:featuredmedia":[{"embeddable":true,"href":"https:\/\/wisecnclaser.com\/pt\/wp-json\/wp\/v2\/media\/3434"}],"wp:attachment":[{"href":"https:\/\/wisecnclaser.com\/pt\/wp-json\/wp\/v2\/media?parent=1196"}],"wp:term":[{"taxonomy":"product_brand","embeddable":true,"href":"https:\/\/wisecnclaser.com\/pt\/wp-json\/wp\/v2\/product_brand?post=1196"},{"taxonomy":"product_cat","embeddable":true,"href":"https:\/\/wisecnclaser.com\/pt\/wp-json\/wp\/v2\/product_cat?post=1196"},{"taxonomy":"product_tag","embeddable":true,"href":"https:\/\/wisecnclaser.com\/pt\/wp-json\/wp\/v2\/product_tag?post=1196"}],"curies":[{"name":"wp","href":"https:\/\/api.w.org\/{rel}","templated":true}]}}