{"id":1197,"date":"2025-05-20T07:32:07","date_gmt":"2025-05-20T07:32:07","guid":{"rendered":"https:\/\/wisecnclaser.com\/product\/buddha-bracelet-2\/"},"modified":"2025-05-22T12:37:41","modified_gmt":"2025-05-22T12:37:41","slug":"buddha-bracelet-2","status":"publish","type":"product","link":"https:\/\/wisecnclaser.com\/pt\/produto\/buddha-bracelet-2\/","title":{"rendered":"Centro de processamento de bancadas de grava\u00e7\u00e3o em pedra"},"content":{"rendered":"<p><strong>Aplica\u00e7\u00e3o de m\u00e1quina de grava\u00e7\u00e3o em pedra para bancada:<\/strong><\/p>\n<p>Decora\u00e7\u00e3o interior e exterior, casa de banho, mesa de cozinha e lavat\u00f3rio, decora\u00e7\u00e3o em pedra de alta qualidade.<\/p>\n<p><strong>Fun\u00e7\u00f5es:\u00a0<\/strong>corte, retifica\u00e7\u00e3o de arestas, escava\u00e7\u00e3o de um buraco, grava\u00e7\u00e3o.<\/p>\n<p><strong>Carater\u00edsticas<\/strong><strong>:<\/strong><\/p>\n<p>A cabe\u00e7a esquerda \u00e9 com ferramentas de moagem e fuso, fuso usado para cavar buracos na bacia de pedra, ferramenta de moagem usada para polir a borda da pedra, precisa de mudar as ferramentas de moagem manualmente<\/p>\n<p>A cabe\u00e7a direita \u00e9 um mandril independente, utilizado para gravar em pedra, m\u00e1rmore, granito.<\/p>\n<p>&nbsp;<\/p>\n<table width=\"662\">\n<tbody>\n<tr class=\"firstRow\">\n<td colspan=\"2\" valign=\"center\" width=\"662\"><strong>Par\u00e2metro t\u00e9cnico de WS3015<\/strong><strong>S<\/strong><strong>\u00a0Centro de processamento de bancadas de grava\u00e7\u00e3o em pedra<\/strong><\/td>\n<\/tr>\n<tr>\n<td valign=\"top\" width=\"207\">Modelo<\/td>\n<td valign=\"top\" width=\"455\">WS3015S Centro de processamento de bancada para grava\u00e7\u00e3o em pedra<\/td>\n<\/tr>\n<tr>\n<td valign=\"top\" width=\"207\">X Zona de trabalho<\/td>\n<td valign=\"top\" width=\"455\">3000mm<\/td>\n<\/tr>\n<tr>\n<td valign=\"top\" width=\"207\">\u00c1rea de trabalho Y<\/td>\n<td valign=\"top\" width=\"455\">1500mm<\/td>\n<\/tr>\n<tr>\n<td valign=\"top\" width=\"207\">Zona de trabalho Z<\/td>\n<td valign=\"top\" width=\"455\">400mm<\/td>\n<\/tr>\n<tr>\n<td valign=\"top\" width=\"207\">Carril de guia<\/td>\n<td valign=\"top\" width=\"455\">Calha quadrada 30 da marca Taiwan<\/td>\n<\/tr>\n<tr>\n<td valign=\"top\" width=\"207\">Encomenda de grava\u00e7\u00e3o<\/td>\n<td valign=\"top\" width=\"455\">C\u00f3digo G<\/td>\n<\/tr>\n<tr>\n<td valign=\"top\" width=\"207\">Precis\u00e3o de posicionamento repetido<\/td>\n<td valign=\"top\" width=\"455\">\u00b10,05mm<\/td>\n<\/tr>\n<tr>\n<td valign=\"top\" width=\"207\">Mesa de trabalho<\/td>\n<td valign=\"top\" width=\"455\">Tabela de ranhuras T<\/td>\n<\/tr>\n<tr>\n<td valign=\"top\" width=\"207\">Motor de acionamento<\/td>\n<td valign=\"top\" width=\"455\">Condu\u00e7\u00e3o servo chinesa<\/td>\n<\/tr>\n<tr>\n<td valign=\"top\" width=\"207\">Sistema de controlo<\/td>\n<td valign=\"top\" width=\"455\">Ncstudio<\/td>\n<\/tr>\n<tr>\n<td valign=\"top\" width=\"207\">Furo Pot\u00eancia do fuso<\/td>\n<td valign=\"top\" width=\"455\">5,5kw<\/td>\n<\/tr>\n<tr>\n<td valign=\"top\" width=\"207\">Pot\u00eancia do eixo de grava\u00e7\u00e3o<\/td>\n<td valign=\"top\" width=\"455\">Eixo de refrigera\u00e7\u00e3o a \u00e1gua de 5,5kw ER32<\/td>\n<\/tr>\n<tr>\n<td valign=\"top\" width=\"207\">Pot\u00eancia da ferramenta de retifica\u00e7\u00e3o<\/td>\n<td valign=\"top\" width=\"455\">5,5kw<\/td>\n<\/tr>\n<tr>\n<td valign=\"top\" width=\"207\">Bomba de v\u00e1cuo<\/td>\n<td valign=\"top\" width=\"455\">Bomba de v\u00e1cuo tipo \u00e1gua de 5,5kw<\/td>\n<\/tr>\n<tr>\n<td valign=\"top\" width=\"207\">Tens\u00e3o de funcionamento<\/td>\n<td valign=\"top\" width=\"455\">380V\/50HZ<\/td>\n<\/tr>\n<tr>\n<td valign=\"top\" width=\"207\">Tamanho da m\u00e1quina<\/td>\n<td valign=\"top\" width=\"455\">5800*2200*2000mm<\/td>\n<\/tr>\n<tr>\n<td valign=\"top\" width=\"207\">Peso da m\u00e1quina<\/td>\n<td valign=\"top\" width=\"455\">3500 kg<\/td>\n<\/tr>\n<\/tbody>\n<\/table>\n<p>&nbsp;<\/p>","protected":false},"excerpt":{"rendered":"<p><strong>Aplica\u00e7\u00e3o de m\u00e1quina de grava\u00e7\u00e3o em pedra para bancada:<\/strong><\/p>\n<p>Decora\u00e7\u00e3o interior e exterior, casa de banho, mesa de cozinha e lavat\u00f3rio, decora\u00e7\u00e3o em pedra de alta qualidade.<\/p>\n<p><strong>Fun\u00e7\u00f5es:\u00a0<\/strong>corte, retifica\u00e7\u00e3o de arestas, escava\u00e7\u00e3o de um buraco, grava\u00e7\u00e3o.<\/p>\n<p><strong>Carater\u00edsticas<\/strong><strong>:<\/strong><\/p>\n<p>A cabe\u00e7a esquerda \u00e9 com ferramentas de moagem e fuso, fuso usado para cavar buracos na bacia de pedra, ferramenta de moagem usada para polir a borda da pedra, precisa de mudar as ferramentas de moagem manualmente<\/p>\n<p>A cabe\u00e7a direita \u00e9 um mandril independente, utilizado para gravar em pedra, m\u00e1rmore, granito.<\/p>","protected":false},"featured_media":3432,"template":"","meta":{"_seopress_robots_primary_cat":"none","_seopress_titles_title":"","_seopress_titles_desc":"","_seopress_robots_index":"","_uag_custom_page_level_css":"","site-sidebar-layout":"default","site-content-layout":"default","ast-site-content-layout":"default","site-content-style":"default","site-sidebar-style":"default","ast-global-header-display":"","ast-banner-title-visibility":"","ast-main-header-display":"","ast-hfb-above-header-display":"","ast-hfb-below-header-display":"","ast-hfb-mobile-header-display":"","site-post-title":"","ast-breadcrumbs-content":"","ast-featured-img":"","footer-sml-layout":"","ast-disable-related-posts":"","theme-transparent-header-meta":"default","adv-header-id-meta":"","stick-header-meta":"default","header-above-stick-meta":"","header-main-stick-meta":"","header-below-stick-meta":"","astra-migrate-meta-layouts":"set","ast-page-background-enabled":"default","ast-page-background-meta":{"desktop":{"background-color":"","background-image":"","background-repeat":"repeat","background-position":"center center","background-size":"auto","background-attachment":"scroll","background-type":"","background-media":"","overlay-type":"","overlay-color":"","overlay-opacity":"","overlay-gradient":""},"tablet":{"background-color":"","background-image":"","background-repeat":"repeat","background-position":"center center","background-size":"auto","background-attachment":"scroll","background-type":"","background-media":"","overlay-type":"","overlay-color":"","overlay-opacity":"","overlay-gradient":""},"mobile":{"background-color":"","background-image":"","background-repeat":"repeat","background-position":"center center","background-size":"auto","background-attachment":"scroll","background-type":"","background-media":"","overlay-type":"","overlay-color":"","overlay-opacity":"","overlay-gradient":""}},"ast-content-background-meta":{"desktop":{"background-color":"var(--ast-global-color-5)","background-image":"","background-repeat":"repeat","background-position":"center center","background-size":"auto","background-attachment":"scroll","background-type":"","background-media":"","overlay-type":"","overlay-color":"","overlay-opacity":"","overlay-gradient":""},"tablet":{"background-color":"var(--ast-global-color-5)","background-image":"","background-repeat":"repeat","background-position":"center center","background-size":"auto","background-attachment":"scroll","background-type":"","background-media":"","overlay-type":"","overlay-color":"","overlay-opacity":"","overlay-gradient":""},"mobile":{"background-color":"var(--ast-global-color-5)","background-image":"","background-repeat":"repeat","background-position":"center center","background-size":"auto","background-attachment":"scroll","background-type":"","background-media":"","overlay-type":"","overlay-color":"","overlay-opacity":"","overlay-gradient":""}}},"product_brand":[],"product_cat":[33],"product_tag":[],"class_list":{"0":"post-1197","1":"product","2":"type-product","3":"status-publish","4":"has-post-thumbnail","6":"product_cat-stone","7":"desktop-align-left","8":"tablet-align-left","9":"mobile-align-left","10":"ast-product-gallery-layout-horizontal-slider","11":"ast-product-gallery-with-no-image","12":"ast-product-tabs-layout-horizontal","14":"first","15":"instock","16":"sale","17":"shipping-taxable","18":"purchasable","19":"product-type-simple"},"uagb_featured_image_src":{"full":["https:\/\/wisecnclaser.com\/wp-content\/uploads\/2025\/05\/10812369e61f029130724a6a0d9c0f69.jpg",800,800,false],"thumbnail":["https:\/\/wisecnclaser.com\/wp-content\/uploads\/2025\/05\/10812369e61f029130724a6a0d9c0f69-150x150.jpg",150,150,true],"medium":["https:\/\/wisecnclaser.com\/wp-content\/uploads\/2025\/05\/10812369e61f029130724a6a0d9c0f69-300x300.jpg",300,300,true],"medium_large":["https:\/\/wisecnclaser.com\/wp-content\/uploads\/2025\/05\/10812369e61f029130724a6a0d9c0f69-768x768.jpg",768,768,true],"large":["https:\/\/wisecnclaser.com\/wp-content\/uploads\/2025\/05\/10812369e61f029130724a6a0d9c0f69.jpg",800,800,false],"1536x1536":["https:\/\/wisecnclaser.com\/wp-content\/uploads\/2025\/05\/10812369e61f029130724a6a0d9c0f69.jpg",800,800,false],"2048x2048":["https:\/\/wisecnclaser.com\/wp-content\/uploads\/2025\/05\/10812369e61f029130724a6a0d9c0f69.jpg",800,800,false],"trp-custom-language-flag":["https:\/\/wisecnclaser.com\/wp-content\/uploads\/2025\/05\/10812369e61f029130724a6a0d9c0f69-12x12.jpg",12,12,true],"woocommerce_thumbnail":["https:\/\/wisecnclaser.com\/wp-content\/uploads\/2025\/05\/10812369e61f029130724a6a0d9c0f69-300x300.jpg",300,300,true],"woocommerce_single":["https:\/\/wisecnclaser.com\/wp-content\/uploads\/2025\/05\/10812369e61f029130724a6a0d9c0f69-600x600.jpg",600,600,true],"woocommerce_gallery_thumbnail":["https:\/\/wisecnclaser.com\/wp-content\/uploads\/2025\/05\/10812369e61f029130724a6a0d9c0f69-100x100.jpg",100,100,true]},"uagb_author_info":{"display_name":"jinxing6611@gmail.com","author_link":"https:\/\/wisecnclaser.com\/pt\/author\/"},"uagb_comment_info":0,"uagb_excerpt":"Application stone engraving countertop machine: Indoor and outdoor decoration, stage basin bathroom, kitchen table and washing basin, high-grade stone decoration. Functions:\u00a0cutting, edge grinding, dig a hole, engraving. Features: Left Head is With\u00a0Grinding tools and spindle, spindle used to dig hole on stone basin,\u00a0grinding tool used to polish stone edge, need change grinding tools manually Right&hellip;","_links":{"self":[{"href":"https:\/\/wisecnclaser.com\/pt\/wp-json\/wp\/v2\/product\/1197","targetHints":{"allow":["GET"]}}],"collection":[{"href":"https:\/\/wisecnclaser.com\/pt\/wp-json\/wp\/v2\/product"}],"about":[{"href":"https:\/\/wisecnclaser.com\/pt\/wp-json\/wp\/v2\/types\/product"}],"wp:featuredmedia":[{"embeddable":true,"href":"https:\/\/wisecnclaser.com\/pt\/wp-json\/wp\/v2\/media\/3432"}],"wp:attachment":[{"href":"https:\/\/wisecnclaser.com\/pt\/wp-json\/wp\/v2\/media?parent=1197"}],"wp:term":[{"taxonomy":"product_brand","embeddable":true,"href":"https:\/\/wisecnclaser.com\/pt\/wp-json\/wp\/v2\/product_brand?post=1197"},{"taxonomy":"product_cat","embeddable":true,"href":"https:\/\/wisecnclaser.com\/pt\/wp-json\/wp\/v2\/product_cat?post=1197"},{"taxonomy":"product_tag","embeddable":true,"href":"https:\/\/wisecnclaser.com\/pt\/wp-json\/wp\/v2\/product_tag?post=1197"}],"curies":[{"name":"wp","href":"https:\/\/api.w.org\/{rel}","templated":true}]}}