{"id":1202,"date":"2025-05-20T07:32:07","date_gmt":"2025-05-20T07:32:07","guid":{"rendered":"https:\/\/wisecnclaser.com\/product\/green-tshirt\/"},"modified":"2025-05-22T12:34:45","modified_gmt":"2025-05-22T12:34:45","slug":"green-tshirt","status":"publish","type":"product","link":"https:\/\/wisecnclaser.com\/pt\/produto\/green-tshirt\/","title":{"rendered":"Tupia CNC de cabe\u00e7a \u00fanica"},"content":{"rendered":"<p><strong><em>Vantagens do nosso router cnc para pedra:<\/em><\/strong><\/p>\n<p>1. Estrutura resistente, o peso da m\u00e1quina \u00e9 de cerca de 2200kgs<\/p>\n<p>2. quadro da m\u00e1quina \u00e9 processado pelo centro de moagem cnc de alta precis\u00e3o, algum outro fornecedor usa plaina de habita\u00e7\u00e3o dupla, h\u00e1 diferen\u00e7a de precis\u00e3o entre plaina e centro de moagem<\/p>\n<p>3. O nosso fuso \u00e9 um fuso profissional de I&amp;D para grava\u00e7\u00e3o e escultura em pedra, melhor \u00e0 prova de p\u00f3 e de \u00e1gua. O fuso normal n\u00e3o tem fun\u00e7\u00e3o \u00e0 prova de poeira e \u00e0 prova de \u00e1gua<\/p>\n<p>4. Todas as outras partes utilizam o que \u00e9 mais adequado para a escultura em pedra, como resist\u00eancia pesada, \u00e0 prova de \u00e1gua e \u00e0 prova de poeira<\/p>\n<table>\n<tbody>\n<tr class=\"firstRow\">\n<td colspan=\"2\" valign=\"center\" width=\"645\"><strong>Descri\u00e7\u00e3o e especifica\u00e7\u00f5es de 1325 pedra cnc router :<\/strong><\/td>\n<\/tr>\n<tr>\n<td valign=\"top\" width=\"267\">X \u00c1rea de trabalho<\/td>\n<td valign=\"top\" width=\"378\">1300mm (4FEET)<\/td>\n<\/tr>\n<tr>\n<td valign=\"top\" width=\"267\">Y \u00c1rea de trabalho<\/td>\n<td valign=\"top\" width=\"378\">2500mm (8FEET)<\/td>\n<\/tr>\n<tr>\n<td valign=\"top\" width=\"267\">Z altura de alimenta\u00e7\u00e3o<\/td>\n<td valign=\"top\" width=\"378\">450 mm (a altura do p\u00f3rtico Z \u00e0 mesa da m\u00e1quina \u00e9 de 450 mm, a dimens\u00e3o de trabalho \u00e9 de 400 mm)<\/td>\n<\/tr>\n<tr>\n<td valign=\"top\" width=\"267\">Estrutura da m\u00e1quina<\/td>\n<td valign=\"top\" width=\"378\">Estrutura em I resistente, pode suportar 5000 kg de peso de pedra<\/td>\n<\/tr>\n<tr>\n<td valign=\"top\" width=\"267\">Precis\u00e3o do posicionamento em viagem<\/td>\n<td valign=\"top\" width=\"378\">\u00b10,05mm<\/td>\n<\/tr>\n<tr>\n<td valign=\"top\" width=\"267\">Reposicionamento Precis\u00e3o do posicionamento<\/td>\n<td valign=\"top\" width=\"378\">\u00b10,05mm<\/td>\n<\/tr>\n<tr>\n<td valign=\"top\" width=\"267\">X,Y ,Z Estrutura<\/td>\n<td valign=\"top\" width=\"378\">Roda dentada XY, fuso de esferas Z. Todos os eixos utilizam guia quadrada<\/td>\n<\/tr>\n<tr>\n<td valign=\"top\" width=\"267\">Mesa de trabalho<\/td>\n<td valign=\"top\" width=\"378\">Mesa com ranhura em T<\/td>\n<\/tr>\n<tr>\n<td valign=\"top\" width=\"267\">M\u00e1ximo. Velocidade de desloca\u00e7\u00e3o r\u00e1pida<\/td>\n<td valign=\"top\" width=\"378\">25000mm\/min<\/td>\n<\/tr>\n<tr>\n<td valign=\"top\" width=\"267\">Velocidade m\u00e1x. Velocidade de trabalho<\/td>\n<td valign=\"top\" width=\"378\">15000mm\/min<\/td>\n<\/tr>\n<tr>\n<td valign=\"top\" width=\"267\">Fuso<\/td>\n<td valign=\"top\" width=\"378\">Fuso de 5,5kw refrigerado a \u00e1gua<\/td>\n<\/tr>\n<tr>\n<td valign=\"top\" width=\"267\">Velocidade do fuso<\/td>\n<td valign=\"top\" width=\"378\">0-24000rpm<\/td>\n<\/tr>\n<tr>\n<td valign=\"top\" width=\"267\">Motor de acionamento<\/td>\n<td valign=\"top\" width=\"378\">Condu\u00e7\u00e3o por passo<\/td>\n<\/tr>\n<tr>\n<td valign=\"top\" width=\"267\">Comando<\/td>\n<td valign=\"top\" width=\"378\">C\u00f3digo G*.u00*.mmg*.plt<\/td>\n<\/tr>\n<tr>\n<td valign=\"top\" width=\"267\">Tens\u00e3o de funcionamento<\/td>\n<td valign=\"top\" width=\"378\">3PH AC380V\/50Hz<\/td>\n<\/tr>\n<tr>\n<td valign=\"top\" width=\"267\">Sistema de controlo<\/td>\n<td valign=\"top\" width=\"378\">DSP<\/td>\n<\/tr>\n<tr>\n<td valign=\"top\" width=\"267\">Carril de guia<\/td>\n<td valign=\"top\" width=\"378\">CALHA QUADRADA DE TAMANHO 25<\/td>\n<\/tr>\n<tr>\n<td valign=\"top\" width=\"267\">Arm\u00e1rio de controlo<\/td>\n<td valign=\"top\" width=\"378\">Gabinete independente<\/td>\n<\/tr>\n<tr>\n<td valign=\"top\" width=\"267\">Sistema de lubrifica\u00e7\u00e3o<\/td>\n<td valign=\"top\" width=\"378\">manual<\/td>\n<\/tr>\n<tr>\n<td valign=\"top\" width=\"267\">Inversor<\/td>\n<td valign=\"top\" width=\"378\">5,5kw<\/td>\n<\/tr>\n<tr>\n<td valign=\"top\" width=\"267\">Peso da m\u00e1quina<\/td>\n<td valign=\"top\" width=\"378\">2200 kg<\/td>\n<\/tr>\n<\/tbody>\n<\/table>\n<p>&nbsp;<\/p>","protected":false},"excerpt":{"rendered":"<p><strong><em>Vantagens do nosso router cnc para pedra:<\/em><\/strong><\/p>\n<p>1. Estrutura resistente, o peso da m\u00e1quina \u00e9 de cerca de 2200kgs<\/p>\n<p>2. quadro da m\u00e1quina \u00e9 processado pelo centro de moagem cnc de alta precis\u00e3o, algum outro fornecedor usa plaina de habita\u00e7\u00e3o dupla, h\u00e1 diferen\u00e7a de precis\u00e3o entre plaina e centro de moagem<\/p>\n<p>3. O nosso fuso \u00e9 um fuso profissional de I&amp;D para grava\u00e7\u00e3o e escultura em pedra, melhor \u00e0 prova de p\u00f3 e de \u00e1gua. O fuso normal n\u00e3o tem fun\u00e7\u00e3o \u00e0 prova de poeira e \u00e0 prova de \u00e1gua<\/p>\n<p>4. Todas as outras partes utilizam o que \u00e9 mais adequado para a escultura em pedra, como resist\u00eancia pesada, \u00e0 prova de \u00e1gua e \u00e0 prova de poeira<\/p>","protected":false},"featured_media":3431,"template":"","meta":{"_seopress_robots_primary_cat":"none","_seopress_titles_title":"","_seopress_titles_desc":"","_seopress_robots_index":"","_uag_custom_page_level_css":"","site-sidebar-layout":"default","site-content-layout":"default","ast-site-content-layout":"default","site-content-style":"default","site-sidebar-style":"default","ast-global-header-display":"","ast-banner-title-visibility":"","ast-main-header-display":"","ast-hfb-above-header-display":"","ast-hfb-below-header-display":"","ast-hfb-mobile-header-display":"","site-post-title":"","ast-breadcrumbs-content":"","ast-featured-img":"","footer-sml-layout":"","ast-disable-related-posts":"","theme-transparent-header-meta":"default","adv-header-id-meta":"","stick-header-meta":"default","header-above-stick-meta":"","header-main-stick-meta":"","header-below-stick-meta":"","astra-migrate-meta-layouts":"set","ast-page-background-enabled":"default","ast-page-background-meta":{"desktop":{"background-color":"","background-image":"","background-repeat":"repeat","background-position":"center center","background-size":"auto","background-attachment":"scroll","background-type":"","background-media":"","overlay-type":"","overlay-color":"","overlay-opacity":"","overlay-gradient":""},"tablet":{"background-color":"","background-image":"","background-repeat":"repeat","background-position":"center center","background-size":"auto","background-attachment":"scroll","background-type":"","background-media":"","overlay-type":"","overlay-color":"","overlay-opacity":"","overlay-gradient":""},"mobile":{"background-color":"","background-image":"","background-repeat":"repeat","background-position":"center center","background-size":"auto","background-attachment":"scroll","background-type":"","background-media":"","overlay-type":"","overlay-color":"","overlay-opacity":"","overlay-gradient":""}},"ast-content-background-meta":{"desktop":{"background-color":"var(--ast-global-color-5)","background-image":"","background-repeat":"repeat","background-position":"center center","background-size":"auto","background-attachment":"scroll","background-type":"","background-media":"","overlay-type":"","overlay-color":"","overlay-opacity":"","overlay-gradient":""},"tablet":{"background-color":"var(--ast-global-color-5)","background-image":"","background-repeat":"repeat","background-position":"center center","background-size":"auto","background-attachment":"scroll","background-type":"","background-media":"","overlay-type":"","overlay-color":"","overlay-opacity":"","overlay-gradient":""},"mobile":{"background-color":"var(--ast-global-color-5)","background-image":"","background-repeat":"repeat","background-position":"center center","background-size":"auto","background-attachment":"scroll","background-type":"","background-media":"","overlay-type":"","overlay-color":"","overlay-opacity":"","overlay-gradient":""}}},"product_brand":[],"product_cat":[33],"product_tag":[],"class_list":{"0":"post-1202","1":"product","2":"type-product","3":"status-publish","4":"has-post-thumbnail","6":"product_cat-stone","7":"desktop-align-left","8":"tablet-align-left","9":"mobile-align-left","10":"ast-product-gallery-layout-horizontal-slider","11":"ast-product-gallery-with-no-image","12":"ast-product-single-variable","13":"ast-product-tabs-layout-horizontal","15":"first","16":"instock","17":"shipping-taxable","18":"product-type-variable"},"uagb_featured_image_src":{"full":["https:\/\/wisecnclaser.com\/wp-content\/uploads\/2025\/05\/c521f643187757bf9e710406e173fbc8.jpg",800,800,false],"thumbnail":["https:\/\/wisecnclaser.com\/wp-content\/uploads\/2025\/05\/c521f643187757bf9e710406e173fbc8-150x150.jpg",150,150,true],"medium":["https:\/\/wisecnclaser.com\/wp-content\/uploads\/2025\/05\/c521f643187757bf9e710406e173fbc8-300x300.jpg",300,300,true],"medium_large":["https:\/\/wisecnclaser.com\/wp-content\/uploads\/2025\/05\/c521f643187757bf9e710406e173fbc8-768x768.jpg",768,768,true],"large":["https:\/\/wisecnclaser.com\/wp-content\/uploads\/2025\/05\/c521f643187757bf9e710406e173fbc8.jpg",800,800,false],"1536x1536":["https:\/\/wisecnclaser.com\/wp-content\/uploads\/2025\/05\/c521f643187757bf9e710406e173fbc8.jpg",800,800,false],"2048x2048":["https:\/\/wisecnclaser.com\/wp-content\/uploads\/2025\/05\/c521f643187757bf9e710406e173fbc8.jpg",800,800,false],"trp-custom-language-flag":["https:\/\/wisecnclaser.com\/wp-content\/uploads\/2025\/05\/c521f643187757bf9e710406e173fbc8-12x12.jpg",12,12,true],"woocommerce_thumbnail":["https:\/\/wisecnclaser.com\/wp-content\/uploads\/2025\/05\/c521f643187757bf9e710406e173fbc8-300x300.jpg",300,300,true],"woocommerce_single":["https:\/\/wisecnclaser.com\/wp-content\/uploads\/2025\/05\/c521f643187757bf9e710406e173fbc8-600x600.jpg",600,600,true],"woocommerce_gallery_thumbnail":["https:\/\/wisecnclaser.com\/wp-content\/uploads\/2025\/05\/c521f643187757bf9e710406e173fbc8-100x100.jpg",100,100,true]},"uagb_author_info":{"display_name":"jinxing6611@gmail.com","author_link":"https:\/\/wisecnclaser.com\/pt\/author\/"},"uagb_comment_info":0,"uagb_excerpt":"Advantages of our stone cnc router: 1. Heavy duty frame, machine weight is about 2200kgs 2.machine frame is processed by high precision cnc milling center, some other supplier use double housing planer\uff0cthere is precision difference between planer and milling center 3. Our spindle is R&amp;D professional spindle for stone engraving and carving, better dust-proof and&hellip;","_links":{"self":[{"href":"https:\/\/wisecnclaser.com\/pt\/wp-json\/wp\/v2\/product\/1202","targetHints":{"allow":["GET"]}}],"collection":[{"href":"https:\/\/wisecnclaser.com\/pt\/wp-json\/wp\/v2\/product"}],"about":[{"href":"https:\/\/wisecnclaser.com\/pt\/wp-json\/wp\/v2\/types\/product"}],"wp:featuredmedia":[{"embeddable":true,"href":"https:\/\/wisecnclaser.com\/pt\/wp-json\/wp\/v2\/media\/3431"}],"wp:attachment":[{"href":"https:\/\/wisecnclaser.com\/pt\/wp-json\/wp\/v2\/media?parent=1202"}],"wp:term":[{"taxonomy":"product_brand","embeddable":true,"href":"https:\/\/wisecnclaser.com\/pt\/wp-json\/wp\/v2\/product_brand?post=1202"},{"taxonomy":"product_cat","embeddable":true,"href":"https:\/\/wisecnclaser.com\/pt\/wp-json\/wp\/v2\/product_cat?post=1202"},{"taxonomy":"product_tag","embeddable":true,"href":"https:\/\/wisecnclaser.com\/pt\/wp-json\/wp\/v2\/product_tag?post=1202"}],"curies":[{"name":"wp","href":"https:\/\/api.w.org\/{rel}","templated":true}]}}