{"id":1204,"date":"2025-05-20T07:32:07","date_gmt":"2025-05-20T07:32:07","guid":{"rendered":"https:\/\/wisecnclaser.com\/product\/lemon-pattern-tshirt\/"},"modified":"2025-05-22T12:30:29","modified_gmt":"2025-05-22T12:30:29","slug":"lemon-pattern-tshirt","status":"publish","type":"product","link":"https:\/\/wisecnclaser.com\/pt\/produto\/lemon-pattern-tshirt\/","title":{"rendered":"Centro de processamento de bancadas de pedra de quartzo CNC"},"content":{"rendered":"<p><strong>Aplica\u00e7\u00e3o:<\/strong><\/p>\n<p>Decora\u00e7\u00e3o interior e exterior, casa de banho, mesa de cozinha e lavat\u00f3rio, decora\u00e7\u00e3o em pedra de alta qualidade.<\/p>\n<p><strong>Fun\u00e7\u00f5es:\u00a0<\/strong>corte, retifica\u00e7\u00e3o de arestas, escava\u00e7\u00e3o de um buraco, bloqueio de \u00e1gua ap\u00f3s retifica\u00e7\u00e3o, grava\u00e7\u00e3o.<\/p>\n<p><strong>Carater\u00edsticas<\/strong><strong>:<\/strong><\/p>\n<p>18 ferramentas ATC, v\u00e1rias ferramentas de retifica\u00e7\u00e3o diferentes<\/p>\n<p>&nbsp;<\/p>\n<table width=\"662\">\n<tbody>\n<tr class=\"firstRow\">\n<td colspan=\"2\" valign=\"center\" width=\"662\"><strong>Par\u00e2metro t\u00e9cnico de WS3012<\/strong><strong>A<\/strong><strong>\u00a0centro de processamento de bancada de pedra de quartzo cnc:<\/strong><\/td>\n<\/tr>\n<tr>\n<td valign=\"top\" width=\"207\">Modelo<\/td>\n<td valign=\"top\" width=\"455\">WS3012A<\/td>\n<\/tr>\n<tr>\n<td valign=\"top\" width=\"207\">X Zona de trabalho<\/td>\n<td valign=\"top\" width=\"455\">3000mm<\/td>\n<\/tr>\n<tr>\n<td valign=\"top\" width=\"207\">\u00c1rea de trabalho Y<\/td>\n<td valign=\"top\" width=\"455\">1200mm<\/td>\n<\/tr>\n<tr>\n<td valign=\"top\" width=\"207\">Zona de trabalho Z<\/td>\n<td valign=\"top\" width=\"455\">800 mm<\/td>\n<\/tr>\n<tr>\n<td valign=\"top\" width=\"207\">M\u00e1ximo. Velocidade de grava\u00e7\u00e3o<\/td>\n<td valign=\"top\" width=\"455\">2-10m\/min<\/td>\n<\/tr>\n<tr>\n<td valign=\"top\" width=\"207\">Encomenda de grava\u00e7\u00e3o<\/td>\n<td valign=\"top\" width=\"455\">C\u00f3digo G<\/td>\n<\/tr>\n<tr>\n<td valign=\"top\" width=\"207\">Precis\u00e3o de posicionamento repetido<\/td>\n<td valign=\"top\" width=\"455\">\u00b10,05mm<\/td>\n<\/tr>\n<tr>\n<td valign=\"top\" width=\"207\">Mesa de trabalho<\/td>\n<td valign=\"top\" width=\"455\">Mesa de alum\u00ednio de 20 mm com ventosa de v\u00e1cuo (8 pe\u00e7as)<\/td>\n<\/tr>\n<tr>\n<td valign=\"top\" width=\"207\">Motor de acionamento<\/td>\n<td valign=\"top\" width=\"455\">Servo motor YASKAWA de 850 W para os eixos X e Y,<\/p>\n<p>Servo motor YASKAWA de 1,3kw para o eixo Z<\/td>\n<\/tr>\n<tr>\n<td valign=\"top\" width=\"207\">Sistema de controlo<\/td>\n<td valign=\"top\" width=\"455\">NK300<\/td>\n<\/tr>\n<tr>\n<td valign=\"top\" width=\"207\">Fuso<\/td>\n<td valign=\"top\" width=\"455\">Eixo ATC servo mec\u00e2nico de 5,5kw<\/td>\n<\/tr>\n<tr>\n<td valign=\"top\" width=\"207\">Velocidade do fuso<\/td>\n<td valign=\"top\" width=\"455\">12000 rpm<\/td>\n<\/tr>\n<tr>\n<td valign=\"top\" width=\"207\">M\u00e1ximo. Espessura do processo<\/td>\n<td valign=\"top\" width=\"455\">300 mm<\/td>\n<\/tr>\n<tr>\n<td valign=\"top\" width=\"207\">Redutor<\/td>\n<td valign=\"top\" width=\"455\">Jap\u00e3o Redutor SHIMPO<\/td>\n<\/tr>\n<tr>\n<td valign=\"top\" width=\"207\">Trocador de ferramentas<\/td>\n<td valign=\"top\" width=\"455\">18 ferramentas ATC, principalmente ferramentas de polimento, utilizadas para polir a borda da bancada de pedra, BT40<\/td>\n<\/tr>\n<tr>\n<td valign=\"top\" width=\"207\">Pot\u00eancia m\u00e1xima<\/td>\n<td valign=\"top\" width=\"455\">15kw (sem fuso)<\/td>\n<\/tr>\n<tr>\n<td valign=\"top\" width=\"207\">Tens\u00e3o de funcionamento<\/td>\n<td valign=\"top\" width=\"455\">380V\/50HZ<\/td>\n<\/tr>\n<tr>\n<td valign=\"top\" width=\"207\">Peso da m\u00e1quina<\/td>\n<td valign=\"top\" width=\"455\">5000 kg<\/td>\n<\/tr>\n<\/tbody>\n<\/table>\n<p>&nbsp;<\/p>","protected":false},"excerpt":{"rendered":"<p><strong>Aplica\u00e7\u00e3o:<\/strong><\/p>\n<p>Decora\u00e7\u00e3o interior e exterior, casa de banho, mesa de cozinha e lavat\u00f3rio, decora\u00e7\u00e3o em pedra de alta qualidade.<\/p>\n<p><strong>Fun\u00e7\u00f5es:\u00a0<\/strong>corte, retifica\u00e7\u00e3o de arestas, escava\u00e7\u00e3o de um buraco, bloqueio de \u00e1gua ap\u00f3s retifica\u00e7\u00e3o, grava\u00e7\u00e3o.<\/p>\n<p><strong>Carater\u00edsticas<\/strong><strong>:<\/strong><\/p>\n<p>18 ferramentas ATC, v\u00e1rias ferramentas de retifica\u00e7\u00e3o diferentes<\/p>","protected":false},"featured_media":3427,"template":"","meta":{"_seopress_robots_primary_cat":"none","_seopress_titles_title":"","_seopress_titles_desc":"","_seopress_robots_index":"","_uag_custom_page_level_css":"","site-sidebar-layout":"default","site-content-layout":"default","ast-site-content-layout":"default","site-content-style":"default","site-sidebar-style":"default","ast-global-header-display":"","ast-banner-title-visibility":"","ast-main-header-display":"","ast-hfb-above-header-display":"","ast-hfb-below-header-display":"","ast-hfb-mobile-header-display":"","site-post-title":"","ast-breadcrumbs-content":"","ast-featured-img":"","footer-sml-layout":"","ast-disable-related-posts":"","theme-transparent-header-meta":"default","adv-header-id-meta":"","stick-header-meta":"default","header-above-stick-meta":"","header-main-stick-meta":"","header-below-stick-meta":"","astra-migrate-meta-layouts":"set","ast-page-background-enabled":"default","ast-page-background-meta":{"desktop":{"background-color":"","background-image":"","background-repeat":"repeat","background-position":"center center","background-size":"auto","background-attachment":"scroll","background-type":"","background-media":"","overlay-type":"","overlay-color":"","overlay-opacity":"","overlay-gradient":""},"tablet":{"background-color":"","background-image":"","background-repeat":"repeat","background-position":"center center","background-size":"auto","background-attachment":"scroll","background-type":"","background-media":"","overlay-type":"","overlay-color":"","overlay-opacity":"","overlay-gradient":""},"mobile":{"background-color":"","background-image":"","background-repeat":"repeat","background-position":"center center","background-size":"auto","background-attachment":"scroll","background-type":"","background-media":"","overlay-type":"","overlay-color":"","overlay-opacity":"","overlay-gradient":""}},"ast-content-background-meta":{"desktop":{"background-color":"var(--ast-global-color-5)","background-image":"","background-repeat":"repeat","background-position":"center center","background-size":"auto","background-attachment":"scroll","background-type":"","background-media":"","overlay-type":"","overlay-color":"","overlay-opacity":"","overlay-gradient":""},"tablet":{"background-color":"var(--ast-global-color-5)","background-image":"","background-repeat":"repeat","background-position":"center center","background-size":"auto","background-attachment":"scroll","background-type":"","background-media":"","overlay-type":"","overlay-color":"","overlay-opacity":"","overlay-gradient":""},"mobile":{"background-color":"var(--ast-global-color-5)","background-image":"","background-repeat":"repeat","background-position":"center center","background-size":"auto","background-attachment":"scroll","background-type":"","background-media":"","overlay-type":"","overlay-color":"","overlay-opacity":"","overlay-gradient":""}}},"product_brand":[],"product_cat":[33],"product_tag":[],"class_list":{"0":"post-1204","1":"product","2":"type-product","3":"status-publish","4":"has-post-thumbnail","6":"product_cat-stone","7":"desktop-align-left","8":"tablet-align-left","9":"mobile-align-left","10":"ast-product-gallery-layout-horizontal-slider","11":"ast-product-gallery-with-no-image","12":"ast-product-tabs-layout-horizontal","14":"first","15":"instock","16":"sale","17":"shipping-taxable","18":"purchasable","19":"product-type-simple"},"uagb_featured_image_src":{"full":["https:\/\/wisecnclaser.com\/wp-content\/uploads\/2025\/05\/610ec8c944506628358f334792e6716f.jpg",800,800,false],"thumbnail":["https:\/\/wisecnclaser.com\/wp-content\/uploads\/2025\/05\/610ec8c944506628358f334792e6716f-150x150.jpg",150,150,true],"medium":["https:\/\/wisecnclaser.com\/wp-content\/uploads\/2025\/05\/610ec8c944506628358f334792e6716f-300x300.jpg",300,300,true],"medium_large":["https:\/\/wisecnclaser.com\/wp-content\/uploads\/2025\/05\/610ec8c944506628358f334792e6716f-768x768.jpg",768,768,true],"large":["https:\/\/wisecnclaser.com\/wp-content\/uploads\/2025\/05\/610ec8c944506628358f334792e6716f.jpg",800,800,false],"1536x1536":["https:\/\/wisecnclaser.com\/wp-content\/uploads\/2025\/05\/610ec8c944506628358f334792e6716f.jpg",800,800,false],"2048x2048":["https:\/\/wisecnclaser.com\/wp-content\/uploads\/2025\/05\/610ec8c944506628358f334792e6716f.jpg",800,800,false],"trp-custom-language-flag":["https:\/\/wisecnclaser.com\/wp-content\/uploads\/2025\/05\/610ec8c944506628358f334792e6716f-12x12.jpg",12,12,true],"woocommerce_thumbnail":["https:\/\/wisecnclaser.com\/wp-content\/uploads\/2025\/05\/610ec8c944506628358f334792e6716f-300x300.jpg",300,300,true],"woocommerce_single":["https:\/\/wisecnclaser.com\/wp-content\/uploads\/2025\/05\/610ec8c944506628358f334792e6716f-600x600.jpg",600,600,true],"woocommerce_gallery_thumbnail":["https:\/\/wisecnclaser.com\/wp-content\/uploads\/2025\/05\/610ec8c944506628358f334792e6716f-100x100.jpg",100,100,true]},"uagb_author_info":{"display_name":"jinxing6611@gmail.com","author_link":"https:\/\/wisecnclaser.com\/pt\/author\/"},"uagb_comment_info":0,"uagb_excerpt":"Application: Indoor and outdoor decoration, stage basin bathroom, kitchen table and washing basin, high-grade stone decoration. Functions:\u00a0cutting, edge grinding, dig a hole, block water after grinding, engraving. Features: 18 ATC tools, several different grinding tools","_links":{"self":[{"href":"https:\/\/wisecnclaser.com\/pt\/wp-json\/wp\/v2\/product\/1204","targetHints":{"allow":["GET"]}}],"collection":[{"href":"https:\/\/wisecnclaser.com\/pt\/wp-json\/wp\/v2\/product"}],"about":[{"href":"https:\/\/wisecnclaser.com\/pt\/wp-json\/wp\/v2\/types\/product"}],"wp:featuredmedia":[{"embeddable":true,"href":"https:\/\/wisecnclaser.com\/pt\/wp-json\/wp\/v2\/media\/3427"}],"wp:attachment":[{"href":"https:\/\/wisecnclaser.com\/pt\/wp-json\/wp\/v2\/media?parent=1204"}],"wp:term":[{"taxonomy":"product_brand","embeddable":true,"href":"https:\/\/wisecnclaser.com\/pt\/wp-json\/wp\/v2\/product_brand?post=1204"},{"taxonomy":"product_cat","embeddable":true,"href":"https:\/\/wisecnclaser.com\/pt\/wp-json\/wp\/v2\/product_cat?post=1204"},{"taxonomy":"product_tag","embeddable":true,"href":"https:\/\/wisecnclaser.com\/pt\/wp-json\/wp\/v2\/product_tag?post=1204"}],"curies":[{"name":"wp","href":"https:\/\/api.w.org\/{rel}","templated":true}]}}