{"id":1205,"date":"2025-05-20T07:32:07","date_gmt":"2025-05-20T07:32:07","guid":{"rendered":"https:\/\/wisecnclaser.com\/product\/basic-blue-jeans-2\/"},"modified":"2025-05-23T02:48:51","modified_gmt":"2025-05-23T02:48:51","slug":"basic-blue-jeans-2","status":"publish","type":"product","link":"https:\/\/wisecnclaser.com\/pt\/produto\/basic-blue-jeans-2\/","title":{"rendered":"M\u00e1quina de corte a laser WS6090C CCD"},"content":{"rendered":"<p><strong>Carater\u00edsticas da m\u00e1quina de corte a laser de co2 ccd 6090:<\/strong><\/p>\n<p>Tem uma fun\u00e7\u00e3o de reconhecimento visual de alta precis\u00e3o de 500 megapixels e \u00e9 muito adequada para o corte de auto-reconhecimento para etiquetas de bordado de grande formato de chinelos artesanais e pe\u00e7as de brinquedos de pel\u00facia. Tem v\u00e1rios modos de reconhecimento, como o corte com a posi\u00e7\u00e3o do ponto de destaque, o corte com a escolha da figura do desenho e o corte com a posi\u00e7\u00e3o do ponto de marca, o que pode garantir o corte de toda a etiqueta rapidamente e com alta precis\u00e3o.<\/p>\n<p><strong>Materiais aplic\u00e1veis<\/strong>: madeira, bambu, jade, m\u00e1rmore, vidro org\u00e2nico, cristal, pl\u00e1stico, vestu\u00e1rio, papel, couro, borracha, cer\u00e2mica, vidro e outros materiais n\u00e3o met\u00e1licos.<\/p>\n<p><strong>Sectores aplic\u00e1veis:\u00a0<\/strong>publicidade, artes e of\u00edcios, couro, brinquedos, vestu\u00e1rio, modelagem, constru\u00e7\u00e3o de estofos, bordados e recortes computorizados, ind\u00fastria de embalagens e papel<\/p>\n<p><strong>Dados t\u00e9cnicos da m\u00e1quina de corte a laser ccd 6090:<\/strong><\/p>\n<table>\n<tbody>\n<tr class=\"firstRow\">\n<td valign=\"top\" width=\"284\">Tipo de laser<\/td>\n<td valign=\"top\" width=\"284\">Tubo laser de CO2 selado<\/td>\n<\/tr>\n<tr>\n<td valign=\"top\" width=\"284\">Tipo de modelo<\/td>\n<td valign=\"top\" width=\"284\">WS6090C<\/td>\n<\/tr>\n<tr>\n<td valign=\"top\" width=\"284\">Pot\u00eancia laser<\/td>\n<td valign=\"top\" width=\"284\">60W 80W 100W 130W 150W (opcional)<\/td>\n<\/tr>\n<tr>\n<td valign=\"top\" width=\"284\">\u00c1rea de corte<\/td>\n<td valign=\"top\" width=\"284\">60*90cm<\/td>\n<\/tr>\n<tr>\n<td valign=\"top\" width=\"284\">Velocidade de corte<\/td>\n<td valign=\"top\" width=\"284\">0-24.000mm\/min<\/td>\n<\/tr>\n<tr>\n<td valign=\"top\" width=\"284\">Reposi\u00e7\u00e3o da precis\u00e3o<\/td>\n<td valign=\"top\" width=\"284\">\u00b10,05mm<\/td>\n<\/tr>\n<tr>\n<td valign=\"top\" width=\"284\">Tens\u00e3o de funcionamento<\/td>\n<td valign=\"top\" width=\"284\">AC110-220V \u00b110%,50-60HZ<\/td>\n<\/tr>\n<tr>\n<td valign=\"top\" width=\"284\">Pot\u00eancia<\/td>\n<td valign=\"top\" width=\"284\">M\u00e1ximo de 1.000W<\/td>\n<\/tr>\n<tr>\n<td valign=\"top\" width=\"284\">Temperatura de funcionamento<\/td>\n<td valign=\"top\" width=\"284\">0-45 graus<\/td>\n<\/tr>\n<tr>\n<td valign=\"top\" width=\"284\">Humidade de funcionamento<\/td>\n<td valign=\"top\" width=\"284\">5-95%<\/td>\n<\/tr>\n<tr>\n<td valign=\"top\" width=\"284\">Car\u00e1cter modelar m\u00ednimo<\/td>\n<td valign=\"top\" width=\"284\">Ingl\u00eas 1*1mm<\/td>\n<\/tr>\n<tr>\n<td valign=\"top\" width=\"284\">Formato gr\u00e1fico suportado<\/td>\n<td valign=\"top\" width=\"284\">BMP, PLT, DST, DXF e AI<\/td>\n<\/tr>\n<tr>\n<td valign=\"top\" width=\"284\">Sistema de condu\u00e7\u00e3o<\/td>\n<td valign=\"top\" width=\"284\">Passo a passo<\/td>\n<\/tr>\n<tr>\n<td valign=\"top\" width=\"284\">Modo de arrefecimento<\/td>\n<td valign=\"top\" width=\"284\">Sistema de arrefecimento e prote\u00e7\u00e3o da \u00e1gua<\/td>\n<\/tr>\n<tr>\n<td valign=\"top\" width=\"284\">Equipamento auxiliar<\/td>\n<td valign=\"top\" width=\"284\">Ventoinha de escape, tubo de escape de ar, compressor de ar<\/td>\n<\/tr>\n<tr>\n<td valign=\"top\" width=\"284\">Software de controlo<\/td>\n<td valign=\"top\" width=\"284\">Corte a laser 5.3<\/td>\n<\/tr>\n<tr>\n<td valign=\"top\" width=\"284\">Software compat\u00edvel<\/td>\n<td valign=\"top\" width=\"284\">Coreldraw AutoCAD Photoshop<\/td>\n<\/tr>\n<tr>\n<td valign=\"top\" width=\"284\">Sistema de controlo<\/td>\n<td valign=\"top\" width=\"284\">CONTROLO DSP<\/td>\n<\/tr>\n<tr>\n<td valign=\"top\" width=\"284\">Tamanho da m\u00e1quina inteira<\/td>\n<td valign=\"top\" width=\"284\">1360*1010*1070mm<\/td>\n<\/tr>\n<tr>\n<td valign=\"top\" width=\"284\">Peso total com embalagem<\/td>\n<td valign=\"top\" width=\"284\">200KGS<\/td>\n<\/tr>\n<\/tbody>\n<\/table>\n<p>&nbsp;<\/p>","protected":false},"excerpt":{"rendered":"<p><strong>Carater\u00edsticas da m\u00e1quina de corte a laser de co2 ccd 6090:<\/strong><\/p>\n<p>Tem uma fun\u00e7\u00e3o de reconhecimento visual de alta precis\u00e3o de 500 megapixels e \u00e9 muito adequada para o corte de auto-reconhecimento para etiquetas de bordado de grande formato de chinelos artesanais e pe\u00e7as de brinquedos de pel\u00facia. Tem v\u00e1rios modos de reconhecimento, como o corte com a posi\u00e7\u00e3o do ponto de destaque, o corte com a escolha da figura do desenho e o corte com a posi\u00e7\u00e3o do ponto de marca, o que pode garantir o corte de toda a etiqueta rapidamente e com alta precis\u00e3o.<\/p>\n<p><strong>Materiais aplic\u00e1veis<\/strong>: madeira, bambu, jade, m\u00e1rmore, vidro org\u00e2nico, cristal, pl\u00e1stico, vestu\u00e1rio, papel, couro, borracha, cer\u00e2mica, vidro e outros materiais n\u00e3o met\u00e1licos.<\/p>\n<p><strong>Sectores aplic\u00e1veis:\u00a0<\/strong>publicidade, artes e of\u00edcios, couro, brinquedos, vestu\u00e1rio, modelagem, constru\u00e7\u00e3o de estofos, bordados e recortes computorizados, ind\u00fastria de embalagens e papel<\/p>","protected":false},"featured_media":3442,"template":"","meta":{"_seopress_robots_primary_cat":"none","_seopress_titles_title":"","_seopress_titles_desc":"","_seopress_robots_index":"","_uag_custom_page_level_css":"","site-sidebar-layout":"default","site-content-layout":"default","ast-site-content-layout":"default","site-content-style":"default","site-sidebar-style":"default","ast-global-header-display":"","ast-banner-title-visibility":"","ast-main-header-display":"","ast-hfb-above-header-display":"","ast-hfb-below-header-display":"","ast-hfb-mobile-header-display":"","site-post-title":"","ast-breadcrumbs-content":"","ast-featured-img":"","footer-sml-layout":"","ast-disable-related-posts":"","theme-transparent-header-meta":"default","adv-header-id-meta":"","stick-header-meta":"default","header-above-stick-meta":"","header-main-stick-meta":"","header-below-stick-meta":"","astra-migrate-meta-layouts":"set","ast-page-background-enabled":"default","ast-page-background-meta":{"desktop":{"background-color":"","background-image":"","background-repeat":"repeat","background-position":"center center","background-size":"auto","background-attachment":"scroll","background-type":"","background-media":"","overlay-type":"","overlay-color":"","overlay-opacity":"","overlay-gradient":""},"tablet":{"background-color":"","background-image":"","background-repeat":"repeat","background-position":"center center","background-size":"auto","background-attachment":"scroll","background-type":"","background-media":"","overlay-type":"","overlay-color":"","overlay-opacity":"","overlay-gradient":""},"mobile":{"background-color":"","background-image":"","background-repeat":"repeat","background-position":"center center","background-size":"auto","background-attachment":"scroll","background-type":"","background-media":"","overlay-type":"","overlay-color":"","overlay-opacity":"","overlay-gradient":""}},"ast-content-background-meta":{"desktop":{"background-color":"var(--ast-global-color-5)","background-image":"","background-repeat":"repeat","background-position":"center center","background-size":"auto","background-attachment":"scroll","background-type":"","background-media":"","overlay-type":"","overlay-color":"","overlay-opacity":"","overlay-gradient":""},"tablet":{"background-color":"var(--ast-global-color-5)","background-image":"","background-repeat":"repeat","background-position":"center center","background-size":"auto","background-attachment":"scroll","background-type":"","background-media":"","overlay-type":"","overlay-color":"","overlay-opacity":"","overlay-gradient":""},"mobile":{"background-color":"var(--ast-global-color-5)","background-image":"","background-repeat":"repeat","background-position":"center center","background-size":"auto","background-attachment":"scroll","background-type":"","background-media":"","overlay-type":"","overlay-color":"","overlay-opacity":"","overlay-gradient":""}}},"product_brand":[],"product_cat":[32],"product_tag":[],"class_list":{"0":"post-1205","1":"product","2":"type-product","3":"status-publish","4":"has-post-thumbnail","6":"product_cat-lasercutting","7":"desktop-align-left","8":"tablet-align-left","9":"mobile-align-left","10":"ast-product-gallery-layout-horizontal-slider","11":"ast-product-gallery-with-no-image","12":"ast-product-tabs-layout-horizontal","14":"first","15":"instock","16":"sale","17":"shipping-taxable","18":"purchasable","19":"product-type-simple"},"uagb_featured_image_src":{"full":["https:\/\/wisecnclaser.com\/wp-content\/uploads\/2025\/05\/3c86a60334b0994ff931a6d04f0d0009.jpg",800,800,false],"thumbnail":["https:\/\/wisecnclaser.com\/wp-content\/uploads\/2025\/05\/3c86a60334b0994ff931a6d04f0d0009-150x150.jpg",150,150,true],"medium":["https:\/\/wisecnclaser.com\/wp-content\/uploads\/2025\/05\/3c86a60334b0994ff931a6d04f0d0009-300x300.jpg",300,300,true],"medium_large":["https:\/\/wisecnclaser.com\/wp-content\/uploads\/2025\/05\/3c86a60334b0994ff931a6d04f0d0009-768x768.jpg",768,768,true],"large":["https:\/\/wisecnclaser.com\/wp-content\/uploads\/2025\/05\/3c86a60334b0994ff931a6d04f0d0009.jpg",800,800,false],"1536x1536":["https:\/\/wisecnclaser.com\/wp-content\/uploads\/2025\/05\/3c86a60334b0994ff931a6d04f0d0009.jpg",800,800,false],"2048x2048":["https:\/\/wisecnclaser.com\/wp-content\/uploads\/2025\/05\/3c86a60334b0994ff931a6d04f0d0009.jpg",800,800,false],"trp-custom-language-flag":["https:\/\/wisecnclaser.com\/wp-content\/uploads\/2025\/05\/3c86a60334b0994ff931a6d04f0d0009-12x12.jpg",12,12,true],"woocommerce_thumbnail":["https:\/\/wisecnclaser.com\/wp-content\/uploads\/2025\/05\/3c86a60334b0994ff931a6d04f0d0009-300x300.jpg",300,300,true],"woocommerce_single":["https:\/\/wisecnclaser.com\/wp-content\/uploads\/2025\/05\/3c86a60334b0994ff931a6d04f0d0009-600x600.jpg",600,600,true],"woocommerce_gallery_thumbnail":["https:\/\/wisecnclaser.com\/wp-content\/uploads\/2025\/05\/3c86a60334b0994ff931a6d04f0d0009-100x100.jpg",100,100,true]},"uagb_author_info":{"display_name":"jinxing6611@gmail.com","author_link":"https:\/\/wisecnclaser.com\/pt\/author\/"},"uagb_comment_info":0,"uagb_excerpt":"Features of ccd 6090 co2 laser cutting machine: It has 500 megapixel high precision visual recognition function and is very suitable for auto-recognition cutting for large format embroidery lable of craft slippers and featured parts of plush toys.It has various recognition modes,such as cutting with featured point position ,cutting with figure picking of design and&hellip;","_links":{"self":[{"href":"https:\/\/wisecnclaser.com\/pt\/wp-json\/wp\/v2\/product\/1205","targetHints":{"allow":["GET"]}}],"collection":[{"href":"https:\/\/wisecnclaser.com\/pt\/wp-json\/wp\/v2\/product"}],"about":[{"href":"https:\/\/wisecnclaser.com\/pt\/wp-json\/wp\/v2\/types\/product"}],"wp:featuredmedia":[{"embeddable":true,"href":"https:\/\/wisecnclaser.com\/pt\/wp-json\/wp\/v2\/media\/3442"}],"wp:attachment":[{"href":"https:\/\/wisecnclaser.com\/pt\/wp-json\/wp\/v2\/media?parent=1205"}],"wp:term":[{"taxonomy":"product_brand","embeddable":true,"href":"https:\/\/wisecnclaser.com\/pt\/wp-json\/wp\/v2\/product_brand?post=1205"},{"taxonomy":"product_cat","embeddable":true,"href":"https:\/\/wisecnclaser.com\/pt\/wp-json\/wp\/v2\/product_cat?post=1205"},{"taxonomy":"product_tag","embeddable":true,"href":"https:\/\/wisecnclaser.com\/pt\/wp-json\/wp\/v2\/product_tag?post=1205"}],"curies":[{"name":"wp","href":"https:\/\/api.w.org\/{rel}","templated":true}]}}