{"id":1206,"date":"2025-05-20T07:32:07","date_gmt":"2025-05-20T07:32:07","guid":{"rendered":"https:\/\/wisecnclaser.com\/product\/blue-denim-shorts\/"},"modified":"2026-03-11T05:39:57","modified_gmt":"2026-03-11T05:39:57","slug":"blue-denim-shorts","status":"publish","type":"product","link":"https:\/\/wisecnclaser.com\/pt\/produto\/blue-denim-shorts\/","title":{"rendered":"M\u00e1quina de corte de l\u00e3 de rocha de espuma de fio CNC WS1020"},"content":{"rendered":"<p>Materiais de corte:<\/p>\n<p>Espuma de espessura dura, como EVA dura com densidade 140 100 80, espuma de poliuretano PU, l\u00e3 mineral, Corafoam para isolamento de tubos, fibra de vidro, etc. Tamb\u00e9m pode cortar eps, mas o seu efeito de corte n\u00e3o \u00e9 t\u00e3o bom como o corte com fio quente<\/p>\n<p>&nbsp;<\/p>\n<table>\n<tbody>\n<tr class=\"firstRow\">\n<td colspan=\"2\" valign=\"center\" width=\"662\"><strong>Descri\u00e7\u00e3o e especifica\u00e7\u00f5es da m\u00e1quina de corte de l\u00e3 de rocha cnc:<\/strong><\/td>\n<\/tr>\n<tr>\n<td valign=\"top\" width=\"208\">\u00c1rea de corte<\/td>\n<td valign=\"top\" width=\"454\">Comprimento 2000mm*largura 1000mm*altura 1000mm<\/td>\n<\/tr>\n<tr>\n<td valign=\"top\" width=\"208\">Superf\u00edcie do quadro<\/td>\n<td valign=\"top\" width=\"454\">Mesa com ranhura em T<\/td>\n<\/tr>\n<tr>\n<td valign=\"top\" width=\"208\">Precis\u00e3o do posicionamento em viagem<\/td>\n<td valign=\"top\" width=\"454\">\u00b10,4mm<\/td>\n<\/tr>\n<tr>\n<td valign=\"top\" width=\"208\">Reposicionamento Precis\u00e3o do posicionamento<\/td>\n<td valign=\"top\" width=\"454\">\u00b10,5mm<\/td>\n<\/tr>\n<tr>\n<td valign=\"top\" width=\"208\">DPI de trabalho<\/td>\n<td valign=\"top\" width=\"454\">\u00b10,5mm<\/td>\n<\/tr>\n<tr>\n<td valign=\"top\" width=\"208\">Velocidade de corte<\/td>\n<td valign=\"top\" width=\"454\">500-1500mm\/min<\/td>\n<\/tr>\n<tr>\n<td valign=\"top\" width=\"208\">Estrutura da m\u00e1quina<\/td>\n<td valign=\"top\" width=\"454\">A\u00e7o soldado de grande espessura<\/td>\n<\/tr>\n<tr>\n<td valign=\"top\" width=\"208\">Comando<\/td>\n<td valign=\"top\" width=\"454\">C\u00f3digo G*.u00*.mmg*.plt<\/td>\n<\/tr>\n<tr>\n<td valign=\"top\" width=\"208\">Tens\u00e3o de funcionamento<\/td>\n<td valign=\"top\" width=\"454\">AC380V\/50HZ 3 fases<\/td>\n<\/tr>\n<tr>\n<td valign=\"top\" width=\"208\">Peso com embalagem<\/td>\n<td valign=\"top\" width=\"454\">850KGS<\/td>\n<\/tr>\n<tr>\n<td valign=\"top\" width=\"208\">Tamanho da embalagem<\/td>\n<td valign=\"top\" width=\"454\">1.6*3.9*1.4M<\/td>\n<\/tr>\n<tr>\n<td valign=\"top\" width=\"208\">Sistema de controlo<\/td>\n<td valign=\"top\" width=\"454\">Mach3 com computador<\/td>\n<\/tr>\n<tr>\n<td valign=\"top\" width=\"208\">Calha de guia<\/td>\n<td valign=\"top\" width=\"454\">Guia quadrado<\/td>\n<\/tr>\n<tr>\n<td valign=\"top\" width=\"208\">Humidade<\/td>\n<td valign=\"top\" width=\"454\">10%-90%(sem condensa\u00e7\u00e3o)<\/td>\n<\/tr>\n<tr>\n<td valign=\"top\" width=\"208\">Temperatura<\/td>\n<td valign=\"top\" width=\"454\">10-50\u2103<\/td>\n<\/tr>\n<tr>\n<td valign=\"top\" width=\"208\">Caixa de velocidades<\/td>\n<td valign=\"top\" width=\"454\">Pequena caixa de velocidades<\/td>\n<\/tr>\n<tr>\n<td valign=\"top\" width=\"208\">Transmiss\u00e3o<\/td>\n<td valign=\"top\" width=\"454\">Transmiss\u00e3o de pinh\u00e3o de cremalheira helicoidal de alta precis\u00e3o<\/td>\n<\/tr>\n<tr>\n<td valign=\"top\" width=\"208\">Peso l\u00edquido<\/td>\n<td valign=\"top\" width=\"454\">600KGS<\/td>\n<\/tr>\n<tr>\n<td valign=\"top\" width=\"208\">Condutor<\/td>\n<td valign=\"top\" width=\"454\">Motor passo-a-passo e condutor<\/td>\n<\/tr>\n<tr>\n<td valign=\"top\" width=\"208\">Computador<\/td>\n<td valign=\"top\" width=\"454\">Computador industrial<\/td>\n<\/tr>\n<tr>\n<td valign=\"top\" width=\"208\">Dispositivo de seguran\u00e7a<\/td>\n<td valign=\"top\" width=\"454\">Interruptor de fim de curso<\/td>\n<\/tr>\n<tr>\n<td valign=\"top\" width=\"208\">Pe\u00e7as de substitui\u00e7\u00e3o<\/td>\n<td valign=\"top\" width=\"454\">5 pe\u00e7as de arame<\/td>\n<\/tr>\n<tr>\n<td valign=\"top\" width=\"208\">Di\u00e2metro do fio<\/td>\n<td valign=\"top\" width=\"454\">1-3mm<\/td>\n<\/tr>\n<tr>\n<td valign=\"top\" width=\"208\">Pot\u00eancia de funcionamento<\/td>\n<td valign=\"top\" width=\"454\">5KW<\/td>\n<\/tr>\n<tr>\n<td valign=\"top\" width=\"208\">Caixa de controlo<\/td>\n<td valign=\"top\" width=\"454\">Separado<\/td>\n<\/tr>\n<tr>\n<td valign=\"top\" width=\"208\">Software<\/td>\n<td valign=\"top\" width=\"454\">inclu\u00eddo<\/td>\n<\/tr>\n<\/tbody>\n<\/table>\n<div class=\"ast-oembed-container\" style=\"height: 100%;\"><iframe title=\"M\u00e1quina de corte de l\u00e3 de rocha CNC M\u00e1quina de corte r\u00e1pido de fio abrasivo CNC #rockwoolcutting\" width=\"422\" height=\"750\" src=\"https:\/\/www.youtube.com\/embed\/XjdlfCTTg2M?feature=oembed\" frameborder=\"0\" allow=\"accelerometer; autoplay; clipboard-write; encrypted-media; gyroscope; picture-in-picture; web-share\" referrerpolicy=\"strict-origin-when-cross-origin\" allowfullscreen><\/iframe><\/div>","protected":false},"excerpt":{"rendered":"<p>Cutting Materials of cnc wire cutting machine:<\/p>\n<p>Espuma de espessura dura, como EVA dura com densidade 140 100 80, espuma de poliuretano PU, l\u00e3 mineral, Corafoam para isolamento de tubos, fibra de vidro, etc. Tamb\u00e9m pode cortar eps, mas o seu efeito de corte n\u00e3o \u00e9 t\u00e3o bom como o corte com fio quente<\/p>","protected":false},"featured_media":3444,"template":"","meta":{"_seopress_robots_primary_cat":"none","_seopress_titles_title":"","_seopress_titles_desc":"","_seopress_robots_index":"","_uag_custom_page_level_css":"","site-sidebar-layout":"default","site-content-layout":"default","ast-site-content-layout":"default","site-content-style":"default","site-sidebar-style":"default","ast-global-header-display":"","ast-banner-title-visibility":"","ast-main-header-display":"","ast-hfb-above-header-display":"","ast-hfb-below-header-display":"","ast-hfb-mobile-header-display":"","site-post-title":"","ast-breadcrumbs-content":"","ast-featured-img":"","footer-sml-layout":"","ast-disable-related-posts":"","theme-transparent-header-meta":"default","adv-header-id-meta":"","stick-header-meta":"default","header-above-stick-meta":"","header-main-stick-meta":"","header-below-stick-meta":"","astra-migrate-meta-layouts":"set","ast-page-background-enabled":"default","ast-page-background-meta":{"desktop":{"background-color":"","background-image":"","background-repeat":"repeat","background-position":"center center","background-size":"auto","background-attachment":"scroll","background-type":"","background-media":"","overlay-type":"","overlay-color":"","overlay-opacity":"","overlay-gradient":""},"tablet":{"background-color":"","background-image":"","background-repeat":"repeat","background-position":"center center","background-size":"auto","background-attachment":"scroll","background-type":"","background-media":"","overlay-type":"","overlay-color":"","overlay-opacity":"","overlay-gradient":""},"mobile":{"background-color":"","background-image":"","background-repeat":"repeat","background-position":"center center","background-size":"auto","background-attachment":"scroll","background-type":"","background-media":"","overlay-type":"","overlay-color":"","overlay-opacity":"","overlay-gradient":""}},"ast-content-background-meta":{"desktop":{"background-color":"var(--ast-global-color-5)","background-image":"","background-repeat":"repeat","background-position":"center center","background-size":"auto","background-attachment":"scroll","background-type":"","background-media":"","overlay-type":"","overlay-color":"","overlay-opacity":"","overlay-gradient":""},"tablet":{"background-color":"var(--ast-global-color-5)","background-image":"","background-repeat":"repeat","background-position":"center center","background-size":"auto","background-attachment":"scroll","background-type":"","background-media":"","overlay-type":"","overlay-color":"","overlay-opacity":"","overlay-gradient":""},"mobile":{"background-color":"var(--ast-global-color-5)","background-image":"","background-repeat":"repeat","background-position":"center center","background-size":"auto","background-attachment":"scroll","background-type":"","background-media":"","overlay-type":"","overlay-color":"","overlay-opacity":"","overlay-gradient":""}}},"product_brand":[],"product_cat":[43],"product_tag":[],"class_list":{"0":"post-1206","1":"product","2":"type-product","3":"status-publish","4":"has-post-thumbnail","6":"product_cat-foam","7":"desktop-align-left","8":"tablet-align-left","9":"mobile-align-left","10":"ast-product-gallery-layout-horizontal-slider","11":"ast-product-gallery-with-no-image","12":"ast-product-tabs-layout-horizontal","14":"first","15":"instock","16":"sale","17":"shipping-taxable","18":"purchasable","19":"product-type-simple"},"uagb_featured_image_src":{"full":["https:\/\/wisecnclaser.com\/wp-content\/uploads\/2025\/05\/e5553a9a94f5b6a1764cbf5b183b0459.jpg",800,800,false],"thumbnail":["https:\/\/wisecnclaser.com\/wp-content\/uploads\/2025\/05\/e5553a9a94f5b6a1764cbf5b183b0459-150x150.jpg",150,150,true],"medium":["https:\/\/wisecnclaser.com\/wp-content\/uploads\/2025\/05\/e5553a9a94f5b6a1764cbf5b183b0459-300x300.jpg",300,300,true],"medium_large":["https:\/\/wisecnclaser.com\/wp-content\/uploads\/2025\/05\/e5553a9a94f5b6a1764cbf5b183b0459-768x768.jpg",768,768,true],"large":["https:\/\/wisecnclaser.com\/wp-content\/uploads\/2025\/05\/e5553a9a94f5b6a1764cbf5b183b0459.jpg",800,800,false],"1536x1536":["https:\/\/wisecnclaser.com\/wp-content\/uploads\/2025\/05\/e5553a9a94f5b6a1764cbf5b183b0459.jpg",800,800,false],"2048x2048":["https:\/\/wisecnclaser.com\/wp-content\/uploads\/2025\/05\/e5553a9a94f5b6a1764cbf5b183b0459.jpg",800,800,false],"trp-custom-language-flag":["https:\/\/wisecnclaser.com\/wp-content\/uploads\/2025\/05\/e5553a9a94f5b6a1764cbf5b183b0459-12x12.jpg",12,12,true],"woocommerce_thumbnail":["https:\/\/wisecnclaser.com\/wp-content\/uploads\/2025\/05\/e5553a9a94f5b6a1764cbf5b183b0459-300x300.jpg",300,300,true],"woocommerce_single":["https:\/\/wisecnclaser.com\/wp-content\/uploads\/2025\/05\/e5553a9a94f5b6a1764cbf5b183b0459-600x600.jpg",600,600,true],"woocommerce_gallery_thumbnail":["https:\/\/wisecnclaser.com\/wp-content\/uploads\/2025\/05\/e5553a9a94f5b6a1764cbf5b183b0459-100x100.jpg",100,100,true]},"uagb_author_info":{"display_name":"jinxing6611@gmail.com","author_link":"https:\/\/wisecnclaser.com\/pt\/author\/"},"uagb_comment_info":0,"uagb_excerpt":"Cutting Materials of cnc wire cutting machine: Hard thickness foam, such as hard EVA with 140 100 80 density, polyurethane PU foam, Mineral wool, Corafoam for insulation pipe, fiberglass etc. It can also cut eps, but its cutting effect is not as good as hot wire cutting","_links":{"self":[{"href":"https:\/\/wisecnclaser.com\/pt\/wp-json\/wp\/v2\/product\/1206","targetHints":{"allow":["GET"]}}],"collection":[{"href":"https:\/\/wisecnclaser.com\/pt\/wp-json\/wp\/v2\/product"}],"about":[{"href":"https:\/\/wisecnclaser.com\/pt\/wp-json\/wp\/v2\/types\/product"}],"wp:featuredmedia":[{"embeddable":true,"href":"https:\/\/wisecnclaser.com\/pt\/wp-json\/wp\/v2\/media\/3444"}],"wp:attachment":[{"href":"https:\/\/wisecnclaser.com\/pt\/wp-json\/wp\/v2\/media?parent=1206"}],"wp:term":[{"taxonomy":"product_brand","embeddable":true,"href":"https:\/\/wisecnclaser.com\/pt\/wp-json\/wp\/v2\/product_brand?post=1206"},{"taxonomy":"product_cat","embeddable":true,"href":"https:\/\/wisecnclaser.com\/pt\/wp-json\/wp\/v2\/product_cat?post=1206"},{"taxonomy":"product_tag","embeddable":true,"href":"https:\/\/wisecnclaser.com\/pt\/wp-json\/wp\/v2\/product_tag?post=1206"}],"curies":[{"name":"wp","href":"https:\/\/api.w.org\/{rel}","templated":true}]}}