{"id":1208,"date":"2025-05-20T07:32:07","date_gmt":"2025-05-20T07:32:07","guid":{"rendered":"https:\/\/wisecnclaser.com\/product\/faint-blue-jeans\/"},"modified":"2025-05-23T02:49:01","modified_gmt":"2025-05-23T02:49:01","slug":"faint-blue-jeans","status":"publish","type":"product","link":"https:\/\/wisecnclaser.com\/pt\/produto\/faint-blue-jeans\/","title":{"rendered":"M\u00e1quina de fresagem de moldes de espuma CNC WS1530"},"content":{"rendered":"<p><strong>Aplica\u00e7\u00e3o da m\u00e1quina de fresagem de moldes de espuma cnc<\/strong><\/p>\n<p>EPS, material de espuma de pl\u00e1stico de polipropileno (EPP), utilizado principalmente para fazer EPC de espuma, molde de madeira,<\/p>\n<p>Modelos de espuma para v\u00e1rias pe\u00e7as fundidas mec\u00e2nicas, como navios, energia e\u00f3lica, m\u00e1quinas-ferramentas, m\u00e1quinas de moldagem por inje\u00e7\u00e3o, m\u00e1quinas de impress\u00e3o, etc. Design industrial de autom\u00f3veis, iates, avi\u00f5es, etc. Moldes rotativos, moldes de inje\u00e7\u00e3o, processamento de materiais decorativos para paredes exteriores GRG\/GRC, etc.<\/p>\n<p><strong>Carater\u00edsticas da m\u00e1quina de escultura em espuma cnc 1530:<\/strong><\/p>\n<p>1, a m\u00e1quina de escultura em espuma cnc adota eixo de resfriamento de \u00e1gua de alta pot\u00eancia ou eixo de resfriamento de ar, e o servo motor e disjuntor importados.<\/p>\n<p>2, fun\u00e7\u00e3o de prote\u00e7\u00e3o inteligente da mesa da m\u00e1quina: para evitar a avaria da mesa causada por uma opera\u00e7\u00e3o defeituosa ou erro de software.<\/p>\n<p>3,Prote\u00e7\u00e3o transfronteiri\u00e7a de processamento inteligente para evitar a colis\u00e3o mec\u00e2nica causada pela disposi\u00e7\u00e3o do desenho que excede a largura de processamento.<\/p>\n<p>4, sistema de controlo inteligente, pode realizar multi-camada da maquina\u00e7\u00e3o 3d automaticamente.pode terminar a maquina\u00e7\u00e3o 3d com alta velocidade e suavemente.<\/p>\n<p>5, trilho de guia linear de Taiwan, controles deslizantes autolubrificantes. Bem proporcionado da for\u00e7a quando trabalha para garantir a precis\u00e3o e a for\u00e7a<\/p>\n<p><strong>Aplica\u00e7\u00e3o da m\u00e1quina de escultura de espuma cnc:<\/strong><\/p>\n<p><strong>\u00a0<\/strong>1,Moldes de madeira para fundi\u00e7\u00e3o e maquinagem de modelos de espuma para grandes m\u00e1quinas-ferramentas, ind\u00fastrias navais, etc.<\/p>\n<p>2,Modelos de madeira fundida para v\u00e1rias fundi\u00e7\u00f5es mec\u00e2nicas, tais como navios, energia e\u00f3lica, m\u00e1quinas-ferramentas, m\u00e1quinas de moldagem por inje\u00e7\u00e3o, m\u00e1quinas de impress\u00e3o, etc.<\/p>\n<p>3,Desenho industrial de autom\u00f3veis, iates, avi\u00f5es, etc.<\/p>\n<p>4,Moldes rotativos, moldes de inje\u00e7\u00e3o, processamento de materiais decorativos para paredes exteriores GRG\/GRC, etc.<\/p>\n<table border=\"1\">\n<tbody>\n<tr class=\"firstRow\">\n<td colspan=\"2\" valign=\"center\" width=\"662\"><strong>Descri\u00e7\u00e3o e especifica\u00e7\u00f5es da m\u00e1quina de fresagem cnc para moldes de espuma:<\/strong><\/td>\n<\/tr>\n<tr>\n<td valign=\"top\" width=\"331\">X \u00c1rea de trabalho<\/td>\n<td valign=\"top\" width=\"331\">1500mm<\/td>\n<\/tr>\n<tr>\n<td valign=\"top\" width=\"331\">Y \u00c1rea de trabalho<\/td>\n<td valign=\"top\" width=\"331\">3000mm<\/td>\n<\/tr>\n<tr>\n<td valign=\"top\" width=\"331\">Z \u00c1rea de trabalho<\/td>\n<td valign=\"top\" width=\"331\">600 mm, altura de alimenta\u00e7\u00e3o do material 700 mm<\/td>\n<\/tr>\n<tr>\n<td valign=\"top\" width=\"331\">Mesa da m\u00e1quina<\/td>\n<td valign=\"top\" width=\"331\">Ranhura em T<\/td>\n<\/tr>\n<tr>\n<td valign=\"top\" width=\"331\">Estrutura da m\u00e1quina<\/td>\n<td valign=\"top\" width=\"331\">Estrutura de a\u00e7o espessa<\/td>\n<\/tr>\n<tr>\n<td valign=\"top\" width=\"331\">X,Y ,Z Estrutura<\/td>\n<td valign=\"top\" width=\"331\">Roda dentada XY, parafuso de esferas Z Taiwan 3210<\/td>\n<\/tr>\n<tr>\n<td valign=\"top\" width=\"331\">Transmiss\u00e3o<\/td>\n<td valign=\"top\" width=\"331\">Pinh\u00e3o de cremalheira de alta precis\u00e3o Xinyue<\/td>\n<\/tr>\n<tr>\n<td valign=\"top\" width=\"331\">Velocidade de alimenta\u00e7\u00e3o<\/td>\n<td valign=\"top\" width=\"331\">10000mm\/min<\/td>\n<\/tr>\n<tr>\n<td valign=\"top\" width=\"331\">Fuso<\/td>\n<td valign=\"top\" width=\"331\">Fuso de 5,5KW refrigerado a \u00e1gua<\/td>\n<\/tr>\n<tr>\n<td valign=\"top\" width=\"331\">Velocidade m\u00e1xima de alimenta\u00e7\u00e3o<\/td>\n<td valign=\"top\" width=\"331\">Eixo X:12000mm\/min<\/p>\n<p>Eixo Y:12000mm\/min<\/p>\n<p>Eixo Z: 6000mm\/min<\/td>\n<\/tr>\n<tr>\n<td valign=\"top\" width=\"331\">Velocidade do fuso<\/td>\n<td valign=\"top\" width=\"331\">100-12000RPM<\/td>\n<\/tr>\n<tr>\n<td valign=\"top\" width=\"331\">Sistema de condu\u00e7\u00e3o<\/td>\n<td valign=\"top\" width=\"331\">Servo KND chin\u00eas<\/td>\n<\/tr>\n<tr>\n<td valign=\"top\" width=\"331\">Comando<\/td>\n<td valign=\"top\" width=\"331\">C\u00f3digo G*.u00*.mmg*.plt<\/td>\n<\/tr>\n<tr>\n<td valign=\"top\" width=\"331\">Tens\u00e3o de funcionamento<\/td>\n<td valign=\"top\" width=\"331\">AC380V\/60Hz<\/td>\n<\/tr>\n<tr>\n<td valign=\"top\" width=\"331\">Sistema de controlo<\/td>\n<td valign=\"top\" width=\"331\">Sistema KND chin\u00eas<\/td>\n<\/tr>\n<tr>\n<td valign=\"top\" width=\"331\">Sistema de controlo dpi<\/td>\n<td valign=\"top\" width=\"331\">\u00b10.004<\/td>\n<\/tr>\n<tr>\n<td valign=\"top\" width=\"331\">Inveter<\/td>\n<td valign=\"top\" width=\"331\">Inversor Fuling<\/td>\n<\/tr>\n<tr>\n<td valign=\"top\" width=\"331\">Engrenagens de redu\u00e7\u00e3o do eixo Z<\/td>\n<td valign=\"top\" width=\"331\">Sim (marca shimpoo, com r\u00e1cio 1:8)<\/td>\n<\/tr>\n<tr>\n<td valign=\"top\" width=\"331\">Carril de guia<\/td>\n<td valign=\"top\" width=\"331\">Taiwan 25 carril quadrado<\/td>\n<\/tr>\n<tr>\n<td valign=\"top\" width=\"331\">Dispositivo auxiliar<\/td>\n<td valign=\"top\" width=\"331\">Coletor de poeiras, refrigerador de \u00e1gua<\/td>\n<\/tr>\n<\/tbody>\n<\/table>\n<p>&nbsp;<\/p>","protected":false},"excerpt":{"rendered":"<p><strong>Aplica\u00e7\u00e3o da m\u00e1quina de fresagem de moldes de espuma cnc<\/strong><\/p>\n<p>EPS, material de espuma de pl\u00e1stico de polipropileno (EPP), utilizado principalmente para fazer EPC de espuma, molde de madeira,<\/p>\n<p>Modelos de espuma para v\u00e1rias pe\u00e7as fundidas mec\u00e2nicas, como navios, energia e\u00f3lica, m\u00e1quinas-ferramentas, m\u00e1quinas de moldagem por inje\u00e7\u00e3o, m\u00e1quinas de impress\u00e3o, etc. Design industrial de autom\u00f3veis, iates, avi\u00f5es, etc. Moldes rotativos, moldes de inje\u00e7\u00e3o, processamento de materiais decorativos para paredes exteriores GRG\/GRC, etc.<\/p>\n<p><strong>Carater\u00edsticas da m\u00e1quina de escultura em espuma cnc 1530:<\/strong><\/p>\n<p>1, a m\u00e1quina de escultura em espuma cnc adota eixo de resfriamento de \u00e1gua de alta pot\u00eancia ou eixo de resfriamento de ar, e o servo motor e disjuntor importados.<\/p>\n<p>2, fun\u00e7\u00e3o de prote\u00e7\u00e3o inteligente da mesa da m\u00e1quina: para evitar a avaria da mesa causada por uma opera\u00e7\u00e3o defeituosa ou erro de software.<\/p>\n<p>3,Prote\u00e7\u00e3o transfronteiri\u00e7a de processamento inteligente para evitar a colis\u00e3o mec\u00e2nica causada pela disposi\u00e7\u00e3o do desenho que excede a largura de processamento.<\/p>\n<p>4, sistema de controlo inteligente, pode realizar multi-camada da maquina\u00e7\u00e3o 3d automaticamente.pode terminar a maquina\u00e7\u00e3o 3d com alta velocidade e suavemente.<\/p>\n<p>5, trilho de guia linear de Taiwan, controles deslizantes autolubrificantes. Bem proporcionado da for\u00e7a quando trabalha para garantir a precis\u00e3o e a for\u00e7a<\/p>","protected":false},"featured_media":3460,"template":"","meta":{"_seopress_robots_primary_cat":"none","_seopress_titles_title":"","_seopress_titles_desc":"","_seopress_robots_index":"","_uag_custom_page_level_css":"","site-sidebar-layout":"default","site-content-layout":"default","ast-site-content-layout":"default","site-content-style":"default","site-sidebar-style":"default","ast-global-header-display":"","ast-banner-title-visibility":"","ast-main-header-display":"","ast-hfb-above-header-display":"","ast-hfb-below-header-display":"","ast-hfb-mobile-header-display":"","site-post-title":"","ast-breadcrumbs-content":"","ast-featured-img":"","footer-sml-layout":"","ast-disable-related-posts":"","theme-transparent-header-meta":"default","adv-header-id-meta":"","stick-header-meta":"default","header-above-stick-meta":"","header-main-stick-meta":"","header-below-stick-meta":"","astra-migrate-meta-layouts":"set","ast-page-background-enabled":"default","ast-page-background-meta":{"desktop":{"background-color":"","background-image":"","background-repeat":"repeat","background-position":"center center","background-size":"auto","background-attachment":"scroll","background-type":"","background-media":"","overlay-type":"","overlay-color":"","overlay-opacity":"","overlay-gradient":""},"tablet":{"background-color":"","background-image":"","background-repeat":"repeat","background-position":"center center","background-size":"auto","background-attachment":"scroll","background-type":"","background-media":"","overlay-type":"","overlay-color":"","overlay-opacity":"","overlay-gradient":""},"mobile":{"background-color":"","background-image":"","background-repeat":"repeat","background-position":"center center","background-size":"auto","background-attachment":"scroll","background-type":"","background-media":"","overlay-type":"","overlay-color":"","overlay-opacity":"","overlay-gradient":""}},"ast-content-background-meta":{"desktop":{"background-color":"var(--ast-global-color-5)","background-image":"","background-repeat":"repeat","background-position":"center center","background-size":"auto","background-attachment":"scroll","background-type":"","background-media":"","overlay-type":"","overlay-color":"","overlay-opacity":"","overlay-gradient":""},"tablet":{"background-color":"var(--ast-global-color-5)","background-image":"","background-repeat":"repeat","background-position":"center center","background-size":"auto","background-attachment":"scroll","background-type":"","background-media":"","overlay-type":"","overlay-color":"","overlay-opacity":"","overlay-gradient":""},"mobile":{"background-color":"var(--ast-global-color-5)","background-image":"","background-repeat":"repeat","background-position":"center center","background-size":"auto","background-attachment":"scroll","background-type":"","background-media":"","overlay-type":"","overlay-color":"","overlay-opacity":"","overlay-gradient":""}}},"product_brand":[],"product_cat":[43],"product_tag":[],"class_list":{"0":"post-1208","1":"product","2":"type-product","3":"status-publish","4":"has-post-thumbnail","6":"product_cat-foam","7":"desktop-align-left","8":"tablet-align-left","9":"mobile-align-left","10":"ast-product-gallery-layout-horizontal-slider","11":"ast-product-gallery-with-no-image","12":"ast-product-tabs-layout-horizontal","14":"first","15":"instock","16":"sale","17":"shipping-taxable","18":"purchasable","19":"product-type-simple"},"uagb_featured_image_src":{"full":["https:\/\/wisecnclaser.com\/wp-content\/uploads\/2025\/05\/bcb78065198408b6068fb114b361bd27.jpg",800,800,false],"thumbnail":["https:\/\/wisecnclaser.com\/wp-content\/uploads\/2025\/05\/bcb78065198408b6068fb114b361bd27-150x150.jpg",150,150,true],"medium":["https:\/\/wisecnclaser.com\/wp-content\/uploads\/2025\/05\/bcb78065198408b6068fb114b361bd27-300x300.jpg",300,300,true],"medium_large":["https:\/\/wisecnclaser.com\/wp-content\/uploads\/2025\/05\/bcb78065198408b6068fb114b361bd27-768x768.jpg",768,768,true],"large":["https:\/\/wisecnclaser.com\/wp-content\/uploads\/2025\/05\/bcb78065198408b6068fb114b361bd27.jpg",800,800,false],"1536x1536":["https:\/\/wisecnclaser.com\/wp-content\/uploads\/2025\/05\/bcb78065198408b6068fb114b361bd27.jpg",800,800,false],"2048x2048":["https:\/\/wisecnclaser.com\/wp-content\/uploads\/2025\/05\/bcb78065198408b6068fb114b361bd27.jpg",800,800,false],"trp-custom-language-flag":["https:\/\/wisecnclaser.com\/wp-content\/uploads\/2025\/05\/bcb78065198408b6068fb114b361bd27-12x12.jpg",12,12,true],"woocommerce_thumbnail":["https:\/\/wisecnclaser.com\/wp-content\/uploads\/2025\/05\/bcb78065198408b6068fb114b361bd27-300x300.jpg",300,300,true],"woocommerce_single":["https:\/\/wisecnclaser.com\/wp-content\/uploads\/2025\/05\/bcb78065198408b6068fb114b361bd27-600x600.jpg",600,600,true],"woocommerce_gallery_thumbnail":["https:\/\/wisecnclaser.com\/wp-content\/uploads\/2025\/05\/bcb78065198408b6068fb114b361bd27-100x100.jpg",100,100,true]},"uagb_author_info":{"display_name":"jinxing6611@gmail.com","author_link":"https:\/\/wisecnclaser.com\/pt\/author\/"},"uagb_comment_info":0,"uagb_excerpt":"Application of cnc foam mold milling machine EPS, Polypropylene plastic foam material(EPP), mainly used for making FOAM EPC, wood mold, Foam models for various mechanical castings, such as ships, wind power, machine tools, injection molding machinery, printing machinery, etc. Industrial design of automobile, yacht, airplane, etc. Rotary molds, injection molds, GRG\/GRC exterior wall decorative materials&hellip;","_links":{"self":[{"href":"https:\/\/wisecnclaser.com\/pt\/wp-json\/wp\/v2\/product\/1208","targetHints":{"allow":["GET"]}}],"collection":[{"href":"https:\/\/wisecnclaser.com\/pt\/wp-json\/wp\/v2\/product"}],"about":[{"href":"https:\/\/wisecnclaser.com\/pt\/wp-json\/wp\/v2\/types\/product"}],"wp:featuredmedia":[{"embeddable":true,"href":"https:\/\/wisecnclaser.com\/pt\/wp-json\/wp\/v2\/media\/3460"}],"wp:attachment":[{"href":"https:\/\/wisecnclaser.com\/pt\/wp-json\/wp\/v2\/media?parent=1208"}],"wp:term":[{"taxonomy":"product_brand","embeddable":true,"href":"https:\/\/wisecnclaser.com\/pt\/wp-json\/wp\/v2\/product_brand?post=1208"},{"taxonomy":"product_cat","embeddable":true,"href":"https:\/\/wisecnclaser.com\/pt\/wp-json\/wp\/v2\/product_cat?post=1208"},{"taxonomy":"product_tag","embeddable":true,"href":"https:\/\/wisecnclaser.com\/pt\/wp-json\/wp\/v2\/product_tag?post=1208"}],"curies":[{"name":"wp","href":"https:\/\/api.w.org\/{rel}","templated":true}]}}