{"id":1210,"date":"2025-05-20T07:32:07","date_gmt":"2025-05-20T07:32:07","guid":{"rendered":"https:\/\/wisecnclaser.com\/product\/dark-grey-jeans\/"},"modified":"2025-05-22T13:15:14","modified_gmt":"2025-05-22T13:15:14","slug":"dark-grey-jeans","status":"publish","type":"product","link":"https:\/\/wisecnclaser.com\/pt\/produto\/dark-grey-jeans\/","title":{"rendered":"WS1330 Cortador de espuma de fio quente de estrutura leve com mesa girat\u00f3ria"},"content":{"rendered":"<p>Carater\u00edsticas da m\u00e1quina de corte de espuma de fio quente 1330:<\/p>\n<p>1. Esta m\u00e1quina adopta \u00f3rbita redonda, filas duplas e blocos de esferas de quatro colunas. Grande capacidade de carga, funcionamento suave, alta precis\u00e3o e longa vida \u00fatil. Parafuso de esferas importado de alta precis\u00e3o, corte preciso.<\/p>\n<p>2. usar a estrutura de alum\u00ednio com ranhura em T, econ\u00f4mica, estrutura leve, \u00e9 uma boa escolha para iniciantes ou iniciantes no corte de espuma eps.<\/p>\n<p>3. Adopta um cabo altamente flex\u00edvel e resistente \u00e0 flex\u00e3o. E importa componentes electr\u00f3nicos dur\u00e1veis. O design eletr\u00f3nico de toda a m\u00e1quina cumpre a norma europeia CE. Caixa de controlo separada com sistema de prote\u00e7\u00e3o de seguran\u00e7a fi\u00e1vel.<\/p>\n<p>4. Sistema de controlo Mach3 f\u00e1cil de aprender, com computador industrial<\/p>\n<p>5. potencial do motor, alcan\u00e7ar maquina\u00e7\u00e3o a velocidade constante, curvas e linear s\u00edncrona, e a curva \u00e9 mais perfeita.<\/p>\n<p>6. motor de passo e acionamento de alta velocidade, para um funcionamento constante e est\u00e1vel<\/p>\n<p>7.pode utilizar a mesa girat\u00f3ria para corte de espuma 3d<\/p>\n<p><strong>.<\/strong><strong>Aplica\u00e7\u00e3o da m\u00e1quina de corte de espuma de fio quente:<\/strong><\/p>\n<p>Esta m\u00e1quina de corte de espuma de fio quente de estrutura leve \u00e9 projetada principalmente para a fabrica\u00e7\u00e3o de sinais ou ind\u00fastria de corte de letras de espuma e decora\u00e7\u00e3o de espuma. Em compara\u00e7\u00e3o com a m\u00e1quina de corte de espuma de fio quente para servi\u00e7o pesado, a vida \u00fatil deste cortador de espuma de fio quente de estrutura leve \u00e9 mais curta e o tamanho s\u00f3 pode ser 1300 * 3000 * 1300mm, se quiser tamanho maior, tem que usar cortador de espuma de estrutura pesada que usa transmiss\u00e3o de pinh\u00e3o de cremalheira. e cortador de fio quente de estrutura leve s\u00f3 pode ser um \u00fanico fio, se precisar de v\u00e1rios fios, tem que atualizar para um pesado.<strong>\u00a0<\/strong><\/p>\n<table border=\"1\">\n<tbody>\n<tr class=\"firstRow\">\n<td colspan=\"2\" valign=\"center\" width=\"662\"><strong>Par\u00e2metro t\u00e9cnico de WS1330\u00a0<\/strong><strong>Luz<\/strong><strong>\u00a0Cortador de espuma de estrutura com mesa girat\u00f3ria:<\/strong><\/td>\n<\/tr>\n<tr>\n<td valign=\"top\" width=\"208\">\u00c1rea de corte<\/td>\n<td valign=\"top\" width=\"454\">Comprimento 3000mm*largura 1300mm*altura 1300mm<\/td>\n<\/tr>\n<tr>\n<td valign=\"top\" width=\"208\">Superf\u00edcie do quadro<\/td>\n<td valign=\"top\" width=\"454\">Mesa em PVC<\/td>\n<\/tr>\n<tr>\n<td valign=\"top\" width=\"208\">Precis\u00e3o do posicionamento em viagem<\/td>\n<td valign=\"top\" width=\"454\">\u00b10,03mm<\/td>\n<\/tr>\n<tr>\n<td valign=\"top\" width=\"208\">Reposicionamento Precis\u00e3o do posicionamento<\/td>\n<td valign=\"top\" width=\"454\">\u00b10,02mm<\/td>\n<\/tr>\n<tr>\n<td valign=\"top\" width=\"208\">DPI de trabalho<\/td>\n<td valign=\"top\" width=\"454\">\u00b10,04mm<\/td>\n<\/tr>\n<tr>\n<td valign=\"top\" width=\"208\">Velocidade de rota\u00e7\u00e3o<\/td>\n<td valign=\"top\" width=\"454\">0-6000mm\/min<\/td>\n<\/tr>\n<tr>\n<td valign=\"top\" width=\"208\">Estrutura da m\u00e1quina<\/td>\n<td valign=\"top\" width=\"454\">A\u00e7o soldado de grande espessura<\/td>\n<\/tr>\n<tr>\n<td valign=\"top\" width=\"208\">Comando<\/td>\n<td valign=\"top\" width=\"454\">C\u00f3digo G*.u00*.mmg*.plt<\/td>\n<\/tr>\n<tr>\n<td valign=\"top\" width=\"208\">Tens\u00e3o de funcionamento<\/td>\n<td valign=\"top\" width=\"454\">AC220V\/20HZ<\/td>\n<\/tr>\n<tr>\n<td valign=\"top\" width=\"208\">Peso com embalagem<\/td>\n<td valign=\"top\" width=\"454\">850KGS<\/td>\n<\/tr>\n<tr>\n<td valign=\"top\" width=\"208\">Tamanho da embalagem<\/td>\n<td valign=\"top\" width=\"454\">1.6*3.9*1.4M<\/td>\n<\/tr>\n<tr>\n<td valign=\"top\" width=\"208\">Sistema de controlo<\/td>\n<td valign=\"top\" width=\"454\">Mach3 com computador industrial<\/td>\n<\/tr>\n<tr>\n<td valign=\"top\" width=\"208\">Calha de guia<\/td>\n<td valign=\"top\" width=\"454\">guia redondo<\/td>\n<\/tr>\n<tr>\n<td valign=\"top\" width=\"208\">Humidade<\/td>\n<td valign=\"top\" width=\"454\">10%-90%(sem condensa\u00e7\u00e3o)<\/td>\n<\/tr>\n<tr>\n<td valign=\"top\" width=\"208\">Temperatura<\/td>\n<td valign=\"top\" width=\"454\">10-50\u2103<\/td>\n<\/tr>\n<tr>\n<td valign=\"top\" width=\"208\">Caixa de velocidades<\/td>\n<td valign=\"top\" width=\"454\">Pequena caixa de velocidades<\/td>\n<\/tr>\n<tr>\n<td valign=\"top\" width=\"208\">Transmiss\u00e3o<\/td>\n<td valign=\"top\" width=\"454\">Parafuso de esferas<\/td>\n<\/tr>\n<tr>\n<td valign=\"top\" width=\"208\">Peso l\u00edquido<\/td>\n<td valign=\"top\" width=\"454\">600KGS<\/td>\n<\/tr>\n<tr>\n<td valign=\"top\" width=\"208\">Regulador<\/td>\n<td valign=\"top\" width=\"454\">1000W<\/td>\n<\/tr>\n<tr>\n<td valign=\"top\" width=\"208\">Observa\u00e7\u00e3o<\/td>\n<td valign=\"top\" width=\"454\">Econ\u00f3mico<\/td>\n<\/tr>\n<tr>\n<td valign=\"top\" width=\"208\">Roda s\u00edncrona x,y<\/td>\n<td valign=\"top\" width=\"454\">5M,1:5<\/td>\n<\/tr>\n<tr>\n<td valign=\"top\" width=\"208\">Correia s\u00edncrona<\/td>\n<td valign=\"top\" width=\"454\">5M-285<\/td>\n<\/tr>\n<tr>\n<td valign=\"top\" width=\"208\">Roda s\u00edncrona Z<\/td>\n<td valign=\"top\" width=\"454\">5M 20 rodas<\/td>\n<\/tr>\n<tr>\n<td valign=\"top\" width=\"208\">transmiss\u00e3o<\/td>\n<td valign=\"top\" width=\"454\">fuso de esferas<\/td>\n<\/tr>\n<tr>\n<td valign=\"top\" width=\"208\">computador<\/td>\n<td valign=\"top\" width=\"454\">computador industrial<\/td>\n<\/tr>\n<tr>\n<td valign=\"top\" width=\"208\">Caixa de controlo<\/td>\n<td valign=\"top\" width=\"454\">Separado<\/td>\n<\/tr>\n<tr>\n<td valign=\"top\" width=\"208\">Software<\/td>\n<td valign=\"top\" width=\"454\">CAXA CAD<\/td>\n<\/tr>\n<\/tbody>\n<\/table>","protected":false},"excerpt":{"rendered":"<p>Carater\u00edsticas da m\u00e1quina de corte de espuma de fio quente 1330:<\/p>\n<p>1. Esta m\u00e1quina adopta \u00f3rbita redonda, filas duplas e blocos de esferas de quatro colunas. Grande capacidade de carga, funcionamento suave, alta precis\u00e3o e longa vida \u00fatil. Parafuso de esferas importado de alta precis\u00e3o, corte preciso.<\/p>\n<p>2. usar a estrutura de alum\u00ednio com ranhura em T, econ\u00f4mica, estrutura leve, \u00e9 uma boa escolha para iniciantes ou iniciantes no corte de espuma eps.<\/p>\n<p>3. Adopta um cabo altamente flex\u00edvel e resistente \u00e0 flex\u00e3o. E importa componentes electr\u00f3nicos dur\u00e1veis. O design eletr\u00f3nico de toda a m\u00e1quina cumpre a norma europeia CE. Caixa de controlo separada com sistema de prote\u00e7\u00e3o de seguran\u00e7a fi\u00e1vel.<\/p>\n<p>4. Sistema de controlo Mach3 f\u00e1cil de aprender, com computador industrial<\/p>\n<p>5. potencial do motor, alcan\u00e7ar maquina\u00e7\u00e3o a velocidade constante, curvas e linear s\u00edncrona, e a curva \u00e9 mais perfeita.<\/p>\n<p>6. motor de passo e acionamento de alta velocidade, para um funcionamento constante e est\u00e1vel<\/p>\n<p>7.pode utilizar a mesa girat\u00f3ria para corte de espuma 3d<\/p>","protected":false},"featured_media":3456,"template":"","meta":{"_seopress_robots_primary_cat":"none","_seopress_titles_title":"","_seopress_titles_desc":"","_seopress_robots_index":"","_uag_custom_page_level_css":"","site-sidebar-layout":"default","site-content-layout":"default","ast-site-content-layout":"default","site-content-style":"default","site-sidebar-style":"default","ast-global-header-display":"","ast-banner-title-visibility":"","ast-main-header-display":"","ast-hfb-above-header-display":"","ast-hfb-below-header-display":"","ast-hfb-mobile-header-display":"","site-post-title":"","ast-breadcrumbs-content":"","ast-featured-img":"","footer-sml-layout":"","ast-disable-related-posts":"","theme-transparent-header-meta":"default","adv-header-id-meta":"","stick-header-meta":"default","header-above-stick-meta":"","header-main-stick-meta":"","header-below-stick-meta":"","astra-migrate-meta-layouts":"set","ast-page-background-enabled":"default","ast-page-background-meta":{"desktop":{"background-color":"","background-image":"","background-repeat":"repeat","background-position":"center center","background-size":"auto","background-attachment":"scroll","background-type":"","background-media":"","overlay-type":"","overlay-color":"","overlay-opacity":"","overlay-gradient":""},"tablet":{"background-color":"","background-image":"","background-repeat":"repeat","background-position":"center center","background-size":"auto","background-attachment":"scroll","background-type":"","background-media":"","overlay-type":"","overlay-color":"","overlay-opacity":"","overlay-gradient":""},"mobile":{"background-color":"","background-image":"","background-repeat":"repeat","background-position":"center center","background-size":"auto","background-attachment":"scroll","background-type":"","background-media":"","overlay-type":"","overlay-color":"","overlay-opacity":"","overlay-gradient":""}},"ast-content-background-meta":{"desktop":{"background-color":"var(--ast-global-color-5)","background-image":"","background-repeat":"repeat","background-position":"center center","background-size":"auto","background-attachment":"scroll","background-type":"","background-media":"","overlay-type":"","overlay-color":"","overlay-opacity":"","overlay-gradient":""},"tablet":{"background-color":"var(--ast-global-color-5)","background-image":"","background-repeat":"repeat","background-position":"center center","background-size":"auto","background-attachment":"scroll","background-type":"","background-media":"","overlay-type":"","overlay-color":"","overlay-opacity":"","overlay-gradient":""},"mobile":{"background-color":"var(--ast-global-color-5)","background-image":"","background-repeat":"repeat","background-position":"center center","background-size":"auto","background-attachment":"scroll","background-type":"","background-media":"","overlay-type":"","overlay-color":"","overlay-opacity":"","overlay-gradient":""}}},"product_brand":[],"product_cat":[43],"product_tag":[],"class_list":{"0":"post-1210","1":"product","2":"type-product","3":"status-publish","4":"has-post-thumbnail","6":"product_cat-foam","7":"desktop-align-left","8":"tablet-align-left","9":"mobile-align-left","10":"ast-product-gallery-layout-horizontal-slider","11":"ast-product-gallery-with-no-image","12":"ast-product-tabs-layout-horizontal","14":"first","15":"instock","16":"shipping-taxable","17":"purchasable","18":"product-type-simple"},"uagb_featured_image_src":{"full":["https:\/\/wisecnclaser.com\/wp-content\/uploads\/2025\/05\/a88c962689ed9015dc7479dc3360159a.jpg",800,800,false],"thumbnail":["https:\/\/wisecnclaser.com\/wp-content\/uploads\/2025\/05\/a88c962689ed9015dc7479dc3360159a-150x150.jpg",150,150,true],"medium":["https:\/\/wisecnclaser.com\/wp-content\/uploads\/2025\/05\/a88c962689ed9015dc7479dc3360159a-300x300.jpg",300,300,true],"medium_large":["https:\/\/wisecnclaser.com\/wp-content\/uploads\/2025\/05\/a88c962689ed9015dc7479dc3360159a-768x768.jpg",768,768,true],"large":["https:\/\/wisecnclaser.com\/wp-content\/uploads\/2025\/05\/a88c962689ed9015dc7479dc3360159a.jpg",800,800,false],"1536x1536":["https:\/\/wisecnclaser.com\/wp-content\/uploads\/2025\/05\/a88c962689ed9015dc7479dc3360159a.jpg",800,800,false],"2048x2048":["https:\/\/wisecnclaser.com\/wp-content\/uploads\/2025\/05\/a88c962689ed9015dc7479dc3360159a.jpg",800,800,false],"trp-custom-language-flag":["https:\/\/wisecnclaser.com\/wp-content\/uploads\/2025\/05\/a88c962689ed9015dc7479dc3360159a-12x12.jpg",12,12,true],"woocommerce_thumbnail":["https:\/\/wisecnclaser.com\/wp-content\/uploads\/2025\/05\/a88c962689ed9015dc7479dc3360159a-300x300.jpg",300,300,true],"woocommerce_single":["https:\/\/wisecnclaser.com\/wp-content\/uploads\/2025\/05\/a88c962689ed9015dc7479dc3360159a-600x600.jpg",600,600,true],"woocommerce_gallery_thumbnail":["https:\/\/wisecnclaser.com\/wp-content\/uploads\/2025\/05\/a88c962689ed9015dc7479dc3360159a-100x100.jpg",100,100,true]},"uagb_author_info":{"display_name":"jinxing6611@gmail.com","author_link":"https:\/\/wisecnclaser.com\/pt\/author\/"},"uagb_comment_info":0,"uagb_excerpt":"Features of 1330 hot wire foam cutting machine: 1. This machine adopts round orbit, double rows and four columns ball blocks. Large\u00a0bearing capacity, running smoothly, high precision and long life. Imported high precision\u00a0Ball screw, cutting accurate. 2. use T slot aluminum frame, economic, light structure, is good choise for eps foam cutting starter or beginner.&hellip;","_links":{"self":[{"href":"https:\/\/wisecnclaser.com\/pt\/wp-json\/wp\/v2\/product\/1210","targetHints":{"allow":["GET"]}}],"collection":[{"href":"https:\/\/wisecnclaser.com\/pt\/wp-json\/wp\/v2\/product"}],"about":[{"href":"https:\/\/wisecnclaser.com\/pt\/wp-json\/wp\/v2\/types\/product"}],"wp:featuredmedia":[{"embeddable":true,"href":"https:\/\/wisecnclaser.com\/pt\/wp-json\/wp\/v2\/media\/3456"}],"wp:attachment":[{"href":"https:\/\/wisecnclaser.com\/pt\/wp-json\/wp\/v2\/media?parent=1210"}],"wp:term":[{"taxonomy":"product_brand","embeddable":true,"href":"https:\/\/wisecnclaser.com\/pt\/wp-json\/wp\/v2\/product_brand?post=1210"},{"taxonomy":"product_cat","embeddable":true,"href":"https:\/\/wisecnclaser.com\/pt\/wp-json\/wp\/v2\/product_cat?post=1210"},{"taxonomy":"product_tag","embeddable":true,"href":"https:\/\/wisecnclaser.com\/pt\/wp-json\/wp\/v2\/product_tag?post=1210"}],"curies":[{"name":"wp","href":"https:\/\/api.w.org\/{rel}","templated":true}]}}