{"id":1211,"date":"2025-05-20T07:32:07","date_gmt":"2025-05-20T07:32:07","guid":{"rendered":"https:\/\/wisecnclaser.com\/product\/dark-brown-jeans\/"},"modified":"2025-11-25T06:11:41","modified_gmt":"2025-11-25T06:11:41","slug":"hot-wire-foam-cutting-machine","status":"publish","type":"product","link":"https:\/\/wisecnclaser.com\/pt\/produto\/hot-wire-foam-cutting-machine\/","title":{"rendered":"M\u00e1quina de corte de espuma EPS de fio quente WS1330"},"content":{"rendered":"<p><strong>Carater\u00edsticas da m\u00e1quina de corte de espuma eps de fio quente:<\/strong><\/p>\n<p>1. Esta m\u00e1quina adopta \u00f3rbita quadrada, filas duplas e blocos de esferas de quatro colunas. Grande capacidade de carga, funcionamento suave, alta precis\u00e3o e longa vida \u00fatil. Parafuso de esferas importado de alta precis\u00e3o, corte preciso.<\/p>\n<p>2. Toda a estrutura de tubo quadrado espesso e n\u00e3o deforma\u00e7\u00e3o, estrutura de a\u00e7o e soldadura cient\u00edfica, n\u00e3o deforma\u00e7\u00e3o geral.<\/p>\n<p>3. Adopta um cabo altamente flex\u00edvel e resistente \u00e0 flex\u00e3o. E importa componentes electr\u00f3nicos dur\u00e1veis. O design eletr\u00f3nico de toda a m\u00e1quina cumpre a norma europeia CE. Caixa de controlo separada com sistema de prote\u00e7\u00e3o de seguran\u00e7a fi\u00e1vel.<\/p>\n<p>4. Sistema de controlo dsp f\u00e1cil de aprender<\/p>\n<p>5. potencial do motor, alcan\u00e7ar maquina\u00e7\u00e3o a velocidade constante, curvas e linear s\u00edncrona, e a curva \u00e9 mais perfeita.<\/p>\n<p>6. motor de passo e acionamento de alta velocidade, para um funcionamento constante e est\u00e1vel<\/p>\n<p><strong>Aplica\u00e7\u00e3o da m\u00e1quina de corte de espuma eps:<\/strong><\/p>\n<p>utilizado para cortar espuma de eps (poliestireno expandido), pode ser aplicado em formas arquitect\u00f3nicas, moldagem de coroas, colunas, maquetes, capilares, medalh\u00f5es. Pain\u00e9is sandu\u00edche de EPS e XPS para coberturas e constru\u00e7\u00e3o. Embalagens e Modeladores, Vigil\u00e2ncia, UAV, RC, Asas, n\u00facleos e aerof\u00f3lios. Parques tem\u00e1ticos. Departamentos aeroespaciais, de arquitetura e de mec\u00e2nica em universidades e col\u00e9gios, Monumentos, sinais 3D, Log\u00f3tipos, Letras, Adere\u00e7os, Prototipagem, exposi\u00e7\u00f5es em museus, Feiras comerciais Barcos, pranchas de surf, canoas e paddleboards<\/p>\n<p><strong>\u00a0Par\u00e2metro t\u00e9cnico da m\u00e1quina de corte de espuma de fio quente WS1330:<\/strong><\/p>\n<table border=\"1\">\n<tbody>\n<tr class=\"firstRow\">\n<td colspan=\"2\" valign=\"center\" width=\"662\"><\/td>\n<\/tr>\n<tr>\n<td valign=\"top\" width=\"208\">\u00c1rea de corte<\/td>\n<td valign=\"top\" width=\"454\">Comprimento 3000mm*largura 1300mm*altura 1300mm<\/td>\n<\/tr>\n<tr>\n<td valign=\"top\" width=\"208\">Superf\u00edcie do quadro<\/td>\n<td valign=\"top\" width=\"454\">Mesa em PVC<\/td>\n<\/tr>\n<tr>\n<td valign=\"top\" width=\"208\">Precis\u00e3o do posicionamento em viagem<\/td>\n<td valign=\"top\" width=\"454\">\u00b10,03mm<\/td>\n<\/tr>\n<tr>\n<td valign=\"top\" width=\"208\">Reposicionamento Precis\u00e3o do posicionamento<\/td>\n<td valign=\"top\" width=\"454\">\u00b10,02mm<\/td>\n<\/tr>\n<tr>\n<td valign=\"top\" width=\"208\">DPI de trabalho<\/td>\n<td valign=\"top\" width=\"454\">\u00b10,04mm<\/td>\n<\/tr>\n<tr>\n<td valign=\"top\" width=\"208\">Velocidade de rota\u00e7\u00e3o<\/td>\n<td valign=\"top\" width=\"454\">0-6000mm\/min<\/td>\n<\/tr>\n<tr>\n<td valign=\"top\" width=\"208\">Estrutura da m\u00e1quina<\/td>\n<td valign=\"top\" width=\"454\">A\u00e7o soldado de grande espessura<\/td>\n<\/tr>\n<tr>\n<td valign=\"top\" width=\"208\">Comando<\/td>\n<td valign=\"top\" width=\"454\">C\u00f3digo G*.u00*.mmg*.plt<\/td>\n<\/tr>\n<tr>\n<td valign=\"top\" width=\"208\">Tens\u00e3o de funcionamento<\/td>\n<td valign=\"top\" width=\"454\">AC220V\/20HZ<\/td>\n<\/tr>\n<tr>\n<td valign=\"top\" width=\"208\">Peso com embalagem<\/td>\n<td valign=\"top\" width=\"454\">850KGS<\/td>\n<\/tr>\n<tr>\n<td valign=\"top\" width=\"208\">Tamanho da embalagem<\/td>\n<td valign=\"top\" width=\"454\">1.6*3.9*1.4M<\/td>\n<\/tr>\n<tr>\n<td valign=\"top\" width=\"208\">Sistema de controlo<\/td>\n<td valign=\"top\" width=\"454\">Dsp offline ou Mach3<\/td>\n<\/tr>\n<tr>\n<td valign=\"top\" width=\"208\">Calha de guia<\/td>\n<td valign=\"top\" width=\"454\">Guia quadrado<\/td>\n<\/tr>\n<tr>\n<td valign=\"top\" width=\"208\">Humidade<\/td>\n<td valign=\"top\" width=\"454\">10%-90%(sem condensa\u00e7\u00e3o)<\/td>\n<\/tr>\n<tr>\n<td valign=\"top\" width=\"208\">Temperatura<\/td>\n<td valign=\"top\" width=\"454\">10-50\u2103<\/td>\n<\/tr>\n<tr>\n<td valign=\"top\" width=\"208\">Caixa de velocidades<\/td>\n<td valign=\"top\" width=\"454\">Pequena caixa de velocidades<\/td>\n<\/tr>\n<tr>\n<td valign=\"top\" width=\"208\">Transmiss\u00e3o<\/td>\n<td valign=\"top\" width=\"454\">Parafuso de esferas<\/td>\n<\/tr>\n<tr>\n<td valign=\"top\" width=\"208\">Peso l\u00edquido<\/td>\n<td valign=\"top\" width=\"454\">600KGS<\/td>\n<\/tr>\n<tr>\n<td valign=\"top\" width=\"208\">Regulador<\/td>\n<td valign=\"top\" width=\"454\">1000W<\/td>\n<\/tr>\n<tr>\n<td valign=\"top\" width=\"208\">Observa\u00e7\u00e3o<\/td>\n<td valign=\"top\" width=\"454\">Econ\u00f3mico<\/td>\n<\/tr>\n<tr>\n<td valign=\"top\" width=\"208\">Roda s\u00edncrona x,y<\/td>\n<td valign=\"top\" width=\"454\">5M,1:5<\/td>\n<\/tr>\n<tr>\n<td valign=\"top\" width=\"208\">Correia s\u00edncrona<\/td>\n<td valign=\"top\" width=\"454\">5M-285<\/td>\n<\/tr>\n<tr>\n<td valign=\"top\" width=\"208\">Roda s\u00edncrona Z<\/td>\n<td valign=\"top\" width=\"454\">5M 20 rodas<\/td>\n<\/tr>\n<tr>\n<td valign=\"top\" width=\"208\">Roda dentada<\/td>\n<td valign=\"top\" width=\"454\">YCAA670<\/td>\n<\/tr>\n<tr>\n<td valign=\"top\" width=\"208\">Eixo de engrenagem<\/td>\n<td valign=\"top\" width=\"454\">93<\/td>\n<\/tr>\n<tr>\n<td valign=\"top\" width=\"208\">Caixa de controlo<\/td>\n<td valign=\"top\" width=\"454\">Separado<\/td>\n<\/tr>\n<tr>\n<td valign=\"top\" width=\"208\">Software<\/td>\n<td valign=\"top\" width=\"454\">CAXA CAD<\/td>\n<\/tr>\n<\/tbody>\n<\/table>\n<p><strong>Vantagens da m\u00e1quina de corte de espuma de fio quente da jinan wise cnc laser machinery co., ltd.<\/strong><\/p>\n<p>1,O sistema de controlo foi pesquisado pela nossa pr\u00f3pria empresa, mesmo as pessoas sem qualquer conhecimento de inform\u00e1tica ou experi\u00eancia de desenho CAD, ap\u00f3s um ou dois dias de forma\u00e7\u00e3o podem operar por si pr\u00f3prios.<br \/>\n2,O software de corte \u00e9 compat\u00edvel com o desenho CAXA e AUTOCAD. N\u00e3o h\u00e1 necessidade de contra-desenho e programa\u00e7\u00e3o. Desde que se introduza o ficheiro, a m\u00e1quina pode terminar o corte de forma conveniente.<\/p>\n<p>3. sistema de transmiss\u00e3o adota Taiwan parafuso de esferas, quando se trabalha com baixo ru\u00eddo e pequena lacuna. Muito melhor do que outras empresas que utilizam corrente e cremalheira de engrenagem ou parafuso roscado comum.<\/p>\n<p>4. o dispositivo anti-poeira e toda a m\u00e1quina adopta um grande dispositivo de fresagem cnc, processa os detalhes da m\u00e1quina com muito cuidado.<\/p>\n<div class=\"ast-oembed-container\" style=\"height: 100%;\"><iframe title=\"M\u00e1quina de corte de espuma de fio quente 3d eps styrofoam espuma cnc cortador de fio quente jinan wise cnc #foamcutter\" width=\"500\" height=\"281\" src=\"https:\/\/www.youtube.com\/embed\/j0dbAMKw2Pw?feature=oembed\" frameborder=\"0\" allow=\"accelerometer; autoplay; clipboard-write; encrypted-media; gyroscope; picture-in-picture; web-share\" referrerpolicy=\"strict-origin-when-cross-origin\" allowfullscreen><\/iframe><\/div>\n<p>&nbsp;<\/p>","protected":false},"excerpt":{"rendered":"<p><strong>Carater\u00edsticas da m\u00e1quina de corte de espuma eps de fio quente:<\/strong><\/p>\n<p>1. Esta m\u00e1quina adopta \u00f3rbita quadrada, filas duplas e blocos de esferas de quatro colunas. Grande capacidade de carga, funcionamento suave, alta precis\u00e3o e longa vida \u00fatil. Parafuso de esferas importado de alta precis\u00e3o, corte preciso.<\/p>\n<p>2. Toda a estrutura de tubo quadrado espesso e n\u00e3o deforma\u00e7\u00e3o, estrutura de a\u00e7o e soldadura cient\u00edfica, n\u00e3o deforma\u00e7\u00e3o geral.<\/p>\n<p>3. Adopta um cabo altamente flex\u00edvel e resistente \u00e0 flex\u00e3o. E importa componentes electr\u00f3nicos dur\u00e1veis. O design eletr\u00f3nico de toda a m\u00e1quina cumpre a norma europeia CE. Caixa de controlo separada com sistema de prote\u00e7\u00e3o de seguran\u00e7a fi\u00e1vel.<\/p>\n<p>4. Sistema de controlo dsp f\u00e1cil de aprender<\/p>\n<p>5. potencial do motor, alcan\u00e7ar maquina\u00e7\u00e3o a velocidade constante, curvas e linear s\u00edncrona, e a curva \u00e9 mais perfeita.<\/p>\n<p>6. motor de passo e acionamento de alta velocidade, para um funcionamento constante e est\u00e1vel<\/p>","protected":false},"featured_media":3446,"template":"","meta":{"_seopress_robots_primary_cat":"none","_seopress_titles_title":"","_seopress_titles_desc":"","_seopress_robots_index":"","_uag_custom_page_level_css":"","site-sidebar-layout":"default","site-content-layout":"default","ast-site-content-layout":"default","site-content-style":"default","site-sidebar-style":"default","ast-global-header-display":"","ast-banner-title-visibility":"","ast-main-header-display":"","ast-hfb-above-header-display":"","ast-hfb-below-header-display":"","ast-hfb-mobile-header-display":"","site-post-title":"","ast-breadcrumbs-content":"","ast-featured-img":"","footer-sml-layout":"","ast-disable-related-posts":"","theme-transparent-header-meta":"default","adv-header-id-meta":"","stick-header-meta":"default","header-above-stick-meta":"","header-main-stick-meta":"","header-below-stick-meta":"","astra-migrate-meta-layouts":"set","ast-page-background-enabled":"default","ast-page-background-meta":{"desktop":{"background-color":"","background-image":"","background-repeat":"repeat","background-position":"center center","background-size":"auto","background-attachment":"scroll","background-type":"","background-media":"","overlay-type":"","overlay-color":"","overlay-opacity":"","overlay-gradient":""},"tablet":{"background-color":"","background-image":"","background-repeat":"repeat","background-position":"center center","background-size":"auto","background-attachment":"scroll","background-type":"","background-media":"","overlay-type":"","overlay-color":"","overlay-opacity":"","overlay-gradient":""},"mobile":{"background-color":"","background-image":"","background-repeat":"repeat","background-position":"center center","background-size":"auto","background-attachment":"scroll","background-type":"","background-media":"","overlay-type":"","overlay-color":"","overlay-opacity":"","overlay-gradient":""}},"ast-content-background-meta":{"desktop":{"background-color":"var(--ast-global-color-5)","background-image":"","background-repeat":"repeat","background-position":"center center","background-size":"auto","background-attachment":"scroll","background-type":"","background-media":"","overlay-type":"","overlay-color":"","overlay-opacity":"","overlay-gradient":""},"tablet":{"background-color":"var(--ast-global-color-5)","background-image":"","background-repeat":"repeat","background-position":"center center","background-size":"auto","background-attachment":"scroll","background-type":"","background-media":"","overlay-type":"","overlay-color":"","overlay-opacity":"","overlay-gradient":""},"mobile":{"background-color":"var(--ast-global-color-5)","background-image":"","background-repeat":"repeat","background-position":"center center","background-size":"auto","background-attachment":"scroll","background-type":"","background-media":"","overlay-type":"","overlay-color":"","overlay-opacity":"","overlay-gradient":""}}},"product_brand":[],"product_cat":[43],"product_tag":[86,108,109,110,112,107,106,88,111],"class_list":{"0":"post-1211","1":"product","2":"type-product","3":"status-publish","4":"has-post-thumbnail","6":"product_cat-foam","7":"product_tag-3d-foam-cutting-machine","8":"product_tag-4-axis-hot-wire-foam-cutting-machine","9":"product_tag-5-axis-hot-wire-foam-cutter","10":"product_tag-eps-foam-cutting-machine","11":"product_tag-foam-cnc-machine","12":"product_tag-foam-cutting-machine","13":"product_tag-hot-wire-foam-cutter","14":"product_tag-hot-wire-foam-cutting-machine","15":"product_tag-styrofoam-cutting-machine","16":"desktop-align-left","17":"tablet-align-left","18":"mobile-align-left","19":"ast-product-gallery-layout-horizontal-slider","20":"ast-product-tabs-layout-horizontal","22":"first","23":"instock","24":"featured","25":"shipping-taxable","26":"purchasable","27":"product-type-simple"},"uagb_featured_image_src":{"full":["https:\/\/wisecnclaser.com\/wp-content\/uploads\/2025\/05\/3c0c618f161a1f0348350334476b28a9.jpg",800,800,false],"thumbnail":["https:\/\/wisecnclaser.com\/wp-content\/uploads\/2025\/05\/3c0c618f161a1f0348350334476b28a9-150x150.jpg",150,150,true],"medium":["https:\/\/wisecnclaser.com\/wp-content\/uploads\/2025\/05\/3c0c618f161a1f0348350334476b28a9-300x300.jpg",300,300,true],"medium_large":["https:\/\/wisecnclaser.com\/wp-content\/uploads\/2025\/05\/3c0c618f161a1f0348350334476b28a9-768x768.jpg",768,768,true],"large":["https:\/\/wisecnclaser.com\/wp-content\/uploads\/2025\/05\/3c0c618f161a1f0348350334476b28a9.jpg",800,800,false],"1536x1536":["https:\/\/wisecnclaser.com\/wp-content\/uploads\/2025\/05\/3c0c618f161a1f0348350334476b28a9.jpg",800,800,false],"2048x2048":["https:\/\/wisecnclaser.com\/wp-content\/uploads\/2025\/05\/3c0c618f161a1f0348350334476b28a9.jpg",800,800,false],"trp-custom-language-flag":["https:\/\/wisecnclaser.com\/wp-content\/uploads\/2025\/05\/3c0c618f161a1f0348350334476b28a9-12x12.jpg",12,12,true],"woocommerce_thumbnail":["https:\/\/wisecnclaser.com\/wp-content\/uploads\/2025\/05\/3c0c618f161a1f0348350334476b28a9-300x300.jpg",300,300,true],"woocommerce_single":["https:\/\/wisecnclaser.com\/wp-content\/uploads\/2025\/05\/3c0c618f161a1f0348350334476b28a9-600x600.jpg",600,600,true],"woocommerce_gallery_thumbnail":["https:\/\/wisecnclaser.com\/wp-content\/uploads\/2025\/05\/3c0c618f161a1f0348350334476b28a9-100x100.jpg",100,100,true]},"uagb_author_info":{"display_name":"jinxing6611@gmail.com","author_link":"https:\/\/wisecnclaser.com\/pt\/author\/"},"uagb_comment_info":0,"uagb_excerpt":"Features of hot wire eps foam cutting machine: 1. This machine adopts square orbit, double rows and four columns ball blocks. Large\u00a0bearing capacity, running smoothly, high precision and long life. Imported high precision\u00a0Ball screw, cutting accurate. 2. Whole thick Square tube structure and not deformation, Steel structure and scientific\u00a0welding, not deformation overall. 3. Adopts highly&hellip;","_links":{"self":[{"href":"https:\/\/wisecnclaser.com\/pt\/wp-json\/wp\/v2\/product\/1211","targetHints":{"allow":["GET"]}}],"collection":[{"href":"https:\/\/wisecnclaser.com\/pt\/wp-json\/wp\/v2\/product"}],"about":[{"href":"https:\/\/wisecnclaser.com\/pt\/wp-json\/wp\/v2\/types\/product"}],"wp:featuredmedia":[{"embeddable":true,"href":"https:\/\/wisecnclaser.com\/pt\/wp-json\/wp\/v2\/media\/3446"}],"wp:attachment":[{"href":"https:\/\/wisecnclaser.com\/pt\/wp-json\/wp\/v2\/media?parent=1211"}],"wp:term":[{"taxonomy":"product_brand","embeddable":true,"href":"https:\/\/wisecnclaser.com\/pt\/wp-json\/wp\/v2\/product_brand?post=1211"},{"taxonomy":"product_cat","embeddable":true,"href":"https:\/\/wisecnclaser.com\/pt\/wp-json\/wp\/v2\/product_cat?post=1211"},{"taxonomy":"product_tag","embeddable":true,"href":"https:\/\/wisecnclaser.com\/pt\/wp-json\/wp\/v2\/product_tag?post=1211"}],"curies":[{"name":"wp","href":"https:\/\/api.w.org\/{rel}","templated":true}]}}