{"id":1212,"date":"2025-05-20T07:32:08","date_gmt":"2025-05-20T07:32:08","guid":{"rendered":"https:\/\/wisecnclaser.com\/product\/dnk-blue-sport-shoes-2\/"},"modified":"2026-01-07T01:51:49","modified_gmt":"2026-01-07T01:51:49","slug":"dnk-blue-sport-shoes-2","status":"publish","type":"product","link":"https:\/\/wisecnclaser.com\/pt\/produto\/dnk-blue-sport-shoes-2\/","title":{"rendered":"M\u00e1quina de fresagem CNC de isopor ATC de 4 eixos WS2030"},"content":{"rendered":"<p><strong>CARACTER\u00cdSTICAS DA M\u00c1QUINA DE FRESAGEM CNC DE ESFEROVITE<\/strong><\/p>\n<p>Adotar guia linear importada de grande sec\u00e7\u00e3o transversal, auto-lubrifica\u00e7\u00e3o sem manuten\u00e7\u00e3o ao longo da vida<\/p>\n<p>Com eixo de troca autom\u00e1tica de ferramentas, a velocidade m\u00e1xima do eixo atinge 24000 RPM.<\/p>\n<p>Toda a bancada de trabalho EPC, ap\u00f3s um recozimento rigoroso e outros processos de tratamento t\u00e9rmico, assegura a estabilidade estrutural e a rigidez da cama.<\/p>\n<p>Sistema SYNTEC de Taiwan, funcionamento seguro e fi\u00e1vel, velocidade de leitura de c\u00f3digo eficiente, e com fun\u00e7\u00e3o de simula\u00e7\u00e3o em linha, fun\u00e7\u00e3o de monitoriza\u00e7\u00e3o em linha, para garantir o processamento eficiente e seguro.<\/p>\n<p>&nbsp;<\/p>\n<p><strong>APLICA\u00c7\u00c3O DA M\u00c1QUINA DE FRESAGEM CNC DE 4 EIXOS EM ESFEROVITE<\/strong><\/p>\n<p>Madeira, EPS, esponja, material de espuma pl\u00e1stica de polipropileno (EPP).<\/p>\n<p>Ind\u00fastria de moldes: Grava todos os tipos de moldes n\u00e3o met\u00e1licos de grandes dimens\u00f5es, especialmente moldes de espuma para autom\u00f3veis.<\/p>\n<p>Ind\u00fastria de instrumentos musicais: Gravar instrumentos de grandes dimens\u00f5es em 3D e moldar.<\/p>\n<p>&nbsp;<\/p>\n<p>&nbsp;<\/p>\n<table border=\"1\">\n<tbody>\n<tr class=\"firstRow\">\n<td colspan=\"2\" valign=\"center\" width=\"662\"><strong>Par\u00e2metro t\u00e9cnico da Fresadora CNC de isopor ATC de 4 eixos:<\/strong><\/td>\n<\/tr>\n<tr>\n<td valign=\"top\" width=\"201\">X \u00c1rea de trabalho<\/td>\n<td valign=\"top\" width=\"462\">2000mm (largura de trabalho de 3 eixos), 1200mm (largura de trabalho do eixo ondulante de 4 eixos)<\/td>\n<\/tr>\n<tr>\n<td valign=\"top\" width=\"201\">Y \u00c1rea de trabalho<\/td>\n<td valign=\"top\" width=\"462\">3000mm (comprimento de trabalho de 3 eixos)<\/td>\n<\/tr>\n<tr>\n<td valign=\"top\" width=\"201\">Z \u00c1rea de trabalho<\/td>\n<td valign=\"top\" width=\"462\">1000mm (altura de trabalho)<\/td>\n<\/tr>\n<tr>\n<td valign=\"top\" width=\"201\">Tamanho rotativo de 4 eixos<\/td>\n<td valign=\"top\" width=\"462\">600 mm de di\u00e2metro*2000 mm de comprimento<\/td>\n<\/tr>\n<tr>\n<td valign=\"top\" width=\"201\">Mesa da m\u00e1quina<\/td>\n<td valign=\"top\" width=\"462\">Mesa de alum\u00ednio espesso<\/td>\n<\/tr>\n<tr>\n<td valign=\"top\" width=\"201\">Reposicionamento Precis\u00e3o do posicionamento<\/td>\n<td valign=\"top\" width=\"462\">\u00b10,05mm<\/td>\n<\/tr>\n<tr>\n<td valign=\"top\" width=\"201\">X,Y ,Z Estrutura<\/td>\n<td valign=\"top\" width=\"462\">Roda dentada XY, parafuso esf\u00e9rico de alta precis\u00e3o Z Taiwan. Todos os eixos usam Taiwan 30 tamanho Square Guide<\/td>\n<\/tr>\n<tr>\n<td valign=\"top\" width=\"201\">Carater\u00edsticas do fuso<\/td>\n<td valign=\"top\" width=\"462\">Funcionamento com oscila\u00e7\u00e3o de +\/-90 graus<\/td>\n<\/tr>\n<tr>\n<td valign=\"top\" width=\"201\">Velocidade de alimenta\u00e7\u00e3o r\u00e1pida<\/td>\n<td valign=\"top\" width=\"462\">Eixo X 12000mm\/min Eixo Y 12000mm\/min Z 6000mm\/min<\/td>\n<\/tr>\n<tr>\n<td valign=\"top\" width=\"201\">Velocidade de alimenta\u00e7\u00e3o<\/td>\n<td valign=\"top\" width=\"462\">1-10000mm\/min<\/td>\n<\/tr>\n<tr>\n<td valign=\"top\" width=\"201\">Fuso<\/td>\n<td valign=\"top\" width=\"462\">HQD 9KW fuso ATC refrigerado a ar + fun\u00e7\u00e3o de oscila\u00e7\u00e3o, se necess\u00e1rio atc, mudar\u00e1 para 9kw fuso atc refrigerado a ar<\/td>\n<\/tr>\n<tr>\n<td valign=\"top\" width=\"201\">Velocidade do fuso<\/td>\n<td valign=\"top\" width=\"462\">100-18000rpm<\/td>\n<\/tr>\n<tr>\n<td valign=\"top\" width=\"201\">Motor de acionamento<\/td>\n<td valign=\"top\" width=\"462\">Jap\u00e3o Marca Yaskawa<\/td>\n<\/tr>\n<tr>\n<td valign=\"top\" width=\"201\">Comando<\/td>\n<td valign=\"top\" width=\"462\">C\u00f3digo G*.u00*.mmg*.plt<\/td>\n<\/tr>\n<tr>\n<td valign=\"top\" width=\"201\">Tens\u00e3o de funcionamento<\/td>\n<td valign=\"top\" width=\"462\">3PH AC380V\/50Hz<\/td>\n<\/tr>\n<tr>\n<td valign=\"top\" width=\"201\">Sistema de controlo<\/td>\n<td valign=\"top\" width=\"462\">Controlador Syntec de Taiwan 4 eixos<\/td>\n<\/tr>\n<tr>\n<td valign=\"top\" width=\"201\">Carril de guia<\/td>\n<td valign=\"top\" width=\"462\">Calha quadrada de tamanho 30 de Taiwan<\/td>\n<\/tr>\n<tr>\n<td valign=\"top\" width=\"201\">Trocador autom\u00e1tico de ferramentas<\/td>\n<td valign=\"top\" width=\"462\">12 ferramentas em linha<\/td>\n<\/tr>\n<tr>\n<td valign=\"top\" width=\"201\">Inversor<\/td>\n<td valign=\"top\" width=\"462\">Marca chinesa 11KW<\/td>\n<\/tr>\n<tr>\n<td valign=\"top\" width=\"201\">Roda dentada<\/td>\n<td valign=\"top\" width=\"462\">Pinh\u00e3o de cremalheira de alta precis\u00e3o,<\/td>\n<\/tr>\n<tr>\n<td valign=\"top\" width=\"201\">Estrutura da m\u00e1quina<\/td>\n<td valign=\"top\" width=\"462\">estrutura de a\u00e7o espessa<\/td>\n<\/tr>\n<tr>\n<td valign=\"top\" width=\"201\">Software<\/td>\n<td valign=\"top\" width=\"462\">Moinho de for\u00e7a<\/td>\n<\/tr>\n<\/tbody>\n<\/table>\n<div class=\"ast-oembed-container\" style=\"height: 100%;\"><iframe title=\"ATC 4 eixos espuma cnc router styrofoam fresa router cnc m\u00e1quina #foamcncrouter #4axiscncrouter\" width=\"500\" height=\"281\" src=\"https:\/\/www.youtube.com\/embed\/xBzPLgT1edg?feature=oembed\" frameborder=\"0\" allow=\"accelerometer; autoplay; clipboard-write; encrypted-media; gyroscope; picture-in-picture; web-share\" referrerpolicy=\"strict-origin-when-cross-origin\" allowfullscreen><\/iframe><\/div>","protected":false},"excerpt":{"rendered":"<p><strong>CARACTER\u00cdSTICAS DA M\u00c1QUINA DE FRESAGEM CNC DE ESFEROVITE<\/strong><\/p>\n<p>Adotar guia linear importada de grande sec\u00e7\u00e3o transversal, auto-lubrifica\u00e7\u00e3o sem manuten\u00e7\u00e3o ao longo da vida<\/p>\n<p>Com eixo de troca autom\u00e1tica de ferramentas, a velocidade m\u00e1xima do eixo atinge 24000 RPM.<\/p>\n<p>Toda a bancada de trabalho EPC, ap\u00f3s um recozimento rigoroso e outros processos de tratamento t\u00e9rmico, assegura a estabilidade estrutural e a rigidez da cama.<\/p>\n<p>Sistema SYNTEC de Taiwan, funcionamento seguro e fi\u00e1vel, velocidade de leitura de c\u00f3digo eficiente, e com fun\u00e7\u00e3o de simula\u00e7\u00e3o em linha, fun\u00e7\u00e3o de monitoriza\u00e7\u00e3o em linha, para garantir o processamento eficiente e seguro.<\/p>\n<p>&nbsp;<\/p>","protected":false},"featured_media":3464,"template":"","meta":{"_seopress_robots_primary_cat":"none","_seopress_titles_title":"","_seopress_titles_desc":"","_seopress_robots_index":"","_uag_custom_page_level_css":"","site-sidebar-layout":"default","site-content-layout":"default","ast-site-content-layout":"default","site-content-style":"default","site-sidebar-style":"default","ast-global-header-display":"","ast-banner-title-visibility":"","ast-main-header-display":"","ast-hfb-above-header-display":"","ast-hfb-below-header-display":"","ast-hfb-mobile-header-display":"","site-post-title":"","ast-breadcrumbs-content":"","ast-featured-img":"","footer-sml-layout":"","ast-disable-related-posts":"","theme-transparent-header-meta":"default","adv-header-id-meta":"","stick-header-meta":"default","header-above-stick-meta":"","header-main-stick-meta":"","header-below-stick-meta":"","astra-migrate-meta-layouts":"set","ast-page-background-enabled":"default","ast-page-background-meta":{"desktop":{"background-color":"","background-image":"","background-repeat":"repeat","background-position":"center center","background-size":"auto","background-attachment":"scroll","background-type":"","background-media":"","overlay-type":"","overlay-color":"","overlay-opacity":"","overlay-gradient":""},"tablet":{"background-color":"","background-image":"","background-repeat":"repeat","background-position":"center center","background-size":"auto","background-attachment":"scroll","background-type":"","background-media":"","overlay-type":"","overlay-color":"","overlay-opacity":"","overlay-gradient":""},"mobile":{"background-color":"","background-image":"","background-repeat":"repeat","background-position":"center center","background-size":"auto","background-attachment":"scroll","background-type":"","background-media":"","overlay-type":"","overlay-color":"","overlay-opacity":"","overlay-gradient":""}},"ast-content-background-meta":{"desktop":{"background-color":"var(--ast-global-color-5)","background-image":"","background-repeat":"repeat","background-position":"center center","background-size":"auto","background-attachment":"scroll","background-type":"","background-media":"","overlay-type":"","overlay-color":"","overlay-opacity":"","overlay-gradient":""},"tablet":{"background-color":"var(--ast-global-color-5)","background-image":"","background-repeat":"repeat","background-position":"center center","background-size":"auto","background-attachment":"scroll","background-type":"","background-media":"","overlay-type":"","overlay-color":"","overlay-opacity":"","overlay-gradient":""},"mobile":{"background-color":"var(--ast-global-color-5)","background-image":"","background-repeat":"repeat","background-position":"center center","background-size":"auto","background-attachment":"scroll","background-type":"","background-media":"","overlay-type":"","overlay-color":"","overlay-opacity":"","overlay-gradient":""}}},"product_brand":[],"product_cat":[43],"product_tag":[227,226,225,228],"class_list":{"0":"post-1212","1":"product","2":"type-product","3":"status-publish","4":"has-post-thumbnail","6":"product_cat-foam","7":"product_tag-4-axis-foam-machine","8":"product_tag-atc-foam-cnc-machine","9":"product_tag-atc-styrofoam-cnc-router","10":"product_tag-styrofoam-machine","11":"desktop-align-left","12":"tablet-align-left","13":"mobile-align-left","14":"ast-product-gallery-layout-horizontal-slider","15":"ast-product-gallery-with-no-image","16":"ast-product-tabs-layout-horizontal","18":"first","19":"instock","20":"sale","21":"featured","22":"shipping-taxable","23":"purchasable","24":"product-type-simple"},"uagb_featured_image_src":{"full":["https:\/\/wisecnclaser.com\/wp-content\/uploads\/2025\/05\/6b5e4dc8780330699468f139bc5e6a1d.jpg",800,800,false],"thumbnail":["https:\/\/wisecnclaser.com\/wp-content\/uploads\/2025\/05\/6b5e4dc8780330699468f139bc5e6a1d-150x150.jpg",150,150,true],"medium":["https:\/\/wisecnclaser.com\/wp-content\/uploads\/2025\/05\/6b5e4dc8780330699468f139bc5e6a1d-300x300.jpg",300,300,true],"medium_large":["https:\/\/wisecnclaser.com\/wp-content\/uploads\/2025\/05\/6b5e4dc8780330699468f139bc5e6a1d-768x768.jpg",768,768,true],"large":["https:\/\/wisecnclaser.com\/wp-content\/uploads\/2025\/05\/6b5e4dc8780330699468f139bc5e6a1d.jpg",800,800,false],"1536x1536":["https:\/\/wisecnclaser.com\/wp-content\/uploads\/2025\/05\/6b5e4dc8780330699468f139bc5e6a1d.jpg",800,800,false],"2048x2048":["https:\/\/wisecnclaser.com\/wp-content\/uploads\/2025\/05\/6b5e4dc8780330699468f139bc5e6a1d.jpg",800,800,false],"trp-custom-language-flag":["https:\/\/wisecnclaser.com\/wp-content\/uploads\/2025\/05\/6b5e4dc8780330699468f139bc5e6a1d-12x12.jpg",12,12,true],"woocommerce_thumbnail":["https:\/\/wisecnclaser.com\/wp-content\/uploads\/2025\/05\/6b5e4dc8780330699468f139bc5e6a1d-300x300.jpg",300,300,true],"woocommerce_single":["https:\/\/wisecnclaser.com\/wp-content\/uploads\/2025\/05\/6b5e4dc8780330699468f139bc5e6a1d-600x600.jpg",600,600,true],"woocommerce_gallery_thumbnail":["https:\/\/wisecnclaser.com\/wp-content\/uploads\/2025\/05\/6b5e4dc8780330699468f139bc5e6a1d-100x100.jpg",100,100,true]},"uagb_author_info":{"display_name":"jinxing6611@gmail.com","author_link":"https:\/\/wisecnclaser.com\/pt\/author\/"},"uagb_comment_info":0,"uagb_excerpt":"FEATURES OF STYROFOAM CNC MILLING MACHINE Adopt large cross-section imported linear guide, lifelong maintenance-free self-lubrication With automatic tools changing spindle, the maximum speed of spindle reaches 24000 RPM. The whole EPC workbench, after strict annealing and other heat treatment processes, ensures the structural stability and rigidity of the bed. Taiwan SYNTEC system, safe and reliable&hellip;","_links":{"self":[{"href":"https:\/\/wisecnclaser.com\/pt\/wp-json\/wp\/v2\/product\/1212","targetHints":{"allow":["GET"]}}],"collection":[{"href":"https:\/\/wisecnclaser.com\/pt\/wp-json\/wp\/v2\/product"}],"about":[{"href":"https:\/\/wisecnclaser.com\/pt\/wp-json\/wp\/v2\/types\/product"}],"wp:featuredmedia":[{"embeddable":true,"href":"https:\/\/wisecnclaser.com\/pt\/wp-json\/wp\/v2\/media\/3464"}],"wp:attachment":[{"href":"https:\/\/wisecnclaser.com\/pt\/wp-json\/wp\/v2\/media?parent=1212"}],"wp:term":[{"taxonomy":"product_brand","embeddable":true,"href":"https:\/\/wisecnclaser.com\/pt\/wp-json\/wp\/v2\/product_brand?post=1212"},{"taxonomy":"product_cat","embeddable":true,"href":"https:\/\/wisecnclaser.com\/pt\/wp-json\/wp\/v2\/product_cat?post=1212"},{"taxonomy":"product_tag","embeddable":true,"href":"https:\/\/wisecnclaser.com\/pt\/wp-json\/wp\/v2\/product_tag?post=1212"}],"curies":[{"name":"wp","href":"https:\/\/api.w.org\/{rel}","templated":true}]}}