{"id":1213,"date":"2025-05-20T07:32:08","date_gmt":"2025-05-20T07:32:08","guid":{"rendered":"https:\/\/wisecnclaser.com\/product\/dnk-black-sports-shoes\/"},"modified":"2026-01-08T03:00:41","modified_gmt":"2026-01-08T03:00:41","slug":"dnk-black-sports-shoes","status":"publish","type":"product","link":"https:\/\/wisecnclaser.com\/pt\/produto\/dnk-black-sports-shoes\/","title":{"rendered":"M\u00e1quina de fresagem CNC para moldes de madeira WS2030"},"content":{"rendered":"<p><strong>Aplica\u00e7\u00e3o da m\u00e1quina de corte de moldes de madeira cnc<\/strong><\/p>\n<p>Madeira, EPS, material de espuma pl\u00e1stica de polipropileno (EPP).<\/p>\n<p>Ind\u00fastria de moldes: Grava todos os tipos de grandes moldes n\u00e3o met\u00e1licos, especialmente moldes de espuma para autom\u00f3veis, moldes para navios de madeira, moldes de madeira para avia\u00e7\u00e3o e comboios. Modelos de madeira fundida para v\u00e1rias fundi\u00e7\u00f5es mec\u00e2nicas, tais como navios, energia e\u00f3lica, m\u00e1quinas-ferramentas, m\u00e1quinas de moldagem por inje\u00e7\u00e3o, m\u00e1quinas de impress\u00e3o, etc. Design industrial de autom\u00f3veis, iates, avi\u00f5es, etc. Moldes rotativos, moldes de inje\u00e7\u00e3o, processamento de materiais decorativos para paredes exteriores GRG\/GRC, etc. Ind\u00fastria de instrumentos musicais: Grava\u00e7\u00e3o de instrumentos de grande porte em 3D e modela\u00e7\u00e3o.<\/p>\n<p><strong>Carater\u00edsticas da m\u00e1quina de fazer moldes de madeira cnc:<\/strong><\/p>\n<p>1,Toda a m\u00e1quina adopta o processo de montagem quadr\u00e1tica, a precis\u00e3o mec\u00e2nica \u00e9 determinada pela primeira montagem, e a montagem secund\u00e1ria entra no processo de inspe\u00e7\u00e3o de qualidade. Todo o leito \u00e9 tratado por envelhecimento, e todas as pe\u00e7as de ferro fundido s\u00e3o temperadas e refor\u00e7adas.<\/p>\n<p>2,Toda a m\u00e1quina \u00e9 instalada e ajustada pelo medidor de percentil para garantir a precis\u00e3o do posicionamento secund\u00e1rio no processamento positivo e negativo.<\/p>\n<p>3, Taiwan trilho de guia quadrado de alta precis\u00e3o tem alta precis\u00e3o, longa vida \u00fatil, grande superf\u00edcie de contacto e forte capacidade de carga. A tecnologia de carril vertical pode garantir uma melhor estabilidade de funcionamento.<\/p>\n<p>4,Os componentes el\u00e9ctricos importantes no arm\u00e1rio de controlo s\u00e3o marcas bem conhecidas, que t\u00eam uma forte resist\u00eancia ao impacto, anti-interfer\u00eancia, \u00e0 prova de humidade e estabilidade, asseguram o processamento est\u00e1vel e o funcionamento do equipamento durante muito tempo.<\/p>\n<p>5, toda a mesa de trabalho de fundi\u00e7\u00e3o EPC, ap\u00f3s recozimento rigoroso e outro processo de tratamento t\u00e9rmico, garante a estabilidade estrutural e a rigidez da cama.<\/p>\n<p>6, sistema Syntec de Taiwan, opera\u00e7\u00e3o segura e fi\u00e1vel, velocidade de leitura de c\u00f3digo altamente eficiente, e tem fun\u00e7\u00e3o de simula\u00e7\u00e3o em linha, fun\u00e7\u00e3o de monitoriza\u00e7\u00e3o em linha, para garantir a efici\u00eancia e o processamento seguro.<\/p>\n<table border=\"1\" width=\"662\">\n<tbody>\n<tr class=\"firstRow\">\n<td colspan=\"2\" valign=\"center\" width=\"662\"><strong>Descri\u00e7\u00e3o e especifica\u00e7\u00f5es da m\u00e1quina de corte de padr\u00e3o de espuma de madeira cnc:<\/strong><\/td>\n<\/tr>\n<tr>\n<td valign=\"top\" width=\"238\">X \u00c1rea de trabalho<\/td>\n<td valign=\"top\" width=\"424\">2000mm<\/td>\n<\/tr>\n<tr>\n<td valign=\"top\" width=\"238\">Y \u00c1rea de trabalho<\/td>\n<td valign=\"top\" width=\"424\">3000mm<\/td>\n<\/tr>\n<tr>\n<td valign=\"top\" width=\"238\">Z \u00c1rea de trabalho<\/td>\n<td valign=\"top\" width=\"424\">600 mm<\/td>\n<\/tr>\n<tr>\n<td valign=\"top\" width=\"238\">Estrutura da m\u00e1quina<\/td>\n<td valign=\"top\" width=\"424\">Ferro fundido de alta resist\u00eancia<\/td>\n<\/tr>\n<tr>\n<td valign=\"top\" width=\"238\">Mesa da m\u00e1quina<\/td>\n<td valign=\"top\" width=\"424\">Mesa resistente em ferro fundido<\/td>\n<\/tr>\n<tr>\n<td valign=\"top\" width=\"238\">Reposicionamento Precis\u00e3o do posicionamento<\/td>\n<td valign=\"top\" width=\"424\">\u00b10,05mm<\/td>\n<\/tr>\n<tr>\n<td valign=\"top\" width=\"238\">X,Y ,Z Estrutura<\/td>\n<td valign=\"top\" width=\"424\">Roda dentada XY, parafuso esf\u00e9rico de alta precis\u00e3o Z Taiwan. Todos os eixos usam Taiwan 30 tamanho Square Guide<\/td>\n<\/tr>\n<tr>\n<td valign=\"top\" width=\"238\">Velocidade de alimenta\u00e7\u00e3o r\u00e1pida<\/td>\n<td valign=\"top\" width=\"424\">Eixo X 12000mm\/min Eixo Y 12000mm\/min Z 6000mm\/min<\/td>\n<\/tr>\n<tr>\n<td valign=\"top\" width=\"238\">Velocidade de alimenta\u00e7\u00e3o<\/td>\n<td valign=\"top\" width=\"424\">1-10000mm\/min<\/td>\n<\/tr>\n<tr>\n<td valign=\"top\" width=\"238\">Fuso<\/td>\n<td valign=\"top\" width=\"424\">Fuso de arrefecimento a \u00e1gua de 7,5KW<\/td>\n<\/tr>\n<tr>\n<td valign=\"top\" width=\"238\">Velocidade do fuso<\/td>\n<td valign=\"top\" width=\"424\">100-24000rpm<\/td>\n<\/tr>\n<tr>\n<td valign=\"top\" width=\"238\">Motor de acionamento<\/td>\n<td valign=\"top\" width=\"424\">Sistema Yaskawa Servo do Jap\u00e3o<\/td>\n<\/tr>\n<tr>\n<td valign=\"top\" width=\"238\">Sistema de controlo<\/td>\n<td valign=\"top\" width=\"424\">Sistema de controlo Syntec de Taiwan<\/td>\n<\/tr>\n<tr>\n<td valign=\"top\" width=\"238\">Carril de guia<\/td>\n<td valign=\"top\" width=\"424\">Calha quadrada de tamanho 30 de Taiwan<\/td>\n<\/tr>\n<tr>\n<td valign=\"top\" width=\"238\">Dpi<\/td>\n<td valign=\"top\" width=\"424\">+\/-0.004<\/td>\n<\/tr>\n<tr>\n<td valign=\"top\" width=\"238\">Inversor<\/td>\n<td valign=\"top\" width=\"424\">Marca Delta de Taiwan 7,5KW<\/td>\n<\/tr>\n<tr>\n<td valign=\"top\" width=\"238\">Roda dentada<\/td>\n<td valign=\"top\" width=\"424\">Pinh\u00e3o de cremalheira de alta precis\u00e3o,<\/td>\n<\/tr>\n<tr>\n<td valign=\"top\" width=\"238\">Estrutura da m\u00e1quina<\/td>\n<td valign=\"top\" width=\"424\">estrutura de a\u00e7o espessa<\/td>\n<\/tr>\n<tr>\n<td valign=\"top\" width=\"238\">Software<\/td>\n<td valign=\"top\" width=\"424\">Tipo3\/Ucancam\/Artcam<\/td>\n<\/tr>\n<tr>\n<td valign=\"top\" width=\"238\">Comando<\/td>\n<td valign=\"top\" width=\"424\">C\u00f3digo G*.u00*.mmg*.plt<\/td>\n<\/tr>\n<tr>\n<td valign=\"top\" width=\"238\">Tens\u00e3o de funcionamento<\/td>\n<td valign=\"top\" width=\"424\">3PH AC380V\/50Hz<\/td>\n<\/tr>\n<\/tbody>\n<\/table>\n<p>&nbsp;<\/p>\n<div class=\"ast-oembed-container\" style=\"height: 100%;\"><iframe title=\"M\u00e1quina de fresagem cnc para moldes de madeira, m\u00e1quina de fresagem cnc para moldes de madeira, fresadora cnc para madeira\" width=\"422\" height=\"750\" src=\"https:\/\/www.youtube.com\/embed\/j8cpza-D4k4?feature=oembed\" frameborder=\"0\" allow=\"accelerometer; autoplay; clipboard-write; encrypted-media; gyroscope; picture-in-picture; web-share\" referrerpolicy=\"strict-origin-when-cross-origin\" allowfullscreen><\/iframe><\/div>","protected":false},"excerpt":{"rendered":"<p><strong>Aplica\u00e7\u00e3o da m\u00e1quina de corte de moldes de madeira cnc<\/strong><\/p>\n<p>Madeira, EPS, material de espuma pl\u00e1stica de polipropileno (EPP).<\/p>\n<p>Ind\u00fastria de moldes: Grava todos os tipos de grandes moldes n\u00e3o met\u00e1licos, especialmente moldes de espuma para autom\u00f3veis, moldes para navios de madeira, moldes de madeira para avia\u00e7\u00e3o e comboios. Modelos de madeira fundida para v\u00e1rias fundi\u00e7\u00f5es mec\u00e2nicas, tais como navios, energia e\u00f3lica, m\u00e1quinas-ferramentas, m\u00e1quinas de moldagem por inje\u00e7\u00e3o, m\u00e1quinas de impress\u00e3o, etc. Design industrial de autom\u00f3veis, iates, avi\u00f5es, etc. Moldes rotativos, moldes de inje\u00e7\u00e3o, processamento de materiais decorativos para paredes exteriores GRG\/GRC, etc. Ind\u00fastria de instrumentos musicais: Grava\u00e7\u00e3o de instrumentos de grande porte em 3D e modela\u00e7\u00e3o.<\/p>","protected":false},"featured_media":3467,"template":"","meta":{"_seopress_robots_primary_cat":"none","_seopress_titles_title":"","_seopress_titles_desc":"","_seopress_robots_index":"","_uag_custom_page_level_css":"","site-sidebar-layout":"default","site-content-layout":"default","ast-site-content-layout":"default","site-content-style":"default","site-sidebar-style":"default","ast-global-header-display":"","ast-banner-title-visibility":"","ast-main-header-display":"","ast-hfb-above-header-display":"","ast-hfb-below-header-display":"","ast-hfb-mobile-header-display":"","site-post-title":"","ast-breadcrumbs-content":"","ast-featured-img":"","footer-sml-layout":"","ast-disable-related-posts":"","theme-transparent-header-meta":"default","adv-header-id-meta":"","stick-header-meta":"default","header-above-stick-meta":"","header-main-stick-meta":"","header-below-stick-meta":"","astra-migrate-meta-layouts":"set","ast-page-background-enabled":"default","ast-page-background-meta":{"desktop":{"background-color":"","background-image":"","background-repeat":"repeat","background-position":"center center","background-size":"auto","background-attachment":"scroll","background-type":"","background-media":"","overlay-type":"","overlay-color":"","overlay-opacity":"","overlay-gradient":""},"tablet":{"background-color":"","background-image":"","background-repeat":"repeat","background-position":"center center","background-size":"auto","background-attachment":"scroll","background-type":"","background-media":"","overlay-type":"","overlay-color":"","overlay-opacity":"","overlay-gradient":""},"mobile":{"background-color":"","background-image":"","background-repeat":"repeat","background-position":"center center","background-size":"auto","background-attachment":"scroll","background-type":"","background-media":"","overlay-type":"","overlay-color":"","overlay-opacity":"","overlay-gradient":""}},"ast-content-background-meta":{"desktop":{"background-color":"var(--ast-global-color-5)","background-image":"","background-repeat":"repeat","background-position":"center center","background-size":"auto","background-attachment":"scroll","background-type":"","background-media":"","overlay-type":"","overlay-color":"","overlay-opacity":"","overlay-gradient":""},"tablet":{"background-color":"var(--ast-global-color-5)","background-image":"","background-repeat":"repeat","background-position":"center center","background-size":"auto","background-attachment":"scroll","background-type":"","background-media":"","overlay-type":"","overlay-color":"","overlay-opacity":"","overlay-gradient":""},"mobile":{"background-color":"var(--ast-global-color-5)","background-image":"","background-repeat":"repeat","background-position":"center center","background-size":"auto","background-attachment":"scroll","background-type":"","background-media":"","overlay-type":"","overlay-color":"","overlay-opacity":"","overlay-gradient":""}}},"product_brand":[],"product_cat":[43],"product_tag":[],"class_list":{"0":"post-1213","1":"product","2":"type-product","3":"status-publish","4":"has-post-thumbnail","6":"product_cat-foam","7":"desktop-align-left","8":"tablet-align-left","9":"mobile-align-left","10":"ast-product-gallery-layout-horizontal-slider","11":"ast-product-gallery-with-no-image","12":"ast-product-tabs-layout-horizontal","14":"first","15":"instock","16":"shipping-taxable","17":"purchasable","18":"product-type-simple"},"uagb_featured_image_src":{"full":["https:\/\/wisecnclaser.com\/wp-content\/uploads\/2025\/05\/a00bfa62e4bc448083076bd356d2e8a6.jpg",800,800,false],"thumbnail":["https:\/\/wisecnclaser.com\/wp-content\/uploads\/2025\/05\/a00bfa62e4bc448083076bd356d2e8a6-150x150.jpg",150,150,true],"medium":["https:\/\/wisecnclaser.com\/wp-content\/uploads\/2025\/05\/a00bfa62e4bc448083076bd356d2e8a6-300x300.jpg",300,300,true],"medium_large":["https:\/\/wisecnclaser.com\/wp-content\/uploads\/2025\/05\/a00bfa62e4bc448083076bd356d2e8a6-768x768.jpg",768,768,true],"large":["https:\/\/wisecnclaser.com\/wp-content\/uploads\/2025\/05\/a00bfa62e4bc448083076bd356d2e8a6.jpg",800,800,false],"1536x1536":["https:\/\/wisecnclaser.com\/wp-content\/uploads\/2025\/05\/a00bfa62e4bc448083076bd356d2e8a6.jpg",800,800,false],"2048x2048":["https:\/\/wisecnclaser.com\/wp-content\/uploads\/2025\/05\/a00bfa62e4bc448083076bd356d2e8a6.jpg",800,800,false],"trp-custom-language-flag":["https:\/\/wisecnclaser.com\/wp-content\/uploads\/2025\/05\/a00bfa62e4bc448083076bd356d2e8a6-12x12.jpg",12,12,true],"woocommerce_thumbnail":["https:\/\/wisecnclaser.com\/wp-content\/uploads\/2025\/05\/a00bfa62e4bc448083076bd356d2e8a6-300x300.jpg",300,300,true],"woocommerce_single":["https:\/\/wisecnclaser.com\/wp-content\/uploads\/2025\/05\/a00bfa62e4bc448083076bd356d2e8a6-600x600.jpg",600,600,true],"woocommerce_gallery_thumbnail":["https:\/\/wisecnclaser.com\/wp-content\/uploads\/2025\/05\/a00bfa62e4bc448083076bd356d2e8a6-100x100.jpg",100,100,true]},"uagb_author_info":{"display_name":"jinxing6611@gmail.com","author_link":"https:\/\/wisecnclaser.com\/pt\/author\/"},"uagb_comment_info":0,"uagb_excerpt":"Application of cnc wood mold pattern cutting machine Wood, EPS, Polypropylene plastic foam material (EPP). Molds industry: It engraves all kinds of large nonmetallic molds, especially automotive foam molds, wooden ships molds, aviation and train wood molds.\u00a0Casting wood models for various mechanical castings, such as ships, wind power, machine tools, injection molding machinery, printing machinery,&hellip;","_links":{"self":[{"href":"https:\/\/wisecnclaser.com\/pt\/wp-json\/wp\/v2\/product\/1213","targetHints":{"allow":["GET"]}}],"collection":[{"href":"https:\/\/wisecnclaser.com\/pt\/wp-json\/wp\/v2\/product"}],"about":[{"href":"https:\/\/wisecnclaser.com\/pt\/wp-json\/wp\/v2\/types\/product"}],"wp:featuredmedia":[{"embeddable":true,"href":"https:\/\/wisecnclaser.com\/pt\/wp-json\/wp\/v2\/media\/3467"}],"wp:attachment":[{"href":"https:\/\/wisecnclaser.com\/pt\/wp-json\/wp\/v2\/media?parent=1213"}],"wp:term":[{"taxonomy":"product_brand","embeddable":true,"href":"https:\/\/wisecnclaser.com\/pt\/wp-json\/wp\/v2\/product_brand?post=1213"},{"taxonomy":"product_cat","embeddable":true,"href":"https:\/\/wisecnclaser.com\/pt\/wp-json\/wp\/v2\/product_cat?post=1213"},{"taxonomy":"product_tag","embeddable":true,"href":"https:\/\/wisecnclaser.com\/pt\/wp-json\/wp\/v2\/product_tag?post=1213"}],"curies":[{"name":"wp","href":"https:\/\/api.w.org\/{rel}","templated":true}]}}