{"id":3477,"date":"2025-05-22T13:41:37","date_gmt":"2025-05-22T13:41:37","guid":{"rendered":"https:\/\/wisecnclaser.com\/?post_type=product&#038;p=3477"},"modified":"2025-05-23T02:51:31","modified_gmt":"2025-05-23T02:51:31","slug":"ws1625-cnc-flatbed-cutter-plotter-for-carton-box-sample-making","status":"publish","type":"product","link":"https:\/\/wisecnclaser.com\/pt\/produto\/ws1625-cnc-flatbed-cutter-plotter-for-carton-box-sample-making\/","title":{"rendered":"WS1625 Plotter de corte plano CNC para fabrica\u00e7\u00e3o de amostras de caixas de papel\u00e3o"},"content":{"rendered":"<p><strong>Aplica\u00e7\u00e3o da m\u00e1quina plotter de corte de cart\u00e3o plano:<\/strong><\/p>\n<p>Principalmente para o fabrico de caixas de cart\u00e3o, embalagens de cart\u00e3o, para o processamento de cart\u00e3o ondulado de parede dupla e tripla, aplicado no fabrico de caixas de cart\u00e3o<\/p>\n<p><strong>Materiais de corte:\u00a0<\/strong>cart\u00e3o canelado, cart\u00e3o de papel, cart\u00e3o ondulado de pl\u00e1stico, cart\u00e3o alveolar, cart\u00e3o de papel<\/p>\n<p><strong>M\u00e9todo de trabalho:<\/strong><\/p>\n<p>O ficheiro gr\u00e1fico \u00e9 processado por um software profissional, o ficheiro gr\u00e1fico inclui o tipo de linha de indenta\u00e7\u00e3o e o tipo de linha de corte (papel ondulado\/cart\u00e3o\/papel pel\u00edcula) necess\u00e1rios para a amostra de caixa real, e pode tamb\u00e9m incluir dimensionamento, anota\u00e7\u00f5es de documentos, etc. (cart\u00e3o\/papel pel\u00edcula) Etc.), de acordo com as necessidades reais, instalar diferentes ferramentas de corte\/rodas de aumento\/ferramentas de desenho, e envi\u00e1-las para a m\u00e1quina de plotter de mesa num determinado formato atrav\u00e9s da rede ou da linha de dados, e a m\u00e1quina reconhecer\u00e1 automaticamente os v\u00e1rios tipos de linha nos gr\u00e1ficos e selecionar\u00e1 os correspondentes. A ferramenta (faca vibrat\u00f3ria\/roda de aumentar\/caneta) \u00e9 ajustada de acordo com os par\u00e2metros correspondentes, tais como velocidade de trabalho, tipo de ferramenta, profundidade de corte da l\u00e2mina, profundidade de indenta\u00e7\u00e3o, etc., para completar a amostra de caixa ou o desenho.<\/p>\n<p><strong>Ferramentas necess\u00e1rias:<\/strong><\/p>\n<p>&nbsp;<\/p>\n<p>Cabe\u00e7a de corte vibrat\u00f3ria: corte de cart\u00e3o canelado, EVA, algod\u00e3o p\u00e9rola, placa de espuma, etc.<\/p>\n<p>Cabe\u00e7a plana: Cortar cart\u00e3o canelado E-pit, F-pit e cart\u00e3o cinzento.<\/p>\n<p>Roda de cravar: linha de vinco do cart\u00e3o canelado.<\/p>\n<p>Cabe\u00e7a de corte pequena: cortar papel de cart\u00e3o.<\/p>\n<p>Caneta: Desenhar um mapa do dado.<\/p>\n<p>Algumas m\u00e1quinas de prova de cart\u00e3o tamb\u00e9m est\u00e3o equipadas com: cabe\u00e7a de corte de modelo de faca, cabe\u00e7a de corte de molde inferior, cabe\u00e7a de corte de ranhura em V<\/p>\n<p>&nbsp;<\/p>\n<table border=\"1\">\n<tbody>\n<tr class=\"firstRow\">\n<td colspan=\"2\" valign=\"center\" width=\"662\"><strong>T\u00e9cnica<\/strong><strong>\u00a0<\/strong><strong>Par\u00e2metro do WS1625\u00a0<\/strong><strong>Plataforma<\/strong><strong>\u00a0Plotter de corte para fabrico de caixas de cart\u00e3o:<\/strong><\/td>\n<\/tr>\n<tr>\n<td valign=\"top\" width=\"158\">X dimens\u00e3o de trabalho<\/td>\n<td valign=\"top\" width=\"504\">1550 mm<\/td>\n<\/tr>\n<tr>\n<td valign=\"top\" width=\"158\">Tamanho de trabalho Y<\/td>\n<td valign=\"top\" width=\"504\">2500 mm<\/td>\n<\/tr>\n<tr>\n<td valign=\"top\" width=\"158\">Z tamanho de trabalho<\/td>\n<td valign=\"top\" width=\"504\">10 mm<\/td>\n<\/tr>\n<tr>\n<td valign=\"top\" width=\"158\">Cabe\u00e7a de corte<\/td>\n<td valign=\"top\" width=\"504\">Cabe\u00e7a de corte de faca oscilante cnc + roda de rebarbar<\/td>\n<\/tr>\n<tr>\n<td valign=\"top\" width=\"158\">Modo de visualiza\u00e7\u00e3o<\/td>\n<td valign=\"top\" width=\"504\">Ingl\u00eas Ecr\u00e3 t\u00e1til LED<\/td>\n<\/tr>\n<tr>\n<td valign=\"top\" width=\"158\">Mesa da m\u00e1quina<\/td>\n<td valign=\"top\" width=\"504\">Mesa de suc\u00e7\u00e3o de fole de alum\u00ednio com 9 zonas de suc\u00e7\u00e3o<\/td>\n<\/tr>\n<tr>\n<td valign=\"top\" width=\"158\">Modo de transfer\u00eancia de dados<\/td>\n<td valign=\"top\" width=\"504\">Intel<\/td>\n<\/tr>\n<tr>\n<td valign=\"top\" width=\"158\">Bomba de v\u00e1cuo<\/td>\n<td valign=\"top\" width=\"504\">Bomba de v\u00e1cuo de ar de 9KW<\/td>\n<\/tr>\n<tr>\n<td valign=\"top\" width=\"158\">Sistema de condu\u00e7\u00e3o<\/td>\n<td valign=\"top\" width=\"504\">Servo condutor e motor delta de Taiwan<\/td>\n<\/tr>\n<tr>\n<td valign=\"top\" width=\"158\">Sistema de controlo<\/td>\n<td valign=\"top\" width=\"504\">Sistema de controlo RD<\/td>\n<\/tr>\n<tr>\n<td valign=\"top\" width=\"158\">Sistema de orienta\u00e7\u00e3o<\/td>\n<td valign=\"top\" width=\"504\">Calha quadrada TBI de Taiwan<\/td>\n<\/tr>\n<tr>\n<td valign=\"top\" width=\"158\">Sensor de ferramentas<\/td>\n<td valign=\"top\" width=\"504\">Com, ponto vermelho<\/td>\n<\/tr>\n<tr>\n<td valign=\"top\" width=\"158\">Transmiss\u00e3o<\/td>\n<td valign=\"top\" width=\"504\">Pinh\u00e3o de cremalheira Y, correia de a\u00e7o s\u00edncrona XZ<\/td>\n<\/tr>\n<tr>\n<td valign=\"top\" width=\"158\">Velocidade de corte<\/td>\n<td valign=\"top\" width=\"504\">30m\/min<\/td>\n<\/tr>\n<tr>\n<td valign=\"top\" width=\"158\">Velocidade de desloca\u00e7\u00e3o<\/td>\n<td valign=\"top\" width=\"504\">50m\/min<\/td>\n<\/tr>\n<tr>\n<td valign=\"center\" width=\"158\">Peso<\/td>\n<td valign=\"top\" width=\"504\">Cerca de 800 kg<\/td>\n<\/tr>\n<tr>\n<td valign=\"top\" width=\"158\">Tamanho<\/td>\n<td valign=\"top\" width=\"504\">2250*3300*1650mm<\/td>\n<\/tr>\n<tr>\n<td valign=\"top\" width=\"158\">Pot\u00eancia<\/td>\n<td valign=\"top\" width=\"504\">380V 50HZ<\/td>\n<\/tr>\n<tr>\n<td valign=\"top\" width=\"158\">Software<\/td>\n<td valign=\"top\" width=\"504\">vcutworks, a m\u00e1quina tem este software, suporta ficheiros em formato dxf, plt<\/td>\n<\/tr>\n<\/tbody>\n<\/table>\n<p>&nbsp;<\/p>\n<p><strong>Carater\u00edsticas da m\u00e1quina para fabricar amostras de caixas de cart\u00e3o:<\/strong><\/p>\n<p><strong>\u00a0<\/strong><\/p>\n<p>1, o dispositivo laser de paragem urgente pode evitar que as pessoas se magoem com as ferramentas de trabalho ou com o papel\u00e3o. O fio de sinaliza\u00e7\u00e3o \u00e9 colocado no p\u00f3rtico para garantir a estabilidade durante o funcionamento da m\u00e1quina.<\/p>\n<p>2. Taiwan importou trilho de guia linear e transmiss\u00e3o de cremalheira de engrenagem para garantir que a m\u00e1quina trabalhe com efici\u00eancia de corte est\u00e1vel e alta velocidade e alta precis\u00e3o.<\/p>\n<p>3. estrutura da m\u00e1quina adopta placa de a\u00e7o de alta densidade, n\u00e3o se deforma. M\u00e1quina com servi\u00e7o pesado para garantir o funcionamento est\u00e1vel da m\u00e1quina e garantir uma melhor qualidade de corte.<\/p>\n<p>4.adopta motor delta de taiwan importado e condutor<\/p>\n<p>5.adopta o cilindro de trabalho do tipo m\u00f3dulo, tem uma forte capacidade de adsor\u00e7\u00e3o.<\/p>\n<p>&nbsp;<\/p>","protected":false},"excerpt":{"rendered":"<p>The carton proofing machine is a machine used in carton factories to make carton samples.<\/p>\n<p>there are two kinds of cardboard cutting plotter machine, one is mainly for cutting coated paper, cardboard, kraft paper, PVC, stickers with a thickness of less than 1mm<\/p>\n<p>The other carton box sampling machine is to cut 8-30mm thick corrugated paper, honeycomb paperboard, grey board paper, KT board, Chevron board, EVA, etc.<\/p>\n<p>They both have creasing wheel, oscillating knife cutting function.<\/p>","protected":false},"featured_media":3480,"template":"","meta":{"_seopress_robots_primary_cat":"","_seopress_titles_title":"","_seopress_titles_desc":"","_seopress_robots_index":"","_uag_custom_page_level_css":"","site-sidebar-layout":"default","site-content-layout":"","ast-site-content-layout":"default","site-content-style":"default","site-sidebar-style":"default","ast-global-header-display":"","ast-banner-title-visibility":"","ast-main-header-display":"","ast-hfb-above-header-display":"","ast-hfb-below-header-display":"","ast-hfb-mobile-header-display":"","site-post-title":"","ast-breadcrumbs-content":"","ast-featured-img":"","footer-sml-layout":"","ast-disable-related-posts":"","theme-transparent-header-meta":"default","adv-header-id-meta":"","stick-header-meta":"default","header-above-stick-meta":"","header-main-stick-meta":"","header-below-stick-meta":"","astra-migrate-meta-layouts":"set","ast-page-background-enabled":"default","ast-page-background-meta":{"desktop":{"background-color":"","background-image":"","background-repeat":"repeat","background-position":"center center","background-size":"auto","background-attachment":"scroll","background-type":"","background-media":"","overlay-type":"","overlay-color":"","overlay-opacity":"","overlay-gradient":""},"tablet":{"background-color":"","background-image":"","background-repeat":"repeat","background-position":"center center","background-size":"auto","background-attachment":"scroll","background-type":"","background-media":"","overlay-type":"","overlay-color":"","overlay-opacity":"","overlay-gradient":""},"mobile":{"background-color":"","background-image":"","background-repeat":"repeat","background-position":"center center","background-size":"auto","background-attachment":"scroll","background-type":"","background-media":"","overlay-type":"","overlay-color":"","overlay-opacity":"","overlay-gradient":""}},"ast-content-background-meta":{"desktop":{"background-color":"var(--ast-global-color-5)","background-image":"","background-repeat":"repeat","background-position":"center center","background-size":"auto","background-attachment":"scroll","background-type":"","background-media":"","overlay-type":"","overlay-color":"","overlay-opacity":"","overlay-gradient":""},"tablet":{"background-color":"var(--ast-global-color-5)","background-image":"","background-repeat":"repeat","background-position":"center center","background-size":"auto","background-attachment":"scroll","background-type":"","background-media":"","overlay-type":"","overlay-color":"","overlay-opacity":"","overlay-gradient":""},"mobile":{"background-color":"var(--ast-global-color-5)","background-image":"","background-repeat":"repeat","background-position":"center center","background-size":"auto","background-attachment":"scroll","background-type":"","background-media":"","overlay-type":"","overlay-color":"","overlay-opacity":"","overlay-gradient":""}}},"product_brand":[],"product_cat":[21],"product_tag":[],"class_list":{"0":"post-3477","1":"product","2":"type-product","3":"status-publish","4":"has-post-thumbnail","6":"product_cat-oscillating","7":"desktop-align-left","8":"tablet-align-left","9":"mobile-align-left","10":"ast-product-gallery-layout-horizontal-slider","11":"ast-product-tabs-layout-horizontal","13":"first","14":"instock","15":"featured","16":"shipping-taxable","17":"product-type-simple"},"uagb_featured_image_src":{"full":["https:\/\/wisecnclaser.com\/wp-content\/uploads\/2025\/05\/44b850c9a77b70cab8e18c4549a9ca66.jpg",750,750,false],"thumbnail":["https:\/\/wisecnclaser.com\/wp-content\/uploads\/2025\/05\/44b850c9a77b70cab8e18c4549a9ca66-150x150.jpg",150,150,true],"medium":["https:\/\/wisecnclaser.com\/wp-content\/uploads\/2025\/05\/44b850c9a77b70cab8e18c4549a9ca66-300x300.jpg",300,300,true],"medium_large":["https:\/\/wisecnclaser.com\/wp-content\/uploads\/2025\/05\/44b850c9a77b70cab8e18c4549a9ca66.jpg",750,750,false],"large":["https:\/\/wisecnclaser.com\/wp-content\/uploads\/2025\/05\/44b850c9a77b70cab8e18c4549a9ca66.jpg",750,750,false],"1536x1536":["https:\/\/wisecnclaser.com\/wp-content\/uploads\/2025\/05\/44b850c9a77b70cab8e18c4549a9ca66.jpg",750,750,false],"2048x2048":["https:\/\/wisecnclaser.com\/wp-content\/uploads\/2025\/05\/44b850c9a77b70cab8e18c4549a9ca66.jpg",750,750,false],"trp-custom-language-flag":["https:\/\/wisecnclaser.com\/wp-content\/uploads\/2025\/05\/44b850c9a77b70cab8e18c4549a9ca66-12x12.jpg",12,12,true],"woocommerce_thumbnail":["https:\/\/wisecnclaser.com\/wp-content\/uploads\/2025\/05\/44b850c9a77b70cab8e18c4549a9ca66-300x300.jpg",300,300,true],"woocommerce_single":["https:\/\/wisecnclaser.com\/wp-content\/uploads\/2025\/05\/44b850c9a77b70cab8e18c4549a9ca66-600x600.jpg",600,600,true],"woocommerce_gallery_thumbnail":["https:\/\/wisecnclaser.com\/wp-content\/uploads\/2025\/05\/44b850c9a77b70cab8e18c4549a9ca66-100x100.jpg",100,100,true]},"uagb_author_info":{"display_name":"jinxing6611@gmail.com","author_link":"https:\/\/wisecnclaser.com\/pt\/author\/"},"uagb_comment_info":0,"uagb_excerpt":"The carton proofing machine is a machine used in carton factories to make carton samples. there are two kinds of cardboard cutting plotter machine, one is mainly for cutting coated paper, cardboard, kraft paper, PVC, stickers with a thickness of less than 1mm The other carton box sampling machine is to cut 8-30mm thick corrugated&hellip;","_links":{"self":[{"href":"https:\/\/wisecnclaser.com\/pt\/wp-json\/wp\/v2\/product\/3477","targetHints":{"allow":["GET"]}}],"collection":[{"href":"https:\/\/wisecnclaser.com\/pt\/wp-json\/wp\/v2\/product"}],"about":[{"href":"https:\/\/wisecnclaser.com\/pt\/wp-json\/wp\/v2\/types\/product"}],"wp:featuredmedia":[{"embeddable":true,"href":"https:\/\/wisecnclaser.com\/pt\/wp-json\/wp\/v2\/media\/3480"}],"wp:attachment":[{"href":"https:\/\/wisecnclaser.com\/pt\/wp-json\/wp\/v2\/media?parent=3477"}],"wp:term":[{"taxonomy":"product_brand","embeddable":true,"href":"https:\/\/wisecnclaser.com\/pt\/wp-json\/wp\/v2\/product_brand?post=3477"},{"taxonomy":"product_cat","embeddable":true,"href":"https:\/\/wisecnclaser.com\/pt\/wp-json\/wp\/v2\/product_cat?post=3477"},{"taxonomy":"product_tag","embeddable":true,"href":"https:\/\/wisecnclaser.com\/pt\/wp-json\/wp\/v2\/product_tag?post=3477"}],"curies":[{"name":"wp","href":"https:\/\/api.w.org\/{rel}","templated":true}]}}