{"id":3509,"date":"2025-05-22T22:39:45","date_gmt":"2025-05-22T22:39:45","guid":{"rendered":"https:\/\/wisecnclaser.com\/?post_type=product&#038;p=3509"},"modified":"2025-05-22T22:39:45","modified_gmt":"2025-05-22T22:39:45","slug":"fiber-laser-metal-cutting-machine","status":"publish","type":"product","link":"https:\/\/wisecnclaser.com\/pt\/produto\/fiber-laser-metal-cutting-machine\/","title":{"rendered":"M\u00e1quina de corte de metal a laser de fibra"},"content":{"rendered":"<p><strong>Materiais e ind\u00fastrias aplic\u00e1veis<\/strong><strong>y<\/strong><strong>:<\/strong><\/p>\n<p>Adequado para o corte preciso de a\u00e7o inoxid\u00e1vel, a\u00e7o carbono e alguns outros materiais met\u00e1licos, aplic\u00e1vel \u00e0 tecnologia aeroespacial, foguet\u00f5es, avi\u00f5es, rob\u00f4s, elevadores, navios a vapor e fabrico de autom\u00f3veis e ind\u00fastria de processamento de pe\u00e7as met\u00e1licas para chapas met\u00e1licas, publicidade, utens\u00edlios de cozinha, ferramentas de broca, ferragens, etc.<\/p>\n<p>&nbsp;<\/p>\n<table border=\"1\" width=\"662\">\n<tbody>\n<tr class=\"firstRow\">\n<td colspan=\"2\" valign=\"center\" width=\"662\"><strong>Descri\u00e7\u00e3o e especifica\u00e7\u00f5es do cortador a laser de fibra:<\/strong><\/td>\n<\/tr>\n<tr>\n<td valign=\"top\" width=\"224\">Modelo<\/td>\n<td valign=\"top\" width=\"438\">FB3015<\/td>\n<\/tr>\n<tr>\n<td valign=\"center\" width=\"224\">\u00c1rea de trabalho<\/td>\n<td valign=\"center\" width=\"438\">1500mm*3000MM<\/td>\n<\/tr>\n<tr>\n<td valign=\"center\" width=\"224\">Transmiss\u00e3o<\/td>\n<td valign=\"center\" width=\"438\">Pinh\u00e3o de cremalheira - marca ATLANTA ALEMANHA<\/td>\n<\/tr>\n<tr>\n<td valign=\"center\" width=\"224\">Sistema de condu\u00e7\u00e3o<\/td>\n<td valign=\"center\" width=\"438\">Servo do Jap\u00e3o<\/td>\n<\/tr>\n<tr>\n<td valign=\"center\" width=\"224\">Pot\u00eancia laser<\/td>\n<td valign=\"center\" width=\"438\">1kw 1.5kw 2kw 3kw 4kw 6kw raycus ou gerador de fibra IPG<\/td>\n<\/tr>\n<tr>\n<td valign=\"center\" width=\"224\">Sistema de guia<\/td>\n<td valign=\"center\" width=\"438\">Carril quadrado de Taiwan<\/td>\n<\/tr>\n<tr>\n<td valign=\"center\" width=\"224\">Parafuso de esferas<\/td>\n<td valign=\"center\" width=\"438\">Marca Taiwan TBI<\/td>\n<\/tr>\n<tr>\n<td valign=\"center\" width=\"224\">Sistema de controlo<\/td>\n<td valign=\"center\" width=\"438\">Controlador Cypcut<\/td>\n<\/tr>\n<tr>\n<td valign=\"center\" width=\"224\">Redutor<\/td>\n<td valign=\"center\" width=\"438\">Marca Motovario<\/td>\n<\/tr>\n<tr>\n<td valign=\"center\" width=\"224\">Velocidade m\u00e1xima de desloca\u00e7\u00e3o<\/td>\n<td valign=\"center\" width=\"438\">100m\/min<\/td>\n<\/tr>\n<tr>\n<td valign=\"center\" width=\"224\">Velocidade m\u00e1xima de corte<\/td>\n<td valign=\"center\" width=\"438\">30-40m\/min<\/td>\n<\/tr>\n<tr>\n<td valign=\"center\" width=\"224\">Largura m\u00ednima da linha de corte<\/td>\n<td valign=\"center\" width=\"438\">0,02 mm<\/td>\n<\/tr>\n<tr>\n<td valign=\"center\" width=\"224\">Material aplic\u00e1vel<\/td>\n<td valign=\"center\" width=\"438\">A\u00e7o inoxid\u00e1vel, a\u00e7o carbono, alum\u00ednio, cobre, chapa de tit\u00e2nio, ferro, etc.<\/td>\n<\/tr>\n<tr>\n<td valign=\"center\" width=\"224\">Espessura de corte<\/td>\n<td valign=\"center\" width=\"438\">A\u00e7o inoxid\u00e1vel 8mm, a\u00e7o carbono 20mm<\/td>\n<\/tr>\n<tr>\n<td valign=\"center\" width=\"224\">Espa\u00e7o total da m\u00e1quina<\/td>\n<td valign=\"center\" width=\"438\">7\u00d72.2\u00d71.9m<\/td>\n<\/tr>\n<tr>\n<td valign=\"center\" width=\"224\">Peso da m\u00e1quina<\/td>\n<td valign=\"center\" width=\"438\">3000kg<\/td>\n<\/tr>\n<tr>\n<td valign=\"center\" width=\"224\">Pot\u00eancia de funcionamento<\/td>\n<td valign=\"center\" width=\"438\">AC380V 3 fase 50HZ<\/td>\n<\/tr>\n<tr>\n<td valign=\"center\" width=\"224\">Garantia<\/td>\n<td valign=\"center\" width=\"438\">2 anos<\/td>\n<\/tr>\n<\/tbody>\n<\/table>\n<p>&nbsp;<\/p>\n<p><strong>Aplica\u00e7\u00e3o:<\/strong><\/p>\n<p>Pode cortar muitos tipos de chapas met\u00e1licas e tubos (pode ser utilizado o dispositivo de corte de tubos e o dispositivo de corte de tubos). \u00c9 principalmente adequado para o corte r\u00e1pido de a\u00e7o inoxid\u00e1vel, a\u00e7o carbono, a\u00e7o galvanizado, chapa electrol\u00edtica, chapa de lat\u00e3o, chapa de alum\u00ednio, a\u00e7o mangan\u00eas, v\u00e1rias chapas de liga, metais raros e outros materiais.<\/p>\n<p>A m\u00e1quina de corte a laser de fibra \u00f3tica com chapa e tubo integrados pode cortar chapa e tubo de metal. Poupa mais de 50% de espa\u00e7o e proporciona uma maior efici\u00eancia de produ\u00e7\u00e3o.<\/p>\n<p>&nbsp;<\/p>\n<p><strong>Vantagens do laser de fibra<\/strong><\/p>\n<p>1, Alta efici\u00eancia de convers\u00e3o electro-\u00f3tica, 300% mais eficiente do que o laser de CO2<\/p>\n<p>2, Baixo custo de opera\u00e7\u00e3o e manuten\u00e7\u00e3o, apenas 6% de laser de CO2<\/p>\n<p>3, Alta velocidade de corte, 600%~1000% mais r\u00e1pido do que o laser de CO2<\/p>\n<p>4, pequeno em tamanho, leve em peso, posi\u00e7\u00e3o de trabalho m\u00f3vel e necessidade m\u00ednima de espa\u00e7o<\/p>\n<p>&nbsp;<\/p>\n<p><strong>PORQUE escolher a nossa m\u00e1quina de corte a laser de fibra<\/strong><\/p>\n<p><strong><em>Eixo Z est\u00e1vel e sistema de focagem autom\u00e1tica<\/em><\/strong><\/p>\n<p>A cabe\u00e7a de laser equipada com a cabe\u00e7a de corte Raytools, capaz de ajustar automaticamente a dist\u00e2ncia focal, garante a melhor qualidade de corte, evita a raspagem de material causada pela altera\u00e7\u00e3o da dist\u00e2ncia focal quando o metal n\u00e3o \u00e9 plano Devido ao dispositivo de dete\u00e7\u00e3o sem contacto, quando controlado pelo sistema, capaz de alcan\u00e7ar uma fun\u00e7\u00e3o flutuante est\u00e1vel do eixo Z, elimina os efeitos negativos causados pelo material n\u00e3o plano<\/p>\n<p>&nbsp;<\/p>\n<p><strong><em>Concha da m\u00e1quina \/ M\u00e1quina hospedeira<\/em><\/strong><\/p>\n<p>A m\u00e1quina de corte em grande escala pesa 3,7 toneladas. Temos em considera\u00e7\u00e3o o custo de produ\u00e7\u00e3o, a estabilidade da m\u00e1quina e a qualidade da m\u00e1quina. Depois de v\u00e1rias vezes redesenhada, decidimos o design final simples mas forte. Produzido por equipamento profissional de grande escala da ind\u00fastria de n\u00edvel militar, e passado o tratamento de envelhecimento, pode garantir a durabilidade para uso a longo prazo.<\/p>\n<p><strong><em>\u00a0<\/em><\/strong><\/p>\n<p><strong><em>Transmiss\u00e3o<\/em><\/strong><\/p>\n<p>A m\u00e1quina est\u00e1 equipada com um sistema de fuso de esferas de alta precis\u00e3o de marca famosa, guia linear e sistema de servo acionamento do motor, que pode garantir a precis\u00e3o do processamento. O sistema de transmiss\u00e3o pode corresponder ao sistema de controlo CNC sem problemas.<\/p>\n<p><strong><em>\u00a0<\/em><\/strong><\/p>\n<p><strong><em>Sistema de controlo<\/em><\/strong><\/p>\n<p>Utiliza IPC profissional, sistema de c\u00e1lculo de corte optimizado, ecr\u00e3 t\u00e1til f\u00e1cil de utilizar, software de corte profissional pode conceber todos os tipos de gr\u00e1ficos, texto, suporte CAD, CorelDraw.<\/p>\n<p>&nbsp;<\/p>","protected":false},"excerpt":{"rendered":"<p><strong>Materiais e ind\u00fastrias aplic\u00e1veis<\/strong><strong>y<\/strong><strong>:<\/strong><\/p>\n<p>Adequado para o corte preciso de a\u00e7o inoxid\u00e1vel, a\u00e7o carbono e alguns outros materiais met\u00e1licos, aplic\u00e1vel \u00e0 tecnologia aeroespacial, foguet\u00f5es, avi\u00f5es, rob\u00f4s, elevadores, navios a vapor e fabrico de autom\u00f3veis e ind\u00fastria de processamento de pe\u00e7as met\u00e1licas para chapas met\u00e1licas, publicidade, utens\u00edlios de cozinha, ferramentas de broca, ferragens, etc.<\/p>","protected":false},"featured_media":3512,"template":"","meta":{"_seopress_robots_primary_cat":"","_seopress_titles_title":"","_seopress_titles_desc":"","_seopress_robots_index":"","_uag_custom_page_level_css":"","site-sidebar-layout":"default","site-content-layout":"","ast-site-content-layout":"default","site-content-style":"default","site-sidebar-style":"default","ast-global-header-display":"","ast-banner-title-visibility":"","ast-main-header-display":"","ast-hfb-above-header-display":"","ast-hfb-below-header-display":"","ast-hfb-mobile-header-display":"","site-post-title":"","ast-breadcrumbs-content":"","ast-featured-img":"","footer-sml-layout":"","ast-disable-related-posts":"","theme-transparent-header-meta":"default","adv-header-id-meta":"","stick-header-meta":"default","header-above-stick-meta":"","header-main-stick-meta":"","header-below-stick-meta":"","astra-migrate-meta-layouts":"set","ast-page-background-enabled":"default","ast-page-background-meta":{"desktop":{"background-color":"","background-image":"","background-repeat":"repeat","background-position":"center center","background-size":"auto","background-attachment":"scroll","background-type":"","background-media":"","overlay-type":"","overlay-color":"","overlay-opacity":"","overlay-gradient":""},"tablet":{"background-color":"","background-image":"","background-repeat":"repeat","background-position":"center center","background-size":"auto","background-attachment":"scroll","background-type":"","background-media":"","overlay-type":"","overlay-color":"","overlay-opacity":"","overlay-gradient":""},"mobile":{"background-color":"","background-image":"","background-repeat":"repeat","background-position":"center center","background-size":"auto","background-attachment":"scroll","background-type":"","background-media":"","overlay-type":"","overlay-color":"","overlay-opacity":"","overlay-gradient":""}},"ast-content-background-meta":{"desktop":{"background-color":"var(--ast-global-color-5)","background-image":"","background-repeat":"repeat","background-position":"center center","background-size":"auto","background-attachment":"scroll","background-type":"","background-media":"","overlay-type":"","overlay-color":"","overlay-opacity":"","overlay-gradient":""},"tablet":{"background-color":"var(--ast-global-color-5)","background-image":"","background-repeat":"repeat","background-position":"center center","background-size":"auto","background-attachment":"scroll","background-type":"","background-media":"","overlay-type":"","overlay-color":"","overlay-opacity":"","overlay-gradient":""},"mobile":{"background-color":"var(--ast-global-color-5)","background-image":"","background-repeat":"repeat","background-position":"center center","background-size":"auto","background-attachment":"scroll","background-type":"","background-media":"","overlay-type":"","overlay-color":"","overlay-opacity":"","overlay-gradient":""}}},"product_brand":[],"product_cat":[57],"product_tag":[],"class_list":{"0":"post-3509","1":"product","2":"type-product","3":"status-publish","4":"has-post-thumbnail","6":"product_cat-fiberlaser","7":"desktop-align-left","8":"tablet-align-left","9":"mobile-align-left","10":"ast-product-gallery-layout-horizontal-slider","11":"ast-product-gallery-with-no-image","12":"ast-product-tabs-layout-horizontal","14":"first","15":"instock","16":"shipping-taxable","17":"product-type-simple"},"uagb_featured_image_src":{"full":["https:\/\/wisecnclaser.com\/wp-content\/uploads\/2025\/05\/d52f9a22eccb0aae42b0c5f0abd2625c.png",600,600,false],"thumbnail":["https:\/\/wisecnclaser.com\/wp-content\/uploads\/2025\/05\/d52f9a22eccb0aae42b0c5f0abd2625c-150x150.png",150,150,true],"medium":["https:\/\/wisecnclaser.com\/wp-content\/uploads\/2025\/05\/d52f9a22eccb0aae42b0c5f0abd2625c-300x300.png",300,300,true],"medium_large":["https:\/\/wisecnclaser.com\/wp-content\/uploads\/2025\/05\/d52f9a22eccb0aae42b0c5f0abd2625c.png",600,600,false],"large":["https:\/\/wisecnclaser.com\/wp-content\/uploads\/2025\/05\/d52f9a22eccb0aae42b0c5f0abd2625c.png",600,600,false],"1536x1536":["https:\/\/wisecnclaser.com\/wp-content\/uploads\/2025\/05\/d52f9a22eccb0aae42b0c5f0abd2625c.png",600,600,false],"2048x2048":["https:\/\/wisecnclaser.com\/wp-content\/uploads\/2025\/05\/d52f9a22eccb0aae42b0c5f0abd2625c.png",600,600,false],"trp-custom-language-flag":["https:\/\/wisecnclaser.com\/wp-content\/uploads\/2025\/05\/d52f9a22eccb0aae42b0c5f0abd2625c-12x12.png",12,12,true],"woocommerce_thumbnail":["https:\/\/wisecnclaser.com\/wp-content\/uploads\/2025\/05\/d52f9a22eccb0aae42b0c5f0abd2625c-300x300.png",300,300,true],"woocommerce_single":["https:\/\/wisecnclaser.com\/wp-content\/uploads\/2025\/05\/d52f9a22eccb0aae42b0c5f0abd2625c.png",600,600,false],"woocommerce_gallery_thumbnail":["https:\/\/wisecnclaser.com\/wp-content\/uploads\/2025\/05\/d52f9a22eccb0aae42b0c5f0abd2625c-100x100.png",100,100,true]},"uagb_author_info":{"display_name":"jinxing6611@gmail.com","author_link":"https:\/\/wisecnclaser.com\/pt\/author\/"},"uagb_comment_info":0,"uagb_excerpt":"Applicable materials and industry: Suitable for stainless steel, carbon steel and some other metal materials precise cutting, applicable for aerospace technology, rocket, plane, robot, elevator, steamship and automobile manufacturing and metal parts processing industry for metal plate, advertisement, kitchen ware, bit tool, hardware etc","_links":{"self":[{"href":"https:\/\/wisecnclaser.com\/pt\/wp-json\/wp\/v2\/product\/3509","targetHints":{"allow":["GET"]}}],"collection":[{"href":"https:\/\/wisecnclaser.com\/pt\/wp-json\/wp\/v2\/product"}],"about":[{"href":"https:\/\/wisecnclaser.com\/pt\/wp-json\/wp\/v2\/types\/product"}],"wp:featuredmedia":[{"embeddable":true,"href":"https:\/\/wisecnclaser.com\/pt\/wp-json\/wp\/v2\/media\/3512"}],"wp:attachment":[{"href":"https:\/\/wisecnclaser.com\/pt\/wp-json\/wp\/v2\/media?parent=3509"}],"wp:term":[{"taxonomy":"product_brand","embeddable":true,"href":"https:\/\/wisecnclaser.com\/pt\/wp-json\/wp\/v2\/product_brand?post=3509"},{"taxonomy":"product_cat","embeddable":true,"href":"https:\/\/wisecnclaser.com\/pt\/wp-json\/wp\/v2\/product_cat?post=3509"},{"taxonomy":"product_tag","embeddable":true,"href":"https:\/\/wisecnclaser.com\/pt\/wp-json\/wp\/v2\/product_tag?post=3509"}],"curies":[{"name":"wp","href":"https:\/\/api.w.org\/{rel}","templated":true}]}}