{"id":3517,"date":"2025-05-22T22:42:44","date_gmt":"2025-05-22T22:42:44","guid":{"rendered":"https:\/\/wisecnclaser.com\/?post_type=product&#038;p=3517"},"modified":"2025-05-22T22:42:44","modified_gmt":"2025-05-22T22:42:44","slug":"integrated-fiber-laser-marking-machine","status":"publish","type":"product","link":"https:\/\/wisecnclaser.com\/pt\/produto\/integrated-fiber-laser-marking-machine\/","title":{"rendered":"M\u00e1quina de marca\u00e7\u00e3o a laser de fibra integrada"},"content":{"rendered":"<p><strong>Descri\u00e7\u00e3o da m\u00e1quina de marca\u00e7\u00e3o a laser de fibra integrada:<\/strong><\/p>\n<p>Aplica\u00e7\u00e3o de m\u00f3dulo de fibra avan\u00e7ado, feixe de sa\u00edda de alta qualidade, adequado para marca\u00e7\u00e3o delicada, pode controlar o tamanho, a profundidade e a forma com precis\u00e3o. Tamanho pequeno e velocidade de processamento r\u00e1pida, baixo consumo de energia, longa vida \u00fatil, pode gravar todos os tipos de materiais met\u00e1licos e n\u00e3o met\u00e1licos.<\/p>\n<p><strong>Principais carater\u00edsticas da m\u00e1quina de marca\u00e7\u00e3o a laser de fibra:<\/strong><\/p>\n<p>&nbsp;<\/p>\n<p>1. Trajeto do laser de alta qualidade adequado para marca\u00e7\u00f5es delicadas. Aproxima\u00e7\u00e3o ao limite de difra\u00e7\u00e3o. Exporta\u00e7\u00e3o de TEMOO do modo transversal fundamental. M2 pr\u00f3ximo de 1. O \u00e2ngulo de diverg\u00eancia do feixe \u00e9 apenas 1\/4 do laser de d\u00edodo. O di\u00e2metro do ponto de focagem n\u00e3o \u00e9 superior a 20 um.<br \/>\n2. A elevada taxa de repeti\u00e7\u00e3o de impulsos e a pot\u00eancia est\u00e1vel proporcionam uma marca\u00e7\u00e3o laser de alta velocidade. A pot\u00eancia de impulso da unidade \u00e9 inferior a 1%. F\u00e1cil controlo do tamanho, espessura e forma do ponto laser.<br \/>\n3. Alta velocidade 2-3 vezes mais do que a tradicional m\u00e1quina de marca\u00e7\u00e3o com bomba de d\u00edodo.<br \/>\n4. Tamanho da m\u00e1quina inteligente de arrefecimento a ar!<br \/>\n5. Longa dura\u00e7\u00e3o. Consumo de energia ultra-baixo de 0,5 kw. A convers\u00e3o de efici\u00eancia atinge mais de 30% (n\u00e3o \u00e9 adequado para marca\u00e7\u00e3o de cores em a\u00e7o inoxid\u00e1vel).<\/p>\n<p>&nbsp;<\/p>\n<p>&nbsp;<\/p>\n<table border=\"1\" width=\"662\">\n<tbody>\n<tr class=\"firstRow\">\n<td colspan=\"2\" valign=\"center\" width=\"662\"><strong>Descri\u00e7\u00e3o e especifica\u00e7\u00f5es de\u00a0<\/strong><strong>Inte<\/strong><strong>M\u00e1quina de marca\u00e7\u00e3o a laser de fibra ralada:<\/strong><\/td>\n<\/tr>\n<tr>\n<td valign=\"top\" width=\"224\">Item No.<\/td>\n<td valign=\"top\" width=\"438\">WS20 WS30 WS50<\/td>\n<\/tr>\n<tr>\n<td valign=\"top\" width=\"224\">Pot\u00eancia laser<\/td>\n<td valign=\"top\" width=\"438\">20W 30W 50W<\/td>\n<\/tr>\n<tr>\n<td valign=\"top\" width=\"224\">Comprimento de onda do laser<\/td>\n<td valign=\"top\" width=\"438\">1064nm<\/td>\n<\/tr>\n<tr>\n<td valign=\"top\" width=\"224\">Gama de marca\u00e7\u00e3o<\/td>\n<td valign=\"top\" width=\"438\">110mm\u00d7110mm<\/td>\n<\/tr>\n<tr>\n<td valign=\"top\" width=\"224\">Velocidade de marca\u00e7\u00e3o<\/td>\n<td valign=\"top\" width=\"438\">\u22648000mm\/s<\/td>\n<\/tr>\n<tr>\n<td valign=\"top\" width=\"224\">Car\u00e1cter m\u00ednimo<\/td>\n<td valign=\"top\" width=\"438\">0,2 mm<\/td>\n<\/tr>\n<tr>\n<td valign=\"top\" width=\"224\">Largura m\u00ednima da linha<\/td>\n<td valign=\"top\" width=\"438\">0,015mm<\/td>\n<\/tr>\n<tr>\n<td valign=\"top\" width=\"224\">Precis\u00e3o da repeti\u00e7\u00e3o<\/td>\n<td valign=\"top\" width=\"438\">\u00b10,001mm<\/td>\n<\/tr>\n<tr>\n<td valign=\"top\" width=\"224\">Estabilidade de pot\u00eancia<\/td>\n<td valign=\"top\" width=\"438\">&lt;5%rms<\/td>\n<\/tr>\n<tr>\n<td valign=\"top\" width=\"224\">Profundidade de marca\u00e7\u00e3o<\/td>\n<td valign=\"top\" width=\"438\">0,3 mm<\/td>\n<\/tr>\n<tr>\n<td valign=\"top\" width=\"224\">Qualidade do feixe laser<\/td>\n<td valign=\"top\" width=\"438\">M2\uff1c1.2<\/td>\n<\/tr>\n<tr>\n<td valign=\"top\" width=\"224\">Frequ\u00eancia de repeti\u00e7\u00e3o<\/td>\n<td valign=\"top\" width=\"438\">20KHz-80KHz<\/td>\n<\/tr>\n<tr>\n<td valign=\"top\" width=\"224\">Sistema de arrefecimento<\/td>\n<td valign=\"top\" width=\"438\">Arrefecimento do ar<\/td>\n<\/tr>\n<tr>\n<td valign=\"top\" width=\"224\">Linguagem de software<\/td>\n<td valign=\"top\" width=\"438\">Ingl\u00eas<\/td>\n<\/tr>\n<tr>\n<td valign=\"top\" width=\"224\">Fonte de alimenta\u00e7\u00e3o<\/td>\n<td valign=\"top\" width=\"438\">220V\/50Hz<\/td>\n<\/tr>\n<tr>\n<td valign=\"top\" width=\"224\">Formato de apoio<\/td>\n<td valign=\"top\" width=\"438\">BMP, GIF, JPG, PCX, TGA, TIFF, PLT, CDR, DMG, DXF, etc.<\/td>\n<\/tr>\n<tr>\n<td valign=\"top\" width=\"224\">Energia geral<\/td>\n<td valign=\"top\" width=\"438\">0,5KW<\/td>\n<\/tr>\n<tr>\n<td valign=\"top\" width=\"224\">Dimens\u00e3o da m\u00e1quina<\/td>\n<td valign=\"top\" width=\"438\">80*57*35cm<\/td>\n<\/tr>\n<tr>\n<td valign=\"top\" width=\"224\">Peso l\u00edquido<\/td>\n<td valign=\"top\" width=\"438\">46KG<\/td>\n<\/tr>\n<\/tbody>\n<\/table>\n<p>&nbsp;<\/p>","protected":false},"excerpt":{"rendered":"<p>Descri\u00e7\u00e3o da m\u00e1quina de marca\u00e7\u00e3o a laser de fibra integrada:<\/p>\n<p>Aplica\u00e7\u00e3o de m\u00f3dulo de fibra avan\u00e7ado, feixe de sa\u00edda de alta qualidade, adequado para marca\u00e7\u00e3o delicada, pode controlar o tamanho, a profundidade e a forma com precis\u00e3o. Tamanho pequeno e velocidade de processamento r\u00e1pida, baixo consumo de energia, longa vida \u00fatil, pode gravar todos os tipos de materiais met\u00e1licos e n\u00e3o met\u00e1licos.<\/p>","protected":false},"featured_media":3520,"template":"","meta":{"_seopress_robots_primary_cat":"","_seopress_titles_title":"","_seopress_titles_desc":"","_seopress_robots_index":"","_uag_custom_page_level_css":"","site-sidebar-layout":"default","site-content-layout":"","ast-site-content-layout":"default","site-content-style":"default","site-sidebar-style":"default","ast-global-header-display":"","ast-banner-title-visibility":"","ast-main-header-display":"","ast-hfb-above-header-display":"","ast-hfb-below-header-display":"","ast-hfb-mobile-header-display":"","site-post-title":"","ast-breadcrumbs-content":"","ast-featured-img":"","footer-sml-layout":"","ast-disable-related-posts":"","theme-transparent-header-meta":"default","adv-header-id-meta":"","stick-header-meta":"default","header-above-stick-meta":"","header-main-stick-meta":"","header-below-stick-meta":"","astra-migrate-meta-layouts":"set","ast-page-background-enabled":"default","ast-page-background-meta":{"desktop":{"background-color":"","background-image":"","background-repeat":"repeat","background-position":"center center","background-size":"auto","background-attachment":"scroll","background-type":"","background-media":"","overlay-type":"","overlay-color":"","overlay-opacity":"","overlay-gradient":""},"tablet":{"background-color":"","background-image":"","background-repeat":"repeat","background-position":"center center","background-size":"auto","background-attachment":"scroll","background-type":"","background-media":"","overlay-type":"","overlay-color":"","overlay-opacity":"","overlay-gradient":""},"mobile":{"background-color":"","background-image":"","background-repeat":"repeat","background-position":"center center","background-size":"auto","background-attachment":"scroll","background-type":"","background-media":"","overlay-type":"","overlay-color":"","overlay-opacity":"","overlay-gradient":""}},"ast-content-background-meta":{"desktop":{"background-color":"var(--ast-global-color-5)","background-image":"","background-repeat":"repeat","background-position":"center center","background-size":"auto","background-attachment":"scroll","background-type":"","background-media":"","overlay-type":"","overlay-color":"","overlay-opacity":"","overlay-gradient":""},"tablet":{"background-color":"var(--ast-global-color-5)","background-image":"","background-repeat":"repeat","background-position":"center center","background-size":"auto","background-attachment":"scroll","background-type":"","background-media":"","overlay-type":"","overlay-color":"","overlay-opacity":"","overlay-gradient":""},"mobile":{"background-color":"var(--ast-global-color-5)","background-image":"","background-repeat":"repeat","background-position":"center center","background-size":"auto","background-attachment":"scroll","background-type":"","background-media":"","overlay-type":"","overlay-color":"","overlay-opacity":"","overlay-gradient":""}}},"product_brand":[],"product_cat":[57],"product_tag":[],"class_list":{"0":"post-3517","1":"product","2":"type-product","3":"status-publish","4":"has-post-thumbnail","6":"product_cat-fiberlaser","7":"desktop-align-left","8":"tablet-align-left","9":"mobile-align-left","10":"ast-product-gallery-layout-horizontal-slider","11":"ast-product-gallery-with-no-image","12":"ast-product-tabs-layout-horizontal","14":"first","15":"instock","16":"shipping-taxable","17":"product-type-simple"},"uagb_featured_image_src":{"full":["https:\/\/wisecnclaser.com\/wp-content\/uploads\/2025\/05\/de638098155b019b7b424a9b837caa96.jpg",800,800,false],"thumbnail":["https:\/\/wisecnclaser.com\/wp-content\/uploads\/2025\/05\/de638098155b019b7b424a9b837caa96-150x150.jpg",150,150,true],"medium":["https:\/\/wisecnclaser.com\/wp-content\/uploads\/2025\/05\/de638098155b019b7b424a9b837caa96-300x300.jpg",300,300,true],"medium_large":["https:\/\/wisecnclaser.com\/wp-content\/uploads\/2025\/05\/de638098155b019b7b424a9b837caa96-768x768.jpg",768,768,true],"large":["https:\/\/wisecnclaser.com\/wp-content\/uploads\/2025\/05\/de638098155b019b7b424a9b837caa96.jpg",800,800,false],"1536x1536":["https:\/\/wisecnclaser.com\/wp-content\/uploads\/2025\/05\/de638098155b019b7b424a9b837caa96.jpg",800,800,false],"2048x2048":["https:\/\/wisecnclaser.com\/wp-content\/uploads\/2025\/05\/de638098155b019b7b424a9b837caa96.jpg",800,800,false],"trp-custom-language-flag":["https:\/\/wisecnclaser.com\/wp-content\/uploads\/2025\/05\/de638098155b019b7b424a9b837caa96-12x12.jpg",12,12,true],"woocommerce_thumbnail":["https:\/\/wisecnclaser.com\/wp-content\/uploads\/2025\/05\/de638098155b019b7b424a9b837caa96-300x300.jpg",300,300,true],"woocommerce_single":["https:\/\/wisecnclaser.com\/wp-content\/uploads\/2025\/05\/de638098155b019b7b424a9b837caa96-600x600.jpg",600,600,true],"woocommerce_gallery_thumbnail":["https:\/\/wisecnclaser.com\/wp-content\/uploads\/2025\/05\/de638098155b019b7b424a9b837caa96-100x100.jpg",100,100,true]},"uagb_author_info":{"display_name":"jinxing6611@gmail.com","author_link":"https:\/\/wisecnclaser.com\/pt\/author\/"},"uagb_comment_info":0,"uagb_excerpt":"Description of integrated fiber laser marking machine: Application of advanced fiber module, high quality output beam, suitable for delicate marking, can control size, depth, and shape accurately. Small size and fast processing speed, low energy consumption, long service life, can engrave all kinds of metal and nonmetal materials.","_links":{"self":[{"href":"https:\/\/wisecnclaser.com\/pt\/wp-json\/wp\/v2\/product\/3517","targetHints":{"allow":["GET"]}}],"collection":[{"href":"https:\/\/wisecnclaser.com\/pt\/wp-json\/wp\/v2\/product"}],"about":[{"href":"https:\/\/wisecnclaser.com\/pt\/wp-json\/wp\/v2\/types\/product"}],"wp:featuredmedia":[{"embeddable":true,"href":"https:\/\/wisecnclaser.com\/pt\/wp-json\/wp\/v2\/media\/3520"}],"wp:attachment":[{"href":"https:\/\/wisecnclaser.com\/pt\/wp-json\/wp\/v2\/media?parent=3517"}],"wp:term":[{"taxonomy":"product_brand","embeddable":true,"href":"https:\/\/wisecnclaser.com\/pt\/wp-json\/wp\/v2\/product_brand?post=3517"},{"taxonomy":"product_cat","embeddable":true,"href":"https:\/\/wisecnclaser.com\/pt\/wp-json\/wp\/v2\/product_cat?post=3517"},{"taxonomy":"product_tag","embeddable":true,"href":"https:\/\/wisecnclaser.com\/pt\/wp-json\/wp\/v2\/product_tag?post=3517"}],"curies":[{"name":"wp","href":"https:\/\/api.w.org\/{rel}","templated":true}]}}