{"id":3529,"date":"2025-05-22T22:53:30","date_gmt":"2025-05-22T22:53:30","guid":{"rendered":"https:\/\/wisecnclaser.com\/?post_type=product&#038;p=3529"},"modified":"2025-05-22T22:53:30","modified_gmt":"2025-05-22T22:53:30","slug":"professional-metal-tube-fiber-laser-cutting-machine","status":"publish","type":"product","link":"https:\/\/wisecnclaser.com\/pt\/produto\/professional-metal-tube-fiber-laser-cutting-machine\/","title":{"rendered":"M\u00e1quina de corte a laser de fibra de tubo de metal profissional"},"content":{"rendered":"<p>A FB6016T \u00e9 uma m\u00e1quina de corte de tubos a laser econ\u00f3mica e pr\u00e1tica, em combina\u00e7\u00e3o com a procura do mercado e visando os utilizadores finais do processamento de tubos em lote. Este tipo de m\u00e1quina tem um desempenho de alto custo. A m\u00e1quina de 6m pode cortar 6,5m no m\u00e1ximo, e o material da cauda \u00e9 de 90mm no m\u00ednimo. \u00c9 a escolha ideal para empresas de processamento de tubos. A m\u00e1quina, desde a sele\u00e7\u00e3o da configura\u00e7\u00e3o ao processo de montagem, \u00e0 forma\u00e7\u00e3o posterior e ao servi\u00e7o p\u00f3s-venda, para criar verdadeiramente uma m\u00e1quina de corte de tubos a laser que os clientes possam pagar!<\/p>\n<p><strong>Materiais e ind\u00fastria aplic\u00e1veis:<\/strong><\/p>\n<p>Adequado para o corte preciso de a\u00e7o inoxid\u00e1vel, a\u00e7o carbono e alguns outros materiais met\u00e1licos, aplic\u00e1vel \u00e0 tecnologia aeroespacial, foguet\u00f5es, avi\u00f5es, rob\u00f4s, elevadores, navios a vapor e fabrico de autom\u00f3veis e ind\u00fastria de processamento de pe\u00e7as met\u00e1licas para chapas met\u00e1licas, publicidade, utens\u00edlios de cozinha, ferramentas de broca, ferragens, etc.<\/p>\n<table border=\"1\" width=\"662\">\n<tbody>\n<tr class=\"firstRow\">\n<td colspan=\"2\" valign=\"center\" width=\"662\"><strong>Descri\u00e7\u00e3o e especifica\u00e7\u00f5es da M\u00e1quina de corte de tubo met\u00e1lico a laser de fibra:<\/strong><\/td>\n<\/tr>\n<tr>\n<td valign=\"top\" width=\"224\">Modelo<\/td>\n<td valign=\"top\" width=\"438\">FB6016T<\/td>\n<\/tr>\n<tr>\n<td valign=\"center\" width=\"224\">Tamanho de trabalho<\/td>\n<td valign=\"center\" width=\"438\">Tubo redondo \u03c620-\u03c6160, comprimento lateral do tubo quadrado \u2264 100<\/p>\n<p>Comprimento lateral do tubo quadrado \u2264 100, comprimento do tubo \u2264 6000<\/td>\n<\/tr>\n<tr>\n<td valign=\"center\" width=\"224\">Dimens\u00e3o de trabalho do eixo X<\/td>\n<td valign=\"center\" width=\"438\">160 mm<\/td>\n<\/tr>\n<tr>\n<td valign=\"center\" width=\"224\">Dimens\u00e3o de trabalho do eixo Y<\/td>\n<td valign=\"center\" width=\"438\">6000mm<\/td>\n<\/tr>\n<tr>\n<td valign=\"center\" width=\"224\">Dimens\u00e3o de trabalho do eixo Z<\/td>\n<td valign=\"center\" width=\"438\">120 mm<\/td>\n<\/tr>\n<tr>\n<td valign=\"center\" width=\"224\">Precis\u00e3o de reposicionamento<\/td>\n<td valign=\"center\" width=\"438\">+\/0,03mm<\/td>\n<\/tr>\n<tr>\n<td valign=\"center\" width=\"224\">Precis\u00e3o de posicionamento<\/td>\n<td valign=\"center\" width=\"438\">+\/-0,05mm<\/td>\n<\/tr>\n<tr>\n<td valign=\"center\" width=\"224\">Acelera\u00e7\u00e3o<\/td>\n<td valign=\"center\" width=\"438\">1GB m\/s\u00b2<\/td>\n<\/tr>\n<tr>\n<td valign=\"center\" width=\"224\">Eixo X Y Velocidade m\u00e1xima de desloca\u00e7\u00e3o<\/td>\n<td valign=\"center\" width=\"438\">70 m\/min<\/td>\n<\/tr>\n<tr>\n<td valign=\"center\" width=\"224\">Velocidade m\u00e1xima do mandril<\/td>\n<td valign=\"center\" width=\"438\">100 r\/min<\/td>\n<\/tr>\n<tr>\n<td valign=\"center\" width=\"224\">Comprimento do material da cauda<\/td>\n<td valign=\"center\" width=\"438\">\u226590mm \uff08ligeiramente diferente de acordo com o tubo espec\u00edfico)\uff09<\/td>\n<\/tr>\n<tr>\n<td valign=\"center\" width=\"224\">Tamanho total da m\u00e1quina<\/td>\n<td valign=\"center\" width=\"438\">8900\u00d71350\u00d71750mm mm<\/td>\n<\/tr>\n<tr>\n<td valign=\"center\" width=\"224\">Pot\u00eancia laser<\/td>\n<td valign=\"center\" width=\"438\">1kw 1.5kw 2kw 3kw 4kw 6kw<\/td>\n<\/tr>\n<tr>\n<td valign=\"center\" width=\"224\">Sistema de controlo<\/td>\n<td valign=\"center\" width=\"438\">Cyptube<\/td>\n<\/tr>\n<tr>\n<td valign=\"center\" width=\"224\">Pot\u00eancia de toda a m\u00e1quina<\/td>\n<td valign=\"center\" width=\"438\">14kw<\/td>\n<\/tr>\n<tr>\n<td valign=\"center\" width=\"224\">Pot\u00eancia de funcionamento<\/td>\n<td valign=\"center\" width=\"438\">AC380V 3 fase 50HZ<\/td>\n<\/tr>\n<tr>\n<td valign=\"center\" width=\"224\">Garantia<\/td>\n<td valign=\"center\" width=\"438\">2 anos<\/td>\n<\/tr>\n<\/tbody>\n<\/table>\n<p><strong>Aplica\u00e7\u00e3o:<\/strong><\/p>\n<p>Pode cortar muitos tipos de chapas met\u00e1licas e tubos (pode ser utilizado o dispositivo de corte de tubos e o dispositivo de corte de tubos). \u00c9 principalmente adequado para o corte r\u00e1pido de a\u00e7o inoxid\u00e1vel, a\u00e7o carbono, a\u00e7o galvanizado, chapa electrol\u00edtica, chapa de lat\u00e3o, chapa de alum\u00ednio, a\u00e7o mangan\u00eas, v\u00e1rias chapas de liga, metais raros e outros materiais.<\/p>\n<p>A m\u00e1quina de corte a laser de fibra \u00f3tica com chapa e tubo integrados pode cortar chapa e tubo de metal. Poupa mais de 50% de espa\u00e7o e proporciona uma maior efici\u00eancia de produ\u00e7\u00e3o.<\/p>\n<p>&nbsp;<\/p>","protected":false},"excerpt":{"rendered":"<p>A FB6016T \u00e9 uma m\u00e1quina de corte de tubos a laser econ\u00f3mica e pr\u00e1tica, em combina\u00e7\u00e3o com a procura do mercado e visando os utilizadores finais do processamento de tubos em lote. Este tipo de m\u00e1quina tem um desempenho de alto custo. A m\u00e1quina de 6m pode cortar 6,5m no m\u00e1ximo, e o material da cauda \u00e9 de 90mm no m\u00ednimo. \u00c9 a escolha ideal para empresas de processamento de tubos. A m\u00e1quina, desde a sele\u00e7\u00e3o da configura\u00e7\u00e3o ao processo de montagem, \u00e0 forma\u00e7\u00e3o posterior e ao servi\u00e7o p\u00f3s-venda, para criar verdadeiramente uma m\u00e1quina de corte de tubos a laser que os clientes possam pagar!<\/p>","protected":false},"featured_media":3532,"template":"","meta":{"_seopress_robots_primary_cat":"","_seopress_titles_title":"","_seopress_titles_desc":"","_seopress_robots_index":"","_uag_custom_page_level_css":"","site-sidebar-layout":"default","site-content-layout":"","ast-site-content-layout":"default","site-content-style":"default","site-sidebar-style":"default","ast-global-header-display":"","ast-banner-title-visibility":"","ast-main-header-display":"","ast-hfb-above-header-display":"","ast-hfb-below-header-display":"","ast-hfb-mobile-header-display":"","site-post-title":"","ast-breadcrumbs-content":"","ast-featured-img":"","footer-sml-layout":"","ast-disable-related-posts":"","theme-transparent-header-meta":"default","adv-header-id-meta":"","stick-header-meta":"default","header-above-stick-meta":"","header-main-stick-meta":"","header-below-stick-meta":"","astra-migrate-meta-layouts":"set","ast-page-background-enabled":"default","ast-page-background-meta":{"desktop":{"background-color":"","background-image":"","background-repeat":"repeat","background-position":"center center","background-size":"auto","background-attachment":"scroll","background-type":"","background-media":"","overlay-type":"","overlay-color":"","overlay-opacity":"","overlay-gradient":""},"tablet":{"background-color":"","background-image":"","background-repeat":"repeat","background-position":"center center","background-size":"auto","background-attachment":"scroll","background-type":"","background-media":"","overlay-type":"","overlay-color":"","overlay-opacity":"","overlay-gradient":""},"mobile":{"background-color":"","background-image":"","background-repeat":"repeat","background-position":"center center","background-size":"auto","background-attachment":"scroll","background-type":"","background-media":"","overlay-type":"","overlay-color":"","overlay-opacity":"","overlay-gradient":""}},"ast-content-background-meta":{"desktop":{"background-color":"var(--ast-global-color-5)","background-image":"","background-repeat":"repeat","background-position":"center center","background-size":"auto","background-attachment":"scroll","background-type":"","background-media":"","overlay-type":"","overlay-color":"","overlay-opacity":"","overlay-gradient":""},"tablet":{"background-color":"var(--ast-global-color-5)","background-image":"","background-repeat":"repeat","background-position":"center center","background-size":"auto","background-attachment":"scroll","background-type":"","background-media":"","overlay-type":"","overlay-color":"","overlay-opacity":"","overlay-gradient":""},"mobile":{"background-color":"var(--ast-global-color-5)","background-image":"","background-repeat":"repeat","background-position":"center center","background-size":"auto","background-attachment":"scroll","background-type":"","background-media":"","overlay-type":"","overlay-color":"","overlay-opacity":"","overlay-gradient":""}}},"product_brand":[],"product_cat":[57],"product_tag":[],"class_list":{"0":"post-3529","1":"product","2":"type-product","3":"status-publish","4":"has-post-thumbnail","6":"product_cat-fiberlaser","7":"desktop-align-left","8":"tablet-align-left","9":"mobile-align-left","10":"ast-product-gallery-layout-horizontal-slider","11":"ast-product-gallery-with-no-image","12":"ast-product-tabs-layout-horizontal","14":"first","15":"instock","16":"shipping-taxable","17":"product-type-simple"},"uagb_featured_image_src":{"full":["https:\/\/wisecnclaser.com\/wp-content\/uploads\/2025\/05\/5562c8250b37843652e09f29cb34aaf2.jpg",800,800,false],"thumbnail":["https:\/\/wisecnclaser.com\/wp-content\/uploads\/2025\/05\/5562c8250b37843652e09f29cb34aaf2-150x150.jpg",150,150,true],"medium":["https:\/\/wisecnclaser.com\/wp-content\/uploads\/2025\/05\/5562c8250b37843652e09f29cb34aaf2-300x300.jpg",300,300,true],"medium_large":["https:\/\/wisecnclaser.com\/wp-content\/uploads\/2025\/05\/5562c8250b37843652e09f29cb34aaf2-768x768.jpg",768,768,true],"large":["https:\/\/wisecnclaser.com\/wp-content\/uploads\/2025\/05\/5562c8250b37843652e09f29cb34aaf2.jpg",800,800,false],"1536x1536":["https:\/\/wisecnclaser.com\/wp-content\/uploads\/2025\/05\/5562c8250b37843652e09f29cb34aaf2.jpg",800,800,false],"2048x2048":["https:\/\/wisecnclaser.com\/wp-content\/uploads\/2025\/05\/5562c8250b37843652e09f29cb34aaf2.jpg",800,800,false],"trp-custom-language-flag":["https:\/\/wisecnclaser.com\/wp-content\/uploads\/2025\/05\/5562c8250b37843652e09f29cb34aaf2-12x12.jpg",12,12,true],"woocommerce_thumbnail":["https:\/\/wisecnclaser.com\/wp-content\/uploads\/2025\/05\/5562c8250b37843652e09f29cb34aaf2-300x300.jpg",300,300,true],"woocommerce_single":["https:\/\/wisecnclaser.com\/wp-content\/uploads\/2025\/05\/5562c8250b37843652e09f29cb34aaf2-600x600.jpg",600,600,true],"woocommerce_gallery_thumbnail":["https:\/\/wisecnclaser.com\/wp-content\/uploads\/2025\/05\/5562c8250b37843652e09f29cb34aaf2-100x100.jpg",100,100,true]},"uagb_author_info":{"display_name":"jinxing6611@gmail.com","author_link":"https:\/\/wisecnclaser.com\/pt\/author\/"},"uagb_comment_info":0,"uagb_excerpt":"FB6016T is an economical and practical laser pipe cutting machine in combination with the market demand and aiming at the end users of batch pipe processing. This type of machine has high cost performance. The 6m machine can cut 6.5m at most, and the tail material is 90mm at least. It is an ideal choice&hellip;","_links":{"self":[{"href":"https:\/\/wisecnclaser.com\/pt\/wp-json\/wp\/v2\/product\/3529","targetHints":{"allow":["GET"]}}],"collection":[{"href":"https:\/\/wisecnclaser.com\/pt\/wp-json\/wp\/v2\/product"}],"about":[{"href":"https:\/\/wisecnclaser.com\/pt\/wp-json\/wp\/v2\/types\/product"}],"wp:featuredmedia":[{"embeddable":true,"href":"https:\/\/wisecnclaser.com\/pt\/wp-json\/wp\/v2\/media\/3532"}],"wp:attachment":[{"href":"https:\/\/wisecnclaser.com\/pt\/wp-json\/wp\/v2\/media?parent=3529"}],"wp:term":[{"taxonomy":"product_brand","embeddable":true,"href":"https:\/\/wisecnclaser.com\/pt\/wp-json\/wp\/v2\/product_brand?post=3529"},{"taxonomy":"product_cat","embeddable":true,"href":"https:\/\/wisecnclaser.com\/pt\/wp-json\/wp\/v2\/product_cat?post=3529"},{"taxonomy":"product_tag","embeddable":true,"href":"https:\/\/wisecnclaser.com\/pt\/wp-json\/wp\/v2\/product_tag?post=3529"}],"curies":[{"name":"wp","href":"https:\/\/api.w.org\/{rel}","templated":true}]}}