{"id":3549,"date":"2025-05-22T23:04:11","date_gmt":"2025-05-22T23:04:11","guid":{"rendered":"https:\/\/wisecnclaser.com\/?post_type=product&#038;p=3549"},"modified":"2025-05-22T23:04:11","modified_gmt":"2025-05-22T23:04:11","slug":"four-heads-atc-nesting-cnc-router","status":"publish","type":"product","link":"https:\/\/wisecnclaser.com\/pt\/produto\/four-heads-atc-nesting-cnc-router\/","title":{"rendered":"Router CNC de quatro cabe\u00e7as ATC Nesting"},"content":{"rendered":"<p>A m\u00e1quina router cnc de corte de madeira de quatro cabe\u00e7as \u00e9 adequada para: mobili\u00e1rio de painel, guarda-roupa de arm\u00e1rio, mobili\u00e1rio de escrit\u00f3rio, mobili\u00e1rio personalizado. Arm\u00e1rios de guarda-roupa, mesas de computador, alto-falantes de madeira, utens\u00edlios de cozinha de madeira e outros m\u00f3veis de placa de corte plano, fresagem, chanfro, perfura\u00e7\u00e3o, escultura e outros processos auxiliares, etc.<\/p>\n<p>A m\u00e1quina router cnc de agrupamento de quatro cabe\u00e7as \u00e9 uma m\u00e1quina de corte de madeira que pode mudar ativamente as ferramentas automaticamente. Quatro fusos s\u00e3o instalados lado a lado no p\u00f3rtico da m\u00e1quina, a velocidade de troca de ferramentas \u00e9 r\u00e1pida e a troca de ferramentas pode ser conclu\u00edda em 8 segundos. A m\u00e1quina de corte de guarda-roupa de quatro processos (m\u00e1quina de corte de arm\u00e1rio) \u00e9 um equipamento de dupla finalidade. Pode ser um router cnc para m\u00f3veis personalizados, e tamb\u00e9m pode ser um router cnc para escultura e fresagem de portas de arm\u00e1rios.<\/p>\n<p>O pre\u00e7o da m\u00e1quina de corte de madeira cnc de quatro cabe\u00e7as \u00e9 relativamente econ\u00f3mico em compara\u00e7\u00e3o com outros modelos, e \u00e9 uma escolha muito boa para algumas pequenas e m\u00e9dias empresas de mobili\u00e1rio de painel que t\u00eam um pequeno volume de produ\u00e7\u00e3o.<\/p>\n<p>&nbsp;<\/p>\n<table border=\"1\">\n<tbody>\n<tr class=\"firstRow\">\n<td colspan=\"2\" valign=\"center\" width=\"662\"><strong>Descri\u00e7\u00e3o e especifica\u00e7\u00f5es<\/strong><strong>\u00a0de quatro cabe\u00e7as de troca de ferramentas pneum\u00e1ticas CNC Router\u00a0<\/strong><strong>:<\/strong><\/td>\n<\/tr>\n<tr>\n<td valign=\"top\" width=\"259\">X \u00c1rea de trabalho<\/td>\n<td valign=\"top\" width=\"403\">1300mm<\/td>\n<\/tr>\n<tr>\n<td valign=\"top\" width=\"259\">Y \u00c1rea de trabalho<\/td>\n<td valign=\"top\" width=\"403\">2500 mm<\/td>\n<\/tr>\n<tr>\n<td valign=\"top\" width=\"259\">Z \u00c1rea de trabalho<\/td>\n<td valign=\"top\" width=\"403\">200 mm<\/td>\n<\/tr>\n<tr>\n<td valign=\"top\" width=\"259\">Mesa da m\u00e1quina<\/td>\n<td valign=\"top\" width=\"403\">Mesa de v\u00e1cuo<\/td>\n<\/tr>\n<tr>\n<td valign=\"top\" width=\"259\">Precis\u00e3o do posicionamento em viagem<\/td>\n<td valign=\"top\" width=\"403\">\u00b10,05mm<\/td>\n<\/tr>\n<tr>\n<td valign=\"top\" width=\"259\">Reposicionamento Precis\u00e3o do posicionamento<\/td>\n<td valign=\"top\" width=\"403\">\u00b10,05mm<\/td>\n<\/tr>\n<tr>\n<td valign=\"top\" width=\"259\">X,Y ,Z Estrutura<\/td>\n<td valign=\"top\" width=\"403\">Roda dentada XY, fuso de esferas Z. Todos os eixos utilizam a guia quadrada da marca Taiwan TBI<\/td>\n<\/tr>\n<tr>\n<td valign=\"top\" width=\"259\">Velocidade m\u00e1x. Velocidade de trabalho<\/td>\n<td valign=\"top\" width=\"403\">25000mm\/min<\/td>\n<\/tr>\n<tr>\n<td valign=\"top\" width=\"259\">Fuso<\/td>\n<td valign=\"top\" width=\"403\">Eixo de arrefecimento a ar de 4,5KW * 2+ eixo de arrefecimento a ar de 6kw *2<\/td>\n<\/tr>\n<tr>\n<td valign=\"top\" width=\"259\">Velocidade do fuso<\/td>\n<td valign=\"top\" width=\"403\">0-18000rpm<\/td>\n<\/tr>\n<tr>\n<td valign=\"top\" width=\"259\">Motor de acionamento<\/td>\n<td valign=\"top\" width=\"403\">Servo condutor e motor chineses<\/td>\n<\/tr>\n<tr>\n<td valign=\"top\" width=\"259\">Comando<\/td>\n<td valign=\"top\" width=\"403\">C\u00f3digo G*.u00*.mmg*.plt<\/td>\n<\/tr>\n<tr>\n<td valign=\"top\" width=\"259\">Tens\u00e3o de funcionamento<\/td>\n<td valign=\"top\" width=\"403\">3PH AC380V\/50Hz<\/td>\n<\/tr>\n<tr>\n<td valign=\"top\" width=\"259\">Sistema de controlo<\/td>\n<td valign=\"top\" width=\"403\">Sistema de controlo de Taiwan ou Xangai<\/td>\n<\/tr>\n<tr>\n<td valign=\"top\" width=\"259\">Carril de guia<\/td>\n<td valign=\"top\" width=\"403\">Taiwan Calha quadrada 25 tamanho<\/td>\n<\/tr>\n<tr>\n<td valign=\"top\" width=\"259\">Arm\u00e1rio de controlo<\/td>\n<td valign=\"top\" width=\"403\">Gabinete independente<\/td>\n<\/tr>\n<tr>\n<td rowspan=\"6\" valign=\"center\" width=\"259\">Dispositivo auxiliar<\/td>\n<td valign=\"top\" width=\"403\">Sensor de ferramentas<\/td>\n<\/tr>\n<tr>\n<td valign=\"top\" width=\"403\">Coletor de p\u00f3 de 5,5KW<\/td>\n<\/tr>\n<tr>\n<td valign=\"top\" width=\"403\">Pinos de abertura - dispositivo de posicionamento do cilindro<\/td>\n<\/tr>\n<tr>\n<td valign=\"top\" width=\"403\">Bomba de v\u00e1cuo de tipo \u00e1gua de 7,5KW<\/td>\n<\/tr>\n<tr>\n<td valign=\"top\" width=\"403\">Dispositivo de alimenta\u00e7\u00e3o de material<\/td>\n<\/tr>\n<tr>\n<td valign=\"top\" width=\"403\">Roda de aperto para prensar o material<\/td>\n<\/tr>\n<\/tbody>\n<\/table>","protected":false},"excerpt":{"rendered":"<p>A m\u00e1quina router cnc de corte de madeira de quatro cabe\u00e7as \u00e9 adequada para: mobili\u00e1rio de painel, guarda-roupa de arm\u00e1rio, mobili\u00e1rio de escrit\u00f3rio, mobili\u00e1rio personalizado. Arm\u00e1rios de guarda-roupa, mesas de computador, alto-falantes de madeira, utens\u00edlios de cozinha de madeira e outros m\u00f3veis de placa de corte plano, fresagem, chanfro, perfura\u00e7\u00e3o, escultura e outros processos auxiliares, etc.<\/p>\n<p>Four heads nesting cnc router machine is a wood cutting machine that can actively change tools automatically. Four spindles are installed side by side on machine gantry, The tool change speed is fast, and the tool change can be completed in 8 seconds. The four-process wardrobe cutting machine (cabinet cutting machine) is a dual-purpose equipment. It can be nesting cnc router for custom furniture, and it can also be a cnc router for cabinet door carving and milling.<\/p>\n<p>O pre\u00e7o da m\u00e1quina de corte de madeira cnc de quatro cabe\u00e7as \u00e9 relativamente econ\u00f3mico em compara\u00e7\u00e3o com outros modelos, e \u00e9 uma escolha muito boa para algumas pequenas e m\u00e9dias empresas de mobili\u00e1rio de painel que t\u00eam um pequeno volume de produ\u00e7\u00e3o.<\/p>","protected":false},"featured_media":3552,"template":"","meta":{"_seopress_robots_primary_cat":"","_seopress_titles_title":"","_seopress_titles_desc":"","_seopress_robots_index":"","_uag_custom_page_level_css":"","site-sidebar-layout":"default","site-content-layout":"","ast-site-content-layout":"default","site-content-style":"default","site-sidebar-style":"default","ast-global-header-display":"","ast-banner-title-visibility":"","ast-main-header-display":"","ast-hfb-above-header-display":"","ast-hfb-below-header-display":"","ast-hfb-mobile-header-display":"","site-post-title":"","ast-breadcrumbs-content":"","ast-featured-img":"","footer-sml-layout":"","ast-disable-related-posts":"","theme-transparent-header-meta":"default","adv-header-id-meta":"","stick-header-meta":"default","header-above-stick-meta":"","header-main-stick-meta":"","header-below-stick-meta":"","astra-migrate-meta-layouts":"set","ast-page-background-enabled":"default","ast-page-background-meta":{"desktop":{"background-color":"","background-image":"","background-repeat":"repeat","background-position":"center center","background-size":"auto","background-attachment":"scroll","background-type":"","background-media":"","overlay-type":"","overlay-color":"","overlay-opacity":"","overlay-gradient":""},"tablet":{"background-color":"","background-image":"","background-repeat":"repeat","background-position":"center center","background-size":"auto","background-attachment":"scroll","background-type":"","background-media":"","overlay-type":"","overlay-color":"","overlay-opacity":"","overlay-gradient":""},"mobile":{"background-color":"","background-image":"","background-repeat":"repeat","background-position":"center center","background-size":"auto","background-attachment":"scroll","background-type":"","background-media":"","overlay-type":"","overlay-color":"","overlay-opacity":"","overlay-gradient":""}},"ast-content-background-meta":{"desktop":{"background-color":"var(--ast-global-color-5)","background-image":"","background-repeat":"repeat","background-position":"center center","background-size":"auto","background-attachment":"scroll","background-type":"","background-media":"","overlay-type":"","overlay-color":"","overlay-opacity":"","overlay-gradient":""},"tablet":{"background-color":"var(--ast-global-color-5)","background-image":"","background-repeat":"repeat","background-position":"center center","background-size":"auto","background-attachment":"scroll","background-type":"","background-media":"","overlay-type":"","overlay-color":"","overlay-opacity":"","overlay-gradient":""},"mobile":{"background-color":"var(--ast-global-color-5)","background-image":"","background-repeat":"repeat","background-position":"center center","background-size":"auto","background-attachment":"scroll","background-type":"","background-media":"","overlay-type":"","overlay-color":"","overlay-opacity":"","overlay-gradient":""}}},"product_brand":[],"product_cat":[34],"product_tag":[],"class_list":{"0":"post-3549","1":"product","2":"type-product","3":"status-publish","4":"has-post-thumbnail","6":"product_cat-nesting","7":"desktop-align-left","8":"tablet-align-left","9":"mobile-align-left","10":"ast-product-gallery-layout-horizontal-slider","11":"ast-product-tabs-layout-horizontal","13":"first","14":"instock","15":"shipping-taxable","16":"product-type-simple"},"uagb_featured_image_src":{"full":["https:\/\/wisecnclaser.com\/wp-content\/uploads\/2025\/05\/dc9666ec36de9e9f1d816c309fb0cbe1.jpg",800,800,false],"thumbnail":["https:\/\/wisecnclaser.com\/wp-content\/uploads\/2025\/05\/dc9666ec36de9e9f1d816c309fb0cbe1-150x150.jpg",150,150,true],"medium":["https:\/\/wisecnclaser.com\/wp-content\/uploads\/2025\/05\/dc9666ec36de9e9f1d816c309fb0cbe1-300x300.jpg",300,300,true],"medium_large":["https:\/\/wisecnclaser.com\/wp-content\/uploads\/2025\/05\/dc9666ec36de9e9f1d816c309fb0cbe1-768x768.jpg",768,768,true],"large":["https:\/\/wisecnclaser.com\/wp-content\/uploads\/2025\/05\/dc9666ec36de9e9f1d816c309fb0cbe1.jpg",800,800,false],"1536x1536":["https:\/\/wisecnclaser.com\/wp-content\/uploads\/2025\/05\/dc9666ec36de9e9f1d816c309fb0cbe1.jpg",800,800,false],"2048x2048":["https:\/\/wisecnclaser.com\/wp-content\/uploads\/2025\/05\/dc9666ec36de9e9f1d816c309fb0cbe1.jpg",800,800,false],"trp-custom-language-flag":["https:\/\/wisecnclaser.com\/wp-content\/uploads\/2025\/05\/dc9666ec36de9e9f1d816c309fb0cbe1-12x12.jpg",12,12,true],"woocommerce_thumbnail":["https:\/\/wisecnclaser.com\/wp-content\/uploads\/2025\/05\/dc9666ec36de9e9f1d816c309fb0cbe1-300x300.jpg",300,300,true],"woocommerce_single":["https:\/\/wisecnclaser.com\/wp-content\/uploads\/2025\/05\/dc9666ec36de9e9f1d816c309fb0cbe1-600x600.jpg",600,600,true],"woocommerce_gallery_thumbnail":["https:\/\/wisecnclaser.com\/wp-content\/uploads\/2025\/05\/dc9666ec36de9e9f1d816c309fb0cbe1-100x100.jpg",100,100,true]},"uagb_author_info":{"display_name":"jinxing6611@gmail.com","author_link":"https:\/\/wisecnclaser.com\/pt\/author\/"},"uagb_comment_info":0,"uagb_excerpt":"The four heads wood cutting cnc router machine is suitable for: panel furniture, cabinet wardrobe, office furniture, custom furniture. Wardrobe cabinets, computer desks, wooden speakers, wooden kitchen utensils and other board furniture plane cutting, milling, beveling, punching, carving and other auxiliary processing, etc. Four heads nesting cnc router machine is a wood cutting machine that&hellip;","_links":{"self":[{"href":"https:\/\/wisecnclaser.com\/pt\/wp-json\/wp\/v2\/product\/3549","targetHints":{"allow":["GET"]}}],"collection":[{"href":"https:\/\/wisecnclaser.com\/pt\/wp-json\/wp\/v2\/product"}],"about":[{"href":"https:\/\/wisecnclaser.com\/pt\/wp-json\/wp\/v2\/types\/product"}],"wp:featuredmedia":[{"embeddable":true,"href":"https:\/\/wisecnclaser.com\/pt\/wp-json\/wp\/v2\/media\/3552"}],"wp:attachment":[{"href":"https:\/\/wisecnclaser.com\/pt\/wp-json\/wp\/v2\/media?parent=3549"}],"wp:term":[{"taxonomy":"product_brand","embeddable":true,"href":"https:\/\/wisecnclaser.com\/pt\/wp-json\/wp\/v2\/product_brand?post=3549"},{"taxonomy":"product_cat","embeddable":true,"href":"https:\/\/wisecnclaser.com\/pt\/wp-json\/wp\/v2\/product_cat?post=3549"},{"taxonomy":"product_tag","embeddable":true,"href":"https:\/\/wisecnclaser.com\/pt\/wp-json\/wp\/v2\/product_tag?post=3549"}],"curies":[{"name":"wp","href":"https:\/\/api.w.org\/{rel}","templated":true}]}}